{"id":130323,"date":"2023-06-30T00:00:02","date_gmt":"2023-06-30T00:00:02","guid":{"rendered":"https:\/\/www.iplay.com\/games\/12-labours-of-hercules-15-little-big-adventure-ce\/"},"modified":"2023-06-30T00:00:02","modified_gmt":"2023-06-30T00:00:02","slug":"12-labours-of-hercules-15-little-big-adventure-ce","status":"publish","type":"product","link":"https:\/\/www.iplay.com\/es\/games\/12-labours-of-hercules-15-little-big-adventure-ce\/","title":{"rendered":"12 Labours of Hercules 15: Little Big Adventure CE"},"content":{"rendered":"<p>H\u00e9rcules estaba durmiendo tranquilamente en un barco cuando un viento en calma se transform\u00f3 en una tormenta. El barco del h\u00e9roe fue hecho pedazos y arrojado a tierras desconocidas. Mientras H\u00e9rcules estaba inconsciente, un peque\u00f1o grupo de personas se reuni\u00f3 a su alrededor y&#8230; \u00a1Decidi\u00f3 atar al semidi\u00f3s! Los liliputienses confundieron a H\u00e9rcules con un adversario de Laput, una m\u00edstica isla flotante que protege sus territorios del calor y la lluvia. El h\u00e9roe entonces jura descubrir el enigma de la isla del cielo y salvar a sus peque\u00f1os nuevos amigos. \u00bfCreer\u00e1 el gobernante liliputiense a un enorme extra\u00f1o lo suficiente como para liberarlo? En cualquier caso, H\u00e9rcules luchar\u00e1 por su libertad y justicia. H\u00e9rcules y t\u00fa viajar\u00e9is a trav\u00e9s de regiones peque\u00f1as y grandes, construir\u00e9is equipos extra\u00f1os, volar\u00e9is a los cielos, combatir\u00e9is a los piratas del cielo y os encontrar\u00e9is con una gran variedad de escenarios sorprendentes. \u00a1Ahora es el momento de emprender este emocionante viaje adimensional!        <\/p>\n<p>&nbsp;<\/p>\n<p>&nbsp;<\/p>\n<p><strong>  Funciones:<\/strong><\/p>\n<p>&nbsp;<\/p>\n<p>&#8211; \u00a1Acompa\u00f1a a H\u00e9rcules con un nuevo ajuste de velocidad de juego!<\/p>\n<p>&#8211; \u00a1Explora subniveles, niveles de bonificaci\u00f3n, niveles de s\u00faper bonificaci\u00f3n y niveles de s\u00faper bonificaci\u00f3n adicionales!<\/p>\n<p>&#8211; \u00a1\u00danete a la investigaci\u00f3n marina con impresionantes gr\u00e1ficos Full HD!<\/p>\n<p>&nbsp;<\/p>\n<p>&nbsp;<\/p>\n<p><strong>  Caracter\u00edsticas de la Edici\u00f3n de Coleccionista:<\/strong><\/p>\n<p>&nbsp;<\/p>\n<p>&#8211; Gu\u00eda interactiva<\/p>\n<p>-Wallpapers<\/p>\n<p>&#8211; Niveles de bonificaci\u00f3n adicionales<\/p>\n<p>&#8211; H\u00e9rcules bajo el agua<\/p>\n","protected":false},"excerpt":{"rendered":"<p>\u00a1Ayuda a H\u00e9rcules a escapar y defender la tierra natal de los liliputienses de la sombra del cielo!<\/p>\n","protected":false},"author":14,"featured_media":72920,"comment_status":"open","ping_status":"closed","template":"","meta":{"_acf_changed":false,"inline_featured_image":false},"product_brand":[],"product_cat":[212],"product_tag":[230,288],"class_list":{"0":"post-130323","1":"product","2":"type-product","3":"status-publish","4":"has-post-thumbnail","6":"product_cat-time-management-es","7":"product_tag-12-labours-of-hercules-series-es","8":"product_tag-play-on-pc-es","10":"first","11":"instock","12":"shipping-taxable","13":"purchasable","14":"product-type-simple"},"acf":[],"yoast_head":"<!-- This site is optimized with the Yoast SEO Premium plugin v25.2 (Yoast SEO v25.2) - https:\/\/yoast.com\/wordpress\/plugins\/seo\/ -->\n<title>12 Trabajos de H\u00e9rcules 15: Little Big Adventure CE - Ayuda a H\u00e9rcules a liberarse y salvar la patria de los liliputienses<\/title>\n<meta name=\"description\" content=\"\u00a1Ayuda a H\u00e9rcules a escapar y defender la tierra natal de los liliputienses de la sombra del cielo!\" \/>\n<meta name=\"robots\" content=\"index, follow, max-snippet:-1, max-image-preview:large, max-video-preview:-1\" \/>\n<link rel=\"canonical\" href=\"https:\/\/www.iplay.com\/es\/games\/12-labours-of-hercules-15-little-big-adventure-ce\/\" \/>\n<meta property=\"og:locale\" content=\"es_ES\" \/>\n<meta property=\"og:type\" content=\"article\" \/>\n<meta property=\"og:title\" content=\"12 Labours of Hercules 15: Little Big Adventure CE\" \/>\n<meta property=\"og:description\" content=\"\u00a1Ayuda a H\u00e9rcules a escapar y defender la tierra natal de los liliputienses de la sombra del cielo!\" \/>\n<meta property=\"og:url\" content=\"https:\/\/www.iplay.com\/es\/games\/12-labours-of-hercules-15-little-big-adventure-ce\/\" \/>\n<meta property=\"og:site_name\" content=\"IPlay\" \/>\n<meta property=\"og:image\" content=\"https:\/\/www.iplay.com\/wp-content\/uploads\/2023\/12\/large_square_tile_image-2049.jpg\" \/>\n\t<meta property=\"og:image:width\" content=\"310\" \/>\n\t<meta property=\"og:image:height\" content=\"310\" \/>\n\t<meta property=\"og:image:type\" content=\"image\/jpeg\" \/>\n<meta name=\"twitter:card\" content=\"summary_large_image\" \/>\n<meta name=\"twitter:label1\" content=\"Est. reading time\" \/>\n\t<meta name=\"twitter:data1\" content=\"1 minuto\" \/>\n<script type=\"application\/ld+json\" class=\"yoast-schema-graph\">{\"@context\":\"https:\/\/schema.org\",\"@graph\":[{\"@type\":\"WebPage\",\"@id\":\"https:\/\/www.iplay.com\/es\/games\/12-labours-of-hercules-15-little-big-adventure-ce\/\",\"url\":\"https:\/\/www.iplay.com\/es\/games\/12-labours-of-hercules-15-little-big-adventure-ce\/\",\"name\":\"12 Trabajos de H\u00e9rcules 15: Little Big Adventure CE - Ayuda a H\u00e9rcules a liberarse y salvar la patria de los liliputienses\",\"isPartOf\":{\"@id\":\"https:\/\/www.iplay.com\/en\/#website\"},\"primaryImageOfPage\":{\"@id\":\"https:\/\/www.iplay.com\/es\/games\/12-labours-of-hercules-15-little-big-adventure-ce\/#primaryimage\"},\"image\":{\"@id\":\"https:\/\/www.iplay.com\/es\/games\/12-labours-of-hercules-15-little-big-adventure-ce\/#primaryimage\"},\"thumbnailUrl\":\"https:\/\/www.iplay.com\/wp-content\/uploads\/2023\/12\/large_square_tile_image-2049.jpg\",\"datePublished\":\"2023-06-30T00:00:02+00:00\",\"description\":\"\u00a1Ayuda a H\u00e9rcules a escapar y defender la tierra natal de los liliputienses de la sombra del cielo!\",\"breadcrumb\":{\"@id\":\"https:\/\/www.iplay.com\/es\/games\/12-labours-of-hercules-15-little-big-adventure-ce\/#breadcrumb\"},\"inLanguage\":\"es\",\"potentialAction\":[{\"@type\":\"ReadAction\",\"target\":[\"https:\/\/www.iplay.com\/es\/games\/12-labours-of-hercules-15-little-big-adventure-ce\/\"]}]},{\"@type\":\"ImageObject\",\"inLanguage\":\"es\",\"@id\":\"https:\/\/www.iplay.com\/es\/games\/12-labours-of-hercules-15-little-big-adventure-ce\/#primaryimage\",\"url\":\"https:\/\/www.iplay.com\/wp-content\/uploads\/2023\/12\/large_square_tile_image-2049.jpg\",\"contentUrl\":\"https:\/\/www.iplay.com\/wp-content\/uploads\/2023\/12\/large_square_tile_image-2049.jpg\",\"width\":310,\"height\":310},{\"@type\":\"BreadcrumbList\",\"@id\":\"https:\/\/www.iplay.com\/es\/games\/12-labours-of-hercules-15-little-big-adventure-ce\/#breadcrumb\",\"itemListElement\":[{\"@type\":\"ListItem\",\"position\":1,\"name\":\"Home\",\"item\":\"https:\/\/www.iplay.com\/es\/home-page-2\/\"},{\"@type\":\"ListItem\",\"position\":2,\"name\":\"Shop\",\"item\":\"https:\/\/www.iplay.com\/en\/shop\/\"},{\"@type\":\"ListItem\",\"position\":3,\"name\":\"12 Labours of Hercules 15: Little Big Adventure CE\"}]},{\"@type\":\"WebSite\",\"@id\":\"https:\/\/www.iplay.com\/en\/#website\",\"url\":\"https:\/\/www.iplay.com\/en\/\",\"name\":\"IPlay\",\"description\":\"The Best Casual Games!\",\"publisher\":{\"@id\":\"https:\/\/www.iplay.com\/en\/#organization\"},\"potentialAction\":[{\"@type\":\"SearchAction\",\"target\":{\"@type\":\"EntryPoint\",\"urlTemplate\":\"https:\/\/www.iplay.com\/en\/?s={search_term_string}\"},\"query-input\":{\"@type\":\"PropertyValueSpecification\",\"valueRequired\":true,\"valueName\":\"search_term_string\"}}],\"inLanguage\":\"es\"},{\"@type\":\"Organization\",\"@id\":\"https:\/\/www.iplay.com\/en\/#organization\",\"name\":\"IPlay\",\"url\":\"https:\/\/www.iplay.com\/en\/\",\"logo\":{\"@type\":\"ImageObject\",\"inLanguage\":\"es\",\"@id\":\"https:\/\/www.iplay.com\/en\/#\/schema\/logo\/image\/\",\"url\":\"https:\/\/www.iplay.com\/wp-content\/uploads\/2023\/11\/Group-6100.svg\",\"contentUrl\":\"https:\/\/www.iplay.com\/wp-content\/uploads\/2023\/11\/Group-6100.svg\",\"width\":98,\"height\":25,\"caption\":\"IPlay\"},\"image\":{\"@id\":\"https:\/\/www.iplay.com\/en\/#\/schema\/logo\/image\/\"}}]}<\/script>\n<!-- \/ Yoast SEO Premium plugin. -->","yoast_head_json":{"title":"12 Trabajos de H\u00e9rcules 15: Little Big Adventure CE - Ayuda a H\u00e9rcules a liberarse y salvar la patria de los liliputienses","description":"\u00a1Ayuda a H\u00e9rcules a escapar y defender la tierra natal de los liliputienses de la sombra del cielo!","robots":{"index":"index","follow":"follow","max-snippet":"max-snippet:-1","max-image-preview":"max-image-preview:large","max-video-preview":"max-video-preview:-1"},"canonical":"https:\/\/www.iplay.com\/es\/games\/12-labours-of-hercules-15-little-big-adventure-ce\/","og_locale":"es_ES","og_type":"article","og_title":"12 Labours of Hercules 15: Little Big Adventure CE","og_description":"\u00a1Ayuda a H\u00e9rcules a escapar y defender la tierra natal de los liliputienses de la sombra del cielo!","og_url":"https:\/\/www.iplay.com\/es\/games\/12-labours-of-hercules-15-little-big-adventure-ce\/","og_site_name":"IPlay","og_image":[{"width":310,"height":310,"url":"https:\/\/www.iplay.com\/wp-content\/uploads\/2023\/12\/large_square_tile_image-2049.jpg","type":"image\/jpeg"}],"twitter_card":"summary_large_image","twitter_misc":{"Est. reading time":"1 minuto"},"schema":{"@context":"https:\/\/schema.org","@graph":[{"@type":"WebPage","@id":"https:\/\/www.iplay.com\/es\/games\/12-labours-of-hercules-15-little-big-adventure-ce\/","url":"https:\/\/www.iplay.com\/es\/games\/12-labours-of-hercules-15-little-big-adventure-ce\/","name":"12 Trabajos de H\u00e9rcules 15: Little Big Adventure CE - Ayuda a H\u00e9rcules a liberarse y salvar la patria de los liliputienses","isPartOf":{"@id":"https:\/\/www.iplay.com\/en\/#website"},"primaryImageOfPage":{"@id":"https:\/\/www.iplay.com\/es\/games\/12-labours-of-hercules-15-little-big-adventure-ce\/#primaryimage"},"image":{"@id":"https:\/\/www.iplay.com\/es\/games\/12-labours-of-hercules-15-little-big-adventure-ce\/#primaryimage"},"thumbnailUrl":"https:\/\/www.iplay.com\/wp-content\/uploads\/2023\/12\/large_square_tile_image-2049.jpg","datePublished":"2023-06-30T00:00:02+00:00","description":"\u00a1Ayuda a H\u00e9rcules a escapar y defender la tierra natal de los liliputienses de la sombra del cielo!","breadcrumb":{"@id":"https:\/\/www.iplay.com\/es\/games\/12-labours-of-hercules-15-little-big-adventure-ce\/#breadcrumb"},"inLanguage":"es","potentialAction":[{"@type":"ReadAction","target":["https:\/\/www.iplay.com\/es\/games\/12-labours-of-hercules-15-little-big-adventure-ce\/"]}]},{"@type":"ImageObject","inLanguage":"es","@id":"https:\/\/www.iplay.com\/es\/games\/12-labours-of-hercules-15-little-big-adventure-ce\/#primaryimage","url":"https:\/\/www.iplay.com\/wp-content\/uploads\/2023\/12\/large_square_tile_image-2049.jpg","contentUrl":"https:\/\/www.iplay.com\/wp-content\/uploads\/2023\/12\/large_square_tile_image-2049.jpg","width":310,"height":310},{"@type":"BreadcrumbList","@id":"https:\/\/www.iplay.com\/es\/games\/12-labours-of-hercules-15-little-big-adventure-ce\/#breadcrumb","itemListElement":[{"@type":"ListItem","position":1,"name":"Home","item":"https:\/\/www.iplay.com\/es\/home-page-2\/"},{"@type":"ListItem","position":2,"name":"Shop","item":"https:\/\/www.iplay.com\/en\/shop\/"},{"@type":"ListItem","position":3,"name":"12 Labours of Hercules 15: Little Big Adventure CE"}]},{"@type":"WebSite","@id":"https:\/\/www.iplay.com\/en\/#website","url":"https:\/\/www.iplay.com\/en\/","name":"IPlay","description":"The Best Casual Games!","publisher":{"@id":"https:\/\/www.iplay.com\/en\/#organization"},"potentialAction":[{"@type":"SearchAction","target":{"@type":"EntryPoint","urlTemplate":"https:\/\/www.iplay.com\/en\/?s={search_term_string}"},"query-input":{"@type":"PropertyValueSpecification","valueRequired":true,"valueName":"search_term_string"}}],"inLanguage":"es"},{"@type":"Organization","@id":"https:\/\/www.iplay.com\/en\/#organization","name":"IPlay","url":"https:\/\/www.iplay.com\/en\/","logo":{"@type":"ImageObject","inLanguage":"es","@id":"https:\/\/www.iplay.com\/en\/#\/schema\/logo\/image\/","url":"https:\/\/www.iplay.com\/wp-content\/uploads\/2023\/11\/Group-6100.svg","contentUrl":"https:\/\/www.iplay.com\/wp-content\/uploads\/2023\/11\/Group-6100.svg","width":98,"height":25,"caption":"IPlay"},"image":{"@id":"https:\/\/www.iplay.com\/en\/#\/schema\/logo\/image\/"}}]}},"_links":{"self":[{"href":"https:\/\/www.iplay.com\/es\/wp-json\/wp\/v2\/product\/130323","targetHints":{"allow":["GET"]}}],"collection":[{"href":"https:\/\/www.iplay.com\/es\/wp-json\/wp\/v2\/product"}],"about":[{"href":"https:\/\/www.iplay.com\/es\/wp-json\/wp\/v2\/types\/product"}],"author":[{"embeddable":true,"href":"https:\/\/www.iplay.com\/es\/wp-json\/wp\/v2\/users\/14"}],"replies":[{"embeddable":true,"href":"https:\/\/www.iplay.com\/es\/wp-json\/wp\/v2\/comments?post=130323"}],"wp:featuredmedia":[{"embeddable":true,"href":"https:\/\/www.iplay.com\/es\/wp-json\/wp\/v2\/media\/72920"}],"wp:attachment":[{"href":"https:\/\/www.iplay.com\/es\/wp-json\/wp\/v2\/media?parent=130323"}],"wp:term":[{"taxonomy":"product_brand","embeddable":true,"href":"https:\/\/www.iplay.com\/es\/wp-json\/wp\/v2\/product_brand?post=130323"},{"taxonomy":"product_cat","embeddable":true,"href":"https:\/\/www.iplay.com\/es\/wp-json\/wp\/v2\/product_cat?post=130323"},{"taxonomy":"product_tag","embeddable":true,"href":"https:\/\/www.iplay.com\/es\/wp-json\/wp\/v2\/product_tag?post=130323"}],"curies":[{"name":"wp","href":"https:\/\/api.w.org\/{rel}","templated":true}]}}