{"id":130120,"date":"2024-07-03T09:00:39","date_gmt":"2024-07-03T09:00:39","guid":{"rendered":"https:\/\/www.iplay.com\/games\/city-of-stories-stephans-journey-collectors-edition\/"},"modified":"2024-07-03T09:00:39","modified_gmt":"2024-07-03T09:00:39","slug":"city-of-stories-stephans-journey-collectors-edition","status":"publish","type":"product","link":"https:\/\/www.iplay.com\/es\/games\/city-of-stories-stephans-journey-collectors-edition\/","title":{"rendered":"City of Stories: Stephan&#8217;s Journey Collector&#8217;s Edition"},"content":{"rendered":"<p>En la \u00e9poca de los Tudor, un joven llamado Stephan resid\u00eda en una peque\u00f1a granja familiar situada en la Inglaterra rural. La familia se vio agobiada por una serie de cosechas desafortunadas, que los dejaron en crisis financiera, con facturas e impuestos acumul\u00e1ndose en un grado peligroso. Enfrentado a estos desaf\u00edos, Stephan se vio obligado a tomar una decisi\u00f3n desgarradora. Tuvo que dejar atr\u00e1s a su querida familia y mudarse a la bulliciosa ciudad. All\u00ed, esperaba labrarse una carrera, establecerse un nombre y ganar suficiente dinero para rescatar la granja de su familia de la ruina.    <\/p>\n<p>La historia de Stephan se cuenta cap\u00edtulo a cap\u00edtulo, y el poder de dar forma a su destino est\u00e1 en tus manos. Cada decisi\u00f3n que tomes influye en el camino que tome, pero ten cuidado: no todas las personas que se encuentre en la ciudad tendr\u00e1n en cuenta sus mejores intereses. Afortunadamente, se le da la oportunidad de volver a visitar cap\u00edtulos anteriores y alterar el curso de los acontecimientos, ofreciendo la oportunidad de explorar diferentes rutas y resultados. \u00bfSe encontrar\u00e1 Stephan como guardia de seguridad, estibador, vendedor o en un papel completamente diferente? En este nuevo y cautivador juego de aventuras de rompecabezas de objetos ocultos impulsado por la narrativa, experimentar\u00e1s la emoci\u00f3n y la inquietud de un joven que se adentra en un mundo vasto y desconocido. Junto a esto, le espera la urgente tarea de salvar la granja familiar y acumular suficiente dinero para mejoras vitales.     <\/p>\n<p>&nbsp;<\/p>\n<p><strong>Caracter\u00edsticas de la Edici\u00f3n de Coleccionista:<\/strong><\/p>\n<ul>\n<li>Un cap\u00edtulo extra que sigue las aventuras de un hu\u00e9rfano.<\/li>\n<li>Una gu\u00eda de estrategia para ayudar a crear la mejor narrativa posible.<\/li>\n<li>Disfruta sin fin del juego de Match-3 volviendo a jugar tus minijuegos favoritos.<\/li>\n<li>Descubre cartas valiosas y recoge monedas para mejorar y mejorar la granja.<\/li>\n<li>Del\u00e9itate con el arte conceptual, la m\u00fasica, las pel\u00edculas y los fondos de pantalla \u00fanicos para enriquecer tu experiencia.<\/li>\n<\/ul>\n","protected":false},"excerpt":{"rendered":"<p>Ayuda al joven Stephan a salvar su granja mientras exploras la gran ciudad en <strong>City of Stories: Stephan&#8217;s Journey Collector&#8217;s Edition<\/strong><\/p>\n","protected":false},"author":17,"featured_media":113561,"comment_status":"open","ping_status":"closed","template":"","meta":{"_acf_changed":false,"inline_featured_image":false},"product_brand":[],"product_cat":[166],"product_tag":[288],"class_list":{"0":"post-130120","1":"product","2":"type-product","3":"status-publish","4":"has-post-thumbnail","6":"product_cat-hidden-object-es","7":"product_tag-play-on-pc-es","9":"first","10":"instock","11":"shipping-taxable","12":"purchasable","13":"product-type-simple"},"acf":[],"yoast_head":"<!-- This site is optimized with the Yoast SEO Premium plugin v25.2 (Yoast SEO v25.2) - https:\/\/yoast.com\/wordpress\/plugins\/seo\/ -->\n<title>City of Stories: El viaje de Stephan Edici\u00f3n coleccionista<\/title>\n<meta name=\"description\" content=\"Ayuda al joven Stephan a salvar su granja mientras exploras la gran ciudad en City of Stories: Stephan&#039;s Journey Collector&#039;s Edition\" \/>\n<meta name=\"robots\" content=\"index, follow, max-snippet:-1, max-image-preview:large, max-video-preview:-1\" \/>\n<link rel=\"canonical\" href=\"https:\/\/www.iplay.com\/es\/games\/city-of-stories-stephans-journey-collectors-edition\/\" \/>\n<meta property=\"og:locale\" content=\"es_ES\" \/>\n<meta property=\"og:type\" content=\"article\" \/>\n<meta property=\"og:title\" content=\"City of Stories: Stephan&#039;s Journey Collector&#039;s Edition\" \/>\n<meta property=\"og:description\" content=\"Ayuda al joven Stephan a salvar su granja mientras exploras la gran ciudad en City of Stories: Stephan&#039;s Journey Collector&#039;s Edition\" \/>\n<meta property=\"og:url\" content=\"https:\/\/www.iplay.com\/es\/games\/city-of-stories-stephans-journey-collectors-edition\/\" \/>\n<meta property=\"og:site_name\" content=\"IPlay\" \/>\n<meta property=\"og:image\" content=\"https:\/\/www.iplay.com\/wp-content\/uploads\/2024\/07\/City-of-Stories-Stephans-Journey-CE_large_square_tile_image.webp\" \/>\n\t<meta property=\"og:image:width\" content=\"715\" \/>\n\t<meta property=\"og:image:height\" content=\"485\" \/>\n\t<meta property=\"og:image:type\" content=\"image\/webp\" \/>\n<meta name=\"twitter:card\" content=\"summary_large_image\" \/>\n<meta name=\"twitter:label1\" content=\"Est. reading time\" \/>\n\t<meta name=\"twitter:data1\" content=\"2 minutos\" \/>\n<script type=\"application\/ld+json\" class=\"yoast-schema-graph\">{\"@context\":\"https:\/\/schema.org\",\"@graph\":[{\"@type\":\"WebPage\",\"@id\":\"https:\/\/www.iplay.com\/es\/games\/city-of-stories-stephans-journey-collectors-edition\/\",\"url\":\"https:\/\/www.iplay.com\/es\/games\/city-of-stories-stephans-journey-collectors-edition\/\",\"name\":\"City of Stories: El viaje de Stephan Edici\u00f3n coleccionista\",\"isPartOf\":{\"@id\":\"https:\/\/www.iplay.com\/en\/#website\"},\"primaryImageOfPage\":{\"@id\":\"https:\/\/www.iplay.com\/es\/games\/city-of-stories-stephans-journey-collectors-edition\/#primaryimage\"},\"image\":{\"@id\":\"https:\/\/www.iplay.com\/es\/games\/city-of-stories-stephans-journey-collectors-edition\/#primaryimage\"},\"thumbnailUrl\":\"https:\/\/www.iplay.com\/wp-content\/uploads\/2024\/07\/City-of-Stories-Stephans-Journey-CE_large_square_tile_image.webp\",\"datePublished\":\"2024-07-03T09:00:39+00:00\",\"description\":\"Ayuda al joven Stephan a salvar su granja mientras exploras la gran ciudad en City of Stories: Stephan's Journey Collector's Edition\",\"breadcrumb\":{\"@id\":\"https:\/\/www.iplay.com\/es\/games\/city-of-stories-stephans-journey-collectors-edition\/#breadcrumb\"},\"inLanguage\":\"es\",\"potentialAction\":[{\"@type\":\"ReadAction\",\"target\":[\"https:\/\/www.iplay.com\/es\/games\/city-of-stories-stephans-journey-collectors-edition\/\"]}]},{\"@type\":\"ImageObject\",\"inLanguage\":\"es\",\"@id\":\"https:\/\/www.iplay.com\/es\/games\/city-of-stories-stephans-journey-collectors-edition\/#primaryimage\",\"url\":\"https:\/\/www.iplay.com\/wp-content\/uploads\/2024\/07\/City-of-Stories-Stephans-Journey-CE_large_square_tile_image.webp\",\"contentUrl\":\"https:\/\/www.iplay.com\/wp-content\/uploads\/2024\/07\/City-of-Stories-Stephans-Journey-CE_large_square_tile_image.webp\",\"width\":715,\"height\":485},{\"@type\":\"BreadcrumbList\",\"@id\":\"https:\/\/www.iplay.com\/es\/games\/city-of-stories-stephans-journey-collectors-edition\/#breadcrumb\",\"itemListElement\":[{\"@type\":\"ListItem\",\"position\":1,\"name\":\"Home\",\"item\":\"https:\/\/www.iplay.com\/es\/home-page-2\/\"},{\"@type\":\"ListItem\",\"position\":2,\"name\":\"Shop\",\"item\":\"https:\/\/www.iplay.com\/en\/shop\/\"},{\"@type\":\"ListItem\",\"position\":3,\"name\":\"City of Stories: Stephan&#8217;s Journey Collector&#8217;s Edition\"}]},{\"@type\":\"WebSite\",\"@id\":\"https:\/\/www.iplay.com\/en\/#website\",\"url\":\"https:\/\/www.iplay.com\/en\/\",\"name\":\"IPlay\",\"description\":\"The Best Casual Games!\",\"publisher\":{\"@id\":\"https:\/\/www.iplay.com\/en\/#organization\"},\"potentialAction\":[{\"@type\":\"SearchAction\",\"target\":{\"@type\":\"EntryPoint\",\"urlTemplate\":\"https:\/\/www.iplay.com\/en\/?s={search_term_string}\"},\"query-input\":{\"@type\":\"PropertyValueSpecification\",\"valueRequired\":true,\"valueName\":\"search_term_string\"}}],\"inLanguage\":\"es\"},{\"@type\":\"Organization\",\"@id\":\"https:\/\/www.iplay.com\/en\/#organization\",\"name\":\"IPlay\",\"url\":\"https:\/\/www.iplay.com\/en\/\",\"logo\":{\"@type\":\"ImageObject\",\"inLanguage\":\"es\",\"@id\":\"https:\/\/www.iplay.com\/en\/#\/schema\/logo\/image\/\",\"url\":\"https:\/\/www.iplay.com\/wp-content\/uploads\/2023\/11\/Group-6100.svg\",\"contentUrl\":\"https:\/\/www.iplay.com\/wp-content\/uploads\/2023\/11\/Group-6100.svg\",\"width\":98,\"height\":25,\"caption\":\"IPlay\"},\"image\":{\"@id\":\"https:\/\/www.iplay.com\/en\/#\/schema\/logo\/image\/\"}}]}<\/script>\n<!-- \/ Yoast SEO Premium plugin. -->","yoast_head_json":{"title":"City of Stories: El viaje de Stephan Edici\u00f3n coleccionista","description":"Ayuda al joven Stephan a salvar su granja mientras exploras la gran ciudad en City of Stories: Stephan's Journey Collector's Edition","robots":{"index":"index","follow":"follow","max-snippet":"max-snippet:-1","max-image-preview":"max-image-preview:large","max-video-preview":"max-video-preview:-1"},"canonical":"https:\/\/www.iplay.com\/es\/games\/city-of-stories-stephans-journey-collectors-edition\/","og_locale":"es_ES","og_type":"article","og_title":"City of Stories: Stephan's Journey Collector's Edition","og_description":"Ayuda al joven Stephan a salvar su granja mientras exploras la gran ciudad en City of Stories: Stephan's Journey Collector's Edition","og_url":"https:\/\/www.iplay.com\/es\/games\/city-of-stories-stephans-journey-collectors-edition\/","og_site_name":"IPlay","og_image":[{"width":715,"height":485,"url":"https:\/\/www.iplay.com\/wp-content\/uploads\/2024\/07\/City-of-Stories-Stephans-Journey-CE_large_square_tile_image.webp","type":"image\/webp"}],"twitter_card":"summary_large_image","twitter_misc":{"Est. reading time":"2 minutos"},"schema":{"@context":"https:\/\/schema.org","@graph":[{"@type":"WebPage","@id":"https:\/\/www.iplay.com\/es\/games\/city-of-stories-stephans-journey-collectors-edition\/","url":"https:\/\/www.iplay.com\/es\/games\/city-of-stories-stephans-journey-collectors-edition\/","name":"City of Stories: El viaje de Stephan Edici\u00f3n coleccionista","isPartOf":{"@id":"https:\/\/www.iplay.com\/en\/#website"},"primaryImageOfPage":{"@id":"https:\/\/www.iplay.com\/es\/games\/city-of-stories-stephans-journey-collectors-edition\/#primaryimage"},"image":{"@id":"https:\/\/www.iplay.com\/es\/games\/city-of-stories-stephans-journey-collectors-edition\/#primaryimage"},"thumbnailUrl":"https:\/\/www.iplay.com\/wp-content\/uploads\/2024\/07\/City-of-Stories-Stephans-Journey-CE_large_square_tile_image.webp","datePublished":"2024-07-03T09:00:39+00:00","description":"Ayuda al joven Stephan a salvar su granja mientras exploras la gran ciudad en City of Stories: Stephan's Journey Collector's Edition","breadcrumb":{"@id":"https:\/\/www.iplay.com\/es\/games\/city-of-stories-stephans-journey-collectors-edition\/#breadcrumb"},"inLanguage":"es","potentialAction":[{"@type":"ReadAction","target":["https:\/\/www.iplay.com\/es\/games\/city-of-stories-stephans-journey-collectors-edition\/"]}]},{"@type":"ImageObject","inLanguage":"es","@id":"https:\/\/www.iplay.com\/es\/games\/city-of-stories-stephans-journey-collectors-edition\/#primaryimage","url":"https:\/\/www.iplay.com\/wp-content\/uploads\/2024\/07\/City-of-Stories-Stephans-Journey-CE_large_square_tile_image.webp","contentUrl":"https:\/\/www.iplay.com\/wp-content\/uploads\/2024\/07\/City-of-Stories-Stephans-Journey-CE_large_square_tile_image.webp","width":715,"height":485},{"@type":"BreadcrumbList","@id":"https:\/\/www.iplay.com\/es\/games\/city-of-stories-stephans-journey-collectors-edition\/#breadcrumb","itemListElement":[{"@type":"ListItem","position":1,"name":"Home","item":"https:\/\/www.iplay.com\/es\/home-page-2\/"},{"@type":"ListItem","position":2,"name":"Shop","item":"https:\/\/www.iplay.com\/en\/shop\/"},{"@type":"ListItem","position":3,"name":"City of Stories: Stephan&#8217;s Journey Collector&#8217;s Edition"}]},{"@type":"WebSite","@id":"https:\/\/www.iplay.com\/en\/#website","url":"https:\/\/www.iplay.com\/en\/","name":"IPlay","description":"The Best Casual Games!","publisher":{"@id":"https:\/\/www.iplay.com\/en\/#organization"},"potentialAction":[{"@type":"SearchAction","target":{"@type":"EntryPoint","urlTemplate":"https:\/\/www.iplay.com\/en\/?s={search_term_string}"},"query-input":{"@type":"PropertyValueSpecification","valueRequired":true,"valueName":"search_term_string"}}],"inLanguage":"es"},{"@type":"Organization","@id":"https:\/\/www.iplay.com\/en\/#organization","name":"IPlay","url":"https:\/\/www.iplay.com\/en\/","logo":{"@type":"ImageObject","inLanguage":"es","@id":"https:\/\/www.iplay.com\/en\/#\/schema\/logo\/image\/","url":"https:\/\/www.iplay.com\/wp-content\/uploads\/2023\/11\/Group-6100.svg","contentUrl":"https:\/\/www.iplay.com\/wp-content\/uploads\/2023\/11\/Group-6100.svg","width":98,"height":25,"caption":"IPlay"},"image":{"@id":"https:\/\/www.iplay.com\/en\/#\/schema\/logo\/image\/"}}]}},"_links":{"self":[{"href":"https:\/\/www.iplay.com\/es\/wp-json\/wp\/v2\/product\/130120","targetHints":{"allow":["GET"]}}],"collection":[{"href":"https:\/\/www.iplay.com\/es\/wp-json\/wp\/v2\/product"}],"about":[{"href":"https:\/\/www.iplay.com\/es\/wp-json\/wp\/v2\/types\/product"}],"author":[{"embeddable":true,"href":"https:\/\/www.iplay.com\/es\/wp-json\/wp\/v2\/users\/17"}],"replies":[{"embeddable":true,"href":"https:\/\/www.iplay.com\/es\/wp-json\/wp\/v2\/comments?post=130120"}],"wp:featuredmedia":[{"embeddable":true,"href":"https:\/\/www.iplay.com\/es\/wp-json\/wp\/v2\/media\/113561"}],"wp:attachment":[{"href":"https:\/\/www.iplay.com\/es\/wp-json\/wp\/v2\/media?parent=130120"}],"wp:term":[{"taxonomy":"product_brand","embeddable":true,"href":"https:\/\/www.iplay.com\/es\/wp-json\/wp\/v2\/product_brand?post=130120"},{"taxonomy":"product_cat","embeddable":true,"href":"https:\/\/www.iplay.com\/es\/wp-json\/wp\/v2\/product_cat?post=130120"},{"taxonomy":"product_tag","embeddable":true,"href":"https:\/\/www.iplay.com\/es\/wp-json\/wp\/v2\/product_tag?post=130120"}],"curies":[{"name":"wp","href":"https:\/\/api.w.org\/{rel}","templated":true}]}}