{"id":130108,"date":"2023-11-17T00:00:02","date_gmt":"2023-11-17T00:00:02","guid":{"rendered":"https:\/\/www.iplay.com\/games\/shopping-clutter-25-strawberry-thanksgiving\/"},"modified":"2023-11-17T00:00:02","modified_gmt":"2023-11-17T00:00:02","slug":"shopping-clutter-25-strawberry-thanksgiving","status":"publish","type":"product","link":"https:\/\/www.iplay.com\/es\/games\/shopping-clutter-25-strawberry-thanksgiving\/","title":{"rendered":"Shopping Clutter 25: Strawberry Thanksgiving"},"content":{"rendered":"<p>A medida que se acerca el D\u00eda de Acci\u00f3n de Gracias, el t\u00edo Turkey espera ansiosamente su fiesta favorita de todos los tiempos. Es un momento para que las familias se re\u00fanan alrededor de una mesa compartida, disfruten de deliciosas comidas, expresen gratitud por las bendiciones de la vida y extiendan el amor a todos, incluidos los pavos. Sin embargo, en medio de la alegr\u00eda, hay quienes no experimentan el mismo calor. Los ni\u00f1os separados temporalmente de sus padres o en duelo por la p\u00e9rdida de un ser querido a menudo se pierden las festividades del D\u00eda de Acci\u00f3n de Gracias que merecen.   <\/p>\n<p>\u00a1Decidido a marcar la diferencia, Uncle Turkey toma acci\u00f3n! Este a\u00f1o, est\u00e1 organizando un D\u00eda de Acci\u00f3n de Gracias especial de la fresa en su escuela, reuniendo la ayuda de Squirrel y Hare Walker para transformar un sal\u00f3n de clases en un refugio de alegr\u00eda. Juntos, organizar\u00e1n actividades, preparar\u00e1n golosinas y extender\u00e1n una sincera invitaci\u00f3n a los ni\u00f1os hu\u00e9rfanos de la ciudad. Es un plan ambicioso, pero alimentado por el esp\u00edritu de dar.   <\/p>\n<p>\u00a1\u00danete al esp\u00edritu festivo con Shopping Clutter 25: Strawberry Thanksgiving! Explore nuevos productos con tem\u00e1tica de Acci\u00f3n de Gracias, resuelva acertijos y sum\u00e9rjase en tonos y melod\u00edas relajantes. Experimente la alegr\u00eda de retribuir junto al t\u00edo Turqu\u00eda mientras toma la iniciativa de difundir alegr\u00eda y bondad. Con bromas humor\u00edsticas, personajes queridos y un ambiente vibrante lleno de dulces y caridad, \u00a1el D\u00eda de Acci\u00f3n de Gracias realmente se pasa mejor con el t\u00edo Turkey!<\/p>\n","protected":false},"excerpt":{"rendered":"<p>\u00bfTendr\u00e1n los hu\u00e9rfanos de Animalville un incre\u00edble D\u00eda de Acci\u00f3n de Gracias &#8211; \u00a1Es hora de que ayudes al t\u00edo Turqu\u00eda a asegurarse de que lo hagan!<\/p>\n","protected":false},"author":14,"featured_media":71208,"comment_status":"open","ping_status":"closed","template":"","meta":{"_acf_changed":false,"inline_featured_image":false},"product_brand":[],"product_cat":[166],"product_tag":[288],"class_list":{"0":"post-130108","1":"product","2":"type-product","3":"status-publish","4":"has-post-thumbnail","6":"product_cat-hidden-object-es","7":"product_tag-play-on-pc-es","9":"first","10":"instock","11":"shipping-taxable","12":"purchasable","13":"product-type-simple"},"acf":[],"yoast_head":"<!-- This site is optimized with the Yoast SEO Premium plugin v25.2 (Yoast SEO v25.2) - https:\/\/yoast.com\/wordpress\/plugins\/seo\/ -->\n<title>Shopping Clutter 25: Strawberry Thanksgiving - Ayuda al t\u00edo Turkey a asegurarse de que los hu\u00e9rfanos tengan un espl\u00e9ndido D\u00eda de Acci\u00f3n de Gracias<\/title>\n<meta name=\"description\" content=\"\u00bfTendr\u00e1n los hu\u00e9rfanos de Animalville un incre\u00edble D\u00eda de Acci\u00f3n de Gracias - \u00a1Es hora de que ayudes al t\u00edo Turqu\u00eda a asegurarse de que lo hagan!\" \/>\n<meta name=\"robots\" content=\"index, follow, max-snippet:-1, max-image-preview:large, max-video-preview:-1\" \/>\n<link rel=\"canonical\" href=\"https:\/\/www.iplay.com\/es\/games\/shopping-clutter-25-strawberry-thanksgiving\/\" \/>\n<meta property=\"og:locale\" content=\"es_ES\" \/>\n<meta property=\"og:type\" content=\"article\" \/>\n<meta property=\"og:title\" content=\"Shopping Clutter 25: Strawberry Thanksgiving\" \/>\n<meta property=\"og:description\" content=\"\u00bfTendr\u00e1n los hu\u00e9rfanos de Animalville un incre\u00edble D\u00eda de Acci\u00f3n de Gracias - \u00a1Es hora de que ayudes al t\u00edo Turqu\u00eda a asegurarse de que lo hagan!\" \/>\n<meta property=\"og:url\" content=\"https:\/\/www.iplay.com\/es\/games\/shopping-clutter-25-strawberry-thanksgiving\/\" \/>\n<meta property=\"og:site_name\" content=\"IPlay\" \/>\n<meta property=\"og:image\" content=\"https:\/\/www.iplay.com\/wp-content\/uploads\/2023\/12\/large_square_tile_image-1939.jpg\" \/>\n\t<meta property=\"og:image:width\" content=\"310\" \/>\n\t<meta property=\"og:image:height\" content=\"310\" \/>\n\t<meta property=\"og:image:type\" content=\"image\/jpeg\" \/>\n<meta name=\"twitter:card\" content=\"summary_large_image\" \/>\n<meta name=\"twitter:label1\" content=\"Est. reading time\" \/>\n\t<meta name=\"twitter:data1\" content=\"1 minuto\" \/>\n<script type=\"application\/ld+json\" class=\"yoast-schema-graph\">{\"@context\":\"https:\/\/schema.org\",\"@graph\":[{\"@type\":\"WebPage\",\"@id\":\"https:\/\/www.iplay.com\/es\/games\/shopping-clutter-25-strawberry-thanksgiving\/\",\"url\":\"https:\/\/www.iplay.com\/es\/games\/shopping-clutter-25-strawberry-thanksgiving\/\",\"name\":\"Shopping Clutter 25: Strawberry Thanksgiving - Ayuda al t\u00edo Turkey a asegurarse de que los hu\u00e9rfanos tengan un espl\u00e9ndido D\u00eda de Acci\u00f3n de Gracias\",\"isPartOf\":{\"@id\":\"https:\/\/www.iplay.com\/en\/#website\"},\"primaryImageOfPage\":{\"@id\":\"https:\/\/www.iplay.com\/es\/games\/shopping-clutter-25-strawberry-thanksgiving\/#primaryimage\"},\"image\":{\"@id\":\"https:\/\/www.iplay.com\/es\/games\/shopping-clutter-25-strawberry-thanksgiving\/#primaryimage\"},\"thumbnailUrl\":\"https:\/\/www.iplay.com\/wp-content\/uploads\/2023\/12\/large_square_tile_image-1939.jpg\",\"datePublished\":\"2023-11-17T00:00:02+00:00\",\"description\":\"\u00bfTendr\u00e1n los hu\u00e9rfanos de Animalville un incre\u00edble D\u00eda de Acci\u00f3n de Gracias - \u00a1Es hora de que ayudes al t\u00edo Turqu\u00eda a asegurarse de que lo hagan!\",\"breadcrumb\":{\"@id\":\"https:\/\/www.iplay.com\/es\/games\/shopping-clutter-25-strawberry-thanksgiving\/#breadcrumb\"},\"inLanguage\":\"es\",\"potentialAction\":[{\"@type\":\"ReadAction\",\"target\":[\"https:\/\/www.iplay.com\/es\/games\/shopping-clutter-25-strawberry-thanksgiving\/\"]}]},{\"@type\":\"ImageObject\",\"inLanguage\":\"es\",\"@id\":\"https:\/\/www.iplay.com\/es\/games\/shopping-clutter-25-strawberry-thanksgiving\/#primaryimage\",\"url\":\"https:\/\/www.iplay.com\/wp-content\/uploads\/2023\/12\/large_square_tile_image-1939.jpg\",\"contentUrl\":\"https:\/\/www.iplay.com\/wp-content\/uploads\/2023\/12\/large_square_tile_image-1939.jpg\",\"width\":310,\"height\":310},{\"@type\":\"BreadcrumbList\",\"@id\":\"https:\/\/www.iplay.com\/es\/games\/shopping-clutter-25-strawberry-thanksgiving\/#breadcrumb\",\"itemListElement\":[{\"@type\":\"ListItem\",\"position\":1,\"name\":\"Home\",\"item\":\"https:\/\/www.iplay.com\/es\/home-page-2\/\"},{\"@type\":\"ListItem\",\"position\":2,\"name\":\"Shop\",\"item\":\"https:\/\/www.iplay.com\/en\/shop\/\"},{\"@type\":\"ListItem\",\"position\":3,\"name\":\"Shopping Clutter 25: Strawberry Thanksgiving\"}]},{\"@type\":\"WebSite\",\"@id\":\"https:\/\/www.iplay.com\/en\/#website\",\"url\":\"https:\/\/www.iplay.com\/en\/\",\"name\":\"IPlay\",\"description\":\"The Best Casual Games!\",\"publisher\":{\"@id\":\"https:\/\/www.iplay.com\/en\/#organization\"},\"potentialAction\":[{\"@type\":\"SearchAction\",\"target\":{\"@type\":\"EntryPoint\",\"urlTemplate\":\"https:\/\/www.iplay.com\/en\/?s={search_term_string}\"},\"query-input\":{\"@type\":\"PropertyValueSpecification\",\"valueRequired\":true,\"valueName\":\"search_term_string\"}}],\"inLanguage\":\"es\"},{\"@type\":\"Organization\",\"@id\":\"https:\/\/www.iplay.com\/en\/#organization\",\"name\":\"IPlay\",\"url\":\"https:\/\/www.iplay.com\/en\/\",\"logo\":{\"@type\":\"ImageObject\",\"inLanguage\":\"es\",\"@id\":\"https:\/\/www.iplay.com\/en\/#\/schema\/logo\/image\/\",\"url\":\"https:\/\/www.iplay.com\/wp-content\/uploads\/2023\/11\/Group-6100.svg\",\"contentUrl\":\"https:\/\/www.iplay.com\/wp-content\/uploads\/2023\/11\/Group-6100.svg\",\"width\":98,\"height\":25,\"caption\":\"IPlay\"},\"image\":{\"@id\":\"https:\/\/www.iplay.com\/en\/#\/schema\/logo\/image\/\"}}]}<\/script>\n<!-- \/ Yoast SEO Premium plugin. -->","yoast_head_json":{"title":"Shopping Clutter 25: Strawberry Thanksgiving - Ayuda al t\u00edo Turkey a asegurarse de que los hu\u00e9rfanos tengan un espl\u00e9ndido D\u00eda de Acci\u00f3n de Gracias","description":"\u00bfTendr\u00e1n los hu\u00e9rfanos de Animalville un incre\u00edble D\u00eda de Acci\u00f3n de Gracias - \u00a1Es hora de que ayudes al t\u00edo Turqu\u00eda a asegurarse de que lo hagan!","robots":{"index":"index","follow":"follow","max-snippet":"max-snippet:-1","max-image-preview":"max-image-preview:large","max-video-preview":"max-video-preview:-1"},"canonical":"https:\/\/www.iplay.com\/es\/games\/shopping-clutter-25-strawberry-thanksgiving\/","og_locale":"es_ES","og_type":"article","og_title":"Shopping Clutter 25: Strawberry Thanksgiving","og_description":"\u00bfTendr\u00e1n los hu\u00e9rfanos de Animalville un incre\u00edble D\u00eda de Acci\u00f3n de Gracias - \u00a1Es hora de que ayudes al t\u00edo Turqu\u00eda a asegurarse de que lo hagan!","og_url":"https:\/\/www.iplay.com\/es\/games\/shopping-clutter-25-strawberry-thanksgiving\/","og_site_name":"IPlay","og_image":[{"width":310,"height":310,"url":"https:\/\/www.iplay.com\/wp-content\/uploads\/2023\/12\/large_square_tile_image-1939.jpg","type":"image\/jpeg"}],"twitter_card":"summary_large_image","twitter_misc":{"Est. reading time":"1 minuto"},"schema":{"@context":"https:\/\/schema.org","@graph":[{"@type":"WebPage","@id":"https:\/\/www.iplay.com\/es\/games\/shopping-clutter-25-strawberry-thanksgiving\/","url":"https:\/\/www.iplay.com\/es\/games\/shopping-clutter-25-strawberry-thanksgiving\/","name":"Shopping Clutter 25: Strawberry Thanksgiving - Ayuda al t\u00edo Turkey a asegurarse de que los hu\u00e9rfanos tengan un espl\u00e9ndido D\u00eda de Acci\u00f3n de Gracias","isPartOf":{"@id":"https:\/\/www.iplay.com\/en\/#website"},"primaryImageOfPage":{"@id":"https:\/\/www.iplay.com\/es\/games\/shopping-clutter-25-strawberry-thanksgiving\/#primaryimage"},"image":{"@id":"https:\/\/www.iplay.com\/es\/games\/shopping-clutter-25-strawberry-thanksgiving\/#primaryimage"},"thumbnailUrl":"https:\/\/www.iplay.com\/wp-content\/uploads\/2023\/12\/large_square_tile_image-1939.jpg","datePublished":"2023-11-17T00:00:02+00:00","description":"\u00bfTendr\u00e1n los hu\u00e9rfanos de Animalville un incre\u00edble D\u00eda de Acci\u00f3n de Gracias - \u00a1Es hora de que ayudes al t\u00edo Turqu\u00eda a asegurarse de que lo hagan!","breadcrumb":{"@id":"https:\/\/www.iplay.com\/es\/games\/shopping-clutter-25-strawberry-thanksgiving\/#breadcrumb"},"inLanguage":"es","potentialAction":[{"@type":"ReadAction","target":["https:\/\/www.iplay.com\/es\/games\/shopping-clutter-25-strawberry-thanksgiving\/"]}]},{"@type":"ImageObject","inLanguage":"es","@id":"https:\/\/www.iplay.com\/es\/games\/shopping-clutter-25-strawberry-thanksgiving\/#primaryimage","url":"https:\/\/www.iplay.com\/wp-content\/uploads\/2023\/12\/large_square_tile_image-1939.jpg","contentUrl":"https:\/\/www.iplay.com\/wp-content\/uploads\/2023\/12\/large_square_tile_image-1939.jpg","width":310,"height":310},{"@type":"BreadcrumbList","@id":"https:\/\/www.iplay.com\/es\/games\/shopping-clutter-25-strawberry-thanksgiving\/#breadcrumb","itemListElement":[{"@type":"ListItem","position":1,"name":"Home","item":"https:\/\/www.iplay.com\/es\/home-page-2\/"},{"@type":"ListItem","position":2,"name":"Shop","item":"https:\/\/www.iplay.com\/en\/shop\/"},{"@type":"ListItem","position":3,"name":"Shopping Clutter 25: Strawberry Thanksgiving"}]},{"@type":"WebSite","@id":"https:\/\/www.iplay.com\/en\/#website","url":"https:\/\/www.iplay.com\/en\/","name":"IPlay","description":"The Best Casual Games!","publisher":{"@id":"https:\/\/www.iplay.com\/en\/#organization"},"potentialAction":[{"@type":"SearchAction","target":{"@type":"EntryPoint","urlTemplate":"https:\/\/www.iplay.com\/en\/?s={search_term_string}"},"query-input":{"@type":"PropertyValueSpecification","valueRequired":true,"valueName":"search_term_string"}}],"inLanguage":"es"},{"@type":"Organization","@id":"https:\/\/www.iplay.com\/en\/#organization","name":"IPlay","url":"https:\/\/www.iplay.com\/en\/","logo":{"@type":"ImageObject","inLanguage":"es","@id":"https:\/\/www.iplay.com\/en\/#\/schema\/logo\/image\/","url":"https:\/\/www.iplay.com\/wp-content\/uploads\/2023\/11\/Group-6100.svg","contentUrl":"https:\/\/www.iplay.com\/wp-content\/uploads\/2023\/11\/Group-6100.svg","width":98,"height":25,"caption":"IPlay"},"image":{"@id":"https:\/\/www.iplay.com\/en\/#\/schema\/logo\/image\/"}}]}},"_links":{"self":[{"href":"https:\/\/www.iplay.com\/es\/wp-json\/wp\/v2\/product\/130108","targetHints":{"allow":["GET"]}}],"collection":[{"href":"https:\/\/www.iplay.com\/es\/wp-json\/wp\/v2\/product"}],"about":[{"href":"https:\/\/www.iplay.com\/es\/wp-json\/wp\/v2\/types\/product"}],"author":[{"embeddable":true,"href":"https:\/\/www.iplay.com\/es\/wp-json\/wp\/v2\/users\/14"}],"replies":[{"embeddable":true,"href":"https:\/\/www.iplay.com\/es\/wp-json\/wp\/v2\/comments?post=130108"}],"wp:featuredmedia":[{"embeddable":true,"href":"https:\/\/www.iplay.com\/es\/wp-json\/wp\/v2\/media\/71208"}],"wp:attachment":[{"href":"https:\/\/www.iplay.com\/es\/wp-json\/wp\/v2\/media?parent=130108"}],"wp:term":[{"taxonomy":"product_brand","embeddable":true,"href":"https:\/\/www.iplay.com\/es\/wp-json\/wp\/v2\/product_brand?post=130108"},{"taxonomy":"product_cat","embeddable":true,"href":"https:\/\/www.iplay.com\/es\/wp-json\/wp\/v2\/product_cat?post=130108"},{"taxonomy":"product_tag","embeddable":true,"href":"https:\/\/www.iplay.com\/es\/wp-json\/wp\/v2\/product_tag?post=130108"}],"curies":[{"name":"wp","href":"https:\/\/api.w.org\/{rel}","templated":true}]}}