{"id":130100,"date":"2023-11-17T00:00:00","date_gmt":"2023-11-17T00:00:00","guid":{"rendered":"https:\/\/www.iplay.com\/games\/perfect-klondike-solitaire\/"},"modified":"2023-11-17T00:00:00","modified_gmt":"2023-11-17T00:00:00","slug":"perfect-klondike-solitaire","status":"publish","type":"product","link":"https:\/\/www.iplay.com\/es\/games\/perfect-klondike-solitaire\/","title":{"rendered":"Perfect Klondike Solitaire"},"content":{"rendered":"<p>\u00a1Prep\u00e1rate para la mejor experiencia de Solitario Klondike! Tanto si eres un profesional experimentado como si eres un reci\u00e9n llegado al mundo de los juegos de cartas, el Solitario Klondike Perfecto es tu destino \u00fanico. Sum\u00e9rgete en varias variaciones del Solitario Klondike para poner a prueba tus habilidades estrat\u00e9gicas. Cada juego presenta una nueva oportunidad para mostrar tu destreza y estimular tu intelecto.   <\/p>\n<p>&nbsp;<\/p>\n<p>Emb\u00e1rcate en misiones diarias y regresa cada d\u00eda para un nuevo conjunto de desaf\u00edos. Sum\u00e9rgete en una interfaz elegante y f\u00e1cil de usar con un dise\u00f1o sofisticado que se fusiona a la perfecci\u00f3n con fondos tranquilos, preparando el escenario para tu aventura en solitario. Personaliza tu viaje de juego con temas y fondos personalizables, lo que te permite crear una experiencia de solitario que sea exclusivamente tuya.  <\/p>\n<p>&nbsp;<\/p>\n<p><strong>Funciones:<\/strong><\/p>\n<p>&nbsp;<\/p>\n<ul>\n<li>\u00a1Explora nueve cautivadoras versiones del Solitario Klondike!<\/li>\n<li>Emb\u00e1rcate en una encantadora b\u00fasqueda para reconstruir un majestuoso palacio.<\/li>\n<li>Conquista los desaf\u00edos diarios.<\/li>\n<li>Personaliza tu experiencia con una variedad de mazos de cartas.<\/li>\n<li>Realiza un seguimiento de tu progreso con puntuaciones altas y estad\u00edsticas detalladas.<\/li>\n<li>Rel\u00e1jate con m\u00fasica relajante mientras te relajas al m\u00e1ximo.<\/li>\n<\/ul>\n","protected":false},"excerpt":{"rendered":"<p>\u00a1Con Perfect Klondike Solitaire est\u00e1s listo para experimentar la mejor colecci\u00f3n de juegos de solitario!<\/p>\n","protected":false},"author":20,"featured_media":71224,"comment_status":"open","ping_status":"closed","template":"","meta":{"_acf_changed":false,"inline_featured_image":false},"product_brand":[],"product_cat":[154,209],"product_tag":[288],"class_list":{"0":"post-130100","1":"product","2":"type-product","3":"status-publish","4":"has-post-thumbnail","6":"product_cat-card-es","7":"product_cat-solitaire-es","8":"product_tag-play-on-pc-es","10":"first","11":"instock","12":"shipping-taxable","13":"purchasable","14":"product-type-simple"},"acf":[],"yoast_head":"<!-- This site is optimized with the Yoast SEO Premium plugin v25.2 (Yoast SEO v25.2) - https:\/\/yoast.com\/wordpress\/plugins\/seo\/ -->\n<title>Perfect Klondike Solitaire - Descubre la mejor colecci\u00f3n de Klondike Solitaire<\/title>\n<meta name=\"description\" content=\"\u00a1Con Perfect Klondike Solitaire est\u00e1s listo para experimentar la mejor colecci\u00f3n de juegos de solitario!\" \/>\n<meta name=\"robots\" content=\"index, follow, max-snippet:-1, max-image-preview:large, max-video-preview:-1\" \/>\n<link rel=\"canonical\" href=\"https:\/\/www.iplay.com\/es\/games\/perfect-klondike-solitaire\/\" \/>\n<meta property=\"og:locale\" content=\"es_ES\" \/>\n<meta property=\"og:type\" content=\"article\" \/>\n<meta property=\"og:title\" content=\"Perfect Klondike Solitaire\" \/>\n<meta property=\"og:description\" content=\"\u00a1Con Perfect Klondike Solitaire est\u00e1s listo para experimentar la mejor colecci\u00f3n de juegos de solitario!\" \/>\n<meta property=\"og:url\" content=\"https:\/\/www.iplay.com\/es\/games\/perfect-klondike-solitaire\/\" \/>\n<meta property=\"og:site_name\" content=\"IPlay\" \/>\n<meta property=\"og:image\" content=\"https:\/\/www.iplay.com\/wp-content\/uploads\/2023\/12\/large_square_tile_image-1941.jpg\" \/>\n\t<meta property=\"og:image:width\" content=\"310\" \/>\n\t<meta property=\"og:image:height\" content=\"310\" \/>\n\t<meta property=\"og:image:type\" content=\"image\/jpeg\" \/>\n<meta name=\"twitter:card\" content=\"summary_large_image\" \/>\n<meta name=\"twitter:label1\" content=\"Est. reading time\" \/>\n\t<meta name=\"twitter:data1\" content=\"1 minuto\" \/>\n<script type=\"application\/ld+json\" class=\"yoast-schema-graph\">{\"@context\":\"https:\/\/schema.org\",\"@graph\":[{\"@type\":\"WebPage\",\"@id\":\"https:\/\/www.iplay.com\/es\/games\/perfect-klondike-solitaire\/\",\"url\":\"https:\/\/www.iplay.com\/es\/games\/perfect-klondike-solitaire\/\",\"name\":\"Perfect Klondike Solitaire - Descubre la mejor colecci\u00f3n de Klondike Solitaire\",\"isPartOf\":{\"@id\":\"https:\/\/www.iplay.com\/en\/#website\"},\"primaryImageOfPage\":{\"@id\":\"https:\/\/www.iplay.com\/es\/games\/perfect-klondike-solitaire\/#primaryimage\"},\"image\":{\"@id\":\"https:\/\/www.iplay.com\/es\/games\/perfect-klondike-solitaire\/#primaryimage\"},\"thumbnailUrl\":\"https:\/\/www.iplay.com\/wp-content\/uploads\/2023\/12\/large_square_tile_image-1941.jpg\",\"datePublished\":\"2023-11-17T00:00:00+00:00\",\"description\":\"\u00a1Con Perfect Klondike Solitaire est\u00e1s listo para experimentar la mejor colecci\u00f3n de juegos de solitario!\",\"breadcrumb\":{\"@id\":\"https:\/\/www.iplay.com\/es\/games\/perfect-klondike-solitaire\/#breadcrumb\"},\"inLanguage\":\"es\",\"potentialAction\":[{\"@type\":\"ReadAction\",\"target\":[\"https:\/\/www.iplay.com\/es\/games\/perfect-klondike-solitaire\/\"]}]},{\"@type\":\"ImageObject\",\"inLanguage\":\"es\",\"@id\":\"https:\/\/www.iplay.com\/es\/games\/perfect-klondike-solitaire\/#primaryimage\",\"url\":\"https:\/\/www.iplay.com\/wp-content\/uploads\/2023\/12\/large_square_tile_image-1941.jpg\",\"contentUrl\":\"https:\/\/www.iplay.com\/wp-content\/uploads\/2023\/12\/large_square_tile_image-1941.jpg\",\"width\":310,\"height\":310},{\"@type\":\"BreadcrumbList\",\"@id\":\"https:\/\/www.iplay.com\/es\/games\/perfect-klondike-solitaire\/#breadcrumb\",\"itemListElement\":[{\"@type\":\"ListItem\",\"position\":1,\"name\":\"Home\",\"item\":\"https:\/\/www.iplay.com\/es\/home-page-2\/\"},{\"@type\":\"ListItem\",\"position\":2,\"name\":\"Shop\",\"item\":\"https:\/\/www.iplay.com\/en\/shop\/\"},{\"@type\":\"ListItem\",\"position\":3,\"name\":\"Perfect Klondike Solitaire\"}]},{\"@type\":\"WebSite\",\"@id\":\"https:\/\/www.iplay.com\/en\/#website\",\"url\":\"https:\/\/www.iplay.com\/en\/\",\"name\":\"IPlay\",\"description\":\"The Best Casual Games!\",\"publisher\":{\"@id\":\"https:\/\/www.iplay.com\/en\/#organization\"},\"potentialAction\":[{\"@type\":\"SearchAction\",\"target\":{\"@type\":\"EntryPoint\",\"urlTemplate\":\"https:\/\/www.iplay.com\/en\/?s={search_term_string}\"},\"query-input\":{\"@type\":\"PropertyValueSpecification\",\"valueRequired\":true,\"valueName\":\"search_term_string\"}}],\"inLanguage\":\"es\"},{\"@type\":\"Organization\",\"@id\":\"https:\/\/www.iplay.com\/en\/#organization\",\"name\":\"IPlay\",\"url\":\"https:\/\/www.iplay.com\/en\/\",\"logo\":{\"@type\":\"ImageObject\",\"inLanguage\":\"es\",\"@id\":\"https:\/\/www.iplay.com\/en\/#\/schema\/logo\/image\/\",\"url\":\"https:\/\/www.iplay.com\/wp-content\/uploads\/2023\/11\/Group-6100.svg\",\"contentUrl\":\"https:\/\/www.iplay.com\/wp-content\/uploads\/2023\/11\/Group-6100.svg\",\"width\":98,\"height\":25,\"caption\":\"IPlay\"},\"image\":{\"@id\":\"https:\/\/www.iplay.com\/en\/#\/schema\/logo\/image\/\"}}]}<\/script>\n<!-- \/ Yoast SEO Premium plugin. -->","yoast_head_json":{"title":"Perfect Klondike Solitaire - Descubre la mejor colecci\u00f3n de Klondike Solitaire","description":"\u00a1Con Perfect Klondike Solitaire est\u00e1s listo para experimentar la mejor colecci\u00f3n de juegos de solitario!","robots":{"index":"index","follow":"follow","max-snippet":"max-snippet:-1","max-image-preview":"max-image-preview:large","max-video-preview":"max-video-preview:-1"},"canonical":"https:\/\/www.iplay.com\/es\/games\/perfect-klondike-solitaire\/","og_locale":"es_ES","og_type":"article","og_title":"Perfect Klondike Solitaire","og_description":"\u00a1Con Perfect Klondike Solitaire est\u00e1s listo para experimentar la mejor colecci\u00f3n de juegos de solitario!","og_url":"https:\/\/www.iplay.com\/es\/games\/perfect-klondike-solitaire\/","og_site_name":"IPlay","og_image":[{"width":310,"height":310,"url":"https:\/\/www.iplay.com\/wp-content\/uploads\/2023\/12\/large_square_tile_image-1941.jpg","type":"image\/jpeg"}],"twitter_card":"summary_large_image","twitter_misc":{"Est. reading time":"1 minuto"},"schema":{"@context":"https:\/\/schema.org","@graph":[{"@type":"WebPage","@id":"https:\/\/www.iplay.com\/es\/games\/perfect-klondike-solitaire\/","url":"https:\/\/www.iplay.com\/es\/games\/perfect-klondike-solitaire\/","name":"Perfect Klondike Solitaire - Descubre la mejor colecci\u00f3n de Klondike Solitaire","isPartOf":{"@id":"https:\/\/www.iplay.com\/en\/#website"},"primaryImageOfPage":{"@id":"https:\/\/www.iplay.com\/es\/games\/perfect-klondike-solitaire\/#primaryimage"},"image":{"@id":"https:\/\/www.iplay.com\/es\/games\/perfect-klondike-solitaire\/#primaryimage"},"thumbnailUrl":"https:\/\/www.iplay.com\/wp-content\/uploads\/2023\/12\/large_square_tile_image-1941.jpg","datePublished":"2023-11-17T00:00:00+00:00","description":"\u00a1Con Perfect Klondike Solitaire est\u00e1s listo para experimentar la mejor colecci\u00f3n de juegos de solitario!","breadcrumb":{"@id":"https:\/\/www.iplay.com\/es\/games\/perfect-klondike-solitaire\/#breadcrumb"},"inLanguage":"es","potentialAction":[{"@type":"ReadAction","target":["https:\/\/www.iplay.com\/es\/games\/perfect-klondike-solitaire\/"]}]},{"@type":"ImageObject","inLanguage":"es","@id":"https:\/\/www.iplay.com\/es\/games\/perfect-klondike-solitaire\/#primaryimage","url":"https:\/\/www.iplay.com\/wp-content\/uploads\/2023\/12\/large_square_tile_image-1941.jpg","contentUrl":"https:\/\/www.iplay.com\/wp-content\/uploads\/2023\/12\/large_square_tile_image-1941.jpg","width":310,"height":310},{"@type":"BreadcrumbList","@id":"https:\/\/www.iplay.com\/es\/games\/perfect-klondike-solitaire\/#breadcrumb","itemListElement":[{"@type":"ListItem","position":1,"name":"Home","item":"https:\/\/www.iplay.com\/es\/home-page-2\/"},{"@type":"ListItem","position":2,"name":"Shop","item":"https:\/\/www.iplay.com\/en\/shop\/"},{"@type":"ListItem","position":3,"name":"Perfect Klondike Solitaire"}]},{"@type":"WebSite","@id":"https:\/\/www.iplay.com\/en\/#website","url":"https:\/\/www.iplay.com\/en\/","name":"IPlay","description":"The Best Casual Games!","publisher":{"@id":"https:\/\/www.iplay.com\/en\/#organization"},"potentialAction":[{"@type":"SearchAction","target":{"@type":"EntryPoint","urlTemplate":"https:\/\/www.iplay.com\/en\/?s={search_term_string}"},"query-input":{"@type":"PropertyValueSpecification","valueRequired":true,"valueName":"search_term_string"}}],"inLanguage":"es"},{"@type":"Organization","@id":"https:\/\/www.iplay.com\/en\/#organization","name":"IPlay","url":"https:\/\/www.iplay.com\/en\/","logo":{"@type":"ImageObject","inLanguage":"es","@id":"https:\/\/www.iplay.com\/en\/#\/schema\/logo\/image\/","url":"https:\/\/www.iplay.com\/wp-content\/uploads\/2023\/11\/Group-6100.svg","contentUrl":"https:\/\/www.iplay.com\/wp-content\/uploads\/2023\/11\/Group-6100.svg","width":98,"height":25,"caption":"IPlay"},"image":{"@id":"https:\/\/www.iplay.com\/en\/#\/schema\/logo\/image\/"}}]}},"_links":{"self":[{"href":"https:\/\/www.iplay.com\/es\/wp-json\/wp\/v2\/product\/130100","targetHints":{"allow":["GET"]}}],"collection":[{"href":"https:\/\/www.iplay.com\/es\/wp-json\/wp\/v2\/product"}],"about":[{"href":"https:\/\/www.iplay.com\/es\/wp-json\/wp\/v2\/types\/product"}],"author":[{"embeddable":true,"href":"https:\/\/www.iplay.com\/es\/wp-json\/wp\/v2\/users\/20"}],"replies":[{"embeddable":true,"href":"https:\/\/www.iplay.com\/es\/wp-json\/wp\/v2\/comments?post=130100"}],"wp:featuredmedia":[{"embeddable":true,"href":"https:\/\/www.iplay.com\/es\/wp-json\/wp\/v2\/media\/71224"}],"wp:attachment":[{"href":"https:\/\/www.iplay.com\/es\/wp-json\/wp\/v2\/media?parent=130100"}],"wp:term":[{"taxonomy":"product_brand","embeddable":true,"href":"https:\/\/www.iplay.com\/es\/wp-json\/wp\/v2\/product_brand?post=130100"},{"taxonomy":"product_cat","embeddable":true,"href":"https:\/\/www.iplay.com\/es\/wp-json\/wp\/v2\/product_cat?post=130100"},{"taxonomy":"product_tag","embeddable":true,"href":"https:\/\/www.iplay.com\/es\/wp-json\/wp\/v2\/product_tag?post=130100"}],"curies":[{"name":"wp","href":"https:\/\/api.w.org\/{rel}","templated":true}]}}