{"id":130066,"date":"2023-09-13T00:00:00","date_gmt":"2023-09-13T00:00:00","guid":{"rendered":"https:\/\/www.iplay.com\/games\/crossroad-of-worlds-star-riddle-collectors-edition\/"},"modified":"2023-09-13T00:00:00","modified_gmt":"2023-09-13T00:00:00","slug":"crossroad-of-worlds-star-riddle-collectors-edition","status":"publish","type":"product","link":"https:\/\/www.iplay.com\/es\/games\/crossroad-of-worlds-star-riddle-collectors-edition\/","title":{"rendered":"Crossroad of Worlds: Star Riddle Collector&#8217;s Edition"},"content":{"rendered":"<p>\u00a1Contin\u00faa tu investigaci\u00f3n y det\u00e9n el robo de estrellas! No hay paz para las estrellas brillantes de la tierra. \u00a1Descubre todos los detalles de un sinverg\u00fcenza detenido para determinar qui\u00e9n es realmente el verdadero cerebro detr\u00e1s de este siniestro plan! Los escenarios de b\u00fasqueda de objetos y minijuegos. \u00a1Son los mejores de todos los tiempos en este juego! Esta vez, continuamos la investigaci\u00f3n del detective sobre una serie de robos de estrellas que han tenido lugar en todo el universo. Comenzamos entrevistando a un hombre que ya hab\u00eda sido arrestado antes. Aun as\u00ed, se niega a darse por vencido y no revela qui\u00e9n es su empleador. Necesitamos hacer un suero de la verdad para descubrir qui\u00e9n es su empleador, el misterioso Rey Jotar. Nos propusimos localizarlo en otros planetas, pero es una tarea dif\u00edcil porque es un mago poderoso y no hay muchas pistas sobre d\u00f3nde est\u00e1 en este momento. Muchas vidas est\u00e1n en peligro. tal vez incluso el tuyo. \u00bfVas a frustrar su astuto plan? \u00a1En esta nueva y emocionante aventura de rompecabezas de objetos ocultos, pon tu mirada en las estrellas y re\u00fane tu ingenio y astucia para emprender un intrigante viaje de investigaci\u00f3n! \u00a1Una de las caracter\u00edsticas es que puede resolver el problema! \u00bfAlguna vez te has preguntado qu\u00e9 pas\u00f3 con los personajes despu\u00e9s de tus aventuras compartidas? Una vez que completes el juego principal, podr\u00e1s acceder a un cap\u00edtulo de bonificaci\u00f3n en el que podr\u00e1s ayudar a Caitlin a descubrir a su amante desaparecido, \u00a1como siempre ayudas con las investigaciones! Completar minijuegos y acertijos te har\u00e1 ganar estrellas. En cada nivel del juego, debes reunir estrellas para avanzar al siguiente. \u00a1Hay suficientes preguntas intrigantes para mantener a todos interesados! \u00a1Salud por la aventura! Para continuar con la investigaci\u00f3n, \u00a1busca en una gran variedad de lugares cualquier cosa oculta! \u00a1Demuestra tus habilidades de pensamiento e investigaci\u00f3n, salva planetas y convi\u00e9rtete en un gran h\u00e9roe!<\/p>\n","protected":false},"excerpt":{"rendered":"<p>\u00a1Contin\u00faa tu investigaci\u00f3n y det\u00e9n el robo de estrellas! En Star Riddle: Encrucijada de mundos CE <\/p>\n","protected":false},"author":52,"featured_media":72088,"comment_status":"open","ping_status":"closed","template":"","meta":{"_acf_changed":false,"inline_featured_image":false},"product_brand":[],"product_cat":[166],"product_tag":[288],"class_list":{"0":"post-130066","1":"product","2":"type-product","3":"status-publish","4":"has-post-thumbnail","6":"product_cat-hidden-object-es","7":"product_tag-play-on-pc-es","9":"first","10":"instock","11":"shipping-taxable","12":"purchasable","13":"product-type-simple"},"acf":[],"yoast_head":"<!-- This site is optimized with the Yoast SEO Premium plugin v25.2 (Yoast SEO v25.2) - https:\/\/yoast.com\/wordpress\/plugins\/seo\/ -->\n<title>Crossroad of Worlds: Star Riddle Collector&#039;s Edition - \u00a1Pon fin a los robos de estrellas en Crossroad of Worlds<\/title>\n<meta name=\"description\" content=\"\u00a1Contin\u00faa tu investigaci\u00f3n y det\u00e9n el robo de estrellas! En Star Riddle: Encrucijada de mundos CE\" \/>\n<meta name=\"robots\" content=\"index, follow, max-snippet:-1, max-image-preview:large, max-video-preview:-1\" \/>\n<link rel=\"canonical\" href=\"https:\/\/www.iplay.com\/es\/games\/crossroad-of-worlds-star-riddle-collectors-edition\/\" \/>\n<meta property=\"og:locale\" content=\"es_ES\" \/>\n<meta property=\"og:type\" content=\"article\" \/>\n<meta property=\"og:title\" content=\"Crossroad of Worlds: Star Riddle Collector&#039;s Edition\" \/>\n<meta property=\"og:description\" content=\"\u00a1Contin\u00faa tu investigaci\u00f3n y det\u00e9n el robo de estrellas! En Star Riddle: Encrucijada de mundos CE\" \/>\n<meta property=\"og:url\" content=\"https:\/\/www.iplay.com\/es\/games\/crossroad-of-worlds-star-riddle-collectors-edition\/\" \/>\n<meta property=\"og:site_name\" content=\"IPlay\" \/>\n<meta property=\"og:image\" content=\"https:\/\/www.iplay.com\/wp-content\/uploads\/2023\/12\/large_square_tile_image-1996.jpg\" \/>\n\t<meta property=\"og:image:width\" content=\"310\" \/>\n\t<meta property=\"og:image:height\" content=\"310\" \/>\n\t<meta property=\"og:image:type\" content=\"image\/jpeg\" \/>\n<meta name=\"twitter:card\" content=\"summary_large_image\" \/>\n<meta name=\"twitter:label1\" content=\"Est. reading time\" \/>\n\t<meta name=\"twitter:data1\" content=\"2 minutos\" \/>\n<script type=\"application\/ld+json\" class=\"yoast-schema-graph\">{\"@context\":\"https:\/\/schema.org\",\"@graph\":[{\"@type\":\"WebPage\",\"@id\":\"https:\/\/www.iplay.com\/es\/games\/crossroad-of-worlds-star-riddle-collectors-edition\/\",\"url\":\"https:\/\/www.iplay.com\/es\/games\/crossroad-of-worlds-star-riddle-collectors-edition\/\",\"name\":\"Crossroad of Worlds: Star Riddle Collector's Edition - \u00a1Pon fin a los robos de estrellas en Crossroad of Worlds\",\"isPartOf\":{\"@id\":\"https:\/\/www.iplay.com\/en\/#website\"},\"primaryImageOfPage\":{\"@id\":\"https:\/\/www.iplay.com\/es\/games\/crossroad-of-worlds-star-riddle-collectors-edition\/#primaryimage\"},\"image\":{\"@id\":\"https:\/\/www.iplay.com\/es\/games\/crossroad-of-worlds-star-riddle-collectors-edition\/#primaryimage\"},\"thumbnailUrl\":\"https:\/\/www.iplay.com\/wp-content\/uploads\/2023\/12\/large_square_tile_image-1996.jpg\",\"datePublished\":\"2023-09-13T00:00:00+00:00\",\"description\":\"\u00a1Contin\u00faa tu investigaci\u00f3n y det\u00e9n el robo de estrellas! En Star Riddle: Encrucijada de mundos CE\",\"breadcrumb\":{\"@id\":\"https:\/\/www.iplay.com\/es\/games\/crossroad-of-worlds-star-riddle-collectors-edition\/#breadcrumb\"},\"inLanguage\":\"es\",\"potentialAction\":[{\"@type\":\"ReadAction\",\"target\":[\"https:\/\/www.iplay.com\/es\/games\/crossroad-of-worlds-star-riddle-collectors-edition\/\"]}]},{\"@type\":\"ImageObject\",\"inLanguage\":\"es\",\"@id\":\"https:\/\/www.iplay.com\/es\/games\/crossroad-of-worlds-star-riddle-collectors-edition\/#primaryimage\",\"url\":\"https:\/\/www.iplay.com\/wp-content\/uploads\/2023\/12\/large_square_tile_image-1996.jpg\",\"contentUrl\":\"https:\/\/www.iplay.com\/wp-content\/uploads\/2023\/12\/large_square_tile_image-1996.jpg\",\"width\":310,\"height\":310},{\"@type\":\"BreadcrumbList\",\"@id\":\"https:\/\/www.iplay.com\/es\/games\/crossroad-of-worlds-star-riddle-collectors-edition\/#breadcrumb\",\"itemListElement\":[{\"@type\":\"ListItem\",\"position\":1,\"name\":\"Home\",\"item\":\"https:\/\/www.iplay.com\/es\/home-page-2\/\"},{\"@type\":\"ListItem\",\"position\":2,\"name\":\"Shop\",\"item\":\"https:\/\/www.iplay.com\/en\/shop\/\"},{\"@type\":\"ListItem\",\"position\":3,\"name\":\"Crossroad of Worlds: Star Riddle Collector&#8217;s Edition\"}]},{\"@type\":\"WebSite\",\"@id\":\"https:\/\/www.iplay.com\/en\/#website\",\"url\":\"https:\/\/www.iplay.com\/en\/\",\"name\":\"IPlay\",\"description\":\"The Best Casual Games!\",\"publisher\":{\"@id\":\"https:\/\/www.iplay.com\/en\/#organization\"},\"potentialAction\":[{\"@type\":\"SearchAction\",\"target\":{\"@type\":\"EntryPoint\",\"urlTemplate\":\"https:\/\/www.iplay.com\/en\/?s={search_term_string}\"},\"query-input\":{\"@type\":\"PropertyValueSpecification\",\"valueRequired\":true,\"valueName\":\"search_term_string\"}}],\"inLanguage\":\"es\"},{\"@type\":\"Organization\",\"@id\":\"https:\/\/www.iplay.com\/en\/#organization\",\"name\":\"IPlay\",\"url\":\"https:\/\/www.iplay.com\/en\/\",\"logo\":{\"@type\":\"ImageObject\",\"inLanguage\":\"es\",\"@id\":\"https:\/\/www.iplay.com\/en\/#\/schema\/logo\/image\/\",\"url\":\"https:\/\/www.iplay.com\/wp-content\/uploads\/2023\/11\/Group-6100.svg\",\"contentUrl\":\"https:\/\/www.iplay.com\/wp-content\/uploads\/2023\/11\/Group-6100.svg\",\"width\":98,\"height\":25,\"caption\":\"IPlay\"},\"image\":{\"@id\":\"https:\/\/www.iplay.com\/en\/#\/schema\/logo\/image\/\"}}]}<\/script>\n<!-- \/ Yoast SEO Premium plugin. -->","yoast_head_json":{"title":"Crossroad of Worlds: Star Riddle Collector's Edition - \u00a1Pon fin a los robos de estrellas en Crossroad of Worlds","description":"\u00a1Contin\u00faa tu investigaci\u00f3n y det\u00e9n el robo de estrellas! En Star Riddle: Encrucijada de mundos CE","robots":{"index":"index","follow":"follow","max-snippet":"max-snippet:-1","max-image-preview":"max-image-preview:large","max-video-preview":"max-video-preview:-1"},"canonical":"https:\/\/www.iplay.com\/es\/games\/crossroad-of-worlds-star-riddle-collectors-edition\/","og_locale":"es_ES","og_type":"article","og_title":"Crossroad of Worlds: Star Riddle Collector's Edition","og_description":"\u00a1Contin\u00faa tu investigaci\u00f3n y det\u00e9n el robo de estrellas! En Star Riddle: Encrucijada de mundos CE","og_url":"https:\/\/www.iplay.com\/es\/games\/crossroad-of-worlds-star-riddle-collectors-edition\/","og_site_name":"IPlay","og_image":[{"width":310,"height":310,"url":"https:\/\/www.iplay.com\/wp-content\/uploads\/2023\/12\/large_square_tile_image-1996.jpg","type":"image\/jpeg"}],"twitter_card":"summary_large_image","twitter_misc":{"Est. reading time":"2 minutos"},"schema":{"@context":"https:\/\/schema.org","@graph":[{"@type":"WebPage","@id":"https:\/\/www.iplay.com\/es\/games\/crossroad-of-worlds-star-riddle-collectors-edition\/","url":"https:\/\/www.iplay.com\/es\/games\/crossroad-of-worlds-star-riddle-collectors-edition\/","name":"Crossroad of Worlds: Star Riddle Collector's Edition - \u00a1Pon fin a los robos de estrellas en Crossroad of Worlds","isPartOf":{"@id":"https:\/\/www.iplay.com\/en\/#website"},"primaryImageOfPage":{"@id":"https:\/\/www.iplay.com\/es\/games\/crossroad-of-worlds-star-riddle-collectors-edition\/#primaryimage"},"image":{"@id":"https:\/\/www.iplay.com\/es\/games\/crossroad-of-worlds-star-riddle-collectors-edition\/#primaryimage"},"thumbnailUrl":"https:\/\/www.iplay.com\/wp-content\/uploads\/2023\/12\/large_square_tile_image-1996.jpg","datePublished":"2023-09-13T00:00:00+00:00","description":"\u00a1Contin\u00faa tu investigaci\u00f3n y det\u00e9n el robo de estrellas! En Star Riddle: Encrucijada de mundos CE","breadcrumb":{"@id":"https:\/\/www.iplay.com\/es\/games\/crossroad-of-worlds-star-riddle-collectors-edition\/#breadcrumb"},"inLanguage":"es","potentialAction":[{"@type":"ReadAction","target":["https:\/\/www.iplay.com\/es\/games\/crossroad-of-worlds-star-riddle-collectors-edition\/"]}]},{"@type":"ImageObject","inLanguage":"es","@id":"https:\/\/www.iplay.com\/es\/games\/crossroad-of-worlds-star-riddle-collectors-edition\/#primaryimage","url":"https:\/\/www.iplay.com\/wp-content\/uploads\/2023\/12\/large_square_tile_image-1996.jpg","contentUrl":"https:\/\/www.iplay.com\/wp-content\/uploads\/2023\/12\/large_square_tile_image-1996.jpg","width":310,"height":310},{"@type":"BreadcrumbList","@id":"https:\/\/www.iplay.com\/es\/games\/crossroad-of-worlds-star-riddle-collectors-edition\/#breadcrumb","itemListElement":[{"@type":"ListItem","position":1,"name":"Home","item":"https:\/\/www.iplay.com\/es\/home-page-2\/"},{"@type":"ListItem","position":2,"name":"Shop","item":"https:\/\/www.iplay.com\/en\/shop\/"},{"@type":"ListItem","position":3,"name":"Crossroad of Worlds: Star Riddle Collector&#8217;s Edition"}]},{"@type":"WebSite","@id":"https:\/\/www.iplay.com\/en\/#website","url":"https:\/\/www.iplay.com\/en\/","name":"IPlay","description":"The Best Casual Games!","publisher":{"@id":"https:\/\/www.iplay.com\/en\/#organization"},"potentialAction":[{"@type":"SearchAction","target":{"@type":"EntryPoint","urlTemplate":"https:\/\/www.iplay.com\/en\/?s={search_term_string}"},"query-input":{"@type":"PropertyValueSpecification","valueRequired":true,"valueName":"search_term_string"}}],"inLanguage":"es"},{"@type":"Organization","@id":"https:\/\/www.iplay.com\/en\/#organization","name":"IPlay","url":"https:\/\/www.iplay.com\/en\/","logo":{"@type":"ImageObject","inLanguage":"es","@id":"https:\/\/www.iplay.com\/en\/#\/schema\/logo\/image\/","url":"https:\/\/www.iplay.com\/wp-content\/uploads\/2023\/11\/Group-6100.svg","contentUrl":"https:\/\/www.iplay.com\/wp-content\/uploads\/2023\/11\/Group-6100.svg","width":98,"height":25,"caption":"IPlay"},"image":{"@id":"https:\/\/www.iplay.com\/en\/#\/schema\/logo\/image\/"}}]}},"_links":{"self":[{"href":"https:\/\/www.iplay.com\/es\/wp-json\/wp\/v2\/product\/130066","targetHints":{"allow":["GET"]}}],"collection":[{"href":"https:\/\/www.iplay.com\/es\/wp-json\/wp\/v2\/product"}],"about":[{"href":"https:\/\/www.iplay.com\/es\/wp-json\/wp\/v2\/types\/product"}],"author":[{"embeddable":true,"href":"https:\/\/www.iplay.com\/es\/wp-json\/wp\/v2\/users\/52"}],"replies":[{"embeddable":true,"href":"https:\/\/www.iplay.com\/es\/wp-json\/wp\/v2\/comments?post=130066"}],"wp:featuredmedia":[{"embeddable":true,"href":"https:\/\/www.iplay.com\/es\/wp-json\/wp\/v2\/media\/72088"}],"wp:attachment":[{"href":"https:\/\/www.iplay.com\/es\/wp-json\/wp\/v2\/media?parent=130066"}],"wp:term":[{"taxonomy":"product_brand","embeddable":true,"href":"https:\/\/www.iplay.com\/es\/wp-json\/wp\/v2\/product_brand?post=130066"},{"taxonomy":"product_cat","embeddable":true,"href":"https:\/\/www.iplay.com\/es\/wp-json\/wp\/v2\/product_cat?post=130066"},{"taxonomy":"product_tag","embeddable":true,"href":"https:\/\/www.iplay.com\/es\/wp-json\/wp\/v2\/product_tag?post=130066"}],"curies":[{"name":"wp","href":"https:\/\/api.w.org\/{rel}","templated":true}]}}