{"id":129999,"date":"2023-08-21T00:00:00","date_gmt":"2023-08-21T00:00:00","guid":{"rendered":"https:\/\/www.iplay.com\/games\/greatest-dynasties-mahjong\/"},"modified":"2023-08-21T00:00:00","modified_gmt":"2023-08-21T00:00:00","slug":"greatest-dynasties-mahjong","status":"publish","type":"product","link":"https:\/\/www.iplay.com\/es\/games\/greatest-dynasties-mahjong\/","title":{"rendered":"Greatest Dynasties Mahjong"},"content":{"rendered":"<p>\u00a1Las dinast\u00edas m\u00e1s grandes participaron en este juego! Todos, desde emperadores hasta plebeyos, mejoraron su intelecto a trav\u00e9s de este juego. \u00bfQui\u00e9n sabe si esa fue la clave de su \u00e9xito? Hay casi 100 dise\u00f1os diferentes de juegos de mahjong. Haz una prueba de pensamiento interesante. Los m\u00e1s b\u00e1sicos y tradicionales son los primeros, seguidos de los tem\u00e1ticos incre\u00edbles. Juega en seis mundos de juego, cada uno con varias etapas dif\u00edciles. \u00a1Patrones de 200 fichas y rompecabezas de varias capas! \u00a1Pon a prueba tus habilidades!        <\/p>\n<p>&nbsp;<\/p>\n<p>&nbsp;<\/p>\n<p><strong>Funciones:<\/strong><\/p>\n<p>&nbsp;<\/p>\n<p>&#8211; Recoge fichas de oro para completar niveles y desbloquear la siguiente \u00e1rea.<\/p>\n<p>&#8211; Captura fichas de bonificaci\u00f3n para ganar dinero de bonificaci\u00f3n y recompensas.<\/p>\n<p>&#8211; Un multiplicador de combo que aumenta las monedas<\/p>\n<p>&#8211; 120 etapas<\/p>\n<p>&#8211; 6 ubicaciones<\/p>\n","protected":false},"excerpt":{"rendered":"<p>Con Greatest Dynasties Mahjong, puedes experimentar el desaf\u00edo del Mahjong.<\/p>\n","protected":false},"author":13,"featured_media":72344,"comment_status":"open","ping_status":"closed","template":"","meta":{"_acf_changed":false,"inline_featured_image":false},"product_brand":[],"product_cat":[174],"product_tag":[288],"class_list":{"0":"post-129999","1":"product","2":"type-product","3":"status-publish","4":"has-post-thumbnail","6":"product_cat-mahjong-es","7":"product_tag-play-on-pc-es","9":"first","10":"instock","11":"shipping-taxable","12":"purchasable","13":"product-type-simple"},"acf":[],"yoast_head":"<!-- This site is optimized with the Yoast SEO Premium plugin v25.2 (Yoast SEO v25.2) - https:\/\/yoast.com\/wordpress\/plugins\/seo\/ -->\n<title>Mahjong de las Grandes Dinast\u00edas - Experimenta el desaf\u00edo del mahjong de las Dinast\u00edas M\u00e1s Grandes<\/title>\n<meta name=\"description\" content=\"Con Greatest Dynasties Mahjong, puedes experimentar el desaf\u00edo del Mahjong.\" \/>\n<meta name=\"robots\" content=\"index, follow, max-snippet:-1, max-image-preview:large, max-video-preview:-1\" \/>\n<link rel=\"canonical\" href=\"https:\/\/www.iplay.com\/es\/games\/greatest-dynasties-mahjong\/\" \/>\n<meta property=\"og:locale\" content=\"es_ES\" \/>\n<meta property=\"og:type\" content=\"article\" \/>\n<meta property=\"og:title\" content=\"Greatest Dynasties Mahjong\" \/>\n<meta property=\"og:description\" content=\"Con Greatest Dynasties Mahjong, puedes experimentar el desaf\u00edo del Mahjong.\" \/>\n<meta property=\"og:url\" content=\"https:\/\/www.iplay.com\/es\/games\/greatest-dynasties-mahjong\/\" \/>\n<meta property=\"og:site_name\" content=\"IPlay\" \/>\n<meta property=\"og:image\" content=\"https:\/\/www.iplay.com\/wp-content\/uploads\/2023\/12\/large_square_tile_image-2013.jpg\" \/>\n\t<meta property=\"og:image:width\" content=\"310\" \/>\n\t<meta property=\"og:image:height\" content=\"310\" \/>\n\t<meta property=\"og:image:type\" content=\"image\/jpeg\" \/>\n<meta name=\"twitter:card\" content=\"summary_large_image\" \/>\n<meta name=\"twitter:label1\" content=\"Est. reading time\" \/>\n\t<meta name=\"twitter:data1\" content=\"1 minuto\" \/>\n<script type=\"application\/ld+json\" class=\"yoast-schema-graph\">{\"@context\":\"https:\/\/schema.org\",\"@graph\":[{\"@type\":\"WebPage\",\"@id\":\"https:\/\/www.iplay.com\/es\/games\/greatest-dynasties-mahjong\/\",\"url\":\"https:\/\/www.iplay.com\/es\/games\/greatest-dynasties-mahjong\/\",\"name\":\"Mahjong de las Grandes Dinast\u00edas - Experimenta el desaf\u00edo del mahjong de las Dinast\u00edas M\u00e1s Grandes\",\"isPartOf\":{\"@id\":\"https:\/\/www.iplay.com\/en\/#website\"},\"primaryImageOfPage\":{\"@id\":\"https:\/\/www.iplay.com\/es\/games\/greatest-dynasties-mahjong\/#primaryimage\"},\"image\":{\"@id\":\"https:\/\/www.iplay.com\/es\/games\/greatest-dynasties-mahjong\/#primaryimage\"},\"thumbnailUrl\":\"https:\/\/www.iplay.com\/wp-content\/uploads\/2023\/12\/large_square_tile_image-2013.jpg\",\"datePublished\":\"2023-08-21T00:00:00+00:00\",\"description\":\"Con Greatest Dynasties Mahjong, puedes experimentar el desaf\u00edo del Mahjong.\",\"breadcrumb\":{\"@id\":\"https:\/\/www.iplay.com\/es\/games\/greatest-dynasties-mahjong\/#breadcrumb\"},\"inLanguage\":\"es\",\"potentialAction\":[{\"@type\":\"ReadAction\",\"target\":[\"https:\/\/www.iplay.com\/es\/games\/greatest-dynasties-mahjong\/\"]}]},{\"@type\":\"ImageObject\",\"inLanguage\":\"es\",\"@id\":\"https:\/\/www.iplay.com\/es\/games\/greatest-dynasties-mahjong\/#primaryimage\",\"url\":\"https:\/\/www.iplay.com\/wp-content\/uploads\/2023\/12\/large_square_tile_image-2013.jpg\",\"contentUrl\":\"https:\/\/www.iplay.com\/wp-content\/uploads\/2023\/12\/large_square_tile_image-2013.jpg\",\"width\":310,\"height\":310},{\"@type\":\"BreadcrumbList\",\"@id\":\"https:\/\/www.iplay.com\/es\/games\/greatest-dynasties-mahjong\/#breadcrumb\",\"itemListElement\":[{\"@type\":\"ListItem\",\"position\":1,\"name\":\"Home\",\"item\":\"https:\/\/www.iplay.com\/es\/home-page-2\/\"},{\"@type\":\"ListItem\",\"position\":2,\"name\":\"Shop\",\"item\":\"https:\/\/www.iplay.com\/en\/shop\/\"},{\"@type\":\"ListItem\",\"position\":3,\"name\":\"Greatest Dynasties Mahjong\"}]},{\"@type\":\"WebSite\",\"@id\":\"https:\/\/www.iplay.com\/en\/#website\",\"url\":\"https:\/\/www.iplay.com\/en\/\",\"name\":\"IPlay\",\"description\":\"The Best Casual Games!\",\"publisher\":{\"@id\":\"https:\/\/www.iplay.com\/en\/#organization\"},\"potentialAction\":[{\"@type\":\"SearchAction\",\"target\":{\"@type\":\"EntryPoint\",\"urlTemplate\":\"https:\/\/www.iplay.com\/en\/?s={search_term_string}\"},\"query-input\":{\"@type\":\"PropertyValueSpecification\",\"valueRequired\":true,\"valueName\":\"search_term_string\"}}],\"inLanguage\":\"es\"},{\"@type\":\"Organization\",\"@id\":\"https:\/\/www.iplay.com\/en\/#organization\",\"name\":\"IPlay\",\"url\":\"https:\/\/www.iplay.com\/en\/\",\"logo\":{\"@type\":\"ImageObject\",\"inLanguage\":\"es\",\"@id\":\"https:\/\/www.iplay.com\/en\/#\/schema\/logo\/image\/\",\"url\":\"https:\/\/www.iplay.com\/wp-content\/uploads\/2023\/11\/Group-6100.svg\",\"contentUrl\":\"https:\/\/www.iplay.com\/wp-content\/uploads\/2023\/11\/Group-6100.svg\",\"width\":98,\"height\":25,\"caption\":\"IPlay\"},\"image\":{\"@id\":\"https:\/\/www.iplay.com\/en\/#\/schema\/logo\/image\/\"}}]}<\/script>\n<!-- \/ Yoast SEO Premium plugin. -->","yoast_head_json":{"title":"Mahjong de las Grandes Dinast\u00edas - Experimenta el desaf\u00edo del mahjong de las Dinast\u00edas M\u00e1s Grandes","description":"Con Greatest Dynasties Mahjong, puedes experimentar el desaf\u00edo del Mahjong.","robots":{"index":"index","follow":"follow","max-snippet":"max-snippet:-1","max-image-preview":"max-image-preview:large","max-video-preview":"max-video-preview:-1"},"canonical":"https:\/\/www.iplay.com\/es\/games\/greatest-dynasties-mahjong\/","og_locale":"es_ES","og_type":"article","og_title":"Greatest Dynasties Mahjong","og_description":"Con Greatest Dynasties Mahjong, puedes experimentar el desaf\u00edo del Mahjong.","og_url":"https:\/\/www.iplay.com\/es\/games\/greatest-dynasties-mahjong\/","og_site_name":"IPlay","og_image":[{"width":310,"height":310,"url":"https:\/\/www.iplay.com\/wp-content\/uploads\/2023\/12\/large_square_tile_image-2013.jpg","type":"image\/jpeg"}],"twitter_card":"summary_large_image","twitter_misc":{"Est. reading time":"1 minuto"},"schema":{"@context":"https:\/\/schema.org","@graph":[{"@type":"WebPage","@id":"https:\/\/www.iplay.com\/es\/games\/greatest-dynasties-mahjong\/","url":"https:\/\/www.iplay.com\/es\/games\/greatest-dynasties-mahjong\/","name":"Mahjong de las Grandes Dinast\u00edas - Experimenta el desaf\u00edo del mahjong de las Dinast\u00edas M\u00e1s Grandes","isPartOf":{"@id":"https:\/\/www.iplay.com\/en\/#website"},"primaryImageOfPage":{"@id":"https:\/\/www.iplay.com\/es\/games\/greatest-dynasties-mahjong\/#primaryimage"},"image":{"@id":"https:\/\/www.iplay.com\/es\/games\/greatest-dynasties-mahjong\/#primaryimage"},"thumbnailUrl":"https:\/\/www.iplay.com\/wp-content\/uploads\/2023\/12\/large_square_tile_image-2013.jpg","datePublished":"2023-08-21T00:00:00+00:00","description":"Con Greatest Dynasties Mahjong, puedes experimentar el desaf\u00edo del Mahjong.","breadcrumb":{"@id":"https:\/\/www.iplay.com\/es\/games\/greatest-dynasties-mahjong\/#breadcrumb"},"inLanguage":"es","potentialAction":[{"@type":"ReadAction","target":["https:\/\/www.iplay.com\/es\/games\/greatest-dynasties-mahjong\/"]}]},{"@type":"ImageObject","inLanguage":"es","@id":"https:\/\/www.iplay.com\/es\/games\/greatest-dynasties-mahjong\/#primaryimage","url":"https:\/\/www.iplay.com\/wp-content\/uploads\/2023\/12\/large_square_tile_image-2013.jpg","contentUrl":"https:\/\/www.iplay.com\/wp-content\/uploads\/2023\/12\/large_square_tile_image-2013.jpg","width":310,"height":310},{"@type":"BreadcrumbList","@id":"https:\/\/www.iplay.com\/es\/games\/greatest-dynasties-mahjong\/#breadcrumb","itemListElement":[{"@type":"ListItem","position":1,"name":"Home","item":"https:\/\/www.iplay.com\/es\/home-page-2\/"},{"@type":"ListItem","position":2,"name":"Shop","item":"https:\/\/www.iplay.com\/en\/shop\/"},{"@type":"ListItem","position":3,"name":"Greatest Dynasties Mahjong"}]},{"@type":"WebSite","@id":"https:\/\/www.iplay.com\/en\/#website","url":"https:\/\/www.iplay.com\/en\/","name":"IPlay","description":"The Best Casual Games!","publisher":{"@id":"https:\/\/www.iplay.com\/en\/#organization"},"potentialAction":[{"@type":"SearchAction","target":{"@type":"EntryPoint","urlTemplate":"https:\/\/www.iplay.com\/en\/?s={search_term_string}"},"query-input":{"@type":"PropertyValueSpecification","valueRequired":true,"valueName":"search_term_string"}}],"inLanguage":"es"},{"@type":"Organization","@id":"https:\/\/www.iplay.com\/en\/#organization","name":"IPlay","url":"https:\/\/www.iplay.com\/en\/","logo":{"@type":"ImageObject","inLanguage":"es","@id":"https:\/\/www.iplay.com\/en\/#\/schema\/logo\/image\/","url":"https:\/\/www.iplay.com\/wp-content\/uploads\/2023\/11\/Group-6100.svg","contentUrl":"https:\/\/www.iplay.com\/wp-content\/uploads\/2023\/11\/Group-6100.svg","width":98,"height":25,"caption":"IPlay"},"image":{"@id":"https:\/\/www.iplay.com\/en\/#\/schema\/logo\/image\/"}}]}},"_links":{"self":[{"href":"https:\/\/www.iplay.com\/es\/wp-json\/wp\/v2\/product\/129999","targetHints":{"allow":["GET"]}}],"collection":[{"href":"https:\/\/www.iplay.com\/es\/wp-json\/wp\/v2\/product"}],"about":[{"href":"https:\/\/www.iplay.com\/es\/wp-json\/wp\/v2\/types\/product"}],"author":[{"embeddable":true,"href":"https:\/\/www.iplay.com\/es\/wp-json\/wp\/v2\/users\/13"}],"replies":[{"embeddable":true,"href":"https:\/\/www.iplay.com\/es\/wp-json\/wp\/v2\/comments?post=129999"}],"wp:featuredmedia":[{"embeddable":true,"href":"https:\/\/www.iplay.com\/es\/wp-json\/wp\/v2\/media\/72344"}],"wp:attachment":[{"href":"https:\/\/www.iplay.com\/es\/wp-json\/wp\/v2\/media?parent=129999"}],"wp:term":[{"taxonomy":"product_brand","embeddable":true,"href":"https:\/\/www.iplay.com\/es\/wp-json\/wp\/v2\/product_brand?post=129999"},{"taxonomy":"product_cat","embeddable":true,"href":"https:\/\/www.iplay.com\/es\/wp-json\/wp\/v2\/product_cat?post=129999"},{"taxonomy":"product_tag","embeddable":true,"href":"https:\/\/www.iplay.com\/es\/wp-json\/wp\/v2\/product_tag?post=129999"}],"curies":[{"name":"wp","href":"https:\/\/api.w.org\/{rel}","templated":true}]}}