{"id":129920,"date":"2023-07-28T00:00:00","date_gmt":"2023-07-28T00:00:00","guid":{"rendered":"https:\/\/www.iplay.com\/games\/city-legends-ghost-of-misty-hill-collectors-edition\/"},"modified":"2023-07-28T00:00:00","modified_gmt":"2023-07-28T00:00:00","slug":"city-legends-ghost-of-misty-hill-collectors-edition","status":"publish","type":"product","link":"https:\/\/www.iplay.com\/es\/games\/city-legends-ghost-of-misty-hill-collectors-edition\/","title":{"rendered":"City Legends: Ghost of Misty Hill Collector&#8217;s Edition"},"content":{"rendered":"<p>Buscando su pareja de almas. \u00bfO un alma a la que exigir retribuci\u00f3n? Michael Ring se pone en contacto contigo inesperadamente con un mensaje cr\u00edptico despu\u00e9s de que hayas publicado sus novelas m\u00e1s recientes. Michael Ring es uno de tus viejos amigos. Por sugerencia de su madre, Michael supuestamente se registr\u00f3 en el Centro de Tratamiento de Misty Hill. Su vida estaba pasando por un per\u00edodo dif\u00edcil, por lo que necesitaba un descanso. Ahora te pide ayuda. \u00bfC\u00f3mo pudo haber llegado all\u00ed el conocido escritor? \u00bfEs Michael la v\u00edctima intencionada de los horribles susurros de que ese espeluznante hospital est\u00e1 embrujado por fantasmas? Re\u00fane toda tu raz\u00f3n e inteligencia para llegar al fondo de esta horrible investigaci\u00f3n.         <\/p>\n<p>&nbsp;<\/p>\n<p>&nbsp;<\/p>\n<p><strong>Funciones:<\/strong><\/p>\n<p>&nbsp;<\/p>\n<p>&#8211; \u00a1Las elecciones tienen consecuencias! Puedes elegir el di\u00e1logo del personaje para una escena determinada, lo que afectar\u00e1 la trama del thriller g\u00f3tico. \u00a1Saborea el valor de la repetici\u00f3n y recuerda que la forma en que este horror psicol\u00f3gico se desarrolla y afecta a la vida de los personajes depende de ti!  <\/p>\n<p>&#8211; \u00a1Espacios cerrados! De vez en cuando, siguen existiendo entre los dos mundos. Es posible ser amigable con lo sobrenatural. Esa es una pregunta dif\u00edcil. Aqu\u00ed encontrar\u00e1s relajantes minijuegos de gesti\u00f3n de inventario, acertijos dif\u00edciles y acertijos cautivadores. \u00a1Localiza la habitaci\u00f3n secreta para que puedas jugar un divertido juego de mesa contra Laura!     <\/p>\n<p>&#8211; \u00a1Misterio y secreto! \u00a1Explora los alrededores noir, llenos de objetos ocultos y pistas que te ayudar\u00e1n a resolver el crimen! En esta misi\u00f3n en primera persona, debes resolver acertijos sencillos y atractivos minijuegos de apuntar y hacer clic para descubrir la verdad.  <\/p>\n<p>&#8211; Un cap\u00edtulo adicional. Cuando vas a Misty Hill Treatment Middle para ver a un amigo cercano, no eres bienvenido; En cambio, te ves inmerso en una pesadilla horrible. Termina la investigaci\u00f3n principal para un jugador para obtener acceso a la misi\u00f3n de bonificaci\u00f3n y descubrir m\u00e1s sobre el misterio que rodea a un teatro abandonado en Pensilvania.<\/p>\n","protected":false},"excerpt":{"rendered":"<p>\u00bfEres capaz de revelar los misterios m\u00e1s oscuros de Misty Hill?<\/p>\n","protected":false},"author":52,"featured_media":89271,"comment_status":"open","ping_status":"closed","template":"","meta":{"_acf_changed":false,"inline_featured_image":false},"product_brand":[],"product_cat":[166],"product_tag":[288],"class_list":{"0":"post-129920","1":"product","2":"type-product","3":"status-publish","4":"has-post-thumbnail","6":"product_cat-hidden-object-es","7":"product_tag-play-on-pc-es","9":"first","10":"instock","11":"shipping-taxable","12":"purchasable","13":"product-type-simple"},"acf":[],"yoast_head":"<!-- This site is optimized with the Yoast SEO Premium plugin v25.2 (Yoast SEO v25.2) - https:\/\/yoast.com\/wordpress\/plugins\/seo\/ -->\n<title>City Legends: Ghost of Misty Hill Edici\u00f3n Coleccionista - \u00bfPodr\u00e1s descubrir los secretos m\u00e1s siniestros de Misty Hill?<\/title>\n<meta name=\"description\" content=\"\u00bfEres capaz de revelar los misterios m\u00e1s oscuros de Misty Hill?\" \/>\n<meta name=\"robots\" content=\"index, follow, max-snippet:-1, max-image-preview:large, max-video-preview:-1\" \/>\n<link rel=\"canonical\" href=\"https:\/\/www.iplay.com\/es\/games\/city-legends-ghost-of-misty-hill-collectors-edition\/\" \/>\n<meta property=\"og:locale\" content=\"es_ES\" \/>\n<meta property=\"og:type\" content=\"article\" \/>\n<meta property=\"og:title\" content=\"City Legends: Ghost of Misty Hill Collector&#039;s Edition\" \/>\n<meta property=\"og:description\" content=\"\u00bfEres capaz de revelar los misterios m\u00e1s oscuros de Misty Hill?\" \/>\n<meta property=\"og:url\" content=\"https:\/\/www.iplay.com\/es\/games\/city-legends-ghost-of-misty-hill-collectors-edition\/\" \/>\n<meta property=\"og:site_name\" content=\"IPlay\" \/>\n<meta property=\"og:image\" content=\"https:\/\/www.iplay.com\/wp-content\/uploads\/2023\/12\/large_square_tile_image-3091.jpg\" \/>\n\t<meta property=\"og:image:width\" content=\"310\" \/>\n\t<meta property=\"og:image:height\" content=\"310\" \/>\n\t<meta property=\"og:image:type\" content=\"image\/jpeg\" \/>\n<meta name=\"twitter:card\" content=\"summary_large_image\" \/>\n<meta name=\"twitter:label1\" content=\"Est. reading time\" \/>\n\t<meta name=\"twitter:data1\" content=\"2 minutos\" \/>\n<script type=\"application\/ld+json\" class=\"yoast-schema-graph\">{\"@context\":\"https:\/\/schema.org\",\"@graph\":[{\"@type\":\"WebPage\",\"@id\":\"https:\/\/www.iplay.com\/es\/games\/city-legends-ghost-of-misty-hill-collectors-edition\/\",\"url\":\"https:\/\/www.iplay.com\/es\/games\/city-legends-ghost-of-misty-hill-collectors-edition\/\",\"name\":\"City Legends: Ghost of Misty Hill Edici\u00f3n Coleccionista - \u00bfPodr\u00e1s descubrir los secretos m\u00e1s siniestros de Misty Hill?\",\"isPartOf\":{\"@id\":\"https:\/\/www.iplay.com\/en\/#website\"},\"primaryImageOfPage\":{\"@id\":\"https:\/\/www.iplay.com\/es\/games\/city-legends-ghost-of-misty-hill-collectors-edition\/#primaryimage\"},\"image\":{\"@id\":\"https:\/\/www.iplay.com\/es\/games\/city-legends-ghost-of-misty-hill-collectors-edition\/#primaryimage\"},\"thumbnailUrl\":\"https:\/\/www.iplay.com\/wp-content\/uploads\/2023\/12\/large_square_tile_image-3091.jpg\",\"datePublished\":\"2023-07-28T00:00:00+00:00\",\"description\":\"\u00bfEres capaz de revelar los misterios m\u00e1s oscuros de Misty Hill?\",\"breadcrumb\":{\"@id\":\"https:\/\/www.iplay.com\/es\/games\/city-legends-ghost-of-misty-hill-collectors-edition\/#breadcrumb\"},\"inLanguage\":\"es\",\"potentialAction\":[{\"@type\":\"ReadAction\",\"target\":[\"https:\/\/www.iplay.com\/es\/games\/city-legends-ghost-of-misty-hill-collectors-edition\/\"]}]},{\"@type\":\"ImageObject\",\"inLanguage\":\"es\",\"@id\":\"https:\/\/www.iplay.com\/es\/games\/city-legends-ghost-of-misty-hill-collectors-edition\/#primaryimage\",\"url\":\"https:\/\/www.iplay.com\/wp-content\/uploads\/2023\/12\/large_square_tile_image-3091.jpg\",\"contentUrl\":\"https:\/\/www.iplay.com\/wp-content\/uploads\/2023\/12\/large_square_tile_image-3091.jpg\",\"width\":310,\"height\":310},{\"@type\":\"BreadcrumbList\",\"@id\":\"https:\/\/www.iplay.com\/es\/games\/city-legends-ghost-of-misty-hill-collectors-edition\/#breadcrumb\",\"itemListElement\":[{\"@type\":\"ListItem\",\"position\":1,\"name\":\"Home\",\"item\":\"https:\/\/www.iplay.com\/es\/home-page-2\/\"},{\"@type\":\"ListItem\",\"position\":2,\"name\":\"Shop\",\"item\":\"https:\/\/www.iplay.com\/en\/shop\/\"},{\"@type\":\"ListItem\",\"position\":3,\"name\":\"City Legends: Ghost of Misty Hill Collector&#8217;s Edition\"}]},{\"@type\":\"WebSite\",\"@id\":\"https:\/\/www.iplay.com\/en\/#website\",\"url\":\"https:\/\/www.iplay.com\/en\/\",\"name\":\"IPlay\",\"description\":\"The Best Casual Games!\",\"publisher\":{\"@id\":\"https:\/\/www.iplay.com\/en\/#organization\"},\"potentialAction\":[{\"@type\":\"SearchAction\",\"target\":{\"@type\":\"EntryPoint\",\"urlTemplate\":\"https:\/\/www.iplay.com\/en\/?s={search_term_string}\"},\"query-input\":{\"@type\":\"PropertyValueSpecification\",\"valueRequired\":true,\"valueName\":\"search_term_string\"}}],\"inLanguage\":\"es\"},{\"@type\":\"Organization\",\"@id\":\"https:\/\/www.iplay.com\/en\/#organization\",\"name\":\"IPlay\",\"url\":\"https:\/\/www.iplay.com\/en\/\",\"logo\":{\"@type\":\"ImageObject\",\"inLanguage\":\"es\",\"@id\":\"https:\/\/www.iplay.com\/en\/#\/schema\/logo\/image\/\",\"url\":\"https:\/\/www.iplay.com\/wp-content\/uploads\/2023\/11\/Group-6100.svg\",\"contentUrl\":\"https:\/\/www.iplay.com\/wp-content\/uploads\/2023\/11\/Group-6100.svg\",\"width\":98,\"height\":25,\"caption\":\"IPlay\"},\"image\":{\"@id\":\"https:\/\/www.iplay.com\/en\/#\/schema\/logo\/image\/\"}}]}<\/script>\n<!-- \/ Yoast SEO Premium plugin. -->","yoast_head_json":{"title":"City Legends: Ghost of Misty Hill Edici\u00f3n Coleccionista - \u00bfPodr\u00e1s descubrir los secretos m\u00e1s siniestros de Misty Hill?","description":"\u00bfEres capaz de revelar los misterios m\u00e1s oscuros de Misty Hill?","robots":{"index":"index","follow":"follow","max-snippet":"max-snippet:-1","max-image-preview":"max-image-preview:large","max-video-preview":"max-video-preview:-1"},"canonical":"https:\/\/www.iplay.com\/es\/games\/city-legends-ghost-of-misty-hill-collectors-edition\/","og_locale":"es_ES","og_type":"article","og_title":"City Legends: Ghost of Misty Hill Collector's Edition","og_description":"\u00bfEres capaz de revelar los misterios m\u00e1s oscuros de Misty Hill?","og_url":"https:\/\/www.iplay.com\/es\/games\/city-legends-ghost-of-misty-hill-collectors-edition\/","og_site_name":"IPlay","og_image":[{"width":310,"height":310,"url":"https:\/\/www.iplay.com\/wp-content\/uploads\/2023\/12\/large_square_tile_image-3091.jpg","type":"image\/jpeg"}],"twitter_card":"summary_large_image","twitter_misc":{"Est. reading time":"2 minutos"},"schema":{"@context":"https:\/\/schema.org","@graph":[{"@type":"WebPage","@id":"https:\/\/www.iplay.com\/es\/games\/city-legends-ghost-of-misty-hill-collectors-edition\/","url":"https:\/\/www.iplay.com\/es\/games\/city-legends-ghost-of-misty-hill-collectors-edition\/","name":"City Legends: Ghost of Misty Hill Edici\u00f3n Coleccionista - \u00bfPodr\u00e1s descubrir los secretos m\u00e1s siniestros de Misty Hill?","isPartOf":{"@id":"https:\/\/www.iplay.com\/en\/#website"},"primaryImageOfPage":{"@id":"https:\/\/www.iplay.com\/es\/games\/city-legends-ghost-of-misty-hill-collectors-edition\/#primaryimage"},"image":{"@id":"https:\/\/www.iplay.com\/es\/games\/city-legends-ghost-of-misty-hill-collectors-edition\/#primaryimage"},"thumbnailUrl":"https:\/\/www.iplay.com\/wp-content\/uploads\/2023\/12\/large_square_tile_image-3091.jpg","datePublished":"2023-07-28T00:00:00+00:00","description":"\u00bfEres capaz de revelar los misterios m\u00e1s oscuros de Misty Hill?","breadcrumb":{"@id":"https:\/\/www.iplay.com\/es\/games\/city-legends-ghost-of-misty-hill-collectors-edition\/#breadcrumb"},"inLanguage":"es","potentialAction":[{"@type":"ReadAction","target":["https:\/\/www.iplay.com\/es\/games\/city-legends-ghost-of-misty-hill-collectors-edition\/"]}]},{"@type":"ImageObject","inLanguage":"es","@id":"https:\/\/www.iplay.com\/es\/games\/city-legends-ghost-of-misty-hill-collectors-edition\/#primaryimage","url":"https:\/\/www.iplay.com\/wp-content\/uploads\/2023\/12\/large_square_tile_image-3091.jpg","contentUrl":"https:\/\/www.iplay.com\/wp-content\/uploads\/2023\/12\/large_square_tile_image-3091.jpg","width":310,"height":310},{"@type":"BreadcrumbList","@id":"https:\/\/www.iplay.com\/es\/games\/city-legends-ghost-of-misty-hill-collectors-edition\/#breadcrumb","itemListElement":[{"@type":"ListItem","position":1,"name":"Home","item":"https:\/\/www.iplay.com\/es\/home-page-2\/"},{"@type":"ListItem","position":2,"name":"Shop","item":"https:\/\/www.iplay.com\/en\/shop\/"},{"@type":"ListItem","position":3,"name":"City Legends: Ghost of Misty Hill Collector&#8217;s Edition"}]},{"@type":"WebSite","@id":"https:\/\/www.iplay.com\/en\/#website","url":"https:\/\/www.iplay.com\/en\/","name":"IPlay","description":"The Best Casual Games!","publisher":{"@id":"https:\/\/www.iplay.com\/en\/#organization"},"potentialAction":[{"@type":"SearchAction","target":{"@type":"EntryPoint","urlTemplate":"https:\/\/www.iplay.com\/en\/?s={search_term_string}"},"query-input":{"@type":"PropertyValueSpecification","valueRequired":true,"valueName":"search_term_string"}}],"inLanguage":"es"},{"@type":"Organization","@id":"https:\/\/www.iplay.com\/en\/#organization","name":"IPlay","url":"https:\/\/www.iplay.com\/en\/","logo":{"@type":"ImageObject","inLanguage":"es","@id":"https:\/\/www.iplay.com\/en\/#\/schema\/logo\/image\/","url":"https:\/\/www.iplay.com\/wp-content\/uploads\/2023\/11\/Group-6100.svg","contentUrl":"https:\/\/www.iplay.com\/wp-content\/uploads\/2023\/11\/Group-6100.svg","width":98,"height":25,"caption":"IPlay"},"image":{"@id":"https:\/\/www.iplay.com\/en\/#\/schema\/logo\/image\/"}}]}},"_links":{"self":[{"href":"https:\/\/www.iplay.com\/es\/wp-json\/wp\/v2\/product\/129920","targetHints":{"allow":["GET"]}}],"collection":[{"href":"https:\/\/www.iplay.com\/es\/wp-json\/wp\/v2\/product"}],"about":[{"href":"https:\/\/www.iplay.com\/es\/wp-json\/wp\/v2\/types\/product"}],"author":[{"embeddable":true,"href":"https:\/\/www.iplay.com\/es\/wp-json\/wp\/v2\/users\/52"}],"replies":[{"embeddable":true,"href":"https:\/\/www.iplay.com\/es\/wp-json\/wp\/v2\/comments?post=129920"}],"wp:featuredmedia":[{"embeddable":true,"href":"https:\/\/www.iplay.com\/es\/wp-json\/wp\/v2\/media\/89271"}],"wp:attachment":[{"href":"https:\/\/www.iplay.com\/es\/wp-json\/wp\/v2\/media?parent=129920"}],"wp:term":[{"taxonomy":"product_brand","embeddable":true,"href":"https:\/\/www.iplay.com\/es\/wp-json\/wp\/v2\/product_brand?post=129920"},{"taxonomy":"product_cat","embeddable":true,"href":"https:\/\/www.iplay.com\/es\/wp-json\/wp\/v2\/product_cat?post=129920"},{"taxonomy":"product_tag","embeddable":true,"href":"https:\/\/www.iplay.com\/es\/wp-json\/wp\/v2\/product_tag?post=129920"}],"curies":[{"name":"wp","href":"https:\/\/api.w.org\/{rel}","templated":true}]}}