{"id":129887,"date":"2024-07-10T12:00:33","date_gmt":"2024-07-10T12:00:33","guid":{"rendered":"https:\/\/www.iplay.com\/games\/crossroads-what-was-lost\/"},"modified":"2024-07-10T12:00:33","modified_gmt":"2024-07-10T12:00:33","slug":"crossroads-what-was-lost","status":"publish","type":"product","link":"https:\/\/www.iplay.com\/es\/games\/crossroads-what-was-lost\/","title":{"rendered":"Crossroads: What Was Lost"},"content":{"rendered":"<p>En <strong>Crossroads: What Was Lost<\/strong>, tu amado consejero c\u00f3smico, ahora un camarero, regresa.<\/p>\n<p><em>ADVERTENCIA: Los momentos psicol\u00f3gicos aterradores en este juego de terror pueden ser perturbadores. No es para los pusil\u00e1nimes. <\/em><\/p>\n<p>Eden, luchando por entenderse a s\u00ed misma despu\u00e9s de una tragedia, se encuentra con Crossroads y la camarera Mistress Eve justo a tiempo. Estas tres f\u00e1bulas escalofriantes, ideales para guiar el Ed\u00e9n debido a su amor compartido por los cuentos de hadas y el folclore, deben abordarse con precauci\u00f3n. Cada decisi\u00f3n tomada en Crossroads no solo te afecta a ti, sino a cada personaje que encuentras. \u00bfSe aprender\u00e1n las lecciones de la se\u00f1ora Eva o estas historias se volver\u00e1n tr\u00e1gicas? Desc\u00fabrelo en este espeluznante y emocionante juego de rompecabezas de objetos ocultos.    <\/p>\n<p>&nbsp;<\/p>\n<p>Funciones:<\/p>\n<ul>\n<li>Las obras de arte originales dan vida a tres historias aterradoras.<\/li>\n<li>Las decisiones influyen en el resultado de cada historia.<\/li>\n<li>Disfruta de numerosas escenas con objetos ocultos.<\/li>\n<li>Incluye rompecabezas, minijuegos y m\u00e1s.<\/li>\n<\/ul>\n","protected":false},"excerpt":{"rendered":"<p>\u00bfPuedes navegar por tres historias aterradoras y encontrar un nuevo camino con <strong>Crossroads: What Was Lost?<\/strong><\/p>\n","protected":false},"author":17,"featured_media":116121,"comment_status":"open","ping_status":"closed","template":"","meta":{"_acf_changed":false,"inline_featured_image":false},"product_brand":[],"product_cat":[166],"product_tag":[288],"class_list":{"0":"post-129887","1":"product","2":"type-product","3":"status-publish","4":"has-post-thumbnail","6":"product_cat-hidden-object-es","7":"product_tag-play-on-pc-es","9":"first","10":"instock","11":"shipping-taxable","12":"purchasable","13":"product-type-simple"},"acf":[],"yoast_head":"<!-- This site is optimized with the Yoast SEO Premium plugin v25.2 (Yoast SEO v25.2) - https:\/\/yoast.com\/wordpress\/plugins\/seo\/ -->\n<title>Crossroads: What Was Lost - \u00bfPuedes encontrar un nuevo camino?<\/title>\n<meta name=\"description\" content=\"\u00bfPuedes navegar por tres historias aterradoras y encontrar un nuevo camino con Crossroads: What Was Lost?\" \/>\n<meta name=\"robots\" content=\"index, follow, max-snippet:-1, max-image-preview:large, max-video-preview:-1\" \/>\n<link rel=\"canonical\" href=\"https:\/\/www.iplay.com\/es\/games\/crossroads-what-was-lost\/\" \/>\n<meta property=\"og:locale\" content=\"es_ES\" \/>\n<meta property=\"og:type\" content=\"article\" \/>\n<meta property=\"og:title\" content=\"Crossroads: What Was Lost\" \/>\n<meta property=\"og:description\" content=\"\u00bfPuedes navegar por tres historias aterradoras y encontrar un nuevo camino con Crossroads: What Was Lost?\" \/>\n<meta property=\"og:url\" content=\"https:\/\/www.iplay.com\/es\/games\/crossroads-what-was-lost\/\" \/>\n<meta property=\"og:site_name\" content=\"IPlay\" \/>\n<meta property=\"og:image\" content=\"https:\/\/www.iplay.com\/wp-content\/uploads\/2024\/07\/Crossroads-What-Was-Lost_large_square_tile_image.webp\" \/>\n\t<meta property=\"og:image:width\" content=\"715\" \/>\n\t<meta property=\"og:image:height\" content=\"485\" \/>\n\t<meta property=\"og:image:type\" content=\"image\/webp\" \/>\n<meta name=\"twitter:card\" content=\"summary_large_image\" \/>\n<meta name=\"twitter:label1\" content=\"Est. reading time\" \/>\n\t<meta name=\"twitter:data1\" content=\"1 minuto\" \/>\n<script type=\"application\/ld+json\" class=\"yoast-schema-graph\">{\"@context\":\"https:\/\/schema.org\",\"@graph\":[{\"@type\":\"WebPage\",\"@id\":\"https:\/\/www.iplay.com\/es\/games\/crossroads-what-was-lost\/\",\"url\":\"https:\/\/www.iplay.com\/es\/games\/crossroads-what-was-lost\/\",\"name\":\"Crossroads: What Was Lost - \u00bfPuedes encontrar un nuevo camino?\",\"isPartOf\":{\"@id\":\"https:\/\/www.iplay.com\/en\/#website\"},\"primaryImageOfPage\":{\"@id\":\"https:\/\/www.iplay.com\/es\/games\/crossroads-what-was-lost\/#primaryimage\"},\"image\":{\"@id\":\"https:\/\/www.iplay.com\/es\/games\/crossroads-what-was-lost\/#primaryimage\"},\"thumbnailUrl\":\"https:\/\/www.iplay.com\/wp-content\/uploads\/2024\/07\/Crossroads-What-Was-Lost_large_square_tile_image.webp\",\"datePublished\":\"2024-07-10T12:00:33+00:00\",\"description\":\"\u00bfPuedes navegar por tres historias aterradoras y encontrar un nuevo camino con Crossroads: What Was Lost?\",\"breadcrumb\":{\"@id\":\"https:\/\/www.iplay.com\/es\/games\/crossroads-what-was-lost\/#breadcrumb\"},\"inLanguage\":\"es\",\"potentialAction\":[{\"@type\":\"ReadAction\",\"target\":[\"https:\/\/www.iplay.com\/es\/games\/crossroads-what-was-lost\/\"]}]},{\"@type\":\"ImageObject\",\"inLanguage\":\"es\",\"@id\":\"https:\/\/www.iplay.com\/es\/games\/crossroads-what-was-lost\/#primaryimage\",\"url\":\"https:\/\/www.iplay.com\/wp-content\/uploads\/2024\/07\/Crossroads-What-Was-Lost_large_square_tile_image.webp\",\"contentUrl\":\"https:\/\/www.iplay.com\/wp-content\/uploads\/2024\/07\/Crossroads-What-Was-Lost_large_square_tile_image.webp\",\"width\":715,\"height\":485},{\"@type\":\"BreadcrumbList\",\"@id\":\"https:\/\/www.iplay.com\/es\/games\/crossroads-what-was-lost\/#breadcrumb\",\"itemListElement\":[{\"@type\":\"ListItem\",\"position\":1,\"name\":\"Home\",\"item\":\"https:\/\/www.iplay.com\/es\/home-page-2\/\"},{\"@type\":\"ListItem\",\"position\":2,\"name\":\"Shop\",\"item\":\"https:\/\/www.iplay.com\/en\/shop\/\"},{\"@type\":\"ListItem\",\"position\":3,\"name\":\"Crossroads: What Was Lost\"}]},{\"@type\":\"WebSite\",\"@id\":\"https:\/\/www.iplay.com\/en\/#website\",\"url\":\"https:\/\/www.iplay.com\/en\/\",\"name\":\"IPlay\",\"description\":\"The Best Casual Games!\",\"publisher\":{\"@id\":\"https:\/\/www.iplay.com\/en\/#organization\"},\"potentialAction\":[{\"@type\":\"SearchAction\",\"target\":{\"@type\":\"EntryPoint\",\"urlTemplate\":\"https:\/\/www.iplay.com\/en\/?s={search_term_string}\"},\"query-input\":{\"@type\":\"PropertyValueSpecification\",\"valueRequired\":true,\"valueName\":\"search_term_string\"}}],\"inLanguage\":\"es\"},{\"@type\":\"Organization\",\"@id\":\"https:\/\/www.iplay.com\/en\/#organization\",\"name\":\"IPlay\",\"url\":\"https:\/\/www.iplay.com\/en\/\",\"logo\":{\"@type\":\"ImageObject\",\"inLanguage\":\"es\",\"@id\":\"https:\/\/www.iplay.com\/en\/#\/schema\/logo\/image\/\",\"url\":\"https:\/\/www.iplay.com\/wp-content\/uploads\/2023\/11\/Group-6100.svg\",\"contentUrl\":\"https:\/\/www.iplay.com\/wp-content\/uploads\/2023\/11\/Group-6100.svg\",\"width\":98,\"height\":25,\"caption\":\"IPlay\"},\"image\":{\"@id\":\"https:\/\/www.iplay.com\/en\/#\/schema\/logo\/image\/\"}}]}<\/script>\n<!-- \/ Yoast SEO Premium plugin. -->","yoast_head_json":{"title":"Crossroads: What Was Lost - \u00bfPuedes encontrar un nuevo camino?","description":"\u00bfPuedes navegar por tres historias aterradoras y encontrar un nuevo camino con Crossroads: What Was Lost?","robots":{"index":"index","follow":"follow","max-snippet":"max-snippet:-1","max-image-preview":"max-image-preview:large","max-video-preview":"max-video-preview:-1"},"canonical":"https:\/\/www.iplay.com\/es\/games\/crossroads-what-was-lost\/","og_locale":"es_ES","og_type":"article","og_title":"Crossroads: What Was Lost","og_description":"\u00bfPuedes navegar por tres historias aterradoras y encontrar un nuevo camino con Crossroads: What Was Lost?","og_url":"https:\/\/www.iplay.com\/es\/games\/crossroads-what-was-lost\/","og_site_name":"IPlay","og_image":[{"width":715,"height":485,"url":"https:\/\/www.iplay.com\/wp-content\/uploads\/2024\/07\/Crossroads-What-Was-Lost_large_square_tile_image.webp","type":"image\/webp"}],"twitter_card":"summary_large_image","twitter_misc":{"Est. reading time":"1 minuto"},"schema":{"@context":"https:\/\/schema.org","@graph":[{"@type":"WebPage","@id":"https:\/\/www.iplay.com\/es\/games\/crossroads-what-was-lost\/","url":"https:\/\/www.iplay.com\/es\/games\/crossroads-what-was-lost\/","name":"Crossroads: What Was Lost - \u00bfPuedes encontrar un nuevo camino?","isPartOf":{"@id":"https:\/\/www.iplay.com\/en\/#website"},"primaryImageOfPage":{"@id":"https:\/\/www.iplay.com\/es\/games\/crossroads-what-was-lost\/#primaryimage"},"image":{"@id":"https:\/\/www.iplay.com\/es\/games\/crossroads-what-was-lost\/#primaryimage"},"thumbnailUrl":"https:\/\/www.iplay.com\/wp-content\/uploads\/2024\/07\/Crossroads-What-Was-Lost_large_square_tile_image.webp","datePublished":"2024-07-10T12:00:33+00:00","description":"\u00bfPuedes navegar por tres historias aterradoras y encontrar un nuevo camino con Crossroads: What Was Lost?","breadcrumb":{"@id":"https:\/\/www.iplay.com\/es\/games\/crossroads-what-was-lost\/#breadcrumb"},"inLanguage":"es","potentialAction":[{"@type":"ReadAction","target":["https:\/\/www.iplay.com\/es\/games\/crossroads-what-was-lost\/"]}]},{"@type":"ImageObject","inLanguage":"es","@id":"https:\/\/www.iplay.com\/es\/games\/crossroads-what-was-lost\/#primaryimage","url":"https:\/\/www.iplay.com\/wp-content\/uploads\/2024\/07\/Crossroads-What-Was-Lost_large_square_tile_image.webp","contentUrl":"https:\/\/www.iplay.com\/wp-content\/uploads\/2024\/07\/Crossroads-What-Was-Lost_large_square_tile_image.webp","width":715,"height":485},{"@type":"BreadcrumbList","@id":"https:\/\/www.iplay.com\/es\/games\/crossroads-what-was-lost\/#breadcrumb","itemListElement":[{"@type":"ListItem","position":1,"name":"Home","item":"https:\/\/www.iplay.com\/es\/home-page-2\/"},{"@type":"ListItem","position":2,"name":"Shop","item":"https:\/\/www.iplay.com\/en\/shop\/"},{"@type":"ListItem","position":3,"name":"Crossroads: What Was Lost"}]},{"@type":"WebSite","@id":"https:\/\/www.iplay.com\/en\/#website","url":"https:\/\/www.iplay.com\/en\/","name":"IPlay","description":"The Best Casual Games!","publisher":{"@id":"https:\/\/www.iplay.com\/en\/#organization"},"potentialAction":[{"@type":"SearchAction","target":{"@type":"EntryPoint","urlTemplate":"https:\/\/www.iplay.com\/en\/?s={search_term_string}"},"query-input":{"@type":"PropertyValueSpecification","valueRequired":true,"valueName":"search_term_string"}}],"inLanguage":"es"},{"@type":"Organization","@id":"https:\/\/www.iplay.com\/en\/#organization","name":"IPlay","url":"https:\/\/www.iplay.com\/en\/","logo":{"@type":"ImageObject","inLanguage":"es","@id":"https:\/\/www.iplay.com\/en\/#\/schema\/logo\/image\/","url":"https:\/\/www.iplay.com\/wp-content\/uploads\/2023\/11\/Group-6100.svg","contentUrl":"https:\/\/www.iplay.com\/wp-content\/uploads\/2023\/11\/Group-6100.svg","width":98,"height":25,"caption":"IPlay"},"image":{"@id":"https:\/\/www.iplay.com\/en\/#\/schema\/logo\/image\/"}}]}},"_links":{"self":[{"href":"https:\/\/www.iplay.com\/es\/wp-json\/wp\/v2\/product\/129887","targetHints":{"allow":["GET"]}}],"collection":[{"href":"https:\/\/www.iplay.com\/es\/wp-json\/wp\/v2\/product"}],"about":[{"href":"https:\/\/www.iplay.com\/es\/wp-json\/wp\/v2\/types\/product"}],"author":[{"embeddable":true,"href":"https:\/\/www.iplay.com\/es\/wp-json\/wp\/v2\/users\/17"}],"replies":[{"embeddable":true,"href":"https:\/\/www.iplay.com\/es\/wp-json\/wp\/v2\/comments?post=129887"}],"wp:featuredmedia":[{"embeddable":true,"href":"https:\/\/www.iplay.com\/es\/wp-json\/wp\/v2\/media\/116121"}],"wp:attachment":[{"href":"https:\/\/www.iplay.com\/es\/wp-json\/wp\/v2\/media?parent=129887"}],"wp:term":[{"taxonomy":"product_brand","embeddable":true,"href":"https:\/\/www.iplay.com\/es\/wp-json\/wp\/v2\/product_brand?post=129887"},{"taxonomy":"product_cat","embeddable":true,"href":"https:\/\/www.iplay.com\/es\/wp-json\/wp\/v2\/product_cat?post=129887"},{"taxonomy":"product_tag","embeddable":true,"href":"https:\/\/www.iplay.com\/es\/wp-json\/wp\/v2\/product_tag?post=129887"}],"curies":[{"name":"wp","href":"https:\/\/api.w.org\/{rel}","templated":true}]}}