{"id":129849,"date":"2023-11-06T00:00:00","date_gmt":"2023-11-06T00:00:00","guid":{"rendered":"https:\/\/www.iplay.com\/games\/pirates-adventure-solitaire\/"},"modified":"2025-05-13T22:07:18","modified_gmt":"2025-05-13T22:07:18","slug":"pirates-adventure-solitaire","status":"publish","type":"product","link":"https:\/\/www.iplay.com\/es\/games\/pirates-adventure-solitaire\/","title":{"rendered":"Pirates Adventure Solitaire"},"content":{"rendered":"<p>\u00a1Un grupo de valientes piratas y su legendario l\u00edder est\u00e1n inquietantemente cerca de lograr riquezas insondables! Pero no es f\u00e1cil encontrar tesoros. El capit\u00e1n \u00cd\u00f1igo Mart\u00ednez y su grupo de piratas necesitan ayuda. En su misi\u00f3n de encontrar un maravilloso tesoro, nuestros experimentados marineros se enfrentar\u00e1n al peligro en alta mar, explorar\u00e1n remotas y enigm\u00e1ticas regiones lejanas de los oc\u00e9anos y mucho m\u00e1s. Recuerda: \u00a1un pirata nunca es derrotado! \u00a1Ni de una feroz batalla naval, ni de un monstruo amenazante, ni de una violenta tormenta! Juega 200 juegos de solitario diferentes en el nivel de dificultad que elijas. \u00a1Acomp\u00e1\u00f1anos con los piratas en su b\u00fasqueda del legendario tesoro!      <\/p>\n<p><strong>Funciones:<\/strong><br \/>\n&#8211; \u00a1Sigue la historia de los piratas en busca de un valioso tesoro!<br \/>\n&#8211; \u00a1Una forma \u00fanica de solitario que incluye una historia fascinante!<br \/>\n&#8211; \u00a1F\u00e1cil de entender y divertido de jugar!<br \/>\n&#8211; \u00a1Haz el combo m\u00e1s fuerte que puedas para ganar bonos!<br \/>\n&#8211; \u00a1Soporte en el juego e incentivos para acelerar tu progreso!<br \/>\n&#8211; \u00a1Busca la riqueza legendaria!\u00a1200 juegos de solitario fant\u00e1sticos y \u00fanicos!<br \/>\n&#8211; \u00a1Crea metas para ti mismo para superar los obst\u00e1culos!<\/p>\n","protected":false},"excerpt":{"rendered":"<p>\u00a1Juego creativo con una trama misteriosa! \u00a1En Pirates Adventure Solitaire, al\u00edstate en una banda de piratas! <\/p>\n","protected":false},"author":39,"featured_media":71384,"comment_status":"open","ping_status":"closed","template":"","meta":{"_acf_changed":false,"inline_featured_image":false},"product_brand":[],"product_cat":[154,209],"product_tag":[288],"class_list":{"0":"post-129849","1":"product","2":"type-product","3":"status-publish","4":"has-post-thumbnail","6":"product_cat-card-es","7":"product_cat-solitaire-es","8":"product_tag-play-on-pc-es","10":"first","11":"instock","12":"shipping-taxable","13":"purchasable","14":"product-type-simple"},"acf":[],"yoast_head":"<!-- This site is optimized with the Yoast SEO Premium plugin v25.2 (Yoast SEO v25.2) - https:\/\/yoast.com\/wordpress\/plugins\/seo\/ -->\n<title>Pirates Adventure Solitaire - Explora una historia envuelta<\/title>\n<meta name=\"description\" content=\"\u00a1Juego creativo con una trama misteriosa! \u00a1En Pirates Adventure Solitaire, al\u00edstate en una banda de piratas!\" \/>\n<meta name=\"robots\" content=\"index, follow, max-snippet:-1, max-image-preview:large, max-video-preview:-1\" \/>\n<link rel=\"canonical\" href=\"https:\/\/www.iplay.com\/es\/games\/pirates-adventure-solitaire\/\" \/>\n<meta property=\"og:locale\" content=\"es_ES\" \/>\n<meta property=\"og:type\" content=\"article\" \/>\n<meta property=\"og:title\" content=\"Pirates Adventure Solitaire\" \/>\n<meta property=\"og:description\" content=\"\u00a1Juego creativo con una trama misteriosa! \u00a1En Pirates Adventure Solitaire, al\u00edstate en una banda de piratas!\" \/>\n<meta property=\"og:url\" content=\"https:\/\/www.iplay.com\/es\/games\/pirates-adventure-solitaire\/\" \/>\n<meta property=\"og:site_name\" content=\"IPlay\" \/>\n<meta property=\"article:modified_time\" content=\"2025-05-13T22:07:18+00:00\" \/>\n<meta property=\"og:image\" content=\"https:\/\/www.iplay.com\/wp-content\/uploads\/2023\/12\/large_square_tile_image-1951.jpg\" \/>\n\t<meta property=\"og:image:width\" content=\"310\" \/>\n\t<meta property=\"og:image:height\" content=\"310\" \/>\n\t<meta property=\"og:image:type\" content=\"image\/jpeg\" \/>\n<meta name=\"twitter:card\" content=\"summary_large_image\" \/>\n<meta name=\"twitter:label1\" content=\"Est. reading time\" \/>\n\t<meta name=\"twitter:data1\" content=\"1 minuto\" \/>\n<script type=\"application\/ld+json\" class=\"yoast-schema-graph\">{\"@context\":\"https:\/\/schema.org\",\"@graph\":[{\"@type\":\"WebPage\",\"@id\":\"https:\/\/www.iplay.com\/es\/games\/pirates-adventure-solitaire\/\",\"url\":\"https:\/\/www.iplay.com\/es\/games\/pirates-adventure-solitaire\/\",\"name\":\"Pirates Adventure Solitaire - Explora una historia envuelta\",\"isPartOf\":{\"@id\":\"https:\/\/www.iplay.com\/en\/#website\"},\"primaryImageOfPage\":{\"@id\":\"https:\/\/www.iplay.com\/es\/games\/pirates-adventure-solitaire\/#primaryimage\"},\"image\":{\"@id\":\"https:\/\/www.iplay.com\/es\/games\/pirates-adventure-solitaire\/#primaryimage\"},\"thumbnailUrl\":\"https:\/\/www.iplay.com\/wp-content\/uploads\/2023\/12\/large_square_tile_image-1951.jpg\",\"datePublished\":\"2023-11-06T00:00:00+00:00\",\"dateModified\":\"2025-05-13T22:07:18+00:00\",\"description\":\"\u00a1Juego creativo con una trama misteriosa! \u00a1En Pirates Adventure Solitaire, al\u00edstate en una banda de piratas!\",\"breadcrumb\":{\"@id\":\"https:\/\/www.iplay.com\/es\/games\/pirates-adventure-solitaire\/#breadcrumb\"},\"inLanguage\":\"es\",\"potentialAction\":[{\"@type\":\"ReadAction\",\"target\":[\"https:\/\/www.iplay.com\/es\/games\/pirates-adventure-solitaire\/\"]}]},{\"@type\":\"ImageObject\",\"inLanguage\":\"es\",\"@id\":\"https:\/\/www.iplay.com\/es\/games\/pirates-adventure-solitaire\/#primaryimage\",\"url\":\"https:\/\/www.iplay.com\/wp-content\/uploads\/2023\/12\/large_square_tile_image-1951.jpg\",\"contentUrl\":\"https:\/\/www.iplay.com\/wp-content\/uploads\/2023\/12\/large_square_tile_image-1951.jpg\",\"width\":310,\"height\":310},{\"@type\":\"BreadcrumbList\",\"@id\":\"https:\/\/www.iplay.com\/es\/games\/pirates-adventure-solitaire\/#breadcrumb\",\"itemListElement\":[{\"@type\":\"ListItem\",\"position\":1,\"name\":\"Home\",\"item\":\"https:\/\/www.iplay.com\/es\/home-page-2\/\"},{\"@type\":\"ListItem\",\"position\":2,\"name\":\"Shop\",\"item\":\"https:\/\/www.iplay.com\/en\/shop\/\"},{\"@type\":\"ListItem\",\"position\":3,\"name\":\"Pirates Adventure Solitaire\"}]},{\"@type\":\"WebSite\",\"@id\":\"https:\/\/www.iplay.com\/en\/#website\",\"url\":\"https:\/\/www.iplay.com\/en\/\",\"name\":\"IPlay\",\"description\":\"The Best Casual Games!\",\"publisher\":{\"@id\":\"https:\/\/www.iplay.com\/en\/#organization\"},\"potentialAction\":[{\"@type\":\"SearchAction\",\"target\":{\"@type\":\"EntryPoint\",\"urlTemplate\":\"https:\/\/www.iplay.com\/en\/?s={search_term_string}\"},\"query-input\":{\"@type\":\"PropertyValueSpecification\",\"valueRequired\":true,\"valueName\":\"search_term_string\"}}],\"inLanguage\":\"es\"},{\"@type\":\"Organization\",\"@id\":\"https:\/\/www.iplay.com\/en\/#organization\",\"name\":\"IPlay\",\"url\":\"https:\/\/www.iplay.com\/en\/\",\"logo\":{\"@type\":\"ImageObject\",\"inLanguage\":\"es\",\"@id\":\"https:\/\/www.iplay.com\/en\/#\/schema\/logo\/image\/\",\"url\":\"https:\/\/www.iplay.com\/wp-content\/uploads\/2023\/11\/Group-6100.svg\",\"contentUrl\":\"https:\/\/www.iplay.com\/wp-content\/uploads\/2023\/11\/Group-6100.svg\",\"width\":98,\"height\":25,\"caption\":\"IPlay\"},\"image\":{\"@id\":\"https:\/\/www.iplay.com\/en\/#\/schema\/logo\/image\/\"}}]}<\/script>\n<!-- \/ Yoast SEO Premium plugin. -->","yoast_head_json":{"title":"Pirates Adventure Solitaire - Explora una historia envuelta","description":"\u00a1Juego creativo con una trama misteriosa! \u00a1En Pirates Adventure Solitaire, al\u00edstate en una banda de piratas!","robots":{"index":"index","follow":"follow","max-snippet":"max-snippet:-1","max-image-preview":"max-image-preview:large","max-video-preview":"max-video-preview:-1"},"canonical":"https:\/\/www.iplay.com\/es\/games\/pirates-adventure-solitaire\/","og_locale":"es_ES","og_type":"article","og_title":"Pirates Adventure Solitaire","og_description":"\u00a1Juego creativo con una trama misteriosa! \u00a1En Pirates Adventure Solitaire, al\u00edstate en una banda de piratas!","og_url":"https:\/\/www.iplay.com\/es\/games\/pirates-adventure-solitaire\/","og_site_name":"IPlay","article_modified_time":"2025-05-13T22:07:18+00:00","og_image":[{"width":310,"height":310,"url":"https:\/\/www.iplay.com\/wp-content\/uploads\/2023\/12\/large_square_tile_image-1951.jpg","type":"image\/jpeg"}],"twitter_card":"summary_large_image","twitter_misc":{"Est. reading time":"1 minuto"},"schema":{"@context":"https:\/\/schema.org","@graph":[{"@type":"WebPage","@id":"https:\/\/www.iplay.com\/es\/games\/pirates-adventure-solitaire\/","url":"https:\/\/www.iplay.com\/es\/games\/pirates-adventure-solitaire\/","name":"Pirates Adventure Solitaire - Explora una historia envuelta","isPartOf":{"@id":"https:\/\/www.iplay.com\/en\/#website"},"primaryImageOfPage":{"@id":"https:\/\/www.iplay.com\/es\/games\/pirates-adventure-solitaire\/#primaryimage"},"image":{"@id":"https:\/\/www.iplay.com\/es\/games\/pirates-adventure-solitaire\/#primaryimage"},"thumbnailUrl":"https:\/\/www.iplay.com\/wp-content\/uploads\/2023\/12\/large_square_tile_image-1951.jpg","datePublished":"2023-11-06T00:00:00+00:00","dateModified":"2025-05-13T22:07:18+00:00","description":"\u00a1Juego creativo con una trama misteriosa! \u00a1En Pirates Adventure Solitaire, al\u00edstate en una banda de piratas!","breadcrumb":{"@id":"https:\/\/www.iplay.com\/es\/games\/pirates-adventure-solitaire\/#breadcrumb"},"inLanguage":"es","potentialAction":[{"@type":"ReadAction","target":["https:\/\/www.iplay.com\/es\/games\/pirates-adventure-solitaire\/"]}]},{"@type":"ImageObject","inLanguage":"es","@id":"https:\/\/www.iplay.com\/es\/games\/pirates-adventure-solitaire\/#primaryimage","url":"https:\/\/www.iplay.com\/wp-content\/uploads\/2023\/12\/large_square_tile_image-1951.jpg","contentUrl":"https:\/\/www.iplay.com\/wp-content\/uploads\/2023\/12\/large_square_tile_image-1951.jpg","width":310,"height":310},{"@type":"BreadcrumbList","@id":"https:\/\/www.iplay.com\/es\/games\/pirates-adventure-solitaire\/#breadcrumb","itemListElement":[{"@type":"ListItem","position":1,"name":"Home","item":"https:\/\/www.iplay.com\/es\/home-page-2\/"},{"@type":"ListItem","position":2,"name":"Shop","item":"https:\/\/www.iplay.com\/en\/shop\/"},{"@type":"ListItem","position":3,"name":"Pirates Adventure Solitaire"}]},{"@type":"WebSite","@id":"https:\/\/www.iplay.com\/en\/#website","url":"https:\/\/www.iplay.com\/en\/","name":"IPlay","description":"The Best Casual Games!","publisher":{"@id":"https:\/\/www.iplay.com\/en\/#organization"},"potentialAction":[{"@type":"SearchAction","target":{"@type":"EntryPoint","urlTemplate":"https:\/\/www.iplay.com\/en\/?s={search_term_string}"},"query-input":{"@type":"PropertyValueSpecification","valueRequired":true,"valueName":"search_term_string"}}],"inLanguage":"es"},{"@type":"Organization","@id":"https:\/\/www.iplay.com\/en\/#organization","name":"IPlay","url":"https:\/\/www.iplay.com\/en\/","logo":{"@type":"ImageObject","inLanguage":"es","@id":"https:\/\/www.iplay.com\/en\/#\/schema\/logo\/image\/","url":"https:\/\/www.iplay.com\/wp-content\/uploads\/2023\/11\/Group-6100.svg","contentUrl":"https:\/\/www.iplay.com\/wp-content\/uploads\/2023\/11\/Group-6100.svg","width":98,"height":25,"caption":"IPlay"},"image":{"@id":"https:\/\/www.iplay.com\/en\/#\/schema\/logo\/image\/"}}]}},"_links":{"self":[{"href":"https:\/\/www.iplay.com\/es\/wp-json\/wp\/v2\/product\/129849","targetHints":{"allow":["GET"]}}],"collection":[{"href":"https:\/\/www.iplay.com\/es\/wp-json\/wp\/v2\/product"}],"about":[{"href":"https:\/\/www.iplay.com\/es\/wp-json\/wp\/v2\/types\/product"}],"author":[{"embeddable":true,"href":"https:\/\/www.iplay.com\/es\/wp-json\/wp\/v2\/users\/39"}],"replies":[{"embeddable":true,"href":"https:\/\/www.iplay.com\/es\/wp-json\/wp\/v2\/comments?post=129849"}],"wp:featuredmedia":[{"embeddable":true,"href":"https:\/\/www.iplay.com\/es\/wp-json\/wp\/v2\/media\/71384"}],"wp:attachment":[{"href":"https:\/\/www.iplay.com\/es\/wp-json\/wp\/v2\/media?parent=129849"}],"wp:term":[{"taxonomy":"product_brand","embeddable":true,"href":"https:\/\/www.iplay.com\/es\/wp-json\/wp\/v2\/product_brand?post=129849"},{"taxonomy":"product_cat","embeddable":true,"href":"https:\/\/www.iplay.com\/es\/wp-json\/wp\/v2\/product_cat?post=129849"},{"taxonomy":"product_tag","embeddable":true,"href":"https:\/\/www.iplay.com\/es\/wp-json\/wp\/v2\/product_tag?post=129849"}],"curies":[{"name":"wp","href":"https:\/\/api.w.org\/{rel}","templated":true}]}}