{"id":129561,"date":"2023-12-20T00:00:25","date_gmt":"2023-12-20T00:00:25","guid":{"rendered":"https:\/\/www.iplay.com\/games\/puzzle-escapes-paws-and-claws\/"},"modified":"2023-12-20T00:00:25","modified_gmt":"2023-12-20T00:00:25","slug":"puzzle-escapes-paws-and-claws","status":"publish","type":"product","link":"https:\/\/www.iplay.com\/es\/games\/puzzle-escapes-paws-and-claws\/","title":{"rendered":"Puzzle Escapes: Paws and Claws"},"content":{"rendered":"<p>\u00a1Bienvenido a Puzzle Escapes: Paws and Claws! Emb\u00e1rcate en excursiones locas con tus amigos animales de peluche. Resuelve divertidos acertijos contra paisajes impresionantes mientras viajas con tus compa\u00f1eros animales. Ya sea que adore a los perros, gatos u otros compa\u00f1eros emplumados, este cautivador viaje seguramente complacer\u00e1 sus sentidos y lo har\u00e1 sentir bien.   <\/p>\n<p>&nbsp;<\/p>\n<p><strong>Funciones<\/strong><\/p>\n<p>&nbsp;<\/p>\n<p>&#8211; \u00a1Descubre 125 fascinantes im\u00e1genes de rompecabezas que destacan la belleza de Paws and Claws!<\/p>\n<p>&#8211; \u00a1Elige entre 28 rompecabezas de intercambio y 27 rompecabezas!<\/p>\n<p>&#8211; \u00a1Juega f\u00e1cilmente con funciones \u00fatiles como Rotar, Reorganizar, Temporizador y Pista!<\/p>\n<p>&#8211; \u00a1Ayuda para los jugadores que se quedan atascados con una funci\u00f3n de pista! &#8211;<\/p>\n<p>\u00a1Personaliza el color de tu fondo!<\/p>\n<p>&#8211; \u00a1Banda sonora completa y fondos de pantalla incluidos!<\/p>\n","protected":false},"excerpt":{"rendered":"<p>\u00a1Resuelve acertijos con lindos amigos animales!<\/p>\n","protected":false},"author":18,"featured_media":109241,"comment_status":"open","ping_status":"closed","template":"","meta":{"_acf_changed":false,"inline_featured_image":false},"product_brand":[],"product_cat":[192],"product_tag":[],"class_list":{"0":"post-129561","1":"product","2":"type-product","3":"status-publish","4":"has-post-thumbnail","6":"product_cat-puzzle-es","8":"first","9":"instock","10":"shipping-taxable","11":"purchasable","12":"product-type-simple"},"acf":[],"yoast_head":"<!-- This site is optimized with the Yoast SEO Premium plugin v25.2 (Yoast SEO v25.2) - https:\/\/yoast.com\/wordpress\/plugins\/seo\/ -->\n<title>Puzzle Escapes: Paws and Claws - Resuelve acertijos con lindos amigos animales<\/title>\n<meta name=\"description\" content=\"\u00a1Resuelve acertijos con lindos amigos animales!\" \/>\n<meta name=\"robots\" content=\"index, follow, max-snippet:-1, max-image-preview:large, max-video-preview:-1\" \/>\n<link rel=\"canonical\" href=\"https:\/\/www.iplay.com\/es\/games\/puzzle-escapes-paws-and-claws\/\" \/>\n<meta property=\"og:locale\" content=\"es_ES\" \/>\n<meta property=\"og:type\" content=\"article\" \/>\n<meta property=\"og:title\" content=\"Puzzle Escapes: Paws and Claws\" \/>\n<meta property=\"og:description\" content=\"\u00a1Resuelve acertijos con lindos amigos animales!\" \/>\n<meta property=\"og:url\" content=\"https:\/\/www.iplay.com\/es\/games\/puzzle-escapes-paws-and-claws\/\" \/>\n<meta property=\"og:site_name\" content=\"IPlay\" \/>\n<meta property=\"og:image\" content=\"https:\/\/www.iplay.com\/wp-content\/uploads\/2024\/02\/large_square_tile_image-13.jpg\" \/>\n\t<meta property=\"og:image:width\" content=\"310\" \/>\n\t<meta property=\"og:image:height\" content=\"310\" \/>\n\t<meta property=\"og:image:type\" content=\"image\/jpeg\" \/>\n<meta name=\"twitter:card\" content=\"summary_large_image\" \/>\n<meta name=\"twitter:label1\" content=\"Est. reading time\" \/>\n\t<meta name=\"twitter:data1\" content=\"1 minuto\" \/>\n<script type=\"application\/ld+json\" class=\"yoast-schema-graph\">{\"@context\":\"https:\/\/schema.org\",\"@graph\":[{\"@type\":\"WebPage\",\"@id\":\"https:\/\/www.iplay.com\/es\/games\/puzzle-escapes-paws-and-claws\/\",\"url\":\"https:\/\/www.iplay.com\/es\/games\/puzzle-escapes-paws-and-claws\/\",\"name\":\"Puzzle Escapes: Paws and Claws - Resuelve acertijos con lindos amigos animales\",\"isPartOf\":{\"@id\":\"https:\/\/www.iplay.com\/en\/#website\"},\"primaryImageOfPage\":{\"@id\":\"https:\/\/www.iplay.com\/es\/games\/puzzle-escapes-paws-and-claws\/#primaryimage\"},\"image\":{\"@id\":\"https:\/\/www.iplay.com\/es\/games\/puzzle-escapes-paws-and-claws\/#primaryimage\"},\"thumbnailUrl\":\"https:\/\/www.iplay.com\/wp-content\/uploads\/2024\/02\/large_square_tile_image-13.jpg\",\"datePublished\":\"2023-12-20T00:00:25+00:00\",\"description\":\"\u00a1Resuelve acertijos con lindos amigos animales!\",\"breadcrumb\":{\"@id\":\"https:\/\/www.iplay.com\/es\/games\/puzzle-escapes-paws-and-claws\/#breadcrumb\"},\"inLanguage\":\"es\",\"potentialAction\":[{\"@type\":\"ReadAction\",\"target\":[\"https:\/\/www.iplay.com\/es\/games\/puzzle-escapes-paws-and-claws\/\"]}]},{\"@type\":\"ImageObject\",\"inLanguage\":\"es\",\"@id\":\"https:\/\/www.iplay.com\/es\/games\/puzzle-escapes-paws-and-claws\/#primaryimage\",\"url\":\"https:\/\/www.iplay.com\/wp-content\/uploads\/2024\/02\/large_square_tile_image-13.jpg\",\"contentUrl\":\"https:\/\/www.iplay.com\/wp-content\/uploads\/2024\/02\/large_square_tile_image-13.jpg\",\"width\":310,\"height\":310},{\"@type\":\"BreadcrumbList\",\"@id\":\"https:\/\/www.iplay.com\/es\/games\/puzzle-escapes-paws-and-claws\/#breadcrumb\",\"itemListElement\":[{\"@type\":\"ListItem\",\"position\":1,\"name\":\"Home\",\"item\":\"https:\/\/www.iplay.com\/es\/home-page-2\/\"},{\"@type\":\"ListItem\",\"position\":2,\"name\":\"Shop\",\"item\":\"https:\/\/www.iplay.com\/en\/shop\/\"},{\"@type\":\"ListItem\",\"position\":3,\"name\":\"Puzzle Escapes: Paws and Claws\"}]},{\"@type\":\"WebSite\",\"@id\":\"https:\/\/www.iplay.com\/en\/#website\",\"url\":\"https:\/\/www.iplay.com\/en\/\",\"name\":\"IPlay\",\"description\":\"The Best Casual Games!\",\"publisher\":{\"@id\":\"https:\/\/www.iplay.com\/en\/#organization\"},\"potentialAction\":[{\"@type\":\"SearchAction\",\"target\":{\"@type\":\"EntryPoint\",\"urlTemplate\":\"https:\/\/www.iplay.com\/en\/?s={search_term_string}\"},\"query-input\":{\"@type\":\"PropertyValueSpecification\",\"valueRequired\":true,\"valueName\":\"search_term_string\"}}],\"inLanguage\":\"es\"},{\"@type\":\"Organization\",\"@id\":\"https:\/\/www.iplay.com\/en\/#organization\",\"name\":\"IPlay\",\"url\":\"https:\/\/www.iplay.com\/en\/\",\"logo\":{\"@type\":\"ImageObject\",\"inLanguage\":\"es\",\"@id\":\"https:\/\/www.iplay.com\/en\/#\/schema\/logo\/image\/\",\"url\":\"https:\/\/www.iplay.com\/wp-content\/uploads\/2023\/11\/Group-6100.svg\",\"contentUrl\":\"https:\/\/www.iplay.com\/wp-content\/uploads\/2023\/11\/Group-6100.svg\",\"width\":98,\"height\":25,\"caption\":\"IPlay\"},\"image\":{\"@id\":\"https:\/\/www.iplay.com\/en\/#\/schema\/logo\/image\/\"}}]}<\/script>\n<!-- \/ Yoast SEO Premium plugin. -->","yoast_head_json":{"title":"Puzzle Escapes: Paws and Claws - Resuelve acertijos con lindos amigos animales","description":"\u00a1Resuelve acertijos con lindos amigos animales!","robots":{"index":"index","follow":"follow","max-snippet":"max-snippet:-1","max-image-preview":"max-image-preview:large","max-video-preview":"max-video-preview:-1"},"canonical":"https:\/\/www.iplay.com\/es\/games\/puzzle-escapes-paws-and-claws\/","og_locale":"es_ES","og_type":"article","og_title":"Puzzle Escapes: Paws and Claws","og_description":"\u00a1Resuelve acertijos con lindos amigos animales!","og_url":"https:\/\/www.iplay.com\/es\/games\/puzzle-escapes-paws-and-claws\/","og_site_name":"IPlay","og_image":[{"width":310,"height":310,"url":"https:\/\/www.iplay.com\/wp-content\/uploads\/2024\/02\/large_square_tile_image-13.jpg","type":"image\/jpeg"}],"twitter_card":"summary_large_image","twitter_misc":{"Est. reading time":"1 minuto"},"schema":{"@context":"https:\/\/schema.org","@graph":[{"@type":"WebPage","@id":"https:\/\/www.iplay.com\/es\/games\/puzzle-escapes-paws-and-claws\/","url":"https:\/\/www.iplay.com\/es\/games\/puzzle-escapes-paws-and-claws\/","name":"Puzzle Escapes: Paws and Claws - Resuelve acertijos con lindos amigos animales","isPartOf":{"@id":"https:\/\/www.iplay.com\/en\/#website"},"primaryImageOfPage":{"@id":"https:\/\/www.iplay.com\/es\/games\/puzzle-escapes-paws-and-claws\/#primaryimage"},"image":{"@id":"https:\/\/www.iplay.com\/es\/games\/puzzle-escapes-paws-and-claws\/#primaryimage"},"thumbnailUrl":"https:\/\/www.iplay.com\/wp-content\/uploads\/2024\/02\/large_square_tile_image-13.jpg","datePublished":"2023-12-20T00:00:25+00:00","description":"\u00a1Resuelve acertijos con lindos amigos animales!","breadcrumb":{"@id":"https:\/\/www.iplay.com\/es\/games\/puzzle-escapes-paws-and-claws\/#breadcrumb"},"inLanguage":"es","potentialAction":[{"@type":"ReadAction","target":["https:\/\/www.iplay.com\/es\/games\/puzzle-escapes-paws-and-claws\/"]}]},{"@type":"ImageObject","inLanguage":"es","@id":"https:\/\/www.iplay.com\/es\/games\/puzzle-escapes-paws-and-claws\/#primaryimage","url":"https:\/\/www.iplay.com\/wp-content\/uploads\/2024\/02\/large_square_tile_image-13.jpg","contentUrl":"https:\/\/www.iplay.com\/wp-content\/uploads\/2024\/02\/large_square_tile_image-13.jpg","width":310,"height":310},{"@type":"BreadcrumbList","@id":"https:\/\/www.iplay.com\/es\/games\/puzzle-escapes-paws-and-claws\/#breadcrumb","itemListElement":[{"@type":"ListItem","position":1,"name":"Home","item":"https:\/\/www.iplay.com\/es\/home-page-2\/"},{"@type":"ListItem","position":2,"name":"Shop","item":"https:\/\/www.iplay.com\/en\/shop\/"},{"@type":"ListItem","position":3,"name":"Puzzle Escapes: Paws and Claws"}]},{"@type":"WebSite","@id":"https:\/\/www.iplay.com\/en\/#website","url":"https:\/\/www.iplay.com\/en\/","name":"IPlay","description":"The Best Casual Games!","publisher":{"@id":"https:\/\/www.iplay.com\/en\/#organization"},"potentialAction":[{"@type":"SearchAction","target":{"@type":"EntryPoint","urlTemplate":"https:\/\/www.iplay.com\/en\/?s={search_term_string}"},"query-input":{"@type":"PropertyValueSpecification","valueRequired":true,"valueName":"search_term_string"}}],"inLanguage":"es"},{"@type":"Organization","@id":"https:\/\/www.iplay.com\/en\/#organization","name":"IPlay","url":"https:\/\/www.iplay.com\/en\/","logo":{"@type":"ImageObject","inLanguage":"es","@id":"https:\/\/www.iplay.com\/en\/#\/schema\/logo\/image\/","url":"https:\/\/www.iplay.com\/wp-content\/uploads\/2023\/11\/Group-6100.svg","contentUrl":"https:\/\/www.iplay.com\/wp-content\/uploads\/2023\/11\/Group-6100.svg","width":98,"height":25,"caption":"IPlay"},"image":{"@id":"https:\/\/www.iplay.com\/en\/#\/schema\/logo\/image\/"}}]}},"_links":{"self":[{"href":"https:\/\/www.iplay.com\/es\/wp-json\/wp\/v2\/product\/129561","targetHints":{"allow":["GET"]}}],"collection":[{"href":"https:\/\/www.iplay.com\/es\/wp-json\/wp\/v2\/product"}],"about":[{"href":"https:\/\/www.iplay.com\/es\/wp-json\/wp\/v2\/types\/product"}],"author":[{"embeddable":true,"href":"https:\/\/www.iplay.com\/es\/wp-json\/wp\/v2\/users\/18"}],"replies":[{"embeddable":true,"href":"https:\/\/www.iplay.com\/es\/wp-json\/wp\/v2\/comments?post=129561"}],"wp:featuredmedia":[{"embeddable":true,"href":"https:\/\/www.iplay.com\/es\/wp-json\/wp\/v2\/media\/109241"}],"wp:attachment":[{"href":"https:\/\/www.iplay.com\/es\/wp-json\/wp\/v2\/media?parent=129561"}],"wp:term":[{"taxonomy":"product_brand","embeddable":true,"href":"https:\/\/www.iplay.com\/es\/wp-json\/wp\/v2\/product_brand?post=129561"},{"taxonomy":"product_cat","embeddable":true,"href":"https:\/\/www.iplay.com\/es\/wp-json\/wp\/v2\/product_cat?post=129561"},{"taxonomy":"product_tag","embeddable":true,"href":"https:\/\/www.iplay.com\/es\/wp-json\/wp\/v2\/product_tag?post=129561"}],"curies":[{"name":"wp","href":"https:\/\/api.w.org\/{rel}","templated":true}]}}