{"id":129519,"date":"2023-12-08T00:00:02","date_gmt":"2023-12-08T00:00:02","guid":{"rendered":"https:\/\/www.iplay.com\/games\/i-love-finding-wild-friends-ce\/"},"modified":"2023-12-08T00:00:02","modified_gmt":"2023-12-08T00:00:02","slug":"i-love-finding-wild-friends-ce","status":"publish","type":"product","link":"https:\/\/www.iplay.com\/es\/games\/i-love-finding-wild-friends-ce\/","title":{"rendered":"I Love Finding Wild Friends CE"},"content":{"rendered":"<p>\u00a1El eterno juego de objetos ocultos I Love Finding Wild Friends! Muestra impresionantes escenarios naturales. \u00a1Se investigan varios animales salvajes para su adopci\u00f3n y recolecci\u00f3n! Se juegan nuevos minijuegos, se resuelven acertijos que invitan a la reflexi\u00f3n y se recolecta una variedad de animales inusuales.  <\/p>\n<p>&nbsp;<\/p>\n<p><strong>Las caracter\u00edsticas incluyen:  <\/strong><\/p>\n<p>&nbsp;<\/p>\n<p>&#8211; \u00a1Se explora una variedad de criaturas salvajes!<\/p>\n<p>&#8211; Se exploran impresionantes escenas de objetos ocultos.<\/p>\n<p>&#8211; \u00a1Se juegan m\u00e1s de 20 entretenidos minijuegos!<\/p>\n<p>&#8211; \u00a1Se adopta y acumula una colecci\u00f3n de animales inusuales!<\/p>\n<p>&nbsp;<\/p>\n<p><strong>Las caracter\u00edsticas de la Edici\u00f3n de Coleccionista incluyen:<\/strong><\/p>\n<p>&nbsp;<\/p>\n<p>&#8211; Tambi\u00e9n se incluye un reproductor de m\u00fasica, 12 minijuegos m\u00e1s, 6 niveles de bonificaci\u00f3n y fondos de pantalla \u00fanicos.<\/p>\n<p>&#8211; \u00a1Los animales salvajes raros en el CE est\u00e1n listos para recibirte!<\/p>\n<p>&#8211; \u00a1Se puede conocer a los animales que poseen los desarrolladores!<\/p>\n","protected":false},"excerpt":{"rendered":"<p>\u00a1Encuentra criaturas salvajes en I Love Finding Wild Friends!<\/p>\n","protected":false},"author":18,"featured_media":109129,"comment_status":"open","ping_status":"closed","template":"","meta":{"_acf_changed":false,"inline_featured_image":false},"product_brand":[],"product_cat":[166],"product_tag":[288],"class_list":{"0":"post-129519","1":"product","2":"type-product","3":"status-publish","4":"has-post-thumbnail","6":"product_cat-hidden-object-es","7":"product_tag-play-on-pc-es","9":"first","10":"instock","11":"shipping-taxable","12":"purchasable","13":"product-type-simple"},"acf":[],"yoast_head":"<!-- This site is optimized with the Yoast SEO Premium plugin v25.2 (Yoast SEO v25.2) - https:\/\/yoast.com\/wordpress\/plugins\/seo\/ -->\n<title>I Love Finding Wild Friends CE - Encuentra criaturas salvajes en I Love Finding Wild Friends<\/title>\n<meta name=\"description\" content=\"\u00a1Encuentra criaturas salvajes en I Love Finding Wild Friends!\" \/>\n<meta name=\"robots\" content=\"index, follow, max-snippet:-1, max-image-preview:large, max-video-preview:-1\" \/>\n<link rel=\"canonical\" href=\"https:\/\/www.iplay.com\/es\/games\/i-love-finding-wild-friends-ce\/\" \/>\n<meta property=\"og:locale\" content=\"es_ES\" \/>\n<meta property=\"og:type\" content=\"article\" \/>\n<meta property=\"og:title\" content=\"I Love Finding Wild Friends CE\" \/>\n<meta property=\"og:description\" content=\"\u00a1Encuentra criaturas salvajes en I Love Finding Wild Friends!\" \/>\n<meta property=\"og:url\" content=\"https:\/\/www.iplay.com\/es\/games\/i-love-finding-wild-friends-ce\/\" \/>\n<meta property=\"og:site_name\" content=\"IPlay\" \/>\n<meta property=\"og:image\" content=\"https:\/\/www.iplay.com\/wp-content\/uploads\/2024\/02\/large_square_tile_image-6.jpg\" \/>\n\t<meta property=\"og:image:width\" content=\"310\" \/>\n\t<meta property=\"og:image:height\" content=\"310\" \/>\n\t<meta property=\"og:image:type\" content=\"image\/jpeg\" \/>\n<meta name=\"twitter:card\" content=\"summary_large_image\" \/>\n<meta name=\"twitter:label1\" content=\"Est. reading time\" \/>\n\t<meta name=\"twitter:data1\" content=\"1 minuto\" \/>\n<script type=\"application\/ld+json\" class=\"yoast-schema-graph\">{\"@context\":\"https:\/\/schema.org\",\"@graph\":[{\"@type\":\"WebPage\",\"@id\":\"https:\/\/www.iplay.com\/es\/games\/i-love-finding-wild-friends-ce\/\",\"url\":\"https:\/\/www.iplay.com\/es\/games\/i-love-finding-wild-friends-ce\/\",\"name\":\"I Love Finding Wild Friends CE - Encuentra criaturas salvajes en I Love Finding Wild Friends\",\"isPartOf\":{\"@id\":\"https:\/\/www.iplay.com\/en\/#website\"},\"primaryImageOfPage\":{\"@id\":\"https:\/\/www.iplay.com\/es\/games\/i-love-finding-wild-friends-ce\/#primaryimage\"},\"image\":{\"@id\":\"https:\/\/www.iplay.com\/es\/games\/i-love-finding-wild-friends-ce\/#primaryimage\"},\"thumbnailUrl\":\"https:\/\/www.iplay.com\/wp-content\/uploads\/2024\/02\/large_square_tile_image-6.jpg\",\"datePublished\":\"2023-12-08T00:00:02+00:00\",\"description\":\"\u00a1Encuentra criaturas salvajes en I Love Finding Wild Friends!\",\"breadcrumb\":{\"@id\":\"https:\/\/www.iplay.com\/es\/games\/i-love-finding-wild-friends-ce\/#breadcrumb\"},\"inLanguage\":\"es\",\"potentialAction\":[{\"@type\":\"ReadAction\",\"target\":[\"https:\/\/www.iplay.com\/es\/games\/i-love-finding-wild-friends-ce\/\"]}]},{\"@type\":\"ImageObject\",\"inLanguage\":\"es\",\"@id\":\"https:\/\/www.iplay.com\/es\/games\/i-love-finding-wild-friends-ce\/#primaryimage\",\"url\":\"https:\/\/www.iplay.com\/wp-content\/uploads\/2024\/02\/large_square_tile_image-6.jpg\",\"contentUrl\":\"https:\/\/www.iplay.com\/wp-content\/uploads\/2024\/02\/large_square_tile_image-6.jpg\",\"width\":310,\"height\":310},{\"@type\":\"BreadcrumbList\",\"@id\":\"https:\/\/www.iplay.com\/es\/games\/i-love-finding-wild-friends-ce\/#breadcrumb\",\"itemListElement\":[{\"@type\":\"ListItem\",\"position\":1,\"name\":\"Home\",\"item\":\"https:\/\/www.iplay.com\/es\/home-page-2\/\"},{\"@type\":\"ListItem\",\"position\":2,\"name\":\"Shop\",\"item\":\"https:\/\/www.iplay.com\/en\/shop\/\"},{\"@type\":\"ListItem\",\"position\":3,\"name\":\"I Love Finding Wild Friends CE\"}]},{\"@type\":\"WebSite\",\"@id\":\"https:\/\/www.iplay.com\/en\/#website\",\"url\":\"https:\/\/www.iplay.com\/en\/\",\"name\":\"IPlay\",\"description\":\"The Best Casual Games!\",\"publisher\":{\"@id\":\"https:\/\/www.iplay.com\/en\/#organization\"},\"potentialAction\":[{\"@type\":\"SearchAction\",\"target\":{\"@type\":\"EntryPoint\",\"urlTemplate\":\"https:\/\/www.iplay.com\/en\/?s={search_term_string}\"},\"query-input\":{\"@type\":\"PropertyValueSpecification\",\"valueRequired\":true,\"valueName\":\"search_term_string\"}}],\"inLanguage\":\"es\"},{\"@type\":\"Organization\",\"@id\":\"https:\/\/www.iplay.com\/en\/#organization\",\"name\":\"IPlay\",\"url\":\"https:\/\/www.iplay.com\/en\/\",\"logo\":{\"@type\":\"ImageObject\",\"inLanguage\":\"es\",\"@id\":\"https:\/\/www.iplay.com\/en\/#\/schema\/logo\/image\/\",\"url\":\"https:\/\/www.iplay.com\/wp-content\/uploads\/2023\/11\/Group-6100.svg\",\"contentUrl\":\"https:\/\/www.iplay.com\/wp-content\/uploads\/2023\/11\/Group-6100.svg\",\"width\":98,\"height\":25,\"caption\":\"IPlay\"},\"image\":{\"@id\":\"https:\/\/www.iplay.com\/en\/#\/schema\/logo\/image\/\"}}]}<\/script>\n<!-- \/ Yoast SEO Premium plugin. -->","yoast_head_json":{"title":"I Love Finding Wild Friends CE - Encuentra criaturas salvajes en I Love Finding Wild Friends","description":"\u00a1Encuentra criaturas salvajes en I Love Finding Wild Friends!","robots":{"index":"index","follow":"follow","max-snippet":"max-snippet:-1","max-image-preview":"max-image-preview:large","max-video-preview":"max-video-preview:-1"},"canonical":"https:\/\/www.iplay.com\/es\/games\/i-love-finding-wild-friends-ce\/","og_locale":"es_ES","og_type":"article","og_title":"I Love Finding Wild Friends CE","og_description":"\u00a1Encuentra criaturas salvajes en I Love Finding Wild Friends!","og_url":"https:\/\/www.iplay.com\/es\/games\/i-love-finding-wild-friends-ce\/","og_site_name":"IPlay","og_image":[{"width":310,"height":310,"url":"https:\/\/www.iplay.com\/wp-content\/uploads\/2024\/02\/large_square_tile_image-6.jpg","type":"image\/jpeg"}],"twitter_card":"summary_large_image","twitter_misc":{"Est. reading time":"1 minuto"},"schema":{"@context":"https:\/\/schema.org","@graph":[{"@type":"WebPage","@id":"https:\/\/www.iplay.com\/es\/games\/i-love-finding-wild-friends-ce\/","url":"https:\/\/www.iplay.com\/es\/games\/i-love-finding-wild-friends-ce\/","name":"I Love Finding Wild Friends CE - Encuentra criaturas salvajes en I Love Finding Wild Friends","isPartOf":{"@id":"https:\/\/www.iplay.com\/en\/#website"},"primaryImageOfPage":{"@id":"https:\/\/www.iplay.com\/es\/games\/i-love-finding-wild-friends-ce\/#primaryimage"},"image":{"@id":"https:\/\/www.iplay.com\/es\/games\/i-love-finding-wild-friends-ce\/#primaryimage"},"thumbnailUrl":"https:\/\/www.iplay.com\/wp-content\/uploads\/2024\/02\/large_square_tile_image-6.jpg","datePublished":"2023-12-08T00:00:02+00:00","description":"\u00a1Encuentra criaturas salvajes en I Love Finding Wild Friends!","breadcrumb":{"@id":"https:\/\/www.iplay.com\/es\/games\/i-love-finding-wild-friends-ce\/#breadcrumb"},"inLanguage":"es","potentialAction":[{"@type":"ReadAction","target":["https:\/\/www.iplay.com\/es\/games\/i-love-finding-wild-friends-ce\/"]}]},{"@type":"ImageObject","inLanguage":"es","@id":"https:\/\/www.iplay.com\/es\/games\/i-love-finding-wild-friends-ce\/#primaryimage","url":"https:\/\/www.iplay.com\/wp-content\/uploads\/2024\/02\/large_square_tile_image-6.jpg","contentUrl":"https:\/\/www.iplay.com\/wp-content\/uploads\/2024\/02\/large_square_tile_image-6.jpg","width":310,"height":310},{"@type":"BreadcrumbList","@id":"https:\/\/www.iplay.com\/es\/games\/i-love-finding-wild-friends-ce\/#breadcrumb","itemListElement":[{"@type":"ListItem","position":1,"name":"Home","item":"https:\/\/www.iplay.com\/es\/home-page-2\/"},{"@type":"ListItem","position":2,"name":"Shop","item":"https:\/\/www.iplay.com\/en\/shop\/"},{"@type":"ListItem","position":3,"name":"I Love Finding Wild Friends CE"}]},{"@type":"WebSite","@id":"https:\/\/www.iplay.com\/en\/#website","url":"https:\/\/www.iplay.com\/en\/","name":"IPlay","description":"The Best Casual Games!","publisher":{"@id":"https:\/\/www.iplay.com\/en\/#organization"},"potentialAction":[{"@type":"SearchAction","target":{"@type":"EntryPoint","urlTemplate":"https:\/\/www.iplay.com\/en\/?s={search_term_string}"},"query-input":{"@type":"PropertyValueSpecification","valueRequired":true,"valueName":"search_term_string"}}],"inLanguage":"es"},{"@type":"Organization","@id":"https:\/\/www.iplay.com\/en\/#organization","name":"IPlay","url":"https:\/\/www.iplay.com\/en\/","logo":{"@type":"ImageObject","inLanguage":"es","@id":"https:\/\/www.iplay.com\/en\/#\/schema\/logo\/image\/","url":"https:\/\/www.iplay.com\/wp-content\/uploads\/2023\/11\/Group-6100.svg","contentUrl":"https:\/\/www.iplay.com\/wp-content\/uploads\/2023\/11\/Group-6100.svg","width":98,"height":25,"caption":"IPlay"},"image":{"@id":"https:\/\/www.iplay.com\/en\/#\/schema\/logo\/image\/"}}]}},"_links":{"self":[{"href":"https:\/\/www.iplay.com\/es\/wp-json\/wp\/v2\/product\/129519","targetHints":{"allow":["GET"]}}],"collection":[{"href":"https:\/\/www.iplay.com\/es\/wp-json\/wp\/v2\/product"}],"about":[{"href":"https:\/\/www.iplay.com\/es\/wp-json\/wp\/v2\/types\/product"}],"author":[{"embeddable":true,"href":"https:\/\/www.iplay.com\/es\/wp-json\/wp\/v2\/users\/18"}],"replies":[{"embeddable":true,"href":"https:\/\/www.iplay.com\/es\/wp-json\/wp\/v2\/comments?post=129519"}],"wp:featuredmedia":[{"embeddable":true,"href":"https:\/\/www.iplay.com\/es\/wp-json\/wp\/v2\/media\/109129"}],"wp:attachment":[{"href":"https:\/\/www.iplay.com\/es\/wp-json\/wp\/v2\/media?parent=129519"}],"wp:term":[{"taxonomy":"product_brand","embeddable":true,"href":"https:\/\/www.iplay.com\/es\/wp-json\/wp\/v2\/product_brand?post=129519"},{"taxonomy":"product_cat","embeddable":true,"href":"https:\/\/www.iplay.com\/es\/wp-json\/wp\/v2\/product_cat?post=129519"},{"taxonomy":"product_tag","embeddable":true,"href":"https:\/\/www.iplay.com\/es\/wp-json\/wp\/v2\/product_tag?post=129519"}],"curies":[{"name":"wp","href":"https:\/\/api.w.org\/{rel}","templated":true}]}}