{"id":129436,"date":"2025-03-31T10:30:31","date_gmt":"2025-03-31T10:30:31","guid":{"rendered":"https:\/\/www.iplay.com\/games\/bus-parking-out\/"},"modified":"2025-03-31T10:30:31","modified_gmt":"2025-03-31T10:30:31","slug":"bus-parking-out","status":"publish","type":"product","link":"https:\/\/www.iplay.com\/es\/games\/bus-parking-out\/","title":{"rendered":"Bus Parking Out"},"content":{"rendered":"<p>\u00a1La estrategia se encuentra con la l\u00f3gica! Conduce tres tipos diferentes de autobuses en ocho colores diferentes, cada uno de los cuales necesita una preparaci\u00f3n meticulosa. Mientras haces espacio para el autob\u00fas elegido y recoges a los pasajeros, contempla el impresionante paisaje en 3D. Aprende a moverte de la mejor manera posible.   <\/p>\n<p>&nbsp;<\/p>\n<p><strong>Funciones<\/strong><\/p>\n<ul>\n<li>Juego de l\u00f3gica sin fin<\/li>\n<li>3 tipos de autobuses<\/li>\n<li>Colorido entorno 3D<\/li>\n<li>Aumento din\u00e1mico de la dificultad<\/li>\n<\/ul>\n<p>&nbsp;<\/p>\n<p><strong>C\u00f3mo jugar<\/strong><br \/>\nLos jugadores controlan autobuses de varios colores, cada uno con un tama\u00f1o y una direcci\u00f3n de viaje \u00fanicos, que est\u00e1n estacionados en un estacionamiento. Para liberar el autob\u00fas elegido y reunir a los pasajeros correspondientes de la manera m\u00e1s eficiente posible, el jugador debe despejar rutas.<\/p>\n","protected":false},"excerpt":{"rendered":"<p>En este entretenido juego casual, mueve autobuses coloridos estrat\u00e9gicamente, evita obst\u00e1culos y enfr\u00e9ntate a etapas cada vez m\u00e1s dif\u00edciles.<\/p>\n","protected":false},"author":325,"featured_media":129300,"comment_status":"open","ping_status":"closed","template":"","meta":{"_acf_changed":false,"inline_featured_image":false},"product_brand":[],"product_cat":[182,192],"product_tag":[286,303,288],"class_list":{"0":"post-129436","1":"product","2":"type-product","3":"status-publish","4":"has-post-thumbnail","6":"product_cat-mobile-games-es","7":"product_cat-puzzle-es","8":"product_tag-play-on-mac-es","9":"product_tag-play-on-mobile-es","10":"product_tag-play-on-pc-es","12":"first","13":"instock","14":"shipping-taxable","15":"purchasable","16":"product-type-html5_game"},"acf":[],"yoast_head":"<!-- This site is optimized with the Yoast SEO Premium plugin v25.2 (Yoast SEO v25.2) - https:\/\/yoast.com\/wordpress\/plugins\/seo\/ -->\n<title>Estacionamiento de autobuses: divertidos acertijos de l\u00f3gica para liberar autobuses atrapados<\/title>\n<meta name=\"description\" content=\"En este entretenido juego casual, mueve autobuses coloridos estrat\u00e9gicamente, evita obst\u00e1culos y enfr\u00e9ntate a etapas cada vez m\u00e1s dif\u00edciles.\" \/>\n<meta name=\"robots\" content=\"index, follow, max-snippet:-1, max-image-preview:large, max-video-preview:-1\" \/>\n<link rel=\"canonical\" href=\"https:\/\/www.iplay.com\/es\/games\/bus-parking-out\/\" \/>\n<meta property=\"og:locale\" content=\"es_ES\" \/>\n<meta property=\"og:type\" content=\"article\" \/>\n<meta property=\"og:title\" content=\"Bus Parking Out\" \/>\n<meta property=\"og:description\" content=\"En este entretenido juego casual, mueve autobuses coloridos estrat\u00e9gicamente, evita obst\u00e1culos y enfr\u00e9ntate a etapas cada vez m\u00e1s dif\u00edciles.\" \/>\n<meta property=\"og:url\" content=\"https:\/\/www.iplay.com\/es\/games\/bus-parking-out\/\" \/>\n<meta property=\"og:site_name\" content=\"IPlay\" \/>\n<meta property=\"og:image\" content=\"https:\/\/www.iplay.com\/wp-content\/uploads\/2025\/03\/busparkingout-html5_310x310.webp\" \/>\n\t<meta property=\"og:image:width\" content=\"310\" \/>\n\t<meta property=\"og:image:height\" content=\"310\" \/>\n\t<meta property=\"og:image:type\" content=\"image\/webp\" \/>\n<meta name=\"twitter:card\" content=\"summary_large_image\" \/>\n<meta name=\"twitter:label1\" content=\"Est. reading time\" \/>\n\t<meta name=\"twitter:data1\" content=\"1 minuto\" \/>\n<script type=\"application\/ld+json\" class=\"yoast-schema-graph\">{\"@context\":\"https:\/\/schema.org\",\"@graph\":[{\"@type\":\"WebPage\",\"@id\":\"https:\/\/www.iplay.com\/es\/games\/bus-parking-out\/\",\"url\":\"https:\/\/www.iplay.com\/es\/games\/bus-parking-out\/\",\"name\":\"Estacionamiento de autobuses: divertidos acertijos de l\u00f3gica para liberar autobuses atrapados\",\"isPartOf\":{\"@id\":\"https:\/\/www.iplay.com\/en\/#website\"},\"primaryImageOfPage\":{\"@id\":\"https:\/\/www.iplay.com\/es\/games\/bus-parking-out\/#primaryimage\"},\"image\":{\"@id\":\"https:\/\/www.iplay.com\/es\/games\/bus-parking-out\/#primaryimage\"},\"thumbnailUrl\":\"https:\/\/www.iplay.com\/wp-content\/uploads\/2025\/03\/busparkingout-html5_310x310.webp\",\"datePublished\":\"2025-03-31T10:30:31+00:00\",\"description\":\"En este entretenido juego casual, mueve autobuses coloridos estrat\u00e9gicamente, evita obst\u00e1culos y enfr\u00e9ntate a etapas cada vez m\u00e1s dif\u00edciles.\",\"breadcrumb\":{\"@id\":\"https:\/\/www.iplay.com\/es\/games\/bus-parking-out\/#breadcrumb\"},\"inLanguage\":\"es\",\"potentialAction\":[{\"@type\":\"ReadAction\",\"target\":[\"https:\/\/www.iplay.com\/es\/games\/bus-parking-out\/\"]}]},{\"@type\":\"ImageObject\",\"inLanguage\":\"es\",\"@id\":\"https:\/\/www.iplay.com\/es\/games\/bus-parking-out\/#primaryimage\",\"url\":\"https:\/\/www.iplay.com\/wp-content\/uploads\/2025\/03\/busparkingout-html5_310x310.webp\",\"contentUrl\":\"https:\/\/www.iplay.com\/wp-content\/uploads\/2025\/03\/busparkingout-html5_310x310.webp\",\"width\":310,\"height\":310},{\"@type\":\"BreadcrumbList\",\"@id\":\"https:\/\/www.iplay.com\/es\/games\/bus-parking-out\/#breadcrumb\",\"itemListElement\":[{\"@type\":\"ListItem\",\"position\":1,\"name\":\"Home\",\"item\":\"https:\/\/www.iplay.com\/es\/home-page-2\/\"},{\"@type\":\"ListItem\",\"position\":2,\"name\":\"Shop\",\"item\":\"https:\/\/www.iplay.com\/en\/shop\/\"},{\"@type\":\"ListItem\",\"position\":3,\"name\":\"Bus Parking Out\"}]},{\"@type\":\"WebSite\",\"@id\":\"https:\/\/www.iplay.com\/en\/#website\",\"url\":\"https:\/\/www.iplay.com\/en\/\",\"name\":\"IPlay\",\"description\":\"The Best Casual Games!\",\"publisher\":{\"@id\":\"https:\/\/www.iplay.com\/en\/#organization\"},\"potentialAction\":[{\"@type\":\"SearchAction\",\"target\":{\"@type\":\"EntryPoint\",\"urlTemplate\":\"https:\/\/www.iplay.com\/en\/?s={search_term_string}\"},\"query-input\":{\"@type\":\"PropertyValueSpecification\",\"valueRequired\":true,\"valueName\":\"search_term_string\"}}],\"inLanguage\":\"es\"},{\"@type\":\"Organization\",\"@id\":\"https:\/\/www.iplay.com\/en\/#organization\",\"name\":\"IPlay\",\"url\":\"https:\/\/www.iplay.com\/en\/\",\"logo\":{\"@type\":\"ImageObject\",\"inLanguage\":\"es\",\"@id\":\"https:\/\/www.iplay.com\/en\/#\/schema\/logo\/image\/\",\"url\":\"https:\/\/www.iplay.com\/wp-content\/uploads\/2023\/11\/Group-6100.svg\",\"contentUrl\":\"https:\/\/www.iplay.com\/wp-content\/uploads\/2023\/11\/Group-6100.svg\",\"width\":98,\"height\":25,\"caption\":\"IPlay\"},\"image\":{\"@id\":\"https:\/\/www.iplay.com\/en\/#\/schema\/logo\/image\/\"}}]}<\/script>\n<!-- \/ Yoast SEO Premium plugin. -->","yoast_head_json":{"title":"Estacionamiento de autobuses: divertidos acertijos de l\u00f3gica para liberar autobuses atrapados","description":"En este entretenido juego casual, mueve autobuses coloridos estrat\u00e9gicamente, evita obst\u00e1culos y enfr\u00e9ntate a etapas cada vez m\u00e1s dif\u00edciles.","robots":{"index":"index","follow":"follow","max-snippet":"max-snippet:-1","max-image-preview":"max-image-preview:large","max-video-preview":"max-video-preview:-1"},"canonical":"https:\/\/www.iplay.com\/es\/games\/bus-parking-out\/","og_locale":"es_ES","og_type":"article","og_title":"Bus Parking Out","og_description":"En este entretenido juego casual, mueve autobuses coloridos estrat\u00e9gicamente, evita obst\u00e1culos y enfr\u00e9ntate a etapas cada vez m\u00e1s dif\u00edciles.","og_url":"https:\/\/www.iplay.com\/es\/games\/bus-parking-out\/","og_site_name":"IPlay","og_image":[{"width":310,"height":310,"url":"https:\/\/www.iplay.com\/wp-content\/uploads\/2025\/03\/busparkingout-html5_310x310.webp","type":"image\/webp"}],"twitter_card":"summary_large_image","twitter_misc":{"Est. reading time":"1 minuto"},"schema":{"@context":"https:\/\/schema.org","@graph":[{"@type":"WebPage","@id":"https:\/\/www.iplay.com\/es\/games\/bus-parking-out\/","url":"https:\/\/www.iplay.com\/es\/games\/bus-parking-out\/","name":"Estacionamiento de autobuses: divertidos acertijos de l\u00f3gica para liberar autobuses atrapados","isPartOf":{"@id":"https:\/\/www.iplay.com\/en\/#website"},"primaryImageOfPage":{"@id":"https:\/\/www.iplay.com\/es\/games\/bus-parking-out\/#primaryimage"},"image":{"@id":"https:\/\/www.iplay.com\/es\/games\/bus-parking-out\/#primaryimage"},"thumbnailUrl":"https:\/\/www.iplay.com\/wp-content\/uploads\/2025\/03\/busparkingout-html5_310x310.webp","datePublished":"2025-03-31T10:30:31+00:00","description":"En este entretenido juego casual, mueve autobuses coloridos estrat\u00e9gicamente, evita obst\u00e1culos y enfr\u00e9ntate a etapas cada vez m\u00e1s dif\u00edciles.","breadcrumb":{"@id":"https:\/\/www.iplay.com\/es\/games\/bus-parking-out\/#breadcrumb"},"inLanguage":"es","potentialAction":[{"@type":"ReadAction","target":["https:\/\/www.iplay.com\/es\/games\/bus-parking-out\/"]}]},{"@type":"ImageObject","inLanguage":"es","@id":"https:\/\/www.iplay.com\/es\/games\/bus-parking-out\/#primaryimage","url":"https:\/\/www.iplay.com\/wp-content\/uploads\/2025\/03\/busparkingout-html5_310x310.webp","contentUrl":"https:\/\/www.iplay.com\/wp-content\/uploads\/2025\/03\/busparkingout-html5_310x310.webp","width":310,"height":310},{"@type":"BreadcrumbList","@id":"https:\/\/www.iplay.com\/es\/games\/bus-parking-out\/#breadcrumb","itemListElement":[{"@type":"ListItem","position":1,"name":"Home","item":"https:\/\/www.iplay.com\/es\/home-page-2\/"},{"@type":"ListItem","position":2,"name":"Shop","item":"https:\/\/www.iplay.com\/en\/shop\/"},{"@type":"ListItem","position":3,"name":"Bus Parking Out"}]},{"@type":"WebSite","@id":"https:\/\/www.iplay.com\/en\/#website","url":"https:\/\/www.iplay.com\/en\/","name":"IPlay","description":"The Best Casual Games!","publisher":{"@id":"https:\/\/www.iplay.com\/en\/#organization"},"potentialAction":[{"@type":"SearchAction","target":{"@type":"EntryPoint","urlTemplate":"https:\/\/www.iplay.com\/en\/?s={search_term_string}"},"query-input":{"@type":"PropertyValueSpecification","valueRequired":true,"valueName":"search_term_string"}}],"inLanguage":"es"},{"@type":"Organization","@id":"https:\/\/www.iplay.com\/en\/#organization","name":"IPlay","url":"https:\/\/www.iplay.com\/en\/","logo":{"@type":"ImageObject","inLanguage":"es","@id":"https:\/\/www.iplay.com\/en\/#\/schema\/logo\/image\/","url":"https:\/\/www.iplay.com\/wp-content\/uploads\/2023\/11\/Group-6100.svg","contentUrl":"https:\/\/www.iplay.com\/wp-content\/uploads\/2023\/11\/Group-6100.svg","width":98,"height":25,"caption":"IPlay"},"image":{"@id":"https:\/\/www.iplay.com\/en\/#\/schema\/logo\/image\/"}}]}},"_links":{"self":[{"href":"https:\/\/www.iplay.com\/es\/wp-json\/wp\/v2\/product\/129436","targetHints":{"allow":["GET"]}}],"collection":[{"href":"https:\/\/www.iplay.com\/es\/wp-json\/wp\/v2\/product"}],"about":[{"href":"https:\/\/www.iplay.com\/es\/wp-json\/wp\/v2\/types\/product"}],"author":[{"embeddable":true,"href":"https:\/\/www.iplay.com\/es\/wp-json\/wp\/v2\/users\/325"}],"replies":[{"embeddable":true,"href":"https:\/\/www.iplay.com\/es\/wp-json\/wp\/v2\/comments?post=129436"}],"wp:featuredmedia":[{"embeddable":true,"href":"https:\/\/www.iplay.com\/es\/wp-json\/wp\/v2\/media\/129300"}],"wp:attachment":[{"href":"https:\/\/www.iplay.com\/es\/wp-json\/wp\/v2\/media?parent=129436"}],"wp:term":[{"taxonomy":"product_brand","embeddable":true,"href":"https:\/\/www.iplay.com\/es\/wp-json\/wp\/v2\/product_brand?post=129436"},{"taxonomy":"product_cat","embeddable":true,"href":"https:\/\/www.iplay.com\/es\/wp-json\/wp\/v2\/product_cat?post=129436"},{"taxonomy":"product_tag","embeddable":true,"href":"https:\/\/www.iplay.com\/es\/wp-json\/wp\/v2\/product_tag?post=129436"}],"curies":[{"name":"wp","href":"https:\/\/api.w.org\/{rel}","templated":true}]}}