{"id":129121,"date":"2025-03-28T10:30:07","date_gmt":"2025-03-28T10:30:07","guid":{"rendered":"https:\/\/www.iplay.com\/?post_type=product&p=129121"},"modified":"2025-03-28T10:30:07","modified_gmt":"2025-03-28T10:30:07","slug":"bubble-mania-shooter","status":"publish","type":"product","link":"https:\/\/www.iplay.com\/es\/games\/bubble-mania-shooter\/","title":{"rendered":"Bubble Mania Shooter"},"content":{"rendered":"<p>\u00a1Bienvenido al incre\u00edble universo de las burbujas! Es un juego f\u00e1cil de jugar pero dif\u00edcil de dominar. \u00a1Prep\u00e1rate para un juego infinitamente entretenido con vibrante acci\u00f3n de disparos! Obt\u00e9n la puntuaci\u00f3n m\u00e1s alta perfeccionando tu punter\u00eda, haciendo tiros impecables y explotando burbujas.   <\/p>\n<p>&nbsp;<\/p>\n<p><strong>Funciones<\/strong><\/p>\n<ul>\n<li>Juego de rompecabezas sin fin<\/li>\n<li>Aumento de la dificultad de disparo<\/li>\n<li>Bolas potenciadoras \u00fanicas<\/li>\n<li>Premios Estrella<\/li>\n<\/ul>\n<p>&nbsp;<\/p>\n<p><strong>C\u00f3mo jugar<\/strong><br \/>\nEl objetivo del juego es ganar tantas estrellas como puedas despejando las bolas en el menor n\u00famero de tiros posibles. Usa potenciadores especiales y apunta a la precisi\u00f3n para pasar etapas f\u00e1cilmente. \u00a1Cuidado con las burbujas inusuales y dif\u00edciles que son dif\u00edciles de reventar! \u00a1Obt\u00e9n la puntuaci\u00f3n m\u00e1s alta subiendo de nivel!<\/p>\n","protected":false},"excerpt":{"rendered":"<p>\u00c1brete paso a trav\u00e9s de niveles cautivadores en este encantador desaf\u00edo de reventar burbujas donde te esperan sorpresas m\u00e1gicas en cada esquina: pon a prueba tu precisi\u00f3n y estrategia mientras recoges estrellas deslumbrantes en una aventura colorida sin fin.<\/p>\n","protected":false},"author":325,"featured_media":129095,"comment_status":"open","ping_status":"closed","template":"","meta":{"_acf_changed":false,"inline_featured_image":false},"product_brand":[],"product_cat":[178,182,192],"product_tag":[286,288],"class_list":{"0":"post-129121","1":"product","2":"type-product","3":"status-publish","4":"has-post-thumbnail","6":"product_cat-match-3-es","7":"product_cat-mobile-games-es","8":"product_cat-puzzle-es","9":"product_tag-play-on-mac-es","10":"product_tag-play-on-pc-es","12":"first","13":"instock","14":"shipping-taxable","15":"purchasable","16":"product-type-html5_game"},"acf":[],"yoast_head":"<!-- This site is optimized with the Yoast SEO Premium plugin v25.2 (Yoast SEO v25.2) - https:\/\/yoast.com\/wordpress\/plugins\/seo\/ -->\n<title>Bubble Mania Shooter: Aventura de combinaci\u00f3n de pop hacia la victoria<\/title>\n<meta name=\"description\" content=\"\u00c1brete paso a trav\u00e9s de niveles cautivadores en este encantador desaf\u00edo de reventar burbujas donde te esperan sorpresas m\u00e1gicas en cada esquina: pon a prueba tu precisi\u00f3n y estrategia mientras recoges estrellas deslumbrantes en una aventura colorida sin fin.\" \/>\n<meta name=\"robots\" content=\"index, follow, max-snippet:-1, max-image-preview:large, max-video-preview:-1\" \/>\n<link rel=\"canonical\" href=\"https:\/\/www.iplay.com\/en\/games\/bubble-mania-shooter\/\" \/>\n<meta property=\"og:locale\" content=\"es_ES\" \/>\n<meta property=\"og:type\" content=\"article\" \/>\n<meta property=\"og:title\" content=\"Bubble Mania Shooter\" \/>\n<meta property=\"og:description\" content=\"\u00c1brete paso a trav\u00e9s de niveles cautivadores en este encantador desaf\u00edo de reventar burbujas donde te esperan sorpresas m\u00e1gicas en cada esquina: pon a prueba tu precisi\u00f3n y estrategia mientras recoges estrellas deslumbrantes en una aventura colorida sin fin.\" \/>\n<meta property=\"og:url\" content=\"https:\/\/www.iplay.com\/en\/games\/bubble-mania-shooter\/\" \/>\n<meta property=\"og:site_name\" content=\"IPlay\" \/>\n<meta property=\"og:image\" content=\"https:\/\/www.iplay.com\/wp-content\/uploads\/2025\/03\/bubblemaniashooter-html5_title.webp\" \/>\n\t<meta property=\"og:image:width\" content=\"715\" \/>\n\t<meta property=\"og:image:height\" content=\"485\" \/>\n\t<meta property=\"og:image:type\" content=\"image\/webp\" \/>\n<meta name=\"twitter:card\" content=\"summary_large_image\" \/>\n<meta name=\"twitter:label1\" content=\"Est. reading time\" \/>\n\t<meta name=\"twitter:data1\" content=\"1 minuto\" \/>\n<script type=\"application\/ld+json\" class=\"yoast-schema-graph\">{\"@context\":\"https:\/\/schema.org\",\"@graph\":[{\"@type\":\"WebPage\",\"@id\":\"https:\/\/www.iplay.com\/en\/games\/bubble-mania-shooter\/\",\"url\":\"https:\/\/www.iplay.com\/en\/games\/bubble-mania-shooter\/\",\"name\":\"Bubble Mania Shooter: Aventura de combinaci\u00f3n de pop hacia la victoria\",\"isPartOf\":{\"@id\":\"https:\/\/www.iplay.com\/en\/#website\"},\"primaryImageOfPage\":{\"@id\":\"https:\/\/www.iplay.com\/en\/games\/bubble-mania-shooter\/#primaryimage\"},\"image\":{\"@id\":\"https:\/\/www.iplay.com\/en\/games\/bubble-mania-shooter\/#primaryimage\"},\"thumbnailUrl\":\"https:\/\/www.iplay.com\/wp-content\/uploads\/2025\/03\/bubblemaniashooter-html5_screen_1080x1080_1.webp\",\"datePublished\":\"2025-03-28T10:30:07+00:00\",\"description\":\"\u00c1brete paso a trav\u00e9s de niveles cautivadores en este encantador desaf\u00edo de reventar burbujas donde te esperan sorpresas m\u00e1gicas en cada esquina: pon a prueba tu precisi\u00f3n y estrategia mientras recoges estrellas deslumbrantes en una aventura colorida sin fin.\",\"breadcrumb\":{\"@id\":\"https:\/\/www.iplay.com\/en\/games\/bubble-mania-shooter\/#breadcrumb\"},\"inLanguage\":\"es\",\"potentialAction\":[{\"@type\":\"ReadAction\",\"target\":[\"https:\/\/www.iplay.com\/en\/games\/bubble-mania-shooter\/\"]}]},{\"@type\":\"ImageObject\",\"inLanguage\":\"es\",\"@id\":\"https:\/\/www.iplay.com\/en\/games\/bubble-mania-shooter\/#primaryimage\",\"url\":\"https:\/\/www.iplay.com\/wp-content\/uploads\/2025\/03\/bubblemaniashooter-html5_screen_1080x1080_1.webp\",\"contentUrl\":\"https:\/\/www.iplay.com\/wp-content\/uploads\/2025\/03\/bubblemaniashooter-html5_screen_1080x1080_1.webp\",\"width\":310,\"height\":310},{\"@type\":\"BreadcrumbList\",\"@id\":\"https:\/\/www.iplay.com\/en\/games\/bubble-mania-shooter\/#breadcrumb\",\"itemListElement\":[{\"@type\":\"ListItem\",\"position\":1,\"name\":\"Home\",\"item\":\"https:\/\/www.iplay.com\/es\/home-page-2\/\"},{\"@type\":\"ListItem\",\"position\":2,\"name\":\"Shop\",\"item\":\"https:\/\/www.iplay.com\/en\/shop\/\"},{\"@type\":\"ListItem\",\"position\":3,\"name\":\"Bubble Mania Shooter\"}]},{\"@type\":\"WebSite\",\"@id\":\"https:\/\/www.iplay.com\/en\/#website\",\"url\":\"https:\/\/www.iplay.com\/en\/\",\"name\":\"IPlay\",\"description\":\"The Best Casual Games!\",\"publisher\":{\"@id\":\"https:\/\/www.iplay.com\/en\/#organization\"},\"potentialAction\":[{\"@type\":\"SearchAction\",\"target\":{\"@type\":\"EntryPoint\",\"urlTemplate\":\"https:\/\/www.iplay.com\/en\/?s={search_term_string}\"},\"query-input\":{\"@type\":\"PropertyValueSpecification\",\"valueRequired\":true,\"valueName\":\"search_term_string\"}}],\"inLanguage\":\"es\"},{\"@type\":\"Organization\",\"@id\":\"https:\/\/www.iplay.com\/en\/#organization\",\"name\":\"IPlay\",\"url\":\"https:\/\/www.iplay.com\/en\/\",\"logo\":{\"@type\":\"ImageObject\",\"inLanguage\":\"es\",\"@id\":\"https:\/\/www.iplay.com\/en\/#\/schema\/logo\/image\/\",\"url\":\"https:\/\/www.iplay.com\/wp-content\/uploads\/2023\/11\/Group-6100.svg\",\"contentUrl\":\"https:\/\/www.iplay.com\/wp-content\/uploads\/2023\/11\/Group-6100.svg\",\"width\":98,\"height\":25,\"caption\":\"IPlay\"},\"image\":{\"@id\":\"https:\/\/www.iplay.com\/en\/#\/schema\/logo\/image\/\"}}]}<\/script>\n<!-- \/ Yoast SEO Premium plugin. -->","yoast_head_json":{"title":"Bubble Mania Shooter: Aventura de combinaci\u00f3n de pop hacia la victoria","description":"\u00c1brete paso a trav\u00e9s de niveles cautivadores en este encantador desaf\u00edo de reventar burbujas donde te esperan sorpresas m\u00e1gicas en cada esquina: pon a prueba tu precisi\u00f3n y estrategia mientras recoges estrellas deslumbrantes en una aventura colorida sin fin.","robots":{"index":"index","follow":"follow","max-snippet":"max-snippet:-1","max-image-preview":"max-image-preview:large","max-video-preview":"max-video-preview:-1"},"canonical":"https:\/\/www.iplay.com\/en\/games\/bubble-mania-shooter\/","og_locale":"es_ES","og_type":"article","og_title":"Bubble Mania Shooter","og_description":"\u00c1brete paso a trav\u00e9s de niveles cautivadores en este encantador desaf\u00edo de reventar burbujas donde te esperan sorpresas m\u00e1gicas en cada esquina: pon a prueba tu precisi\u00f3n y estrategia mientras recoges estrellas deslumbrantes en una aventura colorida sin fin.","og_url":"https:\/\/www.iplay.com\/en\/games\/bubble-mania-shooter\/","og_site_name":"IPlay","og_image":[{"width":715,"height":485,"url":"https:\/\/www.iplay.com\/wp-content\/uploads\/2025\/03\/bubblemaniashooter-html5_title.webp","type":"image\/webp"}],"twitter_card":"summary_large_image","twitter_misc":{"Est. reading time":"1 minuto"},"schema":{"@context":"https:\/\/schema.org","@graph":[{"@type":"WebPage","@id":"https:\/\/www.iplay.com\/en\/games\/bubble-mania-shooter\/","url":"https:\/\/www.iplay.com\/en\/games\/bubble-mania-shooter\/","name":"Bubble Mania Shooter: Aventura de combinaci\u00f3n de pop hacia la victoria","isPartOf":{"@id":"https:\/\/www.iplay.com\/en\/#website"},"primaryImageOfPage":{"@id":"https:\/\/www.iplay.com\/en\/games\/bubble-mania-shooter\/#primaryimage"},"image":{"@id":"https:\/\/www.iplay.com\/en\/games\/bubble-mania-shooter\/#primaryimage"},"thumbnailUrl":"https:\/\/www.iplay.com\/wp-content\/uploads\/2025\/03\/bubblemaniashooter-html5_screen_1080x1080_1.webp","datePublished":"2025-03-28T10:30:07+00:00","description":"\u00c1brete paso a trav\u00e9s de niveles cautivadores en este encantador desaf\u00edo de reventar burbujas donde te esperan sorpresas m\u00e1gicas en cada esquina: pon a prueba tu precisi\u00f3n y estrategia mientras recoges estrellas deslumbrantes en una aventura colorida sin fin.","breadcrumb":{"@id":"https:\/\/www.iplay.com\/en\/games\/bubble-mania-shooter\/#breadcrumb"},"inLanguage":"es","potentialAction":[{"@type":"ReadAction","target":["https:\/\/www.iplay.com\/en\/games\/bubble-mania-shooter\/"]}]},{"@type":"ImageObject","inLanguage":"es","@id":"https:\/\/www.iplay.com\/en\/games\/bubble-mania-shooter\/#primaryimage","url":"https:\/\/www.iplay.com\/wp-content\/uploads\/2025\/03\/bubblemaniashooter-html5_screen_1080x1080_1.webp","contentUrl":"https:\/\/www.iplay.com\/wp-content\/uploads\/2025\/03\/bubblemaniashooter-html5_screen_1080x1080_1.webp","width":310,"height":310},{"@type":"BreadcrumbList","@id":"https:\/\/www.iplay.com\/en\/games\/bubble-mania-shooter\/#breadcrumb","itemListElement":[{"@type":"ListItem","position":1,"name":"Home","item":"https:\/\/www.iplay.com\/es\/home-page-2\/"},{"@type":"ListItem","position":2,"name":"Shop","item":"https:\/\/www.iplay.com\/en\/shop\/"},{"@type":"ListItem","position":3,"name":"Bubble Mania Shooter"}]},{"@type":"WebSite","@id":"https:\/\/www.iplay.com\/en\/#website","url":"https:\/\/www.iplay.com\/en\/","name":"IPlay","description":"The Best Casual Games!","publisher":{"@id":"https:\/\/www.iplay.com\/en\/#organization"},"potentialAction":[{"@type":"SearchAction","target":{"@type":"EntryPoint","urlTemplate":"https:\/\/www.iplay.com\/en\/?s={search_term_string}"},"query-input":{"@type":"PropertyValueSpecification","valueRequired":true,"valueName":"search_term_string"}}],"inLanguage":"es"},{"@type":"Organization","@id":"https:\/\/www.iplay.com\/en\/#organization","name":"IPlay","url":"https:\/\/www.iplay.com\/en\/","logo":{"@type":"ImageObject","inLanguage":"es","@id":"https:\/\/www.iplay.com\/en\/#\/schema\/logo\/image\/","url":"https:\/\/www.iplay.com\/wp-content\/uploads\/2023\/11\/Group-6100.svg","contentUrl":"https:\/\/www.iplay.com\/wp-content\/uploads\/2023\/11\/Group-6100.svg","width":98,"height":25,"caption":"IPlay"},"image":{"@id":"https:\/\/www.iplay.com\/en\/#\/schema\/logo\/image\/"}}]}},"_links":{"self":[{"href":"https:\/\/www.iplay.com\/es\/wp-json\/wp\/v2\/product\/129121","targetHints":{"allow":["GET"]}}],"collection":[{"href":"https:\/\/www.iplay.com\/es\/wp-json\/wp\/v2\/product"}],"about":[{"href":"https:\/\/www.iplay.com\/es\/wp-json\/wp\/v2\/types\/product"}],"author":[{"embeddable":true,"href":"https:\/\/www.iplay.com\/es\/wp-json\/wp\/v2\/users\/325"}],"replies":[{"embeddable":true,"href":"https:\/\/www.iplay.com\/es\/wp-json\/wp\/v2\/comments?post=129121"}],"wp:featuredmedia":[{"embeddable":true,"href":"https:\/\/www.iplay.com\/es\/wp-json\/wp\/v2\/media\/129095"}],"wp:attachment":[{"href":"https:\/\/www.iplay.com\/es\/wp-json\/wp\/v2\/media?parent=129121"}],"wp:term":[{"taxonomy":"product_brand","embeddable":true,"href":"https:\/\/www.iplay.com\/es\/wp-json\/wp\/v2\/product_brand?post=129121"},{"taxonomy":"product_cat","embeddable":true,"href":"https:\/\/www.iplay.com\/es\/wp-json\/wp\/v2\/product_cat?post=129121"},{"taxonomy":"product_tag","embeddable":true,"href":"https:\/\/www.iplay.com\/es\/wp-json\/wp\/v2\/product_tag?post=129121"}],"curies":[{"name":"wp","href":"https:\/\/api.w.org\/{rel}","templated":true}]}}