{"id":128971,"date":"2024-01-12T00:00:35","date_gmt":"2024-01-12T00:00:35","guid":{"rendered":"https:\/\/www.iplay.com\/games\/royal-romances-cursed-hearts-collectors-edition\/"},"modified":"2024-01-12T00:00:35","modified_gmt":"2024-01-12T00:00:35","slug":"royal-romances-cursed-hearts-collectors-edition","status":"publish","type":"product","link":"https:\/\/www.iplay.com\/es\/games\/royal-romances-cursed-hearts-collectors-edition\/","title":{"rendered":"Royal Romances: Cursed Hearts Collector&#8217;s Edition"},"content":{"rendered":"<p>La mano de una encantadora princesa es algo anhelado por un noble pr\u00edncipe. Juntos, se enfrentan al mal, se revelan secretos familiares y se intenta encontrar tiempo para el otro. \u00bfTe gustar\u00eda escapar de la rutina diaria y sumergirte por un rato en el reino m\u00e1gico de una delicada princesa? \u00a1Vivir en un palacio real no es tan sencillo como parece! Es de esperar que incluso tu amigo m\u00e1s cercano apu\u00f1ale por la espalda, tu fuerte padre organiza una sangrienta competencia entre aspirantes por tu afecto, y en lugar de fiestas y banquetes lujosos, las disputas de los sujetos que residen tanto dentro como fuera de tu reino deben resolverse. Sin embargo, el resultado puede ser muy gratificante: un amor inquebrantable que sacar\u00e1 una estrella del cielo solo para ti. En un reino plagado de peligros y deseos, \u00bfse lograr\u00e1 el triunfo? \u00a1En esta nueva y emocionante aventura de rompecabezas de objetos ocultos, desc\u00fabrelo!       <\/p>\n<p>&nbsp;<\/p>\n<p><strong>Caracter\u00edsticas de la Edici\u00f3n de Coleccionista<\/strong><\/p>\n<p>&nbsp;<\/p>\n<p>&#8211; \u00a1El reino m\u00edstico se puede navegar con facilidad usando la \u00fatil gu\u00eda de estrategia!<\/p>\n<p>&#8211; \u00a1Transp\u00f3rtate a un mundo m\u00e1gico de fantas\u00eda con hermosos fondos de pantalla para descargar!<\/p>\n<p>&#8211; \u00a1Enfr\u00e9ntate a una nueva tarea real con el cap\u00edtulo de bonificaci\u00f3n especial!<\/p>\n<p>&#8211; \u00a1Descubre un mont\u00f3n de objetos que se transforman, recuerdos y m\u00e1s!<\/p>\n","protected":false},"excerpt":{"rendered":"<p>\u00danete a un pr\u00edncipe y una princesa contra el mal en Royal Romances: Cursed Hearts Collector&#8217;s Edition<\/p>\n","protected":false},"author":52,"featured_media":124619,"comment_status":"open","ping_status":"closed","template":"","meta":{"_acf_changed":false,"inline_featured_image":false},"product_brand":[],"product_cat":[166],"product_tag":[288,354],"class_list":{"0":"post-128971","1":"product","2":"type-product","3":"status-publish","4":"has-post-thumbnail","6":"product_cat-hidden-object-es","7":"product_tag-play-on-pc-es","8":"product_tag-valentines-day-es-2","10":"first","11":"instock","12":"shipping-taxable","13":"purchasable","14":"product-type-simple"},"acf":[],"yoast_head":"<!-- This site is optimized with the Yoast SEO Premium plugin v25.2 (Yoast SEO v25.2) - https:\/\/yoast.com\/wordpress\/plugins\/seo\/ -->\n<title>Royal Romances: Cursed Hearts Collector&#039;s Edition - \u00danete a un pr\u00edncipe y una princesa contra el mal<\/title>\n<meta name=\"description\" content=\"\u00danete a un pr\u00edncipe y una princesa contra el mal en Royal Romances: Cursed Hearts Collector&#039;s Edition\" \/>\n<meta name=\"robots\" content=\"index, follow, max-snippet:-1, max-image-preview:large, max-video-preview:-1\" \/>\n<link rel=\"canonical\" href=\"https:\/\/www.iplay.com\/es\/games\/royal-romances-cursed-hearts-collectors-edition\/\" \/>\n<meta property=\"og:locale\" content=\"es_ES\" \/>\n<meta property=\"og:type\" content=\"article\" \/>\n<meta property=\"og:title\" content=\"Royal Romances: Cursed Hearts Collector&#039;s Edition\" \/>\n<meta property=\"og:description\" content=\"\u00danete a un pr\u00edncipe y una princesa contra el mal en Royal Romances: Cursed Hearts Collector&#039;s Edition\" \/>\n<meta property=\"og:url\" content=\"https:\/\/www.iplay.com\/es\/games\/royal-romances-cursed-hearts-collectors-edition\/\" \/>\n<meta property=\"og:site_name\" content=\"IPlay\" \/>\n<meta property=\"og:image\" content=\"https:\/\/www.iplay.com\/wp-content\/uploads\/2024\/01\/400x400-royal_romances_-_cursed_hearts_ce_large_square_tile_image.webp\" \/>\n\t<meta property=\"og:image:width\" content=\"400\" \/>\n\t<meta property=\"og:image:height\" content=\"400\" \/>\n\t<meta property=\"og:image:type\" content=\"image\/webp\" \/>\n<meta name=\"twitter:card\" content=\"summary_large_image\" \/>\n<meta name=\"twitter:label1\" content=\"Est. reading time\" \/>\n\t<meta name=\"twitter:data1\" content=\"1 minuto\" \/>\n<script type=\"application\/ld+json\" class=\"yoast-schema-graph\">{\"@context\":\"https:\/\/schema.org\",\"@graph\":[{\"@type\":\"WebPage\",\"@id\":\"https:\/\/www.iplay.com\/es\/games\/royal-romances-cursed-hearts-collectors-edition\/\",\"url\":\"https:\/\/www.iplay.com\/es\/games\/royal-romances-cursed-hearts-collectors-edition\/\",\"name\":\"Royal Romances: Cursed Hearts Collector's Edition - \u00danete a un pr\u00edncipe y una princesa contra el mal\",\"isPartOf\":{\"@id\":\"https:\/\/www.iplay.com\/en\/#website\"},\"primaryImageOfPage\":{\"@id\":\"https:\/\/www.iplay.com\/es\/games\/royal-romances-cursed-hearts-collectors-edition\/#primaryimage\"},\"image\":{\"@id\":\"https:\/\/www.iplay.com\/es\/games\/royal-romances-cursed-hearts-collectors-edition\/#primaryimage\"},\"thumbnailUrl\":\"https:\/\/www.iplay.com\/wp-content\/uploads\/2024\/01\/400x400-royal_romances_-_cursed_hearts_ce_large_square_tile_image.webp\",\"datePublished\":\"2024-01-12T00:00:35+00:00\",\"description\":\"\u00danete a un pr\u00edncipe y una princesa contra el mal en Royal Romances: Cursed Hearts Collector's Edition\",\"breadcrumb\":{\"@id\":\"https:\/\/www.iplay.com\/es\/games\/royal-romances-cursed-hearts-collectors-edition\/#breadcrumb\"},\"inLanguage\":\"es\",\"potentialAction\":[{\"@type\":\"ReadAction\",\"target\":[\"https:\/\/www.iplay.com\/es\/games\/royal-romances-cursed-hearts-collectors-edition\/\"]}]},{\"@type\":\"ImageObject\",\"inLanguage\":\"es\",\"@id\":\"https:\/\/www.iplay.com\/es\/games\/royal-romances-cursed-hearts-collectors-edition\/#primaryimage\",\"url\":\"https:\/\/www.iplay.com\/wp-content\/uploads\/2024\/01\/400x400-royal_romances_-_cursed_hearts_ce_large_square_tile_image.webp\",\"contentUrl\":\"https:\/\/www.iplay.com\/wp-content\/uploads\/2024\/01\/400x400-royal_romances_-_cursed_hearts_ce_large_square_tile_image.webp\",\"width\":400,\"height\":400},{\"@type\":\"BreadcrumbList\",\"@id\":\"https:\/\/www.iplay.com\/es\/games\/royal-romances-cursed-hearts-collectors-edition\/#breadcrumb\",\"itemListElement\":[{\"@type\":\"ListItem\",\"position\":1,\"name\":\"Home\",\"item\":\"https:\/\/www.iplay.com\/es\/home-page-2\/\"},{\"@type\":\"ListItem\",\"position\":2,\"name\":\"Shop\",\"item\":\"https:\/\/www.iplay.com\/en\/shop\/\"},{\"@type\":\"ListItem\",\"position\":3,\"name\":\"Royal Romances: Cursed Hearts Collector&#8217;s Edition\"}]},{\"@type\":\"WebSite\",\"@id\":\"https:\/\/www.iplay.com\/en\/#website\",\"url\":\"https:\/\/www.iplay.com\/en\/\",\"name\":\"IPlay\",\"description\":\"The Best Casual Games!\",\"publisher\":{\"@id\":\"https:\/\/www.iplay.com\/en\/#organization\"},\"potentialAction\":[{\"@type\":\"SearchAction\",\"target\":{\"@type\":\"EntryPoint\",\"urlTemplate\":\"https:\/\/www.iplay.com\/en\/?s={search_term_string}\"},\"query-input\":{\"@type\":\"PropertyValueSpecification\",\"valueRequired\":true,\"valueName\":\"search_term_string\"}}],\"inLanguage\":\"es\"},{\"@type\":\"Organization\",\"@id\":\"https:\/\/www.iplay.com\/en\/#organization\",\"name\":\"IPlay\",\"url\":\"https:\/\/www.iplay.com\/en\/\",\"logo\":{\"@type\":\"ImageObject\",\"inLanguage\":\"es\",\"@id\":\"https:\/\/www.iplay.com\/en\/#\/schema\/logo\/image\/\",\"url\":\"https:\/\/www.iplay.com\/wp-content\/uploads\/2023\/11\/Group-6100.svg\",\"contentUrl\":\"https:\/\/www.iplay.com\/wp-content\/uploads\/2023\/11\/Group-6100.svg\",\"width\":98,\"height\":25,\"caption\":\"IPlay\"},\"image\":{\"@id\":\"https:\/\/www.iplay.com\/en\/#\/schema\/logo\/image\/\"}}]}<\/script>\n<!-- \/ Yoast SEO Premium plugin. -->","yoast_head_json":{"title":"Royal Romances: Cursed Hearts Collector's Edition - \u00danete a un pr\u00edncipe y una princesa contra el mal","description":"\u00danete a un pr\u00edncipe y una princesa contra el mal en Royal Romances: Cursed Hearts Collector's Edition","robots":{"index":"index","follow":"follow","max-snippet":"max-snippet:-1","max-image-preview":"max-image-preview:large","max-video-preview":"max-video-preview:-1"},"canonical":"https:\/\/www.iplay.com\/es\/games\/royal-romances-cursed-hearts-collectors-edition\/","og_locale":"es_ES","og_type":"article","og_title":"Royal Romances: Cursed Hearts Collector's Edition","og_description":"\u00danete a un pr\u00edncipe y una princesa contra el mal en Royal Romances: Cursed Hearts Collector's Edition","og_url":"https:\/\/www.iplay.com\/es\/games\/royal-romances-cursed-hearts-collectors-edition\/","og_site_name":"IPlay","og_image":[{"width":400,"height":400,"url":"https:\/\/www.iplay.com\/wp-content\/uploads\/2024\/01\/400x400-royal_romances_-_cursed_hearts_ce_large_square_tile_image.webp","type":"image\/webp"}],"twitter_card":"summary_large_image","twitter_misc":{"Est. reading time":"1 minuto"},"schema":{"@context":"https:\/\/schema.org","@graph":[{"@type":"WebPage","@id":"https:\/\/www.iplay.com\/es\/games\/royal-romances-cursed-hearts-collectors-edition\/","url":"https:\/\/www.iplay.com\/es\/games\/royal-romances-cursed-hearts-collectors-edition\/","name":"Royal Romances: Cursed Hearts Collector's Edition - \u00danete a un pr\u00edncipe y una princesa contra el mal","isPartOf":{"@id":"https:\/\/www.iplay.com\/en\/#website"},"primaryImageOfPage":{"@id":"https:\/\/www.iplay.com\/es\/games\/royal-romances-cursed-hearts-collectors-edition\/#primaryimage"},"image":{"@id":"https:\/\/www.iplay.com\/es\/games\/royal-romances-cursed-hearts-collectors-edition\/#primaryimage"},"thumbnailUrl":"https:\/\/www.iplay.com\/wp-content\/uploads\/2024\/01\/400x400-royal_romances_-_cursed_hearts_ce_large_square_tile_image.webp","datePublished":"2024-01-12T00:00:35+00:00","description":"\u00danete a un pr\u00edncipe y una princesa contra el mal en Royal Romances: Cursed Hearts Collector's Edition","breadcrumb":{"@id":"https:\/\/www.iplay.com\/es\/games\/royal-romances-cursed-hearts-collectors-edition\/#breadcrumb"},"inLanguage":"es","potentialAction":[{"@type":"ReadAction","target":["https:\/\/www.iplay.com\/es\/games\/royal-romances-cursed-hearts-collectors-edition\/"]}]},{"@type":"ImageObject","inLanguage":"es","@id":"https:\/\/www.iplay.com\/es\/games\/royal-romances-cursed-hearts-collectors-edition\/#primaryimage","url":"https:\/\/www.iplay.com\/wp-content\/uploads\/2024\/01\/400x400-royal_romances_-_cursed_hearts_ce_large_square_tile_image.webp","contentUrl":"https:\/\/www.iplay.com\/wp-content\/uploads\/2024\/01\/400x400-royal_romances_-_cursed_hearts_ce_large_square_tile_image.webp","width":400,"height":400},{"@type":"BreadcrumbList","@id":"https:\/\/www.iplay.com\/es\/games\/royal-romances-cursed-hearts-collectors-edition\/#breadcrumb","itemListElement":[{"@type":"ListItem","position":1,"name":"Home","item":"https:\/\/www.iplay.com\/es\/home-page-2\/"},{"@type":"ListItem","position":2,"name":"Shop","item":"https:\/\/www.iplay.com\/en\/shop\/"},{"@type":"ListItem","position":3,"name":"Royal Romances: Cursed Hearts Collector&#8217;s Edition"}]},{"@type":"WebSite","@id":"https:\/\/www.iplay.com\/en\/#website","url":"https:\/\/www.iplay.com\/en\/","name":"IPlay","description":"The Best Casual Games!","publisher":{"@id":"https:\/\/www.iplay.com\/en\/#organization"},"potentialAction":[{"@type":"SearchAction","target":{"@type":"EntryPoint","urlTemplate":"https:\/\/www.iplay.com\/en\/?s={search_term_string}"},"query-input":{"@type":"PropertyValueSpecification","valueRequired":true,"valueName":"search_term_string"}}],"inLanguage":"es"},{"@type":"Organization","@id":"https:\/\/www.iplay.com\/en\/#organization","name":"IPlay","url":"https:\/\/www.iplay.com\/en\/","logo":{"@type":"ImageObject","inLanguage":"es","@id":"https:\/\/www.iplay.com\/en\/#\/schema\/logo\/image\/","url":"https:\/\/www.iplay.com\/wp-content\/uploads\/2023\/11\/Group-6100.svg","contentUrl":"https:\/\/www.iplay.com\/wp-content\/uploads\/2023\/11\/Group-6100.svg","width":98,"height":25,"caption":"IPlay"},"image":{"@id":"https:\/\/www.iplay.com\/en\/#\/schema\/logo\/image\/"}}]}},"_links":{"self":[{"href":"https:\/\/www.iplay.com\/es\/wp-json\/wp\/v2\/product\/128971","targetHints":{"allow":["GET"]}}],"collection":[{"href":"https:\/\/www.iplay.com\/es\/wp-json\/wp\/v2\/product"}],"about":[{"href":"https:\/\/www.iplay.com\/es\/wp-json\/wp\/v2\/types\/product"}],"author":[{"embeddable":true,"href":"https:\/\/www.iplay.com\/es\/wp-json\/wp\/v2\/users\/52"}],"replies":[{"embeddable":true,"href":"https:\/\/www.iplay.com\/es\/wp-json\/wp\/v2\/comments?post=128971"}],"wp:featuredmedia":[{"embeddable":true,"href":"https:\/\/www.iplay.com\/es\/wp-json\/wp\/v2\/media\/124619"}],"wp:attachment":[{"href":"https:\/\/www.iplay.com\/es\/wp-json\/wp\/v2\/media?parent=128971"}],"wp:term":[{"taxonomy":"product_brand","embeddable":true,"href":"https:\/\/www.iplay.com\/es\/wp-json\/wp\/v2\/product_brand?post=128971"},{"taxonomy":"product_cat","embeddable":true,"href":"https:\/\/www.iplay.com\/es\/wp-json\/wp\/v2\/product_cat?post=128971"},{"taxonomy":"product_tag","embeddable":true,"href":"https:\/\/www.iplay.com\/es\/wp-json\/wp\/v2\/product_tag?post=128971"}],"curies":[{"name":"wp","href":"https:\/\/api.w.org\/{rel}","templated":true}]}}