{"id":128938,"date":"2023-12-29T00:00:26","date_gmt":"2023-12-29T00:00:26","guid":{"rendered":"https:\/\/www.iplay.com\/games\/big-adventure-trip-to-europe-6-collectors-edition\/"},"modified":"2023-12-29T00:00:26","modified_gmt":"2023-12-29T00:00:26","slug":"big-adventure-trip-to-europe-6-collectors-edition","status":"publish","type":"product","link":"https:\/\/www.iplay.com\/es\/games\/big-adventure-trip-to-europe-6-collectors-edition\/","title":{"rendered":"Big Adventure: Trip to Europe 6 Collector&#8217;s Edition"},"content":{"rendered":"<p>Nuestro juego Big Adventure: Trip to Europe 6 Collector&#8217;s Edition ofrece una emocionante aventura navide\u00f1a a trav\u00e9s de las naciones nevadas de Europa. Mientras juegas, se pueden probar divertidos minijuegos, se pueden localizar objetos ocultos en lugares hist\u00f3ricos de Europa y Escandinavia, y se pueden recoger recuerdos. La sexta entrega de la serie de juegos Big Adventure: Trip to Europe finalmente est\u00e1 disponible. Se ofrecen numerosos minijuegos intrigantes y t\u00e9cnicas nuevas y entretenidas para localizar cosas.   <\/p>\n<p>&nbsp;<\/p>\n<p>Treinta lugares impresionantes y destinos tur\u00edsticos populares se pueden ver en este emocionante viaje. Treinta nuevos lugares de toda Europa se pueden explorar en este incre\u00edble viaje. Pasee por el mercado navide\u00f1o de Berl\u00edn, visite a Pap\u00e1 Noel en Finlandia, cruce el Puente de Carlos en Praga y vea una variedad de destinos navide\u00f1os invernales. Se puede explorar una variedad de destinos tur\u00edsticos nuevos y conocidos en este juego de objetos ocultos. Las habilidades y el enfoque deben usarse para resolver los minijuegos y localizar todos los objetos ocultos para terminar este juego.    <\/p>\n<p>&nbsp;<\/p>\n<p><strong>Funciones<\/strong><\/p>\n<p>&nbsp;<\/p>\n<p>&#8211; Ocho lugares m\u00e1s: \u00a1viajando por Europa en busca de nuestro compa\u00f1ero mapache!<\/p>\n<p>&#8211; Para los fan\u00e1ticos de los rompecabezas, 12 minijuegos adicionales adem\u00e1s de 8 nuevos<\/p>\n<p>&#8211; Fondos de escritorio vibrantes<\/p>\n<p>&#8211; Un reproductor de m\u00fasica<\/p>\n<p>&#8211; Un \u00e1lbum con sellos postales \u00fanicos<\/p>\n<p>&#8211; Veinte recuerdos navide\u00f1os del viaje<\/p>\n<p>&#8211; La secci\u00f3n de logros.<\/p>\n","protected":false},"excerpt":{"rendered":"<p>\u00a1Experimente las vacaciones europeas en Big Adventure: Viaje a Europa 6 CE!<\/p>\n","protected":false},"author":130,"featured_media":109325,"comment_status":"open","ping_status":"closed","template":"","meta":{"_acf_changed":false,"inline_featured_image":false},"product_brand":[],"product_cat":[166],"product_tag":[242,288],"class_list":{"0":"post-128938","1":"product","2":"type-product","3":"status-publish","4":"has-post-thumbnail","6":"product_cat-hidden-object-es","7":"product_tag-big-adventure-trip-to-europe-series-es","8":"product_tag-play-on-pc-es","10":"first","11":"instock","12":"shipping-taxable","13":"purchasable","14":"product-type-simple"},"acf":[],"yoast_head":"<!-- This site is optimized with the Yoast SEO Premium plugin v25.2 (Yoast SEO v25.2) - https:\/\/yoast.com\/wordpress\/plugins\/seo\/ -->\n<title>Big Adventure: Trip to Europe 6 Collector&#039;s Edition - Experimenta las vacaciones europeas en Big Adventure: Trip to Europe 6 CE<\/title>\n<meta name=\"description\" content=\"\u00a1Experimente las vacaciones europeas en Big Adventure: Viaje a Europa 6 CE!\" \/>\n<meta name=\"robots\" content=\"index, follow, max-snippet:-1, max-image-preview:large, max-video-preview:-1\" \/>\n<link rel=\"canonical\" href=\"https:\/\/www.iplay.com\/es\/games\/big-adventure-trip-to-europe-6-collectors-edition\/\" \/>\n<meta property=\"og:locale\" content=\"es_ES\" \/>\n<meta property=\"og:type\" content=\"article\" \/>\n<meta property=\"og:title\" content=\"Big Adventure: Trip to Europe 6 Collector&#039;s Edition\" \/>\n<meta property=\"og:description\" content=\"\u00a1Experimente las vacaciones europeas en Big Adventure: Viaje a Europa 6 CE!\" \/>\n<meta property=\"og:url\" content=\"https:\/\/www.iplay.com\/es\/games\/big-adventure-trip-to-europe-6-collectors-edition\/\" \/>\n<meta property=\"og:site_name\" content=\"IPlay\" \/>\n<meta property=\"og:image\" content=\"https:\/\/www.iplay.com\/wp-content\/uploads\/2024\/02\/large_square_tile_image-18.jpg\" \/>\n\t<meta property=\"og:image:width\" content=\"310\" \/>\n\t<meta property=\"og:image:height\" content=\"310\" \/>\n\t<meta property=\"og:image:type\" content=\"image\/jpeg\" \/>\n<meta name=\"twitter:card\" content=\"summary_large_image\" \/>\n<meta name=\"twitter:label1\" content=\"Est. reading time\" \/>\n\t<meta name=\"twitter:data1\" content=\"1 minuto\" \/>\n<script type=\"application\/ld+json\" class=\"yoast-schema-graph\">{\"@context\":\"https:\/\/schema.org\",\"@graph\":[{\"@type\":\"WebPage\",\"@id\":\"https:\/\/www.iplay.com\/es\/games\/big-adventure-trip-to-europe-6-collectors-edition\/\",\"url\":\"https:\/\/www.iplay.com\/es\/games\/big-adventure-trip-to-europe-6-collectors-edition\/\",\"name\":\"Big Adventure: Trip to Europe 6 Collector's Edition - Experimenta las vacaciones europeas en Big Adventure: Trip to Europe 6 CE\",\"isPartOf\":{\"@id\":\"https:\/\/www.iplay.com\/en\/#website\"},\"primaryImageOfPage\":{\"@id\":\"https:\/\/www.iplay.com\/es\/games\/big-adventure-trip-to-europe-6-collectors-edition\/#primaryimage\"},\"image\":{\"@id\":\"https:\/\/www.iplay.com\/es\/games\/big-adventure-trip-to-europe-6-collectors-edition\/#primaryimage\"},\"thumbnailUrl\":\"https:\/\/www.iplay.com\/wp-content\/uploads\/2024\/02\/large_square_tile_image-18.jpg\",\"datePublished\":\"2023-12-29T00:00:26+00:00\",\"description\":\"\u00a1Experimente las vacaciones europeas en Big Adventure: Viaje a Europa 6 CE!\",\"breadcrumb\":{\"@id\":\"https:\/\/www.iplay.com\/es\/games\/big-adventure-trip-to-europe-6-collectors-edition\/#breadcrumb\"},\"inLanguage\":\"es\",\"potentialAction\":[{\"@type\":\"ReadAction\",\"target\":[\"https:\/\/www.iplay.com\/es\/games\/big-adventure-trip-to-europe-6-collectors-edition\/\"]}]},{\"@type\":\"ImageObject\",\"inLanguage\":\"es\",\"@id\":\"https:\/\/www.iplay.com\/es\/games\/big-adventure-trip-to-europe-6-collectors-edition\/#primaryimage\",\"url\":\"https:\/\/www.iplay.com\/wp-content\/uploads\/2024\/02\/large_square_tile_image-18.jpg\",\"contentUrl\":\"https:\/\/www.iplay.com\/wp-content\/uploads\/2024\/02\/large_square_tile_image-18.jpg\",\"width\":310,\"height\":310},{\"@type\":\"BreadcrumbList\",\"@id\":\"https:\/\/www.iplay.com\/es\/games\/big-adventure-trip-to-europe-6-collectors-edition\/#breadcrumb\",\"itemListElement\":[{\"@type\":\"ListItem\",\"position\":1,\"name\":\"Home\",\"item\":\"https:\/\/www.iplay.com\/es\/home-page-2\/\"},{\"@type\":\"ListItem\",\"position\":2,\"name\":\"Shop\",\"item\":\"https:\/\/www.iplay.com\/en\/shop\/\"},{\"@type\":\"ListItem\",\"position\":3,\"name\":\"Big Adventure: Trip to Europe 6 Collector&#8217;s Edition\"}]},{\"@type\":\"WebSite\",\"@id\":\"https:\/\/www.iplay.com\/en\/#website\",\"url\":\"https:\/\/www.iplay.com\/en\/\",\"name\":\"IPlay\",\"description\":\"The Best Casual Games!\",\"publisher\":{\"@id\":\"https:\/\/www.iplay.com\/en\/#organization\"},\"potentialAction\":[{\"@type\":\"SearchAction\",\"target\":{\"@type\":\"EntryPoint\",\"urlTemplate\":\"https:\/\/www.iplay.com\/en\/?s={search_term_string}\"},\"query-input\":{\"@type\":\"PropertyValueSpecification\",\"valueRequired\":true,\"valueName\":\"search_term_string\"}}],\"inLanguage\":\"es\"},{\"@type\":\"Organization\",\"@id\":\"https:\/\/www.iplay.com\/en\/#organization\",\"name\":\"IPlay\",\"url\":\"https:\/\/www.iplay.com\/en\/\",\"logo\":{\"@type\":\"ImageObject\",\"inLanguage\":\"es\",\"@id\":\"https:\/\/www.iplay.com\/en\/#\/schema\/logo\/image\/\",\"url\":\"https:\/\/www.iplay.com\/wp-content\/uploads\/2023\/11\/Group-6100.svg\",\"contentUrl\":\"https:\/\/www.iplay.com\/wp-content\/uploads\/2023\/11\/Group-6100.svg\",\"width\":98,\"height\":25,\"caption\":\"IPlay\"},\"image\":{\"@id\":\"https:\/\/www.iplay.com\/en\/#\/schema\/logo\/image\/\"}}]}<\/script>\n<!-- \/ Yoast SEO Premium plugin. -->","yoast_head_json":{"title":"Big Adventure: Trip to Europe 6 Collector's Edition - Experimenta las vacaciones europeas en Big Adventure: Trip to Europe 6 CE","description":"\u00a1Experimente las vacaciones europeas en Big Adventure: Viaje a Europa 6 CE!","robots":{"index":"index","follow":"follow","max-snippet":"max-snippet:-1","max-image-preview":"max-image-preview:large","max-video-preview":"max-video-preview:-1"},"canonical":"https:\/\/www.iplay.com\/es\/games\/big-adventure-trip-to-europe-6-collectors-edition\/","og_locale":"es_ES","og_type":"article","og_title":"Big Adventure: Trip to Europe 6 Collector's Edition","og_description":"\u00a1Experimente las vacaciones europeas en Big Adventure: Viaje a Europa 6 CE!","og_url":"https:\/\/www.iplay.com\/es\/games\/big-adventure-trip-to-europe-6-collectors-edition\/","og_site_name":"IPlay","og_image":[{"width":310,"height":310,"url":"https:\/\/www.iplay.com\/wp-content\/uploads\/2024\/02\/large_square_tile_image-18.jpg","type":"image\/jpeg"}],"twitter_card":"summary_large_image","twitter_misc":{"Est. reading time":"1 minuto"},"schema":{"@context":"https:\/\/schema.org","@graph":[{"@type":"WebPage","@id":"https:\/\/www.iplay.com\/es\/games\/big-adventure-trip-to-europe-6-collectors-edition\/","url":"https:\/\/www.iplay.com\/es\/games\/big-adventure-trip-to-europe-6-collectors-edition\/","name":"Big Adventure: Trip to Europe 6 Collector's Edition - Experimenta las vacaciones europeas en Big Adventure: Trip to Europe 6 CE","isPartOf":{"@id":"https:\/\/www.iplay.com\/en\/#website"},"primaryImageOfPage":{"@id":"https:\/\/www.iplay.com\/es\/games\/big-adventure-trip-to-europe-6-collectors-edition\/#primaryimage"},"image":{"@id":"https:\/\/www.iplay.com\/es\/games\/big-adventure-trip-to-europe-6-collectors-edition\/#primaryimage"},"thumbnailUrl":"https:\/\/www.iplay.com\/wp-content\/uploads\/2024\/02\/large_square_tile_image-18.jpg","datePublished":"2023-12-29T00:00:26+00:00","description":"\u00a1Experimente las vacaciones europeas en Big Adventure: Viaje a Europa 6 CE!","breadcrumb":{"@id":"https:\/\/www.iplay.com\/es\/games\/big-adventure-trip-to-europe-6-collectors-edition\/#breadcrumb"},"inLanguage":"es","potentialAction":[{"@type":"ReadAction","target":["https:\/\/www.iplay.com\/es\/games\/big-adventure-trip-to-europe-6-collectors-edition\/"]}]},{"@type":"ImageObject","inLanguage":"es","@id":"https:\/\/www.iplay.com\/es\/games\/big-adventure-trip-to-europe-6-collectors-edition\/#primaryimage","url":"https:\/\/www.iplay.com\/wp-content\/uploads\/2024\/02\/large_square_tile_image-18.jpg","contentUrl":"https:\/\/www.iplay.com\/wp-content\/uploads\/2024\/02\/large_square_tile_image-18.jpg","width":310,"height":310},{"@type":"BreadcrumbList","@id":"https:\/\/www.iplay.com\/es\/games\/big-adventure-trip-to-europe-6-collectors-edition\/#breadcrumb","itemListElement":[{"@type":"ListItem","position":1,"name":"Home","item":"https:\/\/www.iplay.com\/es\/home-page-2\/"},{"@type":"ListItem","position":2,"name":"Shop","item":"https:\/\/www.iplay.com\/en\/shop\/"},{"@type":"ListItem","position":3,"name":"Big Adventure: Trip to Europe 6 Collector&#8217;s Edition"}]},{"@type":"WebSite","@id":"https:\/\/www.iplay.com\/en\/#website","url":"https:\/\/www.iplay.com\/en\/","name":"IPlay","description":"The Best Casual Games!","publisher":{"@id":"https:\/\/www.iplay.com\/en\/#organization"},"potentialAction":[{"@type":"SearchAction","target":{"@type":"EntryPoint","urlTemplate":"https:\/\/www.iplay.com\/en\/?s={search_term_string}"},"query-input":{"@type":"PropertyValueSpecification","valueRequired":true,"valueName":"search_term_string"}}],"inLanguage":"es"},{"@type":"Organization","@id":"https:\/\/www.iplay.com\/en\/#organization","name":"IPlay","url":"https:\/\/www.iplay.com\/en\/","logo":{"@type":"ImageObject","inLanguage":"es","@id":"https:\/\/www.iplay.com\/en\/#\/schema\/logo\/image\/","url":"https:\/\/www.iplay.com\/wp-content\/uploads\/2023\/11\/Group-6100.svg","contentUrl":"https:\/\/www.iplay.com\/wp-content\/uploads\/2023\/11\/Group-6100.svg","width":98,"height":25,"caption":"IPlay"},"image":{"@id":"https:\/\/www.iplay.com\/en\/#\/schema\/logo\/image\/"}}]}},"_links":{"self":[{"href":"https:\/\/www.iplay.com\/es\/wp-json\/wp\/v2\/product\/128938","targetHints":{"allow":["GET"]}}],"collection":[{"href":"https:\/\/www.iplay.com\/es\/wp-json\/wp\/v2\/product"}],"about":[{"href":"https:\/\/www.iplay.com\/es\/wp-json\/wp\/v2\/types\/product"}],"author":[{"embeddable":true,"href":"https:\/\/www.iplay.com\/es\/wp-json\/wp\/v2\/users\/130"}],"replies":[{"embeddable":true,"href":"https:\/\/www.iplay.com\/es\/wp-json\/wp\/v2\/comments?post=128938"}],"wp:featuredmedia":[{"embeddable":true,"href":"https:\/\/www.iplay.com\/es\/wp-json\/wp\/v2\/media\/109325"}],"wp:attachment":[{"href":"https:\/\/www.iplay.com\/es\/wp-json\/wp\/v2\/media?parent=128938"}],"wp:term":[{"taxonomy":"product_brand","embeddable":true,"href":"https:\/\/www.iplay.com\/es\/wp-json\/wp\/v2\/product_brand?post=128938"},{"taxonomy":"product_cat","embeddable":true,"href":"https:\/\/www.iplay.com\/es\/wp-json\/wp\/v2\/product_cat?post=128938"},{"taxonomy":"product_tag","embeddable":true,"href":"https:\/\/www.iplay.com\/es\/wp-json\/wp\/v2\/product_tag?post=128938"}],"curies":[{"name":"wp","href":"https:\/\/api.w.org\/{rel}","templated":true}]}}