{"id":128875,"date":"2025-03-25T09:30:43","date_gmt":"2025-03-25T09:30:43","guid":{"rendered":"https:\/\/www.iplay.com\/games\/2048-match-balls\/"},"modified":"2025-03-26T18:07:49","modified_gmt":"2025-03-26T18:07:49","slug":"2048-match-balls","status":"publish","type":"product","link":"https:\/\/www.iplay.com\/es\/games\/2048-match-balls\/","title":{"rendered":"2048 Match Balls"},"content":{"rendered":"<p>Este juego de l\u00f3gica es incre\u00edblemente simple, tiene una jugabilidad adictiva y desaf\u00eda a tu cerebro mientras brinda horas de diversi\u00f3n. Combina bolas para avanzar de nivel. Adem\u00e1s de alterar el tama\u00f1o y el color de las bolas, cada combinaci\u00f3n aumenta su valor. \u00a1Entra en el fascinante mundo de los n\u00fameros con inteligencia!   <\/p>\n<p>&nbsp;<\/p>\n<p><strong>Funciones<\/strong><\/p>\n<ul>\n<li>Un juego de l\u00f3gica interminable<\/li>\n<li>Jugabilidad adictiva<\/li>\n<li>Los controles son simples.<\/li>\n<li>Niveles de desaf\u00edo<\/li>\n<\/ul>\n<p>&nbsp;<\/p>\n<p><strong>C\u00f3mo jugar<\/strong><\/p>\n<p>Los jugadores avanzan de la siguiente manera: 2, 4, 8, 16, 32, y as\u00ed sucesivamente, creando bolas con n\u00fameros m\u00e1s altos combinando bolas del mismo valor, hasta llegar a 2048.<\/p>\n","protected":false},"excerpt":{"rendered":"<p>Te invitamos cordialmente a explorar el fascinante reino de los n\u00fameros: \u00a1juega el emocionante y entretenido juego de combinar bolas para llegar a n\u00fameros m\u00e1s altos!<\/p>\n","protected":false},"author":325,"featured_media":0,"comment_status":"open","ping_status":"closed","template":"","meta":{"_acf_changed":false,"inline_featured_image":false},"product_brand":[],"product_cat":[182,192],"product_tag":[286,303,288],"class_list":{"0":"post-128875","1":"product","2":"type-product","3":"status-publish","5":"product_cat-mobile-games-es","6":"product_cat-puzzle-es","7":"product_tag-play-on-mac-es","8":"product_tag-play-on-mobile-es","9":"product_tag-play-on-pc-es","11":"first","12":"instock","13":"shipping-taxable","14":"purchasable","15":"product-type-simple"},"acf":[],"yoast_head":"<!-- This site is optimized with the Yoast SEO Premium plugin v25.2 (Yoast SEO v25.2) - https:\/\/yoast.com\/wordpress\/plugins\/seo\/ -->\n<title>2048 Match Balls: Fusiona y alcanza el desaf\u00edo num\u00e9rico definitivo<\/title>\n<meta name=\"description\" content=\"Te invitamos cordialmente a explorar el fascinante reino de los n\u00fameros: \u00a1juega el emocionante y entretenido juego de combinar bolas para llegar a n\u00fameros m\u00e1s altos!\" \/>\n<meta name=\"robots\" content=\"index, follow, max-snippet:-1, max-image-preview:large, max-video-preview:-1\" \/>\n<link rel=\"canonical\" href=\"https:\/\/www.iplay.com\/es\/games\/2048-match-balls\/\" \/>\n<meta property=\"og:locale\" content=\"es_ES\" \/>\n<meta property=\"og:type\" content=\"article\" \/>\n<meta property=\"og:title\" content=\"2048 Match Balls\" \/>\n<meta property=\"og:description\" content=\"Te invitamos cordialmente a explorar el fascinante reino de los n\u00fameros: \u00a1juega el emocionante y entretenido juego de combinar bolas para llegar a n\u00fameros m\u00e1s altos!\" \/>\n<meta property=\"og:url\" content=\"https:\/\/www.iplay.com\/es\/games\/2048-match-balls\/\" \/>\n<meta property=\"og:site_name\" content=\"IPlay\" \/>\n<meta property=\"article:modified_time\" content=\"2025-03-26T18:07:49+00:00\" \/>\n<meta name=\"twitter:card\" content=\"summary_large_image\" \/>\n<meta name=\"twitter:label1\" content=\"Est. reading time\" \/>\n\t<meta name=\"twitter:data1\" content=\"1 minuto\" \/>\n<script type=\"application\/ld+json\" class=\"yoast-schema-graph\">{\"@context\":\"https:\/\/schema.org\",\"@graph\":[{\"@type\":\"WebPage\",\"@id\":\"https:\/\/www.iplay.com\/es\/games\/2048-match-balls\/\",\"url\":\"https:\/\/www.iplay.com\/es\/games\/2048-match-balls\/\",\"name\":\"2048 Match Balls: Fusiona y alcanza el desaf\u00edo num\u00e9rico definitivo\",\"isPartOf\":{\"@id\":\"https:\/\/www.iplay.com\/en\/#website\"},\"datePublished\":\"2025-03-25T09:30:43+00:00\",\"dateModified\":\"2025-03-26T18:07:49+00:00\",\"description\":\"Te invitamos cordialmente a explorar el fascinante reino de los n\u00fameros: \u00a1juega el emocionante y entretenido juego de combinar bolas para llegar a n\u00fameros m\u00e1s altos!\",\"breadcrumb\":{\"@id\":\"https:\/\/www.iplay.com\/es\/games\/2048-match-balls\/#breadcrumb\"},\"inLanguage\":\"es\",\"potentialAction\":[{\"@type\":\"ReadAction\",\"target\":[\"https:\/\/www.iplay.com\/es\/games\/2048-match-balls\/\"]}]},{\"@type\":\"BreadcrumbList\",\"@id\":\"https:\/\/www.iplay.com\/es\/games\/2048-match-balls\/#breadcrumb\",\"itemListElement\":[{\"@type\":\"ListItem\",\"position\":1,\"name\":\"Home\",\"item\":\"https:\/\/www.iplay.com\/es\/home-page-2\/\"},{\"@type\":\"ListItem\",\"position\":2,\"name\":\"Shop\",\"item\":\"https:\/\/www.iplay.com\/en\/shop\/\"},{\"@type\":\"ListItem\",\"position\":3,\"name\":\"2048 Match Balls\"}]},{\"@type\":\"WebSite\",\"@id\":\"https:\/\/www.iplay.com\/en\/#website\",\"url\":\"https:\/\/www.iplay.com\/en\/\",\"name\":\"IPlay\",\"description\":\"The Best Casual Games!\",\"publisher\":{\"@id\":\"https:\/\/www.iplay.com\/en\/#organization\"},\"potentialAction\":[{\"@type\":\"SearchAction\",\"target\":{\"@type\":\"EntryPoint\",\"urlTemplate\":\"https:\/\/www.iplay.com\/en\/?s={search_term_string}\"},\"query-input\":{\"@type\":\"PropertyValueSpecification\",\"valueRequired\":true,\"valueName\":\"search_term_string\"}}],\"inLanguage\":\"es\"},{\"@type\":\"Organization\",\"@id\":\"https:\/\/www.iplay.com\/en\/#organization\",\"name\":\"IPlay\",\"url\":\"https:\/\/www.iplay.com\/en\/\",\"logo\":{\"@type\":\"ImageObject\",\"inLanguage\":\"es\",\"@id\":\"https:\/\/www.iplay.com\/en\/#\/schema\/logo\/image\/\",\"url\":\"https:\/\/www.iplay.com\/wp-content\/uploads\/2023\/11\/Group-6100.svg\",\"contentUrl\":\"https:\/\/www.iplay.com\/wp-content\/uploads\/2023\/11\/Group-6100.svg\",\"width\":98,\"height\":25,\"caption\":\"IPlay\"},\"image\":{\"@id\":\"https:\/\/www.iplay.com\/en\/#\/schema\/logo\/image\/\"}}]}<\/script>\n<!-- \/ Yoast SEO Premium plugin. -->","yoast_head_json":{"title":"2048 Match Balls: Fusiona y alcanza el desaf\u00edo num\u00e9rico definitivo","description":"Te invitamos cordialmente a explorar el fascinante reino de los n\u00fameros: \u00a1juega el emocionante y entretenido juego de combinar bolas para llegar a n\u00fameros m\u00e1s altos!","robots":{"index":"index","follow":"follow","max-snippet":"max-snippet:-1","max-image-preview":"max-image-preview:large","max-video-preview":"max-video-preview:-1"},"canonical":"https:\/\/www.iplay.com\/es\/games\/2048-match-balls\/","og_locale":"es_ES","og_type":"article","og_title":"2048 Match Balls","og_description":"Te invitamos cordialmente a explorar el fascinante reino de los n\u00fameros: \u00a1juega el emocionante y entretenido juego de combinar bolas para llegar a n\u00fameros m\u00e1s altos!","og_url":"https:\/\/www.iplay.com\/es\/games\/2048-match-balls\/","og_site_name":"IPlay","article_modified_time":"2025-03-26T18:07:49+00:00","twitter_card":"summary_large_image","twitter_misc":{"Est. reading time":"1 minuto"},"schema":{"@context":"https:\/\/schema.org","@graph":[{"@type":"WebPage","@id":"https:\/\/www.iplay.com\/es\/games\/2048-match-balls\/","url":"https:\/\/www.iplay.com\/es\/games\/2048-match-balls\/","name":"2048 Match Balls: Fusiona y alcanza el desaf\u00edo num\u00e9rico definitivo","isPartOf":{"@id":"https:\/\/www.iplay.com\/en\/#website"},"datePublished":"2025-03-25T09:30:43+00:00","dateModified":"2025-03-26T18:07:49+00:00","description":"Te invitamos cordialmente a explorar el fascinante reino de los n\u00fameros: \u00a1juega el emocionante y entretenido juego de combinar bolas para llegar a n\u00fameros m\u00e1s altos!","breadcrumb":{"@id":"https:\/\/www.iplay.com\/es\/games\/2048-match-balls\/#breadcrumb"},"inLanguage":"es","potentialAction":[{"@type":"ReadAction","target":["https:\/\/www.iplay.com\/es\/games\/2048-match-balls\/"]}]},{"@type":"BreadcrumbList","@id":"https:\/\/www.iplay.com\/es\/games\/2048-match-balls\/#breadcrumb","itemListElement":[{"@type":"ListItem","position":1,"name":"Home","item":"https:\/\/www.iplay.com\/es\/home-page-2\/"},{"@type":"ListItem","position":2,"name":"Shop","item":"https:\/\/www.iplay.com\/en\/shop\/"},{"@type":"ListItem","position":3,"name":"2048 Match Balls"}]},{"@type":"WebSite","@id":"https:\/\/www.iplay.com\/en\/#website","url":"https:\/\/www.iplay.com\/en\/","name":"IPlay","description":"The Best Casual Games!","publisher":{"@id":"https:\/\/www.iplay.com\/en\/#organization"},"potentialAction":[{"@type":"SearchAction","target":{"@type":"EntryPoint","urlTemplate":"https:\/\/www.iplay.com\/en\/?s={search_term_string}"},"query-input":{"@type":"PropertyValueSpecification","valueRequired":true,"valueName":"search_term_string"}}],"inLanguage":"es"},{"@type":"Organization","@id":"https:\/\/www.iplay.com\/en\/#organization","name":"IPlay","url":"https:\/\/www.iplay.com\/en\/","logo":{"@type":"ImageObject","inLanguage":"es","@id":"https:\/\/www.iplay.com\/en\/#\/schema\/logo\/image\/","url":"https:\/\/www.iplay.com\/wp-content\/uploads\/2023\/11\/Group-6100.svg","contentUrl":"https:\/\/www.iplay.com\/wp-content\/uploads\/2023\/11\/Group-6100.svg","width":98,"height":25,"caption":"IPlay"},"image":{"@id":"https:\/\/www.iplay.com\/en\/#\/schema\/logo\/image\/"}}]}},"_links":{"self":[{"href":"https:\/\/www.iplay.com\/es\/wp-json\/wp\/v2\/product\/128875","targetHints":{"allow":["GET"]}}],"collection":[{"href":"https:\/\/www.iplay.com\/es\/wp-json\/wp\/v2\/product"}],"about":[{"href":"https:\/\/www.iplay.com\/es\/wp-json\/wp\/v2\/types\/product"}],"author":[{"embeddable":true,"href":"https:\/\/www.iplay.com\/es\/wp-json\/wp\/v2\/users\/325"}],"replies":[{"embeddable":true,"href":"https:\/\/www.iplay.com\/es\/wp-json\/wp\/v2\/comments?post=128875"}],"wp:attachment":[{"href":"https:\/\/www.iplay.com\/es\/wp-json\/wp\/v2\/media?parent=128875"}],"wp:term":[{"taxonomy":"product_brand","embeddable":true,"href":"https:\/\/www.iplay.com\/es\/wp-json\/wp\/v2\/product_brand?post=128875"},{"taxonomy":"product_cat","embeddable":true,"href":"https:\/\/www.iplay.com\/es\/wp-json\/wp\/v2\/product_cat?post=128875"},{"taxonomy":"product_tag","embeddable":true,"href":"https:\/\/www.iplay.com\/es\/wp-json\/wp\/v2\/product_tag?post=128875"}],"curies":[{"name":"wp","href":"https:\/\/api.w.org\/{rel}","templated":true}]}}