{"id":128738,"date":"2024-02-09T00:00:06","date_gmt":"2024-02-09T00:00:06","guid":{"rendered":"https:\/\/www.iplay.com\/games\/connected-hearts-cost-of-beauty-collectors-edition\/"},"modified":"2025-03-24T16:24:04","modified_gmt":"2025-03-24T16:24:04","slug":"connected-hearts-cost-of-beauty-collectors-edition","status":"publish","type":"product","link":"https:\/\/www.iplay.com\/es\/games\/connected-hearts-cost-of-beauty-collectors-edition\/","title":{"rendered":"Connected Hearts: Cost of Beauty Collector&#8217;s Edition"},"content":{"rendered":"<p>Cindy, que qued\u00f3 hu\u00e9rfana, debe adaptarse a su bajo estatus en el hogar mientras vive con su madrastra y su hermanastra y lamenta la muerte de su padre. Pero un d\u00eda, una sola conversaci\u00f3n escuchada por casualidad lo altera todo. Cindy se entera de que su madrastra, Rachel, ha estado ocultando el hecho de que su padre todav\u00eda est\u00e1 vivo. En esta famosa historia de amor y redenci\u00f3n, ayuda a Cindy a descubrir la verdad sobre su pasado y a darse cuenta de todo su potencial para el futuro.   <\/p>\n<p>&nbsp;<\/p>\n<p><strong>Funciones<\/strong><\/p>\n<p>&nbsp;<\/p>\n<p>&#8211; \u00a1El cap\u00edtulo adicional exclusivo ayudar\u00e1 a preservar el amor verdadero!<\/p>\n<p>&#8211; \u00a1Se obtienen impresionantes fondos de pantalla para apreciar plenamente el esplendor del amor genuino!<\/p>\n<p>&#8211; \u00a1El viaje a casa se realiza con este reproductor de m\u00fasica \u00fanico!<\/p>\n<p>&#8211; \u00a1El proceso creativo se explora con esta incre\u00edble variedad de arte conceptual!<\/p>\n","protected":false},"excerpt":{"rendered":"<p>\u00a1Avent\u00farate de nuevo con encantadoras historias contadas en Connected Hearts: Cost of Beauty CE!<\/p>\n","protected":false},"author":52,"featured_media":124535,"comment_status":"open","ping_status":"closed","template":"","meta":{"_acf_changed":false,"inline_featured_image":false},"product_brand":[],"product_cat":[166],"product_tag":[288,354],"class_list":{"0":"post-128738","1":"product","2":"type-product","3":"status-publish","4":"has-post-thumbnail","6":"product_cat-hidden-object-es","7":"product_tag-play-on-pc-es","8":"product_tag-valentines-day-es-2","10":"first","11":"instock","12":"shipping-taxable","13":"purchasable","14":"product-type-simple"},"acf":[],"yoast_head":"<!-- This site is optimized with the Yoast SEO Premium plugin v25.2 (Yoast SEO v25.2) - https:\/\/yoast.com\/wordpress\/plugins\/seo\/ -->\n<title>Connected Hearts: Cost of Beauty Collector&#039;s Edition - Aventura de nuevo con Connected Hearts: Cost of Beauty CE<\/title>\n<meta name=\"description\" content=\"\u00a1Avent\u00farate de nuevo con encantadoras historias contadas en Connected Hearts: Cost of Beauty CE!\" \/>\n<meta name=\"robots\" content=\"index, follow, max-snippet:-1, max-image-preview:large, max-video-preview:-1\" \/>\n<link rel=\"canonical\" href=\"https:\/\/www.iplay.com\/es\/games\/connected-hearts-cost-of-beauty-collectors-edition\/\" \/>\n<meta property=\"og:locale\" content=\"es_ES\" \/>\n<meta property=\"og:type\" content=\"article\" \/>\n<meta property=\"og:title\" content=\"Connected Hearts: Cost of Beauty Collector&#039;s Edition\" \/>\n<meta property=\"og:description\" content=\"\u00a1Avent\u00farate de nuevo con encantadoras historias contadas en Connected Hearts: Cost of Beauty CE!\" \/>\n<meta property=\"og:url\" content=\"https:\/\/www.iplay.com\/es\/games\/connected-hearts-cost-of-beauty-collectors-edition\/\" \/>\n<meta property=\"og:site_name\" content=\"IPlay\" \/>\n<meta property=\"article:modified_time\" content=\"2025-03-24T16:24:04+00:00\" \/>\n<meta property=\"og:image\" content=\"https:\/\/www.iplay.com\/wp-content\/uploads\/2024\/02\/400x400-connected_hearts_-_cost_of_beauty_ce_large_square_tile_image.webp\" \/>\n\t<meta property=\"og:image:width\" content=\"400\" \/>\n\t<meta property=\"og:image:height\" content=\"400\" \/>\n\t<meta property=\"og:image:type\" content=\"image\/webp\" \/>\n<meta name=\"twitter:card\" content=\"summary_large_image\" \/>\n<meta name=\"twitter:label1\" content=\"Est. reading time\" \/>\n\t<meta name=\"twitter:data1\" content=\"1 minuto\" \/>\n<script type=\"application\/ld+json\" class=\"yoast-schema-graph\">{\"@context\":\"https:\/\/schema.org\",\"@graph\":[{\"@type\":\"WebPage\",\"@id\":\"https:\/\/www.iplay.com\/es\/games\/connected-hearts-cost-of-beauty-collectors-edition\/\",\"url\":\"https:\/\/www.iplay.com\/es\/games\/connected-hearts-cost-of-beauty-collectors-edition\/\",\"name\":\"Connected Hearts: Cost of Beauty Collector's Edition - Aventura de nuevo con Connected Hearts: Cost of Beauty CE\",\"isPartOf\":{\"@id\":\"https:\/\/www.iplay.com\/en\/#website\"},\"primaryImageOfPage\":{\"@id\":\"https:\/\/www.iplay.com\/es\/games\/connected-hearts-cost-of-beauty-collectors-edition\/#primaryimage\"},\"image\":{\"@id\":\"https:\/\/www.iplay.com\/es\/games\/connected-hearts-cost-of-beauty-collectors-edition\/#primaryimage\"},\"thumbnailUrl\":\"https:\/\/www.iplay.com\/wp-content\/uploads\/2024\/02\/400x400-connected_hearts_-_cost_of_beauty_ce_large_square_tile_image.webp\",\"datePublished\":\"2024-02-09T00:00:06+00:00\",\"dateModified\":\"2025-03-24T16:24:04+00:00\",\"description\":\"\u00a1Avent\u00farate de nuevo con encantadoras historias contadas en Connected Hearts: Cost of Beauty CE!\",\"breadcrumb\":{\"@id\":\"https:\/\/www.iplay.com\/es\/games\/connected-hearts-cost-of-beauty-collectors-edition\/#breadcrumb\"},\"inLanguage\":\"es\",\"potentialAction\":[{\"@type\":\"ReadAction\",\"target\":[\"https:\/\/www.iplay.com\/es\/games\/connected-hearts-cost-of-beauty-collectors-edition\/\"]}]},{\"@type\":\"ImageObject\",\"inLanguage\":\"es\",\"@id\":\"https:\/\/www.iplay.com\/es\/games\/connected-hearts-cost-of-beauty-collectors-edition\/#primaryimage\",\"url\":\"https:\/\/www.iplay.com\/wp-content\/uploads\/2024\/02\/400x400-connected_hearts_-_cost_of_beauty_ce_large_square_tile_image.webp\",\"contentUrl\":\"https:\/\/www.iplay.com\/wp-content\/uploads\/2024\/02\/400x400-connected_hearts_-_cost_of_beauty_ce_large_square_tile_image.webp\",\"width\":400,\"height\":400},{\"@type\":\"BreadcrumbList\",\"@id\":\"https:\/\/www.iplay.com\/es\/games\/connected-hearts-cost-of-beauty-collectors-edition\/#breadcrumb\",\"itemListElement\":[{\"@type\":\"ListItem\",\"position\":1,\"name\":\"Home\",\"item\":\"https:\/\/www.iplay.com\/es\/home-page-2\/\"},{\"@type\":\"ListItem\",\"position\":2,\"name\":\"Shop\",\"item\":\"https:\/\/www.iplay.com\/en\/shop\/\"},{\"@type\":\"ListItem\",\"position\":3,\"name\":\"Connected Hearts: Cost of Beauty Collector&#8217;s Edition\"}]},{\"@type\":\"WebSite\",\"@id\":\"https:\/\/www.iplay.com\/en\/#website\",\"url\":\"https:\/\/www.iplay.com\/en\/\",\"name\":\"IPlay\",\"description\":\"The Best Casual Games!\",\"publisher\":{\"@id\":\"https:\/\/www.iplay.com\/en\/#organization\"},\"potentialAction\":[{\"@type\":\"SearchAction\",\"target\":{\"@type\":\"EntryPoint\",\"urlTemplate\":\"https:\/\/www.iplay.com\/en\/?s={search_term_string}\"},\"query-input\":{\"@type\":\"PropertyValueSpecification\",\"valueRequired\":true,\"valueName\":\"search_term_string\"}}],\"inLanguage\":\"es\"},{\"@type\":\"Organization\",\"@id\":\"https:\/\/www.iplay.com\/en\/#organization\",\"name\":\"IPlay\",\"url\":\"https:\/\/www.iplay.com\/en\/\",\"logo\":{\"@type\":\"ImageObject\",\"inLanguage\":\"es\",\"@id\":\"https:\/\/www.iplay.com\/en\/#\/schema\/logo\/image\/\",\"url\":\"https:\/\/www.iplay.com\/wp-content\/uploads\/2023\/11\/Group-6100.svg\",\"contentUrl\":\"https:\/\/www.iplay.com\/wp-content\/uploads\/2023\/11\/Group-6100.svg\",\"width\":98,\"height\":25,\"caption\":\"IPlay\"},\"image\":{\"@id\":\"https:\/\/www.iplay.com\/en\/#\/schema\/logo\/image\/\"}}]}<\/script>\n<!-- \/ Yoast SEO Premium plugin. -->","yoast_head_json":{"title":"Connected Hearts: Cost of Beauty Collector's Edition - Aventura de nuevo con Connected Hearts: Cost of Beauty CE","description":"\u00a1Avent\u00farate de nuevo con encantadoras historias contadas en Connected Hearts: Cost of Beauty CE!","robots":{"index":"index","follow":"follow","max-snippet":"max-snippet:-1","max-image-preview":"max-image-preview:large","max-video-preview":"max-video-preview:-1"},"canonical":"https:\/\/www.iplay.com\/es\/games\/connected-hearts-cost-of-beauty-collectors-edition\/","og_locale":"es_ES","og_type":"article","og_title":"Connected Hearts: Cost of Beauty Collector's Edition","og_description":"\u00a1Avent\u00farate de nuevo con encantadoras historias contadas en Connected Hearts: Cost of Beauty CE!","og_url":"https:\/\/www.iplay.com\/es\/games\/connected-hearts-cost-of-beauty-collectors-edition\/","og_site_name":"IPlay","article_modified_time":"2025-03-24T16:24:04+00:00","og_image":[{"width":400,"height":400,"url":"https:\/\/www.iplay.com\/wp-content\/uploads\/2024\/02\/400x400-connected_hearts_-_cost_of_beauty_ce_large_square_tile_image.webp","type":"image\/webp"}],"twitter_card":"summary_large_image","twitter_misc":{"Est. reading time":"1 minuto"},"schema":{"@context":"https:\/\/schema.org","@graph":[{"@type":"WebPage","@id":"https:\/\/www.iplay.com\/es\/games\/connected-hearts-cost-of-beauty-collectors-edition\/","url":"https:\/\/www.iplay.com\/es\/games\/connected-hearts-cost-of-beauty-collectors-edition\/","name":"Connected Hearts: Cost of Beauty Collector's Edition - Aventura de nuevo con Connected Hearts: Cost of Beauty CE","isPartOf":{"@id":"https:\/\/www.iplay.com\/en\/#website"},"primaryImageOfPage":{"@id":"https:\/\/www.iplay.com\/es\/games\/connected-hearts-cost-of-beauty-collectors-edition\/#primaryimage"},"image":{"@id":"https:\/\/www.iplay.com\/es\/games\/connected-hearts-cost-of-beauty-collectors-edition\/#primaryimage"},"thumbnailUrl":"https:\/\/www.iplay.com\/wp-content\/uploads\/2024\/02\/400x400-connected_hearts_-_cost_of_beauty_ce_large_square_tile_image.webp","datePublished":"2024-02-09T00:00:06+00:00","dateModified":"2025-03-24T16:24:04+00:00","description":"\u00a1Avent\u00farate de nuevo con encantadoras historias contadas en Connected Hearts: Cost of Beauty CE!","breadcrumb":{"@id":"https:\/\/www.iplay.com\/es\/games\/connected-hearts-cost-of-beauty-collectors-edition\/#breadcrumb"},"inLanguage":"es","potentialAction":[{"@type":"ReadAction","target":["https:\/\/www.iplay.com\/es\/games\/connected-hearts-cost-of-beauty-collectors-edition\/"]}]},{"@type":"ImageObject","inLanguage":"es","@id":"https:\/\/www.iplay.com\/es\/games\/connected-hearts-cost-of-beauty-collectors-edition\/#primaryimage","url":"https:\/\/www.iplay.com\/wp-content\/uploads\/2024\/02\/400x400-connected_hearts_-_cost_of_beauty_ce_large_square_tile_image.webp","contentUrl":"https:\/\/www.iplay.com\/wp-content\/uploads\/2024\/02\/400x400-connected_hearts_-_cost_of_beauty_ce_large_square_tile_image.webp","width":400,"height":400},{"@type":"BreadcrumbList","@id":"https:\/\/www.iplay.com\/es\/games\/connected-hearts-cost-of-beauty-collectors-edition\/#breadcrumb","itemListElement":[{"@type":"ListItem","position":1,"name":"Home","item":"https:\/\/www.iplay.com\/es\/home-page-2\/"},{"@type":"ListItem","position":2,"name":"Shop","item":"https:\/\/www.iplay.com\/en\/shop\/"},{"@type":"ListItem","position":3,"name":"Connected Hearts: Cost of Beauty Collector&#8217;s Edition"}]},{"@type":"WebSite","@id":"https:\/\/www.iplay.com\/en\/#website","url":"https:\/\/www.iplay.com\/en\/","name":"IPlay","description":"The Best Casual Games!","publisher":{"@id":"https:\/\/www.iplay.com\/en\/#organization"},"potentialAction":[{"@type":"SearchAction","target":{"@type":"EntryPoint","urlTemplate":"https:\/\/www.iplay.com\/en\/?s={search_term_string}"},"query-input":{"@type":"PropertyValueSpecification","valueRequired":true,"valueName":"search_term_string"}}],"inLanguage":"es"},{"@type":"Organization","@id":"https:\/\/www.iplay.com\/en\/#organization","name":"IPlay","url":"https:\/\/www.iplay.com\/en\/","logo":{"@type":"ImageObject","inLanguage":"es","@id":"https:\/\/www.iplay.com\/en\/#\/schema\/logo\/image\/","url":"https:\/\/www.iplay.com\/wp-content\/uploads\/2023\/11\/Group-6100.svg","contentUrl":"https:\/\/www.iplay.com\/wp-content\/uploads\/2023\/11\/Group-6100.svg","width":98,"height":25,"caption":"IPlay"},"image":{"@id":"https:\/\/www.iplay.com\/en\/#\/schema\/logo\/image\/"}}]}},"_links":{"self":[{"href":"https:\/\/www.iplay.com\/es\/wp-json\/wp\/v2\/product\/128738","targetHints":{"allow":["GET"]}}],"collection":[{"href":"https:\/\/www.iplay.com\/es\/wp-json\/wp\/v2\/product"}],"about":[{"href":"https:\/\/www.iplay.com\/es\/wp-json\/wp\/v2\/types\/product"}],"author":[{"embeddable":true,"href":"https:\/\/www.iplay.com\/es\/wp-json\/wp\/v2\/users\/52"}],"replies":[{"embeddable":true,"href":"https:\/\/www.iplay.com\/es\/wp-json\/wp\/v2\/comments?post=128738"}],"wp:featuredmedia":[{"embeddable":true,"href":"https:\/\/www.iplay.com\/es\/wp-json\/wp\/v2\/media\/124535"}],"wp:attachment":[{"href":"https:\/\/www.iplay.com\/es\/wp-json\/wp\/v2\/media?parent=128738"}],"wp:term":[{"taxonomy":"product_brand","embeddable":true,"href":"https:\/\/www.iplay.com\/es\/wp-json\/wp\/v2\/product_brand?post=128738"},{"taxonomy":"product_cat","embeddable":true,"href":"https:\/\/www.iplay.com\/es\/wp-json\/wp\/v2\/product_cat?post=128738"},{"taxonomy":"product_tag","embeddable":true,"href":"https:\/\/www.iplay.com\/es\/wp-json\/wp\/v2\/product_tag?post=128738"}],"curies":[{"name":"wp","href":"https:\/\/api.w.org\/{rel}","templated":true}]}}