{"id":128706,"date":"2025-03-24T09:30:41","date_gmt":"2025-03-24T09:30:41","guid":{"rendered":"https:\/\/www.iplay.com\/games\/hedgehogs-adventure-3\/"},"modified":"2025-03-24T09:30:41","modified_gmt":"2025-03-24T09:30:41","slug":"hedgehogs-adventure-3","status":"publish","type":"product","link":"https:\/\/www.iplay.com\/es\/games\/hedgehogs-adventure-3\/","title":{"rendered":"Hedgehogs Adventure 3"},"content":{"rendered":"<p>\u00a1Erizo y sus compa\u00f1eros del bosque esperan una temporada helada llena de aventuras encantadoras! A medida que el bosque se cubre de nieve invernal, los amigos animales emprenden nuevas actividades. Hay que despertar al oso en hibernaci\u00f3n, se construyen magn\u00edficos fuertes de nieve y se elabora con cuidado el mu\u00f1eco de nieve perfecto.<br \/>\nLa inspiraci\u00f3n para las sorpresas encantadoras viene tra\u00edda por una conmovedora visita de la abuela de Hedgehog. A continuaci\u00f3n, todo el grupo se embarca en una emocionante expedici\u00f3n al Polo Norte, donde se encuentran fascinantes animales \u00e1rticos y se maravillan con las fascinantes luces polares. A medida que se acerca la Navidad, los preparativos para las festividades se hacen juntos mientras se decora un \u00e1rbol brillante y se desenvuelven los regalos m\u00e1gicos del mism\u00edsimo Pap\u00e1 Noel.<br \/>\nLas habilidades se agudizan con este encantador viaje a trav\u00e9s de una variedad de acertijos y minijuegos que disfrutar\u00e1n jugadores de todas las edades.<\/p>\n<p>&nbsp;<\/p>\n<p><strong>Funciones<\/strong><\/p>\n<ul>\n<li>La l\u00f3gica, la atenci\u00f3n y la memoria se entrenan a trav\u00e9s de actividades que ejercitan el cerebro<\/li>\n<li>Las horas de entretenimiento se descubren a trav\u00e9s de varios desaf\u00edos, que incluyen:\n<ul>\n<li>Se encuentran copos de nieve id\u00e9nticos<\/li>\n<li>Se navegan laberintos<\/li>\n<li>Se adivina el amigo que comi\u00f3 m\u00e1s bollos<\/li>\n<\/ul>\n<\/li>\n<li>Se ayuda a Pap\u00e1 Noel a localizar la casa correcta<\/li>\n<li>Se retiran del mercado los instrumentos musicales<\/li>\n<li>El mejor patinador del grupo est\u00e1 decidido<\/li>\n<li>Los rompecabezas de Sudoku est\u00e1n resueltos<\/li>\n<li>Los patrones de las bufandas se completan<\/li>\n<li>Las tarjetas de memoria coinciden<\/li>\n<li>\n<\/li>\n<\/ul>\n<p>\u00a1La temporada de invierno se celebra con alegr\u00eda festiva e historias caprichosas que ser\u00e1n atesoradas por jugadores de todas las edades!<\/p>\n","protected":false},"excerpt":{"rendered":"<p>Experimenta la magia invernal mientras te unes a Hedgehog y sus compa\u00f1eros resolviendo encantadores acertijos en esta conmovedora aventura que celebra las escapadas nevadas.<\/p>\n","protected":false},"author":320,"featured_media":128632,"comment_status":"open","ping_status":"closed","template":"","meta":{"_acf_changed":false,"inline_featured_image":false},"product_brand":[],"product_cat":[192,199],"product_tag":[288],"class_list":{"0":"post-128706","1":"product","2":"type-product","3":"status-publish","4":"has-post-thumbnail","6":"product_cat-puzzle-es","7":"product_cat-removed-content-es","8":"product_tag-play-on-pc-es","10":"first","11":"instock","12":"shipping-taxable","13":"purchasable","14":"product-type-simple"},"acf":[],"yoast_head":"<!-- This site is optimized with the Yoast SEO Premium plugin v25.2 (Yoast SEO v25.2) - https:\/\/yoast.com\/wordpress\/plugins\/seo\/ -->\n<title>Hedgehogs Adventure 3: Acogedor juego de rompecabezas de invierno con amigos<\/title>\n<meta name=\"description\" content=\"Experimenta la magia invernal mientras te unes a Hedgehog y sus compa\u00f1eros resolviendo encantadores acertijos en esta conmovedora aventura que celebra las escapadas nevadas.\" \/>\n<meta name=\"robots\" content=\"index, follow, max-snippet:-1, max-image-preview:large, max-video-preview:-1\" \/>\n<link rel=\"canonical\" href=\"https:\/\/www.iplay.com\/es\/games\/hedgehogs-adventure-3\/\" \/>\n<meta property=\"og:locale\" content=\"es_ES\" \/>\n<meta property=\"og:type\" content=\"article\" \/>\n<meta property=\"og:title\" content=\"Hedgehogs Adventure 3\" \/>\n<meta property=\"og:description\" content=\"Experimenta la magia invernal mientras te unes a Hedgehog y sus compa\u00f1eros resolviendo encantadores acertijos en esta conmovedora aventura que celebra las escapadas nevadas.\" \/>\n<meta property=\"og:url\" content=\"https:\/\/www.iplay.com\/es\/games\/hedgehogs-adventure-3\/\" \/>\n<meta property=\"og:site_name\" content=\"IPlay\" \/>\n<meta property=\"og:image\" content=\"https:\/\/www.iplay.com\/wp-content\/uploads\/2025\/03\/hedgehogs_adventure_3_large_video_screenshot.webp\" \/>\n\t<meta property=\"og:image:width\" content=\"715\" \/>\n\t<meta property=\"og:image:height\" content=\"485\" \/>\n\t<meta property=\"og:image:type\" content=\"image\/webp\" \/>\n<meta name=\"twitter:card\" content=\"summary_large_image\" \/>\n<meta name=\"twitter:label1\" content=\"Est. reading time\" \/>\n\t<meta name=\"twitter:data1\" content=\"1 minuto\" \/>\n<script type=\"application\/ld+json\" class=\"yoast-schema-graph\">{\"@context\":\"https:\/\/schema.org\",\"@graph\":[{\"@type\":\"WebPage\",\"@id\":\"https:\/\/www.iplay.com\/es\/games\/hedgehogs-adventure-3\/\",\"url\":\"https:\/\/www.iplay.com\/es\/games\/hedgehogs-adventure-3\/\",\"name\":\"Hedgehogs Adventure 3: Acogedor juego de rompecabezas de invierno con amigos\",\"isPartOf\":{\"@id\":\"https:\/\/www.iplay.com\/en\/#website\"},\"primaryImageOfPage\":{\"@id\":\"https:\/\/www.iplay.com\/es\/games\/hedgehogs-adventure-3\/#primaryimage\"},\"image\":{\"@id\":\"https:\/\/www.iplay.com\/es\/games\/hedgehogs-adventure-3\/#primaryimage\"},\"thumbnailUrl\":\"https:\/\/www.iplay.com\/wp-content\/uploads\/2025\/03\/hedgehogs_adventure_3_large_video_screenshot.webp\",\"datePublished\":\"2025-03-24T09:30:41+00:00\",\"description\":\"Experimenta la magia invernal mientras te unes a Hedgehog y sus compa\u00f1eros resolviendo encantadores acertijos en esta conmovedora aventura que celebra las escapadas nevadas.\",\"breadcrumb\":{\"@id\":\"https:\/\/www.iplay.com\/es\/games\/hedgehogs-adventure-3\/#breadcrumb\"},\"inLanguage\":\"es\",\"potentialAction\":[{\"@type\":\"ReadAction\",\"target\":[\"https:\/\/www.iplay.com\/es\/games\/hedgehogs-adventure-3\/\"]}]},{\"@type\":\"ImageObject\",\"inLanguage\":\"es\",\"@id\":\"https:\/\/www.iplay.com\/es\/games\/hedgehogs-adventure-3\/#primaryimage\",\"url\":\"https:\/\/www.iplay.com\/wp-content\/uploads\/2025\/03\/hedgehogs_adventure_3_large_video_screenshot.webp\",\"contentUrl\":\"https:\/\/www.iplay.com\/wp-content\/uploads\/2025\/03\/hedgehogs_adventure_3_large_video_screenshot.webp\",\"width\":715,\"height\":485},{\"@type\":\"BreadcrumbList\",\"@id\":\"https:\/\/www.iplay.com\/es\/games\/hedgehogs-adventure-3\/#breadcrumb\",\"itemListElement\":[{\"@type\":\"ListItem\",\"position\":1,\"name\":\"Home\",\"item\":\"https:\/\/www.iplay.com\/es\/home-page-2\/\"},{\"@type\":\"ListItem\",\"position\":2,\"name\":\"Shop\",\"item\":\"https:\/\/www.iplay.com\/en\/shop\/\"},{\"@type\":\"ListItem\",\"position\":3,\"name\":\"Hedgehogs Adventure 3\"}]},{\"@type\":\"WebSite\",\"@id\":\"https:\/\/www.iplay.com\/en\/#website\",\"url\":\"https:\/\/www.iplay.com\/en\/\",\"name\":\"IPlay\",\"description\":\"The Best Casual Games!\",\"publisher\":{\"@id\":\"https:\/\/www.iplay.com\/en\/#organization\"},\"potentialAction\":[{\"@type\":\"SearchAction\",\"target\":{\"@type\":\"EntryPoint\",\"urlTemplate\":\"https:\/\/www.iplay.com\/en\/?s={search_term_string}\"},\"query-input\":{\"@type\":\"PropertyValueSpecification\",\"valueRequired\":true,\"valueName\":\"search_term_string\"}}],\"inLanguage\":\"es\"},{\"@type\":\"Organization\",\"@id\":\"https:\/\/www.iplay.com\/en\/#organization\",\"name\":\"IPlay\",\"url\":\"https:\/\/www.iplay.com\/en\/\",\"logo\":{\"@type\":\"ImageObject\",\"inLanguage\":\"es\",\"@id\":\"https:\/\/www.iplay.com\/en\/#\/schema\/logo\/image\/\",\"url\":\"https:\/\/www.iplay.com\/wp-content\/uploads\/2023\/11\/Group-6100.svg\",\"contentUrl\":\"https:\/\/www.iplay.com\/wp-content\/uploads\/2023\/11\/Group-6100.svg\",\"width\":98,\"height\":25,\"caption\":\"IPlay\"},\"image\":{\"@id\":\"https:\/\/www.iplay.com\/en\/#\/schema\/logo\/image\/\"}}]}<\/script>\n<!-- \/ Yoast SEO Premium plugin. -->","yoast_head_json":{"title":"Hedgehogs Adventure 3: Acogedor juego de rompecabezas de invierno con amigos","description":"Experimenta la magia invernal mientras te unes a Hedgehog y sus compa\u00f1eros resolviendo encantadores acertijos en esta conmovedora aventura que celebra las escapadas nevadas.","robots":{"index":"index","follow":"follow","max-snippet":"max-snippet:-1","max-image-preview":"max-image-preview:large","max-video-preview":"max-video-preview:-1"},"canonical":"https:\/\/www.iplay.com\/es\/games\/hedgehogs-adventure-3\/","og_locale":"es_ES","og_type":"article","og_title":"Hedgehogs Adventure 3","og_description":"Experimenta la magia invernal mientras te unes a Hedgehog y sus compa\u00f1eros resolviendo encantadores acertijos en esta conmovedora aventura que celebra las escapadas nevadas.","og_url":"https:\/\/www.iplay.com\/es\/games\/hedgehogs-adventure-3\/","og_site_name":"IPlay","og_image":[{"width":715,"height":485,"url":"https:\/\/www.iplay.com\/wp-content\/uploads\/2025\/03\/hedgehogs_adventure_3_large_video_screenshot.webp","type":"image\/webp"}],"twitter_card":"summary_large_image","twitter_misc":{"Est. reading time":"1 minuto"},"schema":{"@context":"https:\/\/schema.org","@graph":[{"@type":"WebPage","@id":"https:\/\/www.iplay.com\/es\/games\/hedgehogs-adventure-3\/","url":"https:\/\/www.iplay.com\/es\/games\/hedgehogs-adventure-3\/","name":"Hedgehogs Adventure 3: Acogedor juego de rompecabezas de invierno con amigos","isPartOf":{"@id":"https:\/\/www.iplay.com\/en\/#website"},"primaryImageOfPage":{"@id":"https:\/\/www.iplay.com\/es\/games\/hedgehogs-adventure-3\/#primaryimage"},"image":{"@id":"https:\/\/www.iplay.com\/es\/games\/hedgehogs-adventure-3\/#primaryimage"},"thumbnailUrl":"https:\/\/www.iplay.com\/wp-content\/uploads\/2025\/03\/hedgehogs_adventure_3_large_video_screenshot.webp","datePublished":"2025-03-24T09:30:41+00:00","description":"Experimenta la magia invernal mientras te unes a Hedgehog y sus compa\u00f1eros resolviendo encantadores acertijos en esta conmovedora aventura que celebra las escapadas nevadas.","breadcrumb":{"@id":"https:\/\/www.iplay.com\/es\/games\/hedgehogs-adventure-3\/#breadcrumb"},"inLanguage":"es","potentialAction":[{"@type":"ReadAction","target":["https:\/\/www.iplay.com\/es\/games\/hedgehogs-adventure-3\/"]}]},{"@type":"ImageObject","inLanguage":"es","@id":"https:\/\/www.iplay.com\/es\/games\/hedgehogs-adventure-3\/#primaryimage","url":"https:\/\/www.iplay.com\/wp-content\/uploads\/2025\/03\/hedgehogs_adventure_3_large_video_screenshot.webp","contentUrl":"https:\/\/www.iplay.com\/wp-content\/uploads\/2025\/03\/hedgehogs_adventure_3_large_video_screenshot.webp","width":715,"height":485},{"@type":"BreadcrumbList","@id":"https:\/\/www.iplay.com\/es\/games\/hedgehogs-adventure-3\/#breadcrumb","itemListElement":[{"@type":"ListItem","position":1,"name":"Home","item":"https:\/\/www.iplay.com\/es\/home-page-2\/"},{"@type":"ListItem","position":2,"name":"Shop","item":"https:\/\/www.iplay.com\/en\/shop\/"},{"@type":"ListItem","position":3,"name":"Hedgehogs Adventure 3"}]},{"@type":"WebSite","@id":"https:\/\/www.iplay.com\/en\/#website","url":"https:\/\/www.iplay.com\/en\/","name":"IPlay","description":"The Best Casual Games!","publisher":{"@id":"https:\/\/www.iplay.com\/en\/#organization"},"potentialAction":[{"@type":"SearchAction","target":{"@type":"EntryPoint","urlTemplate":"https:\/\/www.iplay.com\/en\/?s={search_term_string}"},"query-input":{"@type":"PropertyValueSpecification","valueRequired":true,"valueName":"search_term_string"}}],"inLanguage":"es"},{"@type":"Organization","@id":"https:\/\/www.iplay.com\/en\/#organization","name":"IPlay","url":"https:\/\/www.iplay.com\/en\/","logo":{"@type":"ImageObject","inLanguage":"es","@id":"https:\/\/www.iplay.com\/en\/#\/schema\/logo\/image\/","url":"https:\/\/www.iplay.com\/wp-content\/uploads\/2023\/11\/Group-6100.svg","contentUrl":"https:\/\/www.iplay.com\/wp-content\/uploads\/2023\/11\/Group-6100.svg","width":98,"height":25,"caption":"IPlay"},"image":{"@id":"https:\/\/www.iplay.com\/en\/#\/schema\/logo\/image\/"}}]}},"_links":{"self":[{"href":"https:\/\/www.iplay.com\/es\/wp-json\/wp\/v2\/product\/128706","targetHints":{"allow":["GET"]}}],"collection":[{"href":"https:\/\/www.iplay.com\/es\/wp-json\/wp\/v2\/product"}],"about":[{"href":"https:\/\/www.iplay.com\/es\/wp-json\/wp\/v2\/types\/product"}],"author":[{"embeddable":true,"href":"https:\/\/www.iplay.com\/es\/wp-json\/wp\/v2\/users\/320"}],"replies":[{"embeddable":true,"href":"https:\/\/www.iplay.com\/es\/wp-json\/wp\/v2\/comments?post=128706"}],"wp:featuredmedia":[{"embeddable":true,"href":"https:\/\/www.iplay.com\/es\/wp-json\/wp\/v2\/media\/128632"}],"wp:attachment":[{"href":"https:\/\/www.iplay.com\/es\/wp-json\/wp\/v2\/media?parent=128706"}],"wp:term":[{"taxonomy":"product_brand","embeddable":true,"href":"https:\/\/www.iplay.com\/es\/wp-json\/wp\/v2\/product_brand?post=128706"},{"taxonomy":"product_cat","embeddable":true,"href":"https:\/\/www.iplay.com\/es\/wp-json\/wp\/v2\/product_cat?post=128706"},{"taxonomy":"product_tag","embeddable":true,"href":"https:\/\/www.iplay.com\/es\/wp-json\/wp\/v2\/product_tag?post=128706"}],"curies":[{"name":"wp","href":"https:\/\/api.w.org\/{rel}","templated":true}]}}