{"id":128538,"date":"2024-03-13T00:00:09","date_gmt":"2024-03-13T00:00:09","guid":{"rendered":"https:\/\/www.iplay.com\/games\/grim-tales-dual-disposition-ce\/"},"modified":"2024-03-13T00:00:09","modified_gmt":"2024-03-13T00:00:09","slug":"grim-tales-dual-disposition-ce","status":"publish","type":"product","link":"https:\/\/www.iplay.com\/es\/games\/grim-tales-dual-disposition-ce\/","title":{"rendered":"Grim Tales: Dual Disposition CE"},"content":{"rendered":"<p>Llamada para investigar el robo y saqueo de un inusual negocio de recuerdos, Anna Gray se encuentra enredada en una red de misterio. Sin embargo, a su llegada, se desarrolla una sorprendente revelaci\u00f3n: \u00a1ella es la principal sospechosa! Se descubre que su duplicado, con intenciones nefastas, tiene como objetivo detener el flujo de magia y usurpar sus poderes.  <\/p>\n<p>Los malvados planes de Lady A y la perspectiva de atravesar nuevos universos requieren todo el alcance de las habilidades y el conocimiento de Anna. La cooperaci\u00f3n con aliados de larga data se vuelve imperativa en el esfuerzo por preservar las fuentes m\u00e1gicas y limpiar r\u00e1pidamente su nombre manchado. <\/p>\n<p>En esta emocionante aventura de rompecabezas de objetos ocultos, te espera el desentra\u00f1amiento del misterio. \u00bfTe embarcar\u00e1s en este viaje de intriga y redenci\u00f3n? <\/p>\n<p>&nbsp;<\/p>\n<p><strong>Caracter\u00edsticas de la Edici\u00f3n de Coleccionista:<\/strong><\/p>\n<p>&nbsp;<\/p>\n<ul>\n<li>\u00a1Participa en el juego de bonificaci\u00f3n para continuar tus aventuras junto al Guardi\u00e1n!<\/li>\n<li>\u00a1Utiliza los Archivos para volver a visitar HOPs y minijuegos a tu antojo!<\/li>\n<li>\u00a1Explora grietas y rincones para recolectar cr\u00edptidos y piezas de rompecabezas!<\/li>\n<li>\u00a1Sum\u00e9rgete en fondos \u00fanicos, m\u00fasica cautivadora y m\u00e1s!<\/li>\n<li>\u00a1Deja que la gu\u00eda de estrategia sea tu faro, asegur\u00e1ndote de que nunca pierdas el rumbo!<\/li>\n<\/ul>\n","protected":false},"excerpt":{"rendered":"<p>\u00bfSer\u00e1s capaz de proteger la magia de tu doppelg\u00e4nger en Grim Tales: Dual Disposition CE?<\/p>\n","protected":false},"author":17,"featured_media":109885,"comment_status":"open","ping_status":"closed","template":"","meta":{"_acf_changed":false,"inline_featured_image":false},"product_brand":[],"product_cat":[166],"product_tag":[288],"class_list":{"0":"post-128538","1":"product","2":"type-product","3":"status-publish","4":"has-post-thumbnail","6":"product_cat-hidden-object-es","7":"product_tag-play-on-pc-es","9":"first","10":"instock","11":"shipping-taxable","12":"purchasable","13":"product-type-simple"},"acf":[],"yoast_head":"<!-- This site is optimized with the Yoast SEO Premium plugin v25.2 (Yoast SEO v25.2) - https:\/\/yoast.com\/wordpress\/plugins\/seo\/ -->\n<title>Grim Tales: Dual Disposition CE - \u00bfSer\u00e1s capaz de proteger la magia de tu doppelg\u00e4nger?<\/title>\n<meta name=\"description\" content=\"\u00bfSer\u00e1s capaz de proteger la magia de tu doppelg\u00e4nger en Grim Tales: Dual Disposition CE?\" \/>\n<meta name=\"robots\" content=\"index, follow, max-snippet:-1, max-image-preview:large, max-video-preview:-1\" \/>\n<link rel=\"canonical\" href=\"https:\/\/www.iplay.com\/es\/games\/grim-tales-dual-disposition-ce\/\" \/>\n<meta property=\"og:locale\" content=\"es_ES\" \/>\n<meta property=\"og:type\" content=\"article\" \/>\n<meta property=\"og:title\" content=\"Grim Tales: Dual Disposition CE\" \/>\n<meta property=\"og:description\" content=\"\u00bfSer\u00e1s capaz de proteger la magia de tu doppelg\u00e4nger en Grim Tales: Dual Disposition CE?\" \/>\n<meta property=\"og:url\" content=\"https:\/\/www.iplay.com\/es\/games\/grim-tales-dual-disposition-ce\/\" \/>\n<meta property=\"og:site_name\" content=\"IPlay\" \/>\n<meta property=\"og:image\" content=\"https:\/\/www.iplay.com\/wp-content\/uploads\/2024\/03\/grim-tales-dual-disposition-ce_slider.webp\" \/>\n\t<meta property=\"og:image:width\" content=\"715\" \/>\n\t<meta property=\"og:image:height\" content=\"485\" \/>\n\t<meta property=\"og:image:type\" content=\"image\/webp\" \/>\n<meta name=\"twitter:card\" content=\"summary_large_image\" \/>\n<meta name=\"twitter:label1\" content=\"Est. reading time\" \/>\n\t<meta name=\"twitter:data1\" content=\"1 minuto\" \/>\n<script type=\"application\/ld+json\" class=\"yoast-schema-graph\">{\"@context\":\"https:\/\/schema.org\",\"@graph\":[{\"@type\":\"WebPage\",\"@id\":\"https:\/\/www.iplay.com\/es\/games\/grim-tales-dual-disposition-ce\/\",\"url\":\"https:\/\/www.iplay.com\/es\/games\/grim-tales-dual-disposition-ce\/\",\"name\":\"Grim Tales: Dual Disposition CE - \u00bfSer\u00e1s capaz de proteger la magia de tu doppelg\u00e4nger?\",\"isPartOf\":{\"@id\":\"https:\/\/www.iplay.com\/en\/#website\"},\"primaryImageOfPage\":{\"@id\":\"https:\/\/www.iplay.com\/es\/games\/grim-tales-dual-disposition-ce\/#primaryimage\"},\"image\":{\"@id\":\"https:\/\/www.iplay.com\/es\/games\/grim-tales-dual-disposition-ce\/#primaryimage\"},\"thumbnailUrl\":\"https:\/\/www.iplay.com\/wp-content\/uploads\/2024\/03\/grim-tales-dual-disposition-ce_slider.webp\",\"datePublished\":\"2024-03-13T00:00:09+00:00\",\"description\":\"\u00bfSer\u00e1s capaz de proteger la magia de tu doppelg\u00e4nger en Grim Tales: Dual Disposition CE?\",\"breadcrumb\":{\"@id\":\"https:\/\/www.iplay.com\/es\/games\/grim-tales-dual-disposition-ce\/#breadcrumb\"},\"inLanguage\":\"es\",\"potentialAction\":[{\"@type\":\"ReadAction\",\"target\":[\"https:\/\/www.iplay.com\/es\/games\/grim-tales-dual-disposition-ce\/\"]}]},{\"@type\":\"ImageObject\",\"inLanguage\":\"es\",\"@id\":\"https:\/\/www.iplay.com\/es\/games\/grim-tales-dual-disposition-ce\/#primaryimage\",\"url\":\"https:\/\/www.iplay.com\/wp-content\/uploads\/2024\/03\/grim-tales-dual-disposition-ce_slider.webp\",\"contentUrl\":\"https:\/\/www.iplay.com\/wp-content\/uploads\/2024\/03\/grim-tales-dual-disposition-ce_slider.webp\",\"width\":715,\"height\":485},{\"@type\":\"BreadcrumbList\",\"@id\":\"https:\/\/www.iplay.com\/es\/games\/grim-tales-dual-disposition-ce\/#breadcrumb\",\"itemListElement\":[{\"@type\":\"ListItem\",\"position\":1,\"name\":\"Home\",\"item\":\"https:\/\/www.iplay.com\/es\/home-page-2\/\"},{\"@type\":\"ListItem\",\"position\":2,\"name\":\"Shop\",\"item\":\"https:\/\/www.iplay.com\/en\/shop\/\"},{\"@type\":\"ListItem\",\"position\":3,\"name\":\"Grim Tales: Dual Disposition CE\"}]},{\"@type\":\"WebSite\",\"@id\":\"https:\/\/www.iplay.com\/en\/#website\",\"url\":\"https:\/\/www.iplay.com\/en\/\",\"name\":\"IPlay\",\"description\":\"The Best Casual Games!\",\"publisher\":{\"@id\":\"https:\/\/www.iplay.com\/en\/#organization\"},\"potentialAction\":[{\"@type\":\"SearchAction\",\"target\":{\"@type\":\"EntryPoint\",\"urlTemplate\":\"https:\/\/www.iplay.com\/en\/?s={search_term_string}\"},\"query-input\":{\"@type\":\"PropertyValueSpecification\",\"valueRequired\":true,\"valueName\":\"search_term_string\"}}],\"inLanguage\":\"es\"},{\"@type\":\"Organization\",\"@id\":\"https:\/\/www.iplay.com\/en\/#organization\",\"name\":\"IPlay\",\"url\":\"https:\/\/www.iplay.com\/en\/\",\"logo\":{\"@type\":\"ImageObject\",\"inLanguage\":\"es\",\"@id\":\"https:\/\/www.iplay.com\/en\/#\/schema\/logo\/image\/\",\"url\":\"https:\/\/www.iplay.com\/wp-content\/uploads\/2023\/11\/Group-6100.svg\",\"contentUrl\":\"https:\/\/www.iplay.com\/wp-content\/uploads\/2023\/11\/Group-6100.svg\",\"width\":98,\"height\":25,\"caption\":\"IPlay\"},\"image\":{\"@id\":\"https:\/\/www.iplay.com\/en\/#\/schema\/logo\/image\/\"}}]}<\/script>\n<!-- \/ Yoast SEO Premium plugin. -->","yoast_head_json":{"title":"Grim Tales: Dual Disposition CE - \u00bfSer\u00e1s capaz de proteger la magia de tu doppelg\u00e4nger?","description":"\u00bfSer\u00e1s capaz de proteger la magia de tu doppelg\u00e4nger en Grim Tales: Dual Disposition CE?","robots":{"index":"index","follow":"follow","max-snippet":"max-snippet:-1","max-image-preview":"max-image-preview:large","max-video-preview":"max-video-preview:-1"},"canonical":"https:\/\/www.iplay.com\/es\/games\/grim-tales-dual-disposition-ce\/","og_locale":"es_ES","og_type":"article","og_title":"Grim Tales: Dual Disposition CE","og_description":"\u00bfSer\u00e1s capaz de proteger la magia de tu doppelg\u00e4nger en Grim Tales: Dual Disposition CE?","og_url":"https:\/\/www.iplay.com\/es\/games\/grim-tales-dual-disposition-ce\/","og_site_name":"IPlay","og_image":[{"width":715,"height":485,"url":"https:\/\/www.iplay.com\/wp-content\/uploads\/2024\/03\/grim-tales-dual-disposition-ce_slider.webp","type":"image\/webp"}],"twitter_card":"summary_large_image","twitter_misc":{"Est. reading time":"1 minuto"},"schema":{"@context":"https:\/\/schema.org","@graph":[{"@type":"WebPage","@id":"https:\/\/www.iplay.com\/es\/games\/grim-tales-dual-disposition-ce\/","url":"https:\/\/www.iplay.com\/es\/games\/grim-tales-dual-disposition-ce\/","name":"Grim Tales: Dual Disposition CE - \u00bfSer\u00e1s capaz de proteger la magia de tu doppelg\u00e4nger?","isPartOf":{"@id":"https:\/\/www.iplay.com\/en\/#website"},"primaryImageOfPage":{"@id":"https:\/\/www.iplay.com\/es\/games\/grim-tales-dual-disposition-ce\/#primaryimage"},"image":{"@id":"https:\/\/www.iplay.com\/es\/games\/grim-tales-dual-disposition-ce\/#primaryimage"},"thumbnailUrl":"https:\/\/www.iplay.com\/wp-content\/uploads\/2024\/03\/grim-tales-dual-disposition-ce_slider.webp","datePublished":"2024-03-13T00:00:09+00:00","description":"\u00bfSer\u00e1s capaz de proteger la magia de tu doppelg\u00e4nger en Grim Tales: Dual Disposition CE?","breadcrumb":{"@id":"https:\/\/www.iplay.com\/es\/games\/grim-tales-dual-disposition-ce\/#breadcrumb"},"inLanguage":"es","potentialAction":[{"@type":"ReadAction","target":["https:\/\/www.iplay.com\/es\/games\/grim-tales-dual-disposition-ce\/"]}]},{"@type":"ImageObject","inLanguage":"es","@id":"https:\/\/www.iplay.com\/es\/games\/grim-tales-dual-disposition-ce\/#primaryimage","url":"https:\/\/www.iplay.com\/wp-content\/uploads\/2024\/03\/grim-tales-dual-disposition-ce_slider.webp","contentUrl":"https:\/\/www.iplay.com\/wp-content\/uploads\/2024\/03\/grim-tales-dual-disposition-ce_slider.webp","width":715,"height":485},{"@type":"BreadcrumbList","@id":"https:\/\/www.iplay.com\/es\/games\/grim-tales-dual-disposition-ce\/#breadcrumb","itemListElement":[{"@type":"ListItem","position":1,"name":"Home","item":"https:\/\/www.iplay.com\/es\/home-page-2\/"},{"@type":"ListItem","position":2,"name":"Shop","item":"https:\/\/www.iplay.com\/en\/shop\/"},{"@type":"ListItem","position":3,"name":"Grim Tales: Dual Disposition CE"}]},{"@type":"WebSite","@id":"https:\/\/www.iplay.com\/en\/#website","url":"https:\/\/www.iplay.com\/en\/","name":"IPlay","description":"The Best Casual Games!","publisher":{"@id":"https:\/\/www.iplay.com\/en\/#organization"},"potentialAction":[{"@type":"SearchAction","target":{"@type":"EntryPoint","urlTemplate":"https:\/\/www.iplay.com\/en\/?s={search_term_string}"},"query-input":{"@type":"PropertyValueSpecification","valueRequired":true,"valueName":"search_term_string"}}],"inLanguage":"es"},{"@type":"Organization","@id":"https:\/\/www.iplay.com\/en\/#organization","name":"IPlay","url":"https:\/\/www.iplay.com\/en\/","logo":{"@type":"ImageObject","inLanguage":"es","@id":"https:\/\/www.iplay.com\/en\/#\/schema\/logo\/image\/","url":"https:\/\/www.iplay.com\/wp-content\/uploads\/2023\/11\/Group-6100.svg","contentUrl":"https:\/\/www.iplay.com\/wp-content\/uploads\/2023\/11\/Group-6100.svg","width":98,"height":25,"caption":"IPlay"},"image":{"@id":"https:\/\/www.iplay.com\/en\/#\/schema\/logo\/image\/"}}]}},"_links":{"self":[{"href":"https:\/\/www.iplay.com\/es\/wp-json\/wp\/v2\/product\/128538","targetHints":{"allow":["GET"]}}],"collection":[{"href":"https:\/\/www.iplay.com\/es\/wp-json\/wp\/v2\/product"}],"about":[{"href":"https:\/\/www.iplay.com\/es\/wp-json\/wp\/v2\/types\/product"}],"author":[{"embeddable":true,"href":"https:\/\/www.iplay.com\/es\/wp-json\/wp\/v2\/users\/17"}],"replies":[{"embeddable":true,"href":"https:\/\/www.iplay.com\/es\/wp-json\/wp\/v2\/comments?post=128538"}],"wp:featuredmedia":[{"embeddable":true,"href":"https:\/\/www.iplay.com\/es\/wp-json\/wp\/v2\/media\/109885"}],"wp:attachment":[{"href":"https:\/\/www.iplay.com\/es\/wp-json\/wp\/v2\/media?parent=128538"}],"wp:term":[{"taxonomy":"product_brand","embeddable":true,"href":"https:\/\/www.iplay.com\/es\/wp-json\/wp\/v2\/product_brand?post=128538"},{"taxonomy":"product_cat","embeddable":true,"href":"https:\/\/www.iplay.com\/es\/wp-json\/wp\/v2\/product_cat?post=128538"},{"taxonomy":"product_tag","embeddable":true,"href":"https:\/\/www.iplay.com\/es\/wp-json\/wp\/v2\/product_tag?post=128538"}],"curies":[{"name":"wp","href":"https:\/\/api.w.org\/{rel}","templated":true}]}}