{"id":128209,"date":"2024-05-02T09:00:24","date_gmt":"2024-05-02T09:00:24","guid":{"rendered":"https:\/\/www.iplay.com\/games\/mysteries-mix-echoes-between-worlds\/"},"modified":"2024-05-02T09:00:24","modified_gmt":"2024-05-02T09:00:24","slug":"mysteries-mix-echoes-between-worlds","status":"publish","type":"product","link":"https:\/\/www.iplay.com\/es\/games\/mysteries-mix-echoes-between-worlds\/","title":{"rendered":"Mysteries Mix &#8211; Echoes Between Worlds"},"content":{"rendered":"<p>Emb\u00e1rcate en una aventura salvaje junto a Jake, Emily, Dave y Eva como Mysteries Mix, un grupo dedicado a descubrir los secretos de la ciudad. Cuando un antiguo juego de mesa de la difunta abuela de Eva es tra\u00eddo a su medio, se establece involuntariamente un portal a otro universo, lo que desencadena una serie de eventos extra\u00f1os que ponen a prueba su valent\u00eda y amistad. Para restaurar el equilibrio en su mundo, se deben resolver acertijos, descubrir pistas y luchar contra extra\u00f1os monstruos, todo mientras navegan por lo desconocido.  <\/p>\n<p>&nbsp;<\/p>\n<p><strong>Funciones<\/strong><\/p>\n<ul>\n<li>\u00danete al intr\u00e9pido grupo Mysteries Mix, liderado por Jake, Emily y Dave, junto con la nueva miembro Eva.<\/li>\n<li>Ad\u00e9ntrate en las profundidades de un antiguo juego de mesa, donde secretos y misterios esperan ser descubiertos.<\/li>\n<li>Hay que resolver acertijos y recoger pistas para progresar a trav\u00e9s de las grietas espaciales.<\/li>\n<li>Encuentra a personas cautivadoras como \u00cdcaro, cuya llegada anuncia un cambio en la din\u00e1mica de su ciudad.<\/li>\n<li>Atraviesa paisajes espeluznantes y descubre la verdad sobre la existencia del portal.<\/li>\n<\/ul>\n","protected":false},"excerpt":{"rendered":"<p>\u00danete a la tripulaci\u00f3n y lidera a Mysteries Mix en una fant\u00e1stica aventura con Mysteries Mix &#8211; Echoes Between Worlds<\/p>\n","protected":false},"author":42,"featured_media":110709,"comment_status":"open","ping_status":"closed","template":"","meta":{"_acf_changed":false,"inline_featured_image":false},"product_brand":[],"product_cat":[178],"product_tag":[288],"class_list":{"0":"post-128209","1":"product","2":"type-product","3":"status-publish","4":"has-post-thumbnail","6":"product_cat-match-3-es","7":"product_tag-play-on-pc-es","9":"first","10":"instock","11":"shipping-taxable","12":"purchasable","13":"product-type-simple"},"acf":[],"yoast_head":"<!-- This site is optimized with the Yoast SEO Premium plugin v25.2 (Yoast SEO v25.2) - https:\/\/yoast.com\/wordpress\/plugins\/seo\/ -->\n<title>Mezcla de misterios - Ecos entre mundos<\/title>\n<meta name=\"description\" content=\"\u00danete a la tripulaci\u00f3n y lidera a Mysteries Mix en una fant\u00e1stica aventura con Mysteries Mix - Echoes Between Worlds\" \/>\n<meta name=\"robots\" content=\"index, follow, max-snippet:-1, max-image-preview:large, max-video-preview:-1\" \/>\n<link rel=\"canonical\" href=\"https:\/\/www.iplay.com\/es\/games\/mysteries-mix-echoes-between-worlds\/\" \/>\n<meta property=\"og:locale\" content=\"es_ES\" \/>\n<meta property=\"og:type\" content=\"article\" \/>\n<meta property=\"og:title\" content=\"Mysteries Mix - Echoes Between Worlds\" \/>\n<meta property=\"og:description\" content=\"\u00danete a la tripulaci\u00f3n y lidera a Mysteries Mix en una fant\u00e1stica aventura con Mysteries Mix - Echoes Between Worlds\" \/>\n<meta property=\"og:url\" content=\"https:\/\/www.iplay.com\/es\/games\/mysteries-mix-echoes-between-worlds\/\" \/>\n<meta property=\"og:site_name\" content=\"IPlay\" \/>\n<meta property=\"og:image\" content=\"https:\/\/www.iplay.com\/wp-content\/uploads\/2024\/05\/Mysteries-Mix-Echoes-Between-Worlds_slider.webp\" \/>\n\t<meta property=\"og:image:width\" content=\"715\" \/>\n\t<meta property=\"og:image:height\" content=\"485\" \/>\n\t<meta property=\"og:image:type\" content=\"image\/webp\" \/>\n<meta name=\"twitter:card\" content=\"summary_large_image\" \/>\n<meta name=\"twitter:label1\" content=\"Est. reading time\" \/>\n\t<meta name=\"twitter:data1\" content=\"1 minuto\" \/>\n<script type=\"application\/ld+json\" class=\"yoast-schema-graph\">{\"@context\":\"https:\/\/schema.org\",\"@graph\":[{\"@type\":\"WebPage\",\"@id\":\"https:\/\/www.iplay.com\/es\/games\/mysteries-mix-echoes-between-worlds\/\",\"url\":\"https:\/\/www.iplay.com\/es\/games\/mysteries-mix-echoes-between-worlds\/\",\"name\":\"Mezcla de misterios - Ecos entre mundos\",\"isPartOf\":{\"@id\":\"https:\/\/www.iplay.com\/en\/#website\"},\"primaryImageOfPage\":{\"@id\":\"https:\/\/www.iplay.com\/es\/games\/mysteries-mix-echoes-between-worlds\/#primaryimage\"},\"image\":{\"@id\":\"https:\/\/www.iplay.com\/es\/games\/mysteries-mix-echoes-between-worlds\/#primaryimage\"},\"thumbnailUrl\":\"https:\/\/www.iplay.com\/wp-content\/uploads\/2024\/05\/Mysteries-Mix-Echoes-Between-Worlds_slider.webp\",\"datePublished\":\"2024-05-02T09:00:24+00:00\",\"description\":\"\u00danete a la tripulaci\u00f3n y lidera a Mysteries Mix en una fant\u00e1stica aventura con Mysteries Mix - Echoes Between Worlds\",\"breadcrumb\":{\"@id\":\"https:\/\/www.iplay.com\/es\/games\/mysteries-mix-echoes-between-worlds\/#breadcrumb\"},\"inLanguage\":\"es\",\"potentialAction\":[{\"@type\":\"ReadAction\",\"target\":[\"https:\/\/www.iplay.com\/es\/games\/mysteries-mix-echoes-between-worlds\/\"]}]},{\"@type\":\"ImageObject\",\"inLanguage\":\"es\",\"@id\":\"https:\/\/www.iplay.com\/es\/games\/mysteries-mix-echoes-between-worlds\/#primaryimage\",\"url\":\"https:\/\/www.iplay.com\/wp-content\/uploads\/2024\/05\/Mysteries-Mix-Echoes-Between-Worlds_slider.webp\",\"contentUrl\":\"https:\/\/www.iplay.com\/wp-content\/uploads\/2024\/05\/Mysteries-Mix-Echoes-Between-Worlds_slider.webp\",\"width\":715,\"height\":485},{\"@type\":\"BreadcrumbList\",\"@id\":\"https:\/\/www.iplay.com\/es\/games\/mysteries-mix-echoes-between-worlds\/#breadcrumb\",\"itemListElement\":[{\"@type\":\"ListItem\",\"position\":1,\"name\":\"Home\",\"item\":\"https:\/\/www.iplay.com\/es\/home-page-2\/\"},{\"@type\":\"ListItem\",\"position\":2,\"name\":\"Shop\",\"item\":\"https:\/\/www.iplay.com\/en\/shop\/\"},{\"@type\":\"ListItem\",\"position\":3,\"name\":\"Mysteries Mix &#8211; Echoes Between Worlds\"}]},{\"@type\":\"WebSite\",\"@id\":\"https:\/\/www.iplay.com\/en\/#website\",\"url\":\"https:\/\/www.iplay.com\/en\/\",\"name\":\"IPlay\",\"description\":\"The Best Casual Games!\",\"publisher\":{\"@id\":\"https:\/\/www.iplay.com\/en\/#organization\"},\"potentialAction\":[{\"@type\":\"SearchAction\",\"target\":{\"@type\":\"EntryPoint\",\"urlTemplate\":\"https:\/\/www.iplay.com\/en\/?s={search_term_string}\"},\"query-input\":{\"@type\":\"PropertyValueSpecification\",\"valueRequired\":true,\"valueName\":\"search_term_string\"}}],\"inLanguage\":\"es\"},{\"@type\":\"Organization\",\"@id\":\"https:\/\/www.iplay.com\/en\/#organization\",\"name\":\"IPlay\",\"url\":\"https:\/\/www.iplay.com\/en\/\",\"logo\":{\"@type\":\"ImageObject\",\"inLanguage\":\"es\",\"@id\":\"https:\/\/www.iplay.com\/en\/#\/schema\/logo\/image\/\",\"url\":\"https:\/\/www.iplay.com\/wp-content\/uploads\/2023\/11\/Group-6100.svg\",\"contentUrl\":\"https:\/\/www.iplay.com\/wp-content\/uploads\/2023\/11\/Group-6100.svg\",\"width\":98,\"height\":25,\"caption\":\"IPlay\"},\"image\":{\"@id\":\"https:\/\/www.iplay.com\/en\/#\/schema\/logo\/image\/\"}}]}<\/script>\n<!-- \/ Yoast SEO Premium plugin. -->","yoast_head_json":{"title":"Mezcla de misterios - Ecos entre mundos","description":"\u00danete a la tripulaci\u00f3n y lidera a Mysteries Mix en una fant\u00e1stica aventura con Mysteries Mix - Echoes Between Worlds","robots":{"index":"index","follow":"follow","max-snippet":"max-snippet:-1","max-image-preview":"max-image-preview:large","max-video-preview":"max-video-preview:-1"},"canonical":"https:\/\/www.iplay.com\/es\/games\/mysteries-mix-echoes-between-worlds\/","og_locale":"es_ES","og_type":"article","og_title":"Mysteries Mix - Echoes Between Worlds","og_description":"\u00danete a la tripulaci\u00f3n y lidera a Mysteries Mix en una fant\u00e1stica aventura con Mysteries Mix - Echoes Between Worlds","og_url":"https:\/\/www.iplay.com\/es\/games\/mysteries-mix-echoes-between-worlds\/","og_site_name":"IPlay","og_image":[{"width":715,"height":485,"url":"https:\/\/www.iplay.com\/wp-content\/uploads\/2024\/05\/Mysteries-Mix-Echoes-Between-Worlds_slider.webp","type":"image\/webp"}],"twitter_card":"summary_large_image","twitter_misc":{"Est. reading time":"1 minuto"},"schema":{"@context":"https:\/\/schema.org","@graph":[{"@type":"WebPage","@id":"https:\/\/www.iplay.com\/es\/games\/mysteries-mix-echoes-between-worlds\/","url":"https:\/\/www.iplay.com\/es\/games\/mysteries-mix-echoes-between-worlds\/","name":"Mezcla de misterios - Ecos entre mundos","isPartOf":{"@id":"https:\/\/www.iplay.com\/en\/#website"},"primaryImageOfPage":{"@id":"https:\/\/www.iplay.com\/es\/games\/mysteries-mix-echoes-between-worlds\/#primaryimage"},"image":{"@id":"https:\/\/www.iplay.com\/es\/games\/mysteries-mix-echoes-between-worlds\/#primaryimage"},"thumbnailUrl":"https:\/\/www.iplay.com\/wp-content\/uploads\/2024\/05\/Mysteries-Mix-Echoes-Between-Worlds_slider.webp","datePublished":"2024-05-02T09:00:24+00:00","description":"\u00danete a la tripulaci\u00f3n y lidera a Mysteries Mix en una fant\u00e1stica aventura con Mysteries Mix - Echoes Between Worlds","breadcrumb":{"@id":"https:\/\/www.iplay.com\/es\/games\/mysteries-mix-echoes-between-worlds\/#breadcrumb"},"inLanguage":"es","potentialAction":[{"@type":"ReadAction","target":["https:\/\/www.iplay.com\/es\/games\/mysteries-mix-echoes-between-worlds\/"]}]},{"@type":"ImageObject","inLanguage":"es","@id":"https:\/\/www.iplay.com\/es\/games\/mysteries-mix-echoes-between-worlds\/#primaryimage","url":"https:\/\/www.iplay.com\/wp-content\/uploads\/2024\/05\/Mysteries-Mix-Echoes-Between-Worlds_slider.webp","contentUrl":"https:\/\/www.iplay.com\/wp-content\/uploads\/2024\/05\/Mysteries-Mix-Echoes-Between-Worlds_slider.webp","width":715,"height":485},{"@type":"BreadcrumbList","@id":"https:\/\/www.iplay.com\/es\/games\/mysteries-mix-echoes-between-worlds\/#breadcrumb","itemListElement":[{"@type":"ListItem","position":1,"name":"Home","item":"https:\/\/www.iplay.com\/es\/home-page-2\/"},{"@type":"ListItem","position":2,"name":"Shop","item":"https:\/\/www.iplay.com\/en\/shop\/"},{"@type":"ListItem","position":3,"name":"Mysteries Mix &#8211; Echoes Between Worlds"}]},{"@type":"WebSite","@id":"https:\/\/www.iplay.com\/en\/#website","url":"https:\/\/www.iplay.com\/en\/","name":"IPlay","description":"The Best Casual Games!","publisher":{"@id":"https:\/\/www.iplay.com\/en\/#organization"},"potentialAction":[{"@type":"SearchAction","target":{"@type":"EntryPoint","urlTemplate":"https:\/\/www.iplay.com\/en\/?s={search_term_string}"},"query-input":{"@type":"PropertyValueSpecification","valueRequired":true,"valueName":"search_term_string"}}],"inLanguage":"es"},{"@type":"Organization","@id":"https:\/\/www.iplay.com\/en\/#organization","name":"IPlay","url":"https:\/\/www.iplay.com\/en\/","logo":{"@type":"ImageObject","inLanguage":"es","@id":"https:\/\/www.iplay.com\/en\/#\/schema\/logo\/image\/","url":"https:\/\/www.iplay.com\/wp-content\/uploads\/2023\/11\/Group-6100.svg","contentUrl":"https:\/\/www.iplay.com\/wp-content\/uploads\/2023\/11\/Group-6100.svg","width":98,"height":25,"caption":"IPlay"},"image":{"@id":"https:\/\/www.iplay.com\/en\/#\/schema\/logo\/image\/"}}]}},"_links":{"self":[{"href":"https:\/\/www.iplay.com\/es\/wp-json\/wp\/v2\/product\/128209","targetHints":{"allow":["GET"]}}],"collection":[{"href":"https:\/\/www.iplay.com\/es\/wp-json\/wp\/v2\/product"}],"about":[{"href":"https:\/\/www.iplay.com\/es\/wp-json\/wp\/v2\/types\/product"}],"author":[{"embeddable":true,"href":"https:\/\/www.iplay.com\/es\/wp-json\/wp\/v2\/users\/42"}],"replies":[{"embeddable":true,"href":"https:\/\/www.iplay.com\/es\/wp-json\/wp\/v2\/comments?post=128209"}],"wp:featuredmedia":[{"embeddable":true,"href":"https:\/\/www.iplay.com\/es\/wp-json\/wp\/v2\/media\/110709"}],"wp:attachment":[{"href":"https:\/\/www.iplay.com\/es\/wp-json\/wp\/v2\/media?parent=128209"}],"wp:term":[{"taxonomy":"product_brand","embeddable":true,"href":"https:\/\/www.iplay.com\/es\/wp-json\/wp\/v2\/product_brand?post=128209"},{"taxonomy":"product_cat","embeddable":true,"href":"https:\/\/www.iplay.com\/es\/wp-json\/wp\/v2\/product_cat?post=128209"},{"taxonomy":"product_tag","embeddable":true,"href":"https:\/\/www.iplay.com\/es\/wp-json\/wp\/v2\/product_tag?post=128209"}],"curies":[{"name":"wp","href":"https:\/\/api.w.org\/{rel}","templated":true}]}}