{"id":128200,"date":"2024-04-29T12:38:43","date_gmt":"2024-04-29T12:38:43","guid":{"rendered":"https:\/\/www.iplay.com\/games\/jigsaw-puzzle-lovers-2\/"},"modified":"2024-04-29T12:38:43","modified_gmt":"2024-04-29T12:38:43","slug":"jigsaw-puzzle-lovers-2","status":"publish","type":"product","link":"https:\/\/www.iplay.com\/es\/games\/jigsaw-puzzle-lovers-2\/","title":{"rendered":"Jigsaw Puzzle Lovers 2"},"content":{"rendered":"<p>Entra en un mundo de descubrimiento creativo y estimulaci\u00f3n mental con Jigsaw Puzzle Lovers 2, donde se te invita a explorar una amplia gama de rompecabezas cuidadosamente elegidos. Cada rompecabezas ofrece un desaf\u00edo diferente y la satisfacci\u00f3n de resolverlo, ya que los detalles delicados y las vistas tranquilas se unen para formar un tapiz visual incre\u00edble. Pi\u00e9rdete en la uni\u00f3n de la creatividad y la calma mientras te embarcas en la aventura de crear belleza a partir de la confusi\u00f3n.  <\/p>\n<p>Jigsaw Puzzle Lovers 2 reinventa el arte de los rompecabezas para los fan\u00e1ticos de todos los niveles, ya sea que busquen un momento tranquilo de relajaci\u00f3n o un desaf\u00edo mental atractivo.<\/p>\n<p>Funciones<\/p>\n<ul>\n<li>Im\u00e1genes de alta resoluci\u00f3n mejoradas: Experimente vistas a\u00fan m\u00e1s impresionantes con una calidad de imagen mejorada.<\/li>\n<li>Amplia selecci\u00f3n de im\u00e1genes: Del\u00e9itese con una colecci\u00f3n diversa con cientos de fotos de alta resoluci\u00f3n para todos los gustos.<\/li>\n<li>Juegos de rompecabezas vers\u00e1tiles: disfruta de Jigsaw, Tile Swap, Split Tiles y Tile Rotation, que ofrecen cuatro entretenidos juegos de rompecabezas.<\/li>\n<li>Creaci\u00f3n de rompecabezas personalizados: da rienda suelta a tu creatividad creando tus propios rompecabezas con im\u00e1genes y fotos favoritas.<\/li>\n<li>Niveles de dificultad personalizables: Pon a prueba tu temple con una variedad de opciones desafiantes que se adaptan a todos los niveles de habilidad.<\/li>\n<li>Sistema de logros: Mantente motivado con un sistema de logros que realiza un seguimiento de tus avances y \u00e9xitos.<\/li>\n<li>Banda sonora serena: opta por una m\u00fasica de fondo relajante para sumergirte en un ambiente tranquilo.<\/li>\n<li>Abundante personalizaci\u00f3n: Adapta el juego a tus preferencias con numerosas opciones de personalizaci\u00f3n.<\/li>\n<li>Diversos colores y fondos: seleccione entre una amplia gama de esquemas de color y fondos para adaptarse a su estado de \u00e1nimo.<\/li>\n<li>Rompecabezas dignos de fondos de pantalla: Transforma tus rompecabezas completados en cautivadores fondos de escritorio.<\/li>\n<li>Variedad de formas de piezas de rompecabezas: elija entre una variedad de formas de piezas de rompecabezas para alinearlas con su estilo de resoluci\u00f3n de rompecabezas.<\/li>\n<\/ul>\n","protected":false},"excerpt":{"rendered":"<p>T\u00f3mate tu tiempo para sumergirte en los rompecabezas con Jigsaw Puzzle Lovers 2 con Jigsaw Puzzle Lovers 2<\/p>\n","protected":false},"author":129,"featured_media":110665,"comment_status":"open","ping_status":"closed","template":"","meta":{"_acf_changed":false,"inline_featured_image":false},"product_brand":[],"product_cat":[170],"product_tag":[288],"class_list":{"0":"post-128200","1":"product","2":"type-product","3":"status-publish","4":"has-post-thumbnail","6":"product_cat-jigsaw-es","7":"product_tag-play-on-pc-es","9":"first","10":"instock","11":"shipping-taxable","12":"purchasable","13":"product-type-simple"},"acf":[],"yoast_head":"<!-- This site is optimized with the Yoast SEO Premium plugin v25.2 (Yoast SEO v25.2) - https:\/\/yoast.com\/wordpress\/plugins\/seo\/ -->\n<title>Jigsaw Puzzle Lovers 2 - Sum\u00e9rgete en los rompecabezas<\/title>\n<meta name=\"description\" content=\"T\u00f3mate tu tiempo para sumergirte en los rompecabezas con Jigsaw Puzzle Lovers 2 con Jigsaw Puzzle Lovers 2\" \/>\n<meta name=\"robots\" content=\"index, follow, max-snippet:-1, max-image-preview:large, max-video-preview:-1\" \/>\n<link rel=\"canonical\" href=\"https:\/\/www.iplay.com\/es\/games\/jigsaw-puzzle-lovers-2\/\" \/>\n<meta property=\"og:locale\" content=\"es_ES\" \/>\n<meta property=\"og:type\" content=\"article\" \/>\n<meta property=\"og:title\" content=\"Jigsaw Puzzle Lovers 2\" \/>\n<meta property=\"og:description\" content=\"T\u00f3mate tu tiempo para sumergirte en los rompecabezas con Jigsaw Puzzle Lovers 2 con Jigsaw Puzzle Lovers 2\" \/>\n<meta property=\"og:url\" content=\"https:\/\/www.iplay.com\/es\/games\/jigsaw-puzzle-lovers-2\/\" \/>\n<meta property=\"og:site_name\" content=\"IPlay\" \/>\n<meta property=\"og:image\" content=\"https:\/\/www.iplay.com\/wp-content\/uploads\/2024\/04\/Jigsaw-Puzzle-Lovers-2_large_square_tile_image.webp\" \/>\n\t<meta property=\"og:image:width\" content=\"310\" \/>\n\t<meta property=\"og:image:height\" content=\"310\" \/>\n\t<meta property=\"og:image:type\" content=\"image\/webp\" \/>\n<meta name=\"twitter:card\" content=\"summary_large_image\" \/>\n<meta name=\"twitter:label1\" content=\"Est. reading time\" \/>\n\t<meta name=\"twitter:data1\" content=\"2 minutos\" \/>\n<script type=\"application\/ld+json\" class=\"yoast-schema-graph\">{\"@context\":\"https:\/\/schema.org\",\"@graph\":[{\"@type\":\"WebPage\",\"@id\":\"https:\/\/www.iplay.com\/es\/games\/jigsaw-puzzle-lovers-2\/\",\"url\":\"https:\/\/www.iplay.com\/es\/games\/jigsaw-puzzle-lovers-2\/\",\"name\":\"Jigsaw Puzzle Lovers 2 - Sum\u00e9rgete en los rompecabezas\",\"isPartOf\":{\"@id\":\"https:\/\/www.iplay.com\/en\/#website\"},\"primaryImageOfPage\":{\"@id\":\"https:\/\/www.iplay.com\/es\/games\/jigsaw-puzzle-lovers-2\/#primaryimage\"},\"image\":{\"@id\":\"https:\/\/www.iplay.com\/es\/games\/jigsaw-puzzle-lovers-2\/#primaryimage\"},\"thumbnailUrl\":\"https:\/\/www.iplay.com\/wp-content\/uploads\/2024\/04\/Jigsaw-Puzzle-Lovers-2_large_square_tile_image.webp\",\"datePublished\":\"2024-04-29T12:38:43+00:00\",\"description\":\"T\u00f3mate tu tiempo para sumergirte en los rompecabezas con Jigsaw Puzzle Lovers 2 con Jigsaw Puzzle Lovers 2\",\"breadcrumb\":{\"@id\":\"https:\/\/www.iplay.com\/es\/games\/jigsaw-puzzle-lovers-2\/#breadcrumb\"},\"inLanguage\":\"es\",\"potentialAction\":[{\"@type\":\"ReadAction\",\"target\":[\"https:\/\/www.iplay.com\/es\/games\/jigsaw-puzzle-lovers-2\/\"]}]},{\"@type\":\"ImageObject\",\"inLanguage\":\"es\",\"@id\":\"https:\/\/www.iplay.com\/es\/games\/jigsaw-puzzle-lovers-2\/#primaryimage\",\"url\":\"https:\/\/www.iplay.com\/wp-content\/uploads\/2024\/04\/Jigsaw-Puzzle-Lovers-2_large_square_tile_image.webp\",\"contentUrl\":\"https:\/\/www.iplay.com\/wp-content\/uploads\/2024\/04\/Jigsaw-Puzzle-Lovers-2_large_square_tile_image.webp\",\"width\":310,\"height\":310},{\"@type\":\"BreadcrumbList\",\"@id\":\"https:\/\/www.iplay.com\/es\/games\/jigsaw-puzzle-lovers-2\/#breadcrumb\",\"itemListElement\":[{\"@type\":\"ListItem\",\"position\":1,\"name\":\"Home\",\"item\":\"https:\/\/www.iplay.com\/es\/home-page-2\/\"},{\"@type\":\"ListItem\",\"position\":2,\"name\":\"Shop\",\"item\":\"https:\/\/www.iplay.com\/en\/shop\/\"},{\"@type\":\"ListItem\",\"position\":3,\"name\":\"Jigsaw Puzzle Lovers 2\"}]},{\"@type\":\"WebSite\",\"@id\":\"https:\/\/www.iplay.com\/en\/#website\",\"url\":\"https:\/\/www.iplay.com\/en\/\",\"name\":\"IPlay\",\"description\":\"The Best Casual Games!\",\"publisher\":{\"@id\":\"https:\/\/www.iplay.com\/en\/#organization\"},\"potentialAction\":[{\"@type\":\"SearchAction\",\"target\":{\"@type\":\"EntryPoint\",\"urlTemplate\":\"https:\/\/www.iplay.com\/en\/?s={search_term_string}\"},\"query-input\":{\"@type\":\"PropertyValueSpecification\",\"valueRequired\":true,\"valueName\":\"search_term_string\"}}],\"inLanguage\":\"es\"},{\"@type\":\"Organization\",\"@id\":\"https:\/\/www.iplay.com\/en\/#organization\",\"name\":\"IPlay\",\"url\":\"https:\/\/www.iplay.com\/en\/\",\"logo\":{\"@type\":\"ImageObject\",\"inLanguage\":\"es\",\"@id\":\"https:\/\/www.iplay.com\/en\/#\/schema\/logo\/image\/\",\"url\":\"https:\/\/www.iplay.com\/wp-content\/uploads\/2023\/11\/Group-6100.svg\",\"contentUrl\":\"https:\/\/www.iplay.com\/wp-content\/uploads\/2023\/11\/Group-6100.svg\",\"width\":98,\"height\":25,\"caption\":\"IPlay\"},\"image\":{\"@id\":\"https:\/\/www.iplay.com\/en\/#\/schema\/logo\/image\/\"}}]}<\/script>\n<!-- \/ Yoast SEO Premium plugin. -->","yoast_head_json":{"title":"Jigsaw Puzzle Lovers 2 - Sum\u00e9rgete en los rompecabezas","description":"T\u00f3mate tu tiempo para sumergirte en los rompecabezas con Jigsaw Puzzle Lovers 2 con Jigsaw Puzzle Lovers 2","robots":{"index":"index","follow":"follow","max-snippet":"max-snippet:-1","max-image-preview":"max-image-preview:large","max-video-preview":"max-video-preview:-1"},"canonical":"https:\/\/www.iplay.com\/es\/games\/jigsaw-puzzle-lovers-2\/","og_locale":"es_ES","og_type":"article","og_title":"Jigsaw Puzzle Lovers 2","og_description":"T\u00f3mate tu tiempo para sumergirte en los rompecabezas con Jigsaw Puzzle Lovers 2 con Jigsaw Puzzle Lovers 2","og_url":"https:\/\/www.iplay.com\/es\/games\/jigsaw-puzzle-lovers-2\/","og_site_name":"IPlay","og_image":[{"width":310,"height":310,"url":"https:\/\/www.iplay.com\/wp-content\/uploads\/2024\/04\/Jigsaw-Puzzle-Lovers-2_large_square_tile_image.webp","type":"image\/webp"}],"twitter_card":"summary_large_image","twitter_misc":{"Est. reading time":"2 minutos"},"schema":{"@context":"https:\/\/schema.org","@graph":[{"@type":"WebPage","@id":"https:\/\/www.iplay.com\/es\/games\/jigsaw-puzzle-lovers-2\/","url":"https:\/\/www.iplay.com\/es\/games\/jigsaw-puzzle-lovers-2\/","name":"Jigsaw Puzzle Lovers 2 - Sum\u00e9rgete en los rompecabezas","isPartOf":{"@id":"https:\/\/www.iplay.com\/en\/#website"},"primaryImageOfPage":{"@id":"https:\/\/www.iplay.com\/es\/games\/jigsaw-puzzle-lovers-2\/#primaryimage"},"image":{"@id":"https:\/\/www.iplay.com\/es\/games\/jigsaw-puzzle-lovers-2\/#primaryimage"},"thumbnailUrl":"https:\/\/www.iplay.com\/wp-content\/uploads\/2024\/04\/Jigsaw-Puzzle-Lovers-2_large_square_tile_image.webp","datePublished":"2024-04-29T12:38:43+00:00","description":"T\u00f3mate tu tiempo para sumergirte en los rompecabezas con Jigsaw Puzzle Lovers 2 con Jigsaw Puzzle Lovers 2","breadcrumb":{"@id":"https:\/\/www.iplay.com\/es\/games\/jigsaw-puzzle-lovers-2\/#breadcrumb"},"inLanguage":"es","potentialAction":[{"@type":"ReadAction","target":["https:\/\/www.iplay.com\/es\/games\/jigsaw-puzzle-lovers-2\/"]}]},{"@type":"ImageObject","inLanguage":"es","@id":"https:\/\/www.iplay.com\/es\/games\/jigsaw-puzzle-lovers-2\/#primaryimage","url":"https:\/\/www.iplay.com\/wp-content\/uploads\/2024\/04\/Jigsaw-Puzzle-Lovers-2_large_square_tile_image.webp","contentUrl":"https:\/\/www.iplay.com\/wp-content\/uploads\/2024\/04\/Jigsaw-Puzzle-Lovers-2_large_square_tile_image.webp","width":310,"height":310},{"@type":"BreadcrumbList","@id":"https:\/\/www.iplay.com\/es\/games\/jigsaw-puzzle-lovers-2\/#breadcrumb","itemListElement":[{"@type":"ListItem","position":1,"name":"Home","item":"https:\/\/www.iplay.com\/es\/home-page-2\/"},{"@type":"ListItem","position":2,"name":"Shop","item":"https:\/\/www.iplay.com\/en\/shop\/"},{"@type":"ListItem","position":3,"name":"Jigsaw Puzzle Lovers 2"}]},{"@type":"WebSite","@id":"https:\/\/www.iplay.com\/en\/#website","url":"https:\/\/www.iplay.com\/en\/","name":"IPlay","description":"The Best Casual Games!","publisher":{"@id":"https:\/\/www.iplay.com\/en\/#organization"},"potentialAction":[{"@type":"SearchAction","target":{"@type":"EntryPoint","urlTemplate":"https:\/\/www.iplay.com\/en\/?s={search_term_string}"},"query-input":{"@type":"PropertyValueSpecification","valueRequired":true,"valueName":"search_term_string"}}],"inLanguage":"es"},{"@type":"Organization","@id":"https:\/\/www.iplay.com\/en\/#organization","name":"IPlay","url":"https:\/\/www.iplay.com\/en\/","logo":{"@type":"ImageObject","inLanguage":"es","@id":"https:\/\/www.iplay.com\/en\/#\/schema\/logo\/image\/","url":"https:\/\/www.iplay.com\/wp-content\/uploads\/2023\/11\/Group-6100.svg","contentUrl":"https:\/\/www.iplay.com\/wp-content\/uploads\/2023\/11\/Group-6100.svg","width":98,"height":25,"caption":"IPlay"},"image":{"@id":"https:\/\/www.iplay.com\/en\/#\/schema\/logo\/image\/"}}]}},"_links":{"self":[{"href":"https:\/\/www.iplay.com\/es\/wp-json\/wp\/v2\/product\/128200","targetHints":{"allow":["GET"]}}],"collection":[{"href":"https:\/\/www.iplay.com\/es\/wp-json\/wp\/v2\/product"}],"about":[{"href":"https:\/\/www.iplay.com\/es\/wp-json\/wp\/v2\/types\/product"}],"author":[{"embeddable":true,"href":"https:\/\/www.iplay.com\/es\/wp-json\/wp\/v2\/users\/129"}],"replies":[{"embeddable":true,"href":"https:\/\/www.iplay.com\/es\/wp-json\/wp\/v2\/comments?post=128200"}],"wp:featuredmedia":[{"embeddable":true,"href":"https:\/\/www.iplay.com\/es\/wp-json\/wp\/v2\/media\/110665"}],"wp:attachment":[{"href":"https:\/\/www.iplay.com\/es\/wp-json\/wp\/v2\/media?parent=128200"}],"wp:term":[{"taxonomy":"product_brand","embeddable":true,"href":"https:\/\/www.iplay.com\/es\/wp-json\/wp\/v2\/product_brand?post=128200"},{"taxonomy":"product_cat","embeddable":true,"href":"https:\/\/www.iplay.com\/es\/wp-json\/wp\/v2\/product_cat?post=128200"},{"taxonomy":"product_tag","embeddable":true,"href":"https:\/\/www.iplay.com\/es\/wp-json\/wp\/v2\/product_tag?post=128200"}],"curies":[{"name":"wp","href":"https:\/\/api.w.org\/{rel}","templated":true}]}}