{"id":128175,"date":"2024-04-19T15:05:07","date_gmt":"2024-04-19T15:05:07","guid":{"rendered":"https:\/\/www.iplay.com\/games\/match-marbles-8\/"},"modified":"2024-04-19T15:05:07","modified_gmt":"2024-04-19T15:05:07","slug":"match-marbles-8","status":"publish","type":"product","link":"https:\/\/www.iplay.com\/es\/games\/match-marbles-8\/","title":{"rendered":"Match Marbles 8"},"content":{"rendered":"<p>\u00bfTe gustar\u00eda ser transportado a un reino donde la l\u00f3gica y el honor son primordiales? Dentro de este dominio encantado y caballeresco, se confiar\u00e1 en tu astucia e ingenio, y se encender\u00e1 un fervor con la introducci\u00f3n de nuevas bonificaciones. Los frascos de fuego, las minas de fuego y las bombas de fuego adicionales est\u00e1n a tu disposici\u00f3n. Si bien la piedra permanece impermeable al fuego, facilita la limpieza r\u00e1pida del \u00e1rea. Las limitaciones de tiempo no tienen por qu\u00e9 preocuparte en este juego; Proceda con cuidado y relajaci\u00f3n.    <\/p>\n<p>&nbsp;<\/p>\n<p><strong>Funciones<\/strong><\/p>\n<ul>\n<li>Se han incorporado frascos de fuego, bombas incendiarias y minas adicionales.<\/li>\n<li>Se han introducido bombas incendiarias de oro y bonificaciones para tu beneficio.<\/li>\n<li>Se puede emplear una variedad de t\u00e1cticas para salir victorioso.<\/li>\n<li>Del\u00e9itate con el exquisito dise\u00f1o visual que te rodea.<\/li>\n<\/ul>\n","protected":false},"excerpt":{"rendered":"<p>\u00bfQuieres ir donde la l\u00f3gica y el honor reinan supremos? Explora ahora con Match Marbles 8<\/p>\n","protected":false},"author":23,"featured_media":110473,"comment_status":"open","ping_status":"closed","template":"","meta":{"_acf_changed":false,"inline_featured_image":false},"product_brand":[],"product_cat":[178,192],"product_tag":[288],"class_list":{"0":"post-128175","1":"product","2":"type-product","3":"status-publish","4":"has-post-thumbnail","6":"product_cat-match-3-es","7":"product_cat-puzzle-es","8":"product_tag-play-on-pc-es","10":"first","11":"instock","12":"shipping-taxable","13":"purchasable","14":"product-type-simple"},"acf":[],"yoast_head":"<!-- This site is optimized with the Yoast SEO Premium plugin v25.2 (Yoast SEO v25.2) - https:\/\/yoast.com\/wordpress\/plugins\/seo\/ -->\n<title>Match Marbles 8 - Jugar en IPlay<\/title>\n<meta name=\"description\" content=\"\u00bfQuieres ir donde la l\u00f3gica y el honor reinan supremos? Explora ahora con Match Marbles 8\" \/>\n<meta name=\"robots\" content=\"index, follow, max-snippet:-1, max-image-preview:large, max-video-preview:-1\" \/>\n<link rel=\"canonical\" href=\"https:\/\/www.iplay.com\/es\/games\/match-marbles-8\/\" \/>\n<meta property=\"og:locale\" content=\"es_ES\" \/>\n<meta property=\"og:type\" content=\"article\" \/>\n<meta property=\"og:title\" content=\"Match Marbles 8\" \/>\n<meta property=\"og:description\" content=\"\u00bfQuieres ir donde la l\u00f3gica y el honor reinan supremos? Explora ahora con Match Marbles 8\" \/>\n<meta property=\"og:url\" content=\"https:\/\/www.iplay.com\/es\/games\/match-marbles-8\/\" \/>\n<meta property=\"og:site_name\" content=\"IPlay\" \/>\n<meta property=\"og:image\" content=\"https:\/\/www.iplay.com\/wp-content\/uploads\/2024\/04\/Match-Marbles-8_slider.webp\" \/>\n\t<meta property=\"og:image:width\" content=\"715\" \/>\n\t<meta property=\"og:image:height\" content=\"485\" \/>\n\t<meta property=\"og:image:type\" content=\"image\/webp\" \/>\n<meta name=\"twitter:card\" content=\"summary_large_image\" \/>\n<meta name=\"twitter:label1\" content=\"Est. reading time\" \/>\n\t<meta name=\"twitter:data1\" content=\"1 minuto\" \/>\n<script type=\"application\/ld+json\" class=\"yoast-schema-graph\">{\"@context\":\"https:\/\/schema.org\",\"@graph\":[{\"@type\":\"WebPage\",\"@id\":\"https:\/\/www.iplay.com\/es\/games\/match-marbles-8\/\",\"url\":\"https:\/\/www.iplay.com\/es\/games\/match-marbles-8\/\",\"name\":\"Match Marbles 8 - Jugar en IPlay\",\"isPartOf\":{\"@id\":\"https:\/\/www.iplay.com\/en\/#website\"},\"primaryImageOfPage\":{\"@id\":\"https:\/\/www.iplay.com\/es\/games\/match-marbles-8\/#primaryimage\"},\"image\":{\"@id\":\"https:\/\/www.iplay.com\/es\/games\/match-marbles-8\/#primaryimage\"},\"thumbnailUrl\":\"https:\/\/www.iplay.com\/wp-content\/uploads\/2024\/04\/Match-Marbles-8_slider.webp\",\"datePublished\":\"2024-04-19T15:05:07+00:00\",\"description\":\"\u00bfQuieres ir donde la l\u00f3gica y el honor reinan supremos? Explora ahora con Match Marbles 8\",\"breadcrumb\":{\"@id\":\"https:\/\/www.iplay.com\/es\/games\/match-marbles-8\/#breadcrumb\"},\"inLanguage\":\"es\",\"potentialAction\":[{\"@type\":\"ReadAction\",\"target\":[\"https:\/\/www.iplay.com\/es\/games\/match-marbles-8\/\"]}]},{\"@type\":\"ImageObject\",\"inLanguage\":\"es\",\"@id\":\"https:\/\/www.iplay.com\/es\/games\/match-marbles-8\/#primaryimage\",\"url\":\"https:\/\/www.iplay.com\/wp-content\/uploads\/2024\/04\/Match-Marbles-8_slider.webp\",\"contentUrl\":\"https:\/\/www.iplay.com\/wp-content\/uploads\/2024\/04\/Match-Marbles-8_slider.webp\",\"width\":715,\"height\":485},{\"@type\":\"BreadcrumbList\",\"@id\":\"https:\/\/www.iplay.com\/es\/games\/match-marbles-8\/#breadcrumb\",\"itemListElement\":[{\"@type\":\"ListItem\",\"position\":1,\"name\":\"Home\",\"item\":\"https:\/\/www.iplay.com\/es\/home-page-2\/\"},{\"@type\":\"ListItem\",\"position\":2,\"name\":\"Shop\",\"item\":\"https:\/\/www.iplay.com\/en\/shop\/\"},{\"@type\":\"ListItem\",\"position\":3,\"name\":\"Match Marbles 8\"}]},{\"@type\":\"WebSite\",\"@id\":\"https:\/\/www.iplay.com\/en\/#website\",\"url\":\"https:\/\/www.iplay.com\/en\/\",\"name\":\"IPlay\",\"description\":\"The Best Casual Games!\",\"publisher\":{\"@id\":\"https:\/\/www.iplay.com\/en\/#organization\"},\"potentialAction\":[{\"@type\":\"SearchAction\",\"target\":{\"@type\":\"EntryPoint\",\"urlTemplate\":\"https:\/\/www.iplay.com\/en\/?s={search_term_string}\"},\"query-input\":{\"@type\":\"PropertyValueSpecification\",\"valueRequired\":true,\"valueName\":\"search_term_string\"}}],\"inLanguage\":\"es\"},{\"@type\":\"Organization\",\"@id\":\"https:\/\/www.iplay.com\/en\/#organization\",\"name\":\"IPlay\",\"url\":\"https:\/\/www.iplay.com\/en\/\",\"logo\":{\"@type\":\"ImageObject\",\"inLanguage\":\"es\",\"@id\":\"https:\/\/www.iplay.com\/en\/#\/schema\/logo\/image\/\",\"url\":\"https:\/\/www.iplay.com\/wp-content\/uploads\/2023\/11\/Group-6100.svg\",\"contentUrl\":\"https:\/\/www.iplay.com\/wp-content\/uploads\/2023\/11\/Group-6100.svg\",\"width\":98,\"height\":25,\"caption\":\"IPlay\"},\"image\":{\"@id\":\"https:\/\/www.iplay.com\/en\/#\/schema\/logo\/image\/\"}}]}<\/script>\n<!-- \/ Yoast SEO Premium plugin. -->","yoast_head_json":{"title":"Match Marbles 8 - Jugar en IPlay","description":"\u00bfQuieres ir donde la l\u00f3gica y el honor reinan supremos? Explora ahora con Match Marbles 8","robots":{"index":"index","follow":"follow","max-snippet":"max-snippet:-1","max-image-preview":"max-image-preview:large","max-video-preview":"max-video-preview:-1"},"canonical":"https:\/\/www.iplay.com\/es\/games\/match-marbles-8\/","og_locale":"es_ES","og_type":"article","og_title":"Match Marbles 8","og_description":"\u00bfQuieres ir donde la l\u00f3gica y el honor reinan supremos? Explora ahora con Match Marbles 8","og_url":"https:\/\/www.iplay.com\/es\/games\/match-marbles-8\/","og_site_name":"IPlay","og_image":[{"width":715,"height":485,"url":"https:\/\/www.iplay.com\/wp-content\/uploads\/2024\/04\/Match-Marbles-8_slider.webp","type":"image\/webp"}],"twitter_card":"summary_large_image","twitter_misc":{"Est. reading time":"1 minuto"},"schema":{"@context":"https:\/\/schema.org","@graph":[{"@type":"WebPage","@id":"https:\/\/www.iplay.com\/es\/games\/match-marbles-8\/","url":"https:\/\/www.iplay.com\/es\/games\/match-marbles-8\/","name":"Match Marbles 8 - Jugar en IPlay","isPartOf":{"@id":"https:\/\/www.iplay.com\/en\/#website"},"primaryImageOfPage":{"@id":"https:\/\/www.iplay.com\/es\/games\/match-marbles-8\/#primaryimage"},"image":{"@id":"https:\/\/www.iplay.com\/es\/games\/match-marbles-8\/#primaryimage"},"thumbnailUrl":"https:\/\/www.iplay.com\/wp-content\/uploads\/2024\/04\/Match-Marbles-8_slider.webp","datePublished":"2024-04-19T15:05:07+00:00","description":"\u00bfQuieres ir donde la l\u00f3gica y el honor reinan supremos? Explora ahora con Match Marbles 8","breadcrumb":{"@id":"https:\/\/www.iplay.com\/es\/games\/match-marbles-8\/#breadcrumb"},"inLanguage":"es","potentialAction":[{"@type":"ReadAction","target":["https:\/\/www.iplay.com\/es\/games\/match-marbles-8\/"]}]},{"@type":"ImageObject","inLanguage":"es","@id":"https:\/\/www.iplay.com\/es\/games\/match-marbles-8\/#primaryimage","url":"https:\/\/www.iplay.com\/wp-content\/uploads\/2024\/04\/Match-Marbles-8_slider.webp","contentUrl":"https:\/\/www.iplay.com\/wp-content\/uploads\/2024\/04\/Match-Marbles-8_slider.webp","width":715,"height":485},{"@type":"BreadcrumbList","@id":"https:\/\/www.iplay.com\/es\/games\/match-marbles-8\/#breadcrumb","itemListElement":[{"@type":"ListItem","position":1,"name":"Home","item":"https:\/\/www.iplay.com\/es\/home-page-2\/"},{"@type":"ListItem","position":2,"name":"Shop","item":"https:\/\/www.iplay.com\/en\/shop\/"},{"@type":"ListItem","position":3,"name":"Match Marbles 8"}]},{"@type":"WebSite","@id":"https:\/\/www.iplay.com\/en\/#website","url":"https:\/\/www.iplay.com\/en\/","name":"IPlay","description":"The Best Casual Games!","publisher":{"@id":"https:\/\/www.iplay.com\/en\/#organization"},"potentialAction":[{"@type":"SearchAction","target":{"@type":"EntryPoint","urlTemplate":"https:\/\/www.iplay.com\/en\/?s={search_term_string}"},"query-input":{"@type":"PropertyValueSpecification","valueRequired":true,"valueName":"search_term_string"}}],"inLanguage":"es"},{"@type":"Organization","@id":"https:\/\/www.iplay.com\/en\/#organization","name":"IPlay","url":"https:\/\/www.iplay.com\/en\/","logo":{"@type":"ImageObject","inLanguage":"es","@id":"https:\/\/www.iplay.com\/en\/#\/schema\/logo\/image\/","url":"https:\/\/www.iplay.com\/wp-content\/uploads\/2023\/11\/Group-6100.svg","contentUrl":"https:\/\/www.iplay.com\/wp-content\/uploads\/2023\/11\/Group-6100.svg","width":98,"height":25,"caption":"IPlay"},"image":{"@id":"https:\/\/www.iplay.com\/en\/#\/schema\/logo\/image\/"}}]}},"_links":{"self":[{"href":"https:\/\/www.iplay.com\/es\/wp-json\/wp\/v2\/product\/128175","targetHints":{"allow":["GET"]}}],"collection":[{"href":"https:\/\/www.iplay.com\/es\/wp-json\/wp\/v2\/product"}],"about":[{"href":"https:\/\/www.iplay.com\/es\/wp-json\/wp\/v2\/types\/product"}],"author":[{"embeddable":true,"href":"https:\/\/www.iplay.com\/es\/wp-json\/wp\/v2\/users\/23"}],"replies":[{"embeddable":true,"href":"https:\/\/www.iplay.com\/es\/wp-json\/wp\/v2\/comments?post=128175"}],"wp:featuredmedia":[{"embeddable":true,"href":"https:\/\/www.iplay.com\/es\/wp-json\/wp\/v2\/media\/110473"}],"wp:attachment":[{"href":"https:\/\/www.iplay.com\/es\/wp-json\/wp\/v2\/media?parent=128175"}],"wp:term":[{"taxonomy":"product_brand","embeddable":true,"href":"https:\/\/www.iplay.com\/es\/wp-json\/wp\/v2\/product_brand?post=128175"},{"taxonomy":"product_cat","embeddable":true,"href":"https:\/\/www.iplay.com\/es\/wp-json\/wp\/v2\/product_cat?post=128175"},{"taxonomy":"product_tag","embeddable":true,"href":"https:\/\/www.iplay.com\/es\/wp-json\/wp\/v2\/product_tag?post=128175"}],"curies":[{"name":"wp","href":"https:\/\/api.w.org\/{rel}","templated":true}]}}