{"id":127800,"date":"2024-07-12T14:06:53","date_gmt":"2024-07-12T14:06:53","guid":{"rendered":"https:\/\/www.iplay.com\/games\/tower-defense-super-heroes\/"},"modified":"2024-07-12T14:06:53","modified_gmt":"2024-07-12T14:06:53","slug":"tower-defense-super-heroes","status":"publish","type":"product","link":"https:\/\/www.iplay.com\/es\/games\/tower-defense-super-heroes\/","title":{"rendered":"Tower Defense : Super Heroes"},"content":{"rendered":"<p>El sue\u00f1o de convertirse en un superh\u00e9roe se puede redirigir hacia convertirse en un supervillano en Tower Defense: Super Heroes.<\/p>\n<p>Hay que robar bancos, volar edificios y defenderse de un ej\u00e9rcito de superh\u00e9roes.<\/p>\n<p>Este juego de arcade presenta oleadas de superh\u00e9roes que siguen un camino hacia la reserva de puntos de salud.<\/p>\n<p>Sobrevive a oleadas cada vez m\u00e1s intensas a medida que los h\u00e9roes se vuelven m\u00e1s fuertes. Destruye a tantos como sea posible y demuestra tu dominio en el reino del crimen.<\/p>\n","protected":false},"excerpt":{"rendered":"<p>Sobrevive a una sucesi\u00f3n de oleadas de h\u00e9roes y convi\u00e9rtete en el villano definitivo<\/p>\n","protected":false},"author":333,"featured_media":121069,"comment_status":"open","ping_status":"closed","template":"","meta":{"_acf_changed":false,"inline_featured_image":false},"product_brand":[],"product_cat":[182,213],"product_tag":[286,303,288],"class_list":{"0":"post-127800","1":"product","2":"type-product","3":"status-publish","4":"has-post-thumbnail","6":"product_cat-mobile-games-es","7":"product_cat-strategy-es","8":"product_tag-play-on-mac-es","9":"product_tag-play-on-mobile-es","10":"product_tag-play-on-pc-es","12":"first","13":"instock","14":"shipping-taxable","15":"purchasable","16":"product-type-html5_game"},"acf":[],"yoast_head":"<!-- This site is optimized with the Yoast SEO Premium plugin v25.2 (Yoast SEO v25.2) - https:\/\/yoast.com\/wordpress\/plugins\/seo\/ -->\n<title>Tower Defense : Super Heroes - Juega en IPlay<\/title>\n<meta name=\"description\" content=\"Sobrevive a una sucesi\u00f3n de oleadas de h\u00e9roes y convi\u00e9rtete en el villano definitivo\" \/>\n<meta name=\"robots\" content=\"index, follow, max-snippet:-1, max-image-preview:large, max-video-preview:-1\" \/>\n<link rel=\"canonical\" href=\"https:\/\/www.iplay.com\/es\/games\/tower-defense-super-heroes\/\" \/>\n<meta property=\"og:locale\" content=\"es_ES\" \/>\n<meta property=\"og:type\" content=\"article\" \/>\n<meta property=\"og:title\" content=\"Tower Defense : Super Heroes\" \/>\n<meta property=\"og:description\" content=\"Sobrevive a una sucesi\u00f3n de oleadas de h\u00e9roes y convi\u00e9rtete en el villano definitivo\" \/>\n<meta property=\"og:url\" content=\"https:\/\/www.iplay.com\/es\/games\/tower-defense-super-heroes\/\" \/>\n<meta property=\"og:site_name\" content=\"IPlay\" \/>\n<meta property=\"og:image\" content=\"https:\/\/www.iplay.com\/wp-content\/uploads\/2024\/07\/ban-towerDefenseSH-310x310-1.webp\" \/>\n\t<meta property=\"og:image:width\" content=\"715\" \/>\n\t<meta property=\"og:image:height\" content=\"485\" \/>\n\t<meta property=\"og:image:type\" content=\"image\/webp\" \/>\n<meta name=\"twitter:card\" content=\"summary_large_image\" \/>\n<script type=\"application\/ld+json\" class=\"yoast-schema-graph\">{\"@context\":\"https:\/\/schema.org\",\"@graph\":[{\"@type\":\"WebPage\",\"@id\":\"https:\/\/www.iplay.com\/es\/games\/tower-defense-super-heroes\/\",\"url\":\"https:\/\/www.iplay.com\/es\/games\/tower-defense-super-heroes\/\",\"name\":\"Tower Defense : Super Heroes - Juega en IPlay\",\"isPartOf\":{\"@id\":\"https:\/\/www.iplay.com\/en\/#website\"},\"primaryImageOfPage\":{\"@id\":\"https:\/\/www.iplay.com\/es\/games\/tower-defense-super-heroes\/#primaryimage\"},\"image\":{\"@id\":\"https:\/\/www.iplay.com\/es\/games\/tower-defense-super-heroes\/#primaryimage\"},\"thumbnailUrl\":\"https:\/\/www.iplay.com\/wp-content\/uploads\/2024\/07\/ban-towerDefenseSH-310x310-1.webp\",\"datePublished\":\"2024-07-12T14:06:53+00:00\",\"description\":\"Sobrevive a una sucesi\u00f3n de oleadas de h\u00e9roes y convi\u00e9rtete en el villano definitivo\",\"breadcrumb\":{\"@id\":\"https:\/\/www.iplay.com\/es\/games\/tower-defense-super-heroes\/#breadcrumb\"},\"inLanguage\":\"es\",\"potentialAction\":[{\"@type\":\"ReadAction\",\"target\":[\"https:\/\/www.iplay.com\/es\/games\/tower-defense-super-heroes\/\"]}]},{\"@type\":\"ImageObject\",\"inLanguage\":\"es\",\"@id\":\"https:\/\/www.iplay.com\/es\/games\/tower-defense-super-heroes\/#primaryimage\",\"url\":\"https:\/\/www.iplay.com\/wp-content\/uploads\/2024\/07\/ban-towerDefenseSH-310x310-1.webp\",\"contentUrl\":\"https:\/\/www.iplay.com\/wp-content\/uploads\/2024\/07\/ban-towerDefenseSH-310x310-1.webp\",\"width\":715,\"height\":485},{\"@type\":\"BreadcrumbList\",\"@id\":\"https:\/\/www.iplay.com\/es\/games\/tower-defense-super-heroes\/#breadcrumb\",\"itemListElement\":[{\"@type\":\"ListItem\",\"position\":1,\"name\":\"Home\",\"item\":\"https:\/\/www.iplay.com\/es\/home-page-2\/\"},{\"@type\":\"ListItem\",\"position\":2,\"name\":\"Shop\",\"item\":\"https:\/\/www.iplay.com\/en\/shop\/\"},{\"@type\":\"ListItem\",\"position\":3,\"name\":\"Tower Defense : Super Heroes\"}]},{\"@type\":\"WebSite\",\"@id\":\"https:\/\/www.iplay.com\/en\/#website\",\"url\":\"https:\/\/www.iplay.com\/en\/\",\"name\":\"IPlay\",\"description\":\"The Best Casual Games!\",\"publisher\":{\"@id\":\"https:\/\/www.iplay.com\/en\/#organization\"},\"potentialAction\":[{\"@type\":\"SearchAction\",\"target\":{\"@type\":\"EntryPoint\",\"urlTemplate\":\"https:\/\/www.iplay.com\/en\/?s={search_term_string}\"},\"query-input\":{\"@type\":\"PropertyValueSpecification\",\"valueRequired\":true,\"valueName\":\"search_term_string\"}}],\"inLanguage\":\"es\"},{\"@type\":\"Organization\",\"@id\":\"https:\/\/www.iplay.com\/en\/#organization\",\"name\":\"IPlay\",\"url\":\"https:\/\/www.iplay.com\/en\/\",\"logo\":{\"@type\":\"ImageObject\",\"inLanguage\":\"es\",\"@id\":\"https:\/\/www.iplay.com\/en\/#\/schema\/logo\/image\/\",\"url\":\"https:\/\/www.iplay.com\/wp-content\/uploads\/2023\/11\/Group-6100.svg\",\"contentUrl\":\"https:\/\/www.iplay.com\/wp-content\/uploads\/2023\/11\/Group-6100.svg\",\"width\":98,\"height\":25,\"caption\":\"IPlay\"},\"image\":{\"@id\":\"https:\/\/www.iplay.com\/en\/#\/schema\/logo\/image\/\"}}]}<\/script>\n<!-- \/ Yoast SEO Premium plugin. -->","yoast_head_json":{"title":"Tower Defense : Super Heroes - Juega en IPlay","description":"Sobrevive a una sucesi\u00f3n de oleadas de h\u00e9roes y convi\u00e9rtete en el villano definitivo","robots":{"index":"index","follow":"follow","max-snippet":"max-snippet:-1","max-image-preview":"max-image-preview:large","max-video-preview":"max-video-preview:-1"},"canonical":"https:\/\/www.iplay.com\/es\/games\/tower-defense-super-heroes\/","og_locale":"es_ES","og_type":"article","og_title":"Tower Defense : Super Heroes","og_description":"Sobrevive a una sucesi\u00f3n de oleadas de h\u00e9roes y convi\u00e9rtete en el villano definitivo","og_url":"https:\/\/www.iplay.com\/es\/games\/tower-defense-super-heroes\/","og_site_name":"IPlay","og_image":[{"width":715,"height":485,"url":"https:\/\/www.iplay.com\/wp-content\/uploads\/2024\/07\/ban-towerDefenseSH-310x310-1.webp","type":"image\/webp"}],"twitter_card":"summary_large_image","schema":{"@context":"https:\/\/schema.org","@graph":[{"@type":"WebPage","@id":"https:\/\/www.iplay.com\/es\/games\/tower-defense-super-heroes\/","url":"https:\/\/www.iplay.com\/es\/games\/tower-defense-super-heroes\/","name":"Tower Defense : Super Heroes - Juega en IPlay","isPartOf":{"@id":"https:\/\/www.iplay.com\/en\/#website"},"primaryImageOfPage":{"@id":"https:\/\/www.iplay.com\/es\/games\/tower-defense-super-heroes\/#primaryimage"},"image":{"@id":"https:\/\/www.iplay.com\/es\/games\/tower-defense-super-heroes\/#primaryimage"},"thumbnailUrl":"https:\/\/www.iplay.com\/wp-content\/uploads\/2024\/07\/ban-towerDefenseSH-310x310-1.webp","datePublished":"2024-07-12T14:06:53+00:00","description":"Sobrevive a una sucesi\u00f3n de oleadas de h\u00e9roes y convi\u00e9rtete en el villano definitivo","breadcrumb":{"@id":"https:\/\/www.iplay.com\/es\/games\/tower-defense-super-heroes\/#breadcrumb"},"inLanguage":"es","potentialAction":[{"@type":"ReadAction","target":["https:\/\/www.iplay.com\/es\/games\/tower-defense-super-heroes\/"]}]},{"@type":"ImageObject","inLanguage":"es","@id":"https:\/\/www.iplay.com\/es\/games\/tower-defense-super-heroes\/#primaryimage","url":"https:\/\/www.iplay.com\/wp-content\/uploads\/2024\/07\/ban-towerDefenseSH-310x310-1.webp","contentUrl":"https:\/\/www.iplay.com\/wp-content\/uploads\/2024\/07\/ban-towerDefenseSH-310x310-1.webp","width":715,"height":485},{"@type":"BreadcrumbList","@id":"https:\/\/www.iplay.com\/es\/games\/tower-defense-super-heroes\/#breadcrumb","itemListElement":[{"@type":"ListItem","position":1,"name":"Home","item":"https:\/\/www.iplay.com\/es\/home-page-2\/"},{"@type":"ListItem","position":2,"name":"Shop","item":"https:\/\/www.iplay.com\/en\/shop\/"},{"@type":"ListItem","position":3,"name":"Tower Defense : Super Heroes"}]},{"@type":"WebSite","@id":"https:\/\/www.iplay.com\/en\/#website","url":"https:\/\/www.iplay.com\/en\/","name":"IPlay","description":"The Best Casual Games!","publisher":{"@id":"https:\/\/www.iplay.com\/en\/#organization"},"potentialAction":[{"@type":"SearchAction","target":{"@type":"EntryPoint","urlTemplate":"https:\/\/www.iplay.com\/en\/?s={search_term_string}"},"query-input":{"@type":"PropertyValueSpecification","valueRequired":true,"valueName":"search_term_string"}}],"inLanguage":"es"},{"@type":"Organization","@id":"https:\/\/www.iplay.com\/en\/#organization","name":"IPlay","url":"https:\/\/www.iplay.com\/en\/","logo":{"@type":"ImageObject","inLanguage":"es","@id":"https:\/\/www.iplay.com\/en\/#\/schema\/logo\/image\/","url":"https:\/\/www.iplay.com\/wp-content\/uploads\/2023\/11\/Group-6100.svg","contentUrl":"https:\/\/www.iplay.com\/wp-content\/uploads\/2023\/11\/Group-6100.svg","width":98,"height":25,"caption":"IPlay"},"image":{"@id":"https:\/\/www.iplay.com\/en\/#\/schema\/logo\/image\/"}}]}},"_links":{"self":[{"href":"https:\/\/www.iplay.com\/es\/wp-json\/wp\/v2\/product\/127800","targetHints":{"allow":["GET"]}}],"collection":[{"href":"https:\/\/www.iplay.com\/es\/wp-json\/wp\/v2\/product"}],"about":[{"href":"https:\/\/www.iplay.com\/es\/wp-json\/wp\/v2\/types\/product"}],"author":[{"embeddable":true,"href":"https:\/\/www.iplay.com\/es\/wp-json\/wp\/v2\/users\/333"}],"replies":[{"embeddable":true,"href":"https:\/\/www.iplay.com\/es\/wp-json\/wp\/v2\/comments?post=127800"}],"wp:featuredmedia":[{"embeddable":true,"href":"https:\/\/www.iplay.com\/es\/wp-json\/wp\/v2\/media\/121069"}],"wp:attachment":[{"href":"https:\/\/www.iplay.com\/es\/wp-json\/wp\/v2\/media?parent=127800"}],"wp:term":[{"taxonomy":"product_brand","embeddable":true,"href":"https:\/\/www.iplay.com\/es\/wp-json\/wp\/v2\/product_brand?post=127800"},{"taxonomy":"product_cat","embeddable":true,"href":"https:\/\/www.iplay.com\/es\/wp-json\/wp\/v2\/product_cat?post=127800"},{"taxonomy":"product_tag","embeddable":true,"href":"https:\/\/www.iplay.com\/es\/wp-json\/wp\/v2\/product_tag?post=127800"}],"curies":[{"name":"wp","href":"https:\/\/api.w.org\/{rel}","templated":true}]}}