{"id":127756,"date":"2024-08-09T13:00:16","date_gmt":"2024-08-09T13:00:16","guid":{"rendered":"https:\/\/www.iplay.com\/games\/mystical-riddles-haunted-portraits-collectors-edition\/"},"modified":"2024-08-09T13:00:16","modified_gmt":"2024-08-09T13:00:16","slug":"mystical-riddles-haunted-portraits-collectors-edition","status":"publish","type":"product","link":"https:\/\/www.iplay.com\/es\/games\/mystical-riddles-haunted-portraits-collectors-edition\/","title":{"rendered":"Mystical Riddles: Haunted Portraits Collector&#8217;s Edition"},"content":{"rendered":"<p>Se ha puesto en marcha una investigaci\u00f3n completamente nueva sobre la misteriosa desaparici\u00f3n de una joven de la galer\u00eda de arte de un fot\u00f3grafo de renombre, que revela una enmara\u00f1ada red de secretos, enga\u00f1os y peligros. Lo que inicialmente parece ser un negocio pr\u00f3spero pero ordinario pronto revela una fuerza m\u00e1s oscura y mal\u00e9vola que acecha debajo de la superficie. En este juego de objetos ocultos meticulosamente dise\u00f1ado, se debe reunir el coraje para enfrentar las sombras que acechan y desentra\u00f1ar la compleja red de intriga para descubrir la verdad, donde nadie est\u00e1 por encima de la sospecha.  <\/p>\n<p>&nbsp;<\/p>\n<p><strong>Caracter\u00edsticas de la Edici\u00f3n de Coleccionista<\/strong><\/p>\n<ul>\n<li>Se explora una escuela de fotograf\u00eda embrujada, intrincadamente ligada a la investigaci\u00f3n principal.<\/li>\n<li>Se presentan nuevos rompecabezas exclusivos y escenas de objetos ocultos.<\/li>\n<li>Se ofrecen recuerdos adicionales para aquellos que buscan completar cada detalle.<\/li>\n<li>La m\u00fasica del juego y los fondos de pantalla descargables se pueden disfrutar en el tiempo libre.<\/li>\n<\/ul>\n","protected":false},"excerpt":{"rendered":"<p><strong>Mystical Riddles: Haunted Portraits CE &#8211; Descubre<\/strong> una escuela embrujada<\/p>\n","protected":false},"author":52,"featured_media":39034,"comment_status":"open","ping_status":"closed","template":"","meta":{"_acf_changed":false,"inline_featured_image":false},"product_brand":[],"product_cat":[166],"product_tag":[288],"class_list":{"0":"post-127756","1":"product","2":"type-product","3":"status-publish","4":"has-post-thumbnail","6":"product_cat-hidden-object-es","7":"product_tag-play-on-pc-es","9":"first","10":"instock","11":"shipping-taxable","12":"purchasable","13":"product-type-simple"},"acf":[],"yoast_head":"<!-- This site is optimized with the Yoast SEO Premium plugin v25.2 (Yoast SEO v25.2) - https:\/\/yoast.com\/wordpress\/plugins\/seo\/ -->\n<title>Mystical Riddles: Haunted Portraits Collector&#039;s Edition - IPlay<\/title>\n<meta name=\"description\" content=\"Mystical Riddles: Haunted Portraits CE - Descubre una escuela embrujada\" \/>\n<meta name=\"robots\" content=\"index, follow, max-snippet:-1, max-image-preview:large, max-video-preview:-1\" \/>\n<link rel=\"canonical\" href=\"https:\/\/www.iplay.com\/es\/games\/mystical-riddles-haunted-portraits-collectors-edition\/\" \/>\n<meta property=\"og:locale\" content=\"es_ES\" \/>\n<meta property=\"og:type\" content=\"article\" \/>\n<meta property=\"og:title\" content=\"Mystical Riddles: Haunted Portraits Collector&#039;s Edition\" \/>\n<meta property=\"og:description\" content=\"Mystical Riddles: Haunted Portraits CE - Descubre una escuela embrujada\" \/>\n<meta property=\"og:url\" content=\"https:\/\/www.iplay.com\/es\/games\/mystical-riddles-haunted-portraits-collectors-edition\/\" \/>\n<meta property=\"og:site_name\" content=\"IPlay\" \/>\n<meta property=\"og:image\" content=\"https:\/\/www.iplay.com\/wp-content\/uploads\/2024\/09\/400x400-mystical_riddles_-_haunted_portraits_ce_large_square_tile_image.webp\" \/>\n\t<meta property=\"og:image:width\" content=\"400\" \/>\n\t<meta property=\"og:image:height\" content=\"400\" \/>\n\t<meta property=\"og:image:type\" content=\"image\/webp\" \/>\n<meta name=\"twitter:card\" content=\"summary_large_image\" \/>\n<meta name=\"twitter:label1\" content=\"Est. reading time\" \/>\n\t<meta name=\"twitter:data1\" content=\"1 minuto\" \/>\n<script type=\"application\/ld+json\" class=\"yoast-schema-graph\">{\"@context\":\"https:\/\/schema.org\",\"@graph\":[{\"@type\":\"WebPage\",\"@id\":\"https:\/\/www.iplay.com\/es\/games\/mystical-riddles-haunted-portraits-collectors-edition\/\",\"url\":\"https:\/\/www.iplay.com\/es\/games\/mystical-riddles-haunted-portraits-collectors-edition\/\",\"name\":\"Mystical Riddles: Haunted Portraits Collector's Edition - IPlay\",\"isPartOf\":{\"@id\":\"https:\/\/www.iplay.com\/en\/#website\"},\"primaryImageOfPage\":{\"@id\":\"https:\/\/www.iplay.com\/es\/games\/mystical-riddles-haunted-portraits-collectors-edition\/#primaryimage\"},\"image\":{\"@id\":\"https:\/\/www.iplay.com\/es\/games\/mystical-riddles-haunted-portraits-collectors-edition\/#primaryimage\"},\"thumbnailUrl\":\"https:\/\/www.iplay.com\/wp-content\/uploads\/2024\/09\/400x400-mystical_riddles_-_haunted_portraits_ce_large_square_tile_image.webp\",\"datePublished\":\"2024-08-09T13:00:16+00:00\",\"description\":\"Mystical Riddles: Haunted Portraits CE - Descubre una escuela embrujada\",\"breadcrumb\":{\"@id\":\"https:\/\/www.iplay.com\/es\/games\/mystical-riddles-haunted-portraits-collectors-edition\/#breadcrumb\"},\"inLanguage\":\"es\",\"potentialAction\":[{\"@type\":\"ReadAction\",\"target\":[\"https:\/\/www.iplay.com\/es\/games\/mystical-riddles-haunted-portraits-collectors-edition\/\"]}]},{\"@type\":\"ImageObject\",\"inLanguage\":\"es\",\"@id\":\"https:\/\/www.iplay.com\/es\/games\/mystical-riddles-haunted-portraits-collectors-edition\/#primaryimage\",\"url\":\"https:\/\/www.iplay.com\/wp-content\/uploads\/2024\/09\/400x400-mystical_riddles_-_haunted_portraits_ce_large_square_tile_image.webp\",\"contentUrl\":\"https:\/\/www.iplay.com\/wp-content\/uploads\/2024\/09\/400x400-mystical_riddles_-_haunted_portraits_ce_large_square_tile_image.webp\",\"width\":400,\"height\":400},{\"@type\":\"BreadcrumbList\",\"@id\":\"https:\/\/www.iplay.com\/es\/games\/mystical-riddles-haunted-portraits-collectors-edition\/#breadcrumb\",\"itemListElement\":[{\"@type\":\"ListItem\",\"position\":1,\"name\":\"Home\",\"item\":\"https:\/\/www.iplay.com\/es\/home-page-2\/\"},{\"@type\":\"ListItem\",\"position\":2,\"name\":\"Shop\",\"item\":\"https:\/\/www.iplay.com\/en\/shop\/\"},{\"@type\":\"ListItem\",\"position\":3,\"name\":\"Mystical Riddles: Haunted Portraits Collector&#8217;s Edition\"}]},{\"@type\":\"WebSite\",\"@id\":\"https:\/\/www.iplay.com\/en\/#website\",\"url\":\"https:\/\/www.iplay.com\/en\/\",\"name\":\"IPlay\",\"description\":\"The Best Casual Games!\",\"publisher\":{\"@id\":\"https:\/\/www.iplay.com\/en\/#organization\"},\"potentialAction\":[{\"@type\":\"SearchAction\",\"target\":{\"@type\":\"EntryPoint\",\"urlTemplate\":\"https:\/\/www.iplay.com\/en\/?s={search_term_string}\"},\"query-input\":{\"@type\":\"PropertyValueSpecification\",\"valueRequired\":true,\"valueName\":\"search_term_string\"}}],\"inLanguage\":\"es\"},{\"@type\":\"Organization\",\"@id\":\"https:\/\/www.iplay.com\/en\/#organization\",\"name\":\"IPlay\",\"url\":\"https:\/\/www.iplay.com\/en\/\",\"logo\":{\"@type\":\"ImageObject\",\"inLanguage\":\"es\",\"@id\":\"https:\/\/www.iplay.com\/en\/#\/schema\/logo\/image\/\",\"url\":\"https:\/\/www.iplay.com\/wp-content\/uploads\/2023\/11\/Group-6100.svg\",\"contentUrl\":\"https:\/\/www.iplay.com\/wp-content\/uploads\/2023\/11\/Group-6100.svg\",\"width\":98,\"height\":25,\"caption\":\"IPlay\"},\"image\":{\"@id\":\"https:\/\/www.iplay.com\/en\/#\/schema\/logo\/image\/\"}}]}<\/script>\n<!-- \/ Yoast SEO Premium plugin. -->","yoast_head_json":{"title":"Mystical Riddles: Haunted Portraits Collector's Edition - IPlay","description":"Mystical Riddles: Haunted Portraits CE - Descubre una escuela embrujada","robots":{"index":"index","follow":"follow","max-snippet":"max-snippet:-1","max-image-preview":"max-image-preview:large","max-video-preview":"max-video-preview:-1"},"canonical":"https:\/\/www.iplay.com\/es\/games\/mystical-riddles-haunted-portraits-collectors-edition\/","og_locale":"es_ES","og_type":"article","og_title":"Mystical Riddles: Haunted Portraits Collector's Edition","og_description":"Mystical Riddles: Haunted Portraits CE - Descubre una escuela embrujada","og_url":"https:\/\/www.iplay.com\/es\/games\/mystical-riddles-haunted-portraits-collectors-edition\/","og_site_name":"IPlay","og_image":[{"width":400,"height":400,"url":"https:\/\/www.iplay.com\/wp-content\/uploads\/2024\/09\/400x400-mystical_riddles_-_haunted_portraits_ce_large_square_tile_image.webp","type":"image\/webp"}],"twitter_card":"summary_large_image","twitter_misc":{"Est. reading time":"1 minuto"},"schema":{"@context":"https:\/\/schema.org","@graph":[{"@type":"WebPage","@id":"https:\/\/www.iplay.com\/es\/games\/mystical-riddles-haunted-portraits-collectors-edition\/","url":"https:\/\/www.iplay.com\/es\/games\/mystical-riddles-haunted-portraits-collectors-edition\/","name":"Mystical Riddles: Haunted Portraits Collector's Edition - IPlay","isPartOf":{"@id":"https:\/\/www.iplay.com\/en\/#website"},"primaryImageOfPage":{"@id":"https:\/\/www.iplay.com\/es\/games\/mystical-riddles-haunted-portraits-collectors-edition\/#primaryimage"},"image":{"@id":"https:\/\/www.iplay.com\/es\/games\/mystical-riddles-haunted-portraits-collectors-edition\/#primaryimage"},"thumbnailUrl":"https:\/\/www.iplay.com\/wp-content\/uploads\/2024\/09\/400x400-mystical_riddles_-_haunted_portraits_ce_large_square_tile_image.webp","datePublished":"2024-08-09T13:00:16+00:00","description":"Mystical Riddles: Haunted Portraits CE - Descubre una escuela embrujada","breadcrumb":{"@id":"https:\/\/www.iplay.com\/es\/games\/mystical-riddles-haunted-portraits-collectors-edition\/#breadcrumb"},"inLanguage":"es","potentialAction":[{"@type":"ReadAction","target":["https:\/\/www.iplay.com\/es\/games\/mystical-riddles-haunted-portraits-collectors-edition\/"]}]},{"@type":"ImageObject","inLanguage":"es","@id":"https:\/\/www.iplay.com\/es\/games\/mystical-riddles-haunted-portraits-collectors-edition\/#primaryimage","url":"https:\/\/www.iplay.com\/wp-content\/uploads\/2024\/09\/400x400-mystical_riddles_-_haunted_portraits_ce_large_square_tile_image.webp","contentUrl":"https:\/\/www.iplay.com\/wp-content\/uploads\/2024\/09\/400x400-mystical_riddles_-_haunted_portraits_ce_large_square_tile_image.webp","width":400,"height":400},{"@type":"BreadcrumbList","@id":"https:\/\/www.iplay.com\/es\/games\/mystical-riddles-haunted-portraits-collectors-edition\/#breadcrumb","itemListElement":[{"@type":"ListItem","position":1,"name":"Home","item":"https:\/\/www.iplay.com\/es\/home-page-2\/"},{"@type":"ListItem","position":2,"name":"Shop","item":"https:\/\/www.iplay.com\/en\/shop\/"},{"@type":"ListItem","position":3,"name":"Mystical Riddles: Haunted Portraits Collector&#8217;s Edition"}]},{"@type":"WebSite","@id":"https:\/\/www.iplay.com\/en\/#website","url":"https:\/\/www.iplay.com\/en\/","name":"IPlay","description":"The Best Casual Games!","publisher":{"@id":"https:\/\/www.iplay.com\/en\/#organization"},"potentialAction":[{"@type":"SearchAction","target":{"@type":"EntryPoint","urlTemplate":"https:\/\/www.iplay.com\/en\/?s={search_term_string}"},"query-input":{"@type":"PropertyValueSpecification","valueRequired":true,"valueName":"search_term_string"}}],"inLanguage":"es"},{"@type":"Organization","@id":"https:\/\/www.iplay.com\/en\/#organization","name":"IPlay","url":"https:\/\/www.iplay.com\/en\/","logo":{"@type":"ImageObject","inLanguage":"es","@id":"https:\/\/www.iplay.com\/en\/#\/schema\/logo\/image\/","url":"https:\/\/www.iplay.com\/wp-content\/uploads\/2023\/11\/Group-6100.svg","contentUrl":"https:\/\/www.iplay.com\/wp-content\/uploads\/2023\/11\/Group-6100.svg","width":98,"height":25,"caption":"IPlay"},"image":{"@id":"https:\/\/www.iplay.com\/en\/#\/schema\/logo\/image\/"}}]}},"_links":{"self":[{"href":"https:\/\/www.iplay.com\/es\/wp-json\/wp\/v2\/product\/127756","targetHints":{"allow":["GET"]}}],"collection":[{"href":"https:\/\/www.iplay.com\/es\/wp-json\/wp\/v2\/product"}],"about":[{"href":"https:\/\/www.iplay.com\/es\/wp-json\/wp\/v2\/types\/product"}],"author":[{"embeddable":true,"href":"https:\/\/www.iplay.com\/es\/wp-json\/wp\/v2\/users\/52"}],"replies":[{"embeddable":true,"href":"https:\/\/www.iplay.com\/es\/wp-json\/wp\/v2\/comments?post=127756"}],"wp:featuredmedia":[{"embeddable":true,"href":"https:\/\/www.iplay.com\/es\/wp-json\/wp\/v2\/media\/39034"}],"wp:attachment":[{"href":"https:\/\/www.iplay.com\/es\/wp-json\/wp\/v2\/media?parent=127756"}],"wp:term":[{"taxonomy":"product_brand","embeddable":true,"href":"https:\/\/www.iplay.com\/es\/wp-json\/wp\/v2\/product_brand?post=127756"},{"taxonomy":"product_cat","embeddable":true,"href":"https:\/\/www.iplay.com\/es\/wp-json\/wp\/v2\/product_cat?post=127756"},{"taxonomy":"product_tag","embeddable":true,"href":"https:\/\/www.iplay.com\/es\/wp-json\/wp\/v2\/product_tag?post=127756"}],"curies":[{"name":"wp","href":"https:\/\/api.w.org\/{rel}","templated":true}]}}