{"id":127718,"date":"2024-07-26T09:00:10","date_gmt":"2024-07-26T09:00:10","guid":{"rendered":"https:\/\/www.iplay.com\/games\/avalon-jewels\/"},"modified":"2024-07-26T09:00:10","modified_gmt":"2024-07-26T09:00:10","slug":"avalon-jewels","status":"publish","type":"product","link":"https:\/\/www.iplay.com\/es\/games\/avalon-jewels\/","title":{"rendered":"Avalon Jewels"},"content":{"rendered":"<p>\u00a1 <strong>Avalon Jewels<\/strong> ofrece una fant\u00e1stica experiencia de combinar 3! Se entra en la tierra m\u00edstica de Avalon, donde conviven la naturaleza y la magia. Nubes oscuras han comenzado a acumularse, causando preocupaci\u00f3n entre la poblaci\u00f3n. El terrible mago ha huido de la horrible Torre, dejando consigo horribles monstruos que ahora acechan en los bosques, poniendo en peligro la calma de Avalon.  <\/p>\n<p>El aprendiz de Merl\u00edn debe unirse a una misi\u00f3n para restaurar la paz con el poder de las Joyas de Avalon. Se exploran 250 niveles intrigantes, cada uno con gr\u00e1ficos impresionantes y aventuras encantadoras. Las habilidades m\u00e1gicas deben usarse para combinar gemas, recolectar Super Gemas y Gemas Arco\u00edris y superar desaf\u00edos dif\u00edciles. El modo relajado permite establecer la propia velocidad, mientras que el modo rompecabezas presenta un desaf\u00edo.   <\/p>\n<p>Se plantea la pregunta de si eres el h\u00e9roe que Avalon necesita. Hay que explorar las joyas de Avalon, donde cada partida te acerca m\u00e1s a la preservaci\u00f3n de la tierra. Este juego ofrece un equilibrio ideal entre placer y desaf\u00edo, lo que lo convierte en un juego imprescindible para los entusiastas de los juegos combinados. \u00a1Se debe comenzar un viaje incre\u00edble en Avalon Jewels para convertirse en el h\u00e9roe que liberar\u00e1 la tierra de la oscuridad!   <\/p>\n<p><strong>Funciones<\/strong><\/p>\n<ul>\n<li>Se deben jugar 250 niveles dif\u00edciles de combinar 3 y derrotar a 10 criaturas \u00fanicas para salvar a Avalon.<\/li>\n<li>El juego se puede jugar a tu propio ritmo en el modo relajado o desafiado con el modo rompecabezas.<\/li>\n<li>Es f\u00e1cil de jugar pero dif\u00edcil de dominar, con hermosos gr\u00e1ficos que dan vida a la magia de Avalon.<\/li>\n<\/ul>\n","protected":false},"excerpt":{"rendered":"<p>\u00a1Emb\u00e1rcate en una maravillosa b\u00fasqueda de combina 3 en <strong>Avalon Jewels<\/strong>!<\/p>\n","protected":false},"author":35,"featured_media":39007,"comment_status":"open","ping_status":"closed","template":"","meta":{"_acf_changed":false,"inline_featured_image":false},"product_brand":[],"product_cat":[178],"product_tag":[288],"class_list":{"0":"post-127718","1":"product","2":"type-product","3":"status-publish","4":"has-post-thumbnail","6":"product_cat-match-3-es","7":"product_tag-play-on-pc-es","9":"first","10":"instock","11":"shipping-taxable","12":"purchasable","13":"product-type-simple"},"acf":[],"yoast_head":"<!-- This site is optimized with the Yoast SEO Premium plugin v25.2 (Yoast SEO v25.2) - https:\/\/yoast.com\/wordpress\/plugins\/seo\/ -->\n<title>Joyas de Avalon - Misi\u00f3n de combina 3<\/title>\n<meta name=\"description\" content=\"\u00a1Emb\u00e1rcate en una maravillosa b\u00fasqueda de combina 3 en Avalon Jewels!\" \/>\n<meta name=\"robots\" content=\"index, follow, max-snippet:-1, max-image-preview:large, max-video-preview:-1\" \/>\n<link rel=\"canonical\" href=\"https:\/\/www.iplay.com\/es\/games\/avalon-jewels\/\" \/>\n<meta property=\"og:locale\" content=\"es_ES\" \/>\n<meta property=\"og:type\" content=\"article\" \/>\n<meta property=\"og:title\" content=\"Avalon Jewels\" \/>\n<meta property=\"og:description\" content=\"\u00a1Emb\u00e1rcate en una maravillosa b\u00fasqueda de combina 3 en Avalon Jewels!\" \/>\n<meta property=\"og:url\" content=\"https:\/\/www.iplay.com\/es\/games\/avalon-jewels\/\" \/>\n<meta property=\"og:site_name\" content=\"IPlay\" \/>\n<meta property=\"og:image\" content=\"https:\/\/www.iplay.com\/wp-content\/uploads\/2024\/09\/400x400-avalon_jewels_large_square_tile_image.webp\" \/>\n\t<meta property=\"og:image:width\" content=\"400\" \/>\n\t<meta property=\"og:image:height\" content=\"400\" \/>\n\t<meta property=\"og:image:type\" content=\"image\/webp\" \/>\n<meta name=\"twitter:card\" content=\"summary_large_image\" \/>\n<meta name=\"twitter:label1\" content=\"Est. reading time\" \/>\n\t<meta name=\"twitter:data1\" content=\"1 minuto\" \/>\n<script type=\"application\/ld+json\" class=\"yoast-schema-graph\">{\"@context\":\"https:\/\/schema.org\",\"@graph\":[{\"@type\":\"WebPage\",\"@id\":\"https:\/\/www.iplay.com\/es\/games\/avalon-jewels\/\",\"url\":\"https:\/\/www.iplay.com\/es\/games\/avalon-jewels\/\",\"name\":\"Joyas de Avalon - Misi\u00f3n de combina 3\",\"isPartOf\":{\"@id\":\"https:\/\/www.iplay.com\/en\/#website\"},\"primaryImageOfPage\":{\"@id\":\"https:\/\/www.iplay.com\/es\/games\/avalon-jewels\/#primaryimage\"},\"image\":{\"@id\":\"https:\/\/www.iplay.com\/es\/games\/avalon-jewels\/#primaryimage\"},\"thumbnailUrl\":\"https:\/\/www.iplay.com\/wp-content\/uploads\/2024\/09\/400x400-avalon_jewels_large_square_tile_image.webp\",\"datePublished\":\"2024-07-26T09:00:10+00:00\",\"description\":\"\u00a1Emb\u00e1rcate en una maravillosa b\u00fasqueda de combina 3 en Avalon Jewels!\",\"breadcrumb\":{\"@id\":\"https:\/\/www.iplay.com\/es\/games\/avalon-jewels\/#breadcrumb\"},\"inLanguage\":\"es\",\"potentialAction\":[{\"@type\":\"ReadAction\",\"target\":[\"https:\/\/www.iplay.com\/es\/games\/avalon-jewels\/\"]}]},{\"@type\":\"ImageObject\",\"inLanguage\":\"es\",\"@id\":\"https:\/\/www.iplay.com\/es\/games\/avalon-jewels\/#primaryimage\",\"url\":\"https:\/\/www.iplay.com\/wp-content\/uploads\/2024\/09\/400x400-avalon_jewels_large_square_tile_image.webp\",\"contentUrl\":\"https:\/\/www.iplay.com\/wp-content\/uploads\/2024\/09\/400x400-avalon_jewels_large_square_tile_image.webp\",\"width\":400,\"height\":400},{\"@type\":\"BreadcrumbList\",\"@id\":\"https:\/\/www.iplay.com\/es\/games\/avalon-jewels\/#breadcrumb\",\"itemListElement\":[{\"@type\":\"ListItem\",\"position\":1,\"name\":\"Home\",\"item\":\"https:\/\/www.iplay.com\/es\/home-page-2\/\"},{\"@type\":\"ListItem\",\"position\":2,\"name\":\"Shop\",\"item\":\"https:\/\/www.iplay.com\/en\/shop\/\"},{\"@type\":\"ListItem\",\"position\":3,\"name\":\"Avalon Jewels\"}]},{\"@type\":\"WebSite\",\"@id\":\"https:\/\/www.iplay.com\/en\/#website\",\"url\":\"https:\/\/www.iplay.com\/en\/\",\"name\":\"IPlay\",\"description\":\"The Best Casual Games!\",\"publisher\":{\"@id\":\"https:\/\/www.iplay.com\/en\/#organization\"},\"potentialAction\":[{\"@type\":\"SearchAction\",\"target\":{\"@type\":\"EntryPoint\",\"urlTemplate\":\"https:\/\/www.iplay.com\/en\/?s={search_term_string}\"},\"query-input\":{\"@type\":\"PropertyValueSpecification\",\"valueRequired\":true,\"valueName\":\"search_term_string\"}}],\"inLanguage\":\"es\"},{\"@type\":\"Organization\",\"@id\":\"https:\/\/www.iplay.com\/en\/#organization\",\"name\":\"IPlay\",\"url\":\"https:\/\/www.iplay.com\/en\/\",\"logo\":{\"@type\":\"ImageObject\",\"inLanguage\":\"es\",\"@id\":\"https:\/\/www.iplay.com\/en\/#\/schema\/logo\/image\/\",\"url\":\"https:\/\/www.iplay.com\/wp-content\/uploads\/2023\/11\/Group-6100.svg\",\"contentUrl\":\"https:\/\/www.iplay.com\/wp-content\/uploads\/2023\/11\/Group-6100.svg\",\"width\":98,\"height\":25,\"caption\":\"IPlay\"},\"image\":{\"@id\":\"https:\/\/www.iplay.com\/en\/#\/schema\/logo\/image\/\"}}]}<\/script>\n<!-- \/ Yoast SEO Premium plugin. -->","yoast_head_json":{"title":"Joyas de Avalon - Misi\u00f3n de combina 3","description":"\u00a1Emb\u00e1rcate en una maravillosa b\u00fasqueda de combina 3 en Avalon Jewels!","robots":{"index":"index","follow":"follow","max-snippet":"max-snippet:-1","max-image-preview":"max-image-preview:large","max-video-preview":"max-video-preview:-1"},"canonical":"https:\/\/www.iplay.com\/es\/games\/avalon-jewels\/","og_locale":"es_ES","og_type":"article","og_title":"Avalon Jewels","og_description":"\u00a1Emb\u00e1rcate en una maravillosa b\u00fasqueda de combina 3 en Avalon Jewels!","og_url":"https:\/\/www.iplay.com\/es\/games\/avalon-jewels\/","og_site_name":"IPlay","og_image":[{"width":400,"height":400,"url":"https:\/\/www.iplay.com\/wp-content\/uploads\/2024\/09\/400x400-avalon_jewels_large_square_tile_image.webp","type":"image\/webp"}],"twitter_card":"summary_large_image","twitter_misc":{"Est. reading time":"1 minuto"},"schema":{"@context":"https:\/\/schema.org","@graph":[{"@type":"WebPage","@id":"https:\/\/www.iplay.com\/es\/games\/avalon-jewels\/","url":"https:\/\/www.iplay.com\/es\/games\/avalon-jewels\/","name":"Joyas de Avalon - Misi\u00f3n de combina 3","isPartOf":{"@id":"https:\/\/www.iplay.com\/en\/#website"},"primaryImageOfPage":{"@id":"https:\/\/www.iplay.com\/es\/games\/avalon-jewels\/#primaryimage"},"image":{"@id":"https:\/\/www.iplay.com\/es\/games\/avalon-jewels\/#primaryimage"},"thumbnailUrl":"https:\/\/www.iplay.com\/wp-content\/uploads\/2024\/09\/400x400-avalon_jewels_large_square_tile_image.webp","datePublished":"2024-07-26T09:00:10+00:00","description":"\u00a1Emb\u00e1rcate en una maravillosa b\u00fasqueda de combina 3 en Avalon Jewels!","breadcrumb":{"@id":"https:\/\/www.iplay.com\/es\/games\/avalon-jewels\/#breadcrumb"},"inLanguage":"es","potentialAction":[{"@type":"ReadAction","target":["https:\/\/www.iplay.com\/es\/games\/avalon-jewels\/"]}]},{"@type":"ImageObject","inLanguage":"es","@id":"https:\/\/www.iplay.com\/es\/games\/avalon-jewels\/#primaryimage","url":"https:\/\/www.iplay.com\/wp-content\/uploads\/2024\/09\/400x400-avalon_jewels_large_square_tile_image.webp","contentUrl":"https:\/\/www.iplay.com\/wp-content\/uploads\/2024\/09\/400x400-avalon_jewels_large_square_tile_image.webp","width":400,"height":400},{"@type":"BreadcrumbList","@id":"https:\/\/www.iplay.com\/es\/games\/avalon-jewels\/#breadcrumb","itemListElement":[{"@type":"ListItem","position":1,"name":"Home","item":"https:\/\/www.iplay.com\/es\/home-page-2\/"},{"@type":"ListItem","position":2,"name":"Shop","item":"https:\/\/www.iplay.com\/en\/shop\/"},{"@type":"ListItem","position":3,"name":"Avalon Jewels"}]},{"@type":"WebSite","@id":"https:\/\/www.iplay.com\/en\/#website","url":"https:\/\/www.iplay.com\/en\/","name":"IPlay","description":"The Best Casual Games!","publisher":{"@id":"https:\/\/www.iplay.com\/en\/#organization"},"potentialAction":[{"@type":"SearchAction","target":{"@type":"EntryPoint","urlTemplate":"https:\/\/www.iplay.com\/en\/?s={search_term_string}"},"query-input":{"@type":"PropertyValueSpecification","valueRequired":true,"valueName":"search_term_string"}}],"inLanguage":"es"},{"@type":"Organization","@id":"https:\/\/www.iplay.com\/en\/#organization","name":"IPlay","url":"https:\/\/www.iplay.com\/en\/","logo":{"@type":"ImageObject","inLanguage":"es","@id":"https:\/\/www.iplay.com\/en\/#\/schema\/logo\/image\/","url":"https:\/\/www.iplay.com\/wp-content\/uploads\/2023\/11\/Group-6100.svg","contentUrl":"https:\/\/www.iplay.com\/wp-content\/uploads\/2023\/11\/Group-6100.svg","width":98,"height":25,"caption":"IPlay"},"image":{"@id":"https:\/\/www.iplay.com\/en\/#\/schema\/logo\/image\/"}}]}},"_links":{"self":[{"href":"https:\/\/www.iplay.com\/es\/wp-json\/wp\/v2\/product\/127718","targetHints":{"allow":["GET"]}}],"collection":[{"href":"https:\/\/www.iplay.com\/es\/wp-json\/wp\/v2\/product"}],"about":[{"href":"https:\/\/www.iplay.com\/es\/wp-json\/wp\/v2\/types\/product"}],"author":[{"embeddable":true,"href":"https:\/\/www.iplay.com\/es\/wp-json\/wp\/v2\/users\/35"}],"replies":[{"embeddable":true,"href":"https:\/\/www.iplay.com\/es\/wp-json\/wp\/v2\/comments?post=127718"}],"wp:featuredmedia":[{"embeddable":true,"href":"https:\/\/www.iplay.com\/es\/wp-json\/wp\/v2\/media\/39007"}],"wp:attachment":[{"href":"https:\/\/www.iplay.com\/es\/wp-json\/wp\/v2\/media?parent=127718"}],"wp:term":[{"taxonomy":"product_brand","embeddable":true,"href":"https:\/\/www.iplay.com\/es\/wp-json\/wp\/v2\/product_brand?post=127718"},{"taxonomy":"product_cat","embeddable":true,"href":"https:\/\/www.iplay.com\/es\/wp-json\/wp\/v2\/product_cat?post=127718"},{"taxonomy":"product_tag","embeddable":true,"href":"https:\/\/www.iplay.com\/es\/wp-json\/wp\/v2\/product_tag?post=127718"}],"curies":[{"name":"wp","href":"https:\/\/api.w.org\/{rel}","templated":true}]}}