{"id":127714,"date":"2024-07-19T08:30:40","date_gmt":"2024-07-19T08:30:40","guid":{"rendered":"https:\/\/www.iplay.com\/games\/regency-solitaire-ii-collectors-edition\/"},"modified":"2024-07-19T08:30:40","modified_gmt":"2024-07-19T08:30:40","slug":"regency-solitaire-ii-collectors-edition","status":"publish","type":"product","link":"https:\/\/www.iplay.com\/es\/games\/regency-solitaire-ii-collectors-edition\/","title":{"rendered":"Regency Solitaire II &#8211; Collector&#8217;s Edition"},"content":{"rendered":"<p>En esta encantadora secuela de solitario, se ofrece un regreso a la rom\u00e1ntica Gran Breta\u00f1a de la Regencia, donde se puede crear un magn\u00edfico jard\u00edn. Esta experiencia ha sido desarrollada por los dise\u00f1adores del popular juego de cartas casual, Regency Solitaire. Las cartas se jugar\u00e1n h\u00e1bilmente a medida que se visitan destinos imperdibles en toda Gran Breta\u00f1a, que van desde majestuosas casas hasta extensos jardines y atracciones culturales. Una compleja red de secretos familiares debe resolverse para ayudar a Bella a silenciar los rumores y organizar la velada m\u00e1s esperada de la temporada. El proyecto de cambio de imagen desbloquear\u00e1 elementos de juego, incluidos niveles adicionales de &#8216;Collector&#8217;s Edition&#8217; y una historia de amor. \u00a1La fiesta m\u00e1s comentada no debe perderse!     <\/p>\n<p><strong>Funciones<\/strong><\/p>\n<ul>\n<li>El jard\u00edn y el traje de Bella se pueden redise\u00f1ar.<\/li>\n<li>Tanto los personajes nuevos como los conocidos aparecen en la historia.<\/li>\n<li>Se incluyen 160 niveles \u00fanicos en 18 cap\u00edtulos, con 66 niveles de bonificaci\u00f3n.<\/li>\n<li>Se pueden desbloquear numerosas y emocionantes mejoras en el juego.<\/li>\n<li>Los fondos se pueden establecer como fondo de escritorio.<\/li>\n<\/ul>\n","protected":false},"excerpt":{"rendered":"<p>\u00danete a la celebraci\u00f3n de la que tanto se habla con <strong>Regency Solitaire II Collector&#8217;s Edition<\/strong><\/p>\n","protected":false},"author":228,"featured_media":117857,"comment_status":"open","ping_status":"closed","template":"","meta":{"_acf_changed":false,"inline_featured_image":false},"product_brand":[],"product_cat":[154,209],"product_tag":[288,354],"class_list":{"0":"post-127714","1":"product","2":"type-product","3":"status-publish","4":"has-post-thumbnail","6":"product_cat-card-es","7":"product_cat-solitaire-es","8":"product_tag-play-on-pc-es","9":"product_tag-valentines-day-es-2","11":"first","12":"instock","13":"shipping-taxable","14":"purchasable","15":"product-type-simple"},"acf":[],"yoast_head":"<!-- This site is optimized with the Yoast SEO Premium plugin v25.2 (Yoast SEO v25.2) - https:\/\/yoast.com\/wordpress\/plugins\/seo\/ -->\n<title>Regency Solitaire II - Edici\u00f3n Coleccionista - Juega en Iplau<\/title>\n<meta name=\"description\" content=\"\u00danete a la celebraci\u00f3n de la que tanto se habla con Regency Solitaire II Collector&#039;s Edition\" \/>\n<meta name=\"robots\" content=\"index, follow, max-snippet:-1, max-image-preview:large, max-video-preview:-1\" \/>\n<link rel=\"canonical\" href=\"https:\/\/www.iplay.com\/es\/games\/regency-solitaire-ii-collectors-edition\/\" \/>\n<meta property=\"og:locale\" content=\"es_ES\" \/>\n<meta property=\"og:type\" content=\"article\" \/>\n<meta property=\"og:title\" content=\"Regency Solitaire II - Collector&#039;s Edition\" \/>\n<meta property=\"og:description\" content=\"\u00danete a la celebraci\u00f3n de la que tanto se habla con Regency Solitaire II Collector&#039;s Edition\" \/>\n<meta property=\"og:url\" content=\"https:\/\/www.iplay.com\/es\/games\/regency-solitaire-ii-collectors-edition\/\" \/>\n<meta property=\"og:site_name\" content=\"IPlay\" \/>\n<meta property=\"og:image\" content=\"https:\/\/www.iplay.com\/wp-content\/uploads\/2024\/07\/Regency-Solitaire-II-CE_large_square_tile_image.webp\" \/>\n\t<meta property=\"og:image:width\" content=\"715\" \/>\n\t<meta property=\"og:image:height\" content=\"485\" \/>\n\t<meta property=\"og:image:type\" content=\"image\/webp\" \/>\n<meta name=\"twitter:card\" content=\"summary_large_image\" \/>\n<meta name=\"twitter:label1\" content=\"Est. reading time\" \/>\n\t<meta name=\"twitter:data1\" content=\"1 minuto\" \/>\n<script type=\"application\/ld+json\" class=\"yoast-schema-graph\">{\"@context\":\"https:\/\/schema.org\",\"@graph\":[{\"@type\":\"WebPage\",\"@id\":\"https:\/\/www.iplay.com\/es\/games\/regency-solitaire-ii-collectors-edition\/\",\"url\":\"https:\/\/www.iplay.com\/es\/games\/regency-solitaire-ii-collectors-edition\/\",\"name\":\"Regency Solitaire II - Edici\u00f3n Coleccionista - Juega en Iplau\",\"isPartOf\":{\"@id\":\"https:\/\/www.iplay.com\/en\/#website\"},\"primaryImageOfPage\":{\"@id\":\"https:\/\/www.iplay.com\/es\/games\/regency-solitaire-ii-collectors-edition\/#primaryimage\"},\"image\":{\"@id\":\"https:\/\/www.iplay.com\/es\/games\/regency-solitaire-ii-collectors-edition\/#primaryimage\"},\"thumbnailUrl\":\"https:\/\/www.iplay.com\/wp-content\/uploads\/2024\/07\/Regency-Solitaire-II-CE_large_square_tile_image.webp\",\"datePublished\":\"2024-07-19T08:30:40+00:00\",\"description\":\"\u00danete a la celebraci\u00f3n de la que tanto se habla con Regency Solitaire II Collector's Edition\",\"breadcrumb\":{\"@id\":\"https:\/\/www.iplay.com\/es\/games\/regency-solitaire-ii-collectors-edition\/#breadcrumb\"},\"inLanguage\":\"es\",\"potentialAction\":[{\"@type\":\"ReadAction\",\"target\":[\"https:\/\/www.iplay.com\/es\/games\/regency-solitaire-ii-collectors-edition\/\"]}]},{\"@type\":\"ImageObject\",\"inLanguage\":\"es\",\"@id\":\"https:\/\/www.iplay.com\/es\/games\/regency-solitaire-ii-collectors-edition\/#primaryimage\",\"url\":\"https:\/\/www.iplay.com\/wp-content\/uploads\/2024\/07\/Regency-Solitaire-II-CE_large_square_tile_image.webp\",\"contentUrl\":\"https:\/\/www.iplay.com\/wp-content\/uploads\/2024\/07\/Regency-Solitaire-II-CE_large_square_tile_image.webp\",\"width\":715,\"height\":485},{\"@type\":\"BreadcrumbList\",\"@id\":\"https:\/\/www.iplay.com\/es\/games\/regency-solitaire-ii-collectors-edition\/#breadcrumb\",\"itemListElement\":[{\"@type\":\"ListItem\",\"position\":1,\"name\":\"Home\",\"item\":\"https:\/\/www.iplay.com\/es\/home-page-2\/\"},{\"@type\":\"ListItem\",\"position\":2,\"name\":\"Shop\",\"item\":\"https:\/\/www.iplay.com\/en\/shop\/\"},{\"@type\":\"ListItem\",\"position\":3,\"name\":\"Regency Solitaire II &#8211; Collector&#8217;s Edition\"}]},{\"@type\":\"WebSite\",\"@id\":\"https:\/\/www.iplay.com\/en\/#website\",\"url\":\"https:\/\/www.iplay.com\/en\/\",\"name\":\"IPlay\",\"description\":\"The Best Casual Games!\",\"publisher\":{\"@id\":\"https:\/\/www.iplay.com\/en\/#organization\"},\"potentialAction\":[{\"@type\":\"SearchAction\",\"target\":{\"@type\":\"EntryPoint\",\"urlTemplate\":\"https:\/\/www.iplay.com\/en\/?s={search_term_string}\"},\"query-input\":{\"@type\":\"PropertyValueSpecification\",\"valueRequired\":true,\"valueName\":\"search_term_string\"}}],\"inLanguage\":\"es\"},{\"@type\":\"Organization\",\"@id\":\"https:\/\/www.iplay.com\/en\/#organization\",\"name\":\"IPlay\",\"url\":\"https:\/\/www.iplay.com\/en\/\",\"logo\":{\"@type\":\"ImageObject\",\"inLanguage\":\"es\",\"@id\":\"https:\/\/www.iplay.com\/en\/#\/schema\/logo\/image\/\",\"url\":\"https:\/\/www.iplay.com\/wp-content\/uploads\/2023\/11\/Group-6100.svg\",\"contentUrl\":\"https:\/\/www.iplay.com\/wp-content\/uploads\/2023\/11\/Group-6100.svg\",\"width\":98,\"height\":25,\"caption\":\"IPlay\"},\"image\":{\"@id\":\"https:\/\/www.iplay.com\/en\/#\/schema\/logo\/image\/\"}}]}<\/script>\n<!-- \/ Yoast SEO Premium plugin. -->","yoast_head_json":{"title":"Regency Solitaire II - Edici\u00f3n Coleccionista - Juega en Iplau","description":"\u00danete a la celebraci\u00f3n de la que tanto se habla con Regency Solitaire II Collector's Edition","robots":{"index":"index","follow":"follow","max-snippet":"max-snippet:-1","max-image-preview":"max-image-preview:large","max-video-preview":"max-video-preview:-1"},"canonical":"https:\/\/www.iplay.com\/es\/games\/regency-solitaire-ii-collectors-edition\/","og_locale":"es_ES","og_type":"article","og_title":"Regency Solitaire II - Collector's Edition","og_description":"\u00danete a la celebraci\u00f3n de la que tanto se habla con Regency Solitaire II Collector's Edition","og_url":"https:\/\/www.iplay.com\/es\/games\/regency-solitaire-ii-collectors-edition\/","og_site_name":"IPlay","og_image":[{"width":715,"height":485,"url":"https:\/\/www.iplay.com\/wp-content\/uploads\/2024\/07\/Regency-Solitaire-II-CE_large_square_tile_image.webp","type":"image\/webp"}],"twitter_card":"summary_large_image","twitter_misc":{"Est. reading time":"1 minuto"},"schema":{"@context":"https:\/\/schema.org","@graph":[{"@type":"WebPage","@id":"https:\/\/www.iplay.com\/es\/games\/regency-solitaire-ii-collectors-edition\/","url":"https:\/\/www.iplay.com\/es\/games\/regency-solitaire-ii-collectors-edition\/","name":"Regency Solitaire II - Edici\u00f3n Coleccionista - Juega en Iplau","isPartOf":{"@id":"https:\/\/www.iplay.com\/en\/#website"},"primaryImageOfPage":{"@id":"https:\/\/www.iplay.com\/es\/games\/regency-solitaire-ii-collectors-edition\/#primaryimage"},"image":{"@id":"https:\/\/www.iplay.com\/es\/games\/regency-solitaire-ii-collectors-edition\/#primaryimage"},"thumbnailUrl":"https:\/\/www.iplay.com\/wp-content\/uploads\/2024\/07\/Regency-Solitaire-II-CE_large_square_tile_image.webp","datePublished":"2024-07-19T08:30:40+00:00","description":"\u00danete a la celebraci\u00f3n de la que tanto se habla con Regency Solitaire II Collector's Edition","breadcrumb":{"@id":"https:\/\/www.iplay.com\/es\/games\/regency-solitaire-ii-collectors-edition\/#breadcrumb"},"inLanguage":"es","potentialAction":[{"@type":"ReadAction","target":["https:\/\/www.iplay.com\/es\/games\/regency-solitaire-ii-collectors-edition\/"]}]},{"@type":"ImageObject","inLanguage":"es","@id":"https:\/\/www.iplay.com\/es\/games\/regency-solitaire-ii-collectors-edition\/#primaryimage","url":"https:\/\/www.iplay.com\/wp-content\/uploads\/2024\/07\/Regency-Solitaire-II-CE_large_square_tile_image.webp","contentUrl":"https:\/\/www.iplay.com\/wp-content\/uploads\/2024\/07\/Regency-Solitaire-II-CE_large_square_tile_image.webp","width":715,"height":485},{"@type":"BreadcrumbList","@id":"https:\/\/www.iplay.com\/es\/games\/regency-solitaire-ii-collectors-edition\/#breadcrumb","itemListElement":[{"@type":"ListItem","position":1,"name":"Home","item":"https:\/\/www.iplay.com\/es\/home-page-2\/"},{"@type":"ListItem","position":2,"name":"Shop","item":"https:\/\/www.iplay.com\/en\/shop\/"},{"@type":"ListItem","position":3,"name":"Regency Solitaire II &#8211; Collector&#8217;s Edition"}]},{"@type":"WebSite","@id":"https:\/\/www.iplay.com\/en\/#website","url":"https:\/\/www.iplay.com\/en\/","name":"IPlay","description":"The Best Casual Games!","publisher":{"@id":"https:\/\/www.iplay.com\/en\/#organization"},"potentialAction":[{"@type":"SearchAction","target":{"@type":"EntryPoint","urlTemplate":"https:\/\/www.iplay.com\/en\/?s={search_term_string}"},"query-input":{"@type":"PropertyValueSpecification","valueRequired":true,"valueName":"search_term_string"}}],"inLanguage":"es"},{"@type":"Organization","@id":"https:\/\/www.iplay.com\/en\/#organization","name":"IPlay","url":"https:\/\/www.iplay.com\/en\/","logo":{"@type":"ImageObject","inLanguage":"es","@id":"https:\/\/www.iplay.com\/en\/#\/schema\/logo\/image\/","url":"https:\/\/www.iplay.com\/wp-content\/uploads\/2023\/11\/Group-6100.svg","contentUrl":"https:\/\/www.iplay.com\/wp-content\/uploads\/2023\/11\/Group-6100.svg","width":98,"height":25,"caption":"IPlay"},"image":{"@id":"https:\/\/www.iplay.com\/en\/#\/schema\/logo\/image\/"}}]}},"_links":{"self":[{"href":"https:\/\/www.iplay.com\/es\/wp-json\/wp\/v2\/product\/127714","targetHints":{"allow":["GET"]}}],"collection":[{"href":"https:\/\/www.iplay.com\/es\/wp-json\/wp\/v2\/product"}],"about":[{"href":"https:\/\/www.iplay.com\/es\/wp-json\/wp\/v2\/types\/product"}],"author":[{"embeddable":true,"href":"https:\/\/www.iplay.com\/es\/wp-json\/wp\/v2\/users\/228"}],"replies":[{"embeddable":true,"href":"https:\/\/www.iplay.com\/es\/wp-json\/wp\/v2\/comments?post=127714"}],"wp:featuredmedia":[{"embeddable":true,"href":"https:\/\/www.iplay.com\/es\/wp-json\/wp\/v2\/media\/117857"}],"wp:attachment":[{"href":"https:\/\/www.iplay.com\/es\/wp-json\/wp\/v2\/media?parent=127714"}],"wp:term":[{"taxonomy":"product_brand","embeddable":true,"href":"https:\/\/www.iplay.com\/es\/wp-json\/wp\/v2\/product_brand?post=127714"},{"taxonomy":"product_cat","embeddable":true,"href":"https:\/\/www.iplay.com\/es\/wp-json\/wp\/v2\/product_cat?post=127714"},{"taxonomy":"product_tag","embeddable":true,"href":"https:\/\/www.iplay.com\/es\/wp-json\/wp\/v2\/product_tag?post=127714"}],"curies":[{"name":"wp","href":"https:\/\/api.w.org\/{rel}","templated":true}]}}