{"id":127663,"date":"2024-08-30T09:22:31","date_gmt":"2024-08-30T09:22:31","guid":{"rendered":"https:\/\/www.iplay.com\/games\/match-marbles-10\/"},"modified":"2025-08-21T17:10:20","modified_gmt":"2025-08-21T17:10:20","slug":"match-marbles-10","status":"publish","type":"product","link":"https:\/\/www.iplay.com\/es\/games\/match-marbles-10\/","title":{"rendered":"Match Marbles 10"},"content":{"rendered":"<p>Un mundo m\u00e1gico lleno de encantadoras bonificaciones de juego est\u00e1 listo para ser explorado, ofreciendo a los jugadores una aventura cautivadora llena de desaf\u00edos y recompensas. La tarea en cuesti\u00f3n consiste en resolver intrincados acertijos repartidos por este m\u00edstico planeta, donde cada movimiento pone a prueba tus habilidades t\u00e1cticas y agudiza tu intelecto. La nueva funci\u00f3n de carrusel a\u00f1ade una nueva capa de emoci\u00f3n: cada vez que un orbe cae en una celda abierta del carrusel, todo el mecanismo gira, creando una jugabilidad din\u00e1mica e impredecible.  <\/p>\n<p>En este juego, la ausencia de un temporizador garantiza una experiencia relajada y sin prisas, lo que te permite sumergirte por completo en el viaje sin la presi\u00f3n del reloj.<\/p>\n<p>&nbsp;<\/p>\n<p><strong>Caracter\u00edsticas principales<\/strong><\/p>\n<ul>\n<li><em>Innovadora mec\u00e1nica de carrusel:<\/em> La adici\u00f3n del carrusel aporta un giro \u00fanico a la jugabilidad, ofreciendo nuevas posibilidades estrat\u00e9gicas y desaf\u00edos a medida que gira con cada colocaci\u00f3n de orbes.<\/li>\n<li><em>Profundidad estrat\u00e9gica:<\/em> Se debe emplear una variedad de t\u00e1cticas para navegar con \u00e9xito a trav\u00e9s de los niveles, lo que hace que cada rompecabezas sea una prueba atractiva de su pensamiento estrat\u00e9gico.<\/li>\n<li><em>Banda sonora relajante<\/em>: la m\u00fasica tranquila y centrada en el ambiente mejora la experiencia de juego, proporcionando un fondo relajante mientras exploras el mundo m\u00e1gico.<\/li>\n<li><em>135 niveles desafiantes:<\/em> Con 135 niveles dise\u00f1ados para desafiar e involucrar, los jugadores pueden disfrutar de horas de resoluci\u00f3n de acertijos sin la restricci\u00f3n de l\u00edmites de tiempo, lo que garantiza una experiencia sin estr\u00e9s.<\/li>\n<\/ul>\n<p>&nbsp;<\/p>\n<p>Este juego ha sido cuidadosamente dise\u00f1ado para atraer tanto a los jugadores ocasionales que buscan un pasatiempo relajante como a los jugadores m\u00e1s experimentados que buscan resolver acertijos complejos. La combinaci\u00f3n de juego estrat\u00e9gico, m\u00fasica serena y la innovadora funci\u00f3n de carrusel crea una experiencia que es a la vez agradable y mentalmente estimulante. Ya sea que est\u00e9 en \u00e9l para una sesi\u00f3n de juego r\u00e1pida o una aventura prolongada, este mundo m\u00e1gico promete brindar interminables horas de entretenimiento.<\/p>\n","protected":false},"excerpt":{"rendered":"<p>Disfruta de Match Marbles 10, el pr\u00f3ximo juego de esta popular serie<\/p>\n","protected":false},"author":23,"featured_media":39030,"comment_status":"open","ping_status":"closed","template":"","meta":{"_acf_changed":false,"inline_featured_image":false},"product_brand":[],"product_cat":[178],"product_tag":[288],"class_list":{"0":"post-127663","1":"product","2":"type-product","3":"status-publish","4":"has-post-thumbnail","6":"product_cat-match-3-es","7":"product_tag-play-on-pc-es","9":"first","10":"instock","11":"shipping-taxable","12":"purchasable","13":"product-type-simple"},"acf":[],"yoast_head":"<!-- This site is optimized with the Yoast SEO Premium plugin v25.2 (Yoast SEO v25.2) - https:\/\/yoast.com\/wordpress\/plugins\/seo\/ -->\n<title>Disfruta de Match Marbles 10, el pr\u00f3ximo juego de esta popular serie<\/title>\n<meta name=\"description\" content=\"Disfruta de Match Marbles 10, el pr\u00f3ximo juego de esta popular serie\" \/>\n<meta name=\"robots\" content=\"index, follow, max-snippet:-1, max-image-preview:large, max-video-preview:-1\" \/>\n<link rel=\"canonical\" href=\"https:\/\/www.iplay.com\/es\/games\/match-marbles-10\/\" \/>\n<meta property=\"og:locale\" content=\"es_ES\" \/>\n<meta property=\"og:type\" content=\"article\" \/>\n<meta property=\"og:title\" content=\"Match Marbles 10\" \/>\n<meta property=\"og:description\" content=\"Disfruta de Match Marbles 10, el pr\u00f3ximo juego de esta popular serie\" \/>\n<meta property=\"og:url\" content=\"https:\/\/www.iplay.com\/es\/games\/match-marbles-10\/\" \/>\n<meta property=\"og:site_name\" content=\"IPlay\" \/>\n<meta property=\"article:modified_time\" content=\"2025-08-21T17:10:20+00:00\" \/>\n<meta property=\"og:image\" content=\"https:\/\/www.iplay.com\/wp-content\/uploads\/2024\/09\/400x400-match_marbles_10_large_square_tile_image.webp\" \/>\n\t<meta property=\"og:image:width\" content=\"400\" \/>\n\t<meta property=\"og:image:height\" content=\"400\" \/>\n\t<meta property=\"og:image:type\" content=\"image\/webp\" \/>\n<meta name=\"twitter:card\" content=\"summary_large_image\" \/>\n<meta name=\"twitter:label1\" content=\"Est. reading time\" \/>\n\t<meta name=\"twitter:data1\" content=\"2 minutos\" \/>\n<script type=\"application\/ld+json\" class=\"yoast-schema-graph\">{\"@context\":\"https:\/\/schema.org\",\"@graph\":[{\"@type\":\"WebPage\",\"@id\":\"https:\/\/www.iplay.com\/es\/games\/match-marbles-10\/\",\"url\":\"https:\/\/www.iplay.com\/es\/games\/match-marbles-10\/\",\"name\":\"Disfruta de Match Marbles 10, el pr\u00f3ximo juego de esta popular serie\",\"isPartOf\":{\"@id\":\"https:\/\/www.iplay.com\/en\/#website\"},\"primaryImageOfPage\":{\"@id\":\"https:\/\/www.iplay.com\/es\/games\/match-marbles-10\/#primaryimage\"},\"image\":{\"@id\":\"https:\/\/www.iplay.com\/es\/games\/match-marbles-10\/#primaryimage\"},\"thumbnailUrl\":\"https:\/\/www.iplay.com\/wp-content\/uploads\/2024\/09\/400x400-match_marbles_10_large_square_tile_image.webp\",\"datePublished\":\"2024-08-30T09:22:31+00:00\",\"dateModified\":\"2025-08-21T17:10:20+00:00\",\"description\":\"Disfruta de Match Marbles 10, el pr\u00f3ximo juego de esta popular serie\",\"breadcrumb\":{\"@id\":\"https:\/\/www.iplay.com\/es\/games\/match-marbles-10\/#breadcrumb\"},\"inLanguage\":\"es\",\"potentialAction\":[{\"@type\":\"ReadAction\",\"target\":[\"https:\/\/www.iplay.com\/es\/games\/match-marbles-10\/\"]}]},{\"@type\":\"ImageObject\",\"inLanguage\":\"es\",\"@id\":\"https:\/\/www.iplay.com\/es\/games\/match-marbles-10\/#primaryimage\",\"url\":\"https:\/\/www.iplay.com\/wp-content\/uploads\/2024\/09\/400x400-match_marbles_10_large_square_tile_image.webp\",\"contentUrl\":\"https:\/\/www.iplay.com\/wp-content\/uploads\/2024\/09\/400x400-match_marbles_10_large_square_tile_image.webp\",\"width\":400,\"height\":400},{\"@type\":\"BreadcrumbList\",\"@id\":\"https:\/\/www.iplay.com\/es\/games\/match-marbles-10\/#breadcrumb\",\"itemListElement\":[{\"@type\":\"ListItem\",\"position\":1,\"name\":\"Home\",\"item\":\"https:\/\/www.iplay.com\/es\/home-page-2\/\"},{\"@type\":\"ListItem\",\"position\":2,\"name\":\"Shop\",\"item\":\"https:\/\/www.iplay.com\/en\/shop\/\"},{\"@type\":\"ListItem\",\"position\":3,\"name\":\"Match Marbles 10\"}]},{\"@type\":\"WebSite\",\"@id\":\"https:\/\/www.iplay.com\/en\/#website\",\"url\":\"https:\/\/www.iplay.com\/en\/\",\"name\":\"IPlay\",\"description\":\"The Best Casual Games!\",\"publisher\":{\"@id\":\"https:\/\/www.iplay.com\/en\/#organization\"},\"potentialAction\":[{\"@type\":\"SearchAction\",\"target\":{\"@type\":\"EntryPoint\",\"urlTemplate\":\"https:\/\/www.iplay.com\/en\/?s={search_term_string}\"},\"query-input\":{\"@type\":\"PropertyValueSpecification\",\"valueRequired\":true,\"valueName\":\"search_term_string\"}}],\"inLanguage\":\"es\"},{\"@type\":\"Organization\",\"@id\":\"https:\/\/www.iplay.com\/en\/#organization\",\"name\":\"IPlay\",\"url\":\"https:\/\/www.iplay.com\/en\/\",\"logo\":{\"@type\":\"ImageObject\",\"inLanguage\":\"es\",\"@id\":\"https:\/\/www.iplay.com\/en\/#\/schema\/logo\/image\/\",\"url\":\"https:\/\/www.iplay.com\/wp-content\/uploads\/2023\/11\/Group-6100.svg\",\"contentUrl\":\"https:\/\/www.iplay.com\/wp-content\/uploads\/2023\/11\/Group-6100.svg\",\"width\":98,\"height\":25,\"caption\":\"IPlay\"},\"image\":{\"@id\":\"https:\/\/www.iplay.com\/en\/#\/schema\/logo\/image\/\"}}]}<\/script>\n<!-- \/ Yoast SEO Premium plugin. -->","yoast_head_json":{"title":"Disfruta de Match Marbles 10, el pr\u00f3ximo juego de esta popular serie","description":"Disfruta de Match Marbles 10, el pr\u00f3ximo juego de esta popular serie","robots":{"index":"index","follow":"follow","max-snippet":"max-snippet:-1","max-image-preview":"max-image-preview:large","max-video-preview":"max-video-preview:-1"},"canonical":"https:\/\/www.iplay.com\/es\/games\/match-marbles-10\/","og_locale":"es_ES","og_type":"article","og_title":"Match Marbles 10","og_description":"Disfruta de Match Marbles 10, el pr\u00f3ximo juego de esta popular serie","og_url":"https:\/\/www.iplay.com\/es\/games\/match-marbles-10\/","og_site_name":"IPlay","article_modified_time":"2025-08-21T17:10:20+00:00","og_image":[{"width":400,"height":400,"url":"https:\/\/www.iplay.com\/wp-content\/uploads\/2024\/09\/400x400-match_marbles_10_large_square_tile_image.webp","type":"image\/webp"}],"twitter_card":"summary_large_image","twitter_misc":{"Est. reading time":"2 minutos"},"schema":{"@context":"https:\/\/schema.org","@graph":[{"@type":"WebPage","@id":"https:\/\/www.iplay.com\/es\/games\/match-marbles-10\/","url":"https:\/\/www.iplay.com\/es\/games\/match-marbles-10\/","name":"Disfruta de Match Marbles 10, el pr\u00f3ximo juego de esta popular serie","isPartOf":{"@id":"https:\/\/www.iplay.com\/en\/#website"},"primaryImageOfPage":{"@id":"https:\/\/www.iplay.com\/es\/games\/match-marbles-10\/#primaryimage"},"image":{"@id":"https:\/\/www.iplay.com\/es\/games\/match-marbles-10\/#primaryimage"},"thumbnailUrl":"https:\/\/www.iplay.com\/wp-content\/uploads\/2024\/09\/400x400-match_marbles_10_large_square_tile_image.webp","datePublished":"2024-08-30T09:22:31+00:00","dateModified":"2025-08-21T17:10:20+00:00","description":"Disfruta de Match Marbles 10, el pr\u00f3ximo juego de esta popular serie","breadcrumb":{"@id":"https:\/\/www.iplay.com\/es\/games\/match-marbles-10\/#breadcrumb"},"inLanguage":"es","potentialAction":[{"@type":"ReadAction","target":["https:\/\/www.iplay.com\/es\/games\/match-marbles-10\/"]}]},{"@type":"ImageObject","inLanguage":"es","@id":"https:\/\/www.iplay.com\/es\/games\/match-marbles-10\/#primaryimage","url":"https:\/\/www.iplay.com\/wp-content\/uploads\/2024\/09\/400x400-match_marbles_10_large_square_tile_image.webp","contentUrl":"https:\/\/www.iplay.com\/wp-content\/uploads\/2024\/09\/400x400-match_marbles_10_large_square_tile_image.webp","width":400,"height":400},{"@type":"BreadcrumbList","@id":"https:\/\/www.iplay.com\/es\/games\/match-marbles-10\/#breadcrumb","itemListElement":[{"@type":"ListItem","position":1,"name":"Home","item":"https:\/\/www.iplay.com\/es\/home-page-2\/"},{"@type":"ListItem","position":2,"name":"Shop","item":"https:\/\/www.iplay.com\/en\/shop\/"},{"@type":"ListItem","position":3,"name":"Match Marbles 10"}]},{"@type":"WebSite","@id":"https:\/\/www.iplay.com\/en\/#website","url":"https:\/\/www.iplay.com\/en\/","name":"IPlay","description":"The Best Casual Games!","publisher":{"@id":"https:\/\/www.iplay.com\/en\/#organization"},"potentialAction":[{"@type":"SearchAction","target":{"@type":"EntryPoint","urlTemplate":"https:\/\/www.iplay.com\/en\/?s={search_term_string}"},"query-input":{"@type":"PropertyValueSpecification","valueRequired":true,"valueName":"search_term_string"}}],"inLanguage":"es"},{"@type":"Organization","@id":"https:\/\/www.iplay.com\/en\/#organization","name":"IPlay","url":"https:\/\/www.iplay.com\/en\/","logo":{"@type":"ImageObject","inLanguage":"es","@id":"https:\/\/www.iplay.com\/en\/#\/schema\/logo\/image\/","url":"https:\/\/www.iplay.com\/wp-content\/uploads\/2023\/11\/Group-6100.svg","contentUrl":"https:\/\/www.iplay.com\/wp-content\/uploads\/2023\/11\/Group-6100.svg","width":98,"height":25,"caption":"IPlay"},"image":{"@id":"https:\/\/www.iplay.com\/en\/#\/schema\/logo\/image\/"}}]}},"_links":{"self":[{"href":"https:\/\/www.iplay.com\/es\/wp-json\/wp\/v2\/product\/127663","targetHints":{"allow":["GET"]}}],"collection":[{"href":"https:\/\/www.iplay.com\/es\/wp-json\/wp\/v2\/product"}],"about":[{"href":"https:\/\/www.iplay.com\/es\/wp-json\/wp\/v2\/types\/product"}],"author":[{"embeddable":true,"href":"https:\/\/www.iplay.com\/es\/wp-json\/wp\/v2\/users\/23"}],"replies":[{"embeddable":true,"href":"https:\/\/www.iplay.com\/es\/wp-json\/wp\/v2\/comments?post=127663"}],"wp:featuredmedia":[{"embeddable":true,"href":"https:\/\/www.iplay.com\/es\/wp-json\/wp\/v2\/media\/39030"}],"wp:attachment":[{"href":"https:\/\/www.iplay.com\/es\/wp-json\/wp\/v2\/media?parent=127663"}],"wp:term":[{"taxonomy":"product_brand","embeddable":true,"href":"https:\/\/www.iplay.com\/es\/wp-json\/wp\/v2\/product_brand?post=127663"},{"taxonomy":"product_cat","embeddable":true,"href":"https:\/\/www.iplay.com\/es\/wp-json\/wp\/v2\/product_cat?post=127663"},{"taxonomy":"product_tag","embeddable":true,"href":"https:\/\/www.iplay.com\/es\/wp-json\/wp\/v2\/product_tag?post=127663"}],"curies":[{"name":"wp","href":"https:\/\/api.w.org\/{rel}","templated":true}]}}