{"id":127662,"date":"2024-08-30T09:26:30","date_gmt":"2024-08-30T09:26:30","guid":{"rendered":"https:\/\/www.iplay.com\/games\/helga-the-viking-warrior-5-dawn-of-doom\/"},"modified":"2025-06-23T21:04:26","modified_gmt":"2025-06-23T21:04:26","slug":"helga-the-viking-warrior-5-dawn-of-doom","status":"publish","type":"product","link":"https:\/\/www.iplay.com\/es\/games\/helga-the-viking-warrior-5-dawn-of-doom\/","title":{"rendered":"Helga the Viking Warrior 5: Dawn of Doom"},"content":{"rendered":"<p>Loki se enfrenta al castigo, con la tarea de supervisar la restauraci\u00f3n de las tierras da\u00f1adas en Alfheim bajo la atenta mirada de Freyr y Thor. Sin embargo, a medida que se hacen esfuerzos para curar el reino, la oscuridad comienza a extenderse en Svartalheim. R\u00edos sombr\u00edos y un cielo amenazador se\u00f1alan la proximidad de un grave peligro. En respuesta, Od\u00edn env\u00eda al enano Hreidmarr, junto con Helga y Loki, para investigar la creciente amenaza. A medida que se aventuran en los bosques siniestros, Loki es repentinamente capturado por fuerzas mal\u00e9volas, dejando a Helga sola para enfrentar el mal creciente. En este cap\u00edtulo cr\u00edtico, Helga debe encontrar la fuerza para perseverar, ya que el destino de Svartalheim y todos los reinos pende de un hilo.     <\/p>\n<p>&nbsp;<\/p>\n<p><strong>Caracter\u00edsticas principales<\/strong><\/p>\n<ul>\n<li><strong>Explora los Reinos de los Dioses:<\/strong> Emb\u00e1rcate en un viaje a trav\u00e9s de los cinco cap\u00edtulos de los reinos de los dioses, cada uno lleno de rica mitolog\u00eda y desaf\u00edos \u00e9picos.<\/li>\n<li><strong>Participa en desafiantes juegos de combina 3:<\/strong> Pon a prueba tus habilidades con dif\u00edciles rompecabezas de combina 3 que proporcionan recursos esenciales, empoderando a Helga para las batallas que se avecinan.<\/li>\n<li><strong>Desbloquea mejoras \u00fanicas:<\/strong> Avanza a trav\u00e9s de cinco cap\u00edtulos para desbloquear veinte mejoras exclusivas, cada una de las cuales revela nuevos aspectos de la b\u00fasqueda de Helga y mejora sus habilidades.<\/li>\n<li><strong>Vive una aventura \u00e9pica de mitolog\u00eda n\u00f3rdica:<\/strong> Sum\u00e9rgete en una historia inspirada en las leyendas n\u00f3rdicas, con figuras ic\u00f3nicas como Od\u00edn, Heimdall y Surtr.<\/li>\n<li><strong>Descubre los oscuros secretos de Svartalheim:<\/strong> Ad\u00e9ntrate en las sombr\u00edas profundidades de Svartalheim y ayuda a Helga en su misi\u00f3n de restaurar la luz y la esperanza en el dominio de los enanos.<\/li>\n<\/ul>\n<p>&nbsp;<\/p>\n<p>Este juego ofrece una experiencia rica e inmersiva que combina un juego estrat\u00e9gico con una narrativa cautivadora inspirada en la mitolog\u00eda n\u00f3rdica. El viaje est\u00e1 dise\u00f1ado para ser accesible tanto para jugadores ocasionales como para aquellos que buscan una aventura m\u00e1s profunda y desafiante. Mientras Helga lucha contra la oscuridad invasora, los jugadores se ver\u00e1n atra\u00eddos por un mundo en el que cada decisi\u00f3n y cada puzle de combina 3 contribuye a la \u00e9pica lucha por la supervivencia de los reinos. Tanto si eres un fan\u00e1tico de la mitolog\u00eda, los juegos de estrategia o simplemente buscas una historia apasionante, esta aventura promete ofrecer una experiencia inolvidable.<\/p>\n","protected":false},"excerpt":{"rendered":"<p>Ayuda a salvar Alfheim en Helga the Viking Warrior 5 &#8211; Dawn of Doom<\/p>\n","protected":false},"author":42,"featured_media":39024,"comment_status":"open","ping_status":"closed","template":"","meta":{"_acf_changed":false,"inline_featured_image":false},"product_brand":[],"product_cat":[178],"product_tag":[288],"class_list":{"0":"post-127662","1":"product","2":"type-product","3":"status-publish","4":"has-post-thumbnail","6":"product_cat-match-3-es","7":"product_tag-play-on-pc-es","9":"first","10":"instock","11":"shipping-taxable","12":"purchasable","13":"product-type-simple"},"acf":[],"yoast_head":"<!-- This site is optimized with the Yoast SEO Premium plugin v25.2 (Yoast SEO v25.2) - https:\/\/yoast.com\/wordpress\/plugins\/seo\/ -->\n<title>Ayuda a salvar Alfheim en Helga the Viking Warrior 5: Dawn of Doom<\/title>\n<meta name=\"description\" content=\"Ayuda a salvar Alfheim en Helga the Viking Warrior 5 - Dawn of Doom\" \/>\n<meta name=\"robots\" content=\"index, follow, max-snippet:-1, max-image-preview:large, max-video-preview:-1\" \/>\n<link rel=\"canonical\" href=\"https:\/\/www.iplay.com\/es\/games\/helga-the-viking-warrior-5-dawn-of-doom\/\" \/>\n<meta property=\"og:locale\" content=\"es_ES\" \/>\n<meta property=\"og:type\" content=\"article\" \/>\n<meta property=\"og:title\" content=\"Helga the Viking Warrior 5: Dawn of Doom\" \/>\n<meta property=\"og:description\" content=\"Ayuda a salvar Alfheim en Helga the Viking Warrior 5 - Dawn of Doom\" \/>\n<meta property=\"og:url\" content=\"https:\/\/www.iplay.com\/es\/games\/helga-the-viking-warrior-5-dawn-of-doom\/\" \/>\n<meta property=\"og:site_name\" content=\"IPlay\" \/>\n<meta property=\"article:modified_time\" content=\"2025-06-23T21:04:26+00:00\" \/>\n<meta property=\"og:image\" content=\"https:\/\/www.iplay.com\/wp-content\/uploads\/2024\/09\/400x400-helga_the_viking_warrior_5_-_dawn_of_doom_large_square_tile_image.webp\" \/>\n\t<meta property=\"og:image:width\" content=\"400\" \/>\n\t<meta property=\"og:image:height\" content=\"400\" \/>\n\t<meta property=\"og:image:type\" content=\"image\/webp\" \/>\n<meta name=\"twitter:card\" content=\"summary_large_image\" \/>\n<meta name=\"twitter:label1\" content=\"Est. reading time\" \/>\n\t<meta name=\"twitter:data1\" content=\"2 minutos\" \/>\n<script type=\"application\/ld+json\" class=\"yoast-schema-graph\">{\"@context\":\"https:\/\/schema.org\",\"@graph\":[{\"@type\":\"WebPage\",\"@id\":\"https:\/\/www.iplay.com\/es\/games\/helga-the-viking-warrior-5-dawn-of-doom\/\",\"url\":\"https:\/\/www.iplay.com\/es\/games\/helga-the-viking-warrior-5-dawn-of-doom\/\",\"name\":\"Ayuda a salvar Alfheim en Helga the Viking Warrior 5: Dawn of Doom\",\"isPartOf\":{\"@id\":\"https:\/\/www.iplay.com\/en\/#website\"},\"primaryImageOfPage\":{\"@id\":\"https:\/\/www.iplay.com\/es\/games\/helga-the-viking-warrior-5-dawn-of-doom\/#primaryimage\"},\"image\":{\"@id\":\"https:\/\/www.iplay.com\/es\/games\/helga-the-viking-warrior-5-dawn-of-doom\/#primaryimage\"},\"thumbnailUrl\":\"https:\/\/www.iplay.com\/wp-content\/uploads\/2024\/09\/400x400-helga_the_viking_warrior_5_-_dawn_of_doom_large_square_tile_image.webp\",\"datePublished\":\"2024-08-30T09:26:30+00:00\",\"dateModified\":\"2025-06-23T21:04:26+00:00\",\"description\":\"Ayuda a salvar Alfheim en Helga the Viking Warrior 5 - Dawn of Doom\",\"breadcrumb\":{\"@id\":\"https:\/\/www.iplay.com\/es\/games\/helga-the-viking-warrior-5-dawn-of-doom\/#breadcrumb\"},\"inLanguage\":\"es\",\"potentialAction\":[{\"@type\":\"ReadAction\",\"target\":[\"https:\/\/www.iplay.com\/es\/games\/helga-the-viking-warrior-5-dawn-of-doom\/\"]}]},{\"@type\":\"ImageObject\",\"inLanguage\":\"es\",\"@id\":\"https:\/\/www.iplay.com\/es\/games\/helga-the-viking-warrior-5-dawn-of-doom\/#primaryimage\",\"url\":\"https:\/\/www.iplay.com\/wp-content\/uploads\/2024\/09\/400x400-helga_the_viking_warrior_5_-_dawn_of_doom_large_square_tile_image.webp\",\"contentUrl\":\"https:\/\/www.iplay.com\/wp-content\/uploads\/2024\/09\/400x400-helga_the_viking_warrior_5_-_dawn_of_doom_large_square_tile_image.webp\",\"width\":400,\"height\":400},{\"@type\":\"BreadcrumbList\",\"@id\":\"https:\/\/www.iplay.com\/es\/games\/helga-the-viking-warrior-5-dawn-of-doom\/#breadcrumb\",\"itemListElement\":[{\"@type\":\"ListItem\",\"position\":1,\"name\":\"Home\",\"item\":\"https:\/\/www.iplay.com\/es\/home-page-2\/\"},{\"@type\":\"ListItem\",\"position\":2,\"name\":\"Shop\",\"item\":\"https:\/\/www.iplay.com\/en\/shop\/\"},{\"@type\":\"ListItem\",\"position\":3,\"name\":\"Helga the Viking Warrior 5: Dawn of Doom\"}]},{\"@type\":\"WebSite\",\"@id\":\"https:\/\/www.iplay.com\/en\/#website\",\"url\":\"https:\/\/www.iplay.com\/en\/\",\"name\":\"IPlay\",\"description\":\"The Best Casual Games!\",\"publisher\":{\"@id\":\"https:\/\/www.iplay.com\/en\/#organization\"},\"potentialAction\":[{\"@type\":\"SearchAction\",\"target\":{\"@type\":\"EntryPoint\",\"urlTemplate\":\"https:\/\/www.iplay.com\/en\/?s={search_term_string}\"},\"query-input\":{\"@type\":\"PropertyValueSpecification\",\"valueRequired\":true,\"valueName\":\"search_term_string\"}}],\"inLanguage\":\"es\"},{\"@type\":\"Organization\",\"@id\":\"https:\/\/www.iplay.com\/en\/#organization\",\"name\":\"IPlay\",\"url\":\"https:\/\/www.iplay.com\/en\/\",\"logo\":{\"@type\":\"ImageObject\",\"inLanguage\":\"es\",\"@id\":\"https:\/\/www.iplay.com\/en\/#\/schema\/logo\/image\/\",\"url\":\"https:\/\/www.iplay.com\/wp-content\/uploads\/2023\/11\/Group-6100.svg\",\"contentUrl\":\"https:\/\/www.iplay.com\/wp-content\/uploads\/2023\/11\/Group-6100.svg\",\"width\":98,\"height\":25,\"caption\":\"IPlay\"},\"image\":{\"@id\":\"https:\/\/www.iplay.com\/en\/#\/schema\/logo\/image\/\"}}]}<\/script>\n<!-- \/ Yoast SEO Premium plugin. -->","yoast_head_json":{"title":"Ayuda a salvar Alfheim en Helga the Viking Warrior 5: Dawn of Doom","description":"Ayuda a salvar Alfheim en Helga the Viking Warrior 5 - Dawn of Doom","robots":{"index":"index","follow":"follow","max-snippet":"max-snippet:-1","max-image-preview":"max-image-preview:large","max-video-preview":"max-video-preview:-1"},"canonical":"https:\/\/www.iplay.com\/es\/games\/helga-the-viking-warrior-5-dawn-of-doom\/","og_locale":"es_ES","og_type":"article","og_title":"Helga the Viking Warrior 5: Dawn of Doom","og_description":"Ayuda a salvar Alfheim en Helga the Viking Warrior 5 - Dawn of Doom","og_url":"https:\/\/www.iplay.com\/es\/games\/helga-the-viking-warrior-5-dawn-of-doom\/","og_site_name":"IPlay","article_modified_time":"2025-06-23T21:04:26+00:00","og_image":[{"width":400,"height":400,"url":"https:\/\/www.iplay.com\/wp-content\/uploads\/2024\/09\/400x400-helga_the_viking_warrior_5_-_dawn_of_doom_large_square_tile_image.webp","type":"image\/webp"}],"twitter_card":"summary_large_image","twitter_misc":{"Est. reading time":"2 minutos"},"schema":{"@context":"https:\/\/schema.org","@graph":[{"@type":"WebPage","@id":"https:\/\/www.iplay.com\/es\/games\/helga-the-viking-warrior-5-dawn-of-doom\/","url":"https:\/\/www.iplay.com\/es\/games\/helga-the-viking-warrior-5-dawn-of-doom\/","name":"Ayuda a salvar Alfheim en Helga the Viking Warrior 5: Dawn of Doom","isPartOf":{"@id":"https:\/\/www.iplay.com\/en\/#website"},"primaryImageOfPage":{"@id":"https:\/\/www.iplay.com\/es\/games\/helga-the-viking-warrior-5-dawn-of-doom\/#primaryimage"},"image":{"@id":"https:\/\/www.iplay.com\/es\/games\/helga-the-viking-warrior-5-dawn-of-doom\/#primaryimage"},"thumbnailUrl":"https:\/\/www.iplay.com\/wp-content\/uploads\/2024\/09\/400x400-helga_the_viking_warrior_5_-_dawn_of_doom_large_square_tile_image.webp","datePublished":"2024-08-30T09:26:30+00:00","dateModified":"2025-06-23T21:04:26+00:00","description":"Ayuda a salvar Alfheim en Helga the Viking Warrior 5 - Dawn of Doom","breadcrumb":{"@id":"https:\/\/www.iplay.com\/es\/games\/helga-the-viking-warrior-5-dawn-of-doom\/#breadcrumb"},"inLanguage":"es","potentialAction":[{"@type":"ReadAction","target":["https:\/\/www.iplay.com\/es\/games\/helga-the-viking-warrior-5-dawn-of-doom\/"]}]},{"@type":"ImageObject","inLanguage":"es","@id":"https:\/\/www.iplay.com\/es\/games\/helga-the-viking-warrior-5-dawn-of-doom\/#primaryimage","url":"https:\/\/www.iplay.com\/wp-content\/uploads\/2024\/09\/400x400-helga_the_viking_warrior_5_-_dawn_of_doom_large_square_tile_image.webp","contentUrl":"https:\/\/www.iplay.com\/wp-content\/uploads\/2024\/09\/400x400-helga_the_viking_warrior_5_-_dawn_of_doom_large_square_tile_image.webp","width":400,"height":400},{"@type":"BreadcrumbList","@id":"https:\/\/www.iplay.com\/es\/games\/helga-the-viking-warrior-5-dawn-of-doom\/#breadcrumb","itemListElement":[{"@type":"ListItem","position":1,"name":"Home","item":"https:\/\/www.iplay.com\/es\/home-page-2\/"},{"@type":"ListItem","position":2,"name":"Shop","item":"https:\/\/www.iplay.com\/en\/shop\/"},{"@type":"ListItem","position":3,"name":"Helga the Viking Warrior 5: Dawn of Doom"}]},{"@type":"WebSite","@id":"https:\/\/www.iplay.com\/en\/#website","url":"https:\/\/www.iplay.com\/en\/","name":"IPlay","description":"The Best Casual Games!","publisher":{"@id":"https:\/\/www.iplay.com\/en\/#organization"},"potentialAction":[{"@type":"SearchAction","target":{"@type":"EntryPoint","urlTemplate":"https:\/\/www.iplay.com\/en\/?s={search_term_string}"},"query-input":{"@type":"PropertyValueSpecification","valueRequired":true,"valueName":"search_term_string"}}],"inLanguage":"es"},{"@type":"Organization","@id":"https:\/\/www.iplay.com\/en\/#organization","name":"IPlay","url":"https:\/\/www.iplay.com\/en\/","logo":{"@type":"ImageObject","inLanguage":"es","@id":"https:\/\/www.iplay.com\/en\/#\/schema\/logo\/image\/","url":"https:\/\/www.iplay.com\/wp-content\/uploads\/2023\/11\/Group-6100.svg","contentUrl":"https:\/\/www.iplay.com\/wp-content\/uploads\/2023\/11\/Group-6100.svg","width":98,"height":25,"caption":"IPlay"},"image":{"@id":"https:\/\/www.iplay.com\/en\/#\/schema\/logo\/image\/"}}]}},"_links":{"self":[{"href":"https:\/\/www.iplay.com\/es\/wp-json\/wp\/v2\/product\/127662","targetHints":{"allow":["GET"]}}],"collection":[{"href":"https:\/\/www.iplay.com\/es\/wp-json\/wp\/v2\/product"}],"about":[{"href":"https:\/\/www.iplay.com\/es\/wp-json\/wp\/v2\/types\/product"}],"author":[{"embeddable":true,"href":"https:\/\/www.iplay.com\/es\/wp-json\/wp\/v2\/users\/42"}],"replies":[{"embeddable":true,"href":"https:\/\/www.iplay.com\/es\/wp-json\/wp\/v2\/comments?post=127662"}],"wp:featuredmedia":[{"embeddable":true,"href":"https:\/\/www.iplay.com\/es\/wp-json\/wp\/v2\/media\/39024"}],"wp:attachment":[{"href":"https:\/\/www.iplay.com\/es\/wp-json\/wp\/v2\/media?parent=127662"}],"wp:term":[{"taxonomy":"product_brand","embeddable":true,"href":"https:\/\/www.iplay.com\/es\/wp-json\/wp\/v2\/product_brand?post=127662"},{"taxonomy":"product_cat","embeddable":true,"href":"https:\/\/www.iplay.com\/es\/wp-json\/wp\/v2\/product_cat?post=127662"},{"taxonomy":"product_tag","embeddable":true,"href":"https:\/\/www.iplay.com\/es\/wp-json\/wp\/v2\/product_tag?post=127662"}],"curies":[{"name":"wp","href":"https:\/\/api.w.org\/{rel}","templated":true}]}}