{"id":127655,"date":"2024-08-22T10:47:00","date_gmt":"2024-08-22T10:47:00","guid":{"rendered":"https:\/\/www.iplay.com\/games\/cafe-culture-twin-pack\/"},"modified":"2024-08-22T10:47:00","modified_gmt":"2024-08-22T10:47:00","slug":"cafe-culture-twin-pack","status":"publish","type":"product","link":"https:\/\/www.iplay.com\/es\/games\/cafe-culture-twin-pack\/","title":{"rendered":"Cafe Culture &#8211; Twin Pack"},"content":{"rendered":"<p>La aspirante a superchef Claire se embarca en una emocionante aventura a campo traviesa en su cami\u00f3n de comida gourmet, llevando platos deliciosos a clientes hambrientos de todo el mapa. El viaje, lleno de personajes vibrantes y una jugabilidad cautivadora, ofrece entretenimiento sin fin y mucho contenido adicional. Claire&#8217;s Cruisin&#8217; Cafe est\u00e1 garantizado para mantener a los jugadores comprometidos, dej\u00e1ndolos esperando ansiosamente su pr\u00f3ximo desaf\u00edo culinario.  <\/p>\n<p>\u00a1Pero la emoci\u00f3n no termina ah\u00ed! El viaje culinario de Claire contin\u00faa mientras lleva sus habilidades a alta mar a bordo de un lujoso transatl\u00e1ntico que navega por aguas tropicales. Ya sea elaborando deliciosas alb\u00f3ndigas o preparando delicado sushi, cada plato se elabora con precisi\u00f3n, todo mientras se disfruta de la calidez del sol. Los hu\u00e9spedes del enorme transatl\u00e1ntico disfrutan de comidas gourmet preparadas y servidas con rapidez, lo que le otorga a Claire generosas propinas y expande su fama de proa a popa.   <\/p>\n<p>Con el Cafe Culture &#8211; Twin Pack, los jugadores tienen la oportunidad de experimentar tanto la emoci\u00f3n trepidante de cocinar en la carretera como la refinada elegancia de servir a bordo de un gran transatl\u00e1ntico. Este paquete ofrece dos atractivos juegos de Claire&#8217;s Cruisin&#8217; Cafe en un solo paquete, que ofrece el doble de diversi\u00f3n y emoci\u00f3n. \u00a1Prep\u00e1rate para ponerte en la piel de un maestro culinario y cocinar para llegar a la cima, convirti\u00e9ndote en el mejor s\u00faper chef!  <\/p>\n<p><strong>Funciones:<\/strong><\/p>\n<ul>\n<li>Dos incre\u00edbles juegos de Claire&#8217;s Cruisin&#8217; Cafe combinados en un paquete incre\u00edble.\n<ul>\n<li>Incluye la edici\u00f3n coleccionista de Claire&#8217;s Cruisin&#8217; Cafe.<\/li>\n<li>Incluye Claire&#8217;s Cruisin&#8217; Cafe: High Seas Cuisine Collector&#8217;s Edition.<\/li>\n<\/ul>\n<\/li>\n<\/ul>\n","protected":false},"excerpt":{"rendered":"<p>La aspirante a superchef Claire se embarca en una emocionante aventura culinaria en Cafe Culture &#8211; Twin Pack<\/p>\n","protected":false},"author":8,"featured_media":39011,"comment_status":"open","ping_status":"closed","template":"","meta":{"_acf_changed":false,"inline_featured_image":false},"product_brand":[],"product_cat":[212],"product_tag":[288],"class_list":{"0":"post-127655","1":"product","2":"type-product","3":"status-publish","4":"has-post-thumbnail","6":"product_cat-time-management-es","7":"product_tag-play-on-pc-es","9":"first","10":"instock","11":"shipping-taxable","12":"purchasable","13":"product-type-simple"},"acf":[],"yoast_head":"<!-- This site is optimized with the Yoast SEO Premium plugin v25.2 (Yoast SEO v25.2) - https:\/\/yoast.com\/wordpress\/plugins\/seo\/ -->\n<title>Caf\u00e9 Culture - Twin Pack - \u00a1Viaja a la tierra de las delicias gourmet!<\/title>\n<meta name=\"description\" content=\"La aspirante a superchef Claire se embarca en una emocionante aventura culinaria en Cafe Culture - Twin Pack\" \/>\n<meta name=\"robots\" content=\"index, follow, max-snippet:-1, max-image-preview:large, max-video-preview:-1\" \/>\n<link rel=\"canonical\" href=\"https:\/\/www.iplay.com\/es\/games\/cafe-culture-twin-pack\/\" \/>\n<meta property=\"og:locale\" content=\"es_ES\" \/>\n<meta property=\"og:type\" content=\"article\" \/>\n<meta property=\"og:title\" content=\"Cafe Culture - Twin Pack\" \/>\n<meta property=\"og:description\" content=\"La aspirante a superchef Claire se embarca en una emocionante aventura culinaria en Cafe Culture - Twin Pack\" \/>\n<meta property=\"og:url\" content=\"https:\/\/www.iplay.com\/es\/games\/cafe-culture-twin-pack\/\" \/>\n<meta property=\"og:site_name\" content=\"IPlay\" \/>\n<meta property=\"og:image\" content=\"https:\/\/www.iplay.com\/wp-content\/uploads\/2024\/09\/400x400-cafe_culture_-_twin_pack_large_square_tile_image.webp\" \/>\n\t<meta property=\"og:image:width\" content=\"400\" \/>\n\t<meta property=\"og:image:height\" content=\"400\" \/>\n\t<meta property=\"og:image:type\" content=\"image\/webp\" \/>\n<meta name=\"twitter:card\" content=\"summary_large_image\" \/>\n<meta name=\"twitter:label1\" content=\"Est. reading time\" \/>\n\t<meta name=\"twitter:data1\" content=\"1 minuto\" \/>\n<script type=\"application\/ld+json\" class=\"yoast-schema-graph\">{\"@context\":\"https:\/\/schema.org\",\"@graph\":[{\"@type\":\"WebPage\",\"@id\":\"https:\/\/www.iplay.com\/es\/games\/cafe-culture-twin-pack\/\",\"url\":\"https:\/\/www.iplay.com\/es\/games\/cafe-culture-twin-pack\/\",\"name\":\"Caf\u00e9 Culture - Twin Pack - \u00a1Viaja a la tierra de las delicias gourmet!\",\"isPartOf\":{\"@id\":\"https:\/\/www.iplay.com\/en\/#website\"},\"primaryImageOfPage\":{\"@id\":\"https:\/\/www.iplay.com\/es\/games\/cafe-culture-twin-pack\/#primaryimage\"},\"image\":{\"@id\":\"https:\/\/www.iplay.com\/es\/games\/cafe-culture-twin-pack\/#primaryimage\"},\"thumbnailUrl\":\"https:\/\/www.iplay.com\/wp-content\/uploads\/2024\/09\/400x400-cafe_culture_-_twin_pack_large_square_tile_image.webp\",\"datePublished\":\"2024-08-22T10:47:00+00:00\",\"description\":\"La aspirante a superchef Claire se embarca en una emocionante aventura culinaria en Cafe Culture - Twin Pack\",\"breadcrumb\":{\"@id\":\"https:\/\/www.iplay.com\/es\/games\/cafe-culture-twin-pack\/#breadcrumb\"},\"inLanguage\":\"es\",\"potentialAction\":[{\"@type\":\"ReadAction\",\"target\":[\"https:\/\/www.iplay.com\/es\/games\/cafe-culture-twin-pack\/\"]}]},{\"@type\":\"ImageObject\",\"inLanguage\":\"es\",\"@id\":\"https:\/\/www.iplay.com\/es\/games\/cafe-culture-twin-pack\/#primaryimage\",\"url\":\"https:\/\/www.iplay.com\/wp-content\/uploads\/2024\/09\/400x400-cafe_culture_-_twin_pack_large_square_tile_image.webp\",\"contentUrl\":\"https:\/\/www.iplay.com\/wp-content\/uploads\/2024\/09\/400x400-cafe_culture_-_twin_pack_large_square_tile_image.webp\",\"width\":400,\"height\":400},{\"@type\":\"BreadcrumbList\",\"@id\":\"https:\/\/www.iplay.com\/es\/games\/cafe-culture-twin-pack\/#breadcrumb\",\"itemListElement\":[{\"@type\":\"ListItem\",\"position\":1,\"name\":\"Home\",\"item\":\"https:\/\/www.iplay.com\/es\/home-page-2\/\"},{\"@type\":\"ListItem\",\"position\":2,\"name\":\"Shop\",\"item\":\"https:\/\/www.iplay.com\/en\/shop\/\"},{\"@type\":\"ListItem\",\"position\":3,\"name\":\"Cafe Culture &#8211; Twin Pack\"}]},{\"@type\":\"WebSite\",\"@id\":\"https:\/\/www.iplay.com\/en\/#website\",\"url\":\"https:\/\/www.iplay.com\/en\/\",\"name\":\"IPlay\",\"description\":\"The Best Casual Games!\",\"publisher\":{\"@id\":\"https:\/\/www.iplay.com\/en\/#organization\"},\"potentialAction\":[{\"@type\":\"SearchAction\",\"target\":{\"@type\":\"EntryPoint\",\"urlTemplate\":\"https:\/\/www.iplay.com\/en\/?s={search_term_string}\"},\"query-input\":{\"@type\":\"PropertyValueSpecification\",\"valueRequired\":true,\"valueName\":\"search_term_string\"}}],\"inLanguage\":\"es\"},{\"@type\":\"Organization\",\"@id\":\"https:\/\/www.iplay.com\/en\/#organization\",\"name\":\"IPlay\",\"url\":\"https:\/\/www.iplay.com\/en\/\",\"logo\":{\"@type\":\"ImageObject\",\"inLanguage\":\"es\",\"@id\":\"https:\/\/www.iplay.com\/en\/#\/schema\/logo\/image\/\",\"url\":\"https:\/\/www.iplay.com\/wp-content\/uploads\/2023\/11\/Group-6100.svg\",\"contentUrl\":\"https:\/\/www.iplay.com\/wp-content\/uploads\/2023\/11\/Group-6100.svg\",\"width\":98,\"height\":25,\"caption\":\"IPlay\"},\"image\":{\"@id\":\"https:\/\/www.iplay.com\/en\/#\/schema\/logo\/image\/\"}}]}<\/script>\n<!-- \/ Yoast SEO Premium plugin. -->","yoast_head_json":{"title":"Caf\u00e9 Culture - Twin Pack - \u00a1Viaja a la tierra de las delicias gourmet!","description":"La aspirante a superchef Claire se embarca en una emocionante aventura culinaria en Cafe Culture - Twin Pack","robots":{"index":"index","follow":"follow","max-snippet":"max-snippet:-1","max-image-preview":"max-image-preview:large","max-video-preview":"max-video-preview:-1"},"canonical":"https:\/\/www.iplay.com\/es\/games\/cafe-culture-twin-pack\/","og_locale":"es_ES","og_type":"article","og_title":"Cafe Culture - Twin Pack","og_description":"La aspirante a superchef Claire se embarca en una emocionante aventura culinaria en Cafe Culture - Twin Pack","og_url":"https:\/\/www.iplay.com\/es\/games\/cafe-culture-twin-pack\/","og_site_name":"IPlay","og_image":[{"width":400,"height":400,"url":"https:\/\/www.iplay.com\/wp-content\/uploads\/2024\/09\/400x400-cafe_culture_-_twin_pack_large_square_tile_image.webp","type":"image\/webp"}],"twitter_card":"summary_large_image","twitter_misc":{"Est. reading time":"1 minuto"},"schema":{"@context":"https:\/\/schema.org","@graph":[{"@type":"WebPage","@id":"https:\/\/www.iplay.com\/es\/games\/cafe-culture-twin-pack\/","url":"https:\/\/www.iplay.com\/es\/games\/cafe-culture-twin-pack\/","name":"Caf\u00e9 Culture - Twin Pack - \u00a1Viaja a la tierra de las delicias gourmet!","isPartOf":{"@id":"https:\/\/www.iplay.com\/en\/#website"},"primaryImageOfPage":{"@id":"https:\/\/www.iplay.com\/es\/games\/cafe-culture-twin-pack\/#primaryimage"},"image":{"@id":"https:\/\/www.iplay.com\/es\/games\/cafe-culture-twin-pack\/#primaryimage"},"thumbnailUrl":"https:\/\/www.iplay.com\/wp-content\/uploads\/2024\/09\/400x400-cafe_culture_-_twin_pack_large_square_tile_image.webp","datePublished":"2024-08-22T10:47:00+00:00","description":"La aspirante a superchef Claire se embarca en una emocionante aventura culinaria en Cafe Culture - Twin Pack","breadcrumb":{"@id":"https:\/\/www.iplay.com\/es\/games\/cafe-culture-twin-pack\/#breadcrumb"},"inLanguage":"es","potentialAction":[{"@type":"ReadAction","target":["https:\/\/www.iplay.com\/es\/games\/cafe-culture-twin-pack\/"]}]},{"@type":"ImageObject","inLanguage":"es","@id":"https:\/\/www.iplay.com\/es\/games\/cafe-culture-twin-pack\/#primaryimage","url":"https:\/\/www.iplay.com\/wp-content\/uploads\/2024\/09\/400x400-cafe_culture_-_twin_pack_large_square_tile_image.webp","contentUrl":"https:\/\/www.iplay.com\/wp-content\/uploads\/2024\/09\/400x400-cafe_culture_-_twin_pack_large_square_tile_image.webp","width":400,"height":400},{"@type":"BreadcrumbList","@id":"https:\/\/www.iplay.com\/es\/games\/cafe-culture-twin-pack\/#breadcrumb","itemListElement":[{"@type":"ListItem","position":1,"name":"Home","item":"https:\/\/www.iplay.com\/es\/home-page-2\/"},{"@type":"ListItem","position":2,"name":"Shop","item":"https:\/\/www.iplay.com\/en\/shop\/"},{"@type":"ListItem","position":3,"name":"Cafe Culture &#8211; Twin Pack"}]},{"@type":"WebSite","@id":"https:\/\/www.iplay.com\/en\/#website","url":"https:\/\/www.iplay.com\/en\/","name":"IPlay","description":"The Best Casual Games!","publisher":{"@id":"https:\/\/www.iplay.com\/en\/#organization"},"potentialAction":[{"@type":"SearchAction","target":{"@type":"EntryPoint","urlTemplate":"https:\/\/www.iplay.com\/en\/?s={search_term_string}"},"query-input":{"@type":"PropertyValueSpecification","valueRequired":true,"valueName":"search_term_string"}}],"inLanguage":"es"},{"@type":"Organization","@id":"https:\/\/www.iplay.com\/en\/#organization","name":"IPlay","url":"https:\/\/www.iplay.com\/en\/","logo":{"@type":"ImageObject","inLanguage":"es","@id":"https:\/\/www.iplay.com\/en\/#\/schema\/logo\/image\/","url":"https:\/\/www.iplay.com\/wp-content\/uploads\/2023\/11\/Group-6100.svg","contentUrl":"https:\/\/www.iplay.com\/wp-content\/uploads\/2023\/11\/Group-6100.svg","width":98,"height":25,"caption":"IPlay"},"image":{"@id":"https:\/\/www.iplay.com\/en\/#\/schema\/logo\/image\/"}}]}},"_links":{"self":[{"href":"https:\/\/www.iplay.com\/es\/wp-json\/wp\/v2\/product\/127655","targetHints":{"allow":["GET"]}}],"collection":[{"href":"https:\/\/www.iplay.com\/es\/wp-json\/wp\/v2\/product"}],"about":[{"href":"https:\/\/www.iplay.com\/es\/wp-json\/wp\/v2\/types\/product"}],"author":[{"embeddable":true,"href":"https:\/\/www.iplay.com\/es\/wp-json\/wp\/v2\/users\/8"}],"replies":[{"embeddable":true,"href":"https:\/\/www.iplay.com\/es\/wp-json\/wp\/v2\/comments?post=127655"}],"wp:featuredmedia":[{"embeddable":true,"href":"https:\/\/www.iplay.com\/es\/wp-json\/wp\/v2\/media\/39011"}],"wp:attachment":[{"href":"https:\/\/www.iplay.com\/es\/wp-json\/wp\/v2\/media?parent=127655"}],"wp:term":[{"taxonomy":"product_brand","embeddable":true,"href":"https:\/\/www.iplay.com\/es\/wp-json\/wp\/v2\/product_brand?post=127655"},{"taxonomy":"product_cat","embeddable":true,"href":"https:\/\/www.iplay.com\/es\/wp-json\/wp\/v2\/product_cat?post=127655"},{"taxonomy":"product_tag","embeddable":true,"href":"https:\/\/www.iplay.com\/es\/wp-json\/wp\/v2\/product_tag?post=127655"}],"curies":[{"name":"wp","href":"https:\/\/api.w.org\/{rel}","templated":true}]}}