{"id":127495,"date":"2024-10-16T20:46:54","date_gmt":"2024-10-16T20:46:54","guid":{"rendered":"https:\/\/www.iplay.com\/games\/reflections-of-life-the-shattered-timeline-collectors-edition\/"},"modified":"2024-10-16T20:46:54","modified_gmt":"2024-10-16T20:46:54","slug":"reflections-of-life-the-shattered-timeline-collectors-edition","status":"publish","type":"product","link":"https:\/\/www.iplay.com\/es\/games\/reflections-of-life-the-shattered-timeline-collectors-edition\/","title":{"rendered":"Reflections of Life: The Shattered Timeline Collector&#8217;s Edition"},"content":{"rendered":"<p>Emb\u00e1rcate en una impresionante aventura c\u00f3smica con Reflections of Life: The Shattered Timeline Collector&#8217;s Edition y sum\u00e9rgete en un mundo donde el tiempo pende de un hilo. Durante siglos, las Hermanas Celestiales \u2014Amanecer, D\u00eda, Anochecer y Noche\u2014 han mantenido en armon\u00eda el intrincado flujo del tiempo. Sin embargo, el delicado tejido del universo ha sido desgarrado por un malvado hechicero que ha encarcelado a las Hermanas, sumiendo a todos los reinos en el caos. Ahora tu misi\u00f3n, como miembro de la venerada Orden de los Guardianes, es reparar la l\u00ednea de tiempo destrozada y restaurar la paz en el universo.   <\/p>\n<p>A medida que te aventuras a trav\u00e9s de mundos fant\u00e1sticos, cada uno lleno de seres m\u00edsticos y paisajes encantados, tendr\u00e1s la tarea de reparar el poderoso artefacto del tiempo, que tiene la clave para la liberaci\u00f3n de las Hermanas. Pero ten cuidado: las fuerzas del hechicero son astutas e implacables. El tiempo se est\u00e1 escapando y el destino de toda la existencia descansa sobre tus hombros. \u00bfEstar\u00e1s a la altura del desaf\u00edo y salvar\u00e1s a las Hermanas antes de que sea demasiado tarde? Sum\u00e9rgete en esta cautivadora aventura de rompecabezas de objetos ocultos y descubre si tienes lo que se necesita para restaurar el orden en el cosmos.    <\/p>\n<p><strong>Caracter\u00edsticas de la Edici\u00f3n de Coleccionista<\/strong><\/p>\n<ul>\n<li><em>Desentra\u00f1a un misterio mortal:<\/em> Adem\u00e1s de liberar a las Hermanas Celestiales, te enfrentar\u00e1s a un reino plagado de una enfermedad letal. A medida que navegas por este intrincado rompecabezas, debes descubrir la cura y rescatar la tierra de la hambruna y la desesperaci\u00f3n. \u00bfPuedes salvar al reino y a su gente de la devastaci\u00f3n total?  <\/li>\n<li><em>Encuentra tesoros escondidos:<\/em> A lo largo de tu viaje, los relojes y las piezas del rompecabezas se ocultan h\u00e1bilmente dentro de cada escena. Rec\u00f3gelos todos para desbloquear dos rompecabezas de bonificaci\u00f3n que pondr\u00e1n a prueba tu ingenio y creatividad. Estas piezas sirven como pistas valiosas para descubrir secretos m\u00e1s profundos ocultos dentro de los reinos.  <\/li>\n<li><em>Recompensas digitales exclusivas:<\/em> Para aquellos que aprecian el arte detr\u00e1s del juego, esta Edici\u00f3n de Coleccionista ofrece un tesoro de recompensas digitales. Guarde impresionantes fondos de pantalla, arte conceptual y la encantadora m\u00fasica del juego para volver a visitar sus momentos favoritos en cualquier momento. Cada pieza te recordar\u00e1 los mundos que has explorado y los desaf\u00edos que has conquistado.  <\/li>\n<li><em>Mantente al d\u00eda con la Gu\u00eda de Estrategia:<\/em> Con la naturaleza intrincada de esta b\u00fasqueda c\u00f3smica, es f\u00e1cil perderse en la mir\u00edada de acertijos y misterios. La gu\u00eda de estrategia incluida es tu compa\u00f1era de confianza, ya que ofrece instrucciones detalladas paso a paso para asegurarte de que nunca pierdas el ritmo ni te sientas atascado. Ya sea que est\u00e9 buscando un objeto oculto o desentra\u00f1ando un rompecabezas particularmente complicado, la gu\u00eda lo mantendr\u00e1 en curso.  <\/li>\n<\/ul>\n","protected":false},"excerpt":{"rendered":"<p>Emb\u00e1rcate en una impresionante aventura c\u00f3smica con Reflections of Life &#8211; The Shattered Timeline Collector&#8217;s Edition y sum\u00e9rgete en un mundo donde el tiempo pende de un hilo.<\/p>\n","protected":false},"author":17,"featured_media":123967,"comment_status":"open","ping_status":"closed","template":"","meta":{"_acf_changed":false,"inline_featured_image":false},"product_brand":[],"product_cat":[166],"product_tag":[288],"class_list":{"0":"post-127495","1":"product","2":"type-product","3":"status-publish","4":"has-post-thumbnail","6":"product_cat-hidden-object-es","7":"product_tag-play-on-pc-es","9":"first","10":"instock","11":"shipping-taxable","12":"purchasable","13":"product-type-simple"},"acf":[],"yoast_head":"<!-- This site is optimized with the Yoast SEO Premium plugin v25.2 (Yoast SEO v25.2) - https:\/\/yoast.com\/wordpress\/plugins\/seo\/ -->\n<title>Reflections of Life: The Shattered Timeline CE - \u00bfEres capaz de evitar que el tiempo se acabe y salvar a las Hermanas Celestiales?<\/title>\n<meta name=\"description\" content=\"Emb\u00e1rcate en una impresionante aventura c\u00f3smica con Reflections of Life - The Shattered Timeline Collector&#039;s Edition y sum\u00e9rgete en un mundo donde el tiempo pende de un hilo.\" \/>\n<meta name=\"robots\" content=\"index, follow, max-snippet:-1, max-image-preview:large, max-video-preview:-1\" \/>\n<link rel=\"canonical\" href=\"https:\/\/www.iplay.com\/es\/games\/reflections-of-life-the-shattered-timeline-collectors-edition\/\" \/>\n<meta property=\"og:locale\" content=\"es_ES\" \/>\n<meta property=\"og:type\" content=\"article\" \/>\n<meta property=\"og:title\" content=\"Reflections of Life: The Shattered Timeline Collector&#039;s Edition\" \/>\n<meta property=\"og:description\" content=\"Emb\u00e1rcate en una impresionante aventura c\u00f3smica con Reflections of Life - The Shattered Timeline Collector&#039;s Edition y sum\u00e9rgete en un mundo donde el tiempo pende de un hilo.\" \/>\n<meta property=\"og:url\" content=\"https:\/\/www.iplay.com\/es\/games\/reflections-of-life-the-shattered-timeline-collectors-edition\/\" \/>\n<meta property=\"og:site_name\" content=\"IPlay\" \/>\n<meta property=\"og:image\" content=\"https:\/\/www.iplay.com\/wp-content\/uploads\/2024\/10\/reflections_of_life_the-shattered-timeline_ce_large_square_tile_image.webp\" \/>\n\t<meta property=\"og:image:width\" content=\"715\" \/>\n\t<meta property=\"og:image:height\" content=\"485\" \/>\n\t<meta property=\"og:image:type\" content=\"image\/webp\" \/>\n<meta name=\"twitter:card\" content=\"summary_large_image\" \/>\n<meta name=\"twitter:label1\" content=\"Est. reading time\" \/>\n\t<meta name=\"twitter:data1\" content=\"3 minutos\" \/>\n<script type=\"application\/ld+json\" class=\"yoast-schema-graph\">{\"@context\":\"https:\/\/schema.org\",\"@graph\":[{\"@type\":\"WebPage\",\"@id\":\"https:\/\/www.iplay.com\/es\/games\/reflections-of-life-the-shattered-timeline-collectors-edition\/\",\"url\":\"https:\/\/www.iplay.com\/es\/games\/reflections-of-life-the-shattered-timeline-collectors-edition\/\",\"name\":\"Reflections of Life: The Shattered Timeline CE - \u00bfEres capaz de evitar que el tiempo se acabe y salvar a las Hermanas Celestiales?\",\"isPartOf\":{\"@id\":\"https:\/\/www.iplay.com\/en\/#website\"},\"primaryImageOfPage\":{\"@id\":\"https:\/\/www.iplay.com\/es\/games\/reflections-of-life-the-shattered-timeline-collectors-edition\/#primaryimage\"},\"image\":{\"@id\":\"https:\/\/www.iplay.com\/es\/games\/reflections-of-life-the-shattered-timeline-collectors-edition\/#primaryimage\"},\"thumbnailUrl\":\"https:\/\/www.iplay.com\/wp-content\/uploads\/2024\/10\/reflections_of_life_the-shattered-timeline_ce_large_square_tile_image.webp\",\"datePublished\":\"2024-10-16T20:46:54+00:00\",\"description\":\"Emb\u00e1rcate en una impresionante aventura c\u00f3smica con Reflections of Life - The Shattered Timeline Collector's Edition y sum\u00e9rgete en un mundo donde el tiempo pende de un hilo.\",\"breadcrumb\":{\"@id\":\"https:\/\/www.iplay.com\/es\/games\/reflections-of-life-the-shattered-timeline-collectors-edition\/#breadcrumb\"},\"inLanguage\":\"es\",\"potentialAction\":[{\"@type\":\"ReadAction\",\"target\":[\"https:\/\/www.iplay.com\/es\/games\/reflections-of-life-the-shattered-timeline-collectors-edition\/\"]}]},{\"@type\":\"ImageObject\",\"inLanguage\":\"es\",\"@id\":\"https:\/\/www.iplay.com\/es\/games\/reflections-of-life-the-shattered-timeline-collectors-edition\/#primaryimage\",\"url\":\"https:\/\/www.iplay.com\/wp-content\/uploads\/2024\/10\/reflections_of_life_the-shattered-timeline_ce_large_square_tile_image.webp\",\"contentUrl\":\"https:\/\/www.iplay.com\/wp-content\/uploads\/2024\/10\/reflections_of_life_the-shattered-timeline_ce_large_square_tile_image.webp\",\"width\":715,\"height\":485},{\"@type\":\"BreadcrumbList\",\"@id\":\"https:\/\/www.iplay.com\/es\/games\/reflections-of-life-the-shattered-timeline-collectors-edition\/#breadcrumb\",\"itemListElement\":[{\"@type\":\"ListItem\",\"position\":1,\"name\":\"Home\",\"item\":\"https:\/\/www.iplay.com\/es\/home-page-2\/\"},{\"@type\":\"ListItem\",\"position\":2,\"name\":\"Shop\",\"item\":\"https:\/\/www.iplay.com\/en\/shop\/\"},{\"@type\":\"ListItem\",\"position\":3,\"name\":\"Reflections of Life: The Shattered Timeline Collector&#8217;s Edition\"}]},{\"@type\":\"WebSite\",\"@id\":\"https:\/\/www.iplay.com\/en\/#website\",\"url\":\"https:\/\/www.iplay.com\/en\/\",\"name\":\"IPlay\",\"description\":\"The Best Casual Games!\",\"publisher\":{\"@id\":\"https:\/\/www.iplay.com\/en\/#organization\"},\"potentialAction\":[{\"@type\":\"SearchAction\",\"target\":{\"@type\":\"EntryPoint\",\"urlTemplate\":\"https:\/\/www.iplay.com\/en\/?s={search_term_string}\"},\"query-input\":{\"@type\":\"PropertyValueSpecification\",\"valueRequired\":true,\"valueName\":\"search_term_string\"}}],\"inLanguage\":\"es\"},{\"@type\":\"Organization\",\"@id\":\"https:\/\/www.iplay.com\/en\/#organization\",\"name\":\"IPlay\",\"url\":\"https:\/\/www.iplay.com\/en\/\",\"logo\":{\"@type\":\"ImageObject\",\"inLanguage\":\"es\",\"@id\":\"https:\/\/www.iplay.com\/en\/#\/schema\/logo\/image\/\",\"url\":\"https:\/\/www.iplay.com\/wp-content\/uploads\/2023\/11\/Group-6100.svg\",\"contentUrl\":\"https:\/\/www.iplay.com\/wp-content\/uploads\/2023\/11\/Group-6100.svg\",\"width\":98,\"height\":25,\"caption\":\"IPlay\"},\"image\":{\"@id\":\"https:\/\/www.iplay.com\/en\/#\/schema\/logo\/image\/\"}}]}<\/script>\n<!-- \/ Yoast SEO Premium plugin. -->","yoast_head_json":{"title":"Reflections of Life: The Shattered Timeline CE - \u00bfEres capaz de evitar que el tiempo se acabe y salvar a las Hermanas Celestiales?","description":"Emb\u00e1rcate en una impresionante aventura c\u00f3smica con Reflections of Life - The Shattered Timeline Collector's Edition y sum\u00e9rgete en un mundo donde el tiempo pende de un hilo.","robots":{"index":"index","follow":"follow","max-snippet":"max-snippet:-1","max-image-preview":"max-image-preview:large","max-video-preview":"max-video-preview:-1"},"canonical":"https:\/\/www.iplay.com\/es\/games\/reflections-of-life-the-shattered-timeline-collectors-edition\/","og_locale":"es_ES","og_type":"article","og_title":"Reflections of Life: The Shattered Timeline Collector's Edition","og_description":"Emb\u00e1rcate en una impresionante aventura c\u00f3smica con Reflections of Life - The Shattered Timeline Collector's Edition y sum\u00e9rgete en un mundo donde el tiempo pende de un hilo.","og_url":"https:\/\/www.iplay.com\/es\/games\/reflections-of-life-the-shattered-timeline-collectors-edition\/","og_site_name":"IPlay","og_image":[{"width":715,"height":485,"url":"https:\/\/www.iplay.com\/wp-content\/uploads\/2024\/10\/reflections_of_life_the-shattered-timeline_ce_large_square_tile_image.webp","type":"image\/webp"}],"twitter_card":"summary_large_image","twitter_misc":{"Est. reading time":"3 minutos"},"schema":{"@context":"https:\/\/schema.org","@graph":[{"@type":"WebPage","@id":"https:\/\/www.iplay.com\/es\/games\/reflections-of-life-the-shattered-timeline-collectors-edition\/","url":"https:\/\/www.iplay.com\/es\/games\/reflections-of-life-the-shattered-timeline-collectors-edition\/","name":"Reflections of Life: The Shattered Timeline CE - \u00bfEres capaz de evitar que el tiempo se acabe y salvar a las Hermanas Celestiales?","isPartOf":{"@id":"https:\/\/www.iplay.com\/en\/#website"},"primaryImageOfPage":{"@id":"https:\/\/www.iplay.com\/es\/games\/reflections-of-life-the-shattered-timeline-collectors-edition\/#primaryimage"},"image":{"@id":"https:\/\/www.iplay.com\/es\/games\/reflections-of-life-the-shattered-timeline-collectors-edition\/#primaryimage"},"thumbnailUrl":"https:\/\/www.iplay.com\/wp-content\/uploads\/2024\/10\/reflections_of_life_the-shattered-timeline_ce_large_square_tile_image.webp","datePublished":"2024-10-16T20:46:54+00:00","description":"Emb\u00e1rcate en una impresionante aventura c\u00f3smica con Reflections of Life - The Shattered Timeline Collector's Edition y sum\u00e9rgete en un mundo donde el tiempo pende de un hilo.","breadcrumb":{"@id":"https:\/\/www.iplay.com\/es\/games\/reflections-of-life-the-shattered-timeline-collectors-edition\/#breadcrumb"},"inLanguage":"es","potentialAction":[{"@type":"ReadAction","target":["https:\/\/www.iplay.com\/es\/games\/reflections-of-life-the-shattered-timeline-collectors-edition\/"]}]},{"@type":"ImageObject","inLanguage":"es","@id":"https:\/\/www.iplay.com\/es\/games\/reflections-of-life-the-shattered-timeline-collectors-edition\/#primaryimage","url":"https:\/\/www.iplay.com\/wp-content\/uploads\/2024\/10\/reflections_of_life_the-shattered-timeline_ce_large_square_tile_image.webp","contentUrl":"https:\/\/www.iplay.com\/wp-content\/uploads\/2024\/10\/reflections_of_life_the-shattered-timeline_ce_large_square_tile_image.webp","width":715,"height":485},{"@type":"BreadcrumbList","@id":"https:\/\/www.iplay.com\/es\/games\/reflections-of-life-the-shattered-timeline-collectors-edition\/#breadcrumb","itemListElement":[{"@type":"ListItem","position":1,"name":"Home","item":"https:\/\/www.iplay.com\/es\/home-page-2\/"},{"@type":"ListItem","position":2,"name":"Shop","item":"https:\/\/www.iplay.com\/en\/shop\/"},{"@type":"ListItem","position":3,"name":"Reflections of Life: The Shattered Timeline Collector&#8217;s Edition"}]},{"@type":"WebSite","@id":"https:\/\/www.iplay.com\/en\/#website","url":"https:\/\/www.iplay.com\/en\/","name":"IPlay","description":"The Best Casual Games!","publisher":{"@id":"https:\/\/www.iplay.com\/en\/#organization"},"potentialAction":[{"@type":"SearchAction","target":{"@type":"EntryPoint","urlTemplate":"https:\/\/www.iplay.com\/en\/?s={search_term_string}"},"query-input":{"@type":"PropertyValueSpecification","valueRequired":true,"valueName":"search_term_string"}}],"inLanguage":"es"},{"@type":"Organization","@id":"https:\/\/www.iplay.com\/en\/#organization","name":"IPlay","url":"https:\/\/www.iplay.com\/en\/","logo":{"@type":"ImageObject","inLanguage":"es","@id":"https:\/\/www.iplay.com\/en\/#\/schema\/logo\/image\/","url":"https:\/\/www.iplay.com\/wp-content\/uploads\/2023\/11\/Group-6100.svg","contentUrl":"https:\/\/www.iplay.com\/wp-content\/uploads\/2023\/11\/Group-6100.svg","width":98,"height":25,"caption":"IPlay"},"image":{"@id":"https:\/\/www.iplay.com\/en\/#\/schema\/logo\/image\/"}}]}},"_links":{"self":[{"href":"https:\/\/www.iplay.com\/es\/wp-json\/wp\/v2\/product\/127495","targetHints":{"allow":["GET"]}}],"collection":[{"href":"https:\/\/www.iplay.com\/es\/wp-json\/wp\/v2\/product"}],"about":[{"href":"https:\/\/www.iplay.com\/es\/wp-json\/wp\/v2\/types\/product"}],"author":[{"embeddable":true,"href":"https:\/\/www.iplay.com\/es\/wp-json\/wp\/v2\/users\/17"}],"replies":[{"embeddable":true,"href":"https:\/\/www.iplay.com\/es\/wp-json\/wp\/v2\/comments?post=127495"}],"wp:featuredmedia":[{"embeddable":true,"href":"https:\/\/www.iplay.com\/es\/wp-json\/wp\/v2\/media\/123967"}],"wp:attachment":[{"href":"https:\/\/www.iplay.com\/es\/wp-json\/wp\/v2\/media?parent=127495"}],"wp:term":[{"taxonomy":"product_brand","embeddable":true,"href":"https:\/\/www.iplay.com\/es\/wp-json\/wp\/v2\/product_brand?post=127495"},{"taxonomy":"product_cat","embeddable":true,"href":"https:\/\/www.iplay.com\/es\/wp-json\/wp\/v2\/product_cat?post=127495"},{"taxonomy":"product_tag","embeddable":true,"href":"https:\/\/www.iplay.com\/es\/wp-json\/wp\/v2\/product_tag?post=127495"}],"curies":[{"name":"wp","href":"https:\/\/api.w.org\/{rel}","templated":true}]}}