{"id":127494,"date":"2024-10-16T20:43:09","date_gmt":"2024-10-16T20:43:09","guid":{"rendered":"https:\/\/www.iplay.com\/games\/secrets-of-magic-spooktacular-bundle\/"},"modified":"2024-10-16T20:43:09","modified_gmt":"2024-10-16T20:43:09","slug":"secrets-of-magic-spooktacular-bundle","status":"publish","type":"product","link":"https:\/\/www.iplay.com\/es\/games\/secrets-of-magic-spooktacular-bundle\/","title":{"rendered":"Secrets of Magic &#8211; Spooktacular Bundle"},"content":{"rendered":"<p>Prep\u00e1rate para sumergirte en una escalofriante aventura de Halloween y \u00fanete a Victoria mientras se embarca en un emocionante viaje lleno de magia, misterio y desaf\u00edos espeluznantes en este extraordinario paquete de juego. Tanto si eres fan\u00e1tico de la brujer\u00eda, los hechizos o simplemente te encantan las aventuras con tem\u00e1tica de Halloween, esta colecci\u00f3n est\u00e1 dise\u00f1ada para cautivar y entretener. \u00bfEres lo suficientemente valiente como para aventurarte en un mundo donde te esperan brujas, magos y criaturas m\u00edsticas?  <\/p>\n<p>&nbsp;<\/p>\n<p><em>Secretos de la Magia: El Libro de los Hechizos<\/em><\/p>\n<p>En este cuento m\u00e1gico, los jugadores ser\u00e1n transportados a un mundo fant\u00e1stico repleto de magos y brujas. Victoria, nuestra valiente protagonista, debe reunir artefactos especiales y adquirir las habilidades de brujer\u00eda para proteger a sus padres de las garras de la Bruja Malvada. Los reinos encantados por los que viajar\u00e1s guardan muchos secretos, pero es el Libro de los Hechizos el que ser\u00e1 tu gu\u00eda definitiva. Este juego de Match-3 ofrece algo m\u00e1s que puzles: ofrece la oportunidad de aprender poderosos hechizos y dominar el arte de la magia. Una vez que hayas perfeccionado tus habilidades, enfr\u00e9ntate al modo Desaf\u00edo para poner a prueba tus nuevas habilidades en un entorno competitivo.    <\/p>\n<p><strong>Secrets of Magic 2: Brujas y magos<\/strong><\/p>\n<p>El viaje de Victoria contin\u00faa mientras domina sus habilidades m\u00e1gicas y se prepara para enfrentarse a Agnes, la formidable villana que amenaza su mundo. Con sus poderes completamente realizados, Victoria debe unirse con otras brujas y magos para embarcarse en una batalla \u00e9pica contra las fuerzas del mal. En esta emocionante secuela, te abrir\u00e1s camino a trav\u00e9s de tierras m\u00edsticas y peligrosas, desbloqueando poderes ocultos y descubriendo nuevos desaf\u00edos en el camino. Armado con tu varita y conocimiento encantado, depende de ti liberar a los padres de Victoria y restaurar el equilibrio en el reino m\u00e1gico.   <\/p>\n<p>&nbsp;<\/p>\n<p><strong>Secrets of Magic 3: Feliz Halloween<\/strong><\/p>\n<p>Halloween se acerca r\u00e1pidamente, y Victoria, ahora profesora en la renombrada Academia M\u00edstica de Magia, necesita tu ayuda para prepararse para la noche m\u00e1s espeluznante del a\u00f1o. En este juego, la creatividad y la resoluci\u00f3n de acertijos se combinan mientras ayudas a decorar la escuela para una celebraci\u00f3n embrujada como ninguna otra. A medida que avanzas en esta aventura fantasmal, encontrar\u00e1s desafiantes acertijos de Match-3 y emocionantes potenciadores que te har\u00e1n ganar oro para comprar decoraciones extraordinarias de Halloween. \u00a1Desbloquea nuevos objetos, enfr\u00e9ntate a obst\u00e1culos complicados y prep\u00e1rate para convertir la Academia M\u00edstica en un lugar de maravillas espeluznantes!   <\/p>\n<p><strong>Secretos de la Magia 4: Maestro de Pociones<\/strong><\/p>\n<p>Victoria regresa con una nueva aventura, pero esta vez no est\u00e1 sola. Su talentosa alumna, Beatrix, est\u00e1 ansiosa por probarse a s\u00ed misma y convertirse en una maestra de pociones. Juntos, se embarcan en una b\u00fasqueda para encontrar ingredientes raros y extraordinarios escondidos en las profundidades del Bosque Prohibido. Sin embargo, este bosque no es un lugar cualquiera: est\u00e1 lleno de criaturas m\u00e1gicas y fuerzas oscuras que esperan poner a prueba su valent\u00eda. En este cap\u00edtulo de la serie, los jugadores explorar\u00e1n paisajes encantados, crear\u00e1n poderosas pociones y se enfrentar\u00e1n a una variedad de enemigos m\u00edticos en su b\u00fasqueda de la maestr\u00eda m\u00e1gica. El mundo de la brujer\u00eda nunca ha sido m\u00e1s emocionante o inmersivo.     <\/p>\n<p><strong>Secretos de la Magia 5: Vuelta al cole<\/strong><\/p>\n<p>Victoria y Beatrix regresan una vez m\u00e1s a la Escuela de Magia, y justo a tiempo para la temporada m\u00e1s m\u00e1gica del a\u00f1o: \u00a1Halloween! En esta \u00faltima entrega, las dos brujas necesitan tu ayuda para transformar la escuela en un lugar espectacularmente espeluznante para las festividades de Halloween. Con hermosos acertijos para resolver y una jugabilidad innovadora para disfrutar, este juego de Match-3 ofrece un nuevo nivel de emoci\u00f3n y diversi\u00f3n. \u00a1Desbloquea decoraciones \u00fanicas, supera nuevos desaf\u00edos y haz de este Halloween el m\u00e1s encantador hasta ahora!   <\/p>\n<p><strong>Por qu\u00e9 este paquete de juegos es imperdible:<\/strong><\/p>\n<p>Este paquete de Secrets of Magic ofrece horas de entretenimiento m\u00e1gico, combinando historias cautivadoras, acertijos intrincados y diversi\u00f3n con tem\u00e1tica de Halloween. Cada juego de la serie se basa en el anterior, asegurando que los jugadores permanezcan comprometidos a medida que se sumergen m\u00e1s profundamente en el mundo de la brujer\u00eda y la aventura. Ya sea que est\u00e9s decorando la escuela para Halloween o navegando por el misterioso Bosque Prohibido, cada momento est\u00e1 dise\u00f1ado para mantenerte al borde de tu asiento.  <\/p>\n<p>&nbsp;<\/p>\n<p><strong>\u00bfQu\u00e9 hace que este paquete se destaque?<\/strong><\/p>\n<p>Historias ricas: Cada juego cuenta una parte \u00fanica del viaje m\u00e1gico de Victoria, mezclando fantas\u00eda, misterio y aventura de una manera que mantendr\u00e1 a los jugadores intrigados de principio a fin.<br \/>\nDesafiante juego de combina 3: con acertijos que se vuelven progresivamente m\u00e1s dif\u00edciles, los jugadores de todos los niveles de habilidad disfrutar\u00e1n y satisfar\u00e1n al completar cada nivel.<br \/>\nDiversi\u00f3n interactiva de Halloween: Desde decoraciones espeluznantes hasta emocionantes misiones, esta colecci\u00f3n ofrece la combinaci\u00f3n perfecta de emoci\u00f3n espeluznante para los amantes de Halloween.<br \/>\nGr\u00e1ficos vibrantes y mundos inmersivos: Los reinos m\u00e1gicos del juego cobran vida con impresionantes efectos visuales, animaciones animadas y bandas sonoras atmosf\u00e9ricas que hacen que cada aventura se sienta real.<\/p>\n<p>Con cinco juegos incluidos en este paquete, innumerables horas de diversi\u00f3n est\u00e1n garantizadas mientras ayudas a Victoria y sus compa\u00f1eros a superar fuerzas oscuras, resolver misterios y celebrar la magia de Halloween. Ya sea que est\u00e9s luchando contra brujas malvadas, elaborando pociones o decorando una escuela embrujada, cada paso de esta aventura est\u00e1 dise\u00f1ado para ser entretenido, atractivo e inolvidable.<\/p>\n","protected":false},"excerpt":{"rendered":"<p>Con cinco juegos incluidos en este paquete, innumerables horas de diversi\u00f3n est\u00e1n garantizadas mientras ayudas a Victoria y sus compa\u00f1eros a superar fuerzas oscuras, resolver misterios y celebrar la magia de Halloween.<\/p>\n","protected":false},"author":22,"featured_media":39039,"comment_status":"open","ping_status":"closed","template":"","meta":{"_acf_changed":false,"inline_featured_image":false},"product_brand":[],"product_cat":[178],"product_tag":[288],"class_list":{"0":"post-127494","1":"product","2":"type-product","3":"status-publish","4":"has-post-thumbnail","6":"product_cat-match-3-es","7":"product_tag-play-on-pc-es","9":"first","10":"instock","11":"shipping-taxable","12":"purchasable","13":"product-type-simple"},"acf":[],"yoast_head":"<!-- This site is optimized with the Yoast SEO Premium plugin v25.2 (Yoast SEO v25.2) - https:\/\/yoast.com\/wordpress\/plugins\/seo\/ -->\n<title>Secrets of Magic - Paquete Espeluznante - \u00a1Prep\u00e1rate para un emocionante Halloween!<\/title>\n<meta name=\"description\" content=\"Con cinco juegos incluidos en este paquete, innumerables horas de diversi\u00f3n est\u00e1n garantizadas mientras ayudas a Victoria y sus compa\u00f1eros a superar fuerzas oscuras, resolver misterios y celebrar la magia de Halloween.\" \/>\n<meta name=\"robots\" content=\"index, follow, max-snippet:-1, max-image-preview:large, max-video-preview:-1\" \/>\n<link rel=\"canonical\" href=\"https:\/\/www.iplay.com\/es\/games\/secrets-of-magic-spooktacular-bundle\/\" \/>\n<meta property=\"og:locale\" content=\"es_ES\" \/>\n<meta property=\"og:type\" content=\"article\" \/>\n<meta property=\"og:title\" content=\"Secrets of Magic - Spooktacular Bundle\" \/>\n<meta property=\"og:description\" content=\"Con cinco juegos incluidos en este paquete, innumerables horas de diversi\u00f3n est\u00e1n garantizadas mientras ayudas a Victoria y sus compa\u00f1eros a superar fuerzas oscuras, resolver misterios y celebrar la magia de Halloween.\" \/>\n<meta property=\"og:url\" content=\"https:\/\/www.iplay.com\/es\/games\/secrets-of-magic-spooktacular-bundle\/\" \/>\n<meta property=\"og:site_name\" content=\"IPlay\" \/>\n<meta property=\"og:image\" content=\"https:\/\/www.iplay.com\/wp-content\/uploads\/2024\/09\/400x400-secrets_of_magic_-_spooktacular_bundle_large_square_tile_image.webp\" \/>\n\t<meta property=\"og:image:width\" content=\"400\" \/>\n\t<meta property=\"og:image:height\" content=\"400\" \/>\n\t<meta property=\"og:image:type\" content=\"image\/webp\" \/>\n<meta name=\"twitter:card\" content=\"summary_large_image\" \/>\n<meta name=\"twitter:label1\" content=\"Est. reading time\" \/>\n\t<meta name=\"twitter:data1\" content=\"5 minutos\" \/>\n<script type=\"application\/ld+json\" class=\"yoast-schema-graph\">{\"@context\":\"https:\/\/schema.org\",\"@graph\":[{\"@type\":\"WebPage\",\"@id\":\"https:\/\/www.iplay.com\/es\/games\/secrets-of-magic-spooktacular-bundle\/\",\"url\":\"https:\/\/www.iplay.com\/es\/games\/secrets-of-magic-spooktacular-bundle\/\",\"name\":\"Secrets of Magic - Paquete Espeluznante - \u00a1Prep\u00e1rate para un emocionante Halloween!\",\"isPartOf\":{\"@id\":\"https:\/\/www.iplay.com\/en\/#website\"},\"primaryImageOfPage\":{\"@id\":\"https:\/\/www.iplay.com\/es\/games\/secrets-of-magic-spooktacular-bundle\/#primaryimage\"},\"image\":{\"@id\":\"https:\/\/www.iplay.com\/es\/games\/secrets-of-magic-spooktacular-bundle\/#primaryimage\"},\"thumbnailUrl\":\"https:\/\/www.iplay.com\/wp-content\/uploads\/2024\/09\/400x400-secrets_of_magic_-_spooktacular_bundle_large_square_tile_image.webp\",\"datePublished\":\"2024-10-16T20:43:09+00:00\",\"description\":\"Con cinco juegos incluidos en este paquete, innumerables horas de diversi\u00f3n est\u00e1n garantizadas mientras ayudas a Victoria y sus compa\u00f1eros a superar fuerzas oscuras, resolver misterios y celebrar la magia de Halloween.\",\"breadcrumb\":{\"@id\":\"https:\/\/www.iplay.com\/es\/games\/secrets-of-magic-spooktacular-bundle\/#breadcrumb\"},\"inLanguage\":\"es\",\"potentialAction\":[{\"@type\":\"ReadAction\",\"target\":[\"https:\/\/www.iplay.com\/es\/games\/secrets-of-magic-spooktacular-bundle\/\"]}]},{\"@type\":\"ImageObject\",\"inLanguage\":\"es\",\"@id\":\"https:\/\/www.iplay.com\/es\/games\/secrets-of-magic-spooktacular-bundle\/#primaryimage\",\"url\":\"https:\/\/www.iplay.com\/wp-content\/uploads\/2024\/09\/400x400-secrets_of_magic_-_spooktacular_bundle_large_square_tile_image.webp\",\"contentUrl\":\"https:\/\/www.iplay.com\/wp-content\/uploads\/2024\/09\/400x400-secrets_of_magic_-_spooktacular_bundle_large_square_tile_image.webp\",\"width\":400,\"height\":400},{\"@type\":\"BreadcrumbList\",\"@id\":\"https:\/\/www.iplay.com\/es\/games\/secrets-of-magic-spooktacular-bundle\/#breadcrumb\",\"itemListElement\":[{\"@type\":\"ListItem\",\"position\":1,\"name\":\"Home\",\"item\":\"https:\/\/www.iplay.com\/es\/home-page-2\/\"},{\"@type\":\"ListItem\",\"position\":2,\"name\":\"Shop\",\"item\":\"https:\/\/www.iplay.com\/en\/shop\/\"},{\"@type\":\"ListItem\",\"position\":3,\"name\":\"Secrets of Magic &#8211; Spooktacular Bundle\"}]},{\"@type\":\"WebSite\",\"@id\":\"https:\/\/www.iplay.com\/en\/#website\",\"url\":\"https:\/\/www.iplay.com\/en\/\",\"name\":\"IPlay\",\"description\":\"The Best Casual Games!\",\"publisher\":{\"@id\":\"https:\/\/www.iplay.com\/en\/#organization\"},\"potentialAction\":[{\"@type\":\"SearchAction\",\"target\":{\"@type\":\"EntryPoint\",\"urlTemplate\":\"https:\/\/www.iplay.com\/en\/?s={search_term_string}\"},\"query-input\":{\"@type\":\"PropertyValueSpecification\",\"valueRequired\":true,\"valueName\":\"search_term_string\"}}],\"inLanguage\":\"es\"},{\"@type\":\"Organization\",\"@id\":\"https:\/\/www.iplay.com\/en\/#organization\",\"name\":\"IPlay\",\"url\":\"https:\/\/www.iplay.com\/en\/\",\"logo\":{\"@type\":\"ImageObject\",\"inLanguage\":\"es\",\"@id\":\"https:\/\/www.iplay.com\/en\/#\/schema\/logo\/image\/\",\"url\":\"https:\/\/www.iplay.com\/wp-content\/uploads\/2023\/11\/Group-6100.svg\",\"contentUrl\":\"https:\/\/www.iplay.com\/wp-content\/uploads\/2023\/11\/Group-6100.svg\",\"width\":98,\"height\":25,\"caption\":\"IPlay\"},\"image\":{\"@id\":\"https:\/\/www.iplay.com\/en\/#\/schema\/logo\/image\/\"}}]}<\/script>\n<!-- \/ Yoast SEO Premium plugin. -->","yoast_head_json":{"title":"Secrets of Magic - Paquete Espeluznante - \u00a1Prep\u00e1rate para un emocionante Halloween!","description":"Con cinco juegos incluidos en este paquete, innumerables horas de diversi\u00f3n est\u00e1n garantizadas mientras ayudas a Victoria y sus compa\u00f1eros a superar fuerzas oscuras, resolver misterios y celebrar la magia de Halloween.","robots":{"index":"index","follow":"follow","max-snippet":"max-snippet:-1","max-image-preview":"max-image-preview:large","max-video-preview":"max-video-preview:-1"},"canonical":"https:\/\/www.iplay.com\/es\/games\/secrets-of-magic-spooktacular-bundle\/","og_locale":"es_ES","og_type":"article","og_title":"Secrets of Magic - Spooktacular Bundle","og_description":"Con cinco juegos incluidos en este paquete, innumerables horas de diversi\u00f3n est\u00e1n garantizadas mientras ayudas a Victoria y sus compa\u00f1eros a superar fuerzas oscuras, resolver misterios y celebrar la magia de Halloween.","og_url":"https:\/\/www.iplay.com\/es\/games\/secrets-of-magic-spooktacular-bundle\/","og_site_name":"IPlay","og_image":[{"width":400,"height":400,"url":"https:\/\/www.iplay.com\/wp-content\/uploads\/2024\/09\/400x400-secrets_of_magic_-_spooktacular_bundle_large_square_tile_image.webp","type":"image\/webp"}],"twitter_card":"summary_large_image","twitter_misc":{"Est. reading time":"5 minutos"},"schema":{"@context":"https:\/\/schema.org","@graph":[{"@type":"WebPage","@id":"https:\/\/www.iplay.com\/es\/games\/secrets-of-magic-spooktacular-bundle\/","url":"https:\/\/www.iplay.com\/es\/games\/secrets-of-magic-spooktacular-bundle\/","name":"Secrets of Magic - Paquete Espeluznante - \u00a1Prep\u00e1rate para un emocionante Halloween!","isPartOf":{"@id":"https:\/\/www.iplay.com\/en\/#website"},"primaryImageOfPage":{"@id":"https:\/\/www.iplay.com\/es\/games\/secrets-of-magic-spooktacular-bundle\/#primaryimage"},"image":{"@id":"https:\/\/www.iplay.com\/es\/games\/secrets-of-magic-spooktacular-bundle\/#primaryimage"},"thumbnailUrl":"https:\/\/www.iplay.com\/wp-content\/uploads\/2024\/09\/400x400-secrets_of_magic_-_spooktacular_bundle_large_square_tile_image.webp","datePublished":"2024-10-16T20:43:09+00:00","description":"Con cinco juegos incluidos en este paquete, innumerables horas de diversi\u00f3n est\u00e1n garantizadas mientras ayudas a Victoria y sus compa\u00f1eros a superar fuerzas oscuras, resolver misterios y celebrar la magia de Halloween.","breadcrumb":{"@id":"https:\/\/www.iplay.com\/es\/games\/secrets-of-magic-spooktacular-bundle\/#breadcrumb"},"inLanguage":"es","potentialAction":[{"@type":"ReadAction","target":["https:\/\/www.iplay.com\/es\/games\/secrets-of-magic-spooktacular-bundle\/"]}]},{"@type":"ImageObject","inLanguage":"es","@id":"https:\/\/www.iplay.com\/es\/games\/secrets-of-magic-spooktacular-bundle\/#primaryimage","url":"https:\/\/www.iplay.com\/wp-content\/uploads\/2024\/09\/400x400-secrets_of_magic_-_spooktacular_bundle_large_square_tile_image.webp","contentUrl":"https:\/\/www.iplay.com\/wp-content\/uploads\/2024\/09\/400x400-secrets_of_magic_-_spooktacular_bundle_large_square_tile_image.webp","width":400,"height":400},{"@type":"BreadcrumbList","@id":"https:\/\/www.iplay.com\/es\/games\/secrets-of-magic-spooktacular-bundle\/#breadcrumb","itemListElement":[{"@type":"ListItem","position":1,"name":"Home","item":"https:\/\/www.iplay.com\/es\/home-page-2\/"},{"@type":"ListItem","position":2,"name":"Shop","item":"https:\/\/www.iplay.com\/en\/shop\/"},{"@type":"ListItem","position":3,"name":"Secrets of Magic &#8211; Spooktacular Bundle"}]},{"@type":"WebSite","@id":"https:\/\/www.iplay.com\/en\/#website","url":"https:\/\/www.iplay.com\/en\/","name":"IPlay","description":"The Best Casual Games!","publisher":{"@id":"https:\/\/www.iplay.com\/en\/#organization"},"potentialAction":[{"@type":"SearchAction","target":{"@type":"EntryPoint","urlTemplate":"https:\/\/www.iplay.com\/en\/?s={search_term_string}"},"query-input":{"@type":"PropertyValueSpecification","valueRequired":true,"valueName":"search_term_string"}}],"inLanguage":"es"},{"@type":"Organization","@id":"https:\/\/www.iplay.com\/en\/#organization","name":"IPlay","url":"https:\/\/www.iplay.com\/en\/","logo":{"@type":"ImageObject","inLanguage":"es","@id":"https:\/\/www.iplay.com\/en\/#\/schema\/logo\/image\/","url":"https:\/\/www.iplay.com\/wp-content\/uploads\/2023\/11\/Group-6100.svg","contentUrl":"https:\/\/www.iplay.com\/wp-content\/uploads\/2023\/11\/Group-6100.svg","width":98,"height":25,"caption":"IPlay"},"image":{"@id":"https:\/\/www.iplay.com\/en\/#\/schema\/logo\/image\/"}}]}},"_links":{"self":[{"href":"https:\/\/www.iplay.com\/es\/wp-json\/wp\/v2\/product\/127494","targetHints":{"allow":["GET"]}}],"collection":[{"href":"https:\/\/www.iplay.com\/es\/wp-json\/wp\/v2\/product"}],"about":[{"href":"https:\/\/www.iplay.com\/es\/wp-json\/wp\/v2\/types\/product"}],"author":[{"embeddable":true,"href":"https:\/\/www.iplay.com\/es\/wp-json\/wp\/v2\/users\/22"}],"replies":[{"embeddable":true,"href":"https:\/\/www.iplay.com\/es\/wp-json\/wp\/v2\/comments?post=127494"}],"wp:featuredmedia":[{"embeddable":true,"href":"https:\/\/www.iplay.com\/es\/wp-json\/wp\/v2\/media\/39039"}],"wp:attachment":[{"href":"https:\/\/www.iplay.com\/es\/wp-json\/wp\/v2\/media?parent=127494"}],"wp:term":[{"taxonomy":"product_brand","embeddable":true,"href":"https:\/\/www.iplay.com\/es\/wp-json\/wp\/v2\/product_brand?post=127494"},{"taxonomy":"product_cat","embeddable":true,"href":"https:\/\/www.iplay.com\/es\/wp-json\/wp\/v2\/product_cat?post=127494"},{"taxonomy":"product_tag","embeddable":true,"href":"https:\/\/www.iplay.com\/es\/wp-json\/wp\/v2\/product_tag?post=127494"}],"curies":[{"name":"wp","href":"https:\/\/api.w.org\/{rel}","templated":true}]}}