{"id":127483,"date":"2024-10-11T08:00:39","date_gmt":"2024-10-11T08:00:39","guid":{"rendered":"https:\/\/www.iplay.com\/games\/clearit-to-mars\/"},"modified":"2024-10-11T08:00:39","modified_gmt":"2024-10-11T08:00:39","slug":"clearit-to-mars","status":"publish","type":"product","link":"https:\/\/www.iplay.com\/es\/games\/clearit-to-mars\/","title":{"rendered":"ClearIt To Mars"},"content":{"rendered":"<p>ClearIt To Mars ofrece una experiencia de rompecabezas atractiva y colorida que es f\u00e1cil de entender y cada vez m\u00e1s desafiante a medida que avanzas. Este vibrante juego, dise\u00f1ado para entretener durante horas, ofrece una variedad de niveles que mantendr\u00e1n enganchados tanto a los jugadores ocasionales como a los entusiastas de los rompecabezas. Con 200 niveles para conquistar, cada uno con diferentes grados de complejidad, tienes garantizadas horas de juego inmersivo.  <\/p>\n<p>En el centro de cada nivel hay una imagen cautivadora formada por bolas de colores brillantes. Tu tarea es despejar el campo disparando pelotas estrat\u00e9gicamente desde los bordes de la pantalla. Las bolas est\u00e1n ubicadas en los cuatro lados (izquierdo, derecho, superior e inferior) a la espera de ser seleccionadas y disparadas en l\u00ednea recta hacia el centro. El objetivo es hacer coincidir bolas del mismo color, que desaparecer\u00e1n cuando entren en contacto entre s\u00ed. Tu reto es hacer que todas las bolas desaparezcan, despejando el campo por completo.    <\/p>\n<p>A medida que avanza el juego, los acertijos aumentan en complejidad, lo que garantiza que cada nivel brinde una experiencia fresca y estimulante. Con cinco modos de juego diferentes, hay muchas formas de desafiar tu mente y mantenerte entretenido. <\/p>\n<p><strong>Funciones<\/strong><\/p>\n<ul>\n<li><em>200 niveles atractivos:<\/em> Sum\u00e9rgete en una variedad de acertijos a lo largo de 200 niveles, cada uno de los cuales ofrece un desaf\u00edo \u00fanico a medida que aumenta la complejidad.<\/li>\n<li><em>Animaci\u00f3n colorida y animada:<\/em> Disfruta de animaciones v\u00edvidas y din\u00e1micas que hacen que el juego sea visualmente atractivo y agradable. Los dise\u00f1os brillantes y coloridos aseguran que cada momento sea llamativo y divertido. <\/li>\n<li><em>Jugabilidad f\u00e1cil de entender:<\/em> La mec\u00e1nica es intuitiva: basta con disparar a las bolas desde los bordes y hacer coincidir los colores para hacerlas desaparecer. Pero no te dejes enga\u00f1ar por su simplicidad; El aumento de la dificultad har\u00e1 que vuelvas a por m\u00e1s. <\/li>\n<li><em>Cinco modos de juego:<\/em> Explora cinco modos de juego distintos, que ofrecen diferentes enfoques a los acertijos y agregan variedad a tu experiencia.<\/li>\n<li><em>Tiempo de juego ilimitado:<\/em> No hay presi\u00f3n de tiempo en ClearIt To Mars. Puedes tomarte tu tiempo para resolver cada rompecabezas, perfecto para los jugadores que disfrutan de una experiencia de juego relajada y reflexiva. Sin embargo, a medida que avanzas, las etapas se vuelven m\u00e1s intrincadas, manteniendo el desaf\u00edo fresco y emocionante.  <\/li>\n<li><em>Diez horas de juego:<\/em> Con alrededor de diez horas de contenido, ClearIt To Mars ofrece un gran valor, lo que lo convierte en una opci\u00f3n ideal para aquellos que buscan un juego que los mantenga entretenidos durante varias sesiones.<\/li>\n<\/ul>\n<p>&nbsp;<\/p>\n<p>Por qu\u00e9 vale la pena dedicar tiempo a ClearIt To Mars:<\/p>\n<p>ClearIt To Mars se destaca como una combinaci\u00f3n perfecta de diversi\u00f3n, desaf\u00edo y relajaci\u00f3n. Ya sea que est\u00e9 buscando un descanso r\u00e1pido durante el d\u00eda o una sesi\u00f3n m\u00e1s larga de estimulaci\u00f3n mental, este juego ofrece el equilibrio perfecto. Su mec\u00e1nica simple lo hace accesible para los principiantes, mientras que la creciente complejidad y variedad en los modos de juego brindan una experiencia gratificante para los fan\u00e1ticos experimentados de los rompecabezas.  <\/p>\n<p>Este juego es m\u00e1s que un rompecabezas colorido: es una prueba satisfactoria de estrategia y habilidad, con la ventaja adicional de im\u00e1genes vibrantes que hacen que cada nivel sea una delicia para jugar. Los 200 niveles garantizan que siempre haya algo nuevo que explorar y, sin l\u00edmites de tiempo, puedes tomarte tu tiempo para disfrutar plenamente de cada rompecabezas a tu propio ritmo. <\/p>\n<p>Si eres fan\u00e1tico de los rompecabezas que desaf\u00edan progresivamente tus habilidades al tiempo que ofrecen una experiencia visualmente din\u00e1mica, ClearIt To Mars es un juego imprescindible. Es un juego que te invita a relajarte, poner a prueba tu estrategia y divertirte, todo mientras disfrutas de hermosas animaciones y una jugabilidad fluida.<\/p>\n","protected":false},"excerpt":{"rendered":"<p><strong>ClearIt To Mars<\/strong> &#8211; La combinaci\u00f3n perfecta de diversi\u00f3n, desaf\u00edo y relajaci\u00f3n.<\/p>\n","protected":false},"author":36,"featured_media":39012,"comment_status":"open","ping_status":"closed","template":"","meta":{"_acf_changed":false,"inline_featured_image":false},"product_brand":[],"product_cat":[178,192],"product_tag":[288],"class_list":{"0":"post-127483","1":"product","2":"type-product","3":"status-publish","4":"has-post-thumbnail","6":"product_cat-match-3-es","7":"product_cat-puzzle-es","8":"product_tag-play-on-pc-es","10":"first","11":"instock","12":"shipping-taxable","13":"purchasable","14":"product-type-simple"},"acf":[],"yoast_head":"<!-- This site is optimized with the Yoast SEO Premium plugin v25.2 (Yoast SEO v25.2) - https:\/\/yoast.com\/wordpress\/plugins\/seo\/ -->\n<title>\u00a1ClearIt To Mars!- \u00a1Combina 3 en una misi\u00f3n al planeta rojo!<\/title>\n<meta name=\"description\" content=\"ClearIt To Mars - La combinaci\u00f3n perfecta de diversi\u00f3n, desaf\u00edo y relajaci\u00f3n.\" \/>\n<meta name=\"robots\" content=\"index, follow, max-snippet:-1, max-image-preview:large, max-video-preview:-1\" \/>\n<link rel=\"canonical\" href=\"https:\/\/www.iplay.com\/es\/games\/clearit-to-mars\/\" \/>\n<meta property=\"og:locale\" content=\"es_ES\" \/>\n<meta property=\"og:type\" content=\"article\" \/>\n<meta property=\"og:title\" content=\"ClearIt To Mars\" \/>\n<meta property=\"og:description\" content=\"ClearIt To Mars - La combinaci\u00f3n perfecta de diversi\u00f3n, desaf\u00edo y relajaci\u00f3n.\" \/>\n<meta property=\"og:url\" content=\"https:\/\/www.iplay.com\/es\/games\/clearit-to-mars\/\" \/>\n<meta property=\"og:site_name\" content=\"IPlay\" \/>\n<meta property=\"og:image\" content=\"https:\/\/www.iplay.com\/wp-content\/uploads\/2024\/09\/400x400-clearit_to_mars_large_square_tile_image.webp\" \/>\n\t<meta property=\"og:image:width\" content=\"400\" \/>\n\t<meta property=\"og:image:height\" content=\"400\" \/>\n\t<meta property=\"og:image:type\" content=\"image\/webp\" \/>\n<meta name=\"twitter:card\" content=\"summary_large_image\" \/>\n<meta name=\"twitter:label1\" content=\"Est. reading time\" \/>\n\t<meta name=\"twitter:data1\" content=\"3 minutos\" \/>\n<script type=\"application\/ld+json\" class=\"yoast-schema-graph\">{\"@context\":\"https:\/\/schema.org\",\"@graph\":[{\"@type\":\"WebPage\",\"@id\":\"https:\/\/www.iplay.com\/es\/games\/clearit-to-mars\/\",\"url\":\"https:\/\/www.iplay.com\/es\/games\/clearit-to-mars\/\",\"name\":\"\u00a1ClearIt To Mars!- \u00a1Combina 3 en una misi\u00f3n al planeta rojo!\",\"isPartOf\":{\"@id\":\"https:\/\/www.iplay.com\/en\/#website\"},\"primaryImageOfPage\":{\"@id\":\"https:\/\/www.iplay.com\/es\/games\/clearit-to-mars\/#primaryimage\"},\"image\":{\"@id\":\"https:\/\/www.iplay.com\/es\/games\/clearit-to-mars\/#primaryimage\"},\"thumbnailUrl\":\"https:\/\/www.iplay.com\/wp-content\/uploads\/2024\/09\/400x400-clearit_to_mars_large_square_tile_image.webp\",\"datePublished\":\"2024-10-11T08:00:39+00:00\",\"description\":\"ClearIt To Mars - La combinaci\u00f3n perfecta de diversi\u00f3n, desaf\u00edo y relajaci\u00f3n.\",\"breadcrumb\":{\"@id\":\"https:\/\/www.iplay.com\/es\/games\/clearit-to-mars\/#breadcrumb\"},\"inLanguage\":\"es\",\"potentialAction\":[{\"@type\":\"ReadAction\",\"target\":[\"https:\/\/www.iplay.com\/es\/games\/clearit-to-mars\/\"]}]},{\"@type\":\"ImageObject\",\"inLanguage\":\"es\",\"@id\":\"https:\/\/www.iplay.com\/es\/games\/clearit-to-mars\/#primaryimage\",\"url\":\"https:\/\/www.iplay.com\/wp-content\/uploads\/2024\/09\/400x400-clearit_to_mars_large_square_tile_image.webp\",\"contentUrl\":\"https:\/\/www.iplay.com\/wp-content\/uploads\/2024\/09\/400x400-clearit_to_mars_large_square_tile_image.webp\",\"width\":400,\"height\":400},{\"@type\":\"BreadcrumbList\",\"@id\":\"https:\/\/www.iplay.com\/es\/games\/clearit-to-mars\/#breadcrumb\",\"itemListElement\":[{\"@type\":\"ListItem\",\"position\":1,\"name\":\"Home\",\"item\":\"https:\/\/www.iplay.com\/es\/home-page-2\/\"},{\"@type\":\"ListItem\",\"position\":2,\"name\":\"Shop\",\"item\":\"https:\/\/www.iplay.com\/en\/shop\/\"},{\"@type\":\"ListItem\",\"position\":3,\"name\":\"ClearIt To Mars\"}]},{\"@type\":\"WebSite\",\"@id\":\"https:\/\/www.iplay.com\/en\/#website\",\"url\":\"https:\/\/www.iplay.com\/en\/\",\"name\":\"IPlay\",\"description\":\"The Best Casual Games!\",\"publisher\":{\"@id\":\"https:\/\/www.iplay.com\/en\/#organization\"},\"potentialAction\":[{\"@type\":\"SearchAction\",\"target\":{\"@type\":\"EntryPoint\",\"urlTemplate\":\"https:\/\/www.iplay.com\/en\/?s={search_term_string}\"},\"query-input\":{\"@type\":\"PropertyValueSpecification\",\"valueRequired\":true,\"valueName\":\"search_term_string\"}}],\"inLanguage\":\"es\"},{\"@type\":\"Organization\",\"@id\":\"https:\/\/www.iplay.com\/en\/#organization\",\"name\":\"IPlay\",\"url\":\"https:\/\/www.iplay.com\/en\/\",\"logo\":{\"@type\":\"ImageObject\",\"inLanguage\":\"es\",\"@id\":\"https:\/\/www.iplay.com\/en\/#\/schema\/logo\/image\/\",\"url\":\"https:\/\/www.iplay.com\/wp-content\/uploads\/2023\/11\/Group-6100.svg\",\"contentUrl\":\"https:\/\/www.iplay.com\/wp-content\/uploads\/2023\/11\/Group-6100.svg\",\"width\":98,\"height\":25,\"caption\":\"IPlay\"},\"image\":{\"@id\":\"https:\/\/www.iplay.com\/en\/#\/schema\/logo\/image\/\"}}]}<\/script>\n<!-- \/ Yoast SEO Premium plugin. -->","yoast_head_json":{"title":"\u00a1ClearIt To Mars!- \u00a1Combina 3 en una misi\u00f3n al planeta rojo!","description":"ClearIt To Mars - La combinaci\u00f3n perfecta de diversi\u00f3n, desaf\u00edo y relajaci\u00f3n.","robots":{"index":"index","follow":"follow","max-snippet":"max-snippet:-1","max-image-preview":"max-image-preview:large","max-video-preview":"max-video-preview:-1"},"canonical":"https:\/\/www.iplay.com\/es\/games\/clearit-to-mars\/","og_locale":"es_ES","og_type":"article","og_title":"ClearIt To Mars","og_description":"ClearIt To Mars - La combinaci\u00f3n perfecta de diversi\u00f3n, desaf\u00edo y relajaci\u00f3n.","og_url":"https:\/\/www.iplay.com\/es\/games\/clearit-to-mars\/","og_site_name":"IPlay","og_image":[{"width":400,"height":400,"url":"https:\/\/www.iplay.com\/wp-content\/uploads\/2024\/09\/400x400-clearit_to_mars_large_square_tile_image.webp","type":"image\/webp"}],"twitter_card":"summary_large_image","twitter_misc":{"Est. reading time":"3 minutos"},"schema":{"@context":"https:\/\/schema.org","@graph":[{"@type":"WebPage","@id":"https:\/\/www.iplay.com\/es\/games\/clearit-to-mars\/","url":"https:\/\/www.iplay.com\/es\/games\/clearit-to-mars\/","name":"\u00a1ClearIt To Mars!- \u00a1Combina 3 en una misi\u00f3n al planeta rojo!","isPartOf":{"@id":"https:\/\/www.iplay.com\/en\/#website"},"primaryImageOfPage":{"@id":"https:\/\/www.iplay.com\/es\/games\/clearit-to-mars\/#primaryimage"},"image":{"@id":"https:\/\/www.iplay.com\/es\/games\/clearit-to-mars\/#primaryimage"},"thumbnailUrl":"https:\/\/www.iplay.com\/wp-content\/uploads\/2024\/09\/400x400-clearit_to_mars_large_square_tile_image.webp","datePublished":"2024-10-11T08:00:39+00:00","description":"ClearIt To Mars - La combinaci\u00f3n perfecta de diversi\u00f3n, desaf\u00edo y relajaci\u00f3n.","breadcrumb":{"@id":"https:\/\/www.iplay.com\/es\/games\/clearit-to-mars\/#breadcrumb"},"inLanguage":"es","potentialAction":[{"@type":"ReadAction","target":["https:\/\/www.iplay.com\/es\/games\/clearit-to-mars\/"]}]},{"@type":"ImageObject","inLanguage":"es","@id":"https:\/\/www.iplay.com\/es\/games\/clearit-to-mars\/#primaryimage","url":"https:\/\/www.iplay.com\/wp-content\/uploads\/2024\/09\/400x400-clearit_to_mars_large_square_tile_image.webp","contentUrl":"https:\/\/www.iplay.com\/wp-content\/uploads\/2024\/09\/400x400-clearit_to_mars_large_square_tile_image.webp","width":400,"height":400},{"@type":"BreadcrumbList","@id":"https:\/\/www.iplay.com\/es\/games\/clearit-to-mars\/#breadcrumb","itemListElement":[{"@type":"ListItem","position":1,"name":"Home","item":"https:\/\/www.iplay.com\/es\/home-page-2\/"},{"@type":"ListItem","position":2,"name":"Shop","item":"https:\/\/www.iplay.com\/en\/shop\/"},{"@type":"ListItem","position":3,"name":"ClearIt To Mars"}]},{"@type":"WebSite","@id":"https:\/\/www.iplay.com\/en\/#website","url":"https:\/\/www.iplay.com\/en\/","name":"IPlay","description":"The Best Casual Games!","publisher":{"@id":"https:\/\/www.iplay.com\/en\/#organization"},"potentialAction":[{"@type":"SearchAction","target":{"@type":"EntryPoint","urlTemplate":"https:\/\/www.iplay.com\/en\/?s={search_term_string}"},"query-input":{"@type":"PropertyValueSpecification","valueRequired":true,"valueName":"search_term_string"}}],"inLanguage":"es"},{"@type":"Organization","@id":"https:\/\/www.iplay.com\/en\/#organization","name":"IPlay","url":"https:\/\/www.iplay.com\/en\/","logo":{"@type":"ImageObject","inLanguage":"es","@id":"https:\/\/www.iplay.com\/en\/#\/schema\/logo\/image\/","url":"https:\/\/www.iplay.com\/wp-content\/uploads\/2023\/11\/Group-6100.svg","contentUrl":"https:\/\/www.iplay.com\/wp-content\/uploads\/2023\/11\/Group-6100.svg","width":98,"height":25,"caption":"IPlay"},"image":{"@id":"https:\/\/www.iplay.com\/en\/#\/schema\/logo\/image\/"}}]}},"_links":{"self":[{"href":"https:\/\/www.iplay.com\/es\/wp-json\/wp\/v2\/product\/127483","targetHints":{"allow":["GET"]}}],"collection":[{"href":"https:\/\/www.iplay.com\/es\/wp-json\/wp\/v2\/product"}],"about":[{"href":"https:\/\/www.iplay.com\/es\/wp-json\/wp\/v2\/types\/product"}],"author":[{"embeddable":true,"href":"https:\/\/www.iplay.com\/es\/wp-json\/wp\/v2\/users\/36"}],"replies":[{"embeddable":true,"href":"https:\/\/www.iplay.com\/es\/wp-json\/wp\/v2\/comments?post=127483"}],"wp:featuredmedia":[{"embeddable":true,"href":"https:\/\/www.iplay.com\/es\/wp-json\/wp\/v2\/media\/39012"}],"wp:attachment":[{"href":"https:\/\/www.iplay.com\/es\/wp-json\/wp\/v2\/media?parent=127483"}],"wp:term":[{"taxonomy":"product_brand","embeddable":true,"href":"https:\/\/www.iplay.com\/es\/wp-json\/wp\/v2\/product_brand?post=127483"},{"taxonomy":"product_cat","embeddable":true,"href":"https:\/\/www.iplay.com\/es\/wp-json\/wp\/v2\/product_cat?post=127483"},{"taxonomy":"product_tag","embeddable":true,"href":"https:\/\/www.iplay.com\/es\/wp-json\/wp\/v2\/product_tag?post=127483"}],"curies":[{"name":"wp","href":"https:\/\/api.w.org\/{rel}","templated":true}]}}