{"id":127471,"date":"2024-10-04T09:48:46","date_gmt":"2024-10-04T09:48:46","guid":{"rendered":"https:\/\/www.iplay.com\/games\/secret-diaries-manage-a-manor\/"},"modified":"2024-10-04T09:48:46","modified_gmt":"2024-10-04T09:48:46","slug":"secret-diaries-manage-a-manor","status":"publish","type":"product","link":"https:\/\/www.iplay.com\/es\/games\/secret-diaries-manage-a-manor\/","title":{"rendered":"Secret Diaries: Manage a Manor"},"content":{"rendered":"<p>En esta cautivadora historia, Jane, una brillante joven doncella adelantada a su tiempo, se ve inmersa en un torbellino de la alta sociedad con una misi\u00f3n fundamental: encontrar un marido adecuado antes de que termine la temporada para reclamar una misteriosa fortuna. Sin embargo, esta tarea no es nada sencilla. Jane no solo debe mantener una reputaci\u00f3n impecable, sino que tambi\u00e9n debe navegar por la intrincada red de planes, rumores y traiciones de la alta sociedad que la rodean constantemente.  <\/p>\n<p>La presi\u00f3n es intensa cuando Jane se enfrenta a decisiones que alteran su vida. \u00bfElegir\u00e1 la independencia y enfrentar\u00e1 los desaf\u00edos de la vida por su cuenta? \u00bfO encontrar\u00e1 una pareja digna de su amor y confianza? Sus posibles pretendientes son tan variados como misteriosos: un heredero noble y amable con promesas de estabilidad, un viudo solitario pero brillante, o un oficial apuesto pero moralmente cuestionable con la intenci\u00f3n de disfrutar de la vida al m\u00e1ximo. Cada hombre presenta un conjunto \u00fanico de desaf\u00edos, pero una cosa queda clara: la felicidad de Jane debe ser lo primero, incluso si eso significa arriesgar su reputaci\u00f3n en el proceso.    <\/p>\n<p>En medio del torbellino de chismes, enga\u00f1os y agendas ocultas, Jane debe luchar por su propio futuro. A medida que avanza el reloj de la sociedad, su viaje se convierte no solo en uno de encontrar el amor, sino tambi\u00e9n de autodescubrimiento y determinaci\u00f3n. <\/p>\n<p><strong>Funciones<\/strong><\/p>\n<ul>\n<li><em>Elige entre tres licenciaturas distintas:<\/em> El viaje de Jane est\u00e1 moldeado por sus interacciones con tres pretendientes \u00fanicos, cada uno con sus propias personalidades e intenciones. \u00bfOptar\u00e1 por el noble heredero, el brillante recluso o el encantador pero peligroso oficial? Cada decisi\u00f3n impacta en su camino, haciendo que cada partida sea una experiencia diferente.  <\/li>\n<li><em>Disfruta de una rica historia que abarca 60 niveles atractivos:<\/em> La historia inmersiva del juego se extiende a lo largo de 60 niveles intrincadamente dise\u00f1ados, cada uno de los cuales avanza en la trama mientras profundiza los misterios y el drama que rodean el futuro de Jane. Cada nivel a\u00f1ade una nueva capa a su viaje por la alta sociedad, dando a los jugadores la oportunidad de dar forma a su destino. <\/li>\n<li><em>Experimenta la alta sociedad del siglo XIX en cinco lugares impresionantes: <\/em>Ad\u00e9ntrate en el vibrante mundo de las costumbres, tradiciones y etiqueta social del siglo XIX. La aventura de Jane se desarrolla en cinco escenarios bellamente dise\u00f1ados, cada uno lleno de personajes encantadores, interacciones animadas y muchas sorpresas que te sumergen en el mundo de la sociedad de clase alta. <\/li>\n<li><em>Pon a prueba tus habilidades con cinco minijuegos \u00fanicos: <\/em>A lo largo del juego, cinco minijuegos distintos est\u00e1n dise\u00f1ados para desafiar tanto tu ingenio como tu agilidad. Estos acertijos sirven como un descanso divertido de la historia principal sin dejar de contribuir a la trama, lo que te permite avanzar en la historia de Jane a medida que los resuelves. <\/li>\n<li><em>Juega como una protagonista femenina fuerte e independiente: <\/em>El viaje de Jane no se trata solo de encontrar el amor, se trata de defenderse a s\u00ed misma y dar forma a su propio destino. Te pondr\u00e1s en la piel de un poderoso personaje femenino que desaf\u00eda las expectativas de la sociedad y demuestra que las chicas pueden salvarse a s\u00ed mismas. La fuerza y la determinaci\u00f3n de Jane son fundamentales para la historia, ofreciendo una visi\u00f3n refrescante de las tramas rom\u00e1nticas tradicionales.  <\/li>\n<li><em>Personaliza el desaf\u00edo con tres niveles de dificultad: <\/em>Ya sea que est\u00e9s buscando una experiencia de juego relajada o una aventura m\u00e1s desafiante, el juego ofrece tres configuraciones de dificultad que te permiten adaptar la experiencia a tus preferencias. Los principiantes pueden disfrutar de una suave introducci\u00f3n al mundo de Jane, mientras que los jugadores experimentados pueden poner a prueba sus habilidades con desaf\u00edos m\u00e1s dif\u00edciles. <\/li>\n<li><em>Carrera contra el tiempo antes de que termine la temporada: <\/em>El viaje de Jane est\u00e1 limitado por el tiempo. La temporada social solo dura un tiempo, y cada decisi\u00f3n que tomas la acerca m\u00e1s al final de su b\u00fasqueda. \u00bfEncontrar\u00e1 la felicidad antes de que se acabe el tiempo? Depende de ti guiarla y asegurarte de que no se pierda el tiempo en su b\u00fasqueda del amor, la fortuna y la alegr\u00eda.   <\/li>\n<\/ul>\n<p>Una versi\u00f3n atractiva y refrescante del romance cl\u00e1sico:<\/p>\n<p>Este juego ofrece mucho m\u00e1s que una narrativa rom\u00e1ntica tradicional: presenta una historia rica y basada en personajes, llena de intriga, autodescubrimiento y empoderamiento. Se anima a los jugadores a navegar por el complejo panorama social de la alta sociedad del siglo XIX mientras dan forma al futuro de Jane. Con cada decisi\u00f3n, surge una nueva posibilidad, que ofrece una rejugabilidad infinita y una visi\u00f3n m\u00e1s profunda de las motivaciones de los personajes.  <\/p>\n<p>El viaje de Jane se trata tanto de encontrar su lugar en el mundo como de encontrar una pareja. No se define por los hombres que la rodean, sino por su determinaci\u00f3n de asegurar su propia felicidad, riqueza e independencia. El juego combina a la perfecci\u00f3n elementos de misterio, estrategia y romance, creando una experiencia din\u00e1mica que los jugadores encontrar\u00e1n convincente y gratificante.  <\/p>\n<p>Con una historia rica, personajes cautivadores y una gran cantidad de caracter\u00edsticas de juego atractivas, este juego invita a los jugadores a ponerse en la piel de una hero\u00edna audaz y decidida. Tanto si eres un fan del romance, la estrategia o los juegos narrativos, Jane&#8217;s Quest te dejar\u00e1 hechizado de principio a fin. <\/p>\n<p>Prep\u00e1rate para embarcarte en un emocionante viaje lleno de amor, desaf\u00edos y giros inesperados. \u00bfEncontrar\u00e1 Jane a su pareja perfecta y asegurar\u00e1 su fortuna? \u00bfO descubrir\u00e1 que la felicidad se encuentra en un camino completamente diferente? La respuesta es tuya para descubrirla mientras ayudas a Jane a abrirse camino a trav\u00e9s de rumores, conspiraciones y el reloj siempre en marcha de la alta sociedad.<\/p>\n","protected":false},"excerpt":{"rendered":"<p><strong>Diarios secretos &#8211; Administra una mansi\u00f3n<\/strong> &#8211; \u00a1Ayuda a Jane a determinar sus verdaderos deseos antes de que sea demasiado tarde!<\/p>\n","protected":false},"author":128,"featured_media":39038,"comment_status":"open","ping_status":"closed","template":"","meta":{"_acf_changed":false,"inline_featured_image":false},"product_brand":[],"product_cat":[212],"product_tag":[288,354],"class_list":{"0":"post-127471","1":"product","2":"type-product","3":"status-publish","4":"has-post-thumbnail","6":"product_cat-time-management-es","7":"product_tag-play-on-pc-es","8":"product_tag-valentines-day-es-2","10":"first","11":"instock","12":"shipping-taxable","13":"purchasable","14":"product-type-simple"},"acf":[],"yoast_head":"<!-- This site is optimized with the Yoast SEO Premium plugin v25.2 (Yoast SEO v25.2) - https:\/\/yoast.com\/wordpress\/plugins\/seo\/ -->\n<title>Secret Diaries: Manage a Manor - \u00a1Ayuda a Jane con sus verdaderos deseos!<\/title>\n<meta name=\"description\" content=\"Diarios secretos - Administra una mansi\u00f3n - \u00a1Ayuda a Jane a determinar sus verdaderos deseos antes de que sea demasiado tarde!\" \/>\n<meta name=\"robots\" content=\"index, follow, max-snippet:-1, max-image-preview:large, max-video-preview:-1\" \/>\n<link rel=\"canonical\" href=\"https:\/\/www.iplay.com\/es\/games\/secret-diaries-manage-a-manor\/\" \/>\n<meta property=\"og:locale\" content=\"es_ES\" \/>\n<meta property=\"og:type\" content=\"article\" \/>\n<meta property=\"og:title\" content=\"Secret Diaries: Manage a Manor\" \/>\n<meta property=\"og:description\" content=\"Diarios secretos - Administra una mansi\u00f3n - \u00a1Ayuda a Jane a determinar sus verdaderos deseos antes de que sea demasiado tarde!\" \/>\n<meta property=\"og:url\" content=\"https:\/\/www.iplay.com\/es\/games\/secret-diaries-manage-a-manor\/\" \/>\n<meta property=\"og:site_name\" content=\"IPlay\" \/>\n<meta property=\"og:image\" content=\"https:\/\/www.iplay.com\/wp-content\/uploads\/2024\/09\/400x400-secret_diaries_-_manage_a_manor_large_square_tile_image.webp\" \/>\n\t<meta property=\"og:image:width\" content=\"400\" \/>\n\t<meta property=\"og:image:height\" content=\"400\" \/>\n\t<meta property=\"og:image:type\" content=\"image\/webp\" \/>\n<meta name=\"twitter:card\" content=\"summary_large_image\" \/>\n<meta name=\"twitter:label1\" content=\"Est. reading time\" \/>\n\t<meta name=\"twitter:data1\" content=\"5 minutos\" \/>\n<script type=\"application\/ld+json\" class=\"yoast-schema-graph\">{\"@context\":\"https:\/\/schema.org\",\"@graph\":[{\"@type\":\"WebPage\",\"@id\":\"https:\/\/www.iplay.com\/es\/games\/secret-diaries-manage-a-manor\/\",\"url\":\"https:\/\/www.iplay.com\/es\/games\/secret-diaries-manage-a-manor\/\",\"name\":\"Secret Diaries: Manage a Manor - \u00a1Ayuda a Jane con sus verdaderos deseos!\",\"isPartOf\":{\"@id\":\"https:\/\/www.iplay.com\/en\/#website\"},\"primaryImageOfPage\":{\"@id\":\"https:\/\/www.iplay.com\/es\/games\/secret-diaries-manage-a-manor\/#primaryimage\"},\"image\":{\"@id\":\"https:\/\/www.iplay.com\/es\/games\/secret-diaries-manage-a-manor\/#primaryimage\"},\"thumbnailUrl\":\"https:\/\/www.iplay.com\/wp-content\/uploads\/2024\/09\/400x400-secret_diaries_-_manage_a_manor_large_square_tile_image.webp\",\"datePublished\":\"2024-10-04T09:48:46+00:00\",\"description\":\"Diarios secretos - Administra una mansi\u00f3n - \u00a1Ayuda a Jane a determinar sus verdaderos deseos antes de que sea demasiado tarde!\",\"breadcrumb\":{\"@id\":\"https:\/\/www.iplay.com\/es\/games\/secret-diaries-manage-a-manor\/#breadcrumb\"},\"inLanguage\":\"es\",\"potentialAction\":[{\"@type\":\"ReadAction\",\"target\":[\"https:\/\/www.iplay.com\/es\/games\/secret-diaries-manage-a-manor\/\"]}]},{\"@type\":\"ImageObject\",\"inLanguage\":\"es\",\"@id\":\"https:\/\/www.iplay.com\/es\/games\/secret-diaries-manage-a-manor\/#primaryimage\",\"url\":\"https:\/\/www.iplay.com\/wp-content\/uploads\/2024\/09\/400x400-secret_diaries_-_manage_a_manor_large_square_tile_image.webp\",\"contentUrl\":\"https:\/\/www.iplay.com\/wp-content\/uploads\/2024\/09\/400x400-secret_diaries_-_manage_a_manor_large_square_tile_image.webp\",\"width\":400,\"height\":400},{\"@type\":\"BreadcrumbList\",\"@id\":\"https:\/\/www.iplay.com\/es\/games\/secret-diaries-manage-a-manor\/#breadcrumb\",\"itemListElement\":[{\"@type\":\"ListItem\",\"position\":1,\"name\":\"Home\",\"item\":\"https:\/\/www.iplay.com\/es\/home-page-2\/\"},{\"@type\":\"ListItem\",\"position\":2,\"name\":\"Shop\",\"item\":\"https:\/\/www.iplay.com\/en\/shop\/\"},{\"@type\":\"ListItem\",\"position\":3,\"name\":\"Secret Diaries: Manage a Manor\"}]},{\"@type\":\"WebSite\",\"@id\":\"https:\/\/www.iplay.com\/en\/#website\",\"url\":\"https:\/\/www.iplay.com\/en\/\",\"name\":\"IPlay\",\"description\":\"The Best Casual Games!\",\"publisher\":{\"@id\":\"https:\/\/www.iplay.com\/en\/#organization\"},\"potentialAction\":[{\"@type\":\"SearchAction\",\"target\":{\"@type\":\"EntryPoint\",\"urlTemplate\":\"https:\/\/www.iplay.com\/en\/?s={search_term_string}\"},\"query-input\":{\"@type\":\"PropertyValueSpecification\",\"valueRequired\":true,\"valueName\":\"search_term_string\"}}],\"inLanguage\":\"es\"},{\"@type\":\"Organization\",\"@id\":\"https:\/\/www.iplay.com\/en\/#organization\",\"name\":\"IPlay\",\"url\":\"https:\/\/www.iplay.com\/en\/\",\"logo\":{\"@type\":\"ImageObject\",\"inLanguage\":\"es\",\"@id\":\"https:\/\/www.iplay.com\/en\/#\/schema\/logo\/image\/\",\"url\":\"https:\/\/www.iplay.com\/wp-content\/uploads\/2023\/11\/Group-6100.svg\",\"contentUrl\":\"https:\/\/www.iplay.com\/wp-content\/uploads\/2023\/11\/Group-6100.svg\",\"width\":98,\"height\":25,\"caption\":\"IPlay\"},\"image\":{\"@id\":\"https:\/\/www.iplay.com\/en\/#\/schema\/logo\/image\/\"}}]}<\/script>\n<!-- \/ Yoast SEO Premium plugin. -->","yoast_head_json":{"title":"Secret Diaries: Manage a Manor - \u00a1Ayuda a Jane con sus verdaderos deseos!","description":"Diarios secretos - Administra una mansi\u00f3n - \u00a1Ayuda a Jane a determinar sus verdaderos deseos antes de que sea demasiado tarde!","robots":{"index":"index","follow":"follow","max-snippet":"max-snippet:-1","max-image-preview":"max-image-preview:large","max-video-preview":"max-video-preview:-1"},"canonical":"https:\/\/www.iplay.com\/es\/games\/secret-diaries-manage-a-manor\/","og_locale":"es_ES","og_type":"article","og_title":"Secret Diaries: Manage a Manor","og_description":"Diarios secretos - Administra una mansi\u00f3n - \u00a1Ayuda a Jane a determinar sus verdaderos deseos antes de que sea demasiado tarde!","og_url":"https:\/\/www.iplay.com\/es\/games\/secret-diaries-manage-a-manor\/","og_site_name":"IPlay","og_image":[{"width":400,"height":400,"url":"https:\/\/www.iplay.com\/wp-content\/uploads\/2024\/09\/400x400-secret_diaries_-_manage_a_manor_large_square_tile_image.webp","type":"image\/webp"}],"twitter_card":"summary_large_image","twitter_misc":{"Est. reading time":"5 minutos"},"schema":{"@context":"https:\/\/schema.org","@graph":[{"@type":"WebPage","@id":"https:\/\/www.iplay.com\/es\/games\/secret-diaries-manage-a-manor\/","url":"https:\/\/www.iplay.com\/es\/games\/secret-diaries-manage-a-manor\/","name":"Secret Diaries: Manage a Manor - \u00a1Ayuda a Jane con sus verdaderos deseos!","isPartOf":{"@id":"https:\/\/www.iplay.com\/en\/#website"},"primaryImageOfPage":{"@id":"https:\/\/www.iplay.com\/es\/games\/secret-diaries-manage-a-manor\/#primaryimage"},"image":{"@id":"https:\/\/www.iplay.com\/es\/games\/secret-diaries-manage-a-manor\/#primaryimage"},"thumbnailUrl":"https:\/\/www.iplay.com\/wp-content\/uploads\/2024\/09\/400x400-secret_diaries_-_manage_a_manor_large_square_tile_image.webp","datePublished":"2024-10-04T09:48:46+00:00","description":"Diarios secretos - Administra una mansi\u00f3n - \u00a1Ayuda a Jane a determinar sus verdaderos deseos antes de que sea demasiado tarde!","breadcrumb":{"@id":"https:\/\/www.iplay.com\/es\/games\/secret-diaries-manage-a-manor\/#breadcrumb"},"inLanguage":"es","potentialAction":[{"@type":"ReadAction","target":["https:\/\/www.iplay.com\/es\/games\/secret-diaries-manage-a-manor\/"]}]},{"@type":"ImageObject","inLanguage":"es","@id":"https:\/\/www.iplay.com\/es\/games\/secret-diaries-manage-a-manor\/#primaryimage","url":"https:\/\/www.iplay.com\/wp-content\/uploads\/2024\/09\/400x400-secret_diaries_-_manage_a_manor_large_square_tile_image.webp","contentUrl":"https:\/\/www.iplay.com\/wp-content\/uploads\/2024\/09\/400x400-secret_diaries_-_manage_a_manor_large_square_tile_image.webp","width":400,"height":400},{"@type":"BreadcrumbList","@id":"https:\/\/www.iplay.com\/es\/games\/secret-diaries-manage-a-manor\/#breadcrumb","itemListElement":[{"@type":"ListItem","position":1,"name":"Home","item":"https:\/\/www.iplay.com\/es\/home-page-2\/"},{"@type":"ListItem","position":2,"name":"Shop","item":"https:\/\/www.iplay.com\/en\/shop\/"},{"@type":"ListItem","position":3,"name":"Secret Diaries: Manage a Manor"}]},{"@type":"WebSite","@id":"https:\/\/www.iplay.com\/en\/#website","url":"https:\/\/www.iplay.com\/en\/","name":"IPlay","description":"The Best Casual Games!","publisher":{"@id":"https:\/\/www.iplay.com\/en\/#organization"},"potentialAction":[{"@type":"SearchAction","target":{"@type":"EntryPoint","urlTemplate":"https:\/\/www.iplay.com\/en\/?s={search_term_string}"},"query-input":{"@type":"PropertyValueSpecification","valueRequired":true,"valueName":"search_term_string"}}],"inLanguage":"es"},{"@type":"Organization","@id":"https:\/\/www.iplay.com\/en\/#organization","name":"IPlay","url":"https:\/\/www.iplay.com\/en\/","logo":{"@type":"ImageObject","inLanguage":"es","@id":"https:\/\/www.iplay.com\/en\/#\/schema\/logo\/image\/","url":"https:\/\/www.iplay.com\/wp-content\/uploads\/2023\/11\/Group-6100.svg","contentUrl":"https:\/\/www.iplay.com\/wp-content\/uploads\/2023\/11\/Group-6100.svg","width":98,"height":25,"caption":"IPlay"},"image":{"@id":"https:\/\/www.iplay.com\/en\/#\/schema\/logo\/image\/"}}]}},"_links":{"self":[{"href":"https:\/\/www.iplay.com\/es\/wp-json\/wp\/v2\/product\/127471","targetHints":{"allow":["GET"]}}],"collection":[{"href":"https:\/\/www.iplay.com\/es\/wp-json\/wp\/v2\/product"}],"about":[{"href":"https:\/\/www.iplay.com\/es\/wp-json\/wp\/v2\/types\/product"}],"author":[{"embeddable":true,"href":"https:\/\/www.iplay.com\/es\/wp-json\/wp\/v2\/users\/128"}],"replies":[{"embeddable":true,"href":"https:\/\/www.iplay.com\/es\/wp-json\/wp\/v2\/comments?post=127471"}],"wp:featuredmedia":[{"embeddable":true,"href":"https:\/\/www.iplay.com\/es\/wp-json\/wp\/v2\/media\/39038"}],"wp:attachment":[{"href":"https:\/\/www.iplay.com\/es\/wp-json\/wp\/v2\/media?parent=127471"}],"wp:term":[{"taxonomy":"product_brand","embeddable":true,"href":"https:\/\/www.iplay.com\/es\/wp-json\/wp\/v2\/product_brand?post=127471"},{"taxonomy":"product_cat","embeddable":true,"href":"https:\/\/www.iplay.com\/es\/wp-json\/wp\/v2\/product_cat?post=127471"},{"taxonomy":"product_tag","embeddable":true,"href":"https:\/\/www.iplay.com\/es\/wp-json\/wp\/v2\/product_tag?post=127471"}],"curies":[{"name":"wp","href":"https:\/\/api.w.org\/{rel}","templated":true}]}}