{"id":127443,"date":"2024-09-20T09:00:01","date_gmt":"2024-09-20T09:00:01","guid":{"rendered":"https:\/\/www.iplay.com\/games\/undercover-blood-bonds\/"},"modified":"2024-09-20T09:00:01","modified_gmt":"2024-09-20T09:00:01","slug":"undercover-blood-bonds","status":"publish","type":"product","link":"https:\/\/www.iplay.com\/es\/games\/undercover-blood-bonds\/","title":{"rendered":"Undercover: Blood Bonds"},"content":{"rendered":"<p>Al regresar a la ciudad de la que una vez huy\u00f3, Vera se encuentra enredada en un misterio que parece haber saltado directamente de las p\u00e1ginas de una novela de ficci\u00f3n oscura. Decidida a encontrar a su hermana desaparecida, se niega a creer que Lilly realmente se haya ido. Las pistas son escasas, pero cada una impulsa a Vera a un territorio cada vez m\u00e1s peligroso. La pregunta que la persigue es c\u00f3mo una chica inocente como Lilly pudo haberse involucrado en un c\u00edrculo tan peligroso.   <\/p>\n<p>A medida que se profundiza en la investigaci\u00f3n, el novio de Lilly, m\u00e1s precisamente, su ex prometido, emerge como el principal sospechoso de su aparente asesinato. El camino hacia la verdad se vuelve a\u00fan m\u00e1s retorcido, lo que lleva a Vera a desenterrar secretos enterrados durante mucho tiempo bajo la brillante superficie de la ciudad. Las estructuras de poder que gobiernan la ciudad son opacas y peligrosas, y queda claro que el enga\u00f1o est\u00e1 entretejido en su propio tejido.  <\/p>\n<p>En un lugar donde la confianza es un lujo que pocos pueden permitirse, Vera debe navegar por un laberinto de mentiras y figuras sombr\u00edas. Alguien parece estar moviendo los hilos, intentando atraparla en una oscura red de enga\u00f1os. Pero, \u00bfen qui\u00e9n se puede confiar en un mundo en el que todo el mundo tiene algo que ocultar?  <\/p>\n<p>&nbsp;<\/p>\n<p><strong>Funciones<\/strong><\/p>\n<ul>\n<li><em><strong>Emb\u00e1rcate en un viaje peligroso:<\/strong><\/em> Acompa\u00f1a a Vera en una apasionante expedici\u00f3n para descubrir la verdad detr\u00e1s de la desaparici\u00f3n de su hermana. Cada paso que da en los bajos fondos de la ciudad revela m\u00e1s sobre sus oscuros secretos. <\/li>\n<li><em><strong>Ve de inc\u00f3gnito como camarero:<\/strong> <\/em>Inf\u00edltrate en la vida nocturna de la ciudad haci\u00e9ndose pasar por un camarero, sirviendo a los clientes para extraer informaci\u00f3n y reunir pruebas cruciales. Este elemento de juego \u00fanico a\u00f1ade profundidad y variedad a la investigaci\u00f3n. <\/li>\n<li><em><strong>Jugabilidad desafiante:<\/strong><\/em> Enfr\u00e9ntate a una variedad de desaf\u00edos y acertijos dise\u00f1ados para poner a prueba tu ingenio y habilidades para resolver problemas. Cada acertijo resuelto acerca a Vera a descubrir la verdad. <\/li>\n<li><em><strong>Narrativa atractiva:<\/strong><\/em> Sum\u00e9rgete en una historia que abarca 60 etapas, cada una meticulosamente elaborada para mejorar la narrativa general. La trama se desarrolla con giros y vueltas que te mantendr\u00e1n adivinando hasta el final. <\/li>\n<li><em><strong>Explora la vida nocturna de la ciudad:<\/strong><\/em> Experimenta las vibrantes vistas y sonidos de la ciudad por la noche mientras exploras cinco lugares distintos. Cada \u00e1rea ofrece un aspecto diferente de la personalidad de la ciudad, desde clubes deslumbrantes hasta callejones sombr\u00edos. <\/li>\n<li><em><strong>Minijuegos \u00fanicos:<\/strong><\/em> Participa en cinco minijuegos espec\u00edficos que a\u00f1aden variedad a la jugabilidad. Estos desaf\u00edos brindan una capa adicional de entretenimiento y la oportunidad de sumergirse a\u00fan m\u00e1s en el mundo del juego. <\/li>\n<li><em><strong>Elige tu dificultad:<\/strong> <\/em>Personaliza tu experiencia seleccionando uno de los tres niveles de dificultad disponibles. Ya sea que est\u00e9 buscando un juego relajado o un desaf\u00edo m\u00e1s intenso, hay una opci\u00f3n que se adapta a las preferencias de cada jugador. <\/li>\n<\/ul>\n<p>&nbsp;<\/p>\n<p>Esta aventura te invita a adentrarte en un mundo de suspenso e intriga, donde cada personaje tiene una historia, y cada rinc\u00f3n de la ciudad esconde un secreto. La narrativa est\u00e1 dise\u00f1ada para mantenerte al borde de tu asiento, con cada pista que conduce a un misterio m\u00e1s profundo y cada encuentro que te acerca m\u00e1s a la verdad, o tal vez m\u00e1s al peligro. <\/p>\n<p>A trav\u00e9s de una jugabilidad intrincada, una historia convincente y un entorno ricamente detallado, te ver\u00e1s atra\u00eddo a una b\u00fasqueda que exige inteligencia y coraje. La ciudad por la noche cobra vida con posibilidades, pero tambi\u00e9n con peligros, y depende de ti navegar por este complejo mundo de sombras y enga\u00f1os. <\/p>\n<p>A medida que Vera se acerca a las respuestas que busca, la pregunta sigue siendo: \u00bfEn qui\u00e9n se puede confiar en una ciudad donde todos parecen tener algo que ocultar? La verdad est\u00e1 ah\u00ed fuera, pero no ser\u00e1 f\u00e1cil de encontrar. El viaje estar\u00e1 lleno de peligros, pero para Vera, nada es m\u00e1s importante que encontrar a Lilly y descubrir la realidad detr\u00e1s de su desaparici\u00f3n.  <\/p>\n<p>Prep\u00e1rate para perderte en una historia de intriga, peligro y el v\u00ednculo inquebrantable de la familia. Esto no es solo un juego, es una historia de supervivencia, determinaci\u00f3n y hasta d\u00f3nde puede llegar uno por sus seres queridos. \u00bfSer\u00e1s capaz de ayudar a Vera a descubrir los secretos que guarda la ciudad, o te convertir\u00e1s en otro jugador perdido en sus sombras? El reto te espera.<\/p>\n","protected":false},"excerpt":{"rendered":"<p><strong>Undercover: Blood Bonds<\/strong> &#8211; \u00bfDescubre si tu hermana est\u00e1 realmente muerta?<\/p>\n","protected":false},"author":128,"featured_media":39027,"comment_status":"open","ping_status":"closed","template":"","meta":{"_acf_changed":false,"inline_featured_image":false},"product_brand":[],"product_cat":[212],"product_tag":[288],"class_list":{"0":"post-127443","1":"product","2":"type-product","3":"status-publish","4":"has-post-thumbnail","6":"product_cat-time-management-es","7":"product_tag-play-on-pc-es","9":"first","10":"instock","11":"shipping-taxable","12":"purchasable","13":"product-type-simple"},"acf":[],"yoast_head":"<!-- This site is optimized with the Yoast SEO Premium plugin v25.2 (Yoast SEO v25.2) - https:\/\/yoast.com\/wordpress\/plugins\/seo\/ -->\n<title>Undercover: Blood Bonds - \u00bfDescubre si tu hermana est\u00e1 realmente muerta?<\/title>\n<meta name=\"description\" content=\"Undercover: Blood Bonds - \u00bfDescubre si tu hermana est\u00e1 realmente muerta?\" \/>\n<meta name=\"robots\" content=\"index, follow, max-snippet:-1, max-image-preview:large, max-video-preview:-1\" \/>\n<link rel=\"canonical\" href=\"https:\/\/www.iplay.com\/es\/games\/undercover-blood-bonds\/\" \/>\n<meta property=\"og:locale\" content=\"es_ES\" \/>\n<meta property=\"og:type\" content=\"article\" \/>\n<meta property=\"og:title\" content=\"Undercover: Blood Bonds\" \/>\n<meta property=\"og:description\" content=\"Undercover: Blood Bonds - \u00bfDescubre si tu hermana est\u00e1 realmente muerta?\" \/>\n<meta property=\"og:url\" content=\"https:\/\/www.iplay.com\/es\/games\/undercover-blood-bonds\/\" \/>\n<meta property=\"og:site_name\" content=\"IPlay\" \/>\n<meta property=\"og:image\" content=\"https:\/\/www.iplay.com\/wp-content\/uploads\/2024\/09\/400x400-large_square_tile_image.webp\" \/>\n\t<meta property=\"og:image:width\" content=\"400\" \/>\n\t<meta property=\"og:image:height\" content=\"400\" \/>\n\t<meta property=\"og:image:type\" content=\"image\/webp\" \/>\n<meta name=\"twitter:card\" content=\"summary_large_image\" \/>\n<meta name=\"twitter:label1\" content=\"Est. reading time\" \/>\n\t<meta name=\"twitter:data1\" content=\"4 minutos\" \/>\n<script type=\"application\/ld+json\" class=\"yoast-schema-graph\">{\"@context\":\"https:\/\/schema.org\",\"@graph\":[{\"@type\":\"WebPage\",\"@id\":\"https:\/\/www.iplay.com\/es\/games\/undercover-blood-bonds\/\",\"url\":\"https:\/\/www.iplay.com\/es\/games\/undercover-blood-bonds\/\",\"name\":\"Undercover: Blood Bonds - \u00bfDescubre si tu hermana est\u00e1 realmente muerta?\",\"isPartOf\":{\"@id\":\"https:\/\/www.iplay.com\/en\/#website\"},\"primaryImageOfPage\":{\"@id\":\"https:\/\/www.iplay.com\/es\/games\/undercover-blood-bonds\/#primaryimage\"},\"image\":{\"@id\":\"https:\/\/www.iplay.com\/es\/games\/undercover-blood-bonds\/#primaryimage\"},\"thumbnailUrl\":\"https:\/\/www.iplay.com\/wp-content\/uploads\/2024\/09\/400x400-large_square_tile_image.webp\",\"datePublished\":\"2024-09-20T09:00:01+00:00\",\"description\":\"Undercover: Blood Bonds - \u00bfDescubre si tu hermana est\u00e1 realmente muerta?\",\"breadcrumb\":{\"@id\":\"https:\/\/www.iplay.com\/es\/games\/undercover-blood-bonds\/#breadcrumb\"},\"inLanguage\":\"es\",\"potentialAction\":[{\"@type\":\"ReadAction\",\"target\":[\"https:\/\/www.iplay.com\/es\/games\/undercover-blood-bonds\/\"]}]},{\"@type\":\"ImageObject\",\"inLanguage\":\"es\",\"@id\":\"https:\/\/www.iplay.com\/es\/games\/undercover-blood-bonds\/#primaryimage\",\"url\":\"https:\/\/www.iplay.com\/wp-content\/uploads\/2024\/09\/400x400-large_square_tile_image.webp\",\"contentUrl\":\"https:\/\/www.iplay.com\/wp-content\/uploads\/2024\/09\/400x400-large_square_tile_image.webp\",\"width\":400,\"height\":400},{\"@type\":\"BreadcrumbList\",\"@id\":\"https:\/\/www.iplay.com\/es\/games\/undercover-blood-bonds\/#breadcrumb\",\"itemListElement\":[{\"@type\":\"ListItem\",\"position\":1,\"name\":\"Home\",\"item\":\"https:\/\/www.iplay.com\/es\/home-page-2\/\"},{\"@type\":\"ListItem\",\"position\":2,\"name\":\"Shop\",\"item\":\"https:\/\/www.iplay.com\/en\/shop\/\"},{\"@type\":\"ListItem\",\"position\":3,\"name\":\"Undercover: Blood Bonds\"}]},{\"@type\":\"WebSite\",\"@id\":\"https:\/\/www.iplay.com\/en\/#website\",\"url\":\"https:\/\/www.iplay.com\/en\/\",\"name\":\"IPlay\",\"description\":\"The Best Casual Games!\",\"publisher\":{\"@id\":\"https:\/\/www.iplay.com\/en\/#organization\"},\"potentialAction\":[{\"@type\":\"SearchAction\",\"target\":{\"@type\":\"EntryPoint\",\"urlTemplate\":\"https:\/\/www.iplay.com\/en\/?s={search_term_string}\"},\"query-input\":{\"@type\":\"PropertyValueSpecification\",\"valueRequired\":true,\"valueName\":\"search_term_string\"}}],\"inLanguage\":\"es\"},{\"@type\":\"Organization\",\"@id\":\"https:\/\/www.iplay.com\/en\/#organization\",\"name\":\"IPlay\",\"url\":\"https:\/\/www.iplay.com\/en\/\",\"logo\":{\"@type\":\"ImageObject\",\"inLanguage\":\"es\",\"@id\":\"https:\/\/www.iplay.com\/en\/#\/schema\/logo\/image\/\",\"url\":\"https:\/\/www.iplay.com\/wp-content\/uploads\/2023\/11\/Group-6100.svg\",\"contentUrl\":\"https:\/\/www.iplay.com\/wp-content\/uploads\/2023\/11\/Group-6100.svg\",\"width\":98,\"height\":25,\"caption\":\"IPlay\"},\"image\":{\"@id\":\"https:\/\/www.iplay.com\/en\/#\/schema\/logo\/image\/\"}}]}<\/script>\n<!-- \/ Yoast SEO Premium plugin. -->","yoast_head_json":{"title":"Undercover: Blood Bonds - \u00bfDescubre si tu hermana est\u00e1 realmente muerta?","description":"Undercover: Blood Bonds - \u00bfDescubre si tu hermana est\u00e1 realmente muerta?","robots":{"index":"index","follow":"follow","max-snippet":"max-snippet:-1","max-image-preview":"max-image-preview:large","max-video-preview":"max-video-preview:-1"},"canonical":"https:\/\/www.iplay.com\/es\/games\/undercover-blood-bonds\/","og_locale":"es_ES","og_type":"article","og_title":"Undercover: Blood Bonds","og_description":"Undercover: Blood Bonds - \u00bfDescubre si tu hermana est\u00e1 realmente muerta?","og_url":"https:\/\/www.iplay.com\/es\/games\/undercover-blood-bonds\/","og_site_name":"IPlay","og_image":[{"width":400,"height":400,"url":"https:\/\/www.iplay.com\/wp-content\/uploads\/2024\/09\/400x400-large_square_tile_image.webp","type":"image\/webp"}],"twitter_card":"summary_large_image","twitter_misc":{"Est. reading time":"4 minutos"},"schema":{"@context":"https:\/\/schema.org","@graph":[{"@type":"WebPage","@id":"https:\/\/www.iplay.com\/es\/games\/undercover-blood-bonds\/","url":"https:\/\/www.iplay.com\/es\/games\/undercover-blood-bonds\/","name":"Undercover: Blood Bonds - \u00bfDescubre si tu hermana est\u00e1 realmente muerta?","isPartOf":{"@id":"https:\/\/www.iplay.com\/en\/#website"},"primaryImageOfPage":{"@id":"https:\/\/www.iplay.com\/es\/games\/undercover-blood-bonds\/#primaryimage"},"image":{"@id":"https:\/\/www.iplay.com\/es\/games\/undercover-blood-bonds\/#primaryimage"},"thumbnailUrl":"https:\/\/www.iplay.com\/wp-content\/uploads\/2024\/09\/400x400-large_square_tile_image.webp","datePublished":"2024-09-20T09:00:01+00:00","description":"Undercover: Blood Bonds - \u00bfDescubre si tu hermana est\u00e1 realmente muerta?","breadcrumb":{"@id":"https:\/\/www.iplay.com\/es\/games\/undercover-blood-bonds\/#breadcrumb"},"inLanguage":"es","potentialAction":[{"@type":"ReadAction","target":["https:\/\/www.iplay.com\/es\/games\/undercover-blood-bonds\/"]}]},{"@type":"ImageObject","inLanguage":"es","@id":"https:\/\/www.iplay.com\/es\/games\/undercover-blood-bonds\/#primaryimage","url":"https:\/\/www.iplay.com\/wp-content\/uploads\/2024\/09\/400x400-large_square_tile_image.webp","contentUrl":"https:\/\/www.iplay.com\/wp-content\/uploads\/2024\/09\/400x400-large_square_tile_image.webp","width":400,"height":400},{"@type":"BreadcrumbList","@id":"https:\/\/www.iplay.com\/es\/games\/undercover-blood-bonds\/#breadcrumb","itemListElement":[{"@type":"ListItem","position":1,"name":"Home","item":"https:\/\/www.iplay.com\/es\/home-page-2\/"},{"@type":"ListItem","position":2,"name":"Shop","item":"https:\/\/www.iplay.com\/en\/shop\/"},{"@type":"ListItem","position":3,"name":"Undercover: Blood Bonds"}]},{"@type":"WebSite","@id":"https:\/\/www.iplay.com\/en\/#website","url":"https:\/\/www.iplay.com\/en\/","name":"IPlay","description":"The Best Casual Games!","publisher":{"@id":"https:\/\/www.iplay.com\/en\/#organization"},"potentialAction":[{"@type":"SearchAction","target":{"@type":"EntryPoint","urlTemplate":"https:\/\/www.iplay.com\/en\/?s={search_term_string}"},"query-input":{"@type":"PropertyValueSpecification","valueRequired":true,"valueName":"search_term_string"}}],"inLanguage":"es"},{"@type":"Organization","@id":"https:\/\/www.iplay.com\/en\/#organization","name":"IPlay","url":"https:\/\/www.iplay.com\/en\/","logo":{"@type":"ImageObject","inLanguage":"es","@id":"https:\/\/www.iplay.com\/en\/#\/schema\/logo\/image\/","url":"https:\/\/www.iplay.com\/wp-content\/uploads\/2023\/11\/Group-6100.svg","contentUrl":"https:\/\/www.iplay.com\/wp-content\/uploads\/2023\/11\/Group-6100.svg","width":98,"height":25,"caption":"IPlay"},"image":{"@id":"https:\/\/www.iplay.com\/en\/#\/schema\/logo\/image\/"}}]}},"_links":{"self":[{"href":"https:\/\/www.iplay.com\/es\/wp-json\/wp\/v2\/product\/127443","targetHints":{"allow":["GET"]}}],"collection":[{"href":"https:\/\/www.iplay.com\/es\/wp-json\/wp\/v2\/product"}],"about":[{"href":"https:\/\/www.iplay.com\/es\/wp-json\/wp\/v2\/types\/product"}],"author":[{"embeddable":true,"href":"https:\/\/www.iplay.com\/es\/wp-json\/wp\/v2\/users\/128"}],"replies":[{"embeddable":true,"href":"https:\/\/www.iplay.com\/es\/wp-json\/wp\/v2\/comments?post=127443"}],"wp:featuredmedia":[{"embeddable":true,"href":"https:\/\/www.iplay.com\/es\/wp-json\/wp\/v2\/media\/39027"}],"wp:attachment":[{"href":"https:\/\/www.iplay.com\/es\/wp-json\/wp\/v2\/media?parent=127443"}],"wp:term":[{"taxonomy":"product_brand","embeddable":true,"href":"https:\/\/www.iplay.com\/es\/wp-json\/wp\/v2\/product_brand?post=127443"},{"taxonomy":"product_cat","embeddable":true,"href":"https:\/\/www.iplay.com\/es\/wp-json\/wp\/v2\/product_cat?post=127443"},{"taxonomy":"product_tag","embeddable":true,"href":"https:\/\/www.iplay.com\/es\/wp-json\/wp\/v2\/product_tag?post=127443"}],"curies":[{"name":"wp","href":"https:\/\/api.w.org\/{rel}","templated":true}]}}