{"id":127123,"date":"2015-10-31T00:00:00","date_gmt":"2015-10-31T00:00:00","guid":{"rendered":"https:\/\/www.iplay.com\/games\/incredible-dracula-chasing-love\/"},"modified":"2015-10-31T00:00:00","modified_gmt":"2015-10-31T00:00:00","slug":"incredible-dracula-chasing-love","status":"publish","type":"product","link":"https:\/\/www.iplay.com\/es\/games\/incredible-dracula-chasing-love\/","title":{"rendered":"Incredible Dracula: Chasing Love"},"content":{"rendered":"<p>Ayuda a Dr\u00e1cula a escapar de una princesa enamorada y reconstruye un mundo de fantas\u00eda destrozado. Los vampiros tienen una mala reputaci\u00f3n. Tomemos, por ejemplo, al Conde Dr\u00e1cula. La gente cree que solo quiere chupar su sangre, pero en realidad, quiere las mismas cosas que todos los dem\u00e1s: comida, refugio y amor. No se conformar\u00e1 con ninguna dama, as\u00ed que cuando una princesa enamorada se enamora de \u00e9l en contra de su voluntad, hace lo \u00fanico que puede hacer un hombre de sangre roja (o no muerto): \u00a1huir! Incredible Dracula: Chasing Love le dar\u00e1 un gran mordisco al aburrimiento con su jugabilidad simple pero atractiva, un mundo v\u00edvido y encantador para explorar y docenas de niveles dif\u00edciles para terminar.     <\/p>\n<p>&nbsp;<\/p>\n<p><strong>Funciones:  <\/strong><\/p>\n<ul>\n<li>Una trama que se divide lateralmente<\/li>\n<li>Docenas de niveles dif\u00edciles<\/li>\n<li>Un escenario de fantas\u00eda visualmente magn\u00edfico<\/li>\n<li>Un tutorial para aprender mientras juegas.<\/li>\n<\/ul>\n","protected":false},"excerpt":{"rendered":"<p>Ayuda a Dr\u00e1cula en su intento de escapar de una princesa que anhela su amor.<\/p>\n","protected":false},"author":8,"featured_media":56248,"comment_status":"open","ping_status":"closed","template":"","meta":{"_acf_changed":false,"inline_featured_image":false},"product_brand":[],"product_cat":[212],"product_tag":[288],"class_list":{"0":"post-127123","1":"product","2":"type-product","3":"status-publish","4":"has-post-thumbnail","6":"product_cat-time-management-es","7":"product_tag-play-on-pc-es","9":"first","10":"instock","11":"shipping-taxable","12":"purchasable","13":"product-type-simple"},"acf":[],"yoast_head":"<!-- This site is optimized with the Yoast SEO Premium plugin v25.2 (Yoast SEO v25.2) - https:\/\/yoast.com\/wordpress\/plugins\/seo\/ -->\n<title>El incre\u00edble Dr\u00e1cula: en busca del amor - Gu\u00eda Dr\u00e1cula eludiendo a una princesa sedienta de amor<\/title>\n<meta name=\"description\" content=\"Ayuda a Dr\u00e1cula en su intento de escapar de una princesa que anhela su amor.\" \/>\n<meta name=\"robots\" content=\"noindex, nofollow\" \/>\n<meta property=\"og:locale\" content=\"es_ES\" \/>\n<meta property=\"og:type\" content=\"article\" \/>\n<meta property=\"og:title\" content=\"Incredible Dracula: Chasing Love\" \/>\n<meta property=\"og:description\" content=\"Ayuda a Dr\u00e1cula en su intento de escapar de una princesa que anhela su amor.\" \/>\n<meta property=\"og:url\" content=\"https:\/\/www.iplay.com\/es\/games\/incredible-dracula-chasing-love\/\" \/>\n<meta property=\"og:site_name\" content=\"IPlay\" \/>\n<meta property=\"og:image\" content=\"https:\/\/www.iplay.com\/wp-content\/uploads\/2023\/12\/large_square_tile_image-986.jpg\" \/>\n\t<meta property=\"og:image:width\" content=\"310\" \/>\n\t<meta property=\"og:image:height\" content=\"310\" \/>\n\t<meta property=\"og:image:type\" content=\"image\/jpeg\" \/>\n<meta name=\"twitter:card\" content=\"summary_large_image\" \/>\n<meta name=\"twitter:label1\" content=\"Est. reading time\" \/>\n\t<meta name=\"twitter:data1\" content=\"1 minuto\" \/>\n<script type=\"application\/ld+json\" class=\"yoast-schema-graph\">{\"@context\":\"https:\/\/schema.org\",\"@graph\":[{\"@type\":\"WebPage\",\"@id\":\"https:\/\/www.iplay.com\/es\/games\/incredible-dracula-chasing-love\/\",\"url\":\"https:\/\/www.iplay.com\/es\/games\/incredible-dracula-chasing-love\/\",\"name\":\"El incre\u00edble Dr\u00e1cula: en busca del amor - Gu\u00eda Dr\u00e1cula eludiendo a una princesa sedienta de amor\",\"isPartOf\":{\"@id\":\"https:\/\/www.iplay.com\/en\/#website\"},\"primaryImageOfPage\":{\"@id\":\"https:\/\/www.iplay.com\/es\/games\/incredible-dracula-chasing-love\/#primaryimage\"},\"image\":{\"@id\":\"https:\/\/www.iplay.com\/es\/games\/incredible-dracula-chasing-love\/#primaryimage\"},\"thumbnailUrl\":\"https:\/\/www.iplay.com\/wp-content\/uploads\/2023\/12\/large_square_tile_image-986.jpg\",\"datePublished\":\"2015-10-31T00:00:00+00:00\",\"description\":\"Ayuda a Dr\u00e1cula en su intento de escapar de una princesa que anhela su amor.\",\"breadcrumb\":{\"@id\":\"https:\/\/www.iplay.com\/es\/games\/incredible-dracula-chasing-love\/#breadcrumb\"},\"inLanguage\":\"es\",\"potentialAction\":[{\"@type\":\"ReadAction\",\"target\":[\"https:\/\/www.iplay.com\/es\/games\/incredible-dracula-chasing-love\/\"]}]},{\"@type\":\"ImageObject\",\"inLanguage\":\"es\",\"@id\":\"https:\/\/www.iplay.com\/es\/games\/incredible-dracula-chasing-love\/#primaryimage\",\"url\":\"https:\/\/www.iplay.com\/wp-content\/uploads\/2023\/12\/large_square_tile_image-986.jpg\",\"contentUrl\":\"https:\/\/www.iplay.com\/wp-content\/uploads\/2023\/12\/large_square_tile_image-986.jpg\",\"width\":310,\"height\":310},{\"@type\":\"BreadcrumbList\",\"@id\":\"https:\/\/www.iplay.com\/es\/games\/incredible-dracula-chasing-love\/#breadcrumb\",\"itemListElement\":[{\"@type\":\"ListItem\",\"position\":1,\"name\":\"Home\",\"item\":\"https:\/\/www.iplay.com\/es\/home-page-2\/\"},{\"@type\":\"ListItem\",\"position\":2,\"name\":\"Shop\",\"item\":\"https:\/\/www.iplay.com\/en\/shop\/\"},{\"@type\":\"ListItem\",\"position\":3,\"name\":\"Incredible Dracula: Chasing Love\"}]},{\"@type\":\"WebSite\",\"@id\":\"https:\/\/www.iplay.com\/en\/#website\",\"url\":\"https:\/\/www.iplay.com\/en\/\",\"name\":\"IPlay\",\"description\":\"The Best Casual Games!\",\"publisher\":{\"@id\":\"https:\/\/www.iplay.com\/en\/#organization\"},\"potentialAction\":[{\"@type\":\"SearchAction\",\"target\":{\"@type\":\"EntryPoint\",\"urlTemplate\":\"https:\/\/www.iplay.com\/en\/?s={search_term_string}\"},\"query-input\":{\"@type\":\"PropertyValueSpecification\",\"valueRequired\":true,\"valueName\":\"search_term_string\"}}],\"inLanguage\":\"es\"},{\"@type\":\"Organization\",\"@id\":\"https:\/\/www.iplay.com\/en\/#organization\",\"name\":\"IPlay\",\"url\":\"https:\/\/www.iplay.com\/en\/\",\"logo\":{\"@type\":\"ImageObject\",\"inLanguage\":\"es\",\"@id\":\"https:\/\/www.iplay.com\/en\/#\/schema\/logo\/image\/\",\"url\":\"https:\/\/www.iplay.com\/wp-content\/uploads\/2023\/11\/Group-6100.svg\",\"contentUrl\":\"https:\/\/www.iplay.com\/wp-content\/uploads\/2023\/11\/Group-6100.svg\",\"width\":98,\"height\":25,\"caption\":\"IPlay\"},\"image\":{\"@id\":\"https:\/\/www.iplay.com\/en\/#\/schema\/logo\/image\/\"}}]}<\/script>\n<!-- \/ Yoast SEO Premium plugin. -->","yoast_head_json":{"title":"El incre\u00edble Dr\u00e1cula: en busca del amor - Gu\u00eda Dr\u00e1cula eludiendo a una princesa sedienta de amor","description":"Ayuda a Dr\u00e1cula en su intento de escapar de una princesa que anhela su amor.","robots":{"index":"noindex","follow":"nofollow"},"og_locale":"es_ES","og_type":"article","og_title":"Incredible Dracula: Chasing Love","og_description":"Ayuda a Dr\u00e1cula en su intento de escapar de una princesa que anhela su amor.","og_url":"https:\/\/www.iplay.com\/es\/games\/incredible-dracula-chasing-love\/","og_site_name":"IPlay","og_image":[{"width":310,"height":310,"url":"https:\/\/www.iplay.com\/wp-content\/uploads\/2023\/12\/large_square_tile_image-986.jpg","type":"image\/jpeg"}],"twitter_card":"summary_large_image","twitter_misc":{"Est. reading time":"1 minuto"},"schema":{"@context":"https:\/\/schema.org","@graph":[{"@type":"WebPage","@id":"https:\/\/www.iplay.com\/es\/games\/incredible-dracula-chasing-love\/","url":"https:\/\/www.iplay.com\/es\/games\/incredible-dracula-chasing-love\/","name":"El incre\u00edble Dr\u00e1cula: en busca del amor - Gu\u00eda Dr\u00e1cula eludiendo a una princesa sedienta de amor","isPartOf":{"@id":"https:\/\/www.iplay.com\/en\/#website"},"primaryImageOfPage":{"@id":"https:\/\/www.iplay.com\/es\/games\/incredible-dracula-chasing-love\/#primaryimage"},"image":{"@id":"https:\/\/www.iplay.com\/es\/games\/incredible-dracula-chasing-love\/#primaryimage"},"thumbnailUrl":"https:\/\/www.iplay.com\/wp-content\/uploads\/2023\/12\/large_square_tile_image-986.jpg","datePublished":"2015-10-31T00:00:00+00:00","description":"Ayuda a Dr\u00e1cula en su intento de escapar de una princesa que anhela su amor.","breadcrumb":{"@id":"https:\/\/www.iplay.com\/es\/games\/incredible-dracula-chasing-love\/#breadcrumb"},"inLanguage":"es","potentialAction":[{"@type":"ReadAction","target":["https:\/\/www.iplay.com\/es\/games\/incredible-dracula-chasing-love\/"]}]},{"@type":"ImageObject","inLanguage":"es","@id":"https:\/\/www.iplay.com\/es\/games\/incredible-dracula-chasing-love\/#primaryimage","url":"https:\/\/www.iplay.com\/wp-content\/uploads\/2023\/12\/large_square_tile_image-986.jpg","contentUrl":"https:\/\/www.iplay.com\/wp-content\/uploads\/2023\/12\/large_square_tile_image-986.jpg","width":310,"height":310},{"@type":"BreadcrumbList","@id":"https:\/\/www.iplay.com\/es\/games\/incredible-dracula-chasing-love\/#breadcrumb","itemListElement":[{"@type":"ListItem","position":1,"name":"Home","item":"https:\/\/www.iplay.com\/es\/home-page-2\/"},{"@type":"ListItem","position":2,"name":"Shop","item":"https:\/\/www.iplay.com\/en\/shop\/"},{"@type":"ListItem","position":3,"name":"Incredible Dracula: Chasing Love"}]},{"@type":"WebSite","@id":"https:\/\/www.iplay.com\/en\/#website","url":"https:\/\/www.iplay.com\/en\/","name":"IPlay","description":"The Best Casual Games!","publisher":{"@id":"https:\/\/www.iplay.com\/en\/#organization"},"potentialAction":[{"@type":"SearchAction","target":{"@type":"EntryPoint","urlTemplate":"https:\/\/www.iplay.com\/en\/?s={search_term_string}"},"query-input":{"@type":"PropertyValueSpecification","valueRequired":true,"valueName":"search_term_string"}}],"inLanguage":"es"},{"@type":"Organization","@id":"https:\/\/www.iplay.com\/en\/#organization","name":"IPlay","url":"https:\/\/www.iplay.com\/en\/","logo":{"@type":"ImageObject","inLanguage":"es","@id":"https:\/\/www.iplay.com\/en\/#\/schema\/logo\/image\/","url":"https:\/\/www.iplay.com\/wp-content\/uploads\/2023\/11\/Group-6100.svg","contentUrl":"https:\/\/www.iplay.com\/wp-content\/uploads\/2023\/11\/Group-6100.svg","width":98,"height":25,"caption":"IPlay"},"image":{"@id":"https:\/\/www.iplay.com\/en\/#\/schema\/logo\/image\/"}}]}},"_links":{"self":[{"href":"https:\/\/www.iplay.com\/es\/wp-json\/wp\/v2\/product\/127123","targetHints":{"allow":["GET"]}}],"collection":[{"href":"https:\/\/www.iplay.com\/es\/wp-json\/wp\/v2\/product"}],"about":[{"href":"https:\/\/www.iplay.com\/es\/wp-json\/wp\/v2\/types\/product"}],"author":[{"embeddable":true,"href":"https:\/\/www.iplay.com\/es\/wp-json\/wp\/v2\/users\/8"}],"replies":[{"embeddable":true,"href":"https:\/\/www.iplay.com\/es\/wp-json\/wp\/v2\/comments?post=127123"}],"wp:featuredmedia":[{"embeddable":true,"href":"https:\/\/www.iplay.com\/es\/wp-json\/wp\/v2\/media\/56248"}],"wp:attachment":[{"href":"https:\/\/www.iplay.com\/es\/wp-json\/wp\/v2\/media?parent=127123"}],"wp:term":[{"taxonomy":"product_brand","embeddable":true,"href":"https:\/\/www.iplay.com\/es\/wp-json\/wp\/v2\/product_brand?post=127123"},{"taxonomy":"product_cat","embeddable":true,"href":"https:\/\/www.iplay.com\/es\/wp-json\/wp\/v2\/product_cat?post=127123"},{"taxonomy":"product_tag","embeddable":true,"href":"https:\/\/www.iplay.com\/es\/wp-json\/wp\/v2\/product_tag?post=127123"}],"curies":[{"name":"wp","href":"https:\/\/api.w.org\/{rel}","templated":true}]}}