{"id":127094,"date":"2021-07-03T00:00:00","date_gmt":"2021-07-03T00:00:00","guid":{"rendered":"https:\/\/www.iplay.com\/games\/around-the-world-with-the-johnson-family\/"},"modified":"2021-07-03T00:00:00","modified_gmt":"2021-07-03T00:00:00","slug":"around-the-world-with-the-johnson-family","status":"publish","type":"product","link":"https:\/\/www.iplay.com\/es\/games\/around-the-world-with-the-johnson-family\/","title":{"rendered":"Around the world with the Johnson Family"},"content":{"rendered":"<p>\u00a1Explora el mundo! Disfrutar\u00e1s del esp\u00edritu y la cultura de muchos destinos de todo el mundo mientras te lo pasas en grande. Re\u00fana \u00e1lbumes de fotos para sus recuerdos, y hay dos lugares para visitar en cada nivel. Hay diez minijuegos para elegir. Los dos juegos de cartas accesibles son la memoria y el solitario. Debes despejar el tablero en el juego de mahjong, ubicar 15 distinciones en el escenario y jugar el juego del desorden. Debes escapar del laberinto, resolver rompecabezas para descubrir nuevas \u00e1reas, desbloquear fichas de madera en un incre\u00edble juego de Match 2 para ver nuevas ubicaciones, acumular colecciones de diversos grupos de animales y limpiar el tablero ubicando dos cosas coincidentes. Los tres modos de juego (l\u00edmite de tiempo, penalizaciones por errores de clic) son F\u00c1CIL (sin restricci\u00f3n de tiempo, sin penalizaciones por errores de clic), NORMAL (l\u00edmite de tiempo, sin penalizaciones por errores de clic) y DIF\u00cdCIL (l\u00edmite de tiempo, sin penalizaciones por errores de clic). En el men\u00fa de configuraci\u00f3n, puede especificar si desea palabras desordenadas y\/o letras faltantes. \u00a1Para ganar dinero extra, encuentra el objeto morphing en cada nivel!         <\/p>\n<p>&nbsp;<\/p>\n<p>&nbsp;<\/p>\n<p><strong>Funciones:<\/strong><\/p>\n<p>&nbsp;<\/p>\n<p>&#8211; Explora el mundo<\/p>\n<p>&#8211; Re\u00fane colecciones incre\u00edbles<\/p>\n<p>&#8211; Disfruta de hermosos gr\u00e1ficos y emocionantes minijuegos<\/p>\n<p>&#8211; Encuentra las diferencias en la escena<\/p>\n<p>&#8211; Juega desafiantes rompecabezas de mahjong<\/p>\n<p>&#8211; Limpia el desorden<\/p>\n<p>&#8211; Resuelve el incre\u00edble juego de combinar 2<\/p>\n<p>&#8211; Repite los niveles y minijuegos favoritos<\/p>\n","protected":false},"excerpt":{"rendered":"<p>Realice un viaje por todo el mundo y cree recuerdos con la familia Johnson.<\/p>\n","protected":false},"author":48,"featured_media":79675,"comment_status":"open","ping_status":"closed","template":"","meta":{"_acf_changed":false,"inline_featured_image":false},"product_brand":[],"product_cat":[166],"product_tag":[288],"class_list":{"0":"post-127094","1":"product","2":"type-product","3":"status-publish","4":"has-post-thumbnail","6":"product_cat-hidden-object-es","7":"product_tag-play-on-pc-es","9":"first","10":"instock","11":"shipping-taxable","12":"purchasable","13":"product-type-simple"},"acf":[],"yoast_head":"<!-- This site is optimized with the Yoast SEO Premium plugin v25.2 (Yoast SEO v25.2) - https:\/\/yoast.com\/wordpress\/plugins\/seo\/ -->\n<title>Alrededor del mundo con la familia Johnson - Cree recuerdos en La vuelta al mundo con la familia Johnson<\/title>\n<meta name=\"description\" content=\"Realice un viaje por todo el mundo y cree recuerdos con la familia Johnson.\" \/>\n<meta name=\"robots\" content=\"index, follow, max-snippet:-1, max-image-preview:large, max-video-preview:-1\" \/>\n<link rel=\"canonical\" href=\"https:\/\/www.iplay.com\/es\/games\/around-the-world-with-the-johnson-family\/\" \/>\n<meta property=\"og:locale\" content=\"es_ES\" \/>\n<meta property=\"og:type\" content=\"article\" \/>\n<meta property=\"og:title\" content=\"Around the world with the Johnson Family\" \/>\n<meta property=\"og:description\" content=\"Realice un viaje por todo el mundo y cree recuerdos con la familia Johnson.\" \/>\n<meta property=\"og:url\" content=\"https:\/\/www.iplay.com\/es\/games\/around-the-world-with-the-johnson-family\/\" \/>\n<meta property=\"og:site_name\" content=\"IPlay\" \/>\n<meta property=\"og:image\" content=\"https:\/\/www.iplay.com\/wp-content\/uploads\/2023\/12\/large_square_tile_image-2481.jpg\" \/>\n\t<meta property=\"og:image:width\" content=\"310\" \/>\n\t<meta property=\"og:image:height\" content=\"310\" \/>\n\t<meta property=\"og:image:type\" content=\"image\/jpeg\" \/>\n<meta name=\"twitter:card\" content=\"summary_large_image\" \/>\n<meta name=\"twitter:label1\" content=\"Est. reading time\" \/>\n\t<meta name=\"twitter:data1\" content=\"1 minuto\" \/>\n<script type=\"application\/ld+json\" class=\"yoast-schema-graph\">{\"@context\":\"https:\/\/schema.org\",\"@graph\":[{\"@type\":\"WebPage\",\"@id\":\"https:\/\/www.iplay.com\/es\/games\/around-the-world-with-the-johnson-family\/\",\"url\":\"https:\/\/www.iplay.com\/es\/games\/around-the-world-with-the-johnson-family\/\",\"name\":\"Alrededor del mundo con la familia Johnson - Cree recuerdos en La vuelta al mundo con la familia Johnson\",\"isPartOf\":{\"@id\":\"https:\/\/www.iplay.com\/en\/#website\"},\"primaryImageOfPage\":{\"@id\":\"https:\/\/www.iplay.com\/es\/games\/around-the-world-with-the-johnson-family\/#primaryimage\"},\"image\":{\"@id\":\"https:\/\/www.iplay.com\/es\/games\/around-the-world-with-the-johnson-family\/#primaryimage\"},\"thumbnailUrl\":\"https:\/\/www.iplay.com\/wp-content\/uploads\/2023\/12\/large_square_tile_image-2481.jpg\",\"datePublished\":\"2021-07-03T00:00:00+00:00\",\"description\":\"Realice un viaje por todo el mundo y cree recuerdos con la familia Johnson.\",\"breadcrumb\":{\"@id\":\"https:\/\/www.iplay.com\/es\/games\/around-the-world-with-the-johnson-family\/#breadcrumb\"},\"inLanguage\":\"es\",\"potentialAction\":[{\"@type\":\"ReadAction\",\"target\":[\"https:\/\/www.iplay.com\/es\/games\/around-the-world-with-the-johnson-family\/\"]}]},{\"@type\":\"ImageObject\",\"inLanguage\":\"es\",\"@id\":\"https:\/\/www.iplay.com\/es\/games\/around-the-world-with-the-johnson-family\/#primaryimage\",\"url\":\"https:\/\/www.iplay.com\/wp-content\/uploads\/2023\/12\/large_square_tile_image-2481.jpg\",\"contentUrl\":\"https:\/\/www.iplay.com\/wp-content\/uploads\/2023\/12\/large_square_tile_image-2481.jpg\",\"width\":310,\"height\":310},{\"@type\":\"BreadcrumbList\",\"@id\":\"https:\/\/www.iplay.com\/es\/games\/around-the-world-with-the-johnson-family\/#breadcrumb\",\"itemListElement\":[{\"@type\":\"ListItem\",\"position\":1,\"name\":\"Home\",\"item\":\"https:\/\/www.iplay.com\/es\/home-page-2\/\"},{\"@type\":\"ListItem\",\"position\":2,\"name\":\"Shop\",\"item\":\"https:\/\/www.iplay.com\/en\/shop\/\"},{\"@type\":\"ListItem\",\"position\":3,\"name\":\"Around the world with the Johnson Family\"}]},{\"@type\":\"WebSite\",\"@id\":\"https:\/\/www.iplay.com\/en\/#website\",\"url\":\"https:\/\/www.iplay.com\/en\/\",\"name\":\"IPlay\",\"description\":\"The Best Casual Games!\",\"publisher\":{\"@id\":\"https:\/\/www.iplay.com\/en\/#organization\"},\"potentialAction\":[{\"@type\":\"SearchAction\",\"target\":{\"@type\":\"EntryPoint\",\"urlTemplate\":\"https:\/\/www.iplay.com\/en\/?s={search_term_string}\"},\"query-input\":{\"@type\":\"PropertyValueSpecification\",\"valueRequired\":true,\"valueName\":\"search_term_string\"}}],\"inLanguage\":\"es\"},{\"@type\":\"Organization\",\"@id\":\"https:\/\/www.iplay.com\/en\/#organization\",\"name\":\"IPlay\",\"url\":\"https:\/\/www.iplay.com\/en\/\",\"logo\":{\"@type\":\"ImageObject\",\"inLanguage\":\"es\",\"@id\":\"https:\/\/www.iplay.com\/en\/#\/schema\/logo\/image\/\",\"url\":\"https:\/\/www.iplay.com\/wp-content\/uploads\/2023\/11\/Group-6100.svg\",\"contentUrl\":\"https:\/\/www.iplay.com\/wp-content\/uploads\/2023\/11\/Group-6100.svg\",\"width\":98,\"height\":25,\"caption\":\"IPlay\"},\"image\":{\"@id\":\"https:\/\/www.iplay.com\/en\/#\/schema\/logo\/image\/\"}}]}<\/script>\n<!-- \/ Yoast SEO Premium plugin. -->","yoast_head_json":{"title":"Alrededor del mundo con la familia Johnson - Cree recuerdos en La vuelta al mundo con la familia Johnson","description":"Realice un viaje por todo el mundo y cree recuerdos con la familia Johnson.","robots":{"index":"index","follow":"follow","max-snippet":"max-snippet:-1","max-image-preview":"max-image-preview:large","max-video-preview":"max-video-preview:-1"},"canonical":"https:\/\/www.iplay.com\/es\/games\/around-the-world-with-the-johnson-family\/","og_locale":"es_ES","og_type":"article","og_title":"Around the world with the Johnson Family","og_description":"Realice un viaje por todo el mundo y cree recuerdos con la familia Johnson.","og_url":"https:\/\/www.iplay.com\/es\/games\/around-the-world-with-the-johnson-family\/","og_site_name":"IPlay","og_image":[{"width":310,"height":310,"url":"https:\/\/www.iplay.com\/wp-content\/uploads\/2023\/12\/large_square_tile_image-2481.jpg","type":"image\/jpeg"}],"twitter_card":"summary_large_image","twitter_misc":{"Est. reading time":"1 minuto"},"schema":{"@context":"https:\/\/schema.org","@graph":[{"@type":"WebPage","@id":"https:\/\/www.iplay.com\/es\/games\/around-the-world-with-the-johnson-family\/","url":"https:\/\/www.iplay.com\/es\/games\/around-the-world-with-the-johnson-family\/","name":"Alrededor del mundo con la familia Johnson - Cree recuerdos en La vuelta al mundo con la familia Johnson","isPartOf":{"@id":"https:\/\/www.iplay.com\/en\/#website"},"primaryImageOfPage":{"@id":"https:\/\/www.iplay.com\/es\/games\/around-the-world-with-the-johnson-family\/#primaryimage"},"image":{"@id":"https:\/\/www.iplay.com\/es\/games\/around-the-world-with-the-johnson-family\/#primaryimage"},"thumbnailUrl":"https:\/\/www.iplay.com\/wp-content\/uploads\/2023\/12\/large_square_tile_image-2481.jpg","datePublished":"2021-07-03T00:00:00+00:00","description":"Realice un viaje por todo el mundo y cree recuerdos con la familia Johnson.","breadcrumb":{"@id":"https:\/\/www.iplay.com\/es\/games\/around-the-world-with-the-johnson-family\/#breadcrumb"},"inLanguage":"es","potentialAction":[{"@type":"ReadAction","target":["https:\/\/www.iplay.com\/es\/games\/around-the-world-with-the-johnson-family\/"]}]},{"@type":"ImageObject","inLanguage":"es","@id":"https:\/\/www.iplay.com\/es\/games\/around-the-world-with-the-johnson-family\/#primaryimage","url":"https:\/\/www.iplay.com\/wp-content\/uploads\/2023\/12\/large_square_tile_image-2481.jpg","contentUrl":"https:\/\/www.iplay.com\/wp-content\/uploads\/2023\/12\/large_square_tile_image-2481.jpg","width":310,"height":310},{"@type":"BreadcrumbList","@id":"https:\/\/www.iplay.com\/es\/games\/around-the-world-with-the-johnson-family\/#breadcrumb","itemListElement":[{"@type":"ListItem","position":1,"name":"Home","item":"https:\/\/www.iplay.com\/es\/home-page-2\/"},{"@type":"ListItem","position":2,"name":"Shop","item":"https:\/\/www.iplay.com\/en\/shop\/"},{"@type":"ListItem","position":3,"name":"Around the world with the Johnson Family"}]},{"@type":"WebSite","@id":"https:\/\/www.iplay.com\/en\/#website","url":"https:\/\/www.iplay.com\/en\/","name":"IPlay","description":"The Best Casual Games!","publisher":{"@id":"https:\/\/www.iplay.com\/en\/#organization"},"potentialAction":[{"@type":"SearchAction","target":{"@type":"EntryPoint","urlTemplate":"https:\/\/www.iplay.com\/en\/?s={search_term_string}"},"query-input":{"@type":"PropertyValueSpecification","valueRequired":true,"valueName":"search_term_string"}}],"inLanguage":"es"},{"@type":"Organization","@id":"https:\/\/www.iplay.com\/en\/#organization","name":"IPlay","url":"https:\/\/www.iplay.com\/en\/","logo":{"@type":"ImageObject","inLanguage":"es","@id":"https:\/\/www.iplay.com\/en\/#\/schema\/logo\/image\/","url":"https:\/\/www.iplay.com\/wp-content\/uploads\/2023\/11\/Group-6100.svg","contentUrl":"https:\/\/www.iplay.com\/wp-content\/uploads\/2023\/11\/Group-6100.svg","width":98,"height":25,"caption":"IPlay"},"image":{"@id":"https:\/\/www.iplay.com\/en\/#\/schema\/logo\/image\/"}}]}},"_links":{"self":[{"href":"https:\/\/www.iplay.com\/es\/wp-json\/wp\/v2\/product\/127094","targetHints":{"allow":["GET"]}}],"collection":[{"href":"https:\/\/www.iplay.com\/es\/wp-json\/wp\/v2\/product"}],"about":[{"href":"https:\/\/www.iplay.com\/es\/wp-json\/wp\/v2\/types\/product"}],"author":[{"embeddable":true,"href":"https:\/\/www.iplay.com\/es\/wp-json\/wp\/v2\/users\/48"}],"replies":[{"embeddable":true,"href":"https:\/\/www.iplay.com\/es\/wp-json\/wp\/v2\/comments?post=127094"}],"wp:featuredmedia":[{"embeddable":true,"href":"https:\/\/www.iplay.com\/es\/wp-json\/wp\/v2\/media\/79675"}],"wp:attachment":[{"href":"https:\/\/www.iplay.com\/es\/wp-json\/wp\/v2\/media?parent=127094"}],"wp:term":[{"taxonomy":"product_brand","embeddable":true,"href":"https:\/\/www.iplay.com\/es\/wp-json\/wp\/v2\/product_brand?post=127094"},{"taxonomy":"product_cat","embeddable":true,"href":"https:\/\/www.iplay.com\/es\/wp-json\/wp\/v2\/product_cat?post=127094"},{"taxonomy":"product_tag","embeddable":true,"href":"https:\/\/www.iplay.com\/es\/wp-json\/wp\/v2\/product_tag?post=127094"}],"curies":[{"name":"wp","href":"https:\/\/api.w.org\/{rel}","templated":true}]}}