{"id":127063,"date":"2021-12-21T00:00:01","date_gmt":"2021-12-21T00:00:01","guid":{"rendered":"https:\/\/www.iplay.com\/games\/christmas-wonderland-11-collectors-edition\/"},"modified":"2021-12-21T00:00:01","modified_gmt":"2021-12-21T00:00:01","slug":"christmas-wonderland-11-collectors-edition","status":"publish","type":"product","link":"https:\/\/www.iplay.com\/es\/games\/christmas-wonderland-11-collectors-edition\/","title":{"rendered":"Christmas Wonderland 11 &#8211; Collector&#8217;s Edition"},"content":{"rendered":"<p>Saborea las espl\u00e9ndidas celebraciones navide\u00f1as en Springfield este a\u00f1o. Ayuda a los elfos y a Pap\u00e1 Noel en el Polo Norte. Visita la casa de Pap\u00e1 Noel, los talleres de juguetes, el granero de renos y la gruta. Vea la exhibici\u00f3n de la Natividad. Ayuda a las organizaciones ben\u00e9ficas a entregar regalos a las personas sin hogar. Coloca adornos navide\u00f1os. Gana incre\u00edbles recompensas y logros. Toma fotos, haz un \u00e1lbum. De repente es Nochebuena y Pap\u00e1 Noel est\u00e1 volando por el mundo mientras los ni\u00f1os duermen profundamente, \u00bfo no? Pronto ser\u00e1 otra incre\u00edble ma\u00f1ana de Navidad. Ayuda a Pap\u00e1 Noel a encontrar cientos de objetos ocultos, objetos perdidos y encontrados, \u00e1rboles de oro, \u00e1ngeles y renos. Juega a magn\u00edficos minijuegos. as\u00ed como insignias de m\u00e9rito por sus logros. Christmas Wonderland 11 Collector&#8217;s Edition est\u00e1 repleto de regalos y sorpresas ocultas con magn\u00edficos gr\u00e1ficos y puzles. \u00danete a la diversi\u00f3n, con un juego navide\u00f1o verdaderamente cautivador para que disfruten familias y amigos de todos los niveles y edades.              <\/p>\n<p>&nbsp;<\/p>\n<p>&nbsp;<\/p>\n<p><strong>Funciones:<\/strong><\/p>\n<p>&nbsp;<\/p>\n<p>&#8211; Impresionante juego navide\u00f1o<\/p>\n<p>&#8211; Magn\u00edficos gr\u00e1ficos en todas partes.<\/p>\n<p>&#8211; Cerdos sensacionales y rompecabezas<\/p>\n<p>&#8211; Compra regalos para toda la familia<\/p>\n<p>&#8211; Desafiantes b\u00fasquedas de objetos de bonificaci\u00f3n<\/p>\n<p>&nbsp;<\/p>\n<p>&nbsp;<\/p>\n<p><strong>Caracter\u00edsticas de la Edici\u00f3n de Coleccionista:<\/strong><\/p>\n<p>&nbsp;<\/p>\n<p>&#8211; Verdaderamente impresionante &#8211; Edici\u00f3n de coleccionista<\/p>\n<p>&#8211; Tres modos: \u00a1F\u00e1cil, Dif\u00edcil y Extremo!<\/p>\n<p>&#8211; Ubicaciones, im\u00e1genes y experiencia de juego adicionales<\/p>\n<p>&#8211; Colecci\u00f3n masiva de rompecabezas adicionales<\/p>\n<p>&#8211; Im\u00e1genes de fondo y reproductores de m\u00fasica distintivos<\/p>\n","protected":false},"excerpt":{"rendered":"<p>Christmas Wonderland 11 Collector&#8217;s Edition es una encantadora aventura para toda la familia.<\/p>\n","protected":false},"author":37,"featured_media":104165,"comment_status":"open","ping_status":"closed","template":"","meta":{"_acf_changed":false,"inline_featured_image":false},"product_brand":[],"product_cat":[166],"product_tag":[288],"class_list":{"0":"post-127063","1":"product","2":"type-product","3":"status-publish","4":"has-post-thumbnail","6":"product_cat-hidden-object-es","7":"product_tag-play-on-pc-es","9":"first","10":"instock","11":"shipping-taxable","12":"purchasable","13":"product-type-simple"},"acf":[],"yoast_head":"<!-- This site is optimized with the Yoast SEO Premium plugin v25.2 (Yoast SEO v25.2) - https:\/\/yoast.com\/wordpress\/plugins\/seo\/ -->\n<title>Christmas Wonderland 11 - Edici\u00f3n de Coleccionista - Una aventura navide\u00f1a en el Pa\u00eds de las Maravillas para toda la familia<\/title>\n<meta name=\"description\" content=\"Christmas Wonderland 11 Collector&#039;s Edition es una encantadora aventura para toda la familia.\" \/>\n<meta name=\"robots\" content=\"index, follow, max-snippet:-1, max-image-preview:large, max-video-preview:-1\" \/>\n<link rel=\"canonical\" href=\"https:\/\/www.iplay.com\/es\/games\/christmas-wonderland-11-collectors-edition\/\" \/>\n<meta property=\"og:locale\" content=\"es_ES\" \/>\n<meta property=\"og:type\" content=\"article\" \/>\n<meta property=\"og:title\" content=\"Christmas Wonderland 11 - Collector&#039;s Edition\" \/>\n<meta property=\"og:description\" content=\"Christmas Wonderland 11 Collector&#039;s Edition es una encantadora aventura para toda la familia.\" \/>\n<meta property=\"og:url\" content=\"https:\/\/www.iplay.com\/es\/games\/christmas-wonderland-11-collectors-edition\/\" \/>\n<meta property=\"og:site_name\" content=\"IPlay\" \/>\n<meta property=\"og:image\" content=\"https:\/\/www.iplay.com\/wp-content\/uploads\/2023\/12\/large_square_tile_image-4025.jpg\" \/>\n\t<meta property=\"og:image:width\" content=\"310\" \/>\n\t<meta property=\"og:image:height\" content=\"310\" \/>\n\t<meta property=\"og:image:type\" content=\"image\/jpeg\" \/>\n<meta name=\"twitter:card\" content=\"summary_large_image\" \/>\n<meta name=\"twitter:label1\" content=\"Est. reading time\" \/>\n\t<meta name=\"twitter:data1\" content=\"1 minuto\" \/>\n<script type=\"application\/ld+json\" class=\"yoast-schema-graph\">{\"@context\":\"https:\/\/schema.org\",\"@graph\":[{\"@type\":\"WebPage\",\"@id\":\"https:\/\/www.iplay.com\/es\/games\/christmas-wonderland-11-collectors-edition\/\",\"url\":\"https:\/\/www.iplay.com\/es\/games\/christmas-wonderland-11-collectors-edition\/\",\"name\":\"Christmas Wonderland 11 - Edici\u00f3n de Coleccionista - Una aventura navide\u00f1a en el Pa\u00eds de las Maravillas para toda la familia\",\"isPartOf\":{\"@id\":\"https:\/\/www.iplay.com\/en\/#website\"},\"primaryImageOfPage\":{\"@id\":\"https:\/\/www.iplay.com\/es\/games\/christmas-wonderland-11-collectors-edition\/#primaryimage\"},\"image\":{\"@id\":\"https:\/\/www.iplay.com\/es\/games\/christmas-wonderland-11-collectors-edition\/#primaryimage\"},\"thumbnailUrl\":\"https:\/\/www.iplay.com\/wp-content\/uploads\/2023\/12\/large_square_tile_image-4025.jpg\",\"datePublished\":\"2021-12-21T00:00:01+00:00\",\"description\":\"Christmas Wonderland 11 Collector's Edition es una encantadora aventura para toda la familia.\",\"breadcrumb\":{\"@id\":\"https:\/\/www.iplay.com\/es\/games\/christmas-wonderland-11-collectors-edition\/#breadcrumb\"},\"inLanguage\":\"es\",\"potentialAction\":[{\"@type\":\"ReadAction\",\"target\":[\"https:\/\/www.iplay.com\/es\/games\/christmas-wonderland-11-collectors-edition\/\"]}]},{\"@type\":\"ImageObject\",\"inLanguage\":\"es\",\"@id\":\"https:\/\/www.iplay.com\/es\/games\/christmas-wonderland-11-collectors-edition\/#primaryimage\",\"url\":\"https:\/\/www.iplay.com\/wp-content\/uploads\/2023\/12\/large_square_tile_image-4025.jpg\",\"contentUrl\":\"https:\/\/www.iplay.com\/wp-content\/uploads\/2023\/12\/large_square_tile_image-4025.jpg\",\"width\":310,\"height\":310},{\"@type\":\"BreadcrumbList\",\"@id\":\"https:\/\/www.iplay.com\/es\/games\/christmas-wonderland-11-collectors-edition\/#breadcrumb\",\"itemListElement\":[{\"@type\":\"ListItem\",\"position\":1,\"name\":\"Home\",\"item\":\"https:\/\/www.iplay.com\/es\/home-page-2\/\"},{\"@type\":\"ListItem\",\"position\":2,\"name\":\"Shop\",\"item\":\"https:\/\/www.iplay.com\/en\/shop\/\"},{\"@type\":\"ListItem\",\"position\":3,\"name\":\"Christmas Wonderland 11 &#8211; Collector&#8217;s Edition\"}]},{\"@type\":\"WebSite\",\"@id\":\"https:\/\/www.iplay.com\/en\/#website\",\"url\":\"https:\/\/www.iplay.com\/en\/\",\"name\":\"IPlay\",\"description\":\"The Best Casual Games!\",\"publisher\":{\"@id\":\"https:\/\/www.iplay.com\/en\/#organization\"},\"potentialAction\":[{\"@type\":\"SearchAction\",\"target\":{\"@type\":\"EntryPoint\",\"urlTemplate\":\"https:\/\/www.iplay.com\/en\/?s={search_term_string}\"},\"query-input\":{\"@type\":\"PropertyValueSpecification\",\"valueRequired\":true,\"valueName\":\"search_term_string\"}}],\"inLanguage\":\"es\"},{\"@type\":\"Organization\",\"@id\":\"https:\/\/www.iplay.com\/en\/#organization\",\"name\":\"IPlay\",\"url\":\"https:\/\/www.iplay.com\/en\/\",\"logo\":{\"@type\":\"ImageObject\",\"inLanguage\":\"es\",\"@id\":\"https:\/\/www.iplay.com\/en\/#\/schema\/logo\/image\/\",\"url\":\"https:\/\/www.iplay.com\/wp-content\/uploads\/2023\/11\/Group-6100.svg\",\"contentUrl\":\"https:\/\/www.iplay.com\/wp-content\/uploads\/2023\/11\/Group-6100.svg\",\"width\":98,\"height\":25,\"caption\":\"IPlay\"},\"image\":{\"@id\":\"https:\/\/www.iplay.com\/en\/#\/schema\/logo\/image\/\"}}]}<\/script>\n<!-- \/ Yoast SEO Premium plugin. -->","yoast_head_json":{"title":"Christmas Wonderland 11 - Edici\u00f3n de Coleccionista - Una aventura navide\u00f1a en el Pa\u00eds de las Maravillas para toda la familia","description":"Christmas Wonderland 11 Collector's Edition es una encantadora aventura para toda la familia.","robots":{"index":"index","follow":"follow","max-snippet":"max-snippet:-1","max-image-preview":"max-image-preview:large","max-video-preview":"max-video-preview:-1"},"canonical":"https:\/\/www.iplay.com\/es\/games\/christmas-wonderland-11-collectors-edition\/","og_locale":"es_ES","og_type":"article","og_title":"Christmas Wonderland 11 - Collector's Edition","og_description":"Christmas Wonderland 11 Collector's Edition es una encantadora aventura para toda la familia.","og_url":"https:\/\/www.iplay.com\/es\/games\/christmas-wonderland-11-collectors-edition\/","og_site_name":"IPlay","og_image":[{"width":310,"height":310,"url":"https:\/\/www.iplay.com\/wp-content\/uploads\/2023\/12\/large_square_tile_image-4025.jpg","type":"image\/jpeg"}],"twitter_card":"summary_large_image","twitter_misc":{"Est. reading time":"1 minuto"},"schema":{"@context":"https:\/\/schema.org","@graph":[{"@type":"WebPage","@id":"https:\/\/www.iplay.com\/es\/games\/christmas-wonderland-11-collectors-edition\/","url":"https:\/\/www.iplay.com\/es\/games\/christmas-wonderland-11-collectors-edition\/","name":"Christmas Wonderland 11 - Edici\u00f3n de Coleccionista - Una aventura navide\u00f1a en el Pa\u00eds de las Maravillas para toda la familia","isPartOf":{"@id":"https:\/\/www.iplay.com\/en\/#website"},"primaryImageOfPage":{"@id":"https:\/\/www.iplay.com\/es\/games\/christmas-wonderland-11-collectors-edition\/#primaryimage"},"image":{"@id":"https:\/\/www.iplay.com\/es\/games\/christmas-wonderland-11-collectors-edition\/#primaryimage"},"thumbnailUrl":"https:\/\/www.iplay.com\/wp-content\/uploads\/2023\/12\/large_square_tile_image-4025.jpg","datePublished":"2021-12-21T00:00:01+00:00","description":"Christmas Wonderland 11 Collector's Edition es una encantadora aventura para toda la familia.","breadcrumb":{"@id":"https:\/\/www.iplay.com\/es\/games\/christmas-wonderland-11-collectors-edition\/#breadcrumb"},"inLanguage":"es","potentialAction":[{"@type":"ReadAction","target":["https:\/\/www.iplay.com\/es\/games\/christmas-wonderland-11-collectors-edition\/"]}]},{"@type":"ImageObject","inLanguage":"es","@id":"https:\/\/www.iplay.com\/es\/games\/christmas-wonderland-11-collectors-edition\/#primaryimage","url":"https:\/\/www.iplay.com\/wp-content\/uploads\/2023\/12\/large_square_tile_image-4025.jpg","contentUrl":"https:\/\/www.iplay.com\/wp-content\/uploads\/2023\/12\/large_square_tile_image-4025.jpg","width":310,"height":310},{"@type":"BreadcrumbList","@id":"https:\/\/www.iplay.com\/es\/games\/christmas-wonderland-11-collectors-edition\/#breadcrumb","itemListElement":[{"@type":"ListItem","position":1,"name":"Home","item":"https:\/\/www.iplay.com\/es\/home-page-2\/"},{"@type":"ListItem","position":2,"name":"Shop","item":"https:\/\/www.iplay.com\/en\/shop\/"},{"@type":"ListItem","position":3,"name":"Christmas Wonderland 11 &#8211; Collector&#8217;s Edition"}]},{"@type":"WebSite","@id":"https:\/\/www.iplay.com\/en\/#website","url":"https:\/\/www.iplay.com\/en\/","name":"IPlay","description":"The Best Casual Games!","publisher":{"@id":"https:\/\/www.iplay.com\/en\/#organization"},"potentialAction":[{"@type":"SearchAction","target":{"@type":"EntryPoint","urlTemplate":"https:\/\/www.iplay.com\/en\/?s={search_term_string}"},"query-input":{"@type":"PropertyValueSpecification","valueRequired":true,"valueName":"search_term_string"}}],"inLanguage":"es"},{"@type":"Organization","@id":"https:\/\/www.iplay.com\/en\/#organization","name":"IPlay","url":"https:\/\/www.iplay.com\/en\/","logo":{"@type":"ImageObject","inLanguage":"es","@id":"https:\/\/www.iplay.com\/en\/#\/schema\/logo\/image\/","url":"https:\/\/www.iplay.com\/wp-content\/uploads\/2023\/11\/Group-6100.svg","contentUrl":"https:\/\/www.iplay.com\/wp-content\/uploads\/2023\/11\/Group-6100.svg","width":98,"height":25,"caption":"IPlay"},"image":{"@id":"https:\/\/www.iplay.com\/en\/#\/schema\/logo\/image\/"}}]}},"_links":{"self":[{"href":"https:\/\/www.iplay.com\/es\/wp-json\/wp\/v2\/product\/127063","targetHints":{"allow":["GET"]}}],"collection":[{"href":"https:\/\/www.iplay.com\/es\/wp-json\/wp\/v2\/product"}],"about":[{"href":"https:\/\/www.iplay.com\/es\/wp-json\/wp\/v2\/types\/product"}],"author":[{"embeddable":true,"href":"https:\/\/www.iplay.com\/es\/wp-json\/wp\/v2\/users\/37"}],"replies":[{"embeddable":true,"href":"https:\/\/www.iplay.com\/es\/wp-json\/wp\/v2\/comments?post=127063"}],"wp:featuredmedia":[{"embeddable":true,"href":"https:\/\/www.iplay.com\/es\/wp-json\/wp\/v2\/media\/104165"}],"wp:attachment":[{"href":"https:\/\/www.iplay.com\/es\/wp-json\/wp\/v2\/media?parent=127063"}],"wp:term":[{"taxonomy":"product_brand","embeddable":true,"href":"https:\/\/www.iplay.com\/es\/wp-json\/wp\/v2\/product_brand?post=127063"},{"taxonomy":"product_cat","embeddable":true,"href":"https:\/\/www.iplay.com\/es\/wp-json\/wp\/v2\/product_cat?post=127063"},{"taxonomy":"product_tag","embeddable":true,"href":"https:\/\/www.iplay.com\/es\/wp-json\/wp\/v2\/product_tag?post=127063"}],"curies":[{"name":"wp","href":"https:\/\/api.w.org\/{rel}","templated":true}]}}