{"id":126985,"date":"2025-03-07T10:00:20","date_gmt":"2025-03-07T10:00:20","guid":{"rendered":"https:\/\/www.iplay.com\/?post_type=product&p=126985"},"modified":"2025-03-07T10:00:20","modified_gmt":"2025-03-07T10:00:20","slug":"amazing-vacation-chicago","status":"publish","type":"product","link":"https:\/\/www.iplay.com\/es\/games\/amazing-vacation-chicago\/","title":{"rendered":"Amazing Vacation: Chicago"},"content":{"rendered":"<p>Se puede embarcar en un viaje inolvidable a trav\u00e9s de la Ciudad de los Vientos, donde se exploran monumentos famosos, desde las imponentes alturas de la Torre Willis y el pintoresco Riverwalk hasta el vibrante Navy Pier y la bulliciosa Magnificent Mile. En el coraz\u00f3n de los diversos barrios de Chicago, como el en\u00e9rgico Wrigleyville y el art\u00edstico Pilsen, se realiza una inmersi\u00f3n en la que se descubren joyas ocultas en el camino. M\u00e1s de 1.000 objetos ocultos se presentan para descubrir en numerosos lugares, y el entretenimiento se mantiene a trav\u00e9s de cuatro modos de juego cautivadores, en los que el esp\u00edritu din\u00e1mico de Chicago se experimenta como nunca antes. En las impresionantes im\u00e1genes que dan vida a esta ic\u00f3nica ciudad, se puede expresar la maravilla, convirtiendo cada momento en una aventura.   <\/p>\n<p>&nbsp;<\/p>\n<p>&nbsp;<\/p>\n<p><strong>Funciones<\/strong><\/p>\n<ul>\n<li>Exploraci\u00f3n diversa de <strong>la ciudad<\/strong>: se presentan numerosos lugares ic\u00f3nicos de Chicago para una investigaci\u00f3n exhaustiva, mediante la cual se captura la esencia de la Ciudad del Viento.<\/li>\n<li><strong>Abundantes tesoros escondidos<\/strong> : una colecci\u00f3n de m\u00e1s de 1.000 objetos ingeniosamente ocultos se distribuye a lo largo del juego, lo que garantiza horas de juego atractivo.<\/li>\n<li><strong>M\u00faltiples experiencias de juego<\/strong> : se incluyen cuatro modos de juego distintos y atractivos, a trav\u00e9s de los cuales el juego se mantiene fresco y desafiante.<\/li>\n<li><strong>Impresionante dise\u00f1o visual<\/strong> : la vibrante atm\u00f3sfera de Chicago cobra vida a trav\u00e9s de gr\u00e1ficos detallados e inmersivos, mediante los cuales se crea una experiencia verdaderamente aut\u00e9ntica.<\/li>\n<\/ul>\n<p>&nbsp;<\/p>\n<p>&nbsp;<\/p>\n<p>El encanto y el car\u00e1cter de una de las ciudades m\u00e1s queridas de Estados Unidos se experimentan a trav\u00e9s de esta aventura de objetos ocultos meticulosamente dise\u00f1ada. Desde maravillas arquitect\u00f3nicas hasta puntos de inter\u00e9s cultural, el alma de Chicago se captura con v\u00edvidos detalles. Ya sea que se desee una sesi\u00f3n de juego r\u00e1pida o se busquen horas de exploraci\u00f3n inmersiva, esta aventura vers\u00e1til se puede disfrutar a cualquier ritmo.<\/p>\n","protected":false},"excerpt":{"rendered":"<p>Descubre el encanto de la Ciudad de los Vientos mientras exploras lugares emblem\u00e1ticos y buscas objetos ingeniosamente escondidos en los vibrantes barrios de Chicago.<\/p>\n","protected":false},"author":120,"featured_media":127370,"comment_status":"open","ping_status":"closed","template":"","meta":{"_acf_changed":false,"inline_featured_image":false},"product_brand":[],"product_cat":[166],"product_tag":[288],"class_list":{"0":"post-126985","1":"product","2":"type-product","3":"status-publish","4":"has-post-thumbnail","6":"product_cat-hidden-object-es","7":"product_tag-play-on-pc-es","9":"first","10":"instock","11":"shipping-taxable","12":"purchasable","13":"product-type-simple"},"acf":[],"yoast_head":"<!-- This site is optimized with the Yoast SEO Premium plugin v25.2 (Yoast SEO v25.2) - https:\/\/yoast.com\/wordpress\/plugins\/seo\/ -->\n<title>Chicago Adventure: Explora puntos de referencia y encuentra objetos ocultos<\/title>\n<meta name=\"description\" content=\"Descubre el encanto de la Ciudad de los Vientos mientras exploras lugares emblem\u00e1ticos y buscas objetos ingeniosamente escondidos en los vibrantes barrios de Chicago.\" \/>\n<meta name=\"robots\" content=\"index, follow, max-snippet:-1, max-image-preview:large, max-video-preview:-1\" \/>\n<link rel=\"canonical\" href=\"https:\/\/www.iplay.com\/en\/games\/amazing-vacation-chicago\/\" \/>\n<meta property=\"og:locale\" content=\"es_ES\" \/>\n<meta property=\"og:type\" content=\"article\" \/>\n<meta property=\"og:title\" content=\"Amazing Vacation: Chicago\" \/>\n<meta property=\"og:description\" content=\"Descubre el encanto de la Ciudad de los Vientos mientras exploras lugares emblem\u00e1ticos y buscas objetos ingeniosamente escondidos en los vibrantes barrios de Chicago.\" \/>\n<meta property=\"og:url\" content=\"https:\/\/www.iplay.com\/en\/games\/amazing-vacation-chicago\/\" \/>\n<meta property=\"og:site_name\" content=\"IPlay\" \/>\n<meta property=\"og:image\" content=\"https:\/\/www.iplay.com\/wp-content\/uploads\/2025\/03\/amazing_vacation_chicago_large_video_screenshot.webp\" \/>\n\t<meta property=\"og:image:width\" content=\"715\" \/>\n\t<meta property=\"og:image:height\" content=\"485\" \/>\n\t<meta property=\"og:image:type\" content=\"image\/webp\" \/>\n<meta name=\"twitter:card\" content=\"summary_large_image\" \/>\n<meta name=\"twitter:label1\" content=\"Est. reading time\" \/>\n\t<meta name=\"twitter:data1\" content=\"2 minutos\" \/>\n<script type=\"application\/ld+json\" class=\"yoast-schema-graph\">{\"@context\":\"https:\/\/schema.org\",\"@graph\":[{\"@type\":\"WebPage\",\"@id\":\"https:\/\/www.iplay.com\/en\/games\/amazing-vacation-chicago\/\",\"url\":\"https:\/\/www.iplay.com\/en\/games\/amazing-vacation-chicago\/\",\"name\":\"Chicago Adventure: Explora puntos de referencia y encuentra objetos ocultos\",\"isPartOf\":{\"@id\":\"https:\/\/www.iplay.com\/en\/#website\"},\"primaryImageOfPage\":{\"@id\":\"https:\/\/www.iplay.com\/en\/games\/amazing-vacation-chicago\/#primaryimage\"},\"image\":{\"@id\":\"https:\/\/www.iplay.com\/en\/games\/amazing-vacation-chicago\/#primaryimage\"},\"thumbnailUrl\":\"https:\/\/www.iplay.com\/wp-content\/uploads\/2025\/03\/amazing_vacation_chicago_large_square_tile_image-1.webp\",\"datePublished\":\"2025-03-07T10:00:20+00:00\",\"description\":\"Descubre el encanto de la Ciudad de los Vientos mientras exploras lugares emblem\u00e1ticos y buscas objetos ingeniosamente escondidos en los vibrantes barrios de Chicago.\",\"breadcrumb\":{\"@id\":\"https:\/\/www.iplay.com\/en\/games\/amazing-vacation-chicago\/#breadcrumb\"},\"inLanguage\":\"es\",\"potentialAction\":[{\"@type\":\"ReadAction\",\"target\":[\"https:\/\/www.iplay.com\/en\/games\/amazing-vacation-chicago\/\"]}]},{\"@type\":\"ImageObject\",\"inLanguage\":\"es\",\"@id\":\"https:\/\/www.iplay.com\/en\/games\/amazing-vacation-chicago\/#primaryimage\",\"url\":\"https:\/\/www.iplay.com\/wp-content\/uploads\/2025\/03\/amazing_vacation_chicago_large_square_tile_image-1.webp\",\"contentUrl\":\"https:\/\/www.iplay.com\/wp-content\/uploads\/2025\/03\/amazing_vacation_chicago_large_square_tile_image-1.webp\",\"width\":310,\"height\":310},{\"@type\":\"BreadcrumbList\",\"@id\":\"https:\/\/www.iplay.com\/en\/games\/amazing-vacation-chicago\/#breadcrumb\",\"itemListElement\":[{\"@type\":\"ListItem\",\"position\":1,\"name\":\"Home\",\"item\":\"https:\/\/www.iplay.com\/es\/home-page-2\/\"},{\"@type\":\"ListItem\",\"position\":2,\"name\":\"Shop\",\"item\":\"https:\/\/www.iplay.com\/en\/shop\/\"},{\"@type\":\"ListItem\",\"position\":3,\"name\":\"Amazing Vacation: Chicago\"}]},{\"@type\":\"WebSite\",\"@id\":\"https:\/\/www.iplay.com\/en\/#website\",\"url\":\"https:\/\/www.iplay.com\/en\/\",\"name\":\"IPlay\",\"description\":\"The Best Casual Games!\",\"publisher\":{\"@id\":\"https:\/\/www.iplay.com\/en\/#organization\"},\"potentialAction\":[{\"@type\":\"SearchAction\",\"target\":{\"@type\":\"EntryPoint\",\"urlTemplate\":\"https:\/\/www.iplay.com\/en\/?s={search_term_string}\"},\"query-input\":{\"@type\":\"PropertyValueSpecification\",\"valueRequired\":true,\"valueName\":\"search_term_string\"}}],\"inLanguage\":\"es\"},{\"@type\":\"Organization\",\"@id\":\"https:\/\/www.iplay.com\/en\/#organization\",\"name\":\"IPlay\",\"url\":\"https:\/\/www.iplay.com\/en\/\",\"logo\":{\"@type\":\"ImageObject\",\"inLanguage\":\"es\",\"@id\":\"https:\/\/www.iplay.com\/en\/#\/schema\/logo\/image\/\",\"url\":\"https:\/\/www.iplay.com\/wp-content\/uploads\/2023\/11\/Group-6100.svg\",\"contentUrl\":\"https:\/\/www.iplay.com\/wp-content\/uploads\/2023\/11\/Group-6100.svg\",\"width\":98,\"height\":25,\"caption\":\"IPlay\"},\"image\":{\"@id\":\"https:\/\/www.iplay.com\/en\/#\/schema\/logo\/image\/\"}}]}<\/script>\n<!-- \/ Yoast SEO Premium plugin. -->","yoast_head_json":{"title":"Chicago Adventure: Explora puntos de referencia y encuentra objetos ocultos","description":"Descubre el encanto de la Ciudad de los Vientos mientras exploras lugares emblem\u00e1ticos y buscas objetos ingeniosamente escondidos en los vibrantes barrios de Chicago.","robots":{"index":"index","follow":"follow","max-snippet":"max-snippet:-1","max-image-preview":"max-image-preview:large","max-video-preview":"max-video-preview:-1"},"canonical":"https:\/\/www.iplay.com\/en\/games\/amazing-vacation-chicago\/","og_locale":"es_ES","og_type":"article","og_title":"Amazing Vacation: Chicago","og_description":"Descubre el encanto de la Ciudad de los Vientos mientras exploras lugares emblem\u00e1ticos y buscas objetos ingeniosamente escondidos en los vibrantes barrios de Chicago.","og_url":"https:\/\/www.iplay.com\/en\/games\/amazing-vacation-chicago\/","og_site_name":"IPlay","og_image":[{"width":715,"height":485,"url":"https:\/\/www.iplay.com\/wp-content\/uploads\/2025\/03\/amazing_vacation_chicago_large_video_screenshot.webp","type":"image\/webp"}],"twitter_card":"summary_large_image","twitter_misc":{"Est. reading time":"2 minutos"},"schema":{"@context":"https:\/\/schema.org","@graph":[{"@type":"WebPage","@id":"https:\/\/www.iplay.com\/en\/games\/amazing-vacation-chicago\/","url":"https:\/\/www.iplay.com\/en\/games\/amazing-vacation-chicago\/","name":"Chicago Adventure: Explora puntos de referencia y encuentra objetos ocultos","isPartOf":{"@id":"https:\/\/www.iplay.com\/en\/#website"},"primaryImageOfPage":{"@id":"https:\/\/www.iplay.com\/en\/games\/amazing-vacation-chicago\/#primaryimage"},"image":{"@id":"https:\/\/www.iplay.com\/en\/games\/amazing-vacation-chicago\/#primaryimage"},"thumbnailUrl":"https:\/\/www.iplay.com\/wp-content\/uploads\/2025\/03\/amazing_vacation_chicago_large_square_tile_image-1.webp","datePublished":"2025-03-07T10:00:20+00:00","description":"Descubre el encanto de la Ciudad de los Vientos mientras exploras lugares emblem\u00e1ticos y buscas objetos ingeniosamente escondidos en los vibrantes barrios de Chicago.","breadcrumb":{"@id":"https:\/\/www.iplay.com\/en\/games\/amazing-vacation-chicago\/#breadcrumb"},"inLanguage":"es","potentialAction":[{"@type":"ReadAction","target":["https:\/\/www.iplay.com\/en\/games\/amazing-vacation-chicago\/"]}]},{"@type":"ImageObject","inLanguage":"es","@id":"https:\/\/www.iplay.com\/en\/games\/amazing-vacation-chicago\/#primaryimage","url":"https:\/\/www.iplay.com\/wp-content\/uploads\/2025\/03\/amazing_vacation_chicago_large_square_tile_image-1.webp","contentUrl":"https:\/\/www.iplay.com\/wp-content\/uploads\/2025\/03\/amazing_vacation_chicago_large_square_tile_image-1.webp","width":310,"height":310},{"@type":"BreadcrumbList","@id":"https:\/\/www.iplay.com\/en\/games\/amazing-vacation-chicago\/#breadcrumb","itemListElement":[{"@type":"ListItem","position":1,"name":"Home","item":"https:\/\/www.iplay.com\/es\/home-page-2\/"},{"@type":"ListItem","position":2,"name":"Shop","item":"https:\/\/www.iplay.com\/en\/shop\/"},{"@type":"ListItem","position":3,"name":"Amazing Vacation: Chicago"}]},{"@type":"WebSite","@id":"https:\/\/www.iplay.com\/en\/#website","url":"https:\/\/www.iplay.com\/en\/","name":"IPlay","description":"The Best Casual Games!","publisher":{"@id":"https:\/\/www.iplay.com\/en\/#organization"},"potentialAction":[{"@type":"SearchAction","target":{"@type":"EntryPoint","urlTemplate":"https:\/\/www.iplay.com\/en\/?s={search_term_string}"},"query-input":{"@type":"PropertyValueSpecification","valueRequired":true,"valueName":"search_term_string"}}],"inLanguage":"es"},{"@type":"Organization","@id":"https:\/\/www.iplay.com\/en\/#organization","name":"IPlay","url":"https:\/\/www.iplay.com\/en\/","logo":{"@type":"ImageObject","inLanguage":"es","@id":"https:\/\/www.iplay.com\/en\/#\/schema\/logo\/image\/","url":"https:\/\/www.iplay.com\/wp-content\/uploads\/2023\/11\/Group-6100.svg","contentUrl":"https:\/\/www.iplay.com\/wp-content\/uploads\/2023\/11\/Group-6100.svg","width":98,"height":25,"caption":"IPlay"},"image":{"@id":"https:\/\/www.iplay.com\/en\/#\/schema\/logo\/image\/"}}]}},"_links":{"self":[{"href":"https:\/\/www.iplay.com\/es\/wp-json\/wp\/v2\/product\/126985","targetHints":{"allow":["GET"]}}],"collection":[{"href":"https:\/\/www.iplay.com\/es\/wp-json\/wp\/v2\/product"}],"about":[{"href":"https:\/\/www.iplay.com\/es\/wp-json\/wp\/v2\/types\/product"}],"author":[{"embeddable":true,"href":"https:\/\/www.iplay.com\/es\/wp-json\/wp\/v2\/users\/120"}],"replies":[{"embeddable":true,"href":"https:\/\/www.iplay.com\/es\/wp-json\/wp\/v2\/comments?post=126985"}],"wp:featuredmedia":[{"embeddable":true,"href":"https:\/\/www.iplay.com\/es\/wp-json\/wp\/v2\/media\/127370"}],"wp:attachment":[{"href":"https:\/\/www.iplay.com\/es\/wp-json\/wp\/v2\/media?parent=126985"}],"wp:term":[{"taxonomy":"product_brand","embeddable":true,"href":"https:\/\/www.iplay.com\/es\/wp-json\/wp\/v2\/product_brand?post=126985"},{"taxonomy":"product_cat","embeddable":true,"href":"https:\/\/www.iplay.com\/es\/wp-json\/wp\/v2\/product_cat?post=126985"},{"taxonomy":"product_tag","embeddable":true,"href":"https:\/\/www.iplay.com\/es\/wp-json\/wp\/v2\/product_tag?post=126985"}],"curies":[{"name":"wp","href":"https:\/\/api.w.org\/{rel}","templated":true}]}}