{"id":126809,"date":"2020-09-11T00:00:00","date_gmt":"2020-09-11T00:00:00","guid":{"rendered":"https:\/\/www.iplay.com\/games\/vacation-adventures-cruise-director-7\/"},"modified":"2020-09-11T00:00:00","modified_gmt":"2020-09-11T00:00:00","slug":"vacation-adventures-cruise-director-7","status":"publish","type":"product","link":"https:\/\/www.iplay.com\/es\/games\/vacation-adventures-cruise-director-7\/","title":{"rendered":"Vacation Adventures: Cruise Director 7"},"content":{"rendered":"<p>Como director de viaje a cargo, disfrute del incre\u00edble viaje de su vida a 4 continentes incre\u00edbles a bordo del destacado buque insignia de la flota, el USS Liberty of the Waves. Explora el Camino Inca de Am\u00e9rica del Sur, el Polo Sur de la Ant\u00e1rtida y Europa. Viaja en el opulento tren African Safari Express. Organice excursiones fascinantes a lo largo del crucero. Visita incre\u00edbles atracciones tur\u00edsticas. Vea lugares emblem\u00e1ticos y disfrute de los aspectos m\u00e1s destacados del Pac\u00edfico y el Atl\u00e1ntico. Rel\u00e1jese en los maravillosos restaurantes, piscinas y centro comercial 7 Seas de Liberty. Ayudar a los viajeros con su alojamiento, restaurantes, compras y ocio tanto a bordo como en los puertos de escala. Re\u00fane tus recuerdos del crucero. Busque cientos de bienes ocultos, art\u00edculos perdidos por los pasajeros y basura para reciclar. Juega incre\u00edbles minijuegos. recibe Insignias de M\u00e9rito por tus Logros. Para familias y personas de todas las edades, Cruise Director 7 ofrecer\u00e1 juegos realmente fascinantes que duran horas y horas.            <\/p>\n<p>&nbsp;<\/p>\n<p>&nbsp;<\/p>\n<p><strong>Funciones:<\/strong><\/p>\n<p>&nbsp;<\/p>\n<p>&#8211; Un viaje a cuatro emocionantes continentes<br \/>\n: el mejor juego de cruceros hasta la fecha.<br \/>\n&#8211; Amazing Hogs &amp; Puzzles<br \/>\n&#8211; Im\u00e1genes<br \/>\n impresionantes y realistas- \u00c1lbum de fotos distintivo<\/p>\n","protected":false},"excerpt":{"rendered":"<p>Cruise Director 7: Un maravilloso viaje a cuatro incre\u00edbles continentes del mundo en aventuras vacacionales<\/p>\n","protected":false},"author":37,"featured_media":82229,"comment_status":"open","ping_status":"closed","template":"","meta":{"_acf_changed":false,"inline_featured_image":false},"product_brand":[],"product_cat":[166],"product_tag":[288],"class_list":{"0":"post-126809","1":"product","2":"type-product","3":"status-publish","4":"has-post-thumbnail","6":"product_cat-hidden-object-es","7":"product_tag-play-on-pc-es","9":"first","10":"instock","11":"shipping-taxable","12":"purchasable","13":"product-type-simple"},"acf":[],"yoast_head":"<!-- This site is optimized with the Yoast SEO Premium plugin v25.2 (Yoast SEO v25.2) - https:\/\/yoast.com\/wordpress\/plugins\/seo\/ -->\n<title>Vacation Adventures: Cruise Director 7 - \u00a1Crucero a 4 continentes!<\/title>\n<meta name=\"description\" content=\"Cruise Director 7: Un maravilloso viaje a cuatro incre\u00edbles continentes del mundo en aventuras vacacionales\" \/>\n<meta name=\"robots\" content=\"index, follow, max-snippet:-1, max-image-preview:large, max-video-preview:-1\" \/>\n<link rel=\"canonical\" href=\"https:\/\/www.iplay.com\/es\/games\/vacation-adventures-cruise-director-7\/\" \/>\n<meta property=\"og:locale\" content=\"es_ES\" \/>\n<meta property=\"og:type\" content=\"article\" \/>\n<meta property=\"og:title\" content=\"Vacation Adventures: Cruise Director 7\" \/>\n<meta property=\"og:description\" content=\"Cruise Director 7: Un maravilloso viaje a cuatro incre\u00edbles continentes del mundo en aventuras vacacionales\" \/>\n<meta property=\"og:url\" content=\"https:\/\/www.iplay.com\/es\/games\/vacation-adventures-cruise-director-7\/\" \/>\n<meta property=\"og:site_name\" content=\"IPlay\" \/>\n<meta property=\"og:image\" content=\"https:\/\/www.iplay.com\/wp-content\/uploads\/2023\/12\/large_square_tile_image-2645.jpg\" \/>\n\t<meta property=\"og:image:width\" content=\"310\" \/>\n\t<meta property=\"og:image:height\" content=\"310\" \/>\n\t<meta property=\"og:image:type\" content=\"image\/jpeg\" \/>\n<meta name=\"twitter:card\" content=\"summary_large_image\" \/>\n<meta name=\"twitter:label1\" content=\"Est. reading time\" \/>\n\t<meta name=\"twitter:data1\" content=\"1 minuto\" \/>\n<script type=\"application\/ld+json\" class=\"yoast-schema-graph\">{\"@context\":\"https:\/\/schema.org\",\"@graph\":[{\"@type\":\"WebPage\",\"@id\":\"https:\/\/www.iplay.com\/es\/games\/vacation-adventures-cruise-director-7\/\",\"url\":\"https:\/\/www.iplay.com\/es\/games\/vacation-adventures-cruise-director-7\/\",\"name\":\"Vacation Adventures: Cruise Director 7 - \u00a1Crucero a 4 continentes!\",\"isPartOf\":{\"@id\":\"https:\/\/www.iplay.com\/en\/#website\"},\"primaryImageOfPage\":{\"@id\":\"https:\/\/www.iplay.com\/es\/games\/vacation-adventures-cruise-director-7\/#primaryimage\"},\"image\":{\"@id\":\"https:\/\/www.iplay.com\/es\/games\/vacation-adventures-cruise-director-7\/#primaryimage\"},\"thumbnailUrl\":\"https:\/\/www.iplay.com\/wp-content\/uploads\/2023\/12\/large_square_tile_image-2645.jpg\",\"datePublished\":\"2020-09-11T00:00:00+00:00\",\"description\":\"Cruise Director 7: Un maravilloso viaje a cuatro incre\u00edbles continentes del mundo en aventuras vacacionales\",\"breadcrumb\":{\"@id\":\"https:\/\/www.iplay.com\/es\/games\/vacation-adventures-cruise-director-7\/#breadcrumb\"},\"inLanguage\":\"es\",\"potentialAction\":[{\"@type\":\"ReadAction\",\"target\":[\"https:\/\/www.iplay.com\/es\/games\/vacation-adventures-cruise-director-7\/\"]}]},{\"@type\":\"ImageObject\",\"inLanguage\":\"es\",\"@id\":\"https:\/\/www.iplay.com\/es\/games\/vacation-adventures-cruise-director-7\/#primaryimage\",\"url\":\"https:\/\/www.iplay.com\/wp-content\/uploads\/2023\/12\/large_square_tile_image-2645.jpg\",\"contentUrl\":\"https:\/\/www.iplay.com\/wp-content\/uploads\/2023\/12\/large_square_tile_image-2645.jpg\",\"width\":310,\"height\":310},{\"@type\":\"BreadcrumbList\",\"@id\":\"https:\/\/www.iplay.com\/es\/games\/vacation-adventures-cruise-director-7\/#breadcrumb\",\"itemListElement\":[{\"@type\":\"ListItem\",\"position\":1,\"name\":\"Home\",\"item\":\"https:\/\/www.iplay.com\/es\/home-page-2\/\"},{\"@type\":\"ListItem\",\"position\":2,\"name\":\"Shop\",\"item\":\"https:\/\/www.iplay.com\/en\/shop\/\"},{\"@type\":\"ListItem\",\"position\":3,\"name\":\"Vacation Adventures: Cruise Director 7\"}]},{\"@type\":\"WebSite\",\"@id\":\"https:\/\/www.iplay.com\/en\/#website\",\"url\":\"https:\/\/www.iplay.com\/en\/\",\"name\":\"IPlay\",\"description\":\"The Best Casual Games!\",\"publisher\":{\"@id\":\"https:\/\/www.iplay.com\/en\/#organization\"},\"potentialAction\":[{\"@type\":\"SearchAction\",\"target\":{\"@type\":\"EntryPoint\",\"urlTemplate\":\"https:\/\/www.iplay.com\/en\/?s={search_term_string}\"},\"query-input\":{\"@type\":\"PropertyValueSpecification\",\"valueRequired\":true,\"valueName\":\"search_term_string\"}}],\"inLanguage\":\"es\"},{\"@type\":\"Organization\",\"@id\":\"https:\/\/www.iplay.com\/en\/#organization\",\"name\":\"IPlay\",\"url\":\"https:\/\/www.iplay.com\/en\/\",\"logo\":{\"@type\":\"ImageObject\",\"inLanguage\":\"es\",\"@id\":\"https:\/\/www.iplay.com\/en\/#\/schema\/logo\/image\/\",\"url\":\"https:\/\/www.iplay.com\/wp-content\/uploads\/2023\/11\/Group-6100.svg\",\"contentUrl\":\"https:\/\/www.iplay.com\/wp-content\/uploads\/2023\/11\/Group-6100.svg\",\"width\":98,\"height\":25,\"caption\":\"IPlay\"},\"image\":{\"@id\":\"https:\/\/www.iplay.com\/en\/#\/schema\/logo\/image\/\"}}]}<\/script>\n<!-- \/ Yoast SEO Premium plugin. -->","yoast_head_json":{"title":"Vacation Adventures: Cruise Director 7 - \u00a1Crucero a 4 continentes!","description":"Cruise Director 7: Un maravilloso viaje a cuatro incre\u00edbles continentes del mundo en aventuras vacacionales","robots":{"index":"index","follow":"follow","max-snippet":"max-snippet:-1","max-image-preview":"max-image-preview:large","max-video-preview":"max-video-preview:-1"},"canonical":"https:\/\/www.iplay.com\/es\/games\/vacation-adventures-cruise-director-7\/","og_locale":"es_ES","og_type":"article","og_title":"Vacation Adventures: Cruise Director 7","og_description":"Cruise Director 7: Un maravilloso viaje a cuatro incre\u00edbles continentes del mundo en aventuras vacacionales","og_url":"https:\/\/www.iplay.com\/es\/games\/vacation-adventures-cruise-director-7\/","og_site_name":"IPlay","og_image":[{"width":310,"height":310,"url":"https:\/\/www.iplay.com\/wp-content\/uploads\/2023\/12\/large_square_tile_image-2645.jpg","type":"image\/jpeg"}],"twitter_card":"summary_large_image","twitter_misc":{"Est. reading time":"1 minuto"},"schema":{"@context":"https:\/\/schema.org","@graph":[{"@type":"WebPage","@id":"https:\/\/www.iplay.com\/es\/games\/vacation-adventures-cruise-director-7\/","url":"https:\/\/www.iplay.com\/es\/games\/vacation-adventures-cruise-director-7\/","name":"Vacation Adventures: Cruise Director 7 - \u00a1Crucero a 4 continentes!","isPartOf":{"@id":"https:\/\/www.iplay.com\/en\/#website"},"primaryImageOfPage":{"@id":"https:\/\/www.iplay.com\/es\/games\/vacation-adventures-cruise-director-7\/#primaryimage"},"image":{"@id":"https:\/\/www.iplay.com\/es\/games\/vacation-adventures-cruise-director-7\/#primaryimage"},"thumbnailUrl":"https:\/\/www.iplay.com\/wp-content\/uploads\/2023\/12\/large_square_tile_image-2645.jpg","datePublished":"2020-09-11T00:00:00+00:00","description":"Cruise Director 7: Un maravilloso viaje a cuatro incre\u00edbles continentes del mundo en aventuras vacacionales","breadcrumb":{"@id":"https:\/\/www.iplay.com\/es\/games\/vacation-adventures-cruise-director-7\/#breadcrumb"},"inLanguage":"es","potentialAction":[{"@type":"ReadAction","target":["https:\/\/www.iplay.com\/es\/games\/vacation-adventures-cruise-director-7\/"]}]},{"@type":"ImageObject","inLanguage":"es","@id":"https:\/\/www.iplay.com\/es\/games\/vacation-adventures-cruise-director-7\/#primaryimage","url":"https:\/\/www.iplay.com\/wp-content\/uploads\/2023\/12\/large_square_tile_image-2645.jpg","contentUrl":"https:\/\/www.iplay.com\/wp-content\/uploads\/2023\/12\/large_square_tile_image-2645.jpg","width":310,"height":310},{"@type":"BreadcrumbList","@id":"https:\/\/www.iplay.com\/es\/games\/vacation-adventures-cruise-director-7\/#breadcrumb","itemListElement":[{"@type":"ListItem","position":1,"name":"Home","item":"https:\/\/www.iplay.com\/es\/home-page-2\/"},{"@type":"ListItem","position":2,"name":"Shop","item":"https:\/\/www.iplay.com\/en\/shop\/"},{"@type":"ListItem","position":3,"name":"Vacation Adventures: Cruise Director 7"}]},{"@type":"WebSite","@id":"https:\/\/www.iplay.com\/en\/#website","url":"https:\/\/www.iplay.com\/en\/","name":"IPlay","description":"The Best Casual Games!","publisher":{"@id":"https:\/\/www.iplay.com\/en\/#organization"},"potentialAction":[{"@type":"SearchAction","target":{"@type":"EntryPoint","urlTemplate":"https:\/\/www.iplay.com\/en\/?s={search_term_string}"},"query-input":{"@type":"PropertyValueSpecification","valueRequired":true,"valueName":"search_term_string"}}],"inLanguage":"es"},{"@type":"Organization","@id":"https:\/\/www.iplay.com\/en\/#organization","name":"IPlay","url":"https:\/\/www.iplay.com\/en\/","logo":{"@type":"ImageObject","inLanguage":"es","@id":"https:\/\/www.iplay.com\/en\/#\/schema\/logo\/image\/","url":"https:\/\/www.iplay.com\/wp-content\/uploads\/2023\/11\/Group-6100.svg","contentUrl":"https:\/\/www.iplay.com\/wp-content\/uploads\/2023\/11\/Group-6100.svg","width":98,"height":25,"caption":"IPlay"},"image":{"@id":"https:\/\/www.iplay.com\/en\/#\/schema\/logo\/image\/"}}]}},"_links":{"self":[{"href":"https:\/\/www.iplay.com\/es\/wp-json\/wp\/v2\/product\/126809","targetHints":{"allow":["GET"]}}],"collection":[{"href":"https:\/\/www.iplay.com\/es\/wp-json\/wp\/v2\/product"}],"about":[{"href":"https:\/\/www.iplay.com\/es\/wp-json\/wp\/v2\/types\/product"}],"author":[{"embeddable":true,"href":"https:\/\/www.iplay.com\/es\/wp-json\/wp\/v2\/users\/37"}],"replies":[{"embeddable":true,"href":"https:\/\/www.iplay.com\/es\/wp-json\/wp\/v2\/comments?post=126809"}],"wp:featuredmedia":[{"embeddable":true,"href":"https:\/\/www.iplay.com\/es\/wp-json\/wp\/v2\/media\/82229"}],"wp:attachment":[{"href":"https:\/\/www.iplay.com\/es\/wp-json\/wp\/v2\/media?parent=126809"}],"wp:term":[{"taxonomy":"product_brand","embeddable":true,"href":"https:\/\/www.iplay.com\/es\/wp-json\/wp\/v2\/product_brand?post=126809"},{"taxonomy":"product_cat","embeddable":true,"href":"https:\/\/www.iplay.com\/es\/wp-json\/wp\/v2\/product_cat?post=126809"},{"taxonomy":"product_tag","embeddable":true,"href":"https:\/\/www.iplay.com\/es\/wp-json\/wp\/v2\/product_tag?post=126809"}],"curies":[{"name":"wp","href":"https:\/\/api.w.org\/{rel}","templated":true}]}}