{"id":126807,"date":"2021-10-14T00:00:00","date_gmt":"2021-10-14T00:00:00","guid":{"rendered":"https:\/\/www.iplay.com\/games\/vacation-adventures-cruise-director-6-ce\/"},"modified":"2021-10-14T00:00:00","modified_gmt":"2021-10-14T00:00:00","slug":"vacation-adventures-cruise-director-6-ce","status":"publish","type":"product","link":"https:\/\/www.iplay.com\/es\/games\/vacation-adventures-cruise-director-6-ce\/","title":{"rendered":"Vacation Adventures &#8211; Cruise Director 6 &#8211; CE"},"content":{"rendered":"<p>Como director de cruceros a cargo, disfrute de un incre\u00edble crucero mundial \u00fanico en la vida a bordo del USS Liberty of the Waves, el magn\u00edfico buque insignia de la flota. Descubra las islas del Caribe a bordo del majestuoso velero, SS Caribbean Queen. Explora Asia en el opulento tren expreso Pride of India. Planifica incre\u00edbles viajes por todo el mundo. Hay varios destinos tur\u00edsticos fant\u00e1sticos, como Roma, Sydney y las Bahamas. Haz un viaje a Nueva Orleans para el Mardi Gras. Vea sitios famosos, disfrute de las vistas de los oc\u00e9anos Atl\u00e1ntico y Pac\u00edfico y rel\u00e1jese en encantadoras islas desiertas. Ayude a los pasajeros con sus camarotes, tiendas, restaurantes y entretenimiento tanto a bordo como en los puertos de escala. Recoge los recuerdos de tu crucero. Busca cientos de artefactos ocultos, art\u00edculos de entrega de pasajeros y basura potencialmente reciclable. Disfruta de incre\u00edbles minijuegos. Por tus logros, puedes ganar insignias de m\u00e9rito. Las familias de todas las edades pueden disfrutar de una hora de juego muy entretenido en Cruise Director 6, que cuenta con tres niveles: casual, desafiante e intenso. Rec\u00f3gelos todos.             <\/p>\n<p>&nbsp;<\/p>\n<p>&nbsp;<\/p>\n<p><strong>Funciones:<\/strong><\/p>\n<p>&nbsp;<\/p>\n<p>&#8211; DOS emocionantes cruceros<br \/>\n: tres modos: \u00a1Casual, Desaf\u00edo y Extremo! Crucero en barco alto por el Caribe<br \/>\n &#8211; Ubicaciones de bonificaci\u00f3n, gr\u00e1ficos y jugabilidad<br \/>\n &#8211; Gran colecci\u00f3n de rompecabezas<br \/>\n de bonificaci\u00f3n &#8211; Fondos de pantalla originales y reproductor de m\u00fasica<\/p>\n","protected":false},"excerpt":{"rendered":"<p>Cruise Director 6 &#8211; CE: Dos cruceros incre\u00edbles, una magn\u00edfica aventura en Travel Adventures<\/p>\n","protected":false},"author":37,"featured_media":78779,"comment_status":"open","ping_status":"closed","template":"","meta":{"_acf_changed":false,"inline_featured_image":false},"product_brand":[],"product_cat":[166],"product_tag":[288],"class_list":{"0":"post-126807","1":"product","2":"type-product","3":"status-publish","4":"has-post-thumbnail","6":"product_cat-hidden-object-es","7":"product_tag-play-on-pc-es","9":"first","10":"instock","11":"shipping-taxable","12":"purchasable","13":"product-type-simple"},"acf":[],"yoast_head":"<!-- This site is optimized with the Yoast SEO Premium plugin v25.2 (Yoast SEO v25.2) - https:\/\/yoast.com\/wordpress\/plugins\/seo\/ -->\n<title>Aventuras Vacacionales - Director de Cruceros 6 - CE - Dos Cruceros Incre\u00edbles en Aventuras Vacacionales - Director de Cruceros 6<\/title>\n<meta name=\"description\" content=\"Cruise Director 6 - CE: Dos cruceros incre\u00edbles, una magn\u00edfica aventura en Travel Adventures\" \/>\n<meta name=\"robots\" content=\"index, follow, max-snippet:-1, max-image-preview:large, max-video-preview:-1\" \/>\n<link rel=\"canonical\" href=\"https:\/\/www.iplay.com\/es\/games\/vacation-adventures-cruise-director-6-ce\/\" \/>\n<meta property=\"og:locale\" content=\"es_ES\" \/>\n<meta property=\"og:type\" content=\"article\" \/>\n<meta property=\"og:title\" content=\"Vacation Adventures - Cruise Director 6 - CE\" \/>\n<meta property=\"og:description\" content=\"Cruise Director 6 - CE: Dos cruceros incre\u00edbles, una magn\u00edfica aventura en Travel Adventures\" \/>\n<meta property=\"og:url\" content=\"https:\/\/www.iplay.com\/es\/games\/vacation-adventures-cruise-director-6-ce\/\" \/>\n<meta property=\"og:site_name\" content=\"IPlay\" \/>\n<meta property=\"og:image\" content=\"https:\/\/www.iplay.com\/wp-content\/uploads\/2023\/12\/large_square_tile_image-2424.jpg\" \/>\n\t<meta property=\"og:image:width\" content=\"310\" \/>\n\t<meta property=\"og:image:height\" content=\"310\" \/>\n\t<meta property=\"og:image:type\" content=\"image\/jpeg\" \/>\n<meta name=\"twitter:card\" content=\"summary_large_image\" \/>\n<meta name=\"twitter:label1\" content=\"Est. reading time\" \/>\n\t<meta name=\"twitter:data1\" content=\"1 minuto\" \/>\n<script type=\"application\/ld+json\" class=\"yoast-schema-graph\">{\"@context\":\"https:\/\/schema.org\",\"@graph\":[{\"@type\":\"WebPage\",\"@id\":\"https:\/\/www.iplay.com\/es\/games\/vacation-adventures-cruise-director-6-ce\/\",\"url\":\"https:\/\/www.iplay.com\/es\/games\/vacation-adventures-cruise-director-6-ce\/\",\"name\":\"Aventuras Vacacionales - Director de Cruceros 6 - CE - Dos Cruceros Incre\u00edbles en Aventuras Vacacionales - Director de Cruceros 6\",\"isPartOf\":{\"@id\":\"https:\/\/www.iplay.com\/en\/#website\"},\"primaryImageOfPage\":{\"@id\":\"https:\/\/www.iplay.com\/es\/games\/vacation-adventures-cruise-director-6-ce\/#primaryimage\"},\"image\":{\"@id\":\"https:\/\/www.iplay.com\/es\/games\/vacation-adventures-cruise-director-6-ce\/#primaryimage\"},\"thumbnailUrl\":\"https:\/\/www.iplay.com\/wp-content\/uploads\/2023\/12\/large_square_tile_image-2424.jpg\",\"datePublished\":\"2021-10-14T00:00:00+00:00\",\"description\":\"Cruise Director 6 - CE: Dos cruceros incre\u00edbles, una magn\u00edfica aventura en Travel Adventures\",\"breadcrumb\":{\"@id\":\"https:\/\/www.iplay.com\/es\/games\/vacation-adventures-cruise-director-6-ce\/#breadcrumb\"},\"inLanguage\":\"es\",\"potentialAction\":[{\"@type\":\"ReadAction\",\"target\":[\"https:\/\/www.iplay.com\/es\/games\/vacation-adventures-cruise-director-6-ce\/\"]}]},{\"@type\":\"ImageObject\",\"inLanguage\":\"es\",\"@id\":\"https:\/\/www.iplay.com\/es\/games\/vacation-adventures-cruise-director-6-ce\/#primaryimage\",\"url\":\"https:\/\/www.iplay.com\/wp-content\/uploads\/2023\/12\/large_square_tile_image-2424.jpg\",\"contentUrl\":\"https:\/\/www.iplay.com\/wp-content\/uploads\/2023\/12\/large_square_tile_image-2424.jpg\",\"width\":310,\"height\":310},{\"@type\":\"BreadcrumbList\",\"@id\":\"https:\/\/www.iplay.com\/es\/games\/vacation-adventures-cruise-director-6-ce\/#breadcrumb\",\"itemListElement\":[{\"@type\":\"ListItem\",\"position\":1,\"name\":\"Home\",\"item\":\"https:\/\/www.iplay.com\/es\/home-page-2\/\"},{\"@type\":\"ListItem\",\"position\":2,\"name\":\"Shop\",\"item\":\"https:\/\/www.iplay.com\/en\/shop\/\"},{\"@type\":\"ListItem\",\"position\":3,\"name\":\"Vacation Adventures &#8211; Cruise Director 6 &#8211; CE\"}]},{\"@type\":\"WebSite\",\"@id\":\"https:\/\/www.iplay.com\/en\/#website\",\"url\":\"https:\/\/www.iplay.com\/en\/\",\"name\":\"IPlay\",\"description\":\"The Best Casual Games!\",\"publisher\":{\"@id\":\"https:\/\/www.iplay.com\/en\/#organization\"},\"potentialAction\":[{\"@type\":\"SearchAction\",\"target\":{\"@type\":\"EntryPoint\",\"urlTemplate\":\"https:\/\/www.iplay.com\/en\/?s={search_term_string}\"},\"query-input\":{\"@type\":\"PropertyValueSpecification\",\"valueRequired\":true,\"valueName\":\"search_term_string\"}}],\"inLanguage\":\"es\"},{\"@type\":\"Organization\",\"@id\":\"https:\/\/www.iplay.com\/en\/#organization\",\"name\":\"IPlay\",\"url\":\"https:\/\/www.iplay.com\/en\/\",\"logo\":{\"@type\":\"ImageObject\",\"inLanguage\":\"es\",\"@id\":\"https:\/\/www.iplay.com\/en\/#\/schema\/logo\/image\/\",\"url\":\"https:\/\/www.iplay.com\/wp-content\/uploads\/2023\/11\/Group-6100.svg\",\"contentUrl\":\"https:\/\/www.iplay.com\/wp-content\/uploads\/2023\/11\/Group-6100.svg\",\"width\":98,\"height\":25,\"caption\":\"IPlay\"},\"image\":{\"@id\":\"https:\/\/www.iplay.com\/en\/#\/schema\/logo\/image\/\"}}]}<\/script>\n<!-- \/ Yoast SEO Premium plugin. -->","yoast_head_json":{"title":"Aventuras Vacacionales - Director de Cruceros 6 - CE - Dos Cruceros Incre\u00edbles en Aventuras Vacacionales - Director de Cruceros 6","description":"Cruise Director 6 - CE: Dos cruceros incre\u00edbles, una magn\u00edfica aventura en Travel Adventures","robots":{"index":"index","follow":"follow","max-snippet":"max-snippet:-1","max-image-preview":"max-image-preview:large","max-video-preview":"max-video-preview:-1"},"canonical":"https:\/\/www.iplay.com\/es\/games\/vacation-adventures-cruise-director-6-ce\/","og_locale":"es_ES","og_type":"article","og_title":"Vacation Adventures - Cruise Director 6 - CE","og_description":"Cruise Director 6 - CE: Dos cruceros incre\u00edbles, una magn\u00edfica aventura en Travel Adventures","og_url":"https:\/\/www.iplay.com\/es\/games\/vacation-adventures-cruise-director-6-ce\/","og_site_name":"IPlay","og_image":[{"width":310,"height":310,"url":"https:\/\/www.iplay.com\/wp-content\/uploads\/2023\/12\/large_square_tile_image-2424.jpg","type":"image\/jpeg"}],"twitter_card":"summary_large_image","twitter_misc":{"Est. reading time":"1 minuto"},"schema":{"@context":"https:\/\/schema.org","@graph":[{"@type":"WebPage","@id":"https:\/\/www.iplay.com\/es\/games\/vacation-adventures-cruise-director-6-ce\/","url":"https:\/\/www.iplay.com\/es\/games\/vacation-adventures-cruise-director-6-ce\/","name":"Aventuras Vacacionales - Director de Cruceros 6 - CE - Dos Cruceros Incre\u00edbles en Aventuras Vacacionales - Director de Cruceros 6","isPartOf":{"@id":"https:\/\/www.iplay.com\/en\/#website"},"primaryImageOfPage":{"@id":"https:\/\/www.iplay.com\/es\/games\/vacation-adventures-cruise-director-6-ce\/#primaryimage"},"image":{"@id":"https:\/\/www.iplay.com\/es\/games\/vacation-adventures-cruise-director-6-ce\/#primaryimage"},"thumbnailUrl":"https:\/\/www.iplay.com\/wp-content\/uploads\/2023\/12\/large_square_tile_image-2424.jpg","datePublished":"2021-10-14T00:00:00+00:00","description":"Cruise Director 6 - CE: Dos cruceros incre\u00edbles, una magn\u00edfica aventura en Travel Adventures","breadcrumb":{"@id":"https:\/\/www.iplay.com\/es\/games\/vacation-adventures-cruise-director-6-ce\/#breadcrumb"},"inLanguage":"es","potentialAction":[{"@type":"ReadAction","target":["https:\/\/www.iplay.com\/es\/games\/vacation-adventures-cruise-director-6-ce\/"]}]},{"@type":"ImageObject","inLanguage":"es","@id":"https:\/\/www.iplay.com\/es\/games\/vacation-adventures-cruise-director-6-ce\/#primaryimage","url":"https:\/\/www.iplay.com\/wp-content\/uploads\/2023\/12\/large_square_tile_image-2424.jpg","contentUrl":"https:\/\/www.iplay.com\/wp-content\/uploads\/2023\/12\/large_square_tile_image-2424.jpg","width":310,"height":310},{"@type":"BreadcrumbList","@id":"https:\/\/www.iplay.com\/es\/games\/vacation-adventures-cruise-director-6-ce\/#breadcrumb","itemListElement":[{"@type":"ListItem","position":1,"name":"Home","item":"https:\/\/www.iplay.com\/es\/home-page-2\/"},{"@type":"ListItem","position":2,"name":"Shop","item":"https:\/\/www.iplay.com\/en\/shop\/"},{"@type":"ListItem","position":3,"name":"Vacation Adventures &#8211; Cruise Director 6 &#8211; CE"}]},{"@type":"WebSite","@id":"https:\/\/www.iplay.com\/en\/#website","url":"https:\/\/www.iplay.com\/en\/","name":"IPlay","description":"The Best Casual Games!","publisher":{"@id":"https:\/\/www.iplay.com\/en\/#organization"},"potentialAction":[{"@type":"SearchAction","target":{"@type":"EntryPoint","urlTemplate":"https:\/\/www.iplay.com\/en\/?s={search_term_string}"},"query-input":{"@type":"PropertyValueSpecification","valueRequired":true,"valueName":"search_term_string"}}],"inLanguage":"es"},{"@type":"Organization","@id":"https:\/\/www.iplay.com\/en\/#organization","name":"IPlay","url":"https:\/\/www.iplay.com\/en\/","logo":{"@type":"ImageObject","inLanguage":"es","@id":"https:\/\/www.iplay.com\/en\/#\/schema\/logo\/image\/","url":"https:\/\/www.iplay.com\/wp-content\/uploads\/2023\/11\/Group-6100.svg","contentUrl":"https:\/\/www.iplay.com\/wp-content\/uploads\/2023\/11\/Group-6100.svg","width":98,"height":25,"caption":"IPlay"},"image":{"@id":"https:\/\/www.iplay.com\/en\/#\/schema\/logo\/image\/"}}]}},"_links":{"self":[{"href":"https:\/\/www.iplay.com\/es\/wp-json\/wp\/v2\/product\/126807","targetHints":{"allow":["GET"]}}],"collection":[{"href":"https:\/\/www.iplay.com\/es\/wp-json\/wp\/v2\/product"}],"about":[{"href":"https:\/\/www.iplay.com\/es\/wp-json\/wp\/v2\/types\/product"}],"author":[{"embeddable":true,"href":"https:\/\/www.iplay.com\/es\/wp-json\/wp\/v2\/users\/37"}],"replies":[{"embeddable":true,"href":"https:\/\/www.iplay.com\/es\/wp-json\/wp\/v2\/comments?post=126807"}],"wp:featuredmedia":[{"embeddable":true,"href":"https:\/\/www.iplay.com\/es\/wp-json\/wp\/v2\/media\/78779"}],"wp:attachment":[{"href":"https:\/\/www.iplay.com\/es\/wp-json\/wp\/v2\/media?parent=126807"}],"wp:term":[{"taxonomy":"product_brand","embeddable":true,"href":"https:\/\/www.iplay.com\/es\/wp-json\/wp\/v2\/product_brand?post=126807"},{"taxonomy":"product_cat","embeddable":true,"href":"https:\/\/www.iplay.com\/es\/wp-json\/wp\/v2\/product_cat?post=126807"},{"taxonomy":"product_tag","embeddable":true,"href":"https:\/\/www.iplay.com\/es\/wp-json\/wp\/v2\/product_tag?post=126807"}],"curies":[{"name":"wp","href":"https:\/\/api.w.org\/{rel}","templated":true}]}}