{"id":126760,"date":"2024-12-18T07:30:34","date_gmt":"2024-12-18T07:30:34","guid":{"rendered":"https:\/\/www.iplay.com\/games\/suddenly-meow-christmas\/"},"modified":"2024-12-18T07:30:34","modified_gmt":"2024-12-18T07:30:34","slug":"suddenly-meow-christmas","status":"publish","type":"product","link":"https:\/\/www.iplay.com\/es\/games\/suddenly-meow-christmas\/","title":{"rendered":"Suddenly Meow Christmas"},"content":{"rendered":"<p>Una encantadora aventura navide\u00f1a cobra vida con Tim y Spooky. Se necesita ayuda mientras Tim busca sus bocadillos de pescado congelado, mientras Spooky recoge cajas de regalo de Navidad. Los acertijos de Match-3 se resuelven a lo largo de 90 niveles festivos, guiando a estas traviesas bolas de pelo a trav\u00e9s de sus escapadas navide\u00f1as. La sala de estar de la abuela tambi\u00e9n debe salvarse de una cat\u00e1strofe felina, todo mientras disfruta de una historia c\u00f3mica ambientada en su acogedora casa. El esp\u00edritu festivo se abraza con minijuegos adicionales como desaf\u00edos de objetos ocultos y m\u00e1s. Este juego \u00fanico promete una alegre experiencia navide\u00f1a, perfecta tanto para los entusiastas de los rompecabezas como para los amantes de los gatos.     <\/p>\n<p>&nbsp;<\/p>\n<p><strong>Funciones<\/strong><\/p>\n<ul>\n<li><em>90 niveles festivos de Match-3<\/em> : se completan una variedad de acertijos para avanzar en la historia.<\/li>\n<li><em>La sala de estar de la abuela debe estar protegida &#8211; <\/em>Las travesuras se manejan a medida que la habitaci\u00f3n se salva del caos juguet\u00f3n.<\/li>\n<li><em>Objetos ocultos y otros minijuegos &#8211; <\/em>Las actividades adicionales a\u00f1aden variedad y diversi\u00f3n a la aventura.<\/li>\n<li><em>Las estrellas se ganan para mostrar experiencia &#8211; <\/em>Los logros se recompensan por un juego h\u00e1bil.<\/li>\n<li><em>Un cuento c\u00f3mico de vacaciones &#8211; <\/em>Una historia alegre agrega encanto y risas al viaje.<\/li>\n<\/ul>\n<p>&nbsp;<\/p>\n<p>\u00a1\u00danete a la diversi\u00f3n festiva con Tim y Spooky para una escapada navide\u00f1a memorable llena de risas, desaf\u00edos y momentos conmovedores!<\/p>\n","protected":false},"excerpt":{"rendered":"<p>Un viaje festivo con Tim y Spooky en<strong> Suddenly Meow Christmas<\/strong><\/p>\n","protected":false},"author":55,"featured_media":125671,"comment_status":"open","ping_status":"closed","template":"","meta":{"_acf_changed":false,"inline_featured_image":false},"product_brand":[],"product_cat":[178,192],"product_tag":[288],"class_list":{"0":"post-126760","1":"product","2":"type-product","3":"status-publish","4":"has-post-thumbnail","6":"product_cat-match-3-es","7":"product_cat-puzzle-es","8":"product_tag-play-on-pc-es","10":"first","11":"instock","12":"shipping-taxable","13":"purchasable","14":"product-type-simple"},"acf":[],"yoast_head":"<!-- This site is optimized with the Yoast SEO Premium plugin v25.2 (Yoast SEO v25.2) - https:\/\/yoast.com\/wordpress\/plugins\/seo\/ -->\n<title>\u00a1Descubre un nuevo juego de combinar 3 en Suddenly Meow Christmas!<\/title>\n<meta name=\"description\" content=\"Un viaje festivo con Tim y Spooky en Suddenly Meow Christmas\" \/>\n<meta name=\"robots\" content=\"index, follow, max-snippet:-1, max-image-preview:large, max-video-preview:-1\" \/>\n<link rel=\"canonical\" href=\"https:\/\/www.iplay.com\/es\/games\/suddenly-meow-christmas\/\" \/>\n<meta property=\"og:locale\" content=\"es_ES\" \/>\n<meta property=\"og:type\" content=\"article\" \/>\n<meta property=\"og:title\" content=\"Suddenly Meow Christmas\" \/>\n<meta property=\"og:description\" content=\"Un viaje festivo con Tim y Spooky en Suddenly Meow Christmas\" \/>\n<meta property=\"og:url\" content=\"https:\/\/www.iplay.com\/es\/games\/suddenly-meow-christmas\/\" \/>\n<meta property=\"og:site_name\" content=\"IPlay\" \/>\n<meta property=\"og:image\" content=\"https:\/\/www.iplay.com\/wp-content\/uploads\/2024\/12\/suddenly_meow_christmas_large_square_tile_image.webp\" \/>\n\t<meta property=\"og:image:width\" content=\"400\" \/>\n\t<meta property=\"og:image:height\" content=\"400\" \/>\n\t<meta property=\"og:image:type\" content=\"image\/webp\" \/>\n<meta name=\"twitter:card\" content=\"summary_large_image\" \/>\n<meta name=\"twitter:label1\" content=\"Est. reading time\" \/>\n\t<meta name=\"twitter:data1\" content=\"1 minuto\" \/>\n<script type=\"application\/ld+json\" class=\"yoast-schema-graph\">{\"@context\":\"https:\/\/schema.org\",\"@graph\":[{\"@type\":\"WebPage\",\"@id\":\"https:\/\/www.iplay.com\/es\/games\/suddenly-meow-christmas\/\",\"url\":\"https:\/\/www.iplay.com\/es\/games\/suddenly-meow-christmas\/\",\"name\":\"\u00a1Descubre un nuevo juego de combinar 3 en Suddenly Meow Christmas!\",\"isPartOf\":{\"@id\":\"https:\/\/www.iplay.com\/en\/#website\"},\"primaryImageOfPage\":{\"@id\":\"https:\/\/www.iplay.com\/es\/games\/suddenly-meow-christmas\/#primaryimage\"},\"image\":{\"@id\":\"https:\/\/www.iplay.com\/es\/games\/suddenly-meow-christmas\/#primaryimage\"},\"thumbnailUrl\":\"https:\/\/www.iplay.com\/wp-content\/uploads\/2024\/12\/suddenly_meow_christmas_large_square_tile_image.webp\",\"datePublished\":\"2024-12-18T07:30:34+00:00\",\"description\":\"Un viaje festivo con Tim y Spooky en Suddenly Meow Christmas\",\"breadcrumb\":{\"@id\":\"https:\/\/www.iplay.com\/es\/games\/suddenly-meow-christmas\/#breadcrumb\"},\"inLanguage\":\"es\",\"potentialAction\":[{\"@type\":\"ReadAction\",\"target\":[\"https:\/\/www.iplay.com\/es\/games\/suddenly-meow-christmas\/\"]}]},{\"@type\":\"ImageObject\",\"inLanguage\":\"es\",\"@id\":\"https:\/\/www.iplay.com\/es\/games\/suddenly-meow-christmas\/#primaryimage\",\"url\":\"https:\/\/www.iplay.com\/wp-content\/uploads\/2024\/12\/suddenly_meow_christmas_large_square_tile_image.webp\",\"contentUrl\":\"https:\/\/www.iplay.com\/wp-content\/uploads\/2024\/12\/suddenly_meow_christmas_large_square_tile_image.webp\",\"width\":400,\"height\":400},{\"@type\":\"BreadcrumbList\",\"@id\":\"https:\/\/www.iplay.com\/es\/games\/suddenly-meow-christmas\/#breadcrumb\",\"itemListElement\":[{\"@type\":\"ListItem\",\"position\":1,\"name\":\"Home\",\"item\":\"https:\/\/www.iplay.com\/es\/home-page-2\/\"},{\"@type\":\"ListItem\",\"position\":2,\"name\":\"Shop\",\"item\":\"https:\/\/www.iplay.com\/en\/shop\/\"},{\"@type\":\"ListItem\",\"position\":3,\"name\":\"Suddenly Meow Christmas\"}]},{\"@type\":\"WebSite\",\"@id\":\"https:\/\/www.iplay.com\/en\/#website\",\"url\":\"https:\/\/www.iplay.com\/en\/\",\"name\":\"IPlay\",\"description\":\"The Best Casual Games!\",\"publisher\":{\"@id\":\"https:\/\/www.iplay.com\/en\/#organization\"},\"potentialAction\":[{\"@type\":\"SearchAction\",\"target\":{\"@type\":\"EntryPoint\",\"urlTemplate\":\"https:\/\/www.iplay.com\/en\/?s={search_term_string}\"},\"query-input\":{\"@type\":\"PropertyValueSpecification\",\"valueRequired\":true,\"valueName\":\"search_term_string\"}}],\"inLanguage\":\"es\"},{\"@type\":\"Organization\",\"@id\":\"https:\/\/www.iplay.com\/en\/#organization\",\"name\":\"IPlay\",\"url\":\"https:\/\/www.iplay.com\/en\/\",\"logo\":{\"@type\":\"ImageObject\",\"inLanguage\":\"es\",\"@id\":\"https:\/\/www.iplay.com\/en\/#\/schema\/logo\/image\/\",\"url\":\"https:\/\/www.iplay.com\/wp-content\/uploads\/2023\/11\/Group-6100.svg\",\"contentUrl\":\"https:\/\/www.iplay.com\/wp-content\/uploads\/2023\/11\/Group-6100.svg\",\"width\":98,\"height\":25,\"caption\":\"IPlay\"},\"image\":{\"@id\":\"https:\/\/www.iplay.com\/en\/#\/schema\/logo\/image\/\"}}]}<\/script>\n<!-- \/ Yoast SEO Premium plugin. -->","yoast_head_json":{"title":"\u00a1Descubre un nuevo juego de combinar 3 en Suddenly Meow Christmas!","description":"Un viaje festivo con Tim y Spooky en Suddenly Meow Christmas","robots":{"index":"index","follow":"follow","max-snippet":"max-snippet:-1","max-image-preview":"max-image-preview:large","max-video-preview":"max-video-preview:-1"},"canonical":"https:\/\/www.iplay.com\/es\/games\/suddenly-meow-christmas\/","og_locale":"es_ES","og_type":"article","og_title":"Suddenly Meow Christmas","og_description":"Un viaje festivo con Tim y Spooky en Suddenly Meow Christmas","og_url":"https:\/\/www.iplay.com\/es\/games\/suddenly-meow-christmas\/","og_site_name":"IPlay","og_image":[{"width":400,"height":400,"url":"https:\/\/www.iplay.com\/wp-content\/uploads\/2024\/12\/suddenly_meow_christmas_large_square_tile_image.webp","type":"image\/webp"}],"twitter_card":"summary_large_image","twitter_misc":{"Est. reading time":"1 minuto"},"schema":{"@context":"https:\/\/schema.org","@graph":[{"@type":"WebPage","@id":"https:\/\/www.iplay.com\/es\/games\/suddenly-meow-christmas\/","url":"https:\/\/www.iplay.com\/es\/games\/suddenly-meow-christmas\/","name":"\u00a1Descubre un nuevo juego de combinar 3 en Suddenly Meow Christmas!","isPartOf":{"@id":"https:\/\/www.iplay.com\/en\/#website"},"primaryImageOfPage":{"@id":"https:\/\/www.iplay.com\/es\/games\/suddenly-meow-christmas\/#primaryimage"},"image":{"@id":"https:\/\/www.iplay.com\/es\/games\/suddenly-meow-christmas\/#primaryimage"},"thumbnailUrl":"https:\/\/www.iplay.com\/wp-content\/uploads\/2024\/12\/suddenly_meow_christmas_large_square_tile_image.webp","datePublished":"2024-12-18T07:30:34+00:00","description":"Un viaje festivo con Tim y Spooky en Suddenly Meow Christmas","breadcrumb":{"@id":"https:\/\/www.iplay.com\/es\/games\/suddenly-meow-christmas\/#breadcrumb"},"inLanguage":"es","potentialAction":[{"@type":"ReadAction","target":["https:\/\/www.iplay.com\/es\/games\/suddenly-meow-christmas\/"]}]},{"@type":"ImageObject","inLanguage":"es","@id":"https:\/\/www.iplay.com\/es\/games\/suddenly-meow-christmas\/#primaryimage","url":"https:\/\/www.iplay.com\/wp-content\/uploads\/2024\/12\/suddenly_meow_christmas_large_square_tile_image.webp","contentUrl":"https:\/\/www.iplay.com\/wp-content\/uploads\/2024\/12\/suddenly_meow_christmas_large_square_tile_image.webp","width":400,"height":400},{"@type":"BreadcrumbList","@id":"https:\/\/www.iplay.com\/es\/games\/suddenly-meow-christmas\/#breadcrumb","itemListElement":[{"@type":"ListItem","position":1,"name":"Home","item":"https:\/\/www.iplay.com\/es\/home-page-2\/"},{"@type":"ListItem","position":2,"name":"Shop","item":"https:\/\/www.iplay.com\/en\/shop\/"},{"@type":"ListItem","position":3,"name":"Suddenly Meow Christmas"}]},{"@type":"WebSite","@id":"https:\/\/www.iplay.com\/en\/#website","url":"https:\/\/www.iplay.com\/en\/","name":"IPlay","description":"The Best Casual Games!","publisher":{"@id":"https:\/\/www.iplay.com\/en\/#organization"},"potentialAction":[{"@type":"SearchAction","target":{"@type":"EntryPoint","urlTemplate":"https:\/\/www.iplay.com\/en\/?s={search_term_string}"},"query-input":{"@type":"PropertyValueSpecification","valueRequired":true,"valueName":"search_term_string"}}],"inLanguage":"es"},{"@type":"Organization","@id":"https:\/\/www.iplay.com\/en\/#organization","name":"IPlay","url":"https:\/\/www.iplay.com\/en\/","logo":{"@type":"ImageObject","inLanguage":"es","@id":"https:\/\/www.iplay.com\/en\/#\/schema\/logo\/image\/","url":"https:\/\/www.iplay.com\/wp-content\/uploads\/2023\/11\/Group-6100.svg","contentUrl":"https:\/\/www.iplay.com\/wp-content\/uploads\/2023\/11\/Group-6100.svg","width":98,"height":25,"caption":"IPlay"},"image":{"@id":"https:\/\/www.iplay.com\/en\/#\/schema\/logo\/image\/"}}]}},"_links":{"self":[{"href":"https:\/\/www.iplay.com\/es\/wp-json\/wp\/v2\/product\/126760","targetHints":{"allow":["GET"]}}],"collection":[{"href":"https:\/\/www.iplay.com\/es\/wp-json\/wp\/v2\/product"}],"about":[{"href":"https:\/\/www.iplay.com\/es\/wp-json\/wp\/v2\/types\/product"}],"author":[{"embeddable":true,"href":"https:\/\/www.iplay.com\/es\/wp-json\/wp\/v2\/users\/55"}],"replies":[{"embeddable":true,"href":"https:\/\/www.iplay.com\/es\/wp-json\/wp\/v2\/comments?post=126760"}],"wp:featuredmedia":[{"embeddable":true,"href":"https:\/\/www.iplay.com\/es\/wp-json\/wp\/v2\/media\/125671"}],"wp:attachment":[{"href":"https:\/\/www.iplay.com\/es\/wp-json\/wp\/v2\/media?parent=126760"}],"wp:term":[{"taxonomy":"product_brand","embeddable":true,"href":"https:\/\/www.iplay.com\/es\/wp-json\/wp\/v2\/product_brand?post=126760"},{"taxonomy":"product_cat","embeddable":true,"href":"https:\/\/www.iplay.com\/es\/wp-json\/wp\/v2\/product_cat?post=126760"},{"taxonomy":"product_tag","embeddable":true,"href":"https:\/\/www.iplay.com\/es\/wp-json\/wp\/v2\/product_tag?post=126760"}],"curies":[{"name":"wp","href":"https:\/\/api.w.org\/{rel}","templated":true}]}}