{"id":126705,"date":"2024-12-09T08:00:34","date_gmt":"2024-12-09T08:00:34","guid":{"rendered":"https:\/\/www.iplay.com\/games\/pop-art-17\/"},"modified":"2024-12-09T08:00:34","modified_gmt":"2024-12-09T08:00:34","slug":"pop-art-17","status":"publish","type":"product","link":"https:\/\/www.iplay.com\/es\/games\/pop-art-17\/","title":{"rendered":"Pop Art 17"},"content":{"rendered":"<p>La pintura se ha transformado en una experiencia sin esfuerzo y profundamente agradable donde la creatividad puede fluir sin l\u00edmites. Al eliminar el estr\u00e9s de la selecci\u00f3n de color y las decisiones de dise\u00f1o, se pone a disposici\u00f3n de todos una forma pac\u00edfica y accesible de expresar el talento art\u00edstico. Ya sea que sea un pintor experimentado o un principiante entusiasta, la oportunidad de crear arte impresionante est\u00e1 a solo una gu\u00eda numerada de distancia.  <\/p>\n<p>El proceso ha sido dise\u00f1ado para centrarse en el puro placer de pintar. Cada imagen est\u00e1 dividida en secciones numeradas, donde el color correspondiente se aplica con facilidad, lo que garantiza que no se necesiten conjeturas. Este m\u00e9todo permite a los artistas de todos los niveles experimentar la satisfacci\u00f3n de completar impresionantes obras de arte sin experiencia previa.  <\/p>\n<p>&nbsp;<\/p>\n<p>Funciones<\/p>\n<ul>\n<li><em>Una colecci\u00f3n de 64 im\u00e1genes impresionantes: <\/em>Se proporcionan sesenta y cuatro im\u00e1genes de alta calidad y dise\u00f1o intrincado para garantizar la variedad y la emoci\u00f3n con cada sesi\u00f3n de pintura. Los temas van desde paisajes serenos y animales juguetones hasta arte abstracto y patrones intrincados, que ofrecen algo para todos los gustos. <\/li>\n<li><em>Una experiencia relajante y gratificante: <\/em>El arte de la pintura se ha transformado en una actividad meditativa, donde las horas de relajaci\u00f3n est\u00e1n garantizadas. La atenci\u00f3n se centra por completo en el disfrute del proceso m\u00e1s que en las presiones de la toma de decisiones o la habilidad t\u00e9cnica. <\/li>\n<li><em>Perfecto para todos los niveles de habilidad: <\/em>Tanto si coges un pincel por primera vez como si eres un artista experimentado que busca una nueva forma de relajarse, este enfoque estructurado pero creativo est\u00e1 dise\u00f1ado para adaptarse a todo el mundo.<\/li>\n<li><em>Gu\u00edas numeradas f\u00e1ciles de seguir: <\/em>Las gu\u00edas claras e intuitivas garantizan que pintar cada obra maestra sea sencillo y sin estr\u00e9s. Al seguir los n\u00fameros, incluso los dise\u00f1os m\u00e1s intrincados cobran vida sin esfuerzo. <\/li>\n<li><em>Una mezcla perfecta de creatividad y relajaci\u00f3n: <\/em>El tiempo dedicado a pintar con estos gu\u00edas combina los beneficios terap\u00e9uticos del arte con la satisfacci\u00f3n de completar un proyecto, creando una experiencia enriquecedora para la mente y el cuerpo por igual.<\/li>\n<\/ul>\n<p>&nbsp;<\/p>\n<p>Comience hoy &#8211; El placer de pintar ahora est\u00e1 al alcance de todos, y el proceso nunca ha sido m\u00e1s atractivo. Sin necesidad de preocuparse por la selecci\u00f3n de color o la experiencia t\u00e9cnica, la atenci\u00f3n se centra por completo en la belleza del proceso creativo. <\/p>\n<p>Ya sea que est\u00e9 buscando una manera de relajarse, explorar su lado art\u00edstico o simplemente disfrutar de un pasatiempo satisfactorio, la pintura numerada ofrece la soluci\u00f3n perfecta.<\/p>\n<p>&nbsp;<\/p>\n","protected":false},"excerpt":{"rendered":"<p>Descubre el placer de pintar con facilidad con el <strong>Pop Art 17<\/strong><\/p>\n","protected":false},"author":21,"featured_media":125447,"comment_status":"open","ping_status":"closed","template":"","meta":{"_acf_changed":false,"inline_featured_image":false},"product_brand":[],"product_cat":[184],"product_tag":[288],"class_list":{"0":"post-126705","1":"product","2":"type-product","3":"status-publish","4":"has-post-thumbnail","6":"product_cat-paint-by-numbers-series-es","7":"product_tag-play-on-pc-es","9":"first","10":"instock","11":"shipping-taxable","12":"purchasable","13":"product-type-simple"},"acf":[],"yoast_head":"<!-- This site is optimized with the Yoast SEO Premium plugin v25.2 (Yoast SEO v25.2) - https:\/\/yoast.com\/wordpress\/plugins\/seo\/ -->\n<title>Crea arte incre\u00edble siguiendo n\u00fameros en Pop Art 17<\/title>\n<meta name=\"description\" content=\"Descubre el placer de pintar con facilidad con el Pop Art 17\" \/>\n<meta name=\"robots\" content=\"index, follow, max-snippet:-1, max-image-preview:large, max-video-preview:-1\" \/>\n<link rel=\"canonical\" href=\"https:\/\/www.iplay.com\/es\/games\/pop-art-17\/\" \/>\n<meta property=\"og:locale\" content=\"es_ES\" \/>\n<meta property=\"og:type\" content=\"article\" \/>\n<meta property=\"og:title\" content=\"Pop Art 17\" \/>\n<meta property=\"og:description\" content=\"Descubre el placer de pintar con facilidad con el Pop Art 17\" \/>\n<meta property=\"og:url\" content=\"https:\/\/www.iplay.com\/es\/games\/pop-art-17\/\" \/>\n<meta property=\"og:site_name\" content=\"IPlay\" \/>\n<meta property=\"og:image\" content=\"https:\/\/www.iplay.com\/wp-content\/uploads\/2024\/12\/pop_art_17_large_video_screenshot.webp\" \/>\n\t<meta property=\"og:image:width\" content=\"715\" \/>\n\t<meta property=\"og:image:height\" content=\"485\" \/>\n\t<meta property=\"og:image:type\" content=\"image\/webp\" \/>\n<meta name=\"twitter:card\" content=\"summary_large_image\" \/>\n<meta name=\"twitter:label1\" content=\"Est. reading time\" \/>\n\t<meta name=\"twitter:data1\" content=\"2 minutos\" \/>\n<script type=\"application\/ld+json\" class=\"yoast-schema-graph\">{\"@context\":\"https:\/\/schema.org\",\"@graph\":[{\"@type\":\"WebPage\",\"@id\":\"https:\/\/www.iplay.com\/es\/games\/pop-art-17\/\",\"url\":\"https:\/\/www.iplay.com\/es\/games\/pop-art-17\/\",\"name\":\"Crea arte incre\u00edble siguiendo n\u00fameros en Pop Art 17\",\"isPartOf\":{\"@id\":\"https:\/\/www.iplay.com\/en\/#website\"},\"primaryImageOfPage\":{\"@id\":\"https:\/\/www.iplay.com\/es\/games\/pop-art-17\/#primaryimage\"},\"image\":{\"@id\":\"https:\/\/www.iplay.com\/es\/games\/pop-art-17\/#primaryimage\"},\"thumbnailUrl\":\"https:\/\/www.iplay.com\/wp-content\/uploads\/2024\/12\/pop_art_17_large_video_screenshot.webp\",\"datePublished\":\"2024-12-09T08:00:34+00:00\",\"description\":\"Descubre el placer de pintar con facilidad con el Pop Art 17\",\"breadcrumb\":{\"@id\":\"https:\/\/www.iplay.com\/es\/games\/pop-art-17\/#breadcrumb\"},\"inLanguage\":\"es\",\"potentialAction\":[{\"@type\":\"ReadAction\",\"target\":[\"https:\/\/www.iplay.com\/es\/games\/pop-art-17\/\"]}]},{\"@type\":\"ImageObject\",\"inLanguage\":\"es\",\"@id\":\"https:\/\/www.iplay.com\/es\/games\/pop-art-17\/#primaryimage\",\"url\":\"https:\/\/www.iplay.com\/wp-content\/uploads\/2024\/12\/pop_art_17_large_video_screenshot.webp\",\"contentUrl\":\"https:\/\/www.iplay.com\/wp-content\/uploads\/2024\/12\/pop_art_17_large_video_screenshot.webp\",\"width\":715,\"height\":485},{\"@type\":\"BreadcrumbList\",\"@id\":\"https:\/\/www.iplay.com\/es\/games\/pop-art-17\/#breadcrumb\",\"itemListElement\":[{\"@type\":\"ListItem\",\"position\":1,\"name\":\"Home\",\"item\":\"https:\/\/www.iplay.com\/es\/home-page-2\/\"},{\"@type\":\"ListItem\",\"position\":2,\"name\":\"Shop\",\"item\":\"https:\/\/www.iplay.com\/en\/shop\/\"},{\"@type\":\"ListItem\",\"position\":3,\"name\":\"Pop Art 17\"}]},{\"@type\":\"WebSite\",\"@id\":\"https:\/\/www.iplay.com\/en\/#website\",\"url\":\"https:\/\/www.iplay.com\/en\/\",\"name\":\"IPlay\",\"description\":\"The Best Casual Games!\",\"publisher\":{\"@id\":\"https:\/\/www.iplay.com\/en\/#organization\"},\"potentialAction\":[{\"@type\":\"SearchAction\",\"target\":{\"@type\":\"EntryPoint\",\"urlTemplate\":\"https:\/\/www.iplay.com\/en\/?s={search_term_string}\"},\"query-input\":{\"@type\":\"PropertyValueSpecification\",\"valueRequired\":true,\"valueName\":\"search_term_string\"}}],\"inLanguage\":\"es\"},{\"@type\":\"Organization\",\"@id\":\"https:\/\/www.iplay.com\/en\/#organization\",\"name\":\"IPlay\",\"url\":\"https:\/\/www.iplay.com\/en\/\",\"logo\":{\"@type\":\"ImageObject\",\"inLanguage\":\"es\",\"@id\":\"https:\/\/www.iplay.com\/en\/#\/schema\/logo\/image\/\",\"url\":\"https:\/\/www.iplay.com\/wp-content\/uploads\/2023\/11\/Group-6100.svg\",\"contentUrl\":\"https:\/\/www.iplay.com\/wp-content\/uploads\/2023\/11\/Group-6100.svg\",\"width\":98,\"height\":25,\"caption\":\"IPlay\"},\"image\":{\"@id\":\"https:\/\/www.iplay.com\/en\/#\/schema\/logo\/image\/\"}}]}<\/script>\n<!-- \/ Yoast SEO Premium plugin. -->","yoast_head_json":{"title":"Crea arte incre\u00edble siguiendo n\u00fameros en Pop Art 17","description":"Descubre el placer de pintar con facilidad con el Pop Art 17","robots":{"index":"index","follow":"follow","max-snippet":"max-snippet:-1","max-image-preview":"max-image-preview:large","max-video-preview":"max-video-preview:-1"},"canonical":"https:\/\/www.iplay.com\/es\/games\/pop-art-17\/","og_locale":"es_ES","og_type":"article","og_title":"Pop Art 17","og_description":"Descubre el placer de pintar con facilidad con el Pop Art 17","og_url":"https:\/\/www.iplay.com\/es\/games\/pop-art-17\/","og_site_name":"IPlay","og_image":[{"width":715,"height":485,"url":"https:\/\/www.iplay.com\/wp-content\/uploads\/2024\/12\/pop_art_17_large_video_screenshot.webp","type":"image\/webp"}],"twitter_card":"summary_large_image","twitter_misc":{"Est. reading time":"2 minutos"},"schema":{"@context":"https:\/\/schema.org","@graph":[{"@type":"WebPage","@id":"https:\/\/www.iplay.com\/es\/games\/pop-art-17\/","url":"https:\/\/www.iplay.com\/es\/games\/pop-art-17\/","name":"Crea arte incre\u00edble siguiendo n\u00fameros en Pop Art 17","isPartOf":{"@id":"https:\/\/www.iplay.com\/en\/#website"},"primaryImageOfPage":{"@id":"https:\/\/www.iplay.com\/es\/games\/pop-art-17\/#primaryimage"},"image":{"@id":"https:\/\/www.iplay.com\/es\/games\/pop-art-17\/#primaryimage"},"thumbnailUrl":"https:\/\/www.iplay.com\/wp-content\/uploads\/2024\/12\/pop_art_17_large_video_screenshot.webp","datePublished":"2024-12-09T08:00:34+00:00","description":"Descubre el placer de pintar con facilidad con el Pop Art 17","breadcrumb":{"@id":"https:\/\/www.iplay.com\/es\/games\/pop-art-17\/#breadcrumb"},"inLanguage":"es","potentialAction":[{"@type":"ReadAction","target":["https:\/\/www.iplay.com\/es\/games\/pop-art-17\/"]}]},{"@type":"ImageObject","inLanguage":"es","@id":"https:\/\/www.iplay.com\/es\/games\/pop-art-17\/#primaryimage","url":"https:\/\/www.iplay.com\/wp-content\/uploads\/2024\/12\/pop_art_17_large_video_screenshot.webp","contentUrl":"https:\/\/www.iplay.com\/wp-content\/uploads\/2024\/12\/pop_art_17_large_video_screenshot.webp","width":715,"height":485},{"@type":"BreadcrumbList","@id":"https:\/\/www.iplay.com\/es\/games\/pop-art-17\/#breadcrumb","itemListElement":[{"@type":"ListItem","position":1,"name":"Home","item":"https:\/\/www.iplay.com\/es\/home-page-2\/"},{"@type":"ListItem","position":2,"name":"Shop","item":"https:\/\/www.iplay.com\/en\/shop\/"},{"@type":"ListItem","position":3,"name":"Pop Art 17"}]},{"@type":"WebSite","@id":"https:\/\/www.iplay.com\/en\/#website","url":"https:\/\/www.iplay.com\/en\/","name":"IPlay","description":"The Best Casual Games!","publisher":{"@id":"https:\/\/www.iplay.com\/en\/#organization"},"potentialAction":[{"@type":"SearchAction","target":{"@type":"EntryPoint","urlTemplate":"https:\/\/www.iplay.com\/en\/?s={search_term_string}"},"query-input":{"@type":"PropertyValueSpecification","valueRequired":true,"valueName":"search_term_string"}}],"inLanguage":"es"},{"@type":"Organization","@id":"https:\/\/www.iplay.com\/en\/#organization","name":"IPlay","url":"https:\/\/www.iplay.com\/en\/","logo":{"@type":"ImageObject","inLanguage":"es","@id":"https:\/\/www.iplay.com\/en\/#\/schema\/logo\/image\/","url":"https:\/\/www.iplay.com\/wp-content\/uploads\/2023\/11\/Group-6100.svg","contentUrl":"https:\/\/www.iplay.com\/wp-content\/uploads\/2023\/11\/Group-6100.svg","width":98,"height":25,"caption":"IPlay"},"image":{"@id":"https:\/\/www.iplay.com\/en\/#\/schema\/logo\/image\/"}}]}},"_links":{"self":[{"href":"https:\/\/www.iplay.com\/es\/wp-json\/wp\/v2\/product\/126705","targetHints":{"allow":["GET"]}}],"collection":[{"href":"https:\/\/www.iplay.com\/es\/wp-json\/wp\/v2\/product"}],"about":[{"href":"https:\/\/www.iplay.com\/es\/wp-json\/wp\/v2\/types\/product"}],"author":[{"embeddable":true,"href":"https:\/\/www.iplay.com\/es\/wp-json\/wp\/v2\/users\/21"}],"replies":[{"embeddable":true,"href":"https:\/\/www.iplay.com\/es\/wp-json\/wp\/v2\/comments?post=126705"}],"wp:featuredmedia":[{"embeddable":true,"href":"https:\/\/www.iplay.com\/es\/wp-json\/wp\/v2\/media\/125447"}],"wp:attachment":[{"href":"https:\/\/www.iplay.com\/es\/wp-json\/wp\/v2\/media?parent=126705"}],"wp:term":[{"taxonomy":"product_brand","embeddable":true,"href":"https:\/\/www.iplay.com\/es\/wp-json\/wp\/v2\/product_brand?post=126705"},{"taxonomy":"product_cat","embeddable":true,"href":"https:\/\/www.iplay.com\/es\/wp-json\/wp\/v2\/product_cat?post=126705"},{"taxonomy":"product_tag","embeddable":true,"href":"https:\/\/www.iplay.com\/es\/wp-json\/wp\/v2\/product_tag?post=126705"}],"curies":[{"name":"wp","href":"https:\/\/api.w.org\/{rel}","templated":true}]}}