{"id":126666,"date":"2024-03-01T02:00:52","date_gmt":"2024-03-01T02:00:52","guid":{"rendered":"https:\/\/www.iplay.com\/games\/jewel-match-aquascapes-2-collectors-edition\/"},"modified":"2025-03-20T17:49:47","modified_gmt":"2025-03-20T17:49:47","slug":"jewel-match-aquascapes-2-collectors-edition","status":"publish","type":"product","link":"https:\/\/www.iplay.com\/es\/games\/jewel-match-aquascapes-2-collectors-edition\/","title":{"rendered":"Jewel Match Aquascapes 2 Collector&#8217;s Edition"},"content":{"rendered":"<p>\u00a1Emb\u00e1rcate en una cautivadora aventura de Match-3 en un mundo bajo la superficie donde lo mundano se lleva lejos! Dentro de este cautivador reino submarino, una mir\u00edada de desafiantes rompecabezas de Match-3 te esperan para descubrir, gui\u00e1ndote a trav\u00e9s de vibrantes jardines de coral e impresionantes vistas submarinas. <\/p>\n<p>A medida que profundices, re\u00fane gemas brillantes para revitalizar una magn\u00edfica finca submarina, dando vida a su esplendor. Explora las fascinantes profundidades donde te esperan los recursos esenciales, acompa\u00f1ados de desafiantes acertijos, intrigantes escenas de diferencia e intrincados rompecabezas. Equ\u00edpate con una variedad de formidables potenciadores de la tienda para ayudarte en tu viaje a trav\u00e9s del oc\u00e9ano sin l\u00edmites.  <\/p>\n<p>Sum\u00e9rgete en una serie de caracter\u00edsticas de juego innovadoras, como submarinos, paredes resistentes, cintas transportadoras m\u00f3viles, pulpos astutos y mucho m\u00e1s. Sum\u00e9rgete en las relajantes melod\u00edas de una encantadora banda sonora de fondo mientras navegas por una amplia gama de desaf\u00edos de Match-3. Jewel Match Aquascapes 2 te llama, donde la tranquilidad se entrelaza con emocionantes rompecabezas, \u00a1invit\u00e1ndote a una odisea acu\u00e1tica!<\/p>\n<p>&nbsp;<\/p>\n<p><strong>Funciones<\/strong><\/p>\n<p>&nbsp;<\/p>\n<p>&#8211; \u00a1Doscientos niveles expansivos para explorar!<br \/>\n&#8211; \u00a1Desbloquea sesenta etapas de bonificaci\u00f3n adicionales y descubre nuevos elementos del juego!<br \/>\n&#8211; Elige entre tres modos de juego distintos: movimientos restringidos, relajado y cronometrado.<br \/>\n&#8211; Personaliza tu experiencia con tres opciones de dificultad: est\u00e1ndar, avanzada y loca.<br \/>\n&#8211; Mejora tu juego con una variedad de potentes potenciadores y mejoras disponibles en la tienda del juego.<br \/>\n&#8211; Disfruta de minijuegos rejugables, que incluyen intrigantes secuencias de localizaci\u00f3n de diferencias y rompecabezas.<\/p>\n","protected":false},"excerpt":{"rendered":"<p>Sum\u00e9rgete en un cautivador inframundo donde lo ordinario se desvanece con Jewel Match Aquascapes 2 Edici\u00f3n Coleccionista<\/p>\n","protected":false},"author":20,"featured_media":124567,"comment_status":"open","ping_status":"closed","template":"","meta":{"_acf_changed":false,"inline_featured_image":false},"product_brand":[],"product_cat":[178],"product_tag":[288],"class_list":{"0":"post-126666","1":"product","2":"type-product","3":"status-publish","4":"has-post-thumbnail","6":"product_cat-match-3-es","7":"product_tag-play-on-pc-es","9":"first","10":"instock","11":"shipping-taxable","12":"purchasable","13":"product-type-simple"},"acf":[],"yoast_head":"<!-- This site is optimized with the Yoast SEO Premium plugin v25.2 (Yoast SEO v25.2) - https:\/\/yoast.com\/wordpress\/plugins\/seo\/ -->\n<title>Jewel Match Aquascapes 2 Edici\u00f3n Coleccionista - Sum\u00e9rgete en un cautivador inframundo donde lo ordinario se desvanece<\/title>\n<meta name=\"description\" content=\"Sum\u00e9rgete en un cautivador inframundo donde lo ordinario se desvanece con Jewel Match Aquascapes 2 Edici\u00f3n Coleccionista\" \/>\n<meta name=\"robots\" content=\"index, follow, max-snippet:-1, max-image-preview:large, max-video-preview:-1\" \/>\n<link rel=\"canonical\" href=\"https:\/\/www.iplay.com\/es\/games\/jewel-match-aquascapes-2-collectors-edition\/\" \/>\n<meta property=\"og:locale\" content=\"es_ES\" \/>\n<meta property=\"og:type\" content=\"article\" \/>\n<meta property=\"og:title\" content=\"Jewel Match Aquascapes 2 Collector&#039;s Edition\" \/>\n<meta property=\"og:description\" content=\"Sum\u00e9rgete en un cautivador inframundo donde lo ordinario se desvanece con Jewel Match Aquascapes 2 Edici\u00f3n Coleccionista\" \/>\n<meta property=\"og:url\" content=\"https:\/\/www.iplay.com\/es\/games\/jewel-match-aquascapes-2-collectors-edition\/\" \/>\n<meta property=\"og:site_name\" content=\"IPlay\" \/>\n<meta property=\"article:modified_time\" content=\"2025-03-20T17:49:47+00:00\" \/>\n<meta property=\"og:image\" content=\"https:\/\/www.iplay.com\/wp-content\/uploads\/2024\/03\/400x400-jewel_match_aquascapes_2_ce_large_square_tile_image.webp\" \/>\n\t<meta property=\"og:image:width\" content=\"400\" \/>\n\t<meta property=\"og:image:height\" content=\"400\" \/>\n\t<meta property=\"og:image:type\" content=\"image\/webp\" \/>\n<meta name=\"twitter:card\" content=\"summary_large_image\" \/>\n<meta name=\"twitter:label1\" content=\"Est. reading time\" \/>\n\t<meta name=\"twitter:data1\" content=\"1 minuto\" \/>\n<script type=\"application\/ld+json\" class=\"yoast-schema-graph\">{\"@context\":\"https:\/\/schema.org\",\"@graph\":[{\"@type\":\"WebPage\",\"@id\":\"https:\/\/www.iplay.com\/es\/games\/jewel-match-aquascapes-2-collectors-edition\/\",\"url\":\"https:\/\/www.iplay.com\/es\/games\/jewel-match-aquascapes-2-collectors-edition\/\",\"name\":\"Jewel Match Aquascapes 2 Edici\u00f3n Coleccionista - Sum\u00e9rgete en un cautivador inframundo donde lo ordinario se desvanece\",\"isPartOf\":{\"@id\":\"https:\/\/www.iplay.com\/en\/#website\"},\"primaryImageOfPage\":{\"@id\":\"https:\/\/www.iplay.com\/es\/games\/jewel-match-aquascapes-2-collectors-edition\/#primaryimage\"},\"image\":{\"@id\":\"https:\/\/www.iplay.com\/es\/games\/jewel-match-aquascapes-2-collectors-edition\/#primaryimage\"},\"thumbnailUrl\":\"https:\/\/www.iplay.com\/wp-content\/uploads\/2024\/03\/400x400-jewel_match_aquascapes_2_ce_large_square_tile_image.webp\",\"datePublished\":\"2024-03-01T02:00:52+00:00\",\"dateModified\":\"2025-03-20T17:49:47+00:00\",\"description\":\"Sum\u00e9rgete en un cautivador inframundo donde lo ordinario se desvanece con Jewel Match Aquascapes 2 Edici\u00f3n Coleccionista\",\"breadcrumb\":{\"@id\":\"https:\/\/www.iplay.com\/es\/games\/jewel-match-aquascapes-2-collectors-edition\/#breadcrumb\"},\"inLanguage\":\"es\",\"potentialAction\":[{\"@type\":\"ReadAction\",\"target\":[\"https:\/\/www.iplay.com\/es\/games\/jewel-match-aquascapes-2-collectors-edition\/\"]}]},{\"@type\":\"ImageObject\",\"inLanguage\":\"es\",\"@id\":\"https:\/\/www.iplay.com\/es\/games\/jewel-match-aquascapes-2-collectors-edition\/#primaryimage\",\"url\":\"https:\/\/www.iplay.com\/wp-content\/uploads\/2024\/03\/400x400-jewel_match_aquascapes_2_ce_large_square_tile_image.webp\",\"contentUrl\":\"https:\/\/www.iplay.com\/wp-content\/uploads\/2024\/03\/400x400-jewel_match_aquascapes_2_ce_large_square_tile_image.webp\",\"width\":400,\"height\":400},{\"@type\":\"BreadcrumbList\",\"@id\":\"https:\/\/www.iplay.com\/es\/games\/jewel-match-aquascapes-2-collectors-edition\/#breadcrumb\",\"itemListElement\":[{\"@type\":\"ListItem\",\"position\":1,\"name\":\"Home\",\"item\":\"https:\/\/www.iplay.com\/es\/home-page-2\/\"},{\"@type\":\"ListItem\",\"position\":2,\"name\":\"Shop\",\"item\":\"https:\/\/www.iplay.com\/en\/shop\/\"},{\"@type\":\"ListItem\",\"position\":3,\"name\":\"Jewel Match Aquascapes 2 Collector&#8217;s Edition\"}]},{\"@type\":\"WebSite\",\"@id\":\"https:\/\/www.iplay.com\/en\/#website\",\"url\":\"https:\/\/www.iplay.com\/en\/\",\"name\":\"IPlay\",\"description\":\"The Best Casual Games!\",\"publisher\":{\"@id\":\"https:\/\/www.iplay.com\/en\/#organization\"},\"potentialAction\":[{\"@type\":\"SearchAction\",\"target\":{\"@type\":\"EntryPoint\",\"urlTemplate\":\"https:\/\/www.iplay.com\/en\/?s={search_term_string}\"},\"query-input\":{\"@type\":\"PropertyValueSpecification\",\"valueRequired\":true,\"valueName\":\"search_term_string\"}}],\"inLanguage\":\"es\"},{\"@type\":\"Organization\",\"@id\":\"https:\/\/www.iplay.com\/en\/#organization\",\"name\":\"IPlay\",\"url\":\"https:\/\/www.iplay.com\/en\/\",\"logo\":{\"@type\":\"ImageObject\",\"inLanguage\":\"es\",\"@id\":\"https:\/\/www.iplay.com\/en\/#\/schema\/logo\/image\/\",\"url\":\"https:\/\/www.iplay.com\/wp-content\/uploads\/2023\/11\/Group-6100.svg\",\"contentUrl\":\"https:\/\/www.iplay.com\/wp-content\/uploads\/2023\/11\/Group-6100.svg\",\"width\":98,\"height\":25,\"caption\":\"IPlay\"},\"image\":{\"@id\":\"https:\/\/www.iplay.com\/en\/#\/schema\/logo\/image\/\"}}]}<\/script>\n<!-- \/ Yoast SEO Premium plugin. -->","yoast_head_json":{"title":"Jewel Match Aquascapes 2 Edici\u00f3n Coleccionista - Sum\u00e9rgete en un cautivador inframundo donde lo ordinario se desvanece","description":"Sum\u00e9rgete en un cautivador inframundo donde lo ordinario se desvanece con Jewel Match Aquascapes 2 Edici\u00f3n Coleccionista","robots":{"index":"index","follow":"follow","max-snippet":"max-snippet:-1","max-image-preview":"max-image-preview:large","max-video-preview":"max-video-preview:-1"},"canonical":"https:\/\/www.iplay.com\/es\/games\/jewel-match-aquascapes-2-collectors-edition\/","og_locale":"es_ES","og_type":"article","og_title":"Jewel Match Aquascapes 2 Collector's Edition","og_description":"Sum\u00e9rgete en un cautivador inframundo donde lo ordinario se desvanece con Jewel Match Aquascapes 2 Edici\u00f3n Coleccionista","og_url":"https:\/\/www.iplay.com\/es\/games\/jewel-match-aquascapes-2-collectors-edition\/","og_site_name":"IPlay","article_modified_time":"2025-03-20T17:49:47+00:00","og_image":[{"width":400,"height":400,"url":"https:\/\/www.iplay.com\/wp-content\/uploads\/2024\/03\/400x400-jewel_match_aquascapes_2_ce_large_square_tile_image.webp","type":"image\/webp"}],"twitter_card":"summary_large_image","twitter_misc":{"Est. reading time":"1 minuto"},"schema":{"@context":"https:\/\/schema.org","@graph":[{"@type":"WebPage","@id":"https:\/\/www.iplay.com\/es\/games\/jewel-match-aquascapes-2-collectors-edition\/","url":"https:\/\/www.iplay.com\/es\/games\/jewel-match-aquascapes-2-collectors-edition\/","name":"Jewel Match Aquascapes 2 Edici\u00f3n Coleccionista - Sum\u00e9rgete en un cautivador inframundo donde lo ordinario se desvanece","isPartOf":{"@id":"https:\/\/www.iplay.com\/en\/#website"},"primaryImageOfPage":{"@id":"https:\/\/www.iplay.com\/es\/games\/jewel-match-aquascapes-2-collectors-edition\/#primaryimage"},"image":{"@id":"https:\/\/www.iplay.com\/es\/games\/jewel-match-aquascapes-2-collectors-edition\/#primaryimage"},"thumbnailUrl":"https:\/\/www.iplay.com\/wp-content\/uploads\/2024\/03\/400x400-jewel_match_aquascapes_2_ce_large_square_tile_image.webp","datePublished":"2024-03-01T02:00:52+00:00","dateModified":"2025-03-20T17:49:47+00:00","description":"Sum\u00e9rgete en un cautivador inframundo donde lo ordinario se desvanece con Jewel Match Aquascapes 2 Edici\u00f3n Coleccionista","breadcrumb":{"@id":"https:\/\/www.iplay.com\/es\/games\/jewel-match-aquascapes-2-collectors-edition\/#breadcrumb"},"inLanguage":"es","potentialAction":[{"@type":"ReadAction","target":["https:\/\/www.iplay.com\/es\/games\/jewel-match-aquascapes-2-collectors-edition\/"]}]},{"@type":"ImageObject","inLanguage":"es","@id":"https:\/\/www.iplay.com\/es\/games\/jewel-match-aquascapes-2-collectors-edition\/#primaryimage","url":"https:\/\/www.iplay.com\/wp-content\/uploads\/2024\/03\/400x400-jewel_match_aquascapes_2_ce_large_square_tile_image.webp","contentUrl":"https:\/\/www.iplay.com\/wp-content\/uploads\/2024\/03\/400x400-jewel_match_aquascapes_2_ce_large_square_tile_image.webp","width":400,"height":400},{"@type":"BreadcrumbList","@id":"https:\/\/www.iplay.com\/es\/games\/jewel-match-aquascapes-2-collectors-edition\/#breadcrumb","itemListElement":[{"@type":"ListItem","position":1,"name":"Home","item":"https:\/\/www.iplay.com\/es\/home-page-2\/"},{"@type":"ListItem","position":2,"name":"Shop","item":"https:\/\/www.iplay.com\/en\/shop\/"},{"@type":"ListItem","position":3,"name":"Jewel Match Aquascapes 2 Collector&#8217;s Edition"}]},{"@type":"WebSite","@id":"https:\/\/www.iplay.com\/en\/#website","url":"https:\/\/www.iplay.com\/en\/","name":"IPlay","description":"The Best Casual Games!","publisher":{"@id":"https:\/\/www.iplay.com\/en\/#organization"},"potentialAction":[{"@type":"SearchAction","target":{"@type":"EntryPoint","urlTemplate":"https:\/\/www.iplay.com\/en\/?s={search_term_string}"},"query-input":{"@type":"PropertyValueSpecification","valueRequired":true,"valueName":"search_term_string"}}],"inLanguage":"es"},{"@type":"Organization","@id":"https:\/\/www.iplay.com\/en\/#organization","name":"IPlay","url":"https:\/\/www.iplay.com\/en\/","logo":{"@type":"ImageObject","inLanguage":"es","@id":"https:\/\/www.iplay.com\/en\/#\/schema\/logo\/image\/","url":"https:\/\/www.iplay.com\/wp-content\/uploads\/2023\/11\/Group-6100.svg","contentUrl":"https:\/\/www.iplay.com\/wp-content\/uploads\/2023\/11\/Group-6100.svg","width":98,"height":25,"caption":"IPlay"},"image":{"@id":"https:\/\/www.iplay.com\/en\/#\/schema\/logo\/image\/"}}]}},"_links":{"self":[{"href":"https:\/\/www.iplay.com\/es\/wp-json\/wp\/v2\/product\/126666","targetHints":{"allow":["GET"]}}],"collection":[{"href":"https:\/\/www.iplay.com\/es\/wp-json\/wp\/v2\/product"}],"about":[{"href":"https:\/\/www.iplay.com\/es\/wp-json\/wp\/v2\/types\/product"}],"author":[{"embeddable":true,"href":"https:\/\/www.iplay.com\/es\/wp-json\/wp\/v2\/users\/20"}],"replies":[{"embeddable":true,"href":"https:\/\/www.iplay.com\/es\/wp-json\/wp\/v2\/comments?post=126666"}],"wp:featuredmedia":[{"embeddable":true,"href":"https:\/\/www.iplay.com\/es\/wp-json\/wp\/v2\/media\/124567"}],"wp:attachment":[{"href":"https:\/\/www.iplay.com\/es\/wp-json\/wp\/v2\/media?parent=126666"}],"wp:term":[{"taxonomy":"product_brand","embeddable":true,"href":"https:\/\/www.iplay.com\/es\/wp-json\/wp\/v2\/product_brand?post=126666"},{"taxonomy":"product_cat","embeddable":true,"href":"https:\/\/www.iplay.com\/es\/wp-json\/wp\/v2\/product_cat?post=126666"},{"taxonomy":"product_tag","embeddable":true,"href":"https:\/\/www.iplay.com\/es\/wp-json\/wp\/v2\/product_tag?post=126666"}],"curies":[{"name":"wp","href":"https:\/\/api.w.org\/{rel}","templated":true}]}}