{"id":126590,"date":"2022-05-18T00:00:00","date_gmt":"2022-05-18T00:00:00","guid":{"rendered":"https:\/\/www.iplay.com\/games\/brave-deeds-of-rescue-team-collectors-edition\/"},"modified":"2025-05-27T19:14:02","modified_gmt":"2025-05-27T19:14:02","slug":"brave-deeds-of-rescue-team-collectors-edition","status":"publish","type":"product","link":"https:\/\/www.iplay.com\/es\/games\/brave-deeds-of-rescue-team-collectors-edition\/","title":{"rendered":"Brave Deeds Of Rescue Team Collector&#8217;s Edition"},"content":{"rendered":"<p><a href=\"https:\/\/www.iplay.com\/es\/product-tag\/rescue-team-series-es\/\">Descubre m\u00e1s juegos de la serie Rescue Team aqu\u00ed<\/a><\/p>\n<p>\u00a1Protege a tu poblaci\u00f3n humana de desastres inminentes! Vuestras aldeas est\u00e1n devastadas por malos ladrones y calamidades naturales, pero ten\u00e9is que hacer todo lo que est\u00e9 a vuestro alcance para salvar a la gente. Forma y re\u00fane un equipo de rescate altamente calificado para manejar los peores escenarios. Para sobrevivir, no solo tendr\u00e1s que contratar a los mejores expertos que el pa\u00eds tiene para ofrecer, sino que tambi\u00e9n tendr\u00e1s que hacer un uso prudente del poco dinero que tienes para construir el equipo que necesitar\u00e1s para buscar sobrevivientes entre los escombros y restaurar el da\u00f1o. A medida que construyas tu ciudad, realiza las mejoras necesarias para garantizar la salud y la seguridad de tu poblaci\u00f3n. \u00a1Tu escuadr\u00f3n de rescate est\u00e1 preparado para llevar a cabo cualquier orden que les des si crees que posees las cualidades de un verdadero h\u00e9roe!     <\/p>\n<p>&nbsp;<\/p>\n<p>&nbsp;<\/p>\n<p><strong>Funciones:<\/strong><\/p>\n<p>&nbsp;<\/p>\n<p>&#8211; 25 niveles<br \/>\n coloridos escalables- 3 modos de dificultad: experto, relajado y novato<br \/>\n&#8211; Niveles<br \/>\n coloridos escalables- Tutorial<br \/>\n paso a paso- Mapa con misiones<br \/>\n&#8211; Parque<br \/>\n de transporte de rescate- Entrena a varios especialistas para ayudar al equipo<br \/>\n de rescate- Usa el laboratorio y el departamento de ingenier\u00eda para desarrollar medicamentos y herramientas<\/p>\n<p>&nbsp;<\/p>\n<p>&nbsp;<\/p>\n<p><strong>Caracter\u00edsticas de la Edici\u00f3n de Coleccionista:<\/strong><\/p>\n<p>&nbsp;<\/p>\n<p>&#8211; Cap\u00edtulo de bonificaci\u00f3n con 5 niveles<br \/>\n&#8211; Un mont\u00f3n de mejoras y logros para desbloquear<br \/>\n&#8211; Gu\u00eda<br \/>\n de niveles paso a paso- Secci\u00f3n de noticias: 9 p\u00e1ginas<\/p>\n","protected":false},"excerpt":{"rendered":"<p>Protege a la poblaci\u00f3n de desastres inminentes en Brave Deeds Of Rescue Team CE<\/p>\n","protected":false},"author":8,"featured_media":77115,"comment_status":"open","ping_status":"closed","template":"","meta":{"_acf_changed":false,"inline_featured_image":false},"product_brand":[],"product_cat":[212],"product_tag":[288,291],"class_list":{"0":"post-126590","1":"product","2":"type-product","3":"status-publish","4":"has-post-thumbnail","6":"product_cat-time-management-es","7":"product_tag-play-on-pc-es","8":"product_tag-rescue-team-series-es","10":"first","11":"instock","12":"shipping-taxable","13":"purchasable","14":"product-type-simple"},"acf":[],"yoast_head":"<!-- This site is optimized with the Yoast SEO Premium plugin v25.2 (Yoast SEO v25.2) - https:\/\/yoast.com\/wordpress\/plugins\/seo\/ -->\n<title>Brave Deeds Of Rescue Team Collector&#039;s Edition - Participa en Brave Deeds con la Edici\u00f3n Coleccionista de Rescue Team<\/title>\n<meta name=\"description\" content=\"Protege a la poblaci\u00f3n de desastres inminentes en Brave Deeds Of Rescue Team CE\" \/>\n<meta name=\"robots\" content=\"index, follow, max-snippet:-1, max-image-preview:large, max-video-preview:-1\" \/>\n<link rel=\"canonical\" href=\"https:\/\/www.iplay.com\/es\/games\/brave-deeds-of-rescue-team-collectors-edition\/\" \/>\n<meta property=\"og:locale\" content=\"es_ES\" \/>\n<meta property=\"og:type\" content=\"article\" \/>\n<meta property=\"og:title\" content=\"Brave Deeds Of Rescue Team Collector&#039;s Edition\" \/>\n<meta property=\"og:description\" content=\"Protege a la poblaci\u00f3n de desastres inminentes en Brave Deeds Of Rescue Team CE\" \/>\n<meta property=\"og:url\" content=\"https:\/\/www.iplay.com\/es\/games\/brave-deeds-of-rescue-team-collectors-edition\/\" \/>\n<meta property=\"og:site_name\" content=\"IPlay\" \/>\n<meta property=\"article:modified_time\" content=\"2025-05-27T19:14:02+00:00\" \/>\n<meta property=\"og:image\" content=\"https:\/\/www.iplay.com\/wp-content\/uploads\/2023\/12\/large_square_tile_image-2317.jpg\" \/>\n\t<meta property=\"og:image:width\" content=\"310\" \/>\n\t<meta property=\"og:image:height\" content=\"310\" \/>\n\t<meta property=\"og:image:type\" content=\"image\/jpeg\" \/>\n<meta name=\"twitter:card\" content=\"summary_large_image\" \/>\n<meta name=\"twitter:label1\" content=\"Est. reading time\" \/>\n\t<meta name=\"twitter:data1\" content=\"1 minuto\" \/>\n<script type=\"application\/ld+json\" class=\"yoast-schema-graph\">{\"@context\":\"https:\/\/schema.org\",\"@graph\":[{\"@type\":\"WebPage\",\"@id\":\"https:\/\/www.iplay.com\/es\/games\/brave-deeds-of-rescue-team-collectors-edition\/\",\"url\":\"https:\/\/www.iplay.com\/es\/games\/brave-deeds-of-rescue-team-collectors-edition\/\",\"name\":\"Brave Deeds Of Rescue Team Collector's Edition - Participa en Brave Deeds con la Edici\u00f3n Coleccionista de Rescue Team\",\"isPartOf\":{\"@id\":\"https:\/\/www.iplay.com\/en\/#website\"},\"primaryImageOfPage\":{\"@id\":\"https:\/\/www.iplay.com\/es\/games\/brave-deeds-of-rescue-team-collectors-edition\/#primaryimage\"},\"image\":{\"@id\":\"https:\/\/www.iplay.com\/es\/games\/brave-deeds-of-rescue-team-collectors-edition\/#primaryimage\"},\"thumbnailUrl\":\"https:\/\/www.iplay.com\/wp-content\/uploads\/2023\/12\/large_square_tile_image-2317.jpg\",\"datePublished\":\"2022-05-18T00:00:00+00:00\",\"dateModified\":\"2025-05-27T19:14:02+00:00\",\"description\":\"Protege a la poblaci\u00f3n de desastres inminentes en Brave Deeds Of Rescue Team CE\",\"breadcrumb\":{\"@id\":\"https:\/\/www.iplay.com\/es\/games\/brave-deeds-of-rescue-team-collectors-edition\/#breadcrumb\"},\"inLanguage\":\"es\",\"potentialAction\":[{\"@type\":\"ReadAction\",\"target\":[\"https:\/\/www.iplay.com\/es\/games\/brave-deeds-of-rescue-team-collectors-edition\/\"]}]},{\"@type\":\"ImageObject\",\"inLanguage\":\"es\",\"@id\":\"https:\/\/www.iplay.com\/es\/games\/brave-deeds-of-rescue-team-collectors-edition\/#primaryimage\",\"url\":\"https:\/\/www.iplay.com\/wp-content\/uploads\/2023\/12\/large_square_tile_image-2317.jpg\",\"contentUrl\":\"https:\/\/www.iplay.com\/wp-content\/uploads\/2023\/12\/large_square_tile_image-2317.jpg\",\"width\":310,\"height\":310},{\"@type\":\"BreadcrumbList\",\"@id\":\"https:\/\/www.iplay.com\/es\/games\/brave-deeds-of-rescue-team-collectors-edition\/#breadcrumb\",\"itemListElement\":[{\"@type\":\"ListItem\",\"position\":1,\"name\":\"Home\",\"item\":\"https:\/\/www.iplay.com\/es\/home-page-2\/\"},{\"@type\":\"ListItem\",\"position\":2,\"name\":\"Shop\",\"item\":\"https:\/\/www.iplay.com\/en\/shop\/\"},{\"@type\":\"ListItem\",\"position\":3,\"name\":\"Brave Deeds Of Rescue Team Collector&#8217;s Edition\"}]},{\"@type\":\"WebSite\",\"@id\":\"https:\/\/www.iplay.com\/en\/#website\",\"url\":\"https:\/\/www.iplay.com\/en\/\",\"name\":\"IPlay\",\"description\":\"The Best Casual Games!\",\"publisher\":{\"@id\":\"https:\/\/www.iplay.com\/en\/#organization\"},\"potentialAction\":[{\"@type\":\"SearchAction\",\"target\":{\"@type\":\"EntryPoint\",\"urlTemplate\":\"https:\/\/www.iplay.com\/en\/?s={search_term_string}\"},\"query-input\":{\"@type\":\"PropertyValueSpecification\",\"valueRequired\":true,\"valueName\":\"search_term_string\"}}],\"inLanguage\":\"es\"},{\"@type\":\"Organization\",\"@id\":\"https:\/\/www.iplay.com\/en\/#organization\",\"name\":\"IPlay\",\"url\":\"https:\/\/www.iplay.com\/en\/\",\"logo\":{\"@type\":\"ImageObject\",\"inLanguage\":\"es\",\"@id\":\"https:\/\/www.iplay.com\/en\/#\/schema\/logo\/image\/\",\"url\":\"https:\/\/www.iplay.com\/wp-content\/uploads\/2023\/11\/Group-6100.svg\",\"contentUrl\":\"https:\/\/www.iplay.com\/wp-content\/uploads\/2023\/11\/Group-6100.svg\",\"width\":98,\"height\":25,\"caption\":\"IPlay\"},\"image\":{\"@id\":\"https:\/\/www.iplay.com\/en\/#\/schema\/logo\/image\/\"}}]}<\/script>\n<!-- \/ Yoast SEO Premium plugin. -->","yoast_head_json":{"title":"Brave Deeds Of Rescue Team Collector's Edition - Participa en Brave Deeds con la Edici\u00f3n Coleccionista de Rescue Team","description":"Protege a la poblaci\u00f3n de desastres inminentes en Brave Deeds Of Rescue Team CE","robots":{"index":"index","follow":"follow","max-snippet":"max-snippet:-1","max-image-preview":"max-image-preview:large","max-video-preview":"max-video-preview:-1"},"canonical":"https:\/\/www.iplay.com\/es\/games\/brave-deeds-of-rescue-team-collectors-edition\/","og_locale":"es_ES","og_type":"article","og_title":"Brave Deeds Of Rescue Team Collector's Edition","og_description":"Protege a la poblaci\u00f3n de desastres inminentes en Brave Deeds Of Rescue Team CE","og_url":"https:\/\/www.iplay.com\/es\/games\/brave-deeds-of-rescue-team-collectors-edition\/","og_site_name":"IPlay","article_modified_time":"2025-05-27T19:14:02+00:00","og_image":[{"width":310,"height":310,"url":"https:\/\/www.iplay.com\/wp-content\/uploads\/2023\/12\/large_square_tile_image-2317.jpg","type":"image\/jpeg"}],"twitter_card":"summary_large_image","twitter_misc":{"Est. reading time":"1 minuto"},"schema":{"@context":"https:\/\/schema.org","@graph":[{"@type":"WebPage","@id":"https:\/\/www.iplay.com\/es\/games\/brave-deeds-of-rescue-team-collectors-edition\/","url":"https:\/\/www.iplay.com\/es\/games\/brave-deeds-of-rescue-team-collectors-edition\/","name":"Brave Deeds Of Rescue Team Collector's Edition - Participa en Brave Deeds con la Edici\u00f3n Coleccionista de Rescue Team","isPartOf":{"@id":"https:\/\/www.iplay.com\/en\/#website"},"primaryImageOfPage":{"@id":"https:\/\/www.iplay.com\/es\/games\/brave-deeds-of-rescue-team-collectors-edition\/#primaryimage"},"image":{"@id":"https:\/\/www.iplay.com\/es\/games\/brave-deeds-of-rescue-team-collectors-edition\/#primaryimage"},"thumbnailUrl":"https:\/\/www.iplay.com\/wp-content\/uploads\/2023\/12\/large_square_tile_image-2317.jpg","datePublished":"2022-05-18T00:00:00+00:00","dateModified":"2025-05-27T19:14:02+00:00","description":"Protege a la poblaci\u00f3n de desastres inminentes en Brave Deeds Of Rescue Team CE","breadcrumb":{"@id":"https:\/\/www.iplay.com\/es\/games\/brave-deeds-of-rescue-team-collectors-edition\/#breadcrumb"},"inLanguage":"es","potentialAction":[{"@type":"ReadAction","target":["https:\/\/www.iplay.com\/es\/games\/brave-deeds-of-rescue-team-collectors-edition\/"]}]},{"@type":"ImageObject","inLanguage":"es","@id":"https:\/\/www.iplay.com\/es\/games\/brave-deeds-of-rescue-team-collectors-edition\/#primaryimage","url":"https:\/\/www.iplay.com\/wp-content\/uploads\/2023\/12\/large_square_tile_image-2317.jpg","contentUrl":"https:\/\/www.iplay.com\/wp-content\/uploads\/2023\/12\/large_square_tile_image-2317.jpg","width":310,"height":310},{"@type":"BreadcrumbList","@id":"https:\/\/www.iplay.com\/es\/games\/brave-deeds-of-rescue-team-collectors-edition\/#breadcrumb","itemListElement":[{"@type":"ListItem","position":1,"name":"Home","item":"https:\/\/www.iplay.com\/es\/home-page-2\/"},{"@type":"ListItem","position":2,"name":"Shop","item":"https:\/\/www.iplay.com\/en\/shop\/"},{"@type":"ListItem","position":3,"name":"Brave Deeds Of Rescue Team Collector&#8217;s Edition"}]},{"@type":"WebSite","@id":"https:\/\/www.iplay.com\/en\/#website","url":"https:\/\/www.iplay.com\/en\/","name":"IPlay","description":"The Best Casual Games!","publisher":{"@id":"https:\/\/www.iplay.com\/en\/#organization"},"potentialAction":[{"@type":"SearchAction","target":{"@type":"EntryPoint","urlTemplate":"https:\/\/www.iplay.com\/en\/?s={search_term_string}"},"query-input":{"@type":"PropertyValueSpecification","valueRequired":true,"valueName":"search_term_string"}}],"inLanguage":"es"},{"@type":"Organization","@id":"https:\/\/www.iplay.com\/en\/#organization","name":"IPlay","url":"https:\/\/www.iplay.com\/en\/","logo":{"@type":"ImageObject","inLanguage":"es","@id":"https:\/\/www.iplay.com\/en\/#\/schema\/logo\/image\/","url":"https:\/\/www.iplay.com\/wp-content\/uploads\/2023\/11\/Group-6100.svg","contentUrl":"https:\/\/www.iplay.com\/wp-content\/uploads\/2023\/11\/Group-6100.svg","width":98,"height":25,"caption":"IPlay"},"image":{"@id":"https:\/\/www.iplay.com\/en\/#\/schema\/logo\/image\/"}}]}},"_links":{"self":[{"href":"https:\/\/www.iplay.com\/es\/wp-json\/wp\/v2\/product\/126590","targetHints":{"allow":["GET"]}}],"collection":[{"href":"https:\/\/www.iplay.com\/es\/wp-json\/wp\/v2\/product"}],"about":[{"href":"https:\/\/www.iplay.com\/es\/wp-json\/wp\/v2\/types\/product"}],"author":[{"embeddable":true,"href":"https:\/\/www.iplay.com\/es\/wp-json\/wp\/v2\/users\/8"}],"replies":[{"embeddable":true,"href":"https:\/\/www.iplay.com\/es\/wp-json\/wp\/v2\/comments?post=126590"}],"wp:featuredmedia":[{"embeddable":true,"href":"https:\/\/www.iplay.com\/es\/wp-json\/wp\/v2\/media\/77115"}],"wp:attachment":[{"href":"https:\/\/www.iplay.com\/es\/wp-json\/wp\/v2\/media?parent=126590"}],"wp:term":[{"taxonomy":"product_brand","embeddable":true,"href":"https:\/\/www.iplay.com\/es\/wp-json\/wp\/v2\/product_brand?post=126590"},{"taxonomy":"product_cat","embeddable":true,"href":"https:\/\/www.iplay.com\/es\/wp-json\/wp\/v2\/product_cat?post=126590"},{"taxonomy":"product_tag","embeddable":true,"href":"https:\/\/www.iplay.com\/es\/wp-json\/wp\/v2\/product_tag?post=126590"}],"curies":[{"name":"wp","href":"https:\/\/api.w.org\/{rel}","templated":true}]}}