{"id":126560,"date":"2013-11-11T00:00:00","date_gmt":"2013-11-11T00:00:00","guid":{"rendered":"https:\/\/www.iplay.com\/games\/chicken-invaders-ultimate-omelette-thanksgiving-edition\/"},"modified":"2013-11-11T00:00:00","modified_gmt":"2013-11-11T00:00:00","slug":"chicken-invaders-ultimate-omelette-thanksgiving-edition","status":"publish","type":"product","link":"https:\/\/www.iplay.com\/es\/games\/chicken-invaders-ultimate-omelette-thanksgiving-edition\/","title":{"rendered":"Chicken Invaders: Ultimate Omelette &#8211; Thanksgiving Edition"},"content":{"rendered":"<p>Hace tres a\u00f1os, los pavos se levantaron. Ese fue tambi\u00e9n el a\u00f1o en que los humanos disfrutaron por \u00faltima vez de la comida de Acci\u00f3n de Gracias, lo cual no es casualidad. Era ayuda externa. Los D\u00edas de Acci\u00f3n de Gracias de otros planetas se apresuraron a apoyar a sus amigos en la Tierra. Ten\u00edan tecnolog\u00eda de punta y eran bien organizados e inteligentes. Y no tuvieron piedad. Ahora es el momento de que defiendas nuestro privilegio ancestral de asar pavos. \u00bfLas comidas del D\u00eda de Acci\u00f3n de Gracias volver\u00e1n a ser compartidas por humanos? El texto dice: Deber\u00edamos haberlo anticipado. Era el resultado inevitable de nuestro continuo maltrato a los pavos. A\u00f1os de picar, cortar en cubitos, tallar y rebanar por el bien del sabor. De hecho, engullir. \u00bfDerrotar\u00e1s a los p\u00e1jaros repulsivos? \u00bfLas comidas del D\u00eda de Acci\u00f3n de Gracias volver\u00e1n a ser compartidas por humanos? \u00bfO terminar\u00e1s en el men\u00fa de un restaurante en alg\u00fan lugar del espacio que sirve pavo?              <\/p>\n<p>&nbsp;<\/p>\n<p>&nbsp;<\/p>\n<p><strong>Funciones:<\/strong><\/p>\n<p>&nbsp;<\/p>\n<p>&#8211; Viaja a doce sistemas estelares fuera de nuestra galaxia<\/p>\n<p>&#8211; Expulsa a 120 oleadas de invasores de pavos.<\/p>\n<p>&#8211; Aprende sobre nueve armas fant\u00e1sticas que se pueden actualizar a once niveles cada una, \u00a1con una 12\u00aa secreta!<\/p>\n<p>&#8211; Obt\u00e9n 15 medallas y 30 bonificaciones exclusivas mientras avanzas hacia la gloria.<\/p>\n<p>&#8211; Obt\u00e9n acceso a veinte misterios que se pueden desbloquear.<\/p>\n<p>&#8211; Impresionantes efectos visuales y una banda sonora orquestal en directo<\/p>\n","protected":false},"excerpt":{"rendered":"<p>Hace tres a\u00f1os, los pavos se levantaron. \u00bfVolver\u00e1 a ser observado el D\u00eda de Acci\u00f3n de Gracias por los humanos? <\/p>\n","protected":false},"author":76,"featured_media":63032,"comment_status":"open","ping_status":"closed","template":"","meta":{"_acf_changed":false,"inline_featured_image":false},"product_brand":[],"product_cat":[152],"product_tag":[288],"class_list":{"0":"post-126560","1":"product","2":"type-product","3":"status-publish","4":"has-post-thumbnail","6":"product_cat-arcade-es","7":"product_tag-play-on-pc-es","9":"first","10":"instock","11":"shipping-taxable","12":"purchasable","13":"product-type-simple"},"acf":[],"yoast_head":"<!-- This site is optimized with the Yoast SEO Premium plugin v25.2 (Yoast SEO v25.2) - https:\/\/yoast.com\/wordpress\/plugins\/seo\/ -->\n<title>Chicken Invaders: Ultimate Omelette - Edici\u00f3n de Acci\u00f3n de Gracias - Tres a\u00f1os desde la revuelta del pavo, \u00bfvolver\u00e1 el D\u00eda de Acci\u00f3n de Gracias?<\/title>\n<meta name=\"description\" content=\"Hace tres a\u00f1os, los pavos se levantaron. \u00bfVolver\u00e1 a ser observado el D\u00eda de Acci\u00f3n de Gracias por los humanos?\" \/>\n<meta name=\"robots\" content=\"index, follow, max-snippet:-1, max-image-preview:large, max-video-preview:-1\" \/>\n<link rel=\"canonical\" href=\"https:\/\/www.iplay.com\/es\/games\/chicken-invaders-ultimate-omelette-thanksgiving-edition\/\" \/>\n<meta property=\"og:locale\" content=\"es_ES\" \/>\n<meta property=\"og:type\" content=\"article\" \/>\n<meta property=\"og:title\" content=\"Chicken Invaders: Ultimate Omelette - Thanksgiving Edition\" \/>\n<meta property=\"og:description\" content=\"Hace tres a\u00f1os, los pavos se levantaron. \u00bfVolver\u00e1 a ser observado el D\u00eda de Acci\u00f3n de Gracias por los humanos?\" \/>\n<meta property=\"og:url\" content=\"https:\/\/www.iplay.com\/es\/games\/chicken-invaders-ultimate-omelette-thanksgiving-edition\/\" \/>\n<meta property=\"og:site_name\" content=\"IPlay\" \/>\n<meta property=\"og:image\" content=\"https:\/\/www.iplay.com\/wp-content\/uploads\/2023\/12\/large_square_tile_image-1424.jpg\" \/>\n\t<meta property=\"og:image:width\" content=\"310\" \/>\n\t<meta property=\"og:image:height\" content=\"310\" \/>\n\t<meta property=\"og:image:type\" content=\"image\/jpeg\" \/>\n<meta name=\"twitter:card\" content=\"summary_large_image\" \/>\n<meta name=\"twitter:label1\" content=\"Est. reading time\" \/>\n\t<meta name=\"twitter:data1\" content=\"1 minuto\" \/>\n<script type=\"application\/ld+json\" class=\"yoast-schema-graph\">{\"@context\":\"https:\/\/schema.org\",\"@graph\":[{\"@type\":\"WebPage\",\"@id\":\"https:\/\/www.iplay.com\/es\/games\/chicken-invaders-ultimate-omelette-thanksgiving-edition\/\",\"url\":\"https:\/\/www.iplay.com\/es\/games\/chicken-invaders-ultimate-omelette-thanksgiving-edition\/\",\"name\":\"Chicken Invaders: Ultimate Omelette - Edici\u00f3n de Acci\u00f3n de Gracias - Tres a\u00f1os desde la revuelta del pavo, \u00bfvolver\u00e1 el D\u00eda de Acci\u00f3n de Gracias?\",\"isPartOf\":{\"@id\":\"https:\/\/www.iplay.com\/en\/#website\"},\"primaryImageOfPage\":{\"@id\":\"https:\/\/www.iplay.com\/es\/games\/chicken-invaders-ultimate-omelette-thanksgiving-edition\/#primaryimage\"},\"image\":{\"@id\":\"https:\/\/www.iplay.com\/es\/games\/chicken-invaders-ultimate-omelette-thanksgiving-edition\/#primaryimage\"},\"thumbnailUrl\":\"https:\/\/www.iplay.com\/wp-content\/uploads\/2023\/12\/large_square_tile_image-1424.jpg\",\"datePublished\":\"2013-11-11T00:00:00+00:00\",\"description\":\"Hace tres a\u00f1os, los pavos se levantaron. \u00bfVolver\u00e1 a ser observado el D\u00eda de Acci\u00f3n de Gracias por los humanos?\",\"breadcrumb\":{\"@id\":\"https:\/\/www.iplay.com\/es\/games\/chicken-invaders-ultimate-omelette-thanksgiving-edition\/#breadcrumb\"},\"inLanguage\":\"es\",\"potentialAction\":[{\"@type\":\"ReadAction\",\"target\":[\"https:\/\/www.iplay.com\/es\/games\/chicken-invaders-ultimate-omelette-thanksgiving-edition\/\"]}]},{\"@type\":\"ImageObject\",\"inLanguage\":\"es\",\"@id\":\"https:\/\/www.iplay.com\/es\/games\/chicken-invaders-ultimate-omelette-thanksgiving-edition\/#primaryimage\",\"url\":\"https:\/\/www.iplay.com\/wp-content\/uploads\/2023\/12\/large_square_tile_image-1424.jpg\",\"contentUrl\":\"https:\/\/www.iplay.com\/wp-content\/uploads\/2023\/12\/large_square_tile_image-1424.jpg\",\"width\":310,\"height\":310},{\"@type\":\"BreadcrumbList\",\"@id\":\"https:\/\/www.iplay.com\/es\/games\/chicken-invaders-ultimate-omelette-thanksgiving-edition\/#breadcrumb\",\"itemListElement\":[{\"@type\":\"ListItem\",\"position\":1,\"name\":\"Home\",\"item\":\"https:\/\/www.iplay.com\/es\/home-page-2\/\"},{\"@type\":\"ListItem\",\"position\":2,\"name\":\"Shop\",\"item\":\"https:\/\/www.iplay.com\/en\/shop\/\"},{\"@type\":\"ListItem\",\"position\":3,\"name\":\"Chicken Invaders: Ultimate Omelette &#8211; Thanksgiving Edition\"}]},{\"@type\":\"WebSite\",\"@id\":\"https:\/\/www.iplay.com\/en\/#website\",\"url\":\"https:\/\/www.iplay.com\/en\/\",\"name\":\"IPlay\",\"description\":\"The Best Casual Games!\",\"publisher\":{\"@id\":\"https:\/\/www.iplay.com\/en\/#organization\"},\"potentialAction\":[{\"@type\":\"SearchAction\",\"target\":{\"@type\":\"EntryPoint\",\"urlTemplate\":\"https:\/\/www.iplay.com\/en\/?s={search_term_string}\"},\"query-input\":{\"@type\":\"PropertyValueSpecification\",\"valueRequired\":true,\"valueName\":\"search_term_string\"}}],\"inLanguage\":\"es\"},{\"@type\":\"Organization\",\"@id\":\"https:\/\/www.iplay.com\/en\/#organization\",\"name\":\"IPlay\",\"url\":\"https:\/\/www.iplay.com\/en\/\",\"logo\":{\"@type\":\"ImageObject\",\"inLanguage\":\"es\",\"@id\":\"https:\/\/www.iplay.com\/en\/#\/schema\/logo\/image\/\",\"url\":\"https:\/\/www.iplay.com\/wp-content\/uploads\/2023\/11\/Group-6100.svg\",\"contentUrl\":\"https:\/\/www.iplay.com\/wp-content\/uploads\/2023\/11\/Group-6100.svg\",\"width\":98,\"height\":25,\"caption\":\"IPlay\"},\"image\":{\"@id\":\"https:\/\/www.iplay.com\/en\/#\/schema\/logo\/image\/\"}}]}<\/script>\n<!-- \/ Yoast SEO Premium plugin. -->","yoast_head_json":{"title":"Chicken Invaders: Ultimate Omelette - Edici\u00f3n de Acci\u00f3n de Gracias - Tres a\u00f1os desde la revuelta del pavo, \u00bfvolver\u00e1 el D\u00eda de Acci\u00f3n de Gracias?","description":"Hace tres a\u00f1os, los pavos se levantaron. \u00bfVolver\u00e1 a ser observado el D\u00eda de Acci\u00f3n de Gracias por los humanos?","robots":{"index":"index","follow":"follow","max-snippet":"max-snippet:-1","max-image-preview":"max-image-preview:large","max-video-preview":"max-video-preview:-1"},"canonical":"https:\/\/www.iplay.com\/es\/games\/chicken-invaders-ultimate-omelette-thanksgiving-edition\/","og_locale":"es_ES","og_type":"article","og_title":"Chicken Invaders: Ultimate Omelette - Thanksgiving Edition","og_description":"Hace tres a\u00f1os, los pavos se levantaron. \u00bfVolver\u00e1 a ser observado el D\u00eda de Acci\u00f3n de Gracias por los humanos?","og_url":"https:\/\/www.iplay.com\/es\/games\/chicken-invaders-ultimate-omelette-thanksgiving-edition\/","og_site_name":"IPlay","og_image":[{"width":310,"height":310,"url":"https:\/\/www.iplay.com\/wp-content\/uploads\/2023\/12\/large_square_tile_image-1424.jpg","type":"image\/jpeg"}],"twitter_card":"summary_large_image","twitter_misc":{"Est. reading time":"1 minuto"},"schema":{"@context":"https:\/\/schema.org","@graph":[{"@type":"WebPage","@id":"https:\/\/www.iplay.com\/es\/games\/chicken-invaders-ultimate-omelette-thanksgiving-edition\/","url":"https:\/\/www.iplay.com\/es\/games\/chicken-invaders-ultimate-omelette-thanksgiving-edition\/","name":"Chicken Invaders: Ultimate Omelette - Edici\u00f3n de Acci\u00f3n de Gracias - Tres a\u00f1os desde la revuelta del pavo, \u00bfvolver\u00e1 el D\u00eda de Acci\u00f3n de Gracias?","isPartOf":{"@id":"https:\/\/www.iplay.com\/en\/#website"},"primaryImageOfPage":{"@id":"https:\/\/www.iplay.com\/es\/games\/chicken-invaders-ultimate-omelette-thanksgiving-edition\/#primaryimage"},"image":{"@id":"https:\/\/www.iplay.com\/es\/games\/chicken-invaders-ultimate-omelette-thanksgiving-edition\/#primaryimage"},"thumbnailUrl":"https:\/\/www.iplay.com\/wp-content\/uploads\/2023\/12\/large_square_tile_image-1424.jpg","datePublished":"2013-11-11T00:00:00+00:00","description":"Hace tres a\u00f1os, los pavos se levantaron. \u00bfVolver\u00e1 a ser observado el D\u00eda de Acci\u00f3n de Gracias por los humanos?","breadcrumb":{"@id":"https:\/\/www.iplay.com\/es\/games\/chicken-invaders-ultimate-omelette-thanksgiving-edition\/#breadcrumb"},"inLanguage":"es","potentialAction":[{"@type":"ReadAction","target":["https:\/\/www.iplay.com\/es\/games\/chicken-invaders-ultimate-omelette-thanksgiving-edition\/"]}]},{"@type":"ImageObject","inLanguage":"es","@id":"https:\/\/www.iplay.com\/es\/games\/chicken-invaders-ultimate-omelette-thanksgiving-edition\/#primaryimage","url":"https:\/\/www.iplay.com\/wp-content\/uploads\/2023\/12\/large_square_tile_image-1424.jpg","contentUrl":"https:\/\/www.iplay.com\/wp-content\/uploads\/2023\/12\/large_square_tile_image-1424.jpg","width":310,"height":310},{"@type":"BreadcrumbList","@id":"https:\/\/www.iplay.com\/es\/games\/chicken-invaders-ultimate-omelette-thanksgiving-edition\/#breadcrumb","itemListElement":[{"@type":"ListItem","position":1,"name":"Home","item":"https:\/\/www.iplay.com\/es\/home-page-2\/"},{"@type":"ListItem","position":2,"name":"Shop","item":"https:\/\/www.iplay.com\/en\/shop\/"},{"@type":"ListItem","position":3,"name":"Chicken Invaders: Ultimate Omelette &#8211; Thanksgiving Edition"}]},{"@type":"WebSite","@id":"https:\/\/www.iplay.com\/en\/#website","url":"https:\/\/www.iplay.com\/en\/","name":"IPlay","description":"The Best Casual Games!","publisher":{"@id":"https:\/\/www.iplay.com\/en\/#organization"},"potentialAction":[{"@type":"SearchAction","target":{"@type":"EntryPoint","urlTemplate":"https:\/\/www.iplay.com\/en\/?s={search_term_string}"},"query-input":{"@type":"PropertyValueSpecification","valueRequired":true,"valueName":"search_term_string"}}],"inLanguage":"es"},{"@type":"Organization","@id":"https:\/\/www.iplay.com\/en\/#organization","name":"IPlay","url":"https:\/\/www.iplay.com\/en\/","logo":{"@type":"ImageObject","inLanguage":"es","@id":"https:\/\/www.iplay.com\/en\/#\/schema\/logo\/image\/","url":"https:\/\/www.iplay.com\/wp-content\/uploads\/2023\/11\/Group-6100.svg","contentUrl":"https:\/\/www.iplay.com\/wp-content\/uploads\/2023\/11\/Group-6100.svg","width":98,"height":25,"caption":"IPlay"},"image":{"@id":"https:\/\/www.iplay.com\/en\/#\/schema\/logo\/image\/"}}]}},"_links":{"self":[{"href":"https:\/\/www.iplay.com\/es\/wp-json\/wp\/v2\/product\/126560","targetHints":{"allow":["GET"]}}],"collection":[{"href":"https:\/\/www.iplay.com\/es\/wp-json\/wp\/v2\/product"}],"about":[{"href":"https:\/\/www.iplay.com\/es\/wp-json\/wp\/v2\/types\/product"}],"author":[{"embeddable":true,"href":"https:\/\/www.iplay.com\/es\/wp-json\/wp\/v2\/users\/76"}],"replies":[{"embeddable":true,"href":"https:\/\/www.iplay.com\/es\/wp-json\/wp\/v2\/comments?post=126560"}],"wp:featuredmedia":[{"embeddable":true,"href":"https:\/\/www.iplay.com\/es\/wp-json\/wp\/v2\/media\/63032"}],"wp:attachment":[{"href":"https:\/\/www.iplay.com\/es\/wp-json\/wp\/v2\/media?parent=126560"}],"wp:term":[{"taxonomy":"product_brand","embeddable":true,"href":"https:\/\/www.iplay.com\/es\/wp-json\/wp\/v2\/product_brand?post=126560"},{"taxonomy":"product_cat","embeddable":true,"href":"https:\/\/www.iplay.com\/es\/wp-json\/wp\/v2\/product_cat?post=126560"},{"taxonomy":"product_tag","embeddable":true,"href":"https:\/\/www.iplay.com\/es\/wp-json\/wp\/v2\/product_tag?post=126560"}],"curies":[{"name":"wp","href":"https:\/\/api.w.org\/{rel}","templated":true}]}}