{"id":126525,"date":"2011-10-20T00:00:00","date_gmt":"2011-10-20T00:00:00","guid":{"rendered":"https:\/\/www.iplay.com\/games\/jewel-quest-the-sapphire-dragon\/"},"modified":"2011-10-20T00:00:00","modified_gmt":"2011-10-20T00:00:00","slug":"jewel-quest-the-sapphire-dragon","status":"publish","type":"product","link":"https:\/\/www.iplay.com\/es\/games\/jewel-quest-the-sapphire-dragon\/","title":{"rendered":"Jewel Quest: The Sapphire Dragon"},"content":{"rendered":"<p>El viaje en Jewel Quest 6: The Sapphire Dragon comienza cuando Raj choca su Cessna durante una tormenta de nieve en el Himalaya y aterriza en una monta\u00f1a congelada. El accidente de Raj lo ha llevado al descubrimiento inesperado del Templo de los Deseos, un antiguo complejo que anteriormente se cre\u00eda que era un mito. Raj forma un grupo para investigar el templo, pero cuando se encuentran con una banda de piratas viciosos, \u00a1sus intenciones se alteran abruptamente!  <\/p>\n<p>En busca de Jiang Hao y su tripulaci\u00f3n pirata, el equipo de arque\u00f3logos de \u00e9lite de Raj se embarca en una b\u00fasqueda global. En el camino, deben aplicar su experiencia para desenterrar los misterios que rodean al Drag\u00f3n Zafiro. El romance est\u00e1 en el aire cuando se desarrolla un tri\u00e1ngulo amoroso entre tres de los amigos a pesar de los constantes peligros para sus vidas.  <\/p>\n<p>A medida que te unas al equipo, descubre qu\u00e9 coraz\u00f3n se derretir\u00e1 y a qui\u00e9n se romper\u00e1. Jewel Quest 6 te llevar\u00e1 a trav\u00e9s de 200 nuevos tableros de joyas mientras descubres maravillas antiguas y aprendes el secreto detr\u00e1s del escurridizo Drag\u00f3n Zafiro. <\/p>\n<p>Juega 200 tableros de joyas llenos de acci\u00f3n y desaf\u00edate a ti mismo con tableros de bonificaci\u00f3n ocultos. Viaja desde Nepal hasta China y el Mediterr\u00e1neo para descubrir el secreto detr\u00e1s del legendario drag\u00f3n zafiro. <\/p>\n<p>\u00a1T\u00fa lo pediste! Puedes cambiar de joya continuamente mientras otras gemas se mueven gracias a la nueva funci\u00f3n de combinaci\u00f3n m\u00faltiple. <\/p>\n<p>Por demanda popular, selecciona tu nivel de dificultad preferido, que va desde F\u00e1cil hasta Complejo.<\/p>\n<p>Selecciona entre cinco atrevidos personajes para que te ayuden a resolver cada tablero de gemas. \u00a1Cada personaje tiene habilidades especiales que puedes usar mientras juegas! <\/p>\n<p>Enfr\u00e9ntate a nuevos desaf\u00edos en ocho modos de gemas nunca antes vistos.<\/p>\n<p>\u00bfSer\u00e1s capaz de encontrar nuevas variedades de joyas o resolver el tablero antes de que se inunde?<\/p>\n","protected":false},"excerpt":{"rendered":"<p>\u00a1Descubre el misterio que rodea al raro Drag\u00f3n Zafiro!<\/p>\n","protected":false},"author":4,"featured_media":57352,"comment_status":"open","ping_status":"closed","template":"","meta":{"_acf_changed":false,"inline_featured_image":false},"product_brand":[],"product_cat":[178],"product_tag":[288],"class_list":{"0":"post-126525","1":"product","2":"type-product","3":"status-publish","4":"has-post-thumbnail","6":"product_cat-match-3-es","7":"product_tag-play-on-pc-es","9":"first","10":"instock","11":"shipping-taxable","12":"purchasable","13":"product-type-simple"},"acf":[],"yoast_head":"<!-- This site is optimized with the Yoast SEO Premium plugin v25.2 (Yoast SEO v25.2) - https:\/\/yoast.com\/wordpress\/plugins\/seo\/ -->\n<title>Jewel Quest: El Drag\u00f3n Zafiro - Descubre el secreto del escurridizo Drag\u00f3n Zafiro<\/title>\n<meta name=\"description\" content=\"\u00a1Descubre el misterio que rodea al raro Drag\u00f3n Zafiro!\" \/>\n<meta name=\"robots\" content=\"index, follow, max-snippet:-1, max-image-preview:large, max-video-preview:-1\" \/>\n<link rel=\"canonical\" href=\"https:\/\/www.iplay.com\/es\/games\/jewel-quest-the-sapphire-dragon\/\" \/>\n<meta property=\"og:locale\" content=\"es_ES\" \/>\n<meta property=\"og:type\" content=\"article\" \/>\n<meta property=\"og:title\" content=\"Jewel Quest: The Sapphire Dragon\" \/>\n<meta property=\"og:description\" content=\"\u00a1Descubre el misterio que rodea al raro Drag\u00f3n Zafiro!\" \/>\n<meta property=\"og:url\" content=\"https:\/\/www.iplay.com\/es\/games\/jewel-quest-the-sapphire-dragon\/\" \/>\n<meta property=\"og:site_name\" content=\"IPlay\" \/>\n<meta property=\"og:image\" content=\"https:\/\/www.iplay.com\/wp-content\/uploads\/2023\/12\/large_square_tile_image-1057.jpg\" \/>\n\t<meta property=\"og:image:width\" content=\"310\" \/>\n\t<meta property=\"og:image:height\" content=\"310\" \/>\n\t<meta property=\"og:image:type\" content=\"image\/jpeg\" \/>\n<meta name=\"twitter:card\" content=\"summary_large_image\" \/>\n<meta name=\"twitter:label1\" content=\"Est. reading time\" \/>\n\t<meta name=\"twitter:data1\" content=\"2 minutos\" \/>\n<script type=\"application\/ld+json\" class=\"yoast-schema-graph\">{\"@context\":\"https:\/\/schema.org\",\"@graph\":[{\"@type\":\"WebPage\",\"@id\":\"https:\/\/www.iplay.com\/es\/games\/jewel-quest-the-sapphire-dragon\/\",\"url\":\"https:\/\/www.iplay.com\/es\/games\/jewel-quest-the-sapphire-dragon\/\",\"name\":\"Jewel Quest: El Drag\u00f3n Zafiro - Descubre el secreto del escurridizo Drag\u00f3n Zafiro\",\"isPartOf\":{\"@id\":\"https:\/\/www.iplay.com\/en\/#website\"},\"primaryImageOfPage\":{\"@id\":\"https:\/\/www.iplay.com\/es\/games\/jewel-quest-the-sapphire-dragon\/#primaryimage\"},\"image\":{\"@id\":\"https:\/\/www.iplay.com\/es\/games\/jewel-quest-the-sapphire-dragon\/#primaryimage\"},\"thumbnailUrl\":\"https:\/\/www.iplay.com\/wp-content\/uploads\/2023\/12\/large_square_tile_image-1057.jpg\",\"datePublished\":\"2011-10-20T00:00:00+00:00\",\"description\":\"\u00a1Descubre el misterio que rodea al raro Drag\u00f3n Zafiro!\",\"breadcrumb\":{\"@id\":\"https:\/\/www.iplay.com\/es\/games\/jewel-quest-the-sapphire-dragon\/#breadcrumb\"},\"inLanguage\":\"es\",\"potentialAction\":[{\"@type\":\"ReadAction\",\"target\":[\"https:\/\/www.iplay.com\/es\/games\/jewel-quest-the-sapphire-dragon\/\"]}]},{\"@type\":\"ImageObject\",\"inLanguage\":\"es\",\"@id\":\"https:\/\/www.iplay.com\/es\/games\/jewel-quest-the-sapphire-dragon\/#primaryimage\",\"url\":\"https:\/\/www.iplay.com\/wp-content\/uploads\/2023\/12\/large_square_tile_image-1057.jpg\",\"contentUrl\":\"https:\/\/www.iplay.com\/wp-content\/uploads\/2023\/12\/large_square_tile_image-1057.jpg\",\"width\":310,\"height\":310},{\"@type\":\"BreadcrumbList\",\"@id\":\"https:\/\/www.iplay.com\/es\/games\/jewel-quest-the-sapphire-dragon\/#breadcrumb\",\"itemListElement\":[{\"@type\":\"ListItem\",\"position\":1,\"name\":\"Home\",\"item\":\"https:\/\/www.iplay.com\/es\/home-page-2\/\"},{\"@type\":\"ListItem\",\"position\":2,\"name\":\"Shop\",\"item\":\"https:\/\/www.iplay.com\/en\/shop\/\"},{\"@type\":\"ListItem\",\"position\":3,\"name\":\"Jewel Quest: The Sapphire Dragon\"}]},{\"@type\":\"WebSite\",\"@id\":\"https:\/\/www.iplay.com\/en\/#website\",\"url\":\"https:\/\/www.iplay.com\/en\/\",\"name\":\"IPlay\",\"description\":\"The Best Casual Games!\",\"publisher\":{\"@id\":\"https:\/\/www.iplay.com\/en\/#organization\"},\"potentialAction\":[{\"@type\":\"SearchAction\",\"target\":{\"@type\":\"EntryPoint\",\"urlTemplate\":\"https:\/\/www.iplay.com\/en\/?s={search_term_string}\"},\"query-input\":{\"@type\":\"PropertyValueSpecification\",\"valueRequired\":true,\"valueName\":\"search_term_string\"}}],\"inLanguage\":\"es\"},{\"@type\":\"Organization\",\"@id\":\"https:\/\/www.iplay.com\/en\/#organization\",\"name\":\"IPlay\",\"url\":\"https:\/\/www.iplay.com\/en\/\",\"logo\":{\"@type\":\"ImageObject\",\"inLanguage\":\"es\",\"@id\":\"https:\/\/www.iplay.com\/en\/#\/schema\/logo\/image\/\",\"url\":\"https:\/\/www.iplay.com\/wp-content\/uploads\/2023\/11\/Group-6100.svg\",\"contentUrl\":\"https:\/\/www.iplay.com\/wp-content\/uploads\/2023\/11\/Group-6100.svg\",\"width\":98,\"height\":25,\"caption\":\"IPlay\"},\"image\":{\"@id\":\"https:\/\/www.iplay.com\/en\/#\/schema\/logo\/image\/\"}}]}<\/script>\n<!-- \/ Yoast SEO Premium plugin. -->","yoast_head_json":{"title":"Jewel Quest: El Drag\u00f3n Zafiro - Descubre el secreto del escurridizo Drag\u00f3n Zafiro","description":"\u00a1Descubre el misterio que rodea al raro Drag\u00f3n Zafiro!","robots":{"index":"index","follow":"follow","max-snippet":"max-snippet:-1","max-image-preview":"max-image-preview:large","max-video-preview":"max-video-preview:-1"},"canonical":"https:\/\/www.iplay.com\/es\/games\/jewel-quest-the-sapphire-dragon\/","og_locale":"es_ES","og_type":"article","og_title":"Jewel Quest: The Sapphire Dragon","og_description":"\u00a1Descubre el misterio que rodea al raro Drag\u00f3n Zafiro!","og_url":"https:\/\/www.iplay.com\/es\/games\/jewel-quest-the-sapphire-dragon\/","og_site_name":"IPlay","og_image":[{"width":310,"height":310,"url":"https:\/\/www.iplay.com\/wp-content\/uploads\/2023\/12\/large_square_tile_image-1057.jpg","type":"image\/jpeg"}],"twitter_card":"summary_large_image","twitter_misc":{"Est. reading time":"2 minutos"},"schema":{"@context":"https:\/\/schema.org","@graph":[{"@type":"WebPage","@id":"https:\/\/www.iplay.com\/es\/games\/jewel-quest-the-sapphire-dragon\/","url":"https:\/\/www.iplay.com\/es\/games\/jewel-quest-the-sapphire-dragon\/","name":"Jewel Quest: El Drag\u00f3n Zafiro - Descubre el secreto del escurridizo Drag\u00f3n Zafiro","isPartOf":{"@id":"https:\/\/www.iplay.com\/en\/#website"},"primaryImageOfPage":{"@id":"https:\/\/www.iplay.com\/es\/games\/jewel-quest-the-sapphire-dragon\/#primaryimage"},"image":{"@id":"https:\/\/www.iplay.com\/es\/games\/jewel-quest-the-sapphire-dragon\/#primaryimage"},"thumbnailUrl":"https:\/\/www.iplay.com\/wp-content\/uploads\/2023\/12\/large_square_tile_image-1057.jpg","datePublished":"2011-10-20T00:00:00+00:00","description":"\u00a1Descubre el misterio que rodea al raro Drag\u00f3n Zafiro!","breadcrumb":{"@id":"https:\/\/www.iplay.com\/es\/games\/jewel-quest-the-sapphire-dragon\/#breadcrumb"},"inLanguage":"es","potentialAction":[{"@type":"ReadAction","target":["https:\/\/www.iplay.com\/es\/games\/jewel-quest-the-sapphire-dragon\/"]}]},{"@type":"ImageObject","inLanguage":"es","@id":"https:\/\/www.iplay.com\/es\/games\/jewel-quest-the-sapphire-dragon\/#primaryimage","url":"https:\/\/www.iplay.com\/wp-content\/uploads\/2023\/12\/large_square_tile_image-1057.jpg","contentUrl":"https:\/\/www.iplay.com\/wp-content\/uploads\/2023\/12\/large_square_tile_image-1057.jpg","width":310,"height":310},{"@type":"BreadcrumbList","@id":"https:\/\/www.iplay.com\/es\/games\/jewel-quest-the-sapphire-dragon\/#breadcrumb","itemListElement":[{"@type":"ListItem","position":1,"name":"Home","item":"https:\/\/www.iplay.com\/es\/home-page-2\/"},{"@type":"ListItem","position":2,"name":"Shop","item":"https:\/\/www.iplay.com\/en\/shop\/"},{"@type":"ListItem","position":3,"name":"Jewel Quest: The Sapphire Dragon"}]},{"@type":"WebSite","@id":"https:\/\/www.iplay.com\/en\/#website","url":"https:\/\/www.iplay.com\/en\/","name":"IPlay","description":"The Best Casual Games!","publisher":{"@id":"https:\/\/www.iplay.com\/en\/#organization"},"potentialAction":[{"@type":"SearchAction","target":{"@type":"EntryPoint","urlTemplate":"https:\/\/www.iplay.com\/en\/?s={search_term_string}"},"query-input":{"@type":"PropertyValueSpecification","valueRequired":true,"valueName":"search_term_string"}}],"inLanguage":"es"},{"@type":"Organization","@id":"https:\/\/www.iplay.com\/en\/#organization","name":"IPlay","url":"https:\/\/www.iplay.com\/en\/","logo":{"@type":"ImageObject","inLanguage":"es","@id":"https:\/\/www.iplay.com\/en\/#\/schema\/logo\/image\/","url":"https:\/\/www.iplay.com\/wp-content\/uploads\/2023\/11\/Group-6100.svg","contentUrl":"https:\/\/www.iplay.com\/wp-content\/uploads\/2023\/11\/Group-6100.svg","width":98,"height":25,"caption":"IPlay"},"image":{"@id":"https:\/\/www.iplay.com\/en\/#\/schema\/logo\/image\/"}}]}},"_links":{"self":[{"href":"https:\/\/www.iplay.com\/es\/wp-json\/wp\/v2\/product\/126525","targetHints":{"allow":["GET"]}}],"collection":[{"href":"https:\/\/www.iplay.com\/es\/wp-json\/wp\/v2\/product"}],"about":[{"href":"https:\/\/www.iplay.com\/es\/wp-json\/wp\/v2\/types\/product"}],"author":[{"embeddable":true,"href":"https:\/\/www.iplay.com\/es\/wp-json\/wp\/v2\/users\/4"}],"replies":[{"embeddable":true,"href":"https:\/\/www.iplay.com\/es\/wp-json\/wp\/v2\/comments?post=126525"}],"wp:featuredmedia":[{"embeddable":true,"href":"https:\/\/www.iplay.com\/es\/wp-json\/wp\/v2\/media\/57352"}],"wp:attachment":[{"href":"https:\/\/www.iplay.com\/es\/wp-json\/wp\/v2\/media?parent=126525"}],"wp:term":[{"taxonomy":"product_brand","embeddable":true,"href":"https:\/\/www.iplay.com\/es\/wp-json\/wp\/v2\/product_brand?post=126525"},{"taxonomy":"product_cat","embeddable":true,"href":"https:\/\/www.iplay.com\/es\/wp-json\/wp\/v2\/product_cat?post=126525"},{"taxonomy":"product_tag","embeddable":true,"href":"https:\/\/www.iplay.com\/es\/wp-json\/wp\/v2\/product_tag?post=126525"}],"curies":[{"name":"wp","href":"https:\/\/api.w.org\/{rel}","templated":true}]}}