{"id":126513,"date":"2022-09-03T00:00:00","date_gmt":"2022-09-03T00:00:00","guid":{"rendered":"https:\/\/www.iplay.com\/games\/barbarous-2-tavern-wars\/"},"modified":"2022-09-03T00:00:00","modified_gmt":"2022-09-03T00:00:00","slug":"barbarous-2-tavern-wars","status":"publish","type":"product","link":"https:\/\/www.iplay.com\/es\/games\/barbarous-2-tavern-wars\/","title":{"rendered":"Barbarous 2 &#8211; Tavern Wars"},"content":{"rendered":"<p>El bullicio de la taberna ha sido destrozado nada menos que por el palad\u00edn McArthus, \u00a1un nombre conocido en todos los reinos! McArthus est\u00e1 listo para hacerle a Emyr una oferta que no puede rechazar, inspirado por el exitoso nuevo empleo de su antiguo oponente Emyr. Mientras tanto, Gwen no puede escapar de sus obligaciones familiares. \u00bfElegir\u00e1 la responsabilidad en lugar de renunciar a lo que ama? Emyr r\u00e1pidamente se ve envuelto en un juego enga\u00f1oso sin reglas claras. Cuando se trata del orgullo y la fama del mejor bar del mundo, \u00a1no puede haber compasi\u00f3n! \u00bfSer\u00e1 suficiente el poder de los lazos familiares y la amistad para superar la adversidad? \u00a1Administra bien tu tiempo y podr\u00e1s administrar una taberna que complacer\u00e1 no solo a tus clientes, sino tambi\u00e9n al Gran Cr\u00edtico Culinario! Disfruta de la gran trama del juego y de la cautivadora jugabilidad en los 60 niveles.        <\/p>\n<p>&nbsp;<\/p>\n<p>&nbsp;<\/p>\n<p><strong>Funciones:<\/strong><\/p>\n<p>&nbsp;<\/p>\n<p>&#8211; \u00a1\u00danete a Emyr y al grupo B\u00e1rbaro en una nueva y emocionante aventura!<br \/>\n&#8211; \u00a1Sum\u00e9rgete en una historia incre\u00edble y haz que tu taberna sea popular en todo el pa\u00eds!<br \/>\n&#8211; Personaliza el juego seleccionando uno de los tres niveles de dificultad.<br \/>\n&#8211; Explora impresionantes lugares con una banda sonora \u00e9pica.<\/p>\n","protected":false},"excerpt":{"rendered":"<p>\u00a1Regresa a Emyr y al grupo B\u00e1rbaro mientras se enfrentan a nuevos e incre\u00edbles desaf\u00edos!<\/p>\n","protected":false},"author":128,"featured_media":76107,"comment_status":"open","ping_status":"closed","template":"","meta":{"_acf_changed":false,"inline_featured_image":false},"product_brand":[],"product_cat":[212],"product_tag":[288],"class_list":{"0":"post-126513","1":"product","2":"type-product","3":"status-publish","4":"has-post-thumbnail","6":"product_cat-time-management-es","7":"product_tag-play-on-pc-es","9":"first","10":"instock","11":"shipping-taxable","12":"purchasable","13":"product-type-simple"},"acf":[],"yoast_head":"<!-- This site is optimized with the Yoast SEO Premium plugin v25.2 (Yoast SEO v25.2) - https:\/\/yoast.com\/wordpress\/plugins\/seo\/ -->\n<title>Barbarous 2 - Tavern Wars - Enfr\u00e9ntate a desaf\u00edos legendarios en una fiesta b\u00e1rbara<\/title>\n<meta name=\"description\" content=\"\u00a1Regresa a Emyr y al grupo B\u00e1rbaro mientras se enfrentan a nuevos e incre\u00edbles desaf\u00edos!\" \/>\n<meta name=\"robots\" content=\"index, follow, max-snippet:-1, max-image-preview:large, max-video-preview:-1\" \/>\n<link rel=\"canonical\" href=\"https:\/\/www.iplay.com\/es\/games\/barbarous-2-tavern-wars\/\" \/>\n<meta property=\"og:locale\" content=\"es_ES\" \/>\n<meta property=\"og:type\" content=\"article\" \/>\n<meta property=\"og:title\" content=\"Barbarous 2 - Tavern Wars\" \/>\n<meta property=\"og:description\" content=\"\u00a1Regresa a Emyr y al grupo B\u00e1rbaro mientras se enfrentan a nuevos e incre\u00edbles desaf\u00edos!\" \/>\n<meta property=\"og:url\" content=\"https:\/\/www.iplay.com\/es\/games\/barbarous-2-tavern-wars\/\" \/>\n<meta property=\"og:site_name\" content=\"IPlay\" \/>\n<meta property=\"og:image\" content=\"https:\/\/www.iplay.com\/wp-content\/uploads\/2023\/12\/large_square_tile_image-2254.jpg\" \/>\n\t<meta property=\"og:image:width\" content=\"310\" \/>\n\t<meta property=\"og:image:height\" content=\"310\" \/>\n\t<meta property=\"og:image:type\" content=\"image\/jpeg\" \/>\n<meta name=\"twitter:card\" content=\"summary_large_image\" \/>\n<meta name=\"twitter:label1\" content=\"Est. reading time\" \/>\n\t<meta name=\"twitter:data1\" content=\"1 minuto\" \/>\n<script type=\"application\/ld+json\" class=\"yoast-schema-graph\">{\"@context\":\"https:\/\/schema.org\",\"@graph\":[{\"@type\":\"WebPage\",\"@id\":\"https:\/\/www.iplay.com\/es\/games\/barbarous-2-tavern-wars\/\",\"url\":\"https:\/\/www.iplay.com\/es\/games\/barbarous-2-tavern-wars\/\",\"name\":\"Barbarous 2 - Tavern Wars - Enfr\u00e9ntate a desaf\u00edos legendarios en una fiesta b\u00e1rbara\",\"isPartOf\":{\"@id\":\"https:\/\/www.iplay.com\/en\/#website\"},\"primaryImageOfPage\":{\"@id\":\"https:\/\/www.iplay.com\/es\/games\/barbarous-2-tavern-wars\/#primaryimage\"},\"image\":{\"@id\":\"https:\/\/www.iplay.com\/es\/games\/barbarous-2-tavern-wars\/#primaryimage\"},\"thumbnailUrl\":\"https:\/\/www.iplay.com\/wp-content\/uploads\/2023\/12\/large_square_tile_image-2254.jpg\",\"datePublished\":\"2022-09-03T00:00:00+00:00\",\"description\":\"\u00a1Regresa a Emyr y al grupo B\u00e1rbaro mientras se enfrentan a nuevos e incre\u00edbles desaf\u00edos!\",\"breadcrumb\":{\"@id\":\"https:\/\/www.iplay.com\/es\/games\/barbarous-2-tavern-wars\/#breadcrumb\"},\"inLanguage\":\"es\",\"potentialAction\":[{\"@type\":\"ReadAction\",\"target\":[\"https:\/\/www.iplay.com\/es\/games\/barbarous-2-tavern-wars\/\"]}]},{\"@type\":\"ImageObject\",\"inLanguage\":\"es\",\"@id\":\"https:\/\/www.iplay.com\/es\/games\/barbarous-2-tavern-wars\/#primaryimage\",\"url\":\"https:\/\/www.iplay.com\/wp-content\/uploads\/2023\/12\/large_square_tile_image-2254.jpg\",\"contentUrl\":\"https:\/\/www.iplay.com\/wp-content\/uploads\/2023\/12\/large_square_tile_image-2254.jpg\",\"width\":310,\"height\":310},{\"@type\":\"BreadcrumbList\",\"@id\":\"https:\/\/www.iplay.com\/es\/games\/barbarous-2-tavern-wars\/#breadcrumb\",\"itemListElement\":[{\"@type\":\"ListItem\",\"position\":1,\"name\":\"Home\",\"item\":\"https:\/\/www.iplay.com\/es\/home-page-2\/\"},{\"@type\":\"ListItem\",\"position\":2,\"name\":\"Shop\",\"item\":\"https:\/\/www.iplay.com\/en\/shop\/\"},{\"@type\":\"ListItem\",\"position\":3,\"name\":\"Barbarous 2 &#8211; Tavern Wars\"}]},{\"@type\":\"WebSite\",\"@id\":\"https:\/\/www.iplay.com\/en\/#website\",\"url\":\"https:\/\/www.iplay.com\/en\/\",\"name\":\"IPlay\",\"description\":\"The Best Casual Games!\",\"publisher\":{\"@id\":\"https:\/\/www.iplay.com\/en\/#organization\"},\"potentialAction\":[{\"@type\":\"SearchAction\",\"target\":{\"@type\":\"EntryPoint\",\"urlTemplate\":\"https:\/\/www.iplay.com\/en\/?s={search_term_string}\"},\"query-input\":{\"@type\":\"PropertyValueSpecification\",\"valueRequired\":true,\"valueName\":\"search_term_string\"}}],\"inLanguage\":\"es\"},{\"@type\":\"Organization\",\"@id\":\"https:\/\/www.iplay.com\/en\/#organization\",\"name\":\"IPlay\",\"url\":\"https:\/\/www.iplay.com\/en\/\",\"logo\":{\"@type\":\"ImageObject\",\"inLanguage\":\"es\",\"@id\":\"https:\/\/www.iplay.com\/en\/#\/schema\/logo\/image\/\",\"url\":\"https:\/\/www.iplay.com\/wp-content\/uploads\/2023\/11\/Group-6100.svg\",\"contentUrl\":\"https:\/\/www.iplay.com\/wp-content\/uploads\/2023\/11\/Group-6100.svg\",\"width\":98,\"height\":25,\"caption\":\"IPlay\"},\"image\":{\"@id\":\"https:\/\/www.iplay.com\/en\/#\/schema\/logo\/image\/\"}}]}<\/script>\n<!-- \/ Yoast SEO Premium plugin. -->","yoast_head_json":{"title":"Barbarous 2 - Tavern Wars - Enfr\u00e9ntate a desaf\u00edos legendarios en una fiesta b\u00e1rbara","description":"\u00a1Regresa a Emyr y al grupo B\u00e1rbaro mientras se enfrentan a nuevos e incre\u00edbles desaf\u00edos!","robots":{"index":"index","follow":"follow","max-snippet":"max-snippet:-1","max-image-preview":"max-image-preview:large","max-video-preview":"max-video-preview:-1"},"canonical":"https:\/\/www.iplay.com\/es\/games\/barbarous-2-tavern-wars\/","og_locale":"es_ES","og_type":"article","og_title":"Barbarous 2 - Tavern Wars","og_description":"\u00a1Regresa a Emyr y al grupo B\u00e1rbaro mientras se enfrentan a nuevos e incre\u00edbles desaf\u00edos!","og_url":"https:\/\/www.iplay.com\/es\/games\/barbarous-2-tavern-wars\/","og_site_name":"IPlay","og_image":[{"width":310,"height":310,"url":"https:\/\/www.iplay.com\/wp-content\/uploads\/2023\/12\/large_square_tile_image-2254.jpg","type":"image\/jpeg"}],"twitter_card":"summary_large_image","twitter_misc":{"Est. reading time":"1 minuto"},"schema":{"@context":"https:\/\/schema.org","@graph":[{"@type":"WebPage","@id":"https:\/\/www.iplay.com\/es\/games\/barbarous-2-tavern-wars\/","url":"https:\/\/www.iplay.com\/es\/games\/barbarous-2-tavern-wars\/","name":"Barbarous 2 - Tavern Wars - Enfr\u00e9ntate a desaf\u00edos legendarios en una fiesta b\u00e1rbara","isPartOf":{"@id":"https:\/\/www.iplay.com\/en\/#website"},"primaryImageOfPage":{"@id":"https:\/\/www.iplay.com\/es\/games\/barbarous-2-tavern-wars\/#primaryimage"},"image":{"@id":"https:\/\/www.iplay.com\/es\/games\/barbarous-2-tavern-wars\/#primaryimage"},"thumbnailUrl":"https:\/\/www.iplay.com\/wp-content\/uploads\/2023\/12\/large_square_tile_image-2254.jpg","datePublished":"2022-09-03T00:00:00+00:00","description":"\u00a1Regresa a Emyr y al grupo B\u00e1rbaro mientras se enfrentan a nuevos e incre\u00edbles desaf\u00edos!","breadcrumb":{"@id":"https:\/\/www.iplay.com\/es\/games\/barbarous-2-tavern-wars\/#breadcrumb"},"inLanguage":"es","potentialAction":[{"@type":"ReadAction","target":["https:\/\/www.iplay.com\/es\/games\/barbarous-2-tavern-wars\/"]}]},{"@type":"ImageObject","inLanguage":"es","@id":"https:\/\/www.iplay.com\/es\/games\/barbarous-2-tavern-wars\/#primaryimage","url":"https:\/\/www.iplay.com\/wp-content\/uploads\/2023\/12\/large_square_tile_image-2254.jpg","contentUrl":"https:\/\/www.iplay.com\/wp-content\/uploads\/2023\/12\/large_square_tile_image-2254.jpg","width":310,"height":310},{"@type":"BreadcrumbList","@id":"https:\/\/www.iplay.com\/es\/games\/barbarous-2-tavern-wars\/#breadcrumb","itemListElement":[{"@type":"ListItem","position":1,"name":"Home","item":"https:\/\/www.iplay.com\/es\/home-page-2\/"},{"@type":"ListItem","position":2,"name":"Shop","item":"https:\/\/www.iplay.com\/en\/shop\/"},{"@type":"ListItem","position":3,"name":"Barbarous 2 &#8211; Tavern Wars"}]},{"@type":"WebSite","@id":"https:\/\/www.iplay.com\/en\/#website","url":"https:\/\/www.iplay.com\/en\/","name":"IPlay","description":"The Best Casual Games!","publisher":{"@id":"https:\/\/www.iplay.com\/en\/#organization"},"potentialAction":[{"@type":"SearchAction","target":{"@type":"EntryPoint","urlTemplate":"https:\/\/www.iplay.com\/en\/?s={search_term_string}"},"query-input":{"@type":"PropertyValueSpecification","valueRequired":true,"valueName":"search_term_string"}}],"inLanguage":"es"},{"@type":"Organization","@id":"https:\/\/www.iplay.com\/en\/#organization","name":"IPlay","url":"https:\/\/www.iplay.com\/en\/","logo":{"@type":"ImageObject","inLanguage":"es","@id":"https:\/\/www.iplay.com\/en\/#\/schema\/logo\/image\/","url":"https:\/\/www.iplay.com\/wp-content\/uploads\/2023\/11\/Group-6100.svg","contentUrl":"https:\/\/www.iplay.com\/wp-content\/uploads\/2023\/11\/Group-6100.svg","width":98,"height":25,"caption":"IPlay"},"image":{"@id":"https:\/\/www.iplay.com\/en\/#\/schema\/logo\/image\/"}}]}},"_links":{"self":[{"href":"https:\/\/www.iplay.com\/es\/wp-json\/wp\/v2\/product\/126513","targetHints":{"allow":["GET"]}}],"collection":[{"href":"https:\/\/www.iplay.com\/es\/wp-json\/wp\/v2\/product"}],"about":[{"href":"https:\/\/www.iplay.com\/es\/wp-json\/wp\/v2\/types\/product"}],"author":[{"embeddable":true,"href":"https:\/\/www.iplay.com\/es\/wp-json\/wp\/v2\/users\/128"}],"replies":[{"embeddable":true,"href":"https:\/\/www.iplay.com\/es\/wp-json\/wp\/v2\/comments?post=126513"}],"wp:featuredmedia":[{"embeddable":true,"href":"https:\/\/www.iplay.com\/es\/wp-json\/wp\/v2\/media\/76107"}],"wp:attachment":[{"href":"https:\/\/www.iplay.com\/es\/wp-json\/wp\/v2\/media?parent=126513"}],"wp:term":[{"taxonomy":"product_brand","embeddable":true,"href":"https:\/\/www.iplay.com\/es\/wp-json\/wp\/v2\/product_brand?post=126513"},{"taxonomy":"product_cat","embeddable":true,"href":"https:\/\/www.iplay.com\/es\/wp-json\/wp\/v2\/product_cat?post=126513"},{"taxonomy":"product_tag","embeddable":true,"href":"https:\/\/www.iplay.com\/es\/wp-json\/wp\/v2\/product_tag?post=126513"}],"curies":[{"name":"wp","href":"https:\/\/api.w.org\/{rel}","templated":true}]}}