{"id":126486,"date":"2023-05-11T00:00:00","date_gmt":"2023-05-11T00:00:00","guid":{"rendered":"https:\/\/www.iplay.com\/games\/build-a-lot-big-dreams\/"},"modified":"2023-05-11T00:00:00","modified_gmt":"2023-05-11T00:00:00","slug":"build-a-lot-big-dreams","status":"publish","type":"product","link":"https:\/\/www.iplay.com\/es\/games\/build-a-lot-big-dreams\/","title":{"rendered":"Build-a-lot Big Dreams"},"content":{"rendered":"<p>Incluso la ciudad m\u00e1s peque\u00f1a tiene aspiraciones elevadas. Todo el mundo quiere que alguien como usted les ayude a desarrollar comunidades, hacer mejoras a sus casas o agregar parques y servicios. Tendr\u00e1s el control de los negocios y el entretenimiento de cada ciudad, adem\u00e1s de construir residencias. Cumplir sue\u00f1os es una tarea importante, pero no te preocupes, los l\u00edderes de la comunidad te ayudar\u00e1n a empezar. Debido a que tambi\u00e9n son tus sue\u00f1os, puedes correr para terminar r\u00e1pidamente y recibir la mejor calificaci\u00f3n, \u00a1o puedes tomarte tu tiempo y terminar exactamente como quieres!    <\/p>\n<p>&nbsp;<\/p>\n<p><strong>Funciones:<\/strong><\/p>\n<ul>\n<li>50 niveles repartidos en seis comunidades distintas15 edificios que comprenden viviendas, parques y servicios.<\/li>\n<li>Utilice la opci\u00f3n Flip House para recaudar fondos r\u00e1pidamente.<\/li>\n<li>Alcanza objetivos opcionales para recibir puntos de bonificaci\u00f3n.<\/li>\n<li>Localiza al Gnomo de Jard\u00edn en cada etapa para obtener puntos de bonificaci\u00f3n.<\/li>\n<li>Usa los puntos de bonificaci\u00f3n a tu favor para salir adelante en las etapas dif\u00edciles<\/li>\n<\/ul>\n","protected":false},"excerpt":{"rendered":"<p>A medida que construye, adquiere y revende casas para obtener grandes ganancias, \u00a1apoye a las ciudades en sus grandes sue\u00f1os!<\/p>\n","protected":false},"author":6,"featured_media":91607,"comment_status":"open","ping_status":"closed","template":"","meta":{"_acf_changed":false,"inline_featured_image":false},"product_brand":[],"product_cat":[212],"product_tag":[246,288],"class_list":{"0":"post-126486","1":"product","2":"type-product","3":"status-publish","4":"has-post-thumbnail","6":"product_cat-time-management-es","7":"product_tag-build-a-lot-series-es","8":"product_tag-play-on-pc-es","10":"first","11":"instock","12":"shipping-taxable","13":"purchasable","14":"product-type-simple"},"acf":[],"yoast_head":"<!-- This site is optimized with the Yoast SEO Premium plugin v25.2 (Yoast SEO v25.2) - https:\/\/yoast.com\/wordpress\/plugins\/seo\/ -->\n<title>Build-a-lot Big Dreams - Construye, compra, voltea casas para obtener grandes ganancias en las ciudades<\/title>\n<meta name=\"description\" content=\"A medida que construye, adquiere y revende casas para obtener grandes ganancias, \u00a1apoye a las ciudades en sus grandes sue\u00f1os!\" \/>\n<meta name=\"robots\" content=\"index, follow, max-snippet:-1, max-image-preview:large, max-video-preview:-1\" \/>\n<link rel=\"canonical\" href=\"https:\/\/www.iplay.com\/es\/games\/build-a-lot-big-dreams\/\" \/>\n<meta property=\"og:locale\" content=\"es_ES\" \/>\n<meta property=\"og:type\" content=\"article\" \/>\n<meta property=\"og:title\" content=\"Build-a-lot Big Dreams\" \/>\n<meta property=\"og:description\" content=\"A medida que construye, adquiere y revende casas para obtener grandes ganancias, \u00a1apoye a las ciudades en sus grandes sue\u00f1os!\" \/>\n<meta property=\"og:url\" content=\"https:\/\/www.iplay.com\/es\/games\/build-a-lot-big-dreams\/\" \/>\n<meta property=\"og:site_name\" content=\"IPlay\" \/>\n<meta property=\"og:image\" content=\"https:\/\/www.iplay.com\/wp-content\/uploads\/2023\/12\/large_square_tile_image-3240.jpg\" \/>\n\t<meta property=\"og:image:width\" content=\"310\" \/>\n\t<meta property=\"og:image:height\" content=\"310\" \/>\n\t<meta property=\"og:image:type\" content=\"image\/jpeg\" \/>\n<meta name=\"twitter:card\" content=\"summary_large_image\" \/>\n<meta name=\"twitter:label1\" content=\"Est. reading time\" \/>\n\t<meta name=\"twitter:data1\" content=\"1 minuto\" \/>\n<script type=\"application\/ld+json\" class=\"yoast-schema-graph\">{\"@context\":\"https:\/\/schema.org\",\"@graph\":[{\"@type\":\"WebPage\",\"@id\":\"https:\/\/www.iplay.com\/es\/games\/build-a-lot-big-dreams\/\",\"url\":\"https:\/\/www.iplay.com\/es\/games\/build-a-lot-big-dreams\/\",\"name\":\"Build-a-lot Big Dreams - Construye, compra, voltea casas para obtener grandes ganancias en las ciudades\",\"isPartOf\":{\"@id\":\"https:\/\/www.iplay.com\/en\/#website\"},\"primaryImageOfPage\":{\"@id\":\"https:\/\/www.iplay.com\/es\/games\/build-a-lot-big-dreams\/#primaryimage\"},\"image\":{\"@id\":\"https:\/\/www.iplay.com\/es\/games\/build-a-lot-big-dreams\/#primaryimage\"},\"thumbnailUrl\":\"https:\/\/www.iplay.com\/wp-content\/uploads\/2023\/12\/large_square_tile_image-3240.jpg\",\"datePublished\":\"2023-05-11T00:00:00+00:00\",\"description\":\"A medida que construye, adquiere y revende casas para obtener grandes ganancias, \u00a1apoye a las ciudades en sus grandes sue\u00f1os!\",\"breadcrumb\":{\"@id\":\"https:\/\/www.iplay.com\/es\/games\/build-a-lot-big-dreams\/#breadcrumb\"},\"inLanguage\":\"es\",\"potentialAction\":[{\"@type\":\"ReadAction\",\"target\":[\"https:\/\/www.iplay.com\/es\/games\/build-a-lot-big-dreams\/\"]}]},{\"@type\":\"ImageObject\",\"inLanguage\":\"es\",\"@id\":\"https:\/\/www.iplay.com\/es\/games\/build-a-lot-big-dreams\/#primaryimage\",\"url\":\"https:\/\/www.iplay.com\/wp-content\/uploads\/2023\/12\/large_square_tile_image-3240.jpg\",\"contentUrl\":\"https:\/\/www.iplay.com\/wp-content\/uploads\/2023\/12\/large_square_tile_image-3240.jpg\",\"width\":310,\"height\":310},{\"@type\":\"BreadcrumbList\",\"@id\":\"https:\/\/www.iplay.com\/es\/games\/build-a-lot-big-dreams\/#breadcrumb\",\"itemListElement\":[{\"@type\":\"ListItem\",\"position\":1,\"name\":\"Home\",\"item\":\"https:\/\/www.iplay.com\/es\/home-page-2\/\"},{\"@type\":\"ListItem\",\"position\":2,\"name\":\"Shop\",\"item\":\"https:\/\/www.iplay.com\/en\/shop\/\"},{\"@type\":\"ListItem\",\"position\":3,\"name\":\"Build-a-lot Big Dreams\"}]},{\"@type\":\"WebSite\",\"@id\":\"https:\/\/www.iplay.com\/en\/#website\",\"url\":\"https:\/\/www.iplay.com\/en\/\",\"name\":\"IPlay\",\"description\":\"The Best Casual Games!\",\"publisher\":{\"@id\":\"https:\/\/www.iplay.com\/en\/#organization\"},\"potentialAction\":[{\"@type\":\"SearchAction\",\"target\":{\"@type\":\"EntryPoint\",\"urlTemplate\":\"https:\/\/www.iplay.com\/en\/?s={search_term_string}\"},\"query-input\":{\"@type\":\"PropertyValueSpecification\",\"valueRequired\":true,\"valueName\":\"search_term_string\"}}],\"inLanguage\":\"es\"},{\"@type\":\"Organization\",\"@id\":\"https:\/\/www.iplay.com\/en\/#organization\",\"name\":\"IPlay\",\"url\":\"https:\/\/www.iplay.com\/en\/\",\"logo\":{\"@type\":\"ImageObject\",\"inLanguage\":\"es\",\"@id\":\"https:\/\/www.iplay.com\/en\/#\/schema\/logo\/image\/\",\"url\":\"https:\/\/www.iplay.com\/wp-content\/uploads\/2023\/11\/Group-6100.svg\",\"contentUrl\":\"https:\/\/www.iplay.com\/wp-content\/uploads\/2023\/11\/Group-6100.svg\",\"width\":98,\"height\":25,\"caption\":\"IPlay\"},\"image\":{\"@id\":\"https:\/\/www.iplay.com\/en\/#\/schema\/logo\/image\/\"}}]}<\/script>\n<!-- \/ Yoast SEO Premium plugin. -->","yoast_head_json":{"title":"Build-a-lot Big Dreams - Construye, compra, voltea casas para obtener grandes ganancias en las ciudades","description":"A medida que construye, adquiere y revende casas para obtener grandes ganancias, \u00a1apoye a las ciudades en sus grandes sue\u00f1os!","robots":{"index":"index","follow":"follow","max-snippet":"max-snippet:-1","max-image-preview":"max-image-preview:large","max-video-preview":"max-video-preview:-1"},"canonical":"https:\/\/www.iplay.com\/es\/games\/build-a-lot-big-dreams\/","og_locale":"es_ES","og_type":"article","og_title":"Build-a-lot Big Dreams","og_description":"A medida que construye, adquiere y revende casas para obtener grandes ganancias, \u00a1apoye a las ciudades en sus grandes sue\u00f1os!","og_url":"https:\/\/www.iplay.com\/es\/games\/build-a-lot-big-dreams\/","og_site_name":"IPlay","og_image":[{"width":310,"height":310,"url":"https:\/\/www.iplay.com\/wp-content\/uploads\/2023\/12\/large_square_tile_image-3240.jpg","type":"image\/jpeg"}],"twitter_card":"summary_large_image","twitter_misc":{"Est. reading time":"1 minuto"},"schema":{"@context":"https:\/\/schema.org","@graph":[{"@type":"WebPage","@id":"https:\/\/www.iplay.com\/es\/games\/build-a-lot-big-dreams\/","url":"https:\/\/www.iplay.com\/es\/games\/build-a-lot-big-dreams\/","name":"Build-a-lot Big Dreams - Construye, compra, voltea casas para obtener grandes ganancias en las ciudades","isPartOf":{"@id":"https:\/\/www.iplay.com\/en\/#website"},"primaryImageOfPage":{"@id":"https:\/\/www.iplay.com\/es\/games\/build-a-lot-big-dreams\/#primaryimage"},"image":{"@id":"https:\/\/www.iplay.com\/es\/games\/build-a-lot-big-dreams\/#primaryimage"},"thumbnailUrl":"https:\/\/www.iplay.com\/wp-content\/uploads\/2023\/12\/large_square_tile_image-3240.jpg","datePublished":"2023-05-11T00:00:00+00:00","description":"A medida que construye, adquiere y revende casas para obtener grandes ganancias, \u00a1apoye a las ciudades en sus grandes sue\u00f1os!","breadcrumb":{"@id":"https:\/\/www.iplay.com\/es\/games\/build-a-lot-big-dreams\/#breadcrumb"},"inLanguage":"es","potentialAction":[{"@type":"ReadAction","target":["https:\/\/www.iplay.com\/es\/games\/build-a-lot-big-dreams\/"]}]},{"@type":"ImageObject","inLanguage":"es","@id":"https:\/\/www.iplay.com\/es\/games\/build-a-lot-big-dreams\/#primaryimage","url":"https:\/\/www.iplay.com\/wp-content\/uploads\/2023\/12\/large_square_tile_image-3240.jpg","contentUrl":"https:\/\/www.iplay.com\/wp-content\/uploads\/2023\/12\/large_square_tile_image-3240.jpg","width":310,"height":310},{"@type":"BreadcrumbList","@id":"https:\/\/www.iplay.com\/es\/games\/build-a-lot-big-dreams\/#breadcrumb","itemListElement":[{"@type":"ListItem","position":1,"name":"Home","item":"https:\/\/www.iplay.com\/es\/home-page-2\/"},{"@type":"ListItem","position":2,"name":"Shop","item":"https:\/\/www.iplay.com\/en\/shop\/"},{"@type":"ListItem","position":3,"name":"Build-a-lot Big Dreams"}]},{"@type":"WebSite","@id":"https:\/\/www.iplay.com\/en\/#website","url":"https:\/\/www.iplay.com\/en\/","name":"IPlay","description":"The Best Casual Games!","publisher":{"@id":"https:\/\/www.iplay.com\/en\/#organization"},"potentialAction":[{"@type":"SearchAction","target":{"@type":"EntryPoint","urlTemplate":"https:\/\/www.iplay.com\/en\/?s={search_term_string}"},"query-input":{"@type":"PropertyValueSpecification","valueRequired":true,"valueName":"search_term_string"}}],"inLanguage":"es"},{"@type":"Organization","@id":"https:\/\/www.iplay.com\/en\/#organization","name":"IPlay","url":"https:\/\/www.iplay.com\/en\/","logo":{"@type":"ImageObject","inLanguage":"es","@id":"https:\/\/www.iplay.com\/en\/#\/schema\/logo\/image\/","url":"https:\/\/www.iplay.com\/wp-content\/uploads\/2023\/11\/Group-6100.svg","contentUrl":"https:\/\/www.iplay.com\/wp-content\/uploads\/2023\/11\/Group-6100.svg","width":98,"height":25,"caption":"IPlay"},"image":{"@id":"https:\/\/www.iplay.com\/en\/#\/schema\/logo\/image\/"}}]}},"_links":{"self":[{"href":"https:\/\/www.iplay.com\/es\/wp-json\/wp\/v2\/product\/126486","targetHints":{"allow":["GET"]}}],"collection":[{"href":"https:\/\/www.iplay.com\/es\/wp-json\/wp\/v2\/product"}],"about":[{"href":"https:\/\/www.iplay.com\/es\/wp-json\/wp\/v2\/types\/product"}],"author":[{"embeddable":true,"href":"https:\/\/www.iplay.com\/es\/wp-json\/wp\/v2\/users\/6"}],"replies":[{"embeddable":true,"href":"https:\/\/www.iplay.com\/es\/wp-json\/wp\/v2\/comments?post=126486"}],"wp:featuredmedia":[{"embeddable":true,"href":"https:\/\/www.iplay.com\/es\/wp-json\/wp\/v2\/media\/91607"}],"wp:attachment":[{"href":"https:\/\/www.iplay.com\/es\/wp-json\/wp\/v2\/media?parent=126486"}],"wp:term":[{"taxonomy":"product_brand","embeddable":true,"href":"https:\/\/www.iplay.com\/es\/wp-json\/wp\/v2\/product_brand?post=126486"},{"taxonomy":"product_cat","embeddable":true,"href":"https:\/\/www.iplay.com\/es\/wp-json\/wp\/v2\/product_cat?post=126486"},{"taxonomy":"product_tag","embeddable":true,"href":"https:\/\/www.iplay.com\/es\/wp-json\/wp\/v2\/product_tag?post=126486"}],"curies":[{"name":"wp","href":"https:\/\/api.w.org\/{rel}","templated":true}]}}