{"id":126485,"date":"2021-02-12T00:00:00","date_gmt":"2021-02-12T00:00:00","guid":{"rendered":"https:\/\/www.iplay.com\/games\/fairy-godmother-stories-dark-deal-collectors-edition\/"},"modified":"2021-02-12T00:00:00","modified_gmt":"2021-02-12T00:00:00","slug":"fairy-godmother-stories-dark-deal-collectors-edition","status":"publish","type":"product","link":"https:\/\/www.iplay.com\/es\/games\/fairy-godmother-stories-dark-deal-collectors-edition\/","title":{"rendered":"Fairy Godmother Stories: Dark Deal Collector&#8217;s Edition"},"content":{"rendered":"<p>\u00a1Saborea <em>Fairy Godmother Stories: Dark Deal<\/em>, la secuela del querido cuento de hadas moderno! Un agradable d\u00eda dedicado a ver ahijados y viejos amigos se vuelve problem\u00e1tico cuando se descubre que Kai, tu ahijado, est\u00e1 teniendo problemas. Una historia sobre una persona enigm\u00e1tica que lleva un malet\u00edn brillante se convierte r\u00e1pidamente en una peligrosa b\u00fasqueda para encontrar y detener al vendedor y poner fin al caos que dejan a su paso. \u00a1Entra en el reino de una verdadera hada madrina con tu varita m\u00e1gica en esta fascinante aventura de rompecabezas de objetos ocultos!   <\/p>\n<p>&nbsp;<\/p>\n<p>&nbsp;<\/p>\n<p><strong>Funciones:<\/strong><\/p>\n<p>&nbsp;<\/p>\n<ul>\n<li>\u00a1Conquista a los guardianes de cuento de hadas de una bruja malvada en el juego de bonificaci\u00f3n!<\/li>\n<li>\u00a1Revive tus minijuegos y HOPs m\u00e1s queridos!<\/li>\n<li>\u00a1Hay un mont\u00f3n de morfos y artefactos por descubrir, incluidas monedas que se pueden usar para comprar recuerdos de cuentos de hadas!<\/li>\n<li>\u00a1Aprovecha pel\u00edculas especiales, m\u00fasica, arte conceptual, fondos de pantalla y m\u00e1s!<\/li>\n<li>\u00a1Usa la gu\u00eda de estrategia para no perderte nunca!<\/li>\n<\/ul>\n","protected":false},"excerpt":{"rendered":"<p>Si algo parece demasiado maravilloso para ser verdad. La Edici\u00f3n de Coleccionista de Fairy Godmother Stories: Dark Deal lo contiene. <\/p>\n","protected":false},"author":17,"featured_media":80848,"comment_status":"open","ping_status":"closed","template":"","meta":{"_acf_changed":false,"inline_featured_image":false},"product_brand":[],"product_cat":[166],"product_tag":[288],"class_list":{"0":"post-126485","1":"product","2":"type-product","3":"status-publish","4":"has-post-thumbnail","6":"product_cat-hidden-object-es","7":"product_tag-play-on-pc-es","9":"first","10":"instock","11":"shipping-taxable","12":"purchasable","13":"product-type-simple"},"acf":[],"yoast_head":"<!-- This site is optimized with the Yoast SEO Premium plugin v25.2 (Yoast SEO v25.2) - https:\/\/yoast.com\/wordpress\/plugins\/seo\/ -->\n<title>Cuentos de hadas madrinas: Dark Deal Edici\u00f3n Coleccionista - \u00a1Cuidado con los cuentos de hadas.. Si suena demasiado bueno para ser verdad...<\/title>\n<meta name=\"description\" content=\"Si algo parece demasiado maravilloso para ser verdad. La Edici\u00f3n de Coleccionista de Fairy Godmother Stories: Dark Deal lo contiene.\" \/>\n<meta name=\"robots\" content=\"index, follow, max-snippet:-1, max-image-preview:large, max-video-preview:-1\" \/>\n<link rel=\"canonical\" href=\"https:\/\/www.iplay.com\/es\/games\/fairy-godmother-stories-dark-deal-collectors-edition\/\" \/>\n<meta property=\"og:locale\" content=\"es_ES\" \/>\n<meta property=\"og:type\" content=\"article\" \/>\n<meta property=\"og:title\" content=\"Fairy Godmother Stories: Dark Deal Collector&#039;s Edition\" \/>\n<meta property=\"og:description\" content=\"Si algo parece demasiado maravilloso para ser verdad. La Edici\u00f3n de Coleccionista de Fairy Godmother Stories: Dark Deal lo contiene.\" \/>\n<meta property=\"og:url\" content=\"https:\/\/www.iplay.com\/es\/games\/fairy-godmother-stories-dark-deal-collectors-edition\/\" \/>\n<meta property=\"og:site_name\" content=\"IPlay\" \/>\n<meta property=\"og:image\" content=\"https:\/\/www.iplay.com\/wp-content\/uploads\/2023\/12\/large_square_tile_image-2558.jpg\" \/>\n\t<meta property=\"og:image:width\" content=\"310\" \/>\n\t<meta property=\"og:image:height\" content=\"310\" \/>\n\t<meta property=\"og:image:type\" content=\"image\/jpeg\" \/>\n<meta name=\"twitter:card\" content=\"summary_large_image\" \/>\n<meta name=\"twitter:label1\" content=\"Est. reading time\" \/>\n\t<meta name=\"twitter:data1\" content=\"1 minuto\" \/>\n<script type=\"application\/ld+json\" class=\"yoast-schema-graph\">{\"@context\":\"https:\/\/schema.org\",\"@graph\":[{\"@type\":\"WebPage\",\"@id\":\"https:\/\/www.iplay.com\/es\/games\/fairy-godmother-stories-dark-deal-collectors-edition\/\",\"url\":\"https:\/\/www.iplay.com\/es\/games\/fairy-godmother-stories-dark-deal-collectors-edition\/\",\"name\":\"Cuentos de hadas madrinas: Dark Deal Edici\u00f3n Coleccionista - \u00a1Cuidado con los cuentos de hadas.. Si suena demasiado bueno para ser verdad...\",\"isPartOf\":{\"@id\":\"https:\/\/www.iplay.com\/en\/#website\"},\"primaryImageOfPage\":{\"@id\":\"https:\/\/www.iplay.com\/es\/games\/fairy-godmother-stories-dark-deal-collectors-edition\/#primaryimage\"},\"image\":{\"@id\":\"https:\/\/www.iplay.com\/es\/games\/fairy-godmother-stories-dark-deal-collectors-edition\/#primaryimage\"},\"thumbnailUrl\":\"https:\/\/www.iplay.com\/wp-content\/uploads\/2023\/12\/large_square_tile_image-2558.jpg\",\"datePublished\":\"2021-02-12T00:00:00+00:00\",\"description\":\"Si algo parece demasiado maravilloso para ser verdad. La Edici\u00f3n de Coleccionista de Fairy Godmother Stories: Dark Deal lo contiene.\",\"breadcrumb\":{\"@id\":\"https:\/\/www.iplay.com\/es\/games\/fairy-godmother-stories-dark-deal-collectors-edition\/#breadcrumb\"},\"inLanguage\":\"es\",\"potentialAction\":[{\"@type\":\"ReadAction\",\"target\":[\"https:\/\/www.iplay.com\/es\/games\/fairy-godmother-stories-dark-deal-collectors-edition\/\"]}]},{\"@type\":\"ImageObject\",\"inLanguage\":\"es\",\"@id\":\"https:\/\/www.iplay.com\/es\/games\/fairy-godmother-stories-dark-deal-collectors-edition\/#primaryimage\",\"url\":\"https:\/\/www.iplay.com\/wp-content\/uploads\/2023\/12\/large_square_tile_image-2558.jpg\",\"contentUrl\":\"https:\/\/www.iplay.com\/wp-content\/uploads\/2023\/12\/large_square_tile_image-2558.jpg\",\"width\":310,\"height\":310},{\"@type\":\"BreadcrumbList\",\"@id\":\"https:\/\/www.iplay.com\/es\/games\/fairy-godmother-stories-dark-deal-collectors-edition\/#breadcrumb\",\"itemListElement\":[{\"@type\":\"ListItem\",\"position\":1,\"name\":\"Home\",\"item\":\"https:\/\/www.iplay.com\/es\/home-page-2\/\"},{\"@type\":\"ListItem\",\"position\":2,\"name\":\"Shop\",\"item\":\"https:\/\/www.iplay.com\/en\/shop\/\"},{\"@type\":\"ListItem\",\"position\":3,\"name\":\"Fairy Godmother Stories: Dark Deal Collector&#8217;s Edition\"}]},{\"@type\":\"WebSite\",\"@id\":\"https:\/\/www.iplay.com\/en\/#website\",\"url\":\"https:\/\/www.iplay.com\/en\/\",\"name\":\"IPlay\",\"description\":\"The Best Casual Games!\",\"publisher\":{\"@id\":\"https:\/\/www.iplay.com\/en\/#organization\"},\"potentialAction\":[{\"@type\":\"SearchAction\",\"target\":{\"@type\":\"EntryPoint\",\"urlTemplate\":\"https:\/\/www.iplay.com\/en\/?s={search_term_string}\"},\"query-input\":{\"@type\":\"PropertyValueSpecification\",\"valueRequired\":true,\"valueName\":\"search_term_string\"}}],\"inLanguage\":\"es\"},{\"@type\":\"Organization\",\"@id\":\"https:\/\/www.iplay.com\/en\/#organization\",\"name\":\"IPlay\",\"url\":\"https:\/\/www.iplay.com\/en\/\",\"logo\":{\"@type\":\"ImageObject\",\"inLanguage\":\"es\",\"@id\":\"https:\/\/www.iplay.com\/en\/#\/schema\/logo\/image\/\",\"url\":\"https:\/\/www.iplay.com\/wp-content\/uploads\/2023\/11\/Group-6100.svg\",\"contentUrl\":\"https:\/\/www.iplay.com\/wp-content\/uploads\/2023\/11\/Group-6100.svg\",\"width\":98,\"height\":25,\"caption\":\"IPlay\"},\"image\":{\"@id\":\"https:\/\/www.iplay.com\/en\/#\/schema\/logo\/image\/\"}}]}<\/script>\n<!-- \/ Yoast SEO Premium plugin. -->","yoast_head_json":{"title":"Cuentos de hadas madrinas: Dark Deal Edici\u00f3n Coleccionista - \u00a1Cuidado con los cuentos de hadas.. Si suena demasiado bueno para ser verdad...","description":"Si algo parece demasiado maravilloso para ser verdad. La Edici\u00f3n de Coleccionista de Fairy Godmother Stories: Dark Deal lo contiene.","robots":{"index":"index","follow":"follow","max-snippet":"max-snippet:-1","max-image-preview":"max-image-preview:large","max-video-preview":"max-video-preview:-1"},"canonical":"https:\/\/www.iplay.com\/es\/games\/fairy-godmother-stories-dark-deal-collectors-edition\/","og_locale":"es_ES","og_type":"article","og_title":"Fairy Godmother Stories: Dark Deal Collector's Edition","og_description":"Si algo parece demasiado maravilloso para ser verdad. La Edici\u00f3n de Coleccionista de Fairy Godmother Stories: Dark Deal lo contiene.","og_url":"https:\/\/www.iplay.com\/es\/games\/fairy-godmother-stories-dark-deal-collectors-edition\/","og_site_name":"IPlay","og_image":[{"width":310,"height":310,"url":"https:\/\/www.iplay.com\/wp-content\/uploads\/2023\/12\/large_square_tile_image-2558.jpg","type":"image\/jpeg"}],"twitter_card":"summary_large_image","twitter_misc":{"Est. reading time":"1 minuto"},"schema":{"@context":"https:\/\/schema.org","@graph":[{"@type":"WebPage","@id":"https:\/\/www.iplay.com\/es\/games\/fairy-godmother-stories-dark-deal-collectors-edition\/","url":"https:\/\/www.iplay.com\/es\/games\/fairy-godmother-stories-dark-deal-collectors-edition\/","name":"Cuentos de hadas madrinas: Dark Deal Edici\u00f3n Coleccionista - \u00a1Cuidado con los cuentos de hadas.. Si suena demasiado bueno para ser verdad...","isPartOf":{"@id":"https:\/\/www.iplay.com\/en\/#website"},"primaryImageOfPage":{"@id":"https:\/\/www.iplay.com\/es\/games\/fairy-godmother-stories-dark-deal-collectors-edition\/#primaryimage"},"image":{"@id":"https:\/\/www.iplay.com\/es\/games\/fairy-godmother-stories-dark-deal-collectors-edition\/#primaryimage"},"thumbnailUrl":"https:\/\/www.iplay.com\/wp-content\/uploads\/2023\/12\/large_square_tile_image-2558.jpg","datePublished":"2021-02-12T00:00:00+00:00","description":"Si algo parece demasiado maravilloso para ser verdad. La Edici\u00f3n de Coleccionista de Fairy Godmother Stories: Dark Deal lo contiene.","breadcrumb":{"@id":"https:\/\/www.iplay.com\/es\/games\/fairy-godmother-stories-dark-deal-collectors-edition\/#breadcrumb"},"inLanguage":"es","potentialAction":[{"@type":"ReadAction","target":["https:\/\/www.iplay.com\/es\/games\/fairy-godmother-stories-dark-deal-collectors-edition\/"]}]},{"@type":"ImageObject","inLanguage":"es","@id":"https:\/\/www.iplay.com\/es\/games\/fairy-godmother-stories-dark-deal-collectors-edition\/#primaryimage","url":"https:\/\/www.iplay.com\/wp-content\/uploads\/2023\/12\/large_square_tile_image-2558.jpg","contentUrl":"https:\/\/www.iplay.com\/wp-content\/uploads\/2023\/12\/large_square_tile_image-2558.jpg","width":310,"height":310},{"@type":"BreadcrumbList","@id":"https:\/\/www.iplay.com\/es\/games\/fairy-godmother-stories-dark-deal-collectors-edition\/#breadcrumb","itemListElement":[{"@type":"ListItem","position":1,"name":"Home","item":"https:\/\/www.iplay.com\/es\/home-page-2\/"},{"@type":"ListItem","position":2,"name":"Shop","item":"https:\/\/www.iplay.com\/en\/shop\/"},{"@type":"ListItem","position":3,"name":"Fairy Godmother Stories: Dark Deal Collector&#8217;s Edition"}]},{"@type":"WebSite","@id":"https:\/\/www.iplay.com\/en\/#website","url":"https:\/\/www.iplay.com\/en\/","name":"IPlay","description":"The Best Casual Games!","publisher":{"@id":"https:\/\/www.iplay.com\/en\/#organization"},"potentialAction":[{"@type":"SearchAction","target":{"@type":"EntryPoint","urlTemplate":"https:\/\/www.iplay.com\/en\/?s={search_term_string}"},"query-input":{"@type":"PropertyValueSpecification","valueRequired":true,"valueName":"search_term_string"}}],"inLanguage":"es"},{"@type":"Organization","@id":"https:\/\/www.iplay.com\/en\/#organization","name":"IPlay","url":"https:\/\/www.iplay.com\/en\/","logo":{"@type":"ImageObject","inLanguage":"es","@id":"https:\/\/www.iplay.com\/en\/#\/schema\/logo\/image\/","url":"https:\/\/www.iplay.com\/wp-content\/uploads\/2023\/11\/Group-6100.svg","contentUrl":"https:\/\/www.iplay.com\/wp-content\/uploads\/2023\/11\/Group-6100.svg","width":98,"height":25,"caption":"IPlay"},"image":{"@id":"https:\/\/www.iplay.com\/en\/#\/schema\/logo\/image\/"}}]}},"_links":{"self":[{"href":"https:\/\/www.iplay.com\/es\/wp-json\/wp\/v2\/product\/126485","targetHints":{"allow":["GET"]}}],"collection":[{"href":"https:\/\/www.iplay.com\/es\/wp-json\/wp\/v2\/product"}],"about":[{"href":"https:\/\/www.iplay.com\/es\/wp-json\/wp\/v2\/types\/product"}],"author":[{"embeddable":true,"href":"https:\/\/www.iplay.com\/es\/wp-json\/wp\/v2\/users\/17"}],"replies":[{"embeddable":true,"href":"https:\/\/www.iplay.com\/es\/wp-json\/wp\/v2\/comments?post=126485"}],"wp:featuredmedia":[{"embeddable":true,"href":"https:\/\/www.iplay.com\/es\/wp-json\/wp\/v2\/media\/80848"}],"wp:attachment":[{"href":"https:\/\/www.iplay.com\/es\/wp-json\/wp\/v2\/media?parent=126485"}],"wp:term":[{"taxonomy":"product_brand","embeddable":true,"href":"https:\/\/www.iplay.com\/es\/wp-json\/wp\/v2\/product_brand?post=126485"},{"taxonomy":"product_cat","embeddable":true,"href":"https:\/\/www.iplay.com\/es\/wp-json\/wp\/v2\/product_cat?post=126485"},{"taxonomy":"product_tag","embeddable":true,"href":"https:\/\/www.iplay.com\/es\/wp-json\/wp\/v2\/product_tag?post=126485"}],"curies":[{"name":"wp","href":"https:\/\/api.w.org\/{rel}","templated":true}]}}