{"id":126426,"date":"2024-01-26T00:00:25","date_gmt":"2024-01-26T00:00:25","guid":{"rendered":"https:\/\/www.iplay.com\/games\/12-labours-of-hercules-16-olympic-bugs-collectors-edition\/"},"modified":"2024-01-26T00:00:25","modified_gmt":"2024-01-26T00:00:25","slug":"12-labours-of-hercules-16-olympic-bugs-collectors-edition","status":"publish","type":"product","link":"https:\/\/www.iplay.com\/es\/games\/12-labours-of-hercules-16-olympic-bugs-collectors-edition\/","title":{"rendered":"12 Labours of Hercules 16: Olympic Bugs Collector&#8217;s Edition"},"content":{"rendered":"<p>Las m\u00e1quinas inteligentes fueron creadas por los dioses ol\u00edmpicos para ayudar a los humanos con sus tareas, con la intenci\u00f3n de facilitar la vida humana. Inicialmente, todo transcurri\u00f3 seg\u00fan lo planeado: los asistentes mec\u00e1nicos adquirieron r\u00e1pidamente nuevas habilidades y trabajaron incansablemente para hacer avanzar a la humanidad. Sin embargo, un fat\u00eddico d\u00eda, estall\u00f3 la anarqu\u00eda. \u00a1Las explosiones resonaron desde la fragua de Hefesto, incitando a las m\u00e1quinas a rebelarse! H\u00e9rcules es la \u00fanica esperanza de la humanidad mientras se embarca en una misi\u00f3n para descubrir la raz\u00f3n, apaciguar a las m\u00e1quinas rebeldes y eliminar la amenaza que se avecina. Su viaje conduce a trav\u00e9s de paisajes peligrosos, desde monta\u00f1as imponentes hasta lugares traicioneros repletos de mecanismos hostiles, todos culminando en el cerebro de la inteligencia artificial. \u00bfSer\u00e1 suficiente el poder\u00edo del h\u00e9roe para derrotar a este astuto genio? Sin embargo, H\u00e9rcules se mantiene firme en oponerse a los robots que defienden a la humanidad. Emb\u00e1rcate en un viaje cautivador con el protagonista, explora las complejidades de la mente de la IA, frustra a los insectos y enfr\u00e9ntate a varios obst\u00e1culos imprevistos. \u00a1Emb\u00e1rcate en esta emocionante aventura ahora!         <\/p>\n<p>&nbsp;<\/p>\n<p><strong>Funciones<\/strong><\/p>\n<p>&nbsp;<\/p>\n<p>&#8211; \u00a1Liderado por H\u00e9rcules, se descubre una nueva configuraci\u00f3n de velocidad de juego!<\/p>\n<p>&#8211; \u00a1Se investigan los subniveles, las etapas de bonificaci\u00f3n, las etapas de s\u00faper bonificaci\u00f3n adicionales y los niveles de s\u00faper bonificaci\u00f3n!<\/p>\n<p>&#8211; \u00a1Exploraci\u00f3n mec\u00e1nica con impresionantes gr\u00e1ficos de alta definici\u00f3n!<\/p>\n<p>&#8211; \u00a1Los misterios de la IA se exploran con H\u00e9rcules en una emocionante aventura!<\/p>\n<p>&#8211; Se gestionan las tareas, se encuentran los errores y se rescata a la humanidad.<\/p>\n<p>&nbsp;<\/p>\n<p><strong>Caracter\u00edsticas de la Edici\u00f3n de Coleccionista<\/strong><\/p>\n<p>&nbsp;<\/p>\n<p>&#8211; Gu\u00eda interactiva<\/p>\n<p>-Wallpapers<\/p>\n<p>&#8211; Niveles de bonificaci\u00f3n adicionales<\/p>\n<p>&#8211; Fascinante viaje al El\u00edseo<\/p>\n","protected":false},"excerpt":{"rendered":"<p>Asiste a H\u00e9rcules en su lucha contra las m\u00e1quinas en 12 Trabajos de H\u00e9rcules 16: Olympic Bugs CE<\/p>\n","protected":false},"author":14,"featured_media":124491,"comment_status":"open","ping_status":"closed","template":"","meta":{"_acf_changed":false,"inline_featured_image":false},"product_brand":[],"product_cat":[212],"product_tag":[230,288],"class_list":{"0":"post-126426","1":"product","2":"type-product","3":"status-publish","4":"has-post-thumbnail","6":"product_cat-time-management-es","7":"product_tag-12-labours-of-hercules-series-es","8":"product_tag-play-on-pc-es","10":"first","11":"instock","12":"shipping-taxable","13":"purchasable","14":"product-type-simple"},"acf":[],"yoast_head":"<!-- This site is optimized with the Yoast SEO Premium plugin v25.2 (Yoast SEO v25.2) - https:\/\/yoast.com\/wordpress\/plugins\/seo\/ -->\n<title>12 Labours of Hercules 16: Olympic Bugs Collector&#039;s Edition - Ayuda a H\u00e9rcules contra las m\u00e1quinas<\/title>\n<meta name=\"description\" content=\"Asiste a H\u00e9rcules en su lucha contra las m\u00e1quinas en 12 Trabajos de H\u00e9rcules 16: Olympic Bugs CE\" \/>\n<meta name=\"robots\" content=\"index, follow, max-snippet:-1, max-image-preview:large, max-video-preview:-1\" \/>\n<link rel=\"canonical\" href=\"https:\/\/www.iplay.com\/es\/games\/12-labours-of-hercules-16-olympic-bugs-collectors-edition\/\" \/>\n<meta property=\"og:locale\" content=\"es_ES\" \/>\n<meta property=\"og:type\" content=\"article\" \/>\n<meta property=\"og:title\" content=\"12 Labours of Hercules 16: Olympic Bugs Collector&#039;s Edition\" \/>\n<meta property=\"og:description\" content=\"Asiste a H\u00e9rcules en su lucha contra las m\u00e1quinas en 12 Trabajos de H\u00e9rcules 16: Olympic Bugs CE\" \/>\n<meta property=\"og:url\" content=\"https:\/\/www.iplay.com\/es\/games\/12-labours-of-hercules-16-olympic-bugs-collectors-edition\/\" \/>\n<meta property=\"og:site_name\" content=\"IPlay\" \/>\n<meta property=\"og:image\" content=\"https:\/\/www.iplay.com\/wp-content\/uploads\/2024\/01\/400x400-12_labours_of_hercules_16_-_olympic_bugs_ce_large_square_tile_image.webp\" \/>\n\t<meta property=\"og:image:width\" content=\"400\" \/>\n\t<meta property=\"og:image:height\" content=\"400\" \/>\n\t<meta property=\"og:image:type\" content=\"image\/webp\" \/>\n<meta name=\"twitter:card\" content=\"summary_large_image\" \/>\n<meta name=\"twitter:label1\" content=\"Est. reading time\" \/>\n\t<meta name=\"twitter:data1\" content=\"2 minutos\" \/>\n<script type=\"application\/ld+json\" class=\"yoast-schema-graph\">{\"@context\":\"https:\/\/schema.org\",\"@graph\":[{\"@type\":\"WebPage\",\"@id\":\"https:\/\/www.iplay.com\/es\/games\/12-labours-of-hercules-16-olympic-bugs-collectors-edition\/\",\"url\":\"https:\/\/www.iplay.com\/es\/games\/12-labours-of-hercules-16-olympic-bugs-collectors-edition\/\",\"name\":\"12 Labours of Hercules 16: Olympic Bugs Collector's Edition - Ayuda a H\u00e9rcules contra las m\u00e1quinas\",\"isPartOf\":{\"@id\":\"https:\/\/www.iplay.com\/en\/#website\"},\"primaryImageOfPage\":{\"@id\":\"https:\/\/www.iplay.com\/es\/games\/12-labours-of-hercules-16-olympic-bugs-collectors-edition\/#primaryimage\"},\"image\":{\"@id\":\"https:\/\/www.iplay.com\/es\/games\/12-labours-of-hercules-16-olympic-bugs-collectors-edition\/#primaryimage\"},\"thumbnailUrl\":\"https:\/\/www.iplay.com\/wp-content\/uploads\/2024\/01\/400x400-12_labours_of_hercules_16_-_olympic_bugs_ce_large_square_tile_image.webp\",\"datePublished\":\"2024-01-26T00:00:25+00:00\",\"description\":\"Asiste a H\u00e9rcules en su lucha contra las m\u00e1quinas en 12 Trabajos de H\u00e9rcules 16: Olympic Bugs CE\",\"breadcrumb\":{\"@id\":\"https:\/\/www.iplay.com\/es\/games\/12-labours-of-hercules-16-olympic-bugs-collectors-edition\/#breadcrumb\"},\"inLanguage\":\"es\",\"potentialAction\":[{\"@type\":\"ReadAction\",\"target\":[\"https:\/\/www.iplay.com\/es\/games\/12-labours-of-hercules-16-olympic-bugs-collectors-edition\/\"]}]},{\"@type\":\"ImageObject\",\"inLanguage\":\"es\",\"@id\":\"https:\/\/www.iplay.com\/es\/games\/12-labours-of-hercules-16-olympic-bugs-collectors-edition\/#primaryimage\",\"url\":\"https:\/\/www.iplay.com\/wp-content\/uploads\/2024\/01\/400x400-12_labours_of_hercules_16_-_olympic_bugs_ce_large_square_tile_image.webp\",\"contentUrl\":\"https:\/\/www.iplay.com\/wp-content\/uploads\/2024\/01\/400x400-12_labours_of_hercules_16_-_olympic_bugs_ce_large_square_tile_image.webp\",\"width\":400,\"height\":400},{\"@type\":\"BreadcrumbList\",\"@id\":\"https:\/\/www.iplay.com\/es\/games\/12-labours-of-hercules-16-olympic-bugs-collectors-edition\/#breadcrumb\",\"itemListElement\":[{\"@type\":\"ListItem\",\"position\":1,\"name\":\"Home\",\"item\":\"https:\/\/www.iplay.com\/es\/home-page-2\/\"},{\"@type\":\"ListItem\",\"position\":2,\"name\":\"Shop\",\"item\":\"https:\/\/www.iplay.com\/en\/shop\/\"},{\"@type\":\"ListItem\",\"position\":3,\"name\":\"12 Labours of Hercules 16: Olympic Bugs Collector&#8217;s Edition\"}]},{\"@type\":\"WebSite\",\"@id\":\"https:\/\/www.iplay.com\/en\/#website\",\"url\":\"https:\/\/www.iplay.com\/en\/\",\"name\":\"IPlay\",\"description\":\"The Best Casual Games!\",\"publisher\":{\"@id\":\"https:\/\/www.iplay.com\/en\/#organization\"},\"potentialAction\":[{\"@type\":\"SearchAction\",\"target\":{\"@type\":\"EntryPoint\",\"urlTemplate\":\"https:\/\/www.iplay.com\/en\/?s={search_term_string}\"},\"query-input\":{\"@type\":\"PropertyValueSpecification\",\"valueRequired\":true,\"valueName\":\"search_term_string\"}}],\"inLanguage\":\"es\"},{\"@type\":\"Organization\",\"@id\":\"https:\/\/www.iplay.com\/en\/#organization\",\"name\":\"IPlay\",\"url\":\"https:\/\/www.iplay.com\/en\/\",\"logo\":{\"@type\":\"ImageObject\",\"inLanguage\":\"es\",\"@id\":\"https:\/\/www.iplay.com\/en\/#\/schema\/logo\/image\/\",\"url\":\"https:\/\/www.iplay.com\/wp-content\/uploads\/2023\/11\/Group-6100.svg\",\"contentUrl\":\"https:\/\/www.iplay.com\/wp-content\/uploads\/2023\/11\/Group-6100.svg\",\"width\":98,\"height\":25,\"caption\":\"IPlay\"},\"image\":{\"@id\":\"https:\/\/www.iplay.com\/en\/#\/schema\/logo\/image\/\"}}]}<\/script>\n<!-- \/ Yoast SEO Premium plugin. -->","yoast_head_json":{"title":"12 Labours of Hercules 16: Olympic Bugs Collector's Edition - Ayuda a H\u00e9rcules contra las m\u00e1quinas","description":"Asiste a H\u00e9rcules en su lucha contra las m\u00e1quinas en 12 Trabajos de H\u00e9rcules 16: Olympic Bugs CE","robots":{"index":"index","follow":"follow","max-snippet":"max-snippet:-1","max-image-preview":"max-image-preview:large","max-video-preview":"max-video-preview:-1"},"canonical":"https:\/\/www.iplay.com\/es\/games\/12-labours-of-hercules-16-olympic-bugs-collectors-edition\/","og_locale":"es_ES","og_type":"article","og_title":"12 Labours of Hercules 16: Olympic Bugs Collector's Edition","og_description":"Asiste a H\u00e9rcules en su lucha contra las m\u00e1quinas en 12 Trabajos de H\u00e9rcules 16: Olympic Bugs CE","og_url":"https:\/\/www.iplay.com\/es\/games\/12-labours-of-hercules-16-olympic-bugs-collectors-edition\/","og_site_name":"IPlay","og_image":[{"width":400,"height":400,"url":"https:\/\/www.iplay.com\/wp-content\/uploads\/2024\/01\/400x400-12_labours_of_hercules_16_-_olympic_bugs_ce_large_square_tile_image.webp","type":"image\/webp"}],"twitter_card":"summary_large_image","twitter_misc":{"Est. reading time":"2 minutos"},"schema":{"@context":"https:\/\/schema.org","@graph":[{"@type":"WebPage","@id":"https:\/\/www.iplay.com\/es\/games\/12-labours-of-hercules-16-olympic-bugs-collectors-edition\/","url":"https:\/\/www.iplay.com\/es\/games\/12-labours-of-hercules-16-olympic-bugs-collectors-edition\/","name":"12 Labours of Hercules 16: Olympic Bugs Collector's Edition - Ayuda a H\u00e9rcules contra las m\u00e1quinas","isPartOf":{"@id":"https:\/\/www.iplay.com\/en\/#website"},"primaryImageOfPage":{"@id":"https:\/\/www.iplay.com\/es\/games\/12-labours-of-hercules-16-olympic-bugs-collectors-edition\/#primaryimage"},"image":{"@id":"https:\/\/www.iplay.com\/es\/games\/12-labours-of-hercules-16-olympic-bugs-collectors-edition\/#primaryimage"},"thumbnailUrl":"https:\/\/www.iplay.com\/wp-content\/uploads\/2024\/01\/400x400-12_labours_of_hercules_16_-_olympic_bugs_ce_large_square_tile_image.webp","datePublished":"2024-01-26T00:00:25+00:00","description":"Asiste a H\u00e9rcules en su lucha contra las m\u00e1quinas en 12 Trabajos de H\u00e9rcules 16: Olympic Bugs CE","breadcrumb":{"@id":"https:\/\/www.iplay.com\/es\/games\/12-labours-of-hercules-16-olympic-bugs-collectors-edition\/#breadcrumb"},"inLanguage":"es","potentialAction":[{"@type":"ReadAction","target":["https:\/\/www.iplay.com\/es\/games\/12-labours-of-hercules-16-olympic-bugs-collectors-edition\/"]}]},{"@type":"ImageObject","inLanguage":"es","@id":"https:\/\/www.iplay.com\/es\/games\/12-labours-of-hercules-16-olympic-bugs-collectors-edition\/#primaryimage","url":"https:\/\/www.iplay.com\/wp-content\/uploads\/2024\/01\/400x400-12_labours_of_hercules_16_-_olympic_bugs_ce_large_square_tile_image.webp","contentUrl":"https:\/\/www.iplay.com\/wp-content\/uploads\/2024\/01\/400x400-12_labours_of_hercules_16_-_olympic_bugs_ce_large_square_tile_image.webp","width":400,"height":400},{"@type":"BreadcrumbList","@id":"https:\/\/www.iplay.com\/es\/games\/12-labours-of-hercules-16-olympic-bugs-collectors-edition\/#breadcrumb","itemListElement":[{"@type":"ListItem","position":1,"name":"Home","item":"https:\/\/www.iplay.com\/es\/home-page-2\/"},{"@type":"ListItem","position":2,"name":"Shop","item":"https:\/\/www.iplay.com\/en\/shop\/"},{"@type":"ListItem","position":3,"name":"12 Labours of Hercules 16: Olympic Bugs Collector&#8217;s Edition"}]},{"@type":"WebSite","@id":"https:\/\/www.iplay.com\/en\/#website","url":"https:\/\/www.iplay.com\/en\/","name":"IPlay","description":"The Best Casual Games!","publisher":{"@id":"https:\/\/www.iplay.com\/en\/#organization"},"potentialAction":[{"@type":"SearchAction","target":{"@type":"EntryPoint","urlTemplate":"https:\/\/www.iplay.com\/en\/?s={search_term_string}"},"query-input":{"@type":"PropertyValueSpecification","valueRequired":true,"valueName":"search_term_string"}}],"inLanguage":"es"},{"@type":"Organization","@id":"https:\/\/www.iplay.com\/en\/#organization","name":"IPlay","url":"https:\/\/www.iplay.com\/en\/","logo":{"@type":"ImageObject","inLanguage":"es","@id":"https:\/\/www.iplay.com\/en\/#\/schema\/logo\/image\/","url":"https:\/\/www.iplay.com\/wp-content\/uploads\/2023\/11\/Group-6100.svg","contentUrl":"https:\/\/www.iplay.com\/wp-content\/uploads\/2023\/11\/Group-6100.svg","width":98,"height":25,"caption":"IPlay"},"image":{"@id":"https:\/\/www.iplay.com\/en\/#\/schema\/logo\/image\/"}}]}},"_links":{"self":[{"href":"https:\/\/www.iplay.com\/es\/wp-json\/wp\/v2\/product\/126426","targetHints":{"allow":["GET"]}}],"collection":[{"href":"https:\/\/www.iplay.com\/es\/wp-json\/wp\/v2\/product"}],"about":[{"href":"https:\/\/www.iplay.com\/es\/wp-json\/wp\/v2\/types\/product"}],"author":[{"embeddable":true,"href":"https:\/\/www.iplay.com\/es\/wp-json\/wp\/v2\/users\/14"}],"replies":[{"embeddable":true,"href":"https:\/\/www.iplay.com\/es\/wp-json\/wp\/v2\/comments?post=126426"}],"wp:featuredmedia":[{"embeddable":true,"href":"https:\/\/www.iplay.com\/es\/wp-json\/wp\/v2\/media\/124491"}],"wp:attachment":[{"href":"https:\/\/www.iplay.com\/es\/wp-json\/wp\/v2\/media?parent=126426"}],"wp:term":[{"taxonomy":"product_brand","embeddable":true,"href":"https:\/\/www.iplay.com\/es\/wp-json\/wp\/v2\/product_brand?post=126426"},{"taxonomy":"product_cat","embeddable":true,"href":"https:\/\/www.iplay.com\/es\/wp-json\/wp\/v2\/product_cat?post=126426"},{"taxonomy":"product_tag","embeddable":true,"href":"https:\/\/www.iplay.com\/es\/wp-json\/wp\/v2\/product_tag?post=126426"}],"curies":[{"name":"wp","href":"https:\/\/api.w.org\/{rel}","templated":true}]}}